{"id":3964,"date":"2025-08-27T10:44:46","date_gmt":"2025-08-27T10:44:46","guid":{"rendered":"https:\/\/slot71.silverline.dev\/?post_type=product&#038;p=3964"},"modified":"2025-10-29T06:14:17","modified_gmt":"2025-10-29T06:14:17","slug":"4oz-round-amber-glass-candle-jars-with-aluminum-lids","status":"publish","type":"product","link":"https:\/\/reihey.com\/fr\/product\/4oz-round-amber-glass-candle-jars-with-aluminum-lids\/","title":{"rendered":"Bocaux en verre ambr\u00e9 rond de 4 oz avec bouchons en aluminium"},"content":{"rendered":"","protected":false},"excerpt":{"rendered":"<table class=\"desk-tab\">\n<tbody>\n<tr>\n<th>Mat\u00e9riel<\/th>\n<th>Capacit\u00e9<\/th>\n<th>Couleur<\/th>\n<th>Taille<\/th>\n<th>Couvercle<\/th>\n<th>Utilisation<\/th>\n<\/tr>\n<tr>\n<td>Verre<\/td>\n<td>1.6oz<\/td>\n<td>Ambre<\/td>\n<td>6,5*6,5 cm<\/td>\n<td>Aluminium<\/td>\n<td>D\u00e9coration int\u00e9rieure<\/td>\n<\/tr>\n<tr>\n<td><\/td>\n<td>2oz<\/td>\n<td><\/td>\n<td>9*7,2 cm<\/td>\n<td><\/td>\n<td><\/td>\n<\/tr>\n<tr>\n<td><\/td>\n<td>4oz<\/td>\n<td><\/td>\n<td><\/td>\n<td><\/td>\n<td><\/td>\n<\/tr>\n<tr>\n<td><\/td>\n<td>6oz<\/td>\n<td><\/td>\n<td><\/td>\n<td><\/td>\n<td><\/td>\n<\/tr>\n<tr>\n<td><\/td>\n<td>8 oz<\/td>\n<td><\/td>\n<td><\/td>\n<td><\/td>\n<td><\/td>\n<\/tr>\n<\/tbody>\n<\/table>\n<table class=\"mob-tab\">\n<tbody>\n<tr>\n<th>Mat\u00e9riel<\/th>\n<td>Verre<\/td>\n<\/tr>\n<tr>\n<th>Capacit\u00e9<\/th>\n<td>1.6oz<br \/>\n2oz<br \/>\n4oz<br \/>\n6oz<br \/>\n8 oz<\/td>\n<\/tr>\n<tr>\n<th>Couleur<\/th>\n<td>Ambre<\/td>\n<\/tr>\n<tr>\n<th>Taille<\/th>\n<td>6,5*6,5 cm<br \/>\n9*7,2 cm<\/td>\n<\/tr>\n<tr>\n<th>Couvercle<\/th>\n<td>Aluminium<\/td>\n<\/tr>\n<tr>\n<th>Utilisation<\/th>\n<td>D\u00e9coration int\u00e9rieure<\/td>\n<\/tr>\n<\/tbody>\n<\/table>\n<p>Style simple, moderne et \u00e0 la mode. Utiliser du verre, pas de m\u00e9tal lourd, \u00e9clairage doux, abat-jour en verre.<\/p>","protected":false},"featured_media":991417,"comment_status":"closed","ping_status":"closed","template":"","meta":{"_acf_changed":false},"product_brand":[],"product_cat":[628,591],"product_tag":[],"class_list":{"0":"post-3964","1":"product","2":"type-product","3":"status-publish","4":"has-post-thumbnail","6":"product_cat-wholesale-glass-candle-jar","7":"product_cat-glass-jar-manfacturer","9":"first","10":"instock","11":"shipping-taxable","12":"product-type-simple"},"acf":[],"yoast_head":"<!-- This site is optimized with the Yoast SEO plugin v26.7 - https:\/\/yoast.com\/wordpress\/plugins\/seo\/ -->\n<title>4oz Round Amber Glass Candle Jars with Aluminum Lids - Reihey Glass<\/title>\n<meta name=\"robots\" content=\"index, follow, max-snippet:-1, max-image-preview:large, max-video-preview:-1\" \/>\n<link rel=\"canonical\" href=\"https:\/\/reihey.com\/fr\/product\/4oz-round-amber-glass-candle-jars-with-aluminum-lids\/\" \/>\n<meta property=\"og:locale\" content=\"fr_FR\" \/>\n<meta property=\"og:type\" content=\"article\" \/>\n<meta property=\"og:title\" content=\"4oz Round Amber Glass Candle Jars with Aluminum Lids - Reihey Glass\" \/>\n<meta property=\"og:description\" content=\"Material Capacity Color Size Lid Usage   Glass 1.6oz Amber 6.5*6.5cm Aluminum Home Decoration    2oz  9*7.2cm      4oz        6oz        8oz           Material Glass   Capacity 1.6oz 2oz 4oz 6oz 8oz   Color Amber   Size 6.5*6.5cm 9*7.2cm   Lid Aluminum   Usage Home Decoration    Simple, modern and fashionable style. Use glass material, no heavy metal, soft lighting, glass lampshade.\" \/>\n<meta property=\"og:url\" content=\"https:\/\/reihey.com\/fr\/product\/4oz-round-amber-glass-candle-jars-with-aluminum-lids\/\" \/>\n<meta property=\"og:site_name\" content=\"Reihey Glass\" \/>\n<meta property=\"article:modified_time\" content=\"2025-10-29T06:14:17+00:00\" \/>\n<meta property=\"og:image\" content=\"https:\/\/reihey.com\/wp-content\/uploads\/2025\/08\/AgAABhGzgjReSYuwyalEiK8YT6VdZiyj_\u526f\u672c.jpg\" \/>\n\t<meta property=\"og:image:width\" content=\"600\" \/>\n\t<meta property=\"og:image:height\" content=\"600\" \/>\n\t<meta property=\"og:image:type\" content=\"image\/jpeg\" \/>\n<meta name=\"twitter:card\" content=\"summary_large_image\" \/>\n<meta name=\"twitter:label1\" content=\"Est. reading time\" \/>\n\t<meta name=\"twitter:data1\" content=\"1 minute\" \/>\n<script type=\"application\/ld+json\" class=\"yoast-schema-graph\">{\"@context\":\"https:\/\/schema.org\",\"@graph\":[{\"@type\":\"WebPage\",\"@id\":\"https:\/\/reihey.com\/product\/4oz-round-amber-glass-candle-jars-with-aluminum-lids\/\",\"url\":\"https:\/\/reihey.com\/product\/4oz-round-amber-glass-candle-jars-with-aluminum-lids\/\",\"name\":\"4oz Round Amber Glass Candle Jars with Aluminum Lids - Reihey Glass\",\"isPartOf\":{\"@id\":\"https:\/\/reihey.com\/#website\"},\"primaryImageOfPage\":{\"@id\":\"https:\/\/reihey.com\/product\/4oz-round-amber-glass-candle-jars-with-aluminum-lids\/#primaryimage\"},\"image\":{\"@id\":\"https:\/\/reihey.com\/product\/4oz-round-amber-glass-candle-jars-with-aluminum-lids\/#primaryimage\"},\"thumbnailUrl\":\"https:\/\/reihey.com\/wp-content\/uploads\/2025\/08\/AgAABhGzgjReSYuwyalEiK8YT6VdZiyj_\u526f\u672c.jpg\",\"datePublished\":\"2025-08-27T10:44:46+00:00\",\"dateModified\":\"2025-10-29T06:14:17+00:00\",\"breadcrumb\":{\"@id\":\"https:\/\/reihey.com\/product\/4oz-round-amber-glass-candle-jars-with-aluminum-lids\/#breadcrumb\"},\"inLanguage\":\"fr-FR\",\"potentialAction\":[{\"@type\":\"ReadAction\",\"target\":[\"https:\/\/reihey.com\/product\/4oz-round-amber-glass-candle-jars-with-aluminum-lids\/\"]}]},{\"@type\":\"ImageObject\",\"inLanguage\":\"fr-FR\",\"@id\":\"https:\/\/reihey.com\/product\/4oz-round-amber-glass-candle-jars-with-aluminum-lids\/#primaryimage\",\"url\":\"https:\/\/reihey.com\/wp-content\/uploads\/2025\/08\/AgAABhGzgjReSYuwyalEiK8YT6VdZiyj_\u526f\u672c.jpg\",\"contentUrl\":\"https:\/\/reihey.com\/wp-content\/uploads\/2025\/08\/AgAABhGzgjReSYuwyalEiK8YT6VdZiyj_\u526f\u672c.jpg\",\"width\":600,\"height\":600},{\"@type\":\"BreadcrumbList\",\"@id\":\"https:\/\/reihey.com\/product\/4oz-round-amber-glass-candle-jars-with-aluminum-lids\/#breadcrumb\",\"itemListElement\":[{\"@type\":\"ListItem\",\"position\":1,\"name\":\"Home\",\"item\":\"https:\/\/reihey.com\/\"},{\"@type\":\"ListItem\",\"position\":2,\"name\":\"Shop\",\"item\":\"https:\/\/reihey.com\/shop\/\"},{\"@type\":\"ListItem\",\"position\":3,\"name\":\"4oz Round Amber Glass Candle Jars with Aluminum Lids\"}]},{\"@type\":\"WebSite\",\"@id\":\"https:\/\/reihey.com\/#website\",\"url\":\"https:\/\/reihey.com\/\",\"name\":\"Reihey Glass\",\"description\":\"\",\"publisher\":{\"@id\":\"https:\/\/reihey.com\/#organization\"},\"potentialAction\":[{\"@type\":\"SearchAction\",\"target\":{\"@type\":\"EntryPoint\",\"urlTemplate\":\"https:\/\/reihey.com\/?s={search_term_string}\"},\"query-input\":{\"@type\":\"PropertyValueSpecification\",\"valueRequired\":true,\"valueName\":\"search_term_string\"}}],\"inLanguage\":\"fr-FR\"},{\"@type\":\"Organization\",\"@id\":\"https:\/\/reihey.com\/#organization\",\"name\":\"Reihey Glass\",\"url\":\"https:\/\/reihey.com\/\",\"logo\":{\"@type\":\"ImageObject\",\"inLanguage\":\"fr-FR\",\"@id\":\"https:\/\/reihey.com\/#\/schema\/logo\/image\/\",\"url\":\"https:\/\/reihey.com\/wp-content\/uploads\/2023\/07\/Reihey-logo-2026.svg\",\"contentUrl\":\"https:\/\/reihey.com\/wp-content\/uploads\/2023\/07\/Reihey-logo-2026.svg\",\"width\":1984,\"height\":566,\"caption\":\"Reihey Glass\"},\"image\":{\"@id\":\"https:\/\/reihey.com\/#\/schema\/logo\/image\/\"}}]}<\/script>\n<!-- \/ Yoast SEO plugin. -->","yoast_head_json":{"title":"Airt 4oz Pots rondes en verre ambr\u00e9 avec bouchons en aluminium - Reihey Glass","robots":{"index":"index","follow":"follow","max-snippet":"max-snippet:-1","max-image-preview":"max-image-preview:large","max-video-preview":"max-video-preview:-1"},"canonical":"https:\/\/reihey.com\/fr\/product\/4oz-round-amber-glass-candle-jars-with-aluminum-lids\/","og_locale":"fr_FR","og_type":"article","og_title":"4oz Round Amber Glass Candle Jars with Aluminum Lids - Reihey Glass","og_description":"Material Capacity Color Size Lid Usage   Glass 1.6oz Amber 6.5*6.5cm Aluminum Home Decoration    2oz  9*7.2cm      4oz        6oz        8oz           Material Glass   Capacity 1.6oz 2oz 4oz 6oz 8oz   Color Amber   Size 6.5*6.5cm 9*7.2cm   Lid Aluminum   Usage Home Decoration    Simple, modern and fashionable style. Use glass material, no heavy metal, soft lighting, glass lampshade.","og_url":"https:\/\/reihey.com\/fr\/product\/4oz-round-amber-glass-candle-jars-with-aluminum-lids\/","og_site_name":"Reihey Glass","article_modified_time":"2025-10-29T06:14:17+00:00","og_image":[{"width":600,"height":600,"url":"https:\/\/reihey.com\/wp-content\/uploads\/2025\/08\/AgAABhGzgjReSYuwyalEiK8YT6VdZiyj_\u526f\u672c.jpg","type":"image\/jpeg"}],"twitter_card":"summary_large_image","twitter_misc":{"Est. reading time":"1 minute"},"schema":{"@context":"https:\/\/schema.org","@graph":[{"@type":"WebPage","@id":"https:\/\/reihey.com\/product\/4oz-round-amber-glass-candle-jars-with-aluminum-lids\/","url":"https:\/\/reihey.com\/product\/4oz-round-amber-glass-candle-jars-with-aluminum-lids\/","name":"Airt 4oz Pots rondes en verre ambr\u00e9 avec bouchons en aluminium - Reihey Glass","isPartOf":{"@id":"https:\/\/reihey.com\/#website"},"primaryImageOfPage":{"@id":"https:\/\/reihey.com\/product\/4oz-round-amber-glass-candle-jars-with-aluminum-lids\/#primaryimage"},"image":{"@id":"https:\/\/reihey.com\/product\/4oz-round-amber-glass-candle-jars-with-aluminum-lids\/#primaryimage"},"thumbnailUrl":"https:\/\/reihey.com\/wp-content\/uploads\/2025\/08\/AgAABhGzgjReSYuwyalEiK8YT6VdZiyj_\u526f\u672c.jpg","datePublished":"2025-08-27T10:44:46+00:00","dateModified":"2025-10-29T06:14:17+00:00","breadcrumb":{"@id":"https:\/\/reihey.com\/product\/4oz-round-amber-glass-candle-jars-with-aluminum-lids\/#breadcrumb"},"inLanguage":"fr-FR","potentialAction":[{"@type":"ReadAction","target":["https:\/\/reihey.com\/product\/4oz-round-amber-glass-candle-jars-with-aluminum-lids\/"]}]},{"@type":"ImageObject","inLanguage":"fr-FR","@id":"https:\/\/reihey.com\/product\/4oz-round-amber-glass-candle-jars-with-aluminum-lids\/#primaryimage","url":"https:\/\/reihey.com\/wp-content\/uploads\/2025\/08\/AgAABhGzgjReSYuwyalEiK8YT6VdZiyj_\u526f\u672c.jpg","contentUrl":"https:\/\/reihey.com\/wp-content\/uploads\/2025\/08\/AgAABhGzgjReSYuwyalEiK8YT6VdZiyj_\u526f\u672c.jpg","width":600,"height":600},{"@type":"BreadcrumbList","@id":"https:\/\/reihey.com\/product\/4oz-round-amber-glass-candle-jars-with-aluminum-lids\/#breadcrumb","itemListElement":[{"@type":"ListItem","position":1,"name":"Home","item":"https:\/\/reihey.com\/"},{"@type":"ListItem","position":2,"name":"Shop","item":"https:\/\/reihey.com\/shop\/"},{"@type":"ListItem","position":3,"name":"4oz Round Amber Glass Candle Jars with Aluminum Lids"}]},{"@type":"WebSite","@id":"https:\/\/reihey.com\/#website","url":"https:\/\/reihey.com\/","name":"Verre Reiheney","description":"","publisher":{"@id":"https:\/\/reihey.com\/#organization"},"potentialAction":[{"@type":"SearchAction","target":{"@type":"EntryPoint","urlTemplate":"https:\/\/reihey.com\/?s={search_term_string}"},"query-input":{"@type":"PropertyValueSpecification","valueRequired":true,"valueName":"search_term_string"}}],"inLanguage":"fr-FR"},{"@type":"Organization","@id":"https:\/\/reihey.com\/#organization","name":"Verre Reiheney","url":"https:\/\/reihey.com\/","logo":{"@type":"ImageObject","inLanguage":"fr-FR","@id":"https:\/\/reihey.com\/#\/schema\/logo\/image\/","url":"https:\/\/reihey.com\/wp-content\/uploads\/2023\/07\/Reihey-logo-2026.svg","contentUrl":"https:\/\/reihey.com\/wp-content\/uploads\/2023\/07\/Reihey-logo-2026.svg","width":1984,"height":566,"caption":"Reihey Glass"},"image":{"@id":"https:\/\/reihey.com\/#\/schema\/logo\/image\/"}}]}},"_links":{"self":[{"href":"https:\/\/reihey.com\/fr\/wp-json\/wp\/v2\/product\/3964","targetHints":{"allow":["GET"]}}],"collection":[{"href":"https:\/\/reihey.com\/fr\/wp-json\/wp\/v2\/product"}],"about":[{"href":"https:\/\/reihey.com\/fr\/wp-json\/wp\/v2\/types\/product"}],"replies":[{"embeddable":true,"href":"https:\/\/reihey.com\/fr\/wp-json\/wp\/v2\/comments?post=3964"}],"version-history":[{"count":5,"href":"https:\/\/reihey.com\/fr\/wp-json\/wp\/v2\/product\/3964\/revisions"}],"predecessor-version":[{"id":998137,"href":"https:\/\/reihey.com\/fr\/wp-json\/wp\/v2\/product\/3964\/revisions\/998137"}],"wp:featuredmedia":[{"embeddable":true,"href":"https:\/\/reihey.com\/fr\/wp-json\/wp\/v2\/media\/991417"}],"wp:attachment":[{"href":"https:\/\/reihey.com\/fr\/wp-json\/wp\/v2\/media?parent=3964"}],"wp:term":[{"taxonomy":"product_brand","embeddable":true,"href":"https:\/\/reihey.com\/fr\/wp-json\/wp\/v2\/product_brand?post=3964"},{"taxonomy":"product_cat","embeddable":true,"href":"https:\/\/reihey.com\/fr\/wp-json\/wp\/v2\/product_cat?post=3964"},{"taxonomy":"product_tag","embeddable":true,"href":"https:\/\/reihey.com\/fr\/wp-json\/wp\/v2\/product_tag?post=3964"}],"curies":[{"name":"wp","href":"https:\/\/api.w.org\/{rel}","templated":true}]}}