{"id":3887,"date":"2025-08-27T10:44:37","date_gmt":"2025-08-27T10:44:37","guid":{"rendered":"https:\/\/slot71.silverline.dev\/?post_type=product&#038;p=3887"},"modified":"2025-10-29T06:14:17","modified_gmt":"2025-10-29T06:14:17","slug":"1000ml-wide-mouth-reagent-media-storage-lab-glass-bottle-with-screw-lid","status":"publish","type":"product","link":"https:\/\/reihey.com\/fr\/product\/1000ml-wide-mouth-reagent-media-storage-lab-glass-bottle-with-screw-lid\/","title":{"rendered":"Flacon en verre de laboratoire \u00e0 large ouverture de 1000 ml pour r\u00e9actifs\/\u00e9chantillons avec bouchon \u00e0 vis"},"content":{"rendered":"","protected":false},"excerpt":{"rendered":"<p><!-- Desk Table --><\/p>\n<table class=\"desk-tab\">\n<tbody>\n<tr>\n<th>Mat\u00e9riel<\/th>\n<th>Capacit\u00e9<\/th>\n<th>Taille<\/th>\n<th>Couleur de la bouteille<\/th>\n<th>Bouchon<\/th>\n<th>Utilisation<\/th>\n<th>Conditionnement<\/th>\n<\/tr>\n<tr>\n<td>Verre<\/td>\n<td>250 ml<\/td>\n<td>D9,4*H11,2 cm<\/td>\n<td>Clair<\/td>\n<td>Bouchon \u00e0 vis<\/td>\n<td>Pilule<\/td>\n<td>Carton d'exportation standard\u2013Xpcs\/bo\u00eete, Ybox\/carton.<\/td>\n<\/tr>\n<tr>\n<td><\/td>\n<td>500ml<\/td>\n<td>D9,8*H15,3 cm<\/td>\n<td><\/td>\n<td><\/td>\n<td>Autre m\u00e9dicament<\/td>\n<td>Pack personnalis\u00e9 : bo\u00eete blanche avec votre logo, bo\u00eete cadeau couleur avec votre logo<\/td>\n<\/tr>\n<tr>\n<td><\/td>\n<td>1000ml<\/td>\n<td>D9,8*H22 cm<\/td>\n<td><\/td>\n<td><\/td>\n<td><\/td>\n<td><\/td>\n<\/tr>\n<\/tbody>\n<\/table>\n<p><!-- Mobile Table --><\/p>\n<table class=\"mob-tab\">\n<tbody>\n<tr>\n<th>Mat\u00e9riel<\/th>\n<td>Verre<\/td>\n<\/tr>\n<tr>\n<th>Capacit\u00e9<\/th>\n<td>250 ml<br \/>\n500ml<br \/>\n1000ml<\/td>\n<\/tr>\n<tr>\n<th>Taille<\/th>\n<td>D9,4*H11,2 cm<br \/>\nD9,8*H15,3 cm<br \/>\nD9,8*H22 cm<\/td>\n<\/tr>\n<tr>\n<th>Couleur de la bouteille<\/th>\n<td>Clair<\/td>\n<\/tr>\n<tr>\n<th>Bouchon<\/th>\n<td>Bouchon \u00e0 vis<\/td>\n<\/tr>\n<tr>\n<th>Utilisation<\/th>\n<td>Pilule<br \/>\nAutre m\u00e9dicament<\/td>\n<\/tr>\n<tr>\n<th>Conditionnement<\/th>\n<td>Carton d'exportation standard\u2013Xpcs\/bo\u00eete, Ybox\/carton.<br \/>\nPack personnalis\u00e9 : bo\u00eete blanche avec votre logo, bo\u00eete cadeau couleur avec votre logo<\/td>\n<\/tr>\n<\/tbody>\n<\/table>\n<p><strong>\u00c0 propos de cet article<\/strong><br \/>\n1.Mat\u00e9riau: Verre, mat\u00e9riau en verre sans plomb \u00e9paissi, r\u00e9sistance \u00e0 haute temp\u00e9rature et \u00e0 la corrosion, non toxique et inodore, inoffensif. 2.Conception \u00e0 bouchon \u00e0 vis, bonne \u00e9tanch\u00e9it\u00e9, vous n'avez pas besoin de vous inqui\u00e9ter que le contenu d\u00e9borde. 3.Mesur\u00e9 gradu\u00e9 sur le corps des bouteilles pour des mesures faciles et une fourniture pr\u00e9cise, tr\u00e8s facile \u00e0 identifier. 4.Utilis\u00e9 largement comme bouteilles de laboratoire, adapt\u00e9es aux r\u00e9actifs chimiques, laboratoire, industriel, personnel et hobbies.<\/p>","protected":false},"featured_media":991406,"comment_status":"closed","ping_status":"closed","template":"","meta":{"_acf_changed":false},"product_brand":[],"product_cat":[611,618,729],"product_tag":[],"class_list":{"0":"post-3887","1":"product","2":"type-product","3":"status-publish","4":"has-post-thumbnail","6":"product_cat-glass-bottle-manufacturer","7":"product_cat-glass-pill-bottle-manufacturer","8":"product_cat-healthy-medicine","10":"first","11":"instock","12":"shipping-taxable","13":"product-type-simple"},"acf":[],"yoast_head":"<!-- This site is optimized with the Yoast SEO plugin v26.7 - https:\/\/yoast.com\/wordpress\/plugins\/seo\/ -->\n<title>1000ml Wide Mouth Reagent Media Storage Lab Glass Bottle With Screw Lid - Reihey Glass<\/title>\n<meta name=\"robots\" content=\"index, follow, max-snippet:-1, max-image-preview:large, max-video-preview:-1\" \/>\n<link rel=\"canonical\" href=\"https:\/\/reihey.com\/fr\/product\/1000ml-wide-mouth-reagent-media-storage-lab-glass-bottle-with-screw-lid\/\" \/>\n<meta property=\"og:locale\" content=\"fr_FR\" \/>\n<meta property=\"og:type\" content=\"article\" \/>\n<meta property=\"og:title\" content=\"1000ml Wide Mouth Reagent Media Storage Lab Glass Bottle With Screw Lid - Reihey Glass\" \/>\n<meta property=\"og:description\" content=\"Material Capacity Size Bottle color Cap Usage Packing   Glass 250ml D9.4*H11.2cm Clear Screw cap Pill Standard export carton--Xpcs\/box,Ybox\/carton.    500ml D9.8*H15.3cm   Other Medicine Custom pack: white box with your logo, Color gift box with your logo    1000ml D9.8*H22cm            Material Glass   Capacity 250ml 500ml 1000ml   Size D9.4*H11.2cm D9.8*H15.3cm D9.8*H22cm   Bottle color Clear   Cap Screw cap   Usage Pill Other Medicine   Packing Standard export carton--Xpcs\/box,Ybox\/carton. Custom pack: white box with your logo, Color gift box with your logo    About this item 1.Material: Glass, thicken lead-free glass material, high temperature and corrosion resistance, non-toxic and tasteless, harmless. 2.Screw cap design, good sealing performance, you do not need to worry about the contents will be spill out. 3.Graduated on the body bottles for easily measurement and precise supply, very easy to identify. 4.Widely used as lab bottles, applied for chemical reagent, laboratory, industrial, personal and hobbies.\" \/>\n<meta property=\"og:url\" content=\"https:\/\/reihey.com\/fr\/product\/1000ml-wide-mouth-reagent-media-storage-lab-glass-bottle-with-screw-lid\/\" \/>\n<meta property=\"og:site_name\" content=\"Reihey Glass\" \/>\n<meta property=\"article:modified_time\" content=\"2025-10-29T06:14:17+00:00\" \/>\n<meta property=\"og:image\" content=\"https:\/\/reihey.com\/wp-content\/uploads\/2025\/08\/Main-01-21.jpg\" \/>\n\t<meta property=\"og:image:width\" content=\"800\" \/>\n\t<meta property=\"og:image:height\" content=\"800\" \/>\n\t<meta property=\"og:image:type\" content=\"image\/jpeg\" \/>\n<meta name=\"twitter:card\" content=\"summary_large_image\" \/>\n<meta name=\"twitter:label1\" content=\"Est. reading time\" \/>\n\t<meta name=\"twitter:data1\" content=\"1 minute\" \/>\n<script type=\"application\/ld+json\" class=\"yoast-schema-graph\">{\"@context\":\"https:\/\/schema.org\",\"@graph\":[{\"@type\":\"WebPage\",\"@id\":\"https:\/\/reihey.com\/product\/1000ml-wide-mouth-reagent-media-storage-lab-glass-bottle-with-screw-lid\/\",\"url\":\"https:\/\/reihey.com\/product\/1000ml-wide-mouth-reagent-media-storage-lab-glass-bottle-with-screw-lid\/\",\"name\":\"1000ml Wide Mouth Reagent Media Storage Lab Glass Bottle With Screw Lid - Reihey Glass\",\"isPartOf\":{\"@id\":\"https:\/\/reihey.com\/#website\"},\"primaryImageOfPage\":{\"@id\":\"https:\/\/reihey.com\/product\/1000ml-wide-mouth-reagent-media-storage-lab-glass-bottle-with-screw-lid\/#primaryimage\"},\"image\":{\"@id\":\"https:\/\/reihey.com\/product\/1000ml-wide-mouth-reagent-media-storage-lab-glass-bottle-with-screw-lid\/#primaryimage\"},\"thumbnailUrl\":\"https:\/\/reihey.com\/wp-content\/uploads\/2025\/08\/Main-01-21.jpg\",\"datePublished\":\"2025-08-27T10:44:37+00:00\",\"dateModified\":\"2025-10-29T06:14:17+00:00\",\"breadcrumb\":{\"@id\":\"https:\/\/reihey.com\/product\/1000ml-wide-mouth-reagent-media-storage-lab-glass-bottle-with-screw-lid\/#breadcrumb\"},\"inLanguage\":\"fr-FR\",\"potentialAction\":[{\"@type\":\"ReadAction\",\"target\":[\"https:\/\/reihey.com\/product\/1000ml-wide-mouth-reagent-media-storage-lab-glass-bottle-with-screw-lid\/\"]}]},{\"@type\":\"ImageObject\",\"inLanguage\":\"fr-FR\",\"@id\":\"https:\/\/reihey.com\/product\/1000ml-wide-mouth-reagent-media-storage-lab-glass-bottle-with-screw-lid\/#primaryimage\",\"url\":\"https:\/\/reihey.com\/wp-content\/uploads\/2025\/08\/Main-01-21.jpg\",\"contentUrl\":\"https:\/\/reihey.com\/wp-content\/uploads\/2025\/08\/Main-01-21.jpg\",\"width\":800,\"height\":800},{\"@type\":\"BreadcrumbList\",\"@id\":\"https:\/\/reihey.com\/product\/1000ml-wide-mouth-reagent-media-storage-lab-glass-bottle-with-screw-lid\/#breadcrumb\",\"itemListElement\":[{\"@type\":\"ListItem\",\"position\":1,\"name\":\"Home\",\"item\":\"https:\/\/reihey.com\/\"},{\"@type\":\"ListItem\",\"position\":2,\"name\":\"Shop\",\"item\":\"https:\/\/reihey.com\/shop\/\"},{\"@type\":\"ListItem\",\"position\":3,\"name\":\"1000ml Wide Mouth Reagent Media Storage Lab Glass Bottle With Screw Lid\"}]},{\"@type\":\"WebSite\",\"@id\":\"https:\/\/reihey.com\/#website\",\"url\":\"https:\/\/reihey.com\/\",\"name\":\"Reihey Glass\",\"description\":\"\",\"publisher\":{\"@id\":\"https:\/\/reihey.com\/#organization\"},\"potentialAction\":[{\"@type\":\"SearchAction\",\"target\":{\"@type\":\"EntryPoint\",\"urlTemplate\":\"https:\/\/reihey.com\/?s={search_term_string}\"},\"query-input\":{\"@type\":\"PropertyValueSpecification\",\"valueRequired\":true,\"valueName\":\"search_term_string\"}}],\"inLanguage\":\"fr-FR\"},{\"@type\":\"Organization\",\"@id\":\"https:\/\/reihey.com\/#organization\",\"name\":\"Reihey Glass\",\"url\":\"https:\/\/reihey.com\/\",\"logo\":{\"@type\":\"ImageObject\",\"inLanguage\":\"fr-FR\",\"@id\":\"https:\/\/reihey.com\/#\/schema\/logo\/image\/\",\"url\":\"https:\/\/reihey.com\/wp-content\/uploads\/2023\/07\/Reihey-logo-2026.svg\",\"contentUrl\":\"https:\/\/reihey.com\/wp-content\/uploads\/2023\/07\/Reihey-logo-2026.svg\",\"width\":1984,\"height\":566,\"caption\":\"Reihey Glass\"},\"image\":{\"@id\":\"https:\/\/reihey.com\/#\/schema\/logo\/image\/\"}}]}<\/script>\n<!-- \/ Yoast SEO plugin. -->","yoast_head_json":{"title":"Flacon en verre de laboratoire \u00e0 large bouche de 1000 ml pour r\u00e9actifs, avec bouchon \u00e0 vis - Verre Reihey","robots":{"index":"index","follow":"follow","max-snippet":"max-snippet:-1","max-image-preview":"max-image-preview:large","max-video-preview":"max-video-preview:-1"},"canonical":"https:\/\/reihey.com\/fr\/product\/1000ml-wide-mouth-reagent-media-storage-lab-glass-bottle-with-screw-lid\/","og_locale":"fr_FR","og_type":"article","og_title":"1000ml Wide Mouth Reagent Media Storage Lab Glass Bottle With Screw Lid - Reihey Glass","og_description":"Material Capacity Size Bottle color Cap Usage Packing   Glass 250ml D9.4*H11.2cm Clear Screw cap Pill Standard export carton--Xpcs\/box,Ybox\/carton.    500ml D9.8*H15.3cm   Other Medicine Custom pack: white box with your logo, Color gift box with your logo    1000ml D9.8*H22cm            Material Glass   Capacity 250ml 500ml 1000ml   Size D9.4*H11.2cm D9.8*H15.3cm D9.8*H22cm   Bottle color Clear   Cap Screw cap   Usage Pill Other Medicine   Packing Standard export carton--Xpcs\/box,Ybox\/carton. Custom pack: white box with your logo, Color gift box with your logo    About this item 1.Material: Glass, thicken lead-free glass material, high temperature and corrosion resistance, non-toxic and tasteless, harmless. 2.Screw cap design, good sealing performance, you do not need to worry about the contents will be spill out. 3.Graduated on the body bottles for easily measurement and precise supply, very easy to identify. 4.Widely used as lab bottles, applied for chemical reagent, laboratory, industrial, personal and hobbies.","og_url":"https:\/\/reihey.com\/fr\/product\/1000ml-wide-mouth-reagent-media-storage-lab-glass-bottle-with-screw-lid\/","og_site_name":"Reihey Glass","article_modified_time":"2025-10-29T06:14:17+00:00","og_image":[{"width":800,"height":800,"url":"https:\/\/reihey.com\/wp-content\/uploads\/2025\/08\/Main-01-21.jpg","type":"image\/jpeg"}],"twitter_card":"summary_large_image","twitter_misc":{"Est. reading time":"1 minute"},"schema":{"@context":"https:\/\/schema.org","@graph":[{"@type":"WebPage","@id":"https:\/\/reihey.com\/product\/1000ml-wide-mouth-reagent-media-storage-lab-glass-bottle-with-screw-lid\/","url":"https:\/\/reihey.com\/product\/1000ml-wide-mouth-reagent-media-storage-lab-glass-bottle-with-screw-lid\/","name":"Flacon en verre de laboratoire \u00e0 large bouche de 1000 ml pour r\u00e9actifs, avec bouchon \u00e0 vis - Verre Reihey","isPartOf":{"@id":"https:\/\/reihey.com\/#website"},"primaryImageOfPage":{"@id":"https:\/\/reihey.com\/product\/1000ml-wide-mouth-reagent-media-storage-lab-glass-bottle-with-screw-lid\/#primaryimage"},"image":{"@id":"https:\/\/reihey.com\/product\/1000ml-wide-mouth-reagent-media-storage-lab-glass-bottle-with-screw-lid\/#primaryimage"},"thumbnailUrl":"https:\/\/reihey.com\/wp-content\/uploads\/2025\/08\/Main-01-21.jpg","datePublished":"2025-08-27T10:44:37+00:00","dateModified":"2025-10-29T06:14:17+00:00","breadcrumb":{"@id":"https:\/\/reihey.com\/product\/1000ml-wide-mouth-reagent-media-storage-lab-glass-bottle-with-screw-lid\/#breadcrumb"},"inLanguage":"fr-FR","potentialAction":[{"@type":"ReadAction","target":["https:\/\/reihey.com\/product\/1000ml-wide-mouth-reagent-media-storage-lab-glass-bottle-with-screw-lid\/"]}]},{"@type":"ImageObject","inLanguage":"fr-FR","@id":"https:\/\/reihey.com\/product\/1000ml-wide-mouth-reagent-media-storage-lab-glass-bottle-with-screw-lid\/#primaryimage","url":"https:\/\/reihey.com\/wp-content\/uploads\/2025\/08\/Main-01-21.jpg","contentUrl":"https:\/\/reihey.com\/wp-content\/uploads\/2025\/08\/Main-01-21.jpg","width":800,"height":800},{"@type":"BreadcrumbList","@id":"https:\/\/reihey.com\/product\/1000ml-wide-mouth-reagent-media-storage-lab-glass-bottle-with-screw-lid\/#breadcrumb","itemListElement":[{"@type":"ListItem","position":1,"name":"Home","item":"https:\/\/reihey.com\/"},{"@type":"ListItem","position":2,"name":"Shop","item":"https:\/\/reihey.com\/shop\/"},{"@type":"ListItem","position":3,"name":"1000ml Wide Mouth Reagent Media Storage Lab Glass Bottle With Screw Lid"}]},{"@type":"WebSite","@id":"https:\/\/reihey.com\/#website","url":"https:\/\/reihey.com\/","name":"Verre Reiheney","description":"","publisher":{"@id":"https:\/\/reihey.com\/#organization"},"potentialAction":[{"@type":"SearchAction","target":{"@type":"EntryPoint","urlTemplate":"https:\/\/reihey.com\/?s={search_term_string}"},"query-input":{"@type":"PropertyValueSpecification","valueRequired":true,"valueName":"search_term_string"}}],"inLanguage":"fr-FR"},{"@type":"Organization","@id":"https:\/\/reihey.com\/#organization","name":"Verre Reiheney","url":"https:\/\/reihey.com\/","logo":{"@type":"ImageObject","inLanguage":"fr-FR","@id":"https:\/\/reihey.com\/#\/schema\/logo\/image\/","url":"https:\/\/reihey.com\/wp-content\/uploads\/2023\/07\/Reihey-logo-2026.svg","contentUrl":"https:\/\/reihey.com\/wp-content\/uploads\/2023\/07\/Reihey-logo-2026.svg","width":1984,"height":566,"caption":"Reihey Glass"},"image":{"@id":"https:\/\/reihey.com\/#\/schema\/logo\/image\/"}}]}},"_links":{"self":[{"href":"https:\/\/reihey.com\/fr\/wp-json\/wp\/v2\/product\/3887","targetHints":{"allow":["GET"]}}],"collection":[{"href":"https:\/\/reihey.com\/fr\/wp-json\/wp\/v2\/product"}],"about":[{"href":"https:\/\/reihey.com\/fr\/wp-json\/wp\/v2\/types\/product"}],"replies":[{"embeddable":true,"href":"https:\/\/reihey.com\/fr\/wp-json\/wp\/v2\/comments?post=3887"}],"version-history":[{"count":5,"href":"https:\/\/reihey.com\/fr\/wp-json\/wp\/v2\/product\/3887\/revisions"}],"predecessor-version":[{"id":998134,"href":"https:\/\/reihey.com\/fr\/wp-json\/wp\/v2\/product\/3887\/revisions\/998134"}],"wp:featuredmedia":[{"embeddable":true,"href":"https:\/\/reihey.com\/fr\/wp-json\/wp\/v2\/media\/991406"}],"wp:attachment":[{"href":"https:\/\/reihey.com\/fr\/wp-json\/wp\/v2\/media?parent=3887"}],"wp:term":[{"taxonomy":"product_brand","embeddable":true,"href":"https:\/\/reihey.com\/fr\/wp-json\/wp\/v2\/product_brand?post=3887"},{"taxonomy":"product_cat","embeddable":true,"href":"https:\/\/reihey.com\/fr\/wp-json\/wp\/v2\/product_cat?post=3887"},{"taxonomy":"product_tag","embeddable":true,"href":"https:\/\/reihey.com\/fr\/wp-json\/wp\/v2\/product_tag?post=3887"}],"curies":[{"name":"wp","href":"https:\/\/api.w.org\/{rel}","templated":true}]}}