{"id":3827,"date":"2025-08-27T10:44:25","date_gmt":"2025-08-27T10:44:25","guid":{"rendered":"https:\/\/slot71.silverline.dev\/?post_type=product&#038;p=3827"},"modified":"2025-10-29T06:14:17","modified_gmt":"2025-10-29T06:14:17","slug":"20ml-120ml-clear-frosted-glass-lotion-bottles","status":"publish","type":"product","link":"https:\/\/reihey.com\/fr\/product\/20ml-120ml-clear-frosted-glass-lotion-bottles\/","title":{"rendered":"Bouteilles en verre clair et d\u00e9poli pour lotion de 20 ml \u00e0 120 ml"},"content":{"rendered":"","protected":false},"excerpt":{"rendered":"<table class=\"desk-tab\">\n<tbody>\n<tr>\n<th>Mat\u00e9riel<\/th>\n<th>Couleur<\/th>\n<th>Capacit\u00e9<\/th>\n<th>Couvercle<\/th>\n<th>Utilisation<\/th>\n<\/tr>\n<tr>\n<td>Verre<\/td>\n<td>Clair<\/td>\n<td>20 ml<\/td>\n<td>Plastique<\/td>\n<td>Emballage de soins de la peau<\/td>\n<\/tr>\n<tr>\n<td><\/td>\n<td>D\u00e9poli<\/td>\n<td>30 ml<\/td>\n<td><\/td>\n<td><\/td>\n<\/tr>\n<tr>\n<td><\/td>\n<td><\/td>\n<td>40 ml<\/td>\n<td><\/td>\n<td><\/td>\n<\/tr>\n<tr>\n<td><\/td>\n<td><\/td>\n<td>50 ml<\/td>\n<td><\/td>\n<td><\/td>\n<\/tr>\n<tr>\n<td><\/td>\n<td><\/td>\n<td>60 ml<\/td>\n<td><\/td>\n<td><\/td>\n<\/tr>\n<tr>\n<td><\/td>\n<td><\/td>\n<td>80ml<\/td>\n<td><\/td>\n<td><\/td>\n<\/tr>\n<tr>\n<td><\/td>\n<td><\/td>\n<td>100ml<\/td>\n<td><\/td>\n<td><\/td>\n<\/tr>\n<tr>\n<td><\/td>\n<td><\/td>\n<td>120ml<\/td>\n<td><\/td>\n<td><\/td>\n<\/tr>\n<\/tbody>\n<\/table>\n<table class=\"mob-tab\">\n<tbody>\n<tr>\n<th>Mat\u00e9riel<\/th>\n<td>Verre<\/td>\n<\/tr>\n<tr>\n<th>Couleur<\/th>\n<td>Clair<br \/>\nD\u00e9poli<\/td>\n<\/tr>\n<tr>\n<th>Capacit\u00e9<\/th>\n<td>20 ml<br \/>\n30 ml<br \/>\n40 ml<br \/>\n50 ml<br \/>\n60 ml<br \/>\n80ml<br \/>\n100ml<br \/>\n120ml<\/td>\n<\/tr>\n<tr>\n<th>Couvercle<\/th>\n<td>Plastique<\/td>\n<\/tr>\n<tr>\n<th>Utilisation<\/th>\n<td>Emballage de soins de la peau<\/td>\n<\/tr>\n<\/tbody>\n<\/table>\n<p>La conception de la t\u00eate de pompe pression la rend lisse et uniforme pour d\u00e9charger la lotion. Facile \u00e0 remplir et \u00e0 nettoyer, le bouchon peut \u00eatre verrouill\u00e9 sans obstruer, sans odeur, pas besoin de s'inqui\u00e9ter de fuite. Parfait pour distributeur de maquillage, lotion\/cr\u00e8me\/huile essentielle\/shampooing, cr\u00e8mes pour la peau, etc. convient pour voyager ou camper ou autre activit\u00e9 ext\u00e9rieure. facile \u00e0 mettre dans votre pochette, tr\u00e8s pratique \u00e0 transporter partout<\/p>","protected":false},"featured_media":991392,"comment_status":"closed","ping_status":"closed","template":"","meta":{"_acf_changed":false},"product_brand":[],"product_cat":[613,611,627],"product_tag":[],"class_list":{"0":"post-3827","1":"product","2":"type-product","3":"status-publish","4":"has-post-thumbnail","6":"product_cat-beauty","7":"product_cat-glass-bottle-manufacturer","8":"product_cat-wholesale-glass-lotion-bottle","10":"first","11":"instock","12":"shipping-taxable","13":"product-type-simple"},"acf":[],"yoast_head":"<!-- This site is optimized with the Yoast SEO plugin v26.7 - https:\/\/yoast.com\/wordpress\/plugins\/seo\/ -->\n<title>20ml-120ml Clear Frosted Glass Lotion Bottles - Reihey Glass<\/title>\n<meta name=\"robots\" content=\"index, follow, max-snippet:-1, max-image-preview:large, max-video-preview:-1\" \/>\n<link rel=\"canonical\" href=\"https:\/\/reihey.com\/fr\/product\/20ml-120ml-clear-frosted-glass-lotion-bottles\/\" \/>\n<meta property=\"og:locale\" content=\"fr_FR\" \/>\n<meta property=\"og:type\" content=\"article\" \/>\n<meta property=\"og:title\" content=\"20ml-120ml Clear Frosted Glass Lotion Bottles - Reihey Glass\" \/>\n<meta property=\"og:description\" content=\"Material Color Capacity Lid Usage   Glass Clear 20ml Plastic Skin Care Packaging    Frosted 30ml       40ml       50ml       60ml       80ml       100ml       120ml         Material Glass   Color Clear Frosted   Capacity 20ml 30ml 40ml 50ml 60ml 80ml 100ml 120ml   Lid Plastic   Usage Skin Care Packaging    The design of pressure pump head makes it smooth and uniform to discharge the lotion. Easy to fill and clean, the cap can be locked without clogging, no odor, no need to worry about leak-off. Perfect for makeup dispenser, lotion\/cream\/essential oil\/ shampoo, skin creams and etc. suit for traveling or camping or other outside.easy to put it in your pouch,very convenient to carry everywhere\" \/>\n<meta property=\"og:url\" content=\"https:\/\/reihey.com\/fr\/product\/20ml-120ml-clear-frosted-glass-lotion-bottles\/\" \/>\n<meta property=\"og:site_name\" content=\"Reihey Glass\" \/>\n<meta property=\"article:modified_time\" content=\"2025-10-29T06:14:17+00:00\" \/>\n<meta property=\"og:image\" content=\"https:\/\/reihey.com\/wp-content\/uploads\/2025\/08\/glass-clear-frosted-lotion-bottle-7.png\" \/>\n\t<meta property=\"og:image:width\" content=\"700\" \/>\n\t<meta property=\"og:image:height\" content=\"700\" \/>\n\t<meta property=\"og:image:type\" content=\"image\/png\" \/>\n<meta name=\"twitter:card\" content=\"summary_large_image\" \/>\n<meta name=\"twitter:label1\" content=\"Est. reading time\" \/>\n\t<meta name=\"twitter:data1\" content=\"1 minute\" \/>\n<script type=\"application\/ld+json\" class=\"yoast-schema-graph\">{\"@context\":\"https:\/\/schema.org\",\"@graph\":[{\"@type\":\"WebPage\",\"@id\":\"https:\/\/reihey.com\/product\/20ml-120ml-clear-frosted-glass-lotion-bottles\/\",\"url\":\"https:\/\/reihey.com\/product\/20ml-120ml-clear-frosted-glass-lotion-bottles\/\",\"name\":\"20ml-120ml Clear Frosted Glass Lotion Bottles - Reihey Glass\",\"isPartOf\":{\"@id\":\"https:\/\/reihey.com\/#website\"},\"primaryImageOfPage\":{\"@id\":\"https:\/\/reihey.com\/product\/20ml-120ml-clear-frosted-glass-lotion-bottles\/#primaryimage\"},\"image\":{\"@id\":\"https:\/\/reihey.com\/product\/20ml-120ml-clear-frosted-glass-lotion-bottles\/#primaryimage\"},\"thumbnailUrl\":\"https:\/\/reihey.com\/wp-content\/uploads\/2025\/08\/glass-clear-frosted-lotion-bottle-7.png\",\"datePublished\":\"2025-08-27T10:44:25+00:00\",\"dateModified\":\"2025-10-29T06:14:17+00:00\",\"breadcrumb\":{\"@id\":\"https:\/\/reihey.com\/product\/20ml-120ml-clear-frosted-glass-lotion-bottles\/#breadcrumb\"},\"inLanguage\":\"fr-FR\",\"potentialAction\":[{\"@type\":\"ReadAction\",\"target\":[\"https:\/\/reihey.com\/product\/20ml-120ml-clear-frosted-glass-lotion-bottles\/\"]}]},{\"@type\":\"ImageObject\",\"inLanguage\":\"fr-FR\",\"@id\":\"https:\/\/reihey.com\/product\/20ml-120ml-clear-frosted-glass-lotion-bottles\/#primaryimage\",\"url\":\"https:\/\/reihey.com\/wp-content\/uploads\/2025\/08\/glass-clear-frosted-lotion-bottle-7.png\",\"contentUrl\":\"https:\/\/reihey.com\/wp-content\/uploads\/2025\/08\/glass-clear-frosted-lotion-bottle-7.png\",\"width\":700,\"height\":700},{\"@type\":\"BreadcrumbList\",\"@id\":\"https:\/\/reihey.com\/product\/20ml-120ml-clear-frosted-glass-lotion-bottles\/#breadcrumb\",\"itemListElement\":[{\"@type\":\"ListItem\",\"position\":1,\"name\":\"Home\",\"item\":\"https:\/\/reihey.com\/\"},{\"@type\":\"ListItem\",\"position\":2,\"name\":\"Shop\",\"item\":\"https:\/\/reihey.com\/shop\/\"},{\"@type\":\"ListItem\",\"position\":3,\"name\":\"20ml-120ml Clear Frosted Glass Lotion Bottles\"}]},{\"@type\":\"WebSite\",\"@id\":\"https:\/\/reihey.com\/#website\",\"url\":\"https:\/\/reihey.com\/\",\"name\":\"Reihey Glass\",\"description\":\"\",\"publisher\":{\"@id\":\"https:\/\/reihey.com\/#organization\"},\"potentialAction\":[{\"@type\":\"SearchAction\",\"target\":{\"@type\":\"EntryPoint\",\"urlTemplate\":\"https:\/\/reihey.com\/?s={search_term_string}\"},\"query-input\":{\"@type\":\"PropertyValueSpecification\",\"valueRequired\":true,\"valueName\":\"search_term_string\"}}],\"inLanguage\":\"fr-FR\"},{\"@type\":\"Organization\",\"@id\":\"https:\/\/reihey.com\/#organization\",\"name\":\"Reihey Glass\",\"url\":\"https:\/\/reihey.com\/\",\"logo\":{\"@type\":\"ImageObject\",\"inLanguage\":\"fr-FR\",\"@id\":\"https:\/\/reihey.com\/#\/schema\/logo\/image\/\",\"url\":\"https:\/\/reihey.com\/wp-content\/uploads\/2023\/07\/Reihey-logo-2026.svg\",\"contentUrl\":\"https:\/\/reihey.com\/wp-content\/uploads\/2023\/07\/Reihey-logo-2026.svg\",\"width\":1984,\"height\":566,\"caption\":\"Reihey Glass\"},\"image\":{\"@id\":\"https:\/\/reihey.com\/#\/schema\/logo\/image\/\"}}]}<\/script>\n<!-- \/ Yoast SEO plugin. -->","yoast_head_json":{"title":"Bouteilles en verre clair givr\u00e9 pour lotions de 20 ml \u00e0 120 ml - verre Reihey","robots":{"index":"index","follow":"follow","max-snippet":"max-snippet:-1","max-image-preview":"max-image-preview:large","max-video-preview":"max-video-preview:-1"},"canonical":"https:\/\/reihey.com\/fr\/product\/20ml-120ml-clear-frosted-glass-lotion-bottles\/","og_locale":"fr_FR","og_type":"article","og_title":"20ml-120ml Clear Frosted Glass Lotion Bottles - Reihey Glass","og_description":"Material Color Capacity Lid Usage   Glass Clear 20ml Plastic Skin Care Packaging    Frosted 30ml       40ml       50ml       60ml       80ml       100ml       120ml         Material Glass   Color Clear Frosted   Capacity 20ml 30ml 40ml 50ml 60ml 80ml 100ml 120ml   Lid Plastic   Usage Skin Care Packaging    The design of pressure pump head makes it smooth and uniform to discharge the lotion. Easy to fill and clean, the cap can be locked without clogging, no odor, no need to worry about leak-off. Perfect for makeup dispenser, lotion\/cream\/essential oil\/ shampoo, skin creams and etc. suit for traveling or camping or other outside.easy to put it in your pouch,very convenient to carry everywhere","og_url":"https:\/\/reihey.com\/fr\/product\/20ml-120ml-clear-frosted-glass-lotion-bottles\/","og_site_name":"Reihey Glass","article_modified_time":"2025-10-29T06:14:17+00:00","og_image":[{"width":700,"height":700,"url":"https:\/\/reihey.com\/wp-content\/uploads\/2025\/08\/glass-clear-frosted-lotion-bottle-7.png","type":"image\/png"}],"twitter_card":"summary_large_image","twitter_misc":{"Est. reading time":"1 minute"},"schema":{"@context":"https:\/\/schema.org","@graph":[{"@type":"WebPage","@id":"https:\/\/reihey.com\/product\/20ml-120ml-clear-frosted-glass-lotion-bottles\/","url":"https:\/\/reihey.com\/product\/20ml-120ml-clear-frosted-glass-lotion-bottles\/","name":"Bouteilles en verre clair givr\u00e9 pour lotions de 20 ml \u00e0 120 ml - verre Reihey","isPartOf":{"@id":"https:\/\/reihey.com\/#website"},"primaryImageOfPage":{"@id":"https:\/\/reihey.com\/product\/20ml-120ml-clear-frosted-glass-lotion-bottles\/#primaryimage"},"image":{"@id":"https:\/\/reihey.com\/product\/20ml-120ml-clear-frosted-glass-lotion-bottles\/#primaryimage"},"thumbnailUrl":"https:\/\/reihey.com\/wp-content\/uploads\/2025\/08\/glass-clear-frosted-lotion-bottle-7.png","datePublished":"2025-08-27T10:44:25+00:00","dateModified":"2025-10-29T06:14:17+00:00","breadcrumb":{"@id":"https:\/\/reihey.com\/product\/20ml-120ml-clear-frosted-glass-lotion-bottles\/#breadcrumb"},"inLanguage":"fr-FR","potentialAction":[{"@type":"ReadAction","target":["https:\/\/reihey.com\/product\/20ml-120ml-clear-frosted-glass-lotion-bottles\/"]}]},{"@type":"ImageObject","inLanguage":"fr-FR","@id":"https:\/\/reihey.com\/product\/20ml-120ml-clear-frosted-glass-lotion-bottles\/#primaryimage","url":"https:\/\/reihey.com\/wp-content\/uploads\/2025\/08\/glass-clear-frosted-lotion-bottle-7.png","contentUrl":"https:\/\/reihey.com\/wp-content\/uploads\/2025\/08\/glass-clear-frosted-lotion-bottle-7.png","width":700,"height":700},{"@type":"BreadcrumbList","@id":"https:\/\/reihey.com\/product\/20ml-120ml-clear-frosted-glass-lotion-bottles\/#breadcrumb","itemListElement":[{"@type":"ListItem","position":1,"name":"Home","item":"https:\/\/reihey.com\/"},{"@type":"ListItem","position":2,"name":"Shop","item":"https:\/\/reihey.com\/shop\/"},{"@type":"ListItem","position":3,"name":"20ml-120ml Clear Frosted Glass Lotion Bottles"}]},{"@type":"WebSite","@id":"https:\/\/reihey.com\/#website","url":"https:\/\/reihey.com\/","name":"Verre Reiheney","description":"","publisher":{"@id":"https:\/\/reihey.com\/#organization"},"potentialAction":[{"@type":"SearchAction","target":{"@type":"EntryPoint","urlTemplate":"https:\/\/reihey.com\/?s={search_term_string}"},"query-input":{"@type":"PropertyValueSpecification","valueRequired":true,"valueName":"search_term_string"}}],"inLanguage":"fr-FR"},{"@type":"Organization","@id":"https:\/\/reihey.com\/#organization","name":"Verre Reiheney","url":"https:\/\/reihey.com\/","logo":{"@type":"ImageObject","inLanguage":"fr-FR","@id":"https:\/\/reihey.com\/#\/schema\/logo\/image\/","url":"https:\/\/reihey.com\/wp-content\/uploads\/2023\/07\/Reihey-logo-2026.svg","contentUrl":"https:\/\/reihey.com\/wp-content\/uploads\/2023\/07\/Reihey-logo-2026.svg","width":1984,"height":566,"caption":"Reihey Glass"},"image":{"@id":"https:\/\/reihey.com\/#\/schema\/logo\/image\/"}}]}},"_links":{"self":[{"href":"https:\/\/reihey.com\/fr\/wp-json\/wp\/v2\/product\/3827","targetHints":{"allow":["GET"]}}],"collection":[{"href":"https:\/\/reihey.com\/fr\/wp-json\/wp\/v2\/product"}],"about":[{"href":"https:\/\/reihey.com\/fr\/wp-json\/wp\/v2\/types\/product"}],"replies":[{"embeddable":true,"href":"https:\/\/reihey.com\/fr\/wp-json\/wp\/v2\/comments?post=3827"}],"version-history":[{"count":5,"href":"https:\/\/reihey.com\/fr\/wp-json\/wp\/v2\/product\/3827\/revisions"}],"predecessor-version":[{"id":998130,"href":"https:\/\/reihey.com\/fr\/wp-json\/wp\/v2\/product\/3827\/revisions\/998130"}],"wp:featuredmedia":[{"embeddable":true,"href":"https:\/\/reihey.com\/fr\/wp-json\/wp\/v2\/media\/991392"}],"wp:attachment":[{"href":"https:\/\/reihey.com\/fr\/wp-json\/wp\/v2\/media?parent=3827"}],"wp:term":[{"taxonomy":"product_brand","embeddable":true,"href":"https:\/\/reihey.com\/fr\/wp-json\/wp\/v2\/product_brand?post=3827"},{"taxonomy":"product_cat","embeddable":true,"href":"https:\/\/reihey.com\/fr\/wp-json\/wp\/v2\/product_cat?post=3827"},{"taxonomy":"product_tag","embeddable":true,"href":"https:\/\/reihey.com\/fr\/wp-json\/wp\/v2\/product_tag?post=3827"}],"curies":[{"name":"wp","href":"https:\/\/api.w.org\/{rel}","templated":true}]}}