{"id":3818,"date":"2025-08-27T10:44:21","date_gmt":"2025-08-27T10:44:21","guid":{"rendered":"https:\/\/slot71.silverline.dev\/?post_type=product&#038;p=3818"},"modified":"2025-10-29T06:21:43","modified_gmt":"2025-10-29T06:21:43","slug":"10ml-pharmacy-amber-glass-bottles-tablets-medicine-glass-pill-bottle-high-quality","status":"publish","type":"product","link":"https:\/\/reihey.com\/fr\/product\/10ml-pharmacy-amber-glass-bottles-tablets-medicine-glass-pill-bottle-high-quality\/","title":{"rendered":"10 ml flacons en verre ambr\u00e9 de pharmacie, comprim\u00e9s, m\u00e9dicament, flacon-pilule en verre, haute qualit\u00e9"},"content":{"rendered":"","protected":false},"excerpt":{"rendered":"<table class=\"desk-tab\">\n<tbody>\n<tr>\n<th>Mat\u00e9riau de la bouteille<\/th>\n<th>Taille<\/th>\n<th>Capacit\u00e9<\/th>\n<th>Couleur de la bouteille<\/th>\n<th>Bouchon<\/th>\n<th>Utilisation<\/th>\n<th>Conditionnement<\/th>\n<\/tr>\n<tr>\n<td>Verre<\/td>\n<td>D18*H62mm<\/td>\n<td>10 ml<\/td>\n<td>Marron<\/td>\n<td>Couvercle en aluminium et plastique<\/td>\n<td>M\u00e9dicament liquide<\/td>\n<td>1. Carton d'exportation standard\u2013Xpcs\/bo\u00eete, Ybo\u00eete\/carton<\/td>\n<\/tr>\n<tr>\n<td><\/td>\n<td><\/td>\n<td><\/td>\n<td><\/td>\n<td><\/td>\n<td>Poudre<\/td>\n<td>2. Conditionnement personnalis\u00e9 : bo\u00eete blanche avec votre logo. Bo\u00eete cadeau couleur avec votre logo<\/td>\n<\/tr>\n<tr>\n<td><\/td>\n<td><\/td>\n<td><\/td>\n<td><\/td>\n<td><\/td>\n<td>Parfum<\/td>\n<td><\/td>\n<\/tr>\n<\/tbody>\n<\/table>\n<table class=\"mob-tab\">\n<tbody>\n<tr>\n<th>Mat\u00e9riau de la bouteille<\/th>\n<td>Verre<\/td>\n<\/tr>\n<tr>\n<th>Taille<\/th>\n<td>D18*H62mm<\/td>\n<\/tr>\n<tr>\n<th>Capacit\u00e9<\/th>\n<td>10 ml<\/td>\n<\/tr>\n<tr>\n<th>Couleur de la bouteille<\/th>\n<td>Marron<\/td>\n<\/tr>\n<tr>\n<th>Bouchon<\/th>\n<td>Couvercle en aluminium et plastique<\/td>\n<\/tr>\n<tr>\n<th>Utilisation<\/th>\n<td>M\u00e9dicament liquide<br \/>\nPoudre<br \/>\nParfum<\/td>\n<\/tr>\n<tr>\n<th>Conditionnement<\/th>\n<td>1. Carton d'exportation standard\u2013Xpcs\/bo\u00eete, Ybo\u00eete\/carton<br \/>\n2. Conditionnement personnalis\u00e9 : bo\u00eete blanche avec votre logo. Bo\u00eete cadeau couleur avec votre logo<\/td>\n<\/tr>\n<\/tbody>\n<\/table>\n<p><strong style=\"font-size: 16px;\">\u00c0 propos de cet article<\/strong><br \/>\n1. Flacon en verre \u00e0 dose unique avec bouchon tear-top 2. Bouchon en aluminium 3. Emballage st\u00e9rile 4. St\u00e9rilisation \u00e0 la vapeur<\/p>","protected":false},"featured_media":991386,"comment_status":"closed","ping_status":"closed","template":"","meta":{"_acf_changed":false},"product_brand":[],"product_cat":[611,620,729],"product_tag":[],"class_list":{"0":"post-3818","1":"product","2":"type-product","3":"status-publish","4":"has-post-thumbnail","6":"product_cat-glass-bottle-manufacturer","7":"product_cat-glass-pharmacy-bottle-manufacturer","8":"product_cat-healthy-medicine","10":"first","11":"instock","12":"shipping-taxable","13":"product-type-simple"},"acf":[],"yoast_head":"<!-- This site is optimized with the Yoast SEO plugin v26.7 - https:\/\/yoast.com\/wordpress\/plugins\/seo\/ -->\n<title>10ml Pharmacy Amber Glass Bottles tablets medicine glass pill bottle High-Quality - Reihey Glass<\/title>\n<meta name=\"robots\" content=\"index, follow, max-snippet:-1, max-image-preview:large, max-video-preview:-1\" \/>\n<link rel=\"canonical\" href=\"https:\/\/reihey.com\/fr\/product\/10ml-pharmacy-amber-glass-bottles-tablets-medicine-glass-pill-bottle-high-quality\/\" \/>\n<meta property=\"og:locale\" content=\"fr_FR\" \/>\n<meta property=\"og:type\" content=\"article\" \/>\n<meta property=\"og:title\" content=\"10ml Pharmacy Amber Glass Bottles tablets medicine glass pill bottle High-Quality - Reihey Glass\" \/>\n<meta property=\"og:description\" content=\"Bottle Material Size Capacity Bottle Color Cap Usage Packing   Glass D18*H62mm 10ml Brown Aluminum Plastic Cover Medicine Liquid 1. Standard export carton--Xpcs\/box, Ybox\/carton        Powder 2. Custom pack: white box with your logo. Color gift box with your logo        Perfume        Bottle Material Glass   Size D18*H62mm   Capacity 10ml   Bottle Color Brown   Cap Aluminum Plastic Cover   Usage Medicine Liquid Powder Perfume   Packing 1. Standard export carton--Xpcs\/box, Ybox\/carton 2. Custom pack: white box with your logo. Color gift box with your logo    About this item 1.Single Dose Glass Teartop Vial 2.Aluminum Cap 3.Sterile package 4.Steam sterilization\" \/>\n<meta property=\"og:url\" content=\"https:\/\/reihey.com\/fr\/product\/10ml-pharmacy-amber-glass-bottles-tablets-medicine-glass-pill-bottle-high-quality\/\" \/>\n<meta property=\"og:site_name\" content=\"Reihey Glass\" \/>\n<meta property=\"article:modified_time\" content=\"2025-10-29T06:21:43+00:00\" \/>\n<meta property=\"og:image\" content=\"https:\/\/reihey.com\/wp-content\/uploads\/2025\/08\/Pharmacy-Amber-Glass-Bottles-06.jpg\" \/>\n\t<meta property=\"og:image:width\" content=\"640\" \/>\n\t<meta property=\"og:image:height\" content=\"640\" \/>\n\t<meta property=\"og:image:type\" content=\"image\/jpeg\" \/>\n<meta name=\"twitter:card\" content=\"summary_large_image\" \/>\n<meta name=\"twitter:label1\" content=\"Est. reading time\" \/>\n\t<meta name=\"twitter:data1\" content=\"1 minute\" \/>\n<script type=\"application\/ld+json\" class=\"yoast-schema-graph\">{\"@context\":\"https:\/\/schema.org\",\"@graph\":[{\"@type\":\"WebPage\",\"@id\":\"https:\/\/reihey.com\/product\/10ml-pharmacy-amber-glass-bottles-tablets-medicine-glass-pill-bottle-high-quality\/\",\"url\":\"https:\/\/reihey.com\/product\/10ml-pharmacy-amber-glass-bottles-tablets-medicine-glass-pill-bottle-high-quality\/\",\"name\":\"10ml Pharmacy Amber Glass Bottles tablets medicine glass pill bottle High-Quality - Reihey Glass\",\"isPartOf\":{\"@id\":\"https:\/\/reihey.com\/#website\"},\"primaryImageOfPage\":{\"@id\":\"https:\/\/reihey.com\/product\/10ml-pharmacy-amber-glass-bottles-tablets-medicine-glass-pill-bottle-high-quality\/#primaryimage\"},\"image\":{\"@id\":\"https:\/\/reihey.com\/product\/10ml-pharmacy-amber-glass-bottles-tablets-medicine-glass-pill-bottle-high-quality\/#primaryimage\"},\"thumbnailUrl\":\"https:\/\/reihey.com\/wp-content\/uploads\/2025\/08\/Pharmacy-Amber-Glass-Bottles-06.jpg\",\"datePublished\":\"2025-08-27T10:44:21+00:00\",\"dateModified\":\"2025-10-29T06:21:43+00:00\",\"breadcrumb\":{\"@id\":\"https:\/\/reihey.com\/product\/10ml-pharmacy-amber-glass-bottles-tablets-medicine-glass-pill-bottle-high-quality\/#breadcrumb\"},\"inLanguage\":\"fr-FR\",\"potentialAction\":[{\"@type\":\"ReadAction\",\"target\":[\"https:\/\/reihey.com\/product\/10ml-pharmacy-amber-glass-bottles-tablets-medicine-glass-pill-bottle-high-quality\/\"]}]},{\"@type\":\"ImageObject\",\"inLanguage\":\"fr-FR\",\"@id\":\"https:\/\/reihey.com\/product\/10ml-pharmacy-amber-glass-bottles-tablets-medicine-glass-pill-bottle-high-quality\/#primaryimage\",\"url\":\"https:\/\/reihey.com\/wp-content\/uploads\/2025\/08\/Pharmacy-Amber-Glass-Bottles-06.jpg\",\"contentUrl\":\"https:\/\/reihey.com\/wp-content\/uploads\/2025\/08\/Pharmacy-Amber-Glass-Bottles-06.jpg\",\"width\":640,\"height\":640},{\"@type\":\"BreadcrumbList\",\"@id\":\"https:\/\/reihey.com\/product\/10ml-pharmacy-amber-glass-bottles-tablets-medicine-glass-pill-bottle-high-quality\/#breadcrumb\",\"itemListElement\":[{\"@type\":\"ListItem\",\"position\":1,\"name\":\"Home\",\"item\":\"https:\/\/reihey.com\/\"},{\"@type\":\"ListItem\",\"position\":2,\"name\":\"Shop\",\"item\":\"https:\/\/reihey.com\/shop\/\"},{\"@type\":\"ListItem\",\"position\":3,\"name\":\"10ml Pharmacy Amber Glass Bottles tablets medicine glass pill bottle High-Quality\"}]},{\"@type\":\"WebSite\",\"@id\":\"https:\/\/reihey.com\/#website\",\"url\":\"https:\/\/reihey.com\/\",\"name\":\"Reihey Glass\",\"description\":\"\",\"publisher\":{\"@id\":\"https:\/\/reihey.com\/#organization\"},\"potentialAction\":[{\"@type\":\"SearchAction\",\"target\":{\"@type\":\"EntryPoint\",\"urlTemplate\":\"https:\/\/reihey.com\/?s={search_term_string}\"},\"query-input\":{\"@type\":\"PropertyValueSpecification\",\"valueRequired\":true,\"valueName\":\"search_term_string\"}}],\"inLanguage\":\"fr-FR\"},{\"@type\":\"Organization\",\"@id\":\"https:\/\/reihey.com\/#organization\",\"name\":\"Reihey Glass\",\"url\":\"https:\/\/reihey.com\/\",\"logo\":{\"@type\":\"ImageObject\",\"inLanguage\":\"fr-FR\",\"@id\":\"https:\/\/reihey.com\/#\/schema\/logo\/image\/\",\"url\":\"https:\/\/reihey.com\/wp-content\/uploads\/2023\/07\/Reihey-logo-2026.svg\",\"contentUrl\":\"https:\/\/reihey.com\/wp-content\/uploads\/2023\/07\/Reihey-logo-2026.svg\",\"width\":1984,\"height\":566,\"caption\":\"Reihey Glass\"},\"image\":{\"@id\":\"https:\/\/reihey.com\/#\/schema\/logo\/image\/\"}}]}<\/script>\n<!-- \/ Yoast SEO plugin. -->","yoast_head_json":{"title":"Verrerie ambr\u00e9e de pharmacie de 10 ml bouteilles en verre pour comprim\u00e9s m\u00e9dicament objet High-Quality - Reihey Glass","robots":{"index":"index","follow":"follow","max-snippet":"max-snippet:-1","max-image-preview":"max-image-preview:large","max-video-preview":"max-video-preview:-1"},"canonical":"https:\/\/reihey.com\/fr\/product\/10ml-pharmacy-amber-glass-bottles-tablets-medicine-glass-pill-bottle-high-quality\/","og_locale":"fr_FR","og_type":"article","og_title":"10ml Pharmacy Amber Glass Bottles tablets medicine glass pill bottle High-Quality - Reihey Glass","og_description":"Bottle Material Size Capacity Bottle Color Cap Usage Packing   Glass D18*H62mm 10ml Brown Aluminum Plastic Cover Medicine Liquid 1. Standard export carton--Xpcs\/box, Ybox\/carton        Powder 2. Custom pack: white box with your logo. Color gift box with your logo        Perfume        Bottle Material Glass   Size D18*H62mm   Capacity 10ml   Bottle Color Brown   Cap Aluminum Plastic Cover   Usage Medicine Liquid Powder Perfume   Packing 1. Standard export carton--Xpcs\/box, Ybox\/carton 2. Custom pack: white box with your logo. Color gift box with your logo    About this item 1.Single Dose Glass Teartop Vial 2.Aluminum Cap 3.Sterile package 4.Steam sterilization","og_url":"https:\/\/reihey.com\/fr\/product\/10ml-pharmacy-amber-glass-bottles-tablets-medicine-glass-pill-bottle-high-quality\/","og_site_name":"Reihey Glass","article_modified_time":"2025-10-29T06:21:43+00:00","og_image":[{"width":640,"height":640,"url":"https:\/\/reihey.com\/wp-content\/uploads\/2025\/08\/Pharmacy-Amber-Glass-Bottles-06.jpg","type":"image\/jpeg"}],"twitter_card":"summary_large_image","twitter_misc":{"Est. reading time":"1 minute"},"schema":{"@context":"https:\/\/schema.org","@graph":[{"@type":"WebPage","@id":"https:\/\/reihey.com\/product\/10ml-pharmacy-amber-glass-bottles-tablets-medicine-glass-pill-bottle-high-quality\/","url":"https:\/\/reihey.com\/product\/10ml-pharmacy-amber-glass-bottles-tablets-medicine-glass-pill-bottle-high-quality\/","name":"Verrerie ambr\u00e9e de pharmacie de 10 ml bouteilles en verre pour comprim\u00e9s m\u00e9dicament objet High-Quality - Reihey Glass","isPartOf":{"@id":"https:\/\/reihey.com\/#website"},"primaryImageOfPage":{"@id":"https:\/\/reihey.com\/product\/10ml-pharmacy-amber-glass-bottles-tablets-medicine-glass-pill-bottle-high-quality\/#primaryimage"},"image":{"@id":"https:\/\/reihey.com\/product\/10ml-pharmacy-amber-glass-bottles-tablets-medicine-glass-pill-bottle-high-quality\/#primaryimage"},"thumbnailUrl":"https:\/\/reihey.com\/wp-content\/uploads\/2025\/08\/Pharmacy-Amber-Glass-Bottles-06.jpg","datePublished":"2025-08-27T10:44:21+00:00","dateModified":"2025-10-29T06:21:43+00:00","breadcrumb":{"@id":"https:\/\/reihey.com\/product\/10ml-pharmacy-amber-glass-bottles-tablets-medicine-glass-pill-bottle-high-quality\/#breadcrumb"},"inLanguage":"fr-FR","potentialAction":[{"@type":"ReadAction","target":["https:\/\/reihey.com\/product\/10ml-pharmacy-amber-glass-bottles-tablets-medicine-glass-pill-bottle-high-quality\/"]}]},{"@type":"ImageObject","inLanguage":"fr-FR","@id":"https:\/\/reihey.com\/product\/10ml-pharmacy-amber-glass-bottles-tablets-medicine-glass-pill-bottle-high-quality\/#primaryimage","url":"https:\/\/reihey.com\/wp-content\/uploads\/2025\/08\/Pharmacy-Amber-Glass-Bottles-06.jpg","contentUrl":"https:\/\/reihey.com\/wp-content\/uploads\/2025\/08\/Pharmacy-Amber-Glass-Bottles-06.jpg","width":640,"height":640},{"@type":"BreadcrumbList","@id":"https:\/\/reihey.com\/product\/10ml-pharmacy-amber-glass-bottles-tablets-medicine-glass-pill-bottle-high-quality\/#breadcrumb","itemListElement":[{"@type":"ListItem","position":1,"name":"Home","item":"https:\/\/reihey.com\/"},{"@type":"ListItem","position":2,"name":"Shop","item":"https:\/\/reihey.com\/shop\/"},{"@type":"ListItem","position":3,"name":"10ml Pharmacy Amber Glass Bottles tablets medicine glass pill bottle High-Quality"}]},{"@type":"WebSite","@id":"https:\/\/reihey.com\/#website","url":"https:\/\/reihey.com\/","name":"Verre Reiheney","description":"","publisher":{"@id":"https:\/\/reihey.com\/#organization"},"potentialAction":[{"@type":"SearchAction","target":{"@type":"EntryPoint","urlTemplate":"https:\/\/reihey.com\/?s={search_term_string}"},"query-input":{"@type":"PropertyValueSpecification","valueRequired":true,"valueName":"search_term_string"}}],"inLanguage":"fr-FR"},{"@type":"Organization","@id":"https:\/\/reihey.com\/#organization","name":"Verre Reiheney","url":"https:\/\/reihey.com\/","logo":{"@type":"ImageObject","inLanguage":"fr-FR","@id":"https:\/\/reihey.com\/#\/schema\/logo\/image\/","url":"https:\/\/reihey.com\/wp-content\/uploads\/2023\/07\/Reihey-logo-2026.svg","contentUrl":"https:\/\/reihey.com\/wp-content\/uploads\/2023\/07\/Reihey-logo-2026.svg","width":1984,"height":566,"caption":"Reihey Glass"},"image":{"@id":"https:\/\/reihey.com\/#\/schema\/logo\/image\/"}}]}},"_links":{"self":[{"href":"https:\/\/reihey.com\/fr\/wp-json\/wp\/v2\/product\/3818","targetHints":{"allow":["GET"]}}],"collection":[{"href":"https:\/\/reihey.com\/fr\/wp-json\/wp\/v2\/product"}],"about":[{"href":"https:\/\/reihey.com\/fr\/wp-json\/wp\/v2\/types\/product"}],"replies":[{"embeddable":true,"href":"https:\/\/reihey.com\/fr\/wp-json\/wp\/v2\/comments?post=3818"}],"version-history":[{"count":6,"href":"https:\/\/reihey.com\/fr\/wp-json\/wp\/v2\/product\/3818\/revisions"}],"predecessor-version":[{"id":998198,"href":"https:\/\/reihey.com\/fr\/wp-json\/wp\/v2\/product\/3818\/revisions\/998198"}],"wp:featuredmedia":[{"embeddable":true,"href":"https:\/\/reihey.com\/fr\/wp-json\/wp\/v2\/media\/991386"}],"wp:attachment":[{"href":"https:\/\/reihey.com\/fr\/wp-json\/wp\/v2\/media?parent=3818"}],"wp:term":[{"taxonomy":"product_brand","embeddable":true,"href":"https:\/\/reihey.com\/fr\/wp-json\/wp\/v2\/product_brand?post=3818"},{"taxonomy":"product_cat","embeddable":true,"href":"https:\/\/reihey.com\/fr\/wp-json\/wp\/v2\/product_cat?post=3818"},{"taxonomy":"product_tag","embeddable":true,"href":"https:\/\/reihey.com\/fr\/wp-json\/wp\/v2\/product_tag?post=3818"}],"curies":[{"name":"wp","href":"https:\/\/api.w.org\/{rel}","templated":true}]}}