{"id":3768,"date":"2025-08-27T10:44:09","date_gmt":"2025-08-27T10:44:09","guid":{"rendered":"https:\/\/slot71.silverline.dev\/?post_type=product&#038;p=3768"},"modified":"2025-09-08T11:11:59","modified_gmt":"2025-09-08T11:11:59","slug":"1-5oz-25oz-clear-hexagon-glass-honey-jar-with-metal-lid","status":"publish","type":"product","link":"https:\/\/reihey.com\/fr\/product\/1-5oz-25oz-clear-hexagon-glass-honey-jar-with-metal-lid\/","title":{"rendered":"Pot en verre hexagonal transparent de 1,5 oz \u00e0 25 oz avec couvercle en m\u00e9tal"},"content":{"rendered":"","protected":false},"excerpt":{"rendered":"<table class=\"desk-tab\">\n<tbody>\n<tr>\n<th>Mat\u00e9riel<\/th>\n<th>Capacit\u00e9<\/th>\n<th>Couleur<\/th>\n<th>Forme<\/th>\n<th>Couvercle<\/th>\n<th>Utilisation<\/th>\n<\/tr>\n<tr>\n<td>Verre<\/td>\n<td>1,5 oz<\/td>\n<td>Clair<\/td>\n<td>Hexagone<\/td>\n<td>M\u00e9tal<\/td>\n<td>Rangement alimentaire<\/td>\n<\/tr>\n<tr>\n<td><\/td>\n<td>3 oz<\/td>\n<td><\/td>\n<td><\/td>\n<td><\/td>\n<td><\/td>\n<\/tr>\n<tr>\n<td><\/td>\n<td>5 oz<\/td>\n<td><\/td>\n<td><\/td>\n<td><\/td>\n<td><\/td>\n<\/tr>\n<tr>\n<td><\/td>\n<td>6oz<\/td>\n<td><\/td>\n<td><\/td>\n<td><\/td>\n<td><\/td>\n<\/tr>\n<tr>\n<td><\/td>\n<td>7 onces<\/td>\n<td><\/td>\n<td><\/td>\n<td><\/td>\n<td><\/td>\n<\/tr>\n<tr>\n<td><\/td>\n<td>9 oz<\/td>\n<td><\/td>\n<td><\/td>\n<td><\/td>\n<td><\/td>\n<\/tr>\n<tr>\n<td><\/td>\n<td>12 oz<\/td>\n<td><\/td>\n<td><\/td>\n<td><\/td>\n<td><\/td>\n<\/tr>\n<tr>\n<td><\/td>\n<td>16 oz<\/td>\n<td><\/td>\n<td><\/td>\n<td><\/td>\n<td><\/td>\n<\/tr>\n<tr>\n<td><\/td>\n<td>25 oz<\/td>\n<td><\/td>\n<td><\/td>\n<td><\/td>\n<td><\/td>\n<\/tr>\n<tr>\n<td><\/td>\n<td>32 oz<\/td>\n<td><\/td>\n<td><\/td>\n<td><\/td>\n<td><\/td>\n<\/tr>\n<\/tbody>\n<\/table>\n<table class=\"mob-tab\">\n<tbody>\n<tr>\n<th>Mat\u00e9riel<\/th>\n<td>Verre<\/td>\n<\/tr>\n<tr>\n<th>Capacit\u00e9<\/th>\n<td>1,5 oz, 3 oz, 5 oz, 6 oz, 7 oz, 9 oz, 12 oz, 16 oz, 25 oz, 32 oz<\/td>\n<\/tr>\n<tr>\n<th>Couleur<\/th>\n<td>Clair<\/td>\n<\/tr>\n<tr>\n<th>Forme<\/th>\n<td>Hexagone<\/td>\n<\/tr>\n<tr>\n<th>Couvercle<\/th>\n<td>M\u00e9tal<\/td>\n<\/tr>\n<tr>\n<th>Utilisation<\/th>\n<td>Rangement alimentaire<\/td>\n<\/tr>\n<\/tbody>\n<\/table>\n<p>Couvercles \u00e0 vis en t\u00f4le tinte: le pot est livr\u00e9 avec des bouchons \u00e0 vis en tinplate, qui assurent une \u00e9tanch\u00e9it\u00e9 s\u00e9curis\u00e9e et herm\u00e9tique pour pr\u00e9server la fra\u00eecheur et la saveur de votre miel et vos bonbons en conserve. Les bouchons \u00e0 vis sont faciles \u00e0 utiliser et veillent \u00e0 ce que vos aliments restent prot\u00e9g\u00e9s de l\u2019air, de l\u2019humidit\u00e9 et d\u2019autres \u00e9l\u00e9ments externes. Facile \u00e0 nettoyer: le jarre en verre et les bouchons \u00e0 vis en tinplate sont faciles \u00e0 nettoyer. Il suffit de retirer les bouchons et de laver \u00e0 la fois le pot et les bouchons avec du savon doux et de l\u2019eau ti\u00e8de. La surface lisse du verre et le design simple permettent un nettoyage et un entretien sans effort.<\/p>","protected":false},"featured_media":991374,"comment_status":"closed","ping_status":"closed","template":"","meta":{"_acf_changed":false},"product_brand":[],"product_cat":[592,591],"product_tag":[],"class_list":{"0":"post-3768","1":"product","2":"type-product","3":"status-publish","4":"has-post-thumbnail","6":"product_cat-glass-honey-jar-manufacturer","7":"product_cat-glass-jar-manfacturer","9":"first","10":"instock","11":"shipping-taxable","12":"product-type-simple"},"acf":[],"yoast_head":"<!-- This site is optimized with the Yoast SEO plugin v26.7 - https:\/\/yoast.com\/wordpress\/plugins\/seo\/ -->\n<title>1.5oz-25oz Clear Hexagon Glass Honey Jar with Metal Lid - Reihey Glass<\/title>\n<meta name=\"robots\" content=\"index, follow, max-snippet:-1, max-image-preview:large, max-video-preview:-1\" \/>\n<link rel=\"canonical\" href=\"https:\/\/reihey.com\/fr\/product\/1-5oz-25oz-clear-hexagon-glass-honey-jar-with-metal-lid\/\" \/>\n<meta property=\"og:locale\" content=\"fr_FR\" \/>\n<meta property=\"og:type\" content=\"article\" \/>\n<meta property=\"og:title\" content=\"1.5oz-25oz Clear Hexagon Glass Honey Jar with Metal Lid - Reihey Glass\" \/>\n<meta property=\"og:description\" content=\"Material Capacity Color Shape Lid Usage   Glass 1.5oz Clear Hexagon Metal Food Storage    3oz        5oz        6oz        7oz        9oz        12oz        16oz        25oz        32oz           Material Glass   Capacity 1.5oz, 3oz, 5oz, 6oz, 7oz, 9oz, 12oz, 16oz, 25oz, 32oz   Color Clear   Shape Hexagon   Lid Metal   Usage Food Storage    Tinplate Screw Caps: The jar comes with tinplate screw caps, which provide a secure and airtight seal to preserve the freshness and flavor of your canned honey and candy. The screw caps are easy to use and ensure that your food remains protected from air, moisture, and other external elements. Easy to Clean: The glass jar and tinplate screw caps are easy to clean. Simply remove the caps and wash both the jar and caps with mild soap and warm water. The smooth glass surface and simple design allow for effortless cleaning and maintenance.\" \/>\n<meta property=\"og:url\" content=\"https:\/\/reihey.com\/fr\/product\/1-5oz-25oz-clear-hexagon-glass-honey-jar-with-metal-lid\/\" \/>\n<meta property=\"og:site_name\" content=\"Reihey Glass\" \/>\n<meta property=\"article:modified_time\" content=\"2025-09-08T11:11:59+00:00\" \/>\n<meta property=\"og:image\" content=\"https:\/\/reihey.com\/wp-content\/uploads\/2025\/08\/h.jpg\" \/>\n\t<meta property=\"og:image:width\" content=\"800\" \/>\n\t<meta property=\"og:image:height\" content=\"800\" \/>\n\t<meta property=\"og:image:type\" content=\"image\/jpeg\" \/>\n<meta name=\"twitter:card\" content=\"summary_large_image\" \/>\n<meta name=\"twitter:label1\" content=\"Est. reading time\" \/>\n\t<meta name=\"twitter:data1\" content=\"1 minute\" \/>\n<script type=\"application\/ld+json\" class=\"yoast-schema-graph\">{\"@context\":\"https:\/\/schema.org\",\"@graph\":[{\"@type\":\"WebPage\",\"@id\":\"https:\/\/reihey.com\/product\/1-5oz-25oz-clear-hexagon-glass-honey-jar-with-metal-lid\/\",\"url\":\"https:\/\/reihey.com\/product\/1-5oz-25oz-clear-hexagon-glass-honey-jar-with-metal-lid\/\",\"name\":\"1.5oz-25oz Clear Hexagon Glass Honey Jar with Metal Lid - Reihey Glass\",\"isPartOf\":{\"@id\":\"https:\/\/reihey.com\/#website\"},\"primaryImageOfPage\":{\"@id\":\"https:\/\/reihey.com\/product\/1-5oz-25oz-clear-hexagon-glass-honey-jar-with-metal-lid\/#primaryimage\"},\"image\":{\"@id\":\"https:\/\/reihey.com\/product\/1-5oz-25oz-clear-hexagon-glass-honey-jar-with-metal-lid\/#primaryimage\"},\"thumbnailUrl\":\"https:\/\/reihey.com\/wp-content\/uploads\/2025\/08\/h.jpg\",\"datePublished\":\"2025-08-27T10:44:09+00:00\",\"dateModified\":\"2025-09-08T11:11:59+00:00\",\"breadcrumb\":{\"@id\":\"https:\/\/reihey.com\/product\/1-5oz-25oz-clear-hexagon-glass-honey-jar-with-metal-lid\/#breadcrumb\"},\"inLanguage\":\"fr-FR\",\"potentialAction\":[{\"@type\":\"ReadAction\",\"target\":[\"https:\/\/reihey.com\/product\/1-5oz-25oz-clear-hexagon-glass-honey-jar-with-metal-lid\/\"]}]},{\"@type\":\"ImageObject\",\"inLanguage\":\"fr-FR\",\"@id\":\"https:\/\/reihey.com\/product\/1-5oz-25oz-clear-hexagon-glass-honey-jar-with-metal-lid\/#primaryimage\",\"url\":\"https:\/\/reihey.com\/wp-content\/uploads\/2025\/08\/h.jpg\",\"contentUrl\":\"https:\/\/reihey.com\/wp-content\/uploads\/2025\/08\/h.jpg\",\"width\":800,\"height\":800},{\"@type\":\"BreadcrumbList\",\"@id\":\"https:\/\/reihey.com\/product\/1-5oz-25oz-clear-hexagon-glass-honey-jar-with-metal-lid\/#breadcrumb\",\"itemListElement\":[{\"@type\":\"ListItem\",\"position\":1,\"name\":\"Home\",\"item\":\"https:\/\/reihey.com\/\"},{\"@type\":\"ListItem\",\"position\":2,\"name\":\"Shop\",\"item\":\"https:\/\/reihey.com\/shop\/\"},{\"@type\":\"ListItem\",\"position\":3,\"name\":\"1.5oz-25oz Clear Hexagon Glass Honey Jar with Metal Lid\"}]},{\"@type\":\"WebSite\",\"@id\":\"https:\/\/reihey.com\/#website\",\"url\":\"https:\/\/reihey.com\/\",\"name\":\"Reihey Glass\",\"description\":\"\",\"publisher\":{\"@id\":\"https:\/\/reihey.com\/#organization\"},\"potentialAction\":[{\"@type\":\"SearchAction\",\"target\":{\"@type\":\"EntryPoint\",\"urlTemplate\":\"https:\/\/reihey.com\/?s={search_term_string}\"},\"query-input\":{\"@type\":\"PropertyValueSpecification\",\"valueRequired\":true,\"valueName\":\"search_term_string\"}}],\"inLanguage\":\"fr-FR\"},{\"@type\":\"Organization\",\"@id\":\"https:\/\/reihey.com\/#organization\",\"name\":\"Reihey Glass\",\"url\":\"https:\/\/reihey.com\/\",\"logo\":{\"@type\":\"ImageObject\",\"inLanguage\":\"fr-FR\",\"@id\":\"https:\/\/reihey.com\/#\/schema\/logo\/image\/\",\"url\":\"https:\/\/reihey.com\/wp-content\/uploads\/2023\/07\/Reihey-logo-2026.svg\",\"contentUrl\":\"https:\/\/reihey.com\/wp-content\/uploads\/2023\/07\/Reihey-logo-2026.svg\",\"width\":1984,\"height\":566,\"caption\":\"Reihey Glass\"},\"image\":{\"@id\":\"https:\/\/reihey.com\/#\/schema\/logo\/image\/\"}}]}<\/script>\n<!-- \/ Yoast SEO plugin. -->","yoast_head_json":{"title":"1,5 oz - 25 oz Verre hexagonal transparent Pot \u00e0 miel avec bouchon m\u00e9tallique - Reihey Glass","robots":{"index":"index","follow":"follow","max-snippet":"max-snippet:-1","max-image-preview":"max-image-preview:large","max-video-preview":"max-video-preview:-1"},"canonical":"https:\/\/reihey.com\/fr\/product\/1-5oz-25oz-clear-hexagon-glass-honey-jar-with-metal-lid\/","og_locale":"fr_FR","og_type":"article","og_title":"1.5oz-25oz Clear Hexagon Glass Honey Jar with Metal Lid - Reihey Glass","og_description":"Material Capacity Color Shape Lid Usage   Glass 1.5oz Clear Hexagon Metal Food Storage    3oz        5oz        6oz        7oz        9oz        12oz        16oz        25oz        32oz           Material Glass   Capacity 1.5oz, 3oz, 5oz, 6oz, 7oz, 9oz, 12oz, 16oz, 25oz, 32oz   Color Clear   Shape Hexagon   Lid Metal   Usage Food Storage    Tinplate Screw Caps: The jar comes with tinplate screw caps, which provide a secure and airtight seal to preserve the freshness and flavor of your canned honey and candy. The screw caps are easy to use and ensure that your food remains protected from air, moisture, and other external elements. Easy to Clean: The glass jar and tinplate screw caps are easy to clean. Simply remove the caps and wash both the jar and caps with mild soap and warm water. The smooth glass surface and simple design allow for effortless cleaning and maintenance.","og_url":"https:\/\/reihey.com\/fr\/product\/1-5oz-25oz-clear-hexagon-glass-honey-jar-with-metal-lid\/","og_site_name":"Reihey Glass","article_modified_time":"2025-09-08T11:11:59+00:00","og_image":[{"width":800,"height":800,"url":"https:\/\/reihey.com\/wp-content\/uploads\/2025\/08\/h.jpg","type":"image\/jpeg"}],"twitter_card":"summary_large_image","twitter_misc":{"Est. reading time":"1 minute"},"schema":{"@context":"https:\/\/schema.org","@graph":[{"@type":"WebPage","@id":"https:\/\/reihey.com\/product\/1-5oz-25oz-clear-hexagon-glass-honey-jar-with-metal-lid\/","url":"https:\/\/reihey.com\/product\/1-5oz-25oz-clear-hexagon-glass-honey-jar-with-metal-lid\/","name":"1,5 oz - 25 oz Verre hexagonal transparent Pot \u00e0 miel avec bouchon m\u00e9tallique - Reihey Glass","isPartOf":{"@id":"https:\/\/reihey.com\/#website"},"primaryImageOfPage":{"@id":"https:\/\/reihey.com\/product\/1-5oz-25oz-clear-hexagon-glass-honey-jar-with-metal-lid\/#primaryimage"},"image":{"@id":"https:\/\/reihey.com\/product\/1-5oz-25oz-clear-hexagon-glass-honey-jar-with-metal-lid\/#primaryimage"},"thumbnailUrl":"https:\/\/reihey.com\/wp-content\/uploads\/2025\/08\/h.jpg","datePublished":"2025-08-27T10:44:09+00:00","dateModified":"2025-09-08T11:11:59+00:00","breadcrumb":{"@id":"https:\/\/reihey.com\/product\/1-5oz-25oz-clear-hexagon-glass-honey-jar-with-metal-lid\/#breadcrumb"},"inLanguage":"fr-FR","potentialAction":[{"@type":"ReadAction","target":["https:\/\/reihey.com\/product\/1-5oz-25oz-clear-hexagon-glass-honey-jar-with-metal-lid\/"]}]},{"@type":"ImageObject","inLanguage":"fr-FR","@id":"https:\/\/reihey.com\/product\/1-5oz-25oz-clear-hexagon-glass-honey-jar-with-metal-lid\/#primaryimage","url":"https:\/\/reihey.com\/wp-content\/uploads\/2025\/08\/h.jpg","contentUrl":"https:\/\/reihey.com\/wp-content\/uploads\/2025\/08\/h.jpg","width":800,"height":800},{"@type":"BreadcrumbList","@id":"https:\/\/reihey.com\/product\/1-5oz-25oz-clear-hexagon-glass-honey-jar-with-metal-lid\/#breadcrumb","itemListElement":[{"@type":"ListItem","position":1,"name":"Home","item":"https:\/\/reihey.com\/"},{"@type":"ListItem","position":2,"name":"Shop","item":"https:\/\/reihey.com\/shop\/"},{"@type":"ListItem","position":3,"name":"1.5oz-25oz Clear Hexagon Glass Honey Jar with Metal Lid"}]},{"@type":"WebSite","@id":"https:\/\/reihey.com\/#website","url":"https:\/\/reihey.com\/","name":"Verre Reiheney","description":"","publisher":{"@id":"https:\/\/reihey.com\/#organization"},"potentialAction":[{"@type":"SearchAction","target":{"@type":"EntryPoint","urlTemplate":"https:\/\/reihey.com\/?s={search_term_string}"},"query-input":{"@type":"PropertyValueSpecification","valueRequired":true,"valueName":"search_term_string"}}],"inLanguage":"fr-FR"},{"@type":"Organization","@id":"https:\/\/reihey.com\/#organization","name":"Verre Reiheney","url":"https:\/\/reihey.com\/","logo":{"@type":"ImageObject","inLanguage":"fr-FR","@id":"https:\/\/reihey.com\/#\/schema\/logo\/image\/","url":"https:\/\/reihey.com\/wp-content\/uploads\/2023\/07\/Reihey-logo-2026.svg","contentUrl":"https:\/\/reihey.com\/wp-content\/uploads\/2023\/07\/Reihey-logo-2026.svg","width":1984,"height":566,"caption":"Reihey Glass"},"image":{"@id":"https:\/\/reihey.com\/#\/schema\/logo\/image\/"}}]}},"_links":{"self":[{"href":"https:\/\/reihey.com\/fr\/wp-json\/wp\/v2\/product\/3768","targetHints":{"allow":["GET"]}}],"collection":[{"href":"https:\/\/reihey.com\/fr\/wp-json\/wp\/v2\/product"}],"about":[{"href":"https:\/\/reihey.com\/fr\/wp-json\/wp\/v2\/types\/product"}],"replies":[{"embeddable":true,"href":"https:\/\/reihey.com\/fr\/wp-json\/wp\/v2\/comments?post=3768"}],"version-history":[{"count":2,"href":"https:\/\/reihey.com\/fr\/wp-json\/wp\/v2\/product\/3768\/revisions"}],"predecessor-version":[{"id":995739,"href":"https:\/\/reihey.com\/fr\/wp-json\/wp\/v2\/product\/3768\/revisions\/995739"}],"wp:featuredmedia":[{"embeddable":true,"href":"https:\/\/reihey.com\/fr\/wp-json\/wp\/v2\/media\/991374"}],"wp:attachment":[{"href":"https:\/\/reihey.com\/fr\/wp-json\/wp\/v2\/media?parent=3768"}],"wp:term":[{"taxonomy":"product_brand","embeddable":true,"href":"https:\/\/reihey.com\/fr\/wp-json\/wp\/v2\/product_brand?post=3768"},{"taxonomy":"product_cat","embeddable":true,"href":"https:\/\/reihey.com\/fr\/wp-json\/wp\/v2\/product_cat?post=3768"},{"taxonomy":"product_tag","embeddable":true,"href":"https:\/\/reihey.com\/fr\/wp-json\/wp\/v2\/product_tag?post=3768"}],"curies":[{"name":"wp","href":"https:\/\/api.w.org\/{rel}","templated":true}]}}