{"id":3722,"date":"2025-08-27T10:43:54","date_gmt":"2025-08-27T10:43:54","guid":{"rendered":"https:\/\/slot71.silverline.dev\/?post_type=product&#038;p=3722"},"modified":"2025-10-29T06:21:35","modified_gmt":"2025-10-29T06:21:35","slug":"3-25oz-wide-mouth-glass-honey-jar-with-screw-metal-lid","status":"publish","type":"product","link":"https:\/\/reihey.com\/fr\/product\/3-25oz-wide-mouth-glass-honey-jar-with-screw-metal-lid\/","title":{"rendered":"Pot en verre \u00e0 large ouverture de 3-25 oz avec couvercle en m\u00e9tal \u00e0 vis"},"content":{"rendered":"","protected":false},"excerpt":{"rendered":"<table class=\"desk-tab\">\n<tbody>\n<tr>\n<th>Mat\u00e9riel<\/th>\n<th>Capacit\u00e9<\/th>\n<th>Couleur<\/th>\n<th>Forme<\/th>\n<th>Couvercle<\/th>\n<th>Utilisation<\/th>\n<\/tr>\n<tr>\n<td>Verre<\/td>\n<td>3 oz<\/td>\n<td>Clair<\/td>\n<td>Rond<\/td>\n<td>M\u00e9tal<\/td>\n<td>Rangement alimentaire<\/td>\n<\/tr>\n<tr>\n<td><\/td>\n<td>6.5oz<\/td>\n<td><\/td>\n<td><\/td>\n<td><\/td>\n<td><\/td>\n<\/tr>\n<tr>\n<td><\/td>\n<td>8 oz<\/td>\n<td><\/td>\n<td><\/td>\n<td><\/td>\n<td><\/td>\n<\/tr>\n<tr>\n<td><\/td>\n<td>12 oz<\/td>\n<td><\/td>\n<td><\/td>\n<td><\/td>\n<td><\/td>\n<\/tr>\n<tr>\n<td><\/td>\n<td>15 oz<\/td>\n<td><\/td>\n<td><\/td>\n<td><\/td>\n<td><\/td>\n<\/tr>\n<tr>\n<td><\/td>\n<td>25 oz<\/td>\n<td><\/td>\n<td><\/td>\n<td><\/td>\n<td><\/td>\n<\/tr>\n<\/tbody>\n<\/table>\n<table class=\"mob-tab\">\n<tbody>\n<tr>\n<th>Mat\u00e9riel<\/th>\n<td>Verre<\/td>\n<\/tr>\n<tr>\n<th>Capacit\u00e9<\/th>\n<td>3oz 6.5oz 8oz 12oz 15oz 25oz<\/td>\n<\/tr>\n<tr>\n<th>Couleur<\/th>\n<td>Clair<\/td>\n<\/tr>\n<tr>\n<th>Forme<\/th>\n<td>Rond<\/td>\n<\/tr>\n<tr>\n<th>Couvercle<\/th>\n<td>M\u00e9tal<\/td>\n<\/tr>\n<tr>\n<th>Utilisation<\/th>\n<td>Rangement alimentaire<\/td>\n<\/tr>\n<\/tbody>\n<\/table>\n<p>Verre de qualit\u00e9 alimentaire: le pot rond en verre pour miel est fabriqu\u00e9 en verre de qualit\u00e9 alimentaire, garantissant qu'il est s\u00fbr pour le stockage du miel et d'autres aliments. Le mat\u00e9riau en verre est inoffensif, sans BPA et r\u00e9sistant aux r\u00e9actions chimiques, conservant votre miel frais et non contamin\u00e9. Couvercle m\u00e9tallique: le pot de miel est livr\u00e9 avec un couvercle m\u00e9tallique qui assure une \u00e9tanch\u00e9it\u00e9. Le couvercle aide \u00e0 pr\u00e9server la fra\u00eecheur et la qualit\u00e9 du miel en le maintenant herm\u00e9tiquement ferm\u00e9 et prot\u00e9g\u00e9 des \u00e9l\u00e9ments ext\u00e9rieurs. Le couvercle m\u00e9tallique est durable et r\u00e9sistant \u00e0 la rouille, garantissant des performances durables.<\/p>","protected":false},"featured_media":991357,"comment_status":"closed","ping_status":"closed","template":"","meta":{"_acf_changed":false},"product_brand":[],"product_cat":[592,591],"product_tag":[],"class_list":{"0":"post-3722","1":"product","2":"type-product","3":"status-publish","4":"has-post-thumbnail","6":"product_cat-glass-honey-jar-manufacturer","7":"product_cat-glass-jar-manfacturer","9":"first","10":"instock","11":"shipping-taxable","12":"product-type-simple"},"acf":[],"yoast_head":"<!-- This site is optimized with the Yoast SEO plugin v26.7 - https:\/\/yoast.com\/wordpress\/plugins\/seo\/ -->\n<title>3-25oz Wide Mouth Glass Honey Jar With Screw Metal Lid - Reihey Glass<\/title>\n<meta name=\"robots\" content=\"index, follow, max-snippet:-1, max-image-preview:large, max-video-preview:-1\" \/>\n<link rel=\"canonical\" href=\"https:\/\/reihey.com\/fr\/product\/3-25oz-wide-mouth-glass-honey-jar-with-screw-metal-lid\/\" \/>\n<meta property=\"og:locale\" content=\"fr_FR\" \/>\n<meta property=\"og:type\" content=\"article\" \/>\n<meta property=\"og:title\" content=\"3-25oz Wide Mouth Glass Honey Jar With Screw Metal Lid - Reihey Glass\" \/>\n<meta property=\"og:description\" content=\"Material Capacity Color Shape Lid Usage   Glass 3oz Clear Round Metal Food Storage    6.5oz        8oz        12oz        15oz        25oz           Material Glass   Capacity 3oz 6.5oz 8oz 12oz 15oz 25oz   Color Clear   Shape Round   Lid Metal   Usage Food Storage    Food-Grade Glass: The round glass honey jar is made from food-grade glass, ensuring that it is safe for storing honey and other food items. The glass material is non-toxic, BPA-free, and resistant to chemical reactions, keeping your honey fresh and uncontaminated. Metal Lid: The honey jar comes with a metal lid that provides a secure seal. The lid helps to preserve the freshness and quality of the honey by keeping it airtight and protected from external elements. The metal lid is durable and resistant to rust, ensuring long-lasting performance.\" \/>\n<meta property=\"og:url\" content=\"https:\/\/reihey.com\/fr\/product\/3-25oz-wide-mouth-glass-honey-jar-with-screw-metal-lid\/\" \/>\n<meta property=\"og:site_name\" content=\"Reihey Glass\" \/>\n<meta property=\"article:modified_time\" content=\"2025-10-29T06:21:35+00:00\" \/>\n<meta property=\"og:image\" content=\"https:\/\/reihey.com\/wp-content\/uploads\/2025\/08\/4556.jpg\" \/>\n\t<meta property=\"og:image:width\" content=\"800\" \/>\n\t<meta property=\"og:image:height\" content=\"800\" \/>\n\t<meta property=\"og:image:type\" content=\"image\/jpeg\" \/>\n<meta name=\"twitter:card\" content=\"summary_large_image\" \/>\n<meta name=\"twitter:label1\" content=\"Est. reading time\" \/>\n\t<meta name=\"twitter:data1\" content=\"1 minute\" \/>\n<script type=\"application\/ld+json\" class=\"yoast-schema-graph\">{\"@context\":\"https:\/\/schema.org\",\"@graph\":[{\"@type\":\"WebPage\",\"@id\":\"https:\/\/reihey.com\/product\/3-25oz-wide-mouth-glass-honey-jar-with-screw-metal-lid\/\",\"url\":\"https:\/\/reihey.com\/product\/3-25oz-wide-mouth-glass-honey-jar-with-screw-metal-lid\/\",\"name\":\"3-25oz Wide Mouth Glass Honey Jar With Screw Metal Lid - Reihey Glass\",\"isPartOf\":{\"@id\":\"https:\/\/reihey.com\/#website\"},\"primaryImageOfPage\":{\"@id\":\"https:\/\/reihey.com\/product\/3-25oz-wide-mouth-glass-honey-jar-with-screw-metal-lid\/#primaryimage\"},\"image\":{\"@id\":\"https:\/\/reihey.com\/product\/3-25oz-wide-mouth-glass-honey-jar-with-screw-metal-lid\/#primaryimage\"},\"thumbnailUrl\":\"https:\/\/reihey.com\/wp-content\/uploads\/2025\/08\/4556.jpg\",\"datePublished\":\"2025-08-27T10:43:54+00:00\",\"dateModified\":\"2025-10-29T06:21:35+00:00\",\"breadcrumb\":{\"@id\":\"https:\/\/reihey.com\/product\/3-25oz-wide-mouth-glass-honey-jar-with-screw-metal-lid\/#breadcrumb\"},\"inLanguage\":\"fr-FR\",\"potentialAction\":[{\"@type\":\"ReadAction\",\"target\":[\"https:\/\/reihey.com\/product\/3-25oz-wide-mouth-glass-honey-jar-with-screw-metal-lid\/\"]}]},{\"@type\":\"ImageObject\",\"inLanguage\":\"fr-FR\",\"@id\":\"https:\/\/reihey.com\/product\/3-25oz-wide-mouth-glass-honey-jar-with-screw-metal-lid\/#primaryimage\",\"url\":\"https:\/\/reihey.com\/wp-content\/uploads\/2025\/08\/4556.jpg\",\"contentUrl\":\"https:\/\/reihey.com\/wp-content\/uploads\/2025\/08\/4556.jpg\",\"width\":800,\"height\":800},{\"@type\":\"BreadcrumbList\",\"@id\":\"https:\/\/reihey.com\/product\/3-25oz-wide-mouth-glass-honey-jar-with-screw-metal-lid\/#breadcrumb\",\"itemListElement\":[{\"@type\":\"ListItem\",\"position\":1,\"name\":\"Home\",\"item\":\"https:\/\/reihey.com\/\"},{\"@type\":\"ListItem\",\"position\":2,\"name\":\"Shop\",\"item\":\"https:\/\/reihey.com\/shop\/\"},{\"@type\":\"ListItem\",\"position\":3,\"name\":\"3-25oz Wide Mouth Glass Honey Jar With Screw Metal Lid\"}]},{\"@type\":\"WebSite\",\"@id\":\"https:\/\/reihey.com\/#website\",\"url\":\"https:\/\/reihey.com\/\",\"name\":\"Reihey Glass\",\"description\":\"\",\"publisher\":{\"@id\":\"https:\/\/reihey.com\/#organization\"},\"potentialAction\":[{\"@type\":\"SearchAction\",\"target\":{\"@type\":\"EntryPoint\",\"urlTemplate\":\"https:\/\/reihey.com\/?s={search_term_string}\"},\"query-input\":{\"@type\":\"PropertyValueSpecification\",\"valueRequired\":true,\"valueName\":\"search_term_string\"}}],\"inLanguage\":\"fr-FR\"},{\"@type\":\"Organization\",\"@id\":\"https:\/\/reihey.com\/#organization\",\"name\":\"Reihey Glass\",\"url\":\"https:\/\/reihey.com\/\",\"logo\":{\"@type\":\"ImageObject\",\"inLanguage\":\"fr-FR\",\"@id\":\"https:\/\/reihey.com\/#\/schema\/logo\/image\/\",\"url\":\"https:\/\/reihey.com\/wp-content\/uploads\/2023\/07\/Reihey-logo-2026.svg\",\"contentUrl\":\"https:\/\/reihey.com\/wp-content\/uploads\/2023\/07\/Reihey-logo-2026.svg\",\"width\":1984,\"height\":566,\"caption\":\"Reihey Glass\"},\"image\":{\"@id\":\"https:\/\/reihey.com\/#\/schema\/logo\/image\/\"}}]}<\/script>\n<!-- \/ Yoast SEO plugin. -->","yoast_head_json":{"title":"Pots en verre \u00e0 large goulot de 3-25 oz avec bouchon m\u00e9tallique \u00e0 vis - Reihey Glass","robots":{"index":"index","follow":"follow","max-snippet":"max-snippet:-1","max-image-preview":"max-image-preview:large","max-video-preview":"max-video-preview:-1"},"canonical":"https:\/\/reihey.com\/fr\/product\/3-25oz-wide-mouth-glass-honey-jar-with-screw-metal-lid\/","og_locale":"fr_FR","og_type":"article","og_title":"3-25oz Wide Mouth Glass Honey Jar With Screw Metal Lid - Reihey Glass","og_description":"Material Capacity Color Shape Lid Usage   Glass 3oz Clear Round Metal Food Storage    6.5oz        8oz        12oz        15oz        25oz           Material Glass   Capacity 3oz 6.5oz 8oz 12oz 15oz 25oz   Color Clear   Shape Round   Lid Metal   Usage Food Storage    Food-Grade Glass: The round glass honey jar is made from food-grade glass, ensuring that it is safe for storing honey and other food items. The glass material is non-toxic, BPA-free, and resistant to chemical reactions, keeping your honey fresh and uncontaminated. Metal Lid: The honey jar comes with a metal lid that provides a secure seal. The lid helps to preserve the freshness and quality of the honey by keeping it airtight and protected from external elements. The metal lid is durable and resistant to rust, ensuring long-lasting performance.","og_url":"https:\/\/reihey.com\/fr\/product\/3-25oz-wide-mouth-glass-honey-jar-with-screw-metal-lid\/","og_site_name":"Reihey Glass","article_modified_time":"2025-10-29T06:21:35+00:00","og_image":[{"width":800,"height":800,"url":"https:\/\/reihey.com\/wp-content\/uploads\/2025\/08\/4556.jpg","type":"image\/jpeg"}],"twitter_card":"summary_large_image","twitter_misc":{"Est. reading time":"1 minute"},"schema":{"@context":"https:\/\/schema.org","@graph":[{"@type":"WebPage","@id":"https:\/\/reihey.com\/product\/3-25oz-wide-mouth-glass-honey-jar-with-screw-metal-lid\/","url":"https:\/\/reihey.com\/product\/3-25oz-wide-mouth-glass-honey-jar-with-screw-metal-lid\/","name":"Pots en verre \u00e0 large goulot de 3-25 oz avec bouchon m\u00e9tallique \u00e0 vis - Reihey Glass","isPartOf":{"@id":"https:\/\/reihey.com\/#website"},"primaryImageOfPage":{"@id":"https:\/\/reihey.com\/product\/3-25oz-wide-mouth-glass-honey-jar-with-screw-metal-lid\/#primaryimage"},"image":{"@id":"https:\/\/reihey.com\/product\/3-25oz-wide-mouth-glass-honey-jar-with-screw-metal-lid\/#primaryimage"},"thumbnailUrl":"https:\/\/reihey.com\/wp-content\/uploads\/2025\/08\/4556.jpg","datePublished":"2025-08-27T10:43:54+00:00","dateModified":"2025-10-29T06:21:35+00:00","breadcrumb":{"@id":"https:\/\/reihey.com\/product\/3-25oz-wide-mouth-glass-honey-jar-with-screw-metal-lid\/#breadcrumb"},"inLanguage":"fr-FR","potentialAction":[{"@type":"ReadAction","target":["https:\/\/reihey.com\/product\/3-25oz-wide-mouth-glass-honey-jar-with-screw-metal-lid\/"]}]},{"@type":"ImageObject","inLanguage":"fr-FR","@id":"https:\/\/reihey.com\/product\/3-25oz-wide-mouth-glass-honey-jar-with-screw-metal-lid\/#primaryimage","url":"https:\/\/reihey.com\/wp-content\/uploads\/2025\/08\/4556.jpg","contentUrl":"https:\/\/reihey.com\/wp-content\/uploads\/2025\/08\/4556.jpg","width":800,"height":800},{"@type":"BreadcrumbList","@id":"https:\/\/reihey.com\/product\/3-25oz-wide-mouth-glass-honey-jar-with-screw-metal-lid\/#breadcrumb","itemListElement":[{"@type":"ListItem","position":1,"name":"Home","item":"https:\/\/reihey.com\/"},{"@type":"ListItem","position":2,"name":"Shop","item":"https:\/\/reihey.com\/shop\/"},{"@type":"ListItem","position":3,"name":"3-25oz Wide Mouth Glass Honey Jar With Screw Metal Lid"}]},{"@type":"WebSite","@id":"https:\/\/reihey.com\/#website","url":"https:\/\/reihey.com\/","name":"Verre Reiheney","description":"","publisher":{"@id":"https:\/\/reihey.com\/#organization"},"potentialAction":[{"@type":"SearchAction","target":{"@type":"EntryPoint","urlTemplate":"https:\/\/reihey.com\/?s={search_term_string}"},"query-input":{"@type":"PropertyValueSpecification","valueRequired":true,"valueName":"search_term_string"}}],"inLanguage":"fr-FR"},{"@type":"Organization","@id":"https:\/\/reihey.com\/#organization","name":"Verre Reiheney","url":"https:\/\/reihey.com\/","logo":{"@type":"ImageObject","inLanguage":"fr-FR","@id":"https:\/\/reihey.com\/#\/schema\/logo\/image\/","url":"https:\/\/reihey.com\/wp-content\/uploads\/2023\/07\/Reihey-logo-2026.svg","contentUrl":"https:\/\/reihey.com\/wp-content\/uploads\/2023\/07\/Reihey-logo-2026.svg","width":1984,"height":566,"caption":"Reihey Glass"},"image":{"@id":"https:\/\/reihey.com\/#\/schema\/logo\/image\/"}}]}},"_links":{"self":[{"href":"https:\/\/reihey.com\/fr\/wp-json\/wp\/v2\/product\/3722","targetHints":{"allow":["GET"]}}],"collection":[{"href":"https:\/\/reihey.com\/fr\/wp-json\/wp\/v2\/product"}],"about":[{"href":"https:\/\/reihey.com\/fr\/wp-json\/wp\/v2\/types\/product"}],"replies":[{"embeddable":true,"href":"https:\/\/reihey.com\/fr\/wp-json\/wp\/v2\/comments?post=3722"}],"version-history":[{"count":3,"href":"https:\/\/reihey.com\/fr\/wp-json\/wp\/v2\/product\/3722\/revisions"}],"predecessor-version":[{"id":998192,"href":"https:\/\/reihey.com\/fr\/wp-json\/wp\/v2\/product\/3722\/revisions\/998192"}],"wp:featuredmedia":[{"embeddable":true,"href":"https:\/\/reihey.com\/fr\/wp-json\/wp\/v2\/media\/991357"}],"wp:attachment":[{"href":"https:\/\/reihey.com\/fr\/wp-json\/wp\/v2\/media?parent=3722"}],"wp:term":[{"taxonomy":"product_brand","embeddable":true,"href":"https:\/\/reihey.com\/fr\/wp-json\/wp\/v2\/product_brand?post=3722"},{"taxonomy":"product_cat","embeddable":true,"href":"https:\/\/reihey.com\/fr\/wp-json\/wp\/v2\/product_cat?post=3722"},{"taxonomy":"product_tag","embeddable":true,"href":"https:\/\/reihey.com\/fr\/wp-json\/wp\/v2\/product_tag?post=3722"}],"curies":[{"name":"wp","href":"https:\/\/api.w.org\/{rel}","templated":true}]}}