{"id":3697,"date":"2025-08-27T10:43:42","date_gmt":"2025-08-27T10:43:42","guid":{"rendered":"https:\/\/slot71.silverline.dev\/?post_type=product&#038;p=3697"},"modified":"2025-10-29T06:21:35","modified_gmt":"2025-10-29T06:21:35","slug":"200ml-375ml-500ml-750ml-1000ml-empty-round-shoulder-glass-vodka-bottle-with-cork-lid","status":"publish","type":"product","link":"https:\/\/reihey.com\/fr\/product\/200ml-375ml-500ml-750ml-1000ml-empty-round-shoulder-glass-vodka-bottle-with-cork-lid\/","title":{"rendered":"200Ml 375Ml 500Ml 750Ml 1000Ml Bouteille en verre \u00e0 gorge ronde vide de vodka avec bouchon en li\u00e8ge"},"content":{"rendered":"","protected":false},"excerpt":{"rendered":"<table class=\"desk-tab\">\n<tbody>\n<tr>\n<th>Mat\u00e9riel<\/th>\n<th>Capacit\u00e9<\/th>\n<th>Couleur<\/th>\n<th>Taille<\/th>\n<th>Couvercle<\/th>\n<th>Utilisation<\/th>\n<th>Conditionnement<\/th>\n<\/tr>\n<tr>\n<td>Verre<\/td>\n<td>100ml<\/td>\n<td>Clair<\/td>\n<td>13,5\u00d75,3 cm<\/td>\n<td>Li\u00e8ge<\/td>\n<td>Liqueur<\/td>\n<td>1. Carton d'exportation standard\u2013Xpcs\/bo\u00eete, Ybo\u00eete\/carton<\/td>\n<\/tr>\n<tr>\n<td><\/td>\n<td>200ml<\/td>\n<td><\/td>\n<td>15,7\u00d76,4 cm<\/td>\n<td><\/td>\n<td>Vin<\/td>\n<td>2. Pack personnalis\u00e9 : bo\u00eete blanche avec votre LOGO, bo\u00eete cadeau color\u00e9e avec votre logo<\/td>\n<\/tr>\n<tr>\n<td><\/td>\n<td>375ml<\/td>\n<td><\/td>\n<td>18,8\u00d77,7 cm<\/td>\n<td><\/td>\n<td>Emballage de vodka<\/td>\n<td><\/td>\n<\/tr>\n<tr>\n<td><\/td>\n<td>500ml<\/td>\n<td><\/td>\n<td>20,7\u00d77,3 cm<\/td>\n<td><\/td>\n<td><\/td>\n<td><\/td>\n<\/tr>\n<tr>\n<td><\/td>\n<td>750 ml<\/td>\n<td><\/td>\n<td>23,2\u00d79,4 cm<\/td>\n<td><\/td>\n<td><\/td>\n<td><\/td>\n<\/tr>\n<tr>\n<td><\/td>\n<td>1000ml<\/td>\n<td><\/td>\n<td>25,5\u00d710 cm<\/td>\n<td><\/td>\n<td><\/td>\n<td><\/td>\n<\/tr>\n<\/tbody>\n<\/table>\n<table class=\"mob-tab\">\n<tbody>\n<tr>\n<th>Mat\u00e9riel<\/th>\n<td>Verre<\/td>\n<\/tr>\n<tr>\n<th>Capacit\u00e9<\/th>\n<td>100ml<br \/>\n200ml<br \/>\n375ml<br \/>\n500ml<br \/>\n750 ml<br \/>\n1000ml<\/td>\n<\/tr>\n<tr>\n<th>Couleur<\/th>\n<td>Clair<\/td>\n<\/tr>\n<tr>\n<th>Taille<\/th>\n<td>13,5\u00d75,3 cm<br \/>\n15,7\u00d76,4 cm<br \/>\n18,8\u00d77,7 cm<br \/>\n20,7\u00d77,3 cm<br \/>\n23,2\u00d79,4 cm<br \/>\n25,5\u00d710 cm<\/td>\n<\/tr>\n<tr>\n<th>Couvercle<\/th>\n<td>Li\u00e8ge<\/td>\n<\/tr>\n<tr>\n<th>Utilisation<\/th>\n<td>Liqueur<br \/>\nVin<br \/>\nEmballage de vodka<\/td>\n<\/tr>\n<tr>\n<th>Conditionnement<\/th>\n<td>1. Carton d'exportation standard\u2013Xpcs\/bo\u00eete, Ybo\u00eete\/carton<br \/>\n2. Pack personnalis\u00e9 : bo\u00eete blanche avec votre LOGO, bo\u00eete cadeau color\u00e9e avec votre logo<\/td>\n<\/tr>\n<\/tbody>\n<\/table>\n<p><strong>\u00c0 propos de cet article :<\/strong><br \/>\nCette bouteille en verre de vodka est robuste et stable et le bouchon en forme de T assure une \u00e9tanch\u00e9it\u00e9. Parfaite pour les liqueurs et les boissons, bouteilles nordiques de haute qualit\u00e9 pour votre fermentation maison, vodka, boissons, sauces, sirops, vinaigres, huiles et plus encore. D\u00e9corez les bouteilles de limoncello avec votre \u00e9tiquette personnalis\u00e9e, ajoutez le charme de vin portant le nom du vin. Adapt\u00e9 pour la maison, le bar, le restaurant, super cadeau pour les passionn\u00e9s de whisky et de bourbon !<\/p>","protected":false},"featured_media":991348,"comment_status":"closed","ping_status":"closed","template":"","meta":{"_acf_changed":false},"product_brand":[],"product_cat":[611,612],"product_tag":[],"class_list":{"0":"post-3697","1":"product","2":"type-product","3":"status-publish","4":"has-post-thumbnail","6":"product_cat-glass-bottle-manufacturer","7":"product_cat-glass-wine-bottle-manufacturer","9":"first","10":"instock","11":"shipping-taxable","12":"product-type-simple"},"acf":[],"yoast_head":"<!-- This site is optimized with the Yoast SEO plugin v26.7 - https:\/\/yoast.com\/wordpress\/plugins\/seo\/ -->\n<title>200Ml 375Ml 500Ml 750Ml 1000Ml Empty Round Shoulder Glass Vodka Bottle With Cork Lid - Reihey Glass<\/title>\n<meta name=\"robots\" content=\"index, follow, max-snippet:-1, max-image-preview:large, max-video-preview:-1\" \/>\n<link rel=\"canonical\" href=\"https:\/\/reihey.com\/fr\/product\/200ml-375ml-500ml-750ml-1000ml-empty-round-shoulder-glass-vodka-bottle-with-cork-lid\/\" \/>\n<meta property=\"og:locale\" content=\"fr_FR\" \/>\n<meta property=\"og:type\" content=\"article\" \/>\n<meta property=\"og:title\" content=\"200Ml 375Ml 500Ml 750Ml 1000Ml Empty Round Shoulder Glass Vodka Bottle With Cork Lid - Reihey Glass\" \/>\n<meta property=\"og:description\" content=\"Material Capacity Color Size Lid Usage Packing   Glass 100ml Clear 13.5*5.3cm Cork Liquor 1. Standard export carton--Xpcs\/box, Ybox\/carton    200ml  15.7*6.4cm  Wine 2. Custom pack: white box with your LOGO, Color gift box with your logo    375ml  18.8*7.7cm  Vodka Packing     500ml  20.7*7.3cm       750ml  23.2*9.4cm       1000ml  25.5*10cm          Material Glass   Capacity 100ml 200ml 375ml 500ml 750ml 1000ml   Color Clear   Size 13.5*5.3cm 15.7*6.4cm 18.8*7.7cm 20.7*7.3cm 23.2*9.4cm 25.5*10cm   Lid Cork   Usage Liquor Wine Vodka Packing   Packing 1. Standard export carton--Xpcs\/box, Ybox\/carton 2. Custom pack: white box with your LOGO, Color gift box with your logo    About this item: This vodka glass bottle is sturdy and tip-resistant and the T-shaped cap ensures a tight seal. Perfect for liquor and beverages, high quality Nordic bottles for your homebrew, vodka, drinks, sauces, syrups, vinegars, oils and more. Decorate the limoncello bottles with your custom label, add the wine charm with the name of the wine on it. Suitable for home, bar, restaurant, great gift for whiskey and bourbon enthusiasts!\" \/>\n<meta property=\"og:url\" content=\"https:\/\/reihey.com\/fr\/product\/200ml-375ml-500ml-750ml-1000ml-empty-round-shoulder-glass-vodka-bottle-with-cork-lid\/\" \/>\n<meta property=\"og:site_name\" content=\"Reihey Glass\" \/>\n<meta property=\"article:modified_time\" content=\"2025-10-29T06:21:35+00:00\" \/>\n<meta property=\"og:image\" content=\"https:\/\/reihey.com\/wp-content\/uploads\/2025\/08\/Main-01-2.jpg\" \/>\n\t<meta property=\"og:image:width\" content=\"750\" \/>\n\t<meta property=\"og:image:height\" content=\"750\" \/>\n\t<meta property=\"og:image:type\" content=\"image\/jpeg\" \/>\n<meta name=\"twitter:card\" content=\"summary_large_image\" \/>\n<meta name=\"twitter:label1\" content=\"Est. reading time\" \/>\n\t<meta name=\"twitter:data1\" content=\"1 minute\" \/>\n<script type=\"application\/ld+json\" class=\"yoast-schema-graph\">{\"@context\":\"https:\/\/schema.org\",\"@graph\":[{\"@type\":\"WebPage\",\"@id\":\"https:\/\/reihey.com\/product\/200ml-375ml-500ml-750ml-1000ml-empty-round-shoulder-glass-vodka-bottle-with-cork-lid\/\",\"url\":\"https:\/\/reihey.com\/product\/200ml-375ml-500ml-750ml-1000ml-empty-round-shoulder-glass-vodka-bottle-with-cork-lid\/\",\"name\":\"200Ml 375Ml 500Ml 750Ml 1000Ml Empty Round Shoulder Glass Vodka Bottle With Cork Lid - Reihey Glass\",\"isPartOf\":{\"@id\":\"https:\/\/reihey.com\/#website\"},\"primaryImageOfPage\":{\"@id\":\"https:\/\/reihey.com\/product\/200ml-375ml-500ml-750ml-1000ml-empty-round-shoulder-glass-vodka-bottle-with-cork-lid\/#primaryimage\"},\"image\":{\"@id\":\"https:\/\/reihey.com\/product\/200ml-375ml-500ml-750ml-1000ml-empty-round-shoulder-glass-vodka-bottle-with-cork-lid\/#primaryimage\"},\"thumbnailUrl\":\"https:\/\/reihey.com\/wp-content\/uploads\/2025\/08\/Main-01-2.jpg\",\"datePublished\":\"2025-08-27T10:43:42+00:00\",\"dateModified\":\"2025-10-29T06:21:35+00:00\",\"breadcrumb\":{\"@id\":\"https:\/\/reihey.com\/product\/200ml-375ml-500ml-750ml-1000ml-empty-round-shoulder-glass-vodka-bottle-with-cork-lid\/#breadcrumb\"},\"inLanguage\":\"fr-FR\",\"potentialAction\":[{\"@type\":\"ReadAction\",\"target\":[\"https:\/\/reihey.com\/product\/200ml-375ml-500ml-750ml-1000ml-empty-round-shoulder-glass-vodka-bottle-with-cork-lid\/\"]}]},{\"@type\":\"ImageObject\",\"inLanguage\":\"fr-FR\",\"@id\":\"https:\/\/reihey.com\/product\/200ml-375ml-500ml-750ml-1000ml-empty-round-shoulder-glass-vodka-bottle-with-cork-lid\/#primaryimage\",\"url\":\"https:\/\/reihey.com\/wp-content\/uploads\/2025\/08\/Main-01-2.jpg\",\"contentUrl\":\"https:\/\/reihey.com\/wp-content\/uploads\/2025\/08\/Main-01-2.jpg\",\"width\":750,\"height\":750},{\"@type\":\"BreadcrumbList\",\"@id\":\"https:\/\/reihey.com\/product\/200ml-375ml-500ml-750ml-1000ml-empty-round-shoulder-glass-vodka-bottle-with-cork-lid\/#breadcrumb\",\"itemListElement\":[{\"@type\":\"ListItem\",\"position\":1,\"name\":\"Home\",\"item\":\"https:\/\/reihey.com\/\"},{\"@type\":\"ListItem\",\"position\":2,\"name\":\"Shop\",\"item\":\"https:\/\/reihey.com\/shop\/\"},{\"@type\":\"ListItem\",\"position\":3,\"name\":\"200Ml 375Ml 500Ml 750Ml 1000Ml Empty Round Shoulder Glass Vodka Bottle With Cork Lid\"}]},{\"@type\":\"WebSite\",\"@id\":\"https:\/\/reihey.com\/#website\",\"url\":\"https:\/\/reihey.com\/\",\"name\":\"Reihey Glass\",\"description\":\"\",\"publisher\":{\"@id\":\"https:\/\/reihey.com\/#organization\"},\"potentialAction\":[{\"@type\":\"SearchAction\",\"target\":{\"@type\":\"EntryPoint\",\"urlTemplate\":\"https:\/\/reihey.com\/?s={search_term_string}\"},\"query-input\":{\"@type\":\"PropertyValueSpecification\",\"valueRequired\":true,\"valueName\":\"search_term_string\"}}],\"inLanguage\":\"fr-FR\"},{\"@type\":\"Organization\",\"@id\":\"https:\/\/reihey.com\/#organization\",\"name\":\"Reihey Glass\",\"url\":\"https:\/\/reihey.com\/\",\"logo\":{\"@type\":\"ImageObject\",\"inLanguage\":\"fr-FR\",\"@id\":\"https:\/\/reihey.com\/#\/schema\/logo\/image\/\",\"url\":\"https:\/\/reihey.com\/wp-content\/uploads\/2023\/07\/Reihey-logo-2026.svg\",\"contentUrl\":\"https:\/\/reihey.com\/wp-content\/uploads\/2023\/07\/Reihey-logo-2026.svg\",\"width\":1984,\"height\":566,\"caption\":\"Reihey Glass\"},\"image\":{\"@id\":\"https:\/\/reihey.com\/#\/schema\/logo\/image\/\"}}]}<\/script>\n<!-- \/ Yoast SEO plugin. -->","yoast_head_json":{"title":"Bouteille en verre ronde \u00e0 goulot vide de 200 ml 375 ml 500 ml 750 ml 1000 ml avec bouchon de li\u00e8ge - Verre Reihey","robots":{"index":"index","follow":"follow","max-snippet":"max-snippet:-1","max-image-preview":"max-image-preview:large","max-video-preview":"max-video-preview:-1"},"canonical":"https:\/\/reihey.com\/fr\/product\/200ml-375ml-500ml-750ml-1000ml-empty-round-shoulder-glass-vodka-bottle-with-cork-lid\/","og_locale":"fr_FR","og_type":"article","og_title":"200Ml 375Ml 500Ml 750Ml 1000Ml Empty Round Shoulder Glass Vodka Bottle With Cork Lid - Reihey Glass","og_description":"Material Capacity Color Size Lid Usage Packing   Glass 100ml Clear 13.5*5.3cm Cork Liquor 1. Standard export carton--Xpcs\/box, Ybox\/carton    200ml  15.7*6.4cm  Wine 2. Custom pack: white box with your LOGO, Color gift box with your logo    375ml  18.8*7.7cm  Vodka Packing     500ml  20.7*7.3cm       750ml  23.2*9.4cm       1000ml  25.5*10cm          Material Glass   Capacity 100ml 200ml 375ml 500ml 750ml 1000ml   Color Clear   Size 13.5*5.3cm 15.7*6.4cm 18.8*7.7cm 20.7*7.3cm 23.2*9.4cm 25.5*10cm   Lid Cork   Usage Liquor Wine Vodka Packing   Packing 1. Standard export carton--Xpcs\/box, Ybox\/carton 2. Custom pack: white box with your LOGO, Color gift box with your logo    About this item: This vodka glass bottle is sturdy and tip-resistant and the T-shaped cap ensures a tight seal. Perfect for liquor and beverages, high quality Nordic bottles for your homebrew, vodka, drinks, sauces, syrups, vinegars, oils and more. Decorate the limoncello bottles with your custom label, add the wine charm with the name of the wine on it. Suitable for home, bar, restaurant, great gift for whiskey and bourbon enthusiasts!","og_url":"https:\/\/reihey.com\/fr\/product\/200ml-375ml-500ml-750ml-1000ml-empty-round-shoulder-glass-vodka-bottle-with-cork-lid\/","og_site_name":"Reihey Glass","article_modified_time":"2025-10-29T06:21:35+00:00","og_image":[{"width":750,"height":750,"url":"https:\/\/reihey.com\/wp-content\/uploads\/2025\/08\/Main-01-2.jpg","type":"image\/jpeg"}],"twitter_card":"summary_large_image","twitter_misc":{"Est. reading time":"1 minute"},"schema":{"@context":"https:\/\/schema.org","@graph":[{"@type":"WebPage","@id":"https:\/\/reihey.com\/product\/200ml-375ml-500ml-750ml-1000ml-empty-round-shoulder-glass-vodka-bottle-with-cork-lid\/","url":"https:\/\/reihey.com\/product\/200ml-375ml-500ml-750ml-1000ml-empty-round-shoulder-glass-vodka-bottle-with-cork-lid\/","name":"Bouteille en verre ronde \u00e0 goulot vide de 200 ml 375 ml 500 ml 750 ml 1000 ml avec bouchon de li\u00e8ge - Verre Reihey","isPartOf":{"@id":"https:\/\/reihey.com\/#website"},"primaryImageOfPage":{"@id":"https:\/\/reihey.com\/product\/200ml-375ml-500ml-750ml-1000ml-empty-round-shoulder-glass-vodka-bottle-with-cork-lid\/#primaryimage"},"image":{"@id":"https:\/\/reihey.com\/product\/200ml-375ml-500ml-750ml-1000ml-empty-round-shoulder-glass-vodka-bottle-with-cork-lid\/#primaryimage"},"thumbnailUrl":"https:\/\/reihey.com\/wp-content\/uploads\/2025\/08\/Main-01-2.jpg","datePublished":"2025-08-27T10:43:42+00:00","dateModified":"2025-10-29T06:21:35+00:00","breadcrumb":{"@id":"https:\/\/reihey.com\/product\/200ml-375ml-500ml-750ml-1000ml-empty-round-shoulder-glass-vodka-bottle-with-cork-lid\/#breadcrumb"},"inLanguage":"fr-FR","potentialAction":[{"@type":"ReadAction","target":["https:\/\/reihey.com\/product\/200ml-375ml-500ml-750ml-1000ml-empty-round-shoulder-glass-vodka-bottle-with-cork-lid\/"]}]},{"@type":"ImageObject","inLanguage":"fr-FR","@id":"https:\/\/reihey.com\/product\/200ml-375ml-500ml-750ml-1000ml-empty-round-shoulder-glass-vodka-bottle-with-cork-lid\/#primaryimage","url":"https:\/\/reihey.com\/wp-content\/uploads\/2025\/08\/Main-01-2.jpg","contentUrl":"https:\/\/reihey.com\/wp-content\/uploads\/2025\/08\/Main-01-2.jpg","width":750,"height":750},{"@type":"BreadcrumbList","@id":"https:\/\/reihey.com\/product\/200ml-375ml-500ml-750ml-1000ml-empty-round-shoulder-glass-vodka-bottle-with-cork-lid\/#breadcrumb","itemListElement":[{"@type":"ListItem","position":1,"name":"Home","item":"https:\/\/reihey.com\/"},{"@type":"ListItem","position":2,"name":"Shop","item":"https:\/\/reihey.com\/shop\/"},{"@type":"ListItem","position":3,"name":"200Ml 375Ml 500Ml 750Ml 1000Ml Empty Round Shoulder Glass Vodka Bottle With Cork Lid"}]},{"@type":"WebSite","@id":"https:\/\/reihey.com\/#website","url":"https:\/\/reihey.com\/","name":"Verre Reiheney","description":"","publisher":{"@id":"https:\/\/reihey.com\/#organization"},"potentialAction":[{"@type":"SearchAction","target":{"@type":"EntryPoint","urlTemplate":"https:\/\/reihey.com\/?s={search_term_string}"},"query-input":{"@type":"PropertyValueSpecification","valueRequired":true,"valueName":"search_term_string"}}],"inLanguage":"fr-FR"},{"@type":"Organization","@id":"https:\/\/reihey.com\/#organization","name":"Verre Reiheney","url":"https:\/\/reihey.com\/","logo":{"@type":"ImageObject","inLanguage":"fr-FR","@id":"https:\/\/reihey.com\/#\/schema\/logo\/image\/","url":"https:\/\/reihey.com\/wp-content\/uploads\/2023\/07\/Reihey-logo-2026.svg","contentUrl":"https:\/\/reihey.com\/wp-content\/uploads\/2023\/07\/Reihey-logo-2026.svg","width":1984,"height":566,"caption":"Reihey Glass"},"image":{"@id":"https:\/\/reihey.com\/#\/schema\/logo\/image\/"}}]}},"_links":{"self":[{"href":"https:\/\/reihey.com\/fr\/wp-json\/wp\/v2\/product\/3697","targetHints":{"allow":["GET"]}}],"collection":[{"href":"https:\/\/reihey.com\/fr\/wp-json\/wp\/v2\/product"}],"about":[{"href":"https:\/\/reihey.com\/fr\/wp-json\/wp\/v2\/types\/product"}],"replies":[{"embeddable":true,"href":"https:\/\/reihey.com\/fr\/wp-json\/wp\/v2\/comments?post=3697"}],"version-history":[{"count":7,"href":"https:\/\/reihey.com\/fr\/wp-json\/wp\/v2\/product\/3697\/revisions"}],"predecessor-version":[{"id":998191,"href":"https:\/\/reihey.com\/fr\/wp-json\/wp\/v2\/product\/3697\/revisions\/998191"}],"wp:featuredmedia":[{"embeddable":true,"href":"https:\/\/reihey.com\/fr\/wp-json\/wp\/v2\/media\/991348"}],"wp:attachment":[{"href":"https:\/\/reihey.com\/fr\/wp-json\/wp\/v2\/media?parent=3697"}],"wp:term":[{"taxonomy":"product_brand","embeddable":true,"href":"https:\/\/reihey.com\/fr\/wp-json\/wp\/v2\/product_brand?post=3697"},{"taxonomy":"product_cat","embeddable":true,"href":"https:\/\/reihey.com\/fr\/wp-json\/wp\/v2\/product_cat?post=3697"},{"taxonomy":"product_tag","embeddable":true,"href":"https:\/\/reihey.com\/fr\/wp-json\/wp\/v2\/product_tag?post=3697"}],"curies":[{"name":"wp","href":"https:\/\/api.w.org\/{rel}","templated":true}]}}