{"id":3625,"date":"2025-08-27T10:42:54","date_gmt":"2025-08-27T10:42:54","guid":{"rendered":"https:\/\/slot71.silverline.dev\/?post_type=product&#038;p=3625"},"modified":"2025-10-29T06:21:27","modified_gmt":"2025-10-29T06:21:27","slug":"transparent-round-empty-flint-glass-liquor-wine-whisky-bottle-with-cork-lid","status":"publish","type":"product","link":"https:\/\/reihey.com\/fr\/product\/transparent-round-empty-flint-glass-liquor-wine-whisky-bottle-with-cork-lid\/","title":{"rendered":"Bouteille ronde transparente en verre clair vide, en flint, \u00e0 bouchon en li\u00e8ge, pour alcool, vin, whisky"},"content":{"rendered":"","protected":false},"excerpt":{"rendered":"<table class=\"desk-tab\">\n<tbody>\n<tr>\n<th>Mat\u00e9riel<\/th>\n<th>Capacit\u00e9<\/th>\n<th>Couleur<\/th>\n<th>Taille<\/th>\n<th>Couvercle<\/th>\n<th>Utilisation<\/th>\n<th>Conditionnement<\/th>\n<\/tr>\n<tr>\n<td>Verre<\/td>\n<td>200ml<\/td>\n<td>Transparent<\/td>\n<td>28,5*4,9cm<\/td>\n<td>Li\u00e8ge<\/td>\n<td>Vin<\/td>\n<td>1. Carton d'exportation standard\u2013Xpcs\/bo\u00eete, Ybo\u00eete\/carton<\/td>\n<\/tr>\n<tr>\n<td><\/td>\n<td>375ml<\/td>\n<td><\/td>\n<td>30,7*6,6cm<\/td>\n<td>Fermeture \u00e0 vis<\/td>\n<td><\/td>\n<td>2. Pack personnalis\u00e9 : bo\u00eete blanche avec votre LOGO, bo\u00eete cadeau color\u00e9e avec votre logo<\/td>\n<\/tr>\n<tr>\n<td><\/td>\n<td>500ml<\/td>\n<td><\/td>\n<td>35*5,8cm<\/td>\n<td><\/td>\n<td><\/td>\n<td><\/td>\n<\/tr>\n<tr>\n<td><\/td>\n<td>750 ml<\/td>\n<td><\/td>\n<td>39*6,2cm<\/td>\n<td><\/td>\n<td><\/td>\n<td><\/td>\n<\/tr>\n<\/tbody>\n<\/table>\n<table class=\"mob-tab\">\n<tbody>\n<tr>\n<th>Mat\u00e9riel<\/th>\n<td>Verre<\/td>\n<\/tr>\n<tr>\n<th>Capacit\u00e9<\/th>\n<td>200ml<br \/>\n375ml<br \/>\n500ml<br \/>\n750 ml<\/td>\n<\/tr>\n<tr>\n<th>Couleur<\/th>\n<td>Transparent<\/td>\n<\/tr>\n<tr>\n<th>Taille<\/th>\n<td>28,5*4,9cm<br \/>\n30,7*6,6cm<br \/>\n35*5,8cm<br \/>\n39*6,2cm<\/td>\n<\/tr>\n<tr>\n<th>Couvercle<\/th>\n<td>Bouchon li\u00e8ge ou \u00e0 vis<\/td>\n<\/tr>\n<tr>\n<th>Utilisation<\/th>\n<td>Vin<\/td>\n<\/tr>\n<tr>\n<th>Conditionnement<\/th>\n<td>1. Carton d'exportation standard\u2013Xpcs\/bo\u00eete, Ybo\u00eete\/carton.<br \/>\n2. Pack personnalis\u00e9 : bo\u00eete blanche avec votre LOGO, bo\u00eete cadeau color\u00e9e avec votre logo<\/td>\n<\/tr>\n<\/tbody>\n<\/table>\n<p><strong>\u00c0 propos de cet article :<\/strong>1.Bouteille en verre avec bouchon en li\u00e8ge et bouchon r\u00e9tractable sous vide. 2.Verrre transparent, corps rond, facile \u00e0 transporter, design parfait 3.Le fond \u00e9paissi rend la bouteille plus belle, difficile \u00e0 renverser et \u00e0 tomber 4.La bouteille en verre clair est pr\u00eate pour votre \u00e9tiquette personnalis\u00e9e mais tout aussi \u00e9l\u00e9gante sans \u00e9tiquette. Cette bouteille en verre est \u00e9galement id\u00e9ale comme emballage pour des cadeaux faits maison et des d\u00e9corations de f\u00eate. Le bouchon se d\u00e9visse facilement, mais se ferme solidement pour \u00e9viter tout d\u00e9versement. 5.Multi-usage et r\u00e9utilisable; Divers usages allant du service d'eau, th\u00e9, alcool, k\u00e9fir ou kombucha au stockage de sauces, vinaigre, huile et plus encore. 6.Emballage anti-emballages, pr\u00e9venir les dommages \u00e0 la bouteille et vous la livrer en toute s\u00e9curit\u00e9. Parfait pour les cadeaux faits maison ! 7.Eco-responsable; Les bouteilles en mat\u00e9riaux non toxiques sont recyclables \u00e0 100% et respectueuses de l'environnement; Garanties s\u00fbres pour le stockage de substances comestibles<\/p>","protected":false},"featured_media":991309,"comment_status":"closed","ping_status":"closed","template":"","meta":{"_acf_changed":false},"product_brand":[],"product_cat":[611,612],"product_tag":[],"class_list":{"0":"post-3625","1":"product","2":"type-product","3":"status-publish","4":"has-post-thumbnail","6":"product_cat-glass-bottle-manufacturer","7":"product_cat-glass-wine-bottle-manufacturer","9":"first","10":"instock","11":"shipping-taxable","12":"product-type-simple"},"acf":[],"yoast_head":"<!-- This site is optimized with the Yoast SEO plugin v26.7 - https:\/\/yoast.com\/wordpress\/plugins\/seo\/ -->\n<title>Transparent Round Empty Flint Glass Liquor Wine Whisky Bottle With Cork Lid - Reihey Glass<\/title>\n<meta name=\"robots\" content=\"index, follow, max-snippet:-1, max-image-preview:large, max-video-preview:-1\" \/>\n<link rel=\"canonical\" href=\"https:\/\/reihey.com\/fr\/product\/transparent-round-empty-flint-glass-liquor-wine-whisky-bottle-with-cork-lid\/\" \/>\n<meta property=\"og:locale\" content=\"fr_FR\" \/>\n<meta property=\"og:type\" content=\"article\" \/>\n<meta property=\"og:title\" content=\"Transparent Round Empty Flint Glass Liquor Wine Whisky Bottle With Cork Lid - Reihey Glass\" \/>\n<meta property=\"og:description\" content=\"Material Capacity Color Size Lid Usage Packing   Glass 200ml Transparent 28.5*4.9cm Cork Wine 1. Standard export carton--Xpcs\/box, Ybox\/carton    375ml  30.7*6.6cm Screw Top  2. Custom pack: white box with your LOGO, Color gift box with your logo    500ml  35*5.8cm       750ml  39*6.2cm          Material Glass   Capacity 200ml 375ml 500ml 750ml   Color Transparent   Size 28.5*4.9cm 30.7*6.6cm 35*5.8cm 39*6.2cm   Lid Cork or Screw Top   Usage Wine   Packing 1. Standard export carton--Xpcs\/box, Ybox\/carton. 2. Custom pack: white box with your LOGO, Color gift box with your logo    About this item:1.Glass Bottle with cork and heat shrink cap. 2.Transparent glass, round body, easy to carry, perfect design 3.Thickened bottom makes the bottle more beautiful, not easy to topple and fall 4.Clear glass bottle is ready for your custom label but equally handsome when left unlabeled. This glass bottle also makes great packaging for handmade gifts and party favors. The cap is easy to twist, yet closes the bottle tightly to prevent spillage. 5.Multipurpose and reusable; Variety of use ranges from serving water, tea, liquor, kefir or kombucha to storing sauces, vinegar, oil and more. 6.Foam packaging, prevent bottle damage and deliver it safely to you.Perfect for DIY Gifts! 7.Eco-Friendly; Bottles made of nontoxic materials are 100% recyclable and environmentally responsible; Guaranteed safe for storing edible substances\" \/>\n<meta property=\"og:url\" content=\"https:\/\/reihey.com\/fr\/product\/transparent-round-empty-flint-glass-liquor-wine-whisky-bottle-with-cork-lid\/\" \/>\n<meta property=\"og:site_name\" content=\"Reihey Glass\" \/>\n<meta property=\"article:modified_time\" content=\"2025-10-29T06:21:27+00:00\" \/>\n<meta property=\"og:image\" content=\"https:\/\/reihey.com\/wp-content\/uploads\/2025\/08\/Main-02-5.jpg\" \/>\n\t<meta property=\"og:image:width\" content=\"800\" \/>\n\t<meta property=\"og:image:height\" content=\"800\" \/>\n\t<meta property=\"og:image:type\" content=\"image\/jpeg\" \/>\n<meta name=\"twitter:card\" content=\"summary_large_image\" \/>\n<meta name=\"twitter:label1\" content=\"Est. reading time\" \/>\n\t<meta name=\"twitter:data1\" content=\"1 minute\" \/>\n<script type=\"application\/ld+json\" class=\"yoast-schema-graph\">{\"@context\":\"https:\/\/schema.org\",\"@graph\":[{\"@type\":\"WebPage\",\"@id\":\"https:\/\/reihey.com\/product\/transparent-round-empty-flint-glass-liquor-wine-whisky-bottle-with-cork-lid\/\",\"url\":\"https:\/\/reihey.com\/product\/transparent-round-empty-flint-glass-liquor-wine-whisky-bottle-with-cork-lid\/\",\"name\":\"Transparent Round Empty Flint Glass Liquor Wine Whisky Bottle With Cork Lid - Reihey Glass\",\"isPartOf\":{\"@id\":\"https:\/\/reihey.com\/#website\"},\"primaryImageOfPage\":{\"@id\":\"https:\/\/reihey.com\/product\/transparent-round-empty-flint-glass-liquor-wine-whisky-bottle-with-cork-lid\/#primaryimage\"},\"image\":{\"@id\":\"https:\/\/reihey.com\/product\/transparent-round-empty-flint-glass-liquor-wine-whisky-bottle-with-cork-lid\/#primaryimage\"},\"thumbnailUrl\":\"https:\/\/reihey.com\/wp-content\/uploads\/2025\/08\/Main-02-5.jpg\",\"datePublished\":\"2025-08-27T10:42:54+00:00\",\"dateModified\":\"2025-10-29T06:21:27+00:00\",\"breadcrumb\":{\"@id\":\"https:\/\/reihey.com\/product\/transparent-round-empty-flint-glass-liquor-wine-whisky-bottle-with-cork-lid\/#breadcrumb\"},\"inLanguage\":\"fr-FR\",\"potentialAction\":[{\"@type\":\"ReadAction\",\"target\":[\"https:\/\/reihey.com\/product\/transparent-round-empty-flint-glass-liquor-wine-whisky-bottle-with-cork-lid\/\"]}]},{\"@type\":\"ImageObject\",\"inLanguage\":\"fr-FR\",\"@id\":\"https:\/\/reihey.com\/product\/transparent-round-empty-flint-glass-liquor-wine-whisky-bottle-with-cork-lid\/#primaryimage\",\"url\":\"https:\/\/reihey.com\/wp-content\/uploads\/2025\/08\/Main-02-5.jpg\",\"contentUrl\":\"https:\/\/reihey.com\/wp-content\/uploads\/2025\/08\/Main-02-5.jpg\",\"width\":800,\"height\":800},{\"@type\":\"BreadcrumbList\",\"@id\":\"https:\/\/reihey.com\/product\/transparent-round-empty-flint-glass-liquor-wine-whisky-bottle-with-cork-lid\/#breadcrumb\",\"itemListElement\":[{\"@type\":\"ListItem\",\"position\":1,\"name\":\"Home\",\"item\":\"https:\/\/reihey.com\/\"},{\"@type\":\"ListItem\",\"position\":2,\"name\":\"Shop\",\"item\":\"https:\/\/reihey.com\/shop\/\"},{\"@type\":\"ListItem\",\"position\":3,\"name\":\"Transparent Round Empty Flint Glass Liquor Wine Whisky Bottle With Cork Lid\"}]},{\"@type\":\"WebSite\",\"@id\":\"https:\/\/reihey.com\/#website\",\"url\":\"https:\/\/reihey.com\/\",\"name\":\"Reihey Glass\",\"description\":\"\",\"publisher\":{\"@id\":\"https:\/\/reihey.com\/#organization\"},\"potentialAction\":[{\"@type\":\"SearchAction\",\"target\":{\"@type\":\"EntryPoint\",\"urlTemplate\":\"https:\/\/reihey.com\/?s={search_term_string}\"},\"query-input\":{\"@type\":\"PropertyValueSpecification\",\"valueRequired\":true,\"valueName\":\"search_term_string\"}}],\"inLanguage\":\"fr-FR\"},{\"@type\":\"Organization\",\"@id\":\"https:\/\/reihey.com\/#organization\",\"name\":\"Reihey Glass\",\"url\":\"https:\/\/reihey.com\/\",\"logo\":{\"@type\":\"ImageObject\",\"inLanguage\":\"fr-FR\",\"@id\":\"https:\/\/reihey.com\/#\/schema\/logo\/image\/\",\"url\":\"https:\/\/reihey.com\/wp-content\/uploads\/2023\/07\/Reihey-logo-2026.svg\",\"contentUrl\":\"https:\/\/reihey.com\/wp-content\/uploads\/2023\/07\/Reihey-logo-2026.svg\",\"width\":1984,\"height\":566,\"caption\":\"Reihey Glass\"},\"image\":{\"@id\":\"https:\/\/reihey.com\/#\/schema\/logo\/image\/\"}}]}<\/script>\n<!-- \/ Yoast SEO plugin. -->","yoast_head_json":{"title":"Bouteille en verre clair ronde vide en verre transparent avec bouchon en li\u00e8ge - Reihey Glass","robots":{"index":"index","follow":"follow","max-snippet":"max-snippet:-1","max-image-preview":"max-image-preview:large","max-video-preview":"max-video-preview:-1"},"canonical":"https:\/\/reihey.com\/fr\/product\/transparent-round-empty-flint-glass-liquor-wine-whisky-bottle-with-cork-lid\/","og_locale":"fr_FR","og_type":"article","og_title":"Transparent Round Empty Flint Glass Liquor Wine Whisky Bottle With Cork Lid - Reihey Glass","og_description":"Material Capacity Color Size Lid Usage Packing   Glass 200ml Transparent 28.5*4.9cm Cork Wine 1. Standard export carton--Xpcs\/box, Ybox\/carton    375ml  30.7*6.6cm Screw Top  2. Custom pack: white box with your LOGO, Color gift box with your logo    500ml  35*5.8cm       750ml  39*6.2cm          Material Glass   Capacity 200ml 375ml 500ml 750ml   Color Transparent   Size 28.5*4.9cm 30.7*6.6cm 35*5.8cm 39*6.2cm   Lid Cork or Screw Top   Usage Wine   Packing 1. Standard export carton--Xpcs\/box, Ybox\/carton. 2. Custom pack: white box with your LOGO, Color gift box with your logo    About this item:1.Glass Bottle with cork and heat shrink cap. 2.Transparent glass, round body, easy to carry, perfect design 3.Thickened bottom makes the bottle more beautiful, not easy to topple and fall 4.Clear glass bottle is ready for your custom label but equally handsome when left unlabeled. This glass bottle also makes great packaging for handmade gifts and party favors. The cap is easy to twist, yet closes the bottle tightly to prevent spillage. 5.Multipurpose and reusable; Variety of use ranges from serving water, tea, liquor, kefir or kombucha to storing sauces, vinegar, oil and more. 6.Foam packaging, prevent bottle damage and deliver it safely to you.Perfect for DIY Gifts! 7.Eco-Friendly; Bottles made of nontoxic materials are 100% recyclable and environmentally responsible; Guaranteed safe for storing edible substances","og_url":"https:\/\/reihey.com\/fr\/product\/transparent-round-empty-flint-glass-liquor-wine-whisky-bottle-with-cork-lid\/","og_site_name":"Reihey Glass","article_modified_time":"2025-10-29T06:21:27+00:00","og_image":[{"width":800,"height":800,"url":"https:\/\/reihey.com\/wp-content\/uploads\/2025\/08\/Main-02-5.jpg","type":"image\/jpeg"}],"twitter_card":"summary_large_image","twitter_misc":{"Est. reading time":"1 minute"},"schema":{"@context":"https:\/\/schema.org","@graph":[{"@type":"WebPage","@id":"https:\/\/reihey.com\/product\/transparent-round-empty-flint-glass-liquor-wine-whisky-bottle-with-cork-lid\/","url":"https:\/\/reihey.com\/product\/transparent-round-empty-flint-glass-liquor-wine-whisky-bottle-with-cork-lid\/","name":"Bouteille en verre clair ronde vide en verre transparent avec bouchon en li\u00e8ge - Reihey Glass","isPartOf":{"@id":"https:\/\/reihey.com\/#website"},"primaryImageOfPage":{"@id":"https:\/\/reihey.com\/product\/transparent-round-empty-flint-glass-liquor-wine-whisky-bottle-with-cork-lid\/#primaryimage"},"image":{"@id":"https:\/\/reihey.com\/product\/transparent-round-empty-flint-glass-liquor-wine-whisky-bottle-with-cork-lid\/#primaryimage"},"thumbnailUrl":"https:\/\/reihey.com\/wp-content\/uploads\/2025\/08\/Main-02-5.jpg","datePublished":"2025-08-27T10:42:54+00:00","dateModified":"2025-10-29T06:21:27+00:00","breadcrumb":{"@id":"https:\/\/reihey.com\/product\/transparent-round-empty-flint-glass-liquor-wine-whisky-bottle-with-cork-lid\/#breadcrumb"},"inLanguage":"fr-FR","potentialAction":[{"@type":"ReadAction","target":["https:\/\/reihey.com\/product\/transparent-round-empty-flint-glass-liquor-wine-whisky-bottle-with-cork-lid\/"]}]},{"@type":"ImageObject","inLanguage":"fr-FR","@id":"https:\/\/reihey.com\/product\/transparent-round-empty-flint-glass-liquor-wine-whisky-bottle-with-cork-lid\/#primaryimage","url":"https:\/\/reihey.com\/wp-content\/uploads\/2025\/08\/Main-02-5.jpg","contentUrl":"https:\/\/reihey.com\/wp-content\/uploads\/2025\/08\/Main-02-5.jpg","width":800,"height":800},{"@type":"BreadcrumbList","@id":"https:\/\/reihey.com\/product\/transparent-round-empty-flint-glass-liquor-wine-whisky-bottle-with-cork-lid\/#breadcrumb","itemListElement":[{"@type":"ListItem","position":1,"name":"Home","item":"https:\/\/reihey.com\/"},{"@type":"ListItem","position":2,"name":"Shop","item":"https:\/\/reihey.com\/shop\/"},{"@type":"ListItem","position":3,"name":"Transparent Round Empty Flint Glass Liquor Wine Whisky Bottle With Cork Lid"}]},{"@type":"WebSite","@id":"https:\/\/reihey.com\/#website","url":"https:\/\/reihey.com\/","name":"Verre Reiheney","description":"","publisher":{"@id":"https:\/\/reihey.com\/#organization"},"potentialAction":[{"@type":"SearchAction","target":{"@type":"EntryPoint","urlTemplate":"https:\/\/reihey.com\/?s={search_term_string}"},"query-input":{"@type":"PropertyValueSpecification","valueRequired":true,"valueName":"search_term_string"}}],"inLanguage":"fr-FR"},{"@type":"Organization","@id":"https:\/\/reihey.com\/#organization","name":"Verre Reiheney","url":"https:\/\/reihey.com\/","logo":{"@type":"ImageObject","inLanguage":"fr-FR","@id":"https:\/\/reihey.com\/#\/schema\/logo\/image\/","url":"https:\/\/reihey.com\/wp-content\/uploads\/2023\/07\/Reihey-logo-2026.svg","contentUrl":"https:\/\/reihey.com\/wp-content\/uploads\/2023\/07\/Reihey-logo-2026.svg","width":1984,"height":566,"caption":"Reihey Glass"},"image":{"@id":"https:\/\/reihey.com\/#\/schema\/logo\/image\/"}}]}},"_links":{"self":[{"href":"https:\/\/reihey.com\/fr\/wp-json\/wp\/v2\/product\/3625","targetHints":{"allow":["GET"]}}],"collection":[{"href":"https:\/\/reihey.com\/fr\/wp-json\/wp\/v2\/product"}],"about":[{"href":"https:\/\/reihey.com\/fr\/wp-json\/wp\/v2\/types\/product"}],"replies":[{"embeddable":true,"href":"https:\/\/reihey.com\/fr\/wp-json\/wp\/v2\/comments?post=3625"}],"version-history":[{"count":5,"href":"https:\/\/reihey.com\/fr\/wp-json\/wp\/v2\/product\/3625\/revisions"}],"predecessor-version":[{"id":998183,"href":"https:\/\/reihey.com\/fr\/wp-json\/wp\/v2\/product\/3625\/revisions\/998183"}],"wp:featuredmedia":[{"embeddable":true,"href":"https:\/\/reihey.com\/fr\/wp-json\/wp\/v2\/media\/991309"}],"wp:attachment":[{"href":"https:\/\/reihey.com\/fr\/wp-json\/wp\/v2\/media?parent=3625"}],"wp:term":[{"taxonomy":"product_brand","embeddable":true,"href":"https:\/\/reihey.com\/fr\/wp-json\/wp\/v2\/product_brand?post=3625"},{"taxonomy":"product_cat","embeddable":true,"href":"https:\/\/reihey.com\/fr\/wp-json\/wp\/v2\/product_cat?post=3625"},{"taxonomy":"product_tag","embeddable":true,"href":"https:\/\/reihey.com\/fr\/wp-json\/wp\/v2\/product_tag?post=3625"}],"curies":[{"name":"wp","href":"https:\/\/api.w.org\/{rel}","templated":true}]}}