{"id":3605,"date":"2025-08-27T10:42:50","date_gmt":"2025-08-27T10:42:50","guid":{"rendered":"https:\/\/slot71.silverline.dev\/?post_type=product&#038;p=3605"},"modified":"2025-10-29T06:21:27","modified_gmt":"2025-10-29T06:21:27","slug":"8oz-sauce-bottles-with-leak-proof-screw-caps-wide-mouth-glass-bottles-with-lids-for-milk-beverages-oil-salad-dressing","status":"publish","type":"product","link":"https:\/\/reihey.com\/fr\/product\/8oz-sauce-bottles-with-leak-proof-screw-caps-wide-mouth-glass-bottles-with-lids-for-milk-beverages-oil-salad-dressing\/","title":{"rendered":"Bouteilles de sauce de 8 oz avec bouchons vissables anti-fuite, bouteilles en verre \u00e0 large ouverture avec bouchons pour lait, boissons, huile, vinaigrette"},"content":{"rendered":"","protected":false},"excerpt":{"rendered":"<table class=\"desk-tab\">\n<tbody>\n<tr>\n<th>Mat\u00e9riau de la bouteille<\/th>\n<th>Capacit\u00e9<\/th>\n<th>Taille<\/th>\n<th>Couleur de la bouteille<\/th>\n<th>Bouchon<\/th>\n<th>Utilisation<\/th>\n<th>Conditionnement<\/th>\n<\/tr>\n<tr>\n<td>Verre soda-lime<\/td>\n<td>250 ml<\/td>\n<td>D6.35*H14cm<\/td>\n<td>Clair<\/td>\n<td>Couvercle \u00e0 vis<\/td>\n<td>Boisson<\/td>\n<td>1. Carton d'exportation standard\u2013Xpcs\/bo\u00eete, Ybo\u00eete\/carton<\/td>\n<\/tr>\n<tr>\n<td><\/td>\n<td><\/td>\n<td><\/td>\n<td><\/td>\n<td><\/td>\n<td>Jus<\/td>\n<td>2. Conditionnement personnalis\u00e9 : bo\u00eete blanche avec votre logo. Bo\u00eete cadeau couleur avec votre logo<\/td>\n<\/tr>\n<tr>\n<td><\/td>\n<td><\/td>\n<td><\/td>\n<td><\/td>\n<td><\/td>\n<td>Fruit<\/td>\n<td><\/td>\n<\/tr>\n<tr>\n<td><\/td>\n<td><\/td>\n<td><\/td>\n<td><\/td>\n<td><\/td>\n<td>Lait<\/td>\n<td><\/td>\n<\/tr>\n<tr>\n<td><\/td>\n<td><\/td>\n<td><\/td>\n<td><\/td>\n<td><\/td>\n<td>Caf\u00e9<\/td>\n<td><\/td>\n<\/tr>\n<tr>\n<td><\/td>\n<td><\/td>\n<td><\/td>\n<td><\/td>\n<td><\/td>\n<td>Conserves Alimentaires<\/td>\n<td><\/td>\n<\/tr>\n<tr>\n<td><\/td>\n<td><\/td>\n<td><\/td>\n<td><\/td>\n<td><\/td>\n<td>Miel<\/td>\n<td><\/td>\n<\/tr>\n<tr>\n<td><\/td>\n<td><\/td>\n<td><\/td>\n<td><\/td>\n<td><\/td>\n<td>yaourt<\/td>\n<td><\/td>\n<\/tr>\n<\/tbody>\n<\/table>\n<table class=\"mob-tab\">\n<tbody>\n<tr>\n<th>Mat\u00e9riau de la bouteille<\/th>\n<td>Verre soda-lime<\/td>\n<\/tr>\n<tr>\n<th>Capacit\u00e9<\/th>\n<td>250 ml<\/td>\n<\/tr>\n<tr>\n<th>Couleur de la bouteille<\/th>\n<td>Clair<\/td>\n<\/tr>\n<tr>\n<th>Taille<\/th>\n<td>D6.35*H14cm<\/td>\n<\/tr>\n<tr>\n<th>Bouchon<\/th>\n<td>Couvercle \u00e0 vis<\/td>\n<\/tr>\n<tr>\n<th>Utilisation<\/th>\n<td>Boisson<br \/>\nJus<br \/>\nFruit<br \/>\nLait<br \/>\nCaf\u00e9<br \/>\nConserves Alimentaires<br \/>\nMiel<br \/>\nyaourt<\/td>\n<\/tr>\n<tr>\n<th>Conditionnement<\/th>\n<td>1. Carton d'exportation standard\u2013Xpcs\/bo\u00eete, Ybo\u00eete\/carton.<br \/>\n2. Conditionnement personnalis\u00e9 : bo\u00eete blanche avec votre LOGO. Bo\u00eete cadeau couleur avec votre logo<\/td>\n<\/tr>\n<\/tbody>\n<\/table>\n<p><strong>\u00c0 propos de cet article<\/strong><br \/>\n1. Mat\u00e9riau premium \u2013 Fabriqu\u00e9 en verre sans plomb de qualit\u00e9 commerciale, \u00e0 parois \u00e9paisses, construction durable et apparence cristal clair. 2. Couvercle \u00e9tanche \u2013 Chaque bouteille est livr\u00e9e avec un bouchon m\u00e9tallique \u00e0 visser, con\u00e7u pour s\u2019ajuster \u00e9troitement afin d\u2019\u00e9viter les fuites et de conserver la fra\u00eecheur du produit. 3. Sans BPA et alimentaire \u2013 Peut \u00eatre utilis\u00e9 pour emballer une vari\u00e9t\u00e9 de produits gr\u00e2ce \u00e0 sa structure imperm\u00e9able et durable, offre une excellente r\u00e9sistance, poids et compatibilit\u00e9 pour les mat\u00e9riaux qui ne peuvent pas utiliser d\u2019emballages en plastique. 4. Id\u00e9al pour le rangement de cuisine \u2013 Option d\u2019emballage parfaite pour sauce piquante, marinade, concoction, cr\u00e9ation, vinaigrette, barbecue, huile, vinaigre, sirop, lait, boisson, spiritueux, et plus encore.<\/p>","protected":false},"featured_media":991304,"comment_status":"closed","ping_status":"closed","template":"","meta":{"_acf_changed":false},"product_brand":[],"product_cat":[611,621],"product_tag":[],"class_list":{"0":"post-3605","1":"product","2":"type-product","3":"status-publish","4":"has-post-thumbnail","6":"product_cat-glass-bottle-manufacturer","7":"product_cat-glass-milk-bottle-manufacturer","9":"first","10":"instock","11":"shipping-taxable","12":"product-type-simple"},"acf":[],"yoast_head":"<!-- This site is optimized with the Yoast SEO plugin v26.7 - https:\/\/yoast.com\/wordpress\/plugins\/seo\/ -->\n<title>8oz Sauce Bottles with Leak Proof Screw Caps, Wide Mouth Glass Bottles with Lids for Milk, Beverages, Oil, Salad Dressing - Reihey Glass<\/title>\n<meta name=\"robots\" content=\"index, follow, max-snippet:-1, max-image-preview:large, max-video-preview:-1\" \/>\n<link rel=\"canonical\" href=\"https:\/\/reihey.com\/fr\/product\/8oz-sauce-bottles-with-leak-proof-screw-caps-wide-mouth-glass-bottles-with-lids-for-milk-beverages-oil-salad-dressing\/\" \/>\n<meta property=\"og:locale\" content=\"fr_FR\" \/>\n<meta property=\"og:type\" content=\"article\" \/>\n<meta property=\"og:title\" content=\"8oz Sauce Bottles with Leak Proof Screw Caps, Wide Mouth Glass Bottles with Lids for Milk, Beverages, Oil, Salad Dressing - Reihey Glass\" \/>\n<meta property=\"og:description\" content=\"Bottle Material Capacity Size Bottle Color Cap Usage Packing   Soda-lime Glass 250ml D6.35*H14cm Clear Screw Cap Beverage 1. Standard export carton--Xpcs\/box, Ybox\/carton        Juice 2. Custom pack: white box with your logo. Color gift box with your logo        Fruit         Milk         Coffee         Canning Food         Honey         Yogurt        Bottle Material Soda-lime Glass   Capacity 250ml   Bottle Color Clear   Size D6.35*H14cm   Cap Screw Cap   Usage Beverage Juice Fruit Milk Coffee Canning Food Honey Yogurt   Packing 1. Standard export carton--Xpcs\/box, Ybox\/carton. 2. Custom pack: white box with your LOGO. Color gift box with your logo    About this item 1.Premium Material - Made of lead free, commercial grade premium quality glass, thick-walled, durable construction and crystal clear appearance. 2.Leak Proof Lid - Each bottle comes with a metal screw cap, intended to fit tightly to eliminate leaking and maintain freshness of product. 3.BPA Free &amp; Food safe - Can be used to package an array of products due to its impermeable and durable structure, offers excellent strength, weight and compatibility for materials that cannot use plastic containers. 4.Perfect for Kitchen Storage - Perfect packaging option for hot sauce, marinade, concoction, creation, dressing, BBQ, oil, vinegar, syrup, milk, beverage, spirit, and more.\" \/>\n<meta property=\"og:url\" content=\"https:\/\/reihey.com\/fr\/product\/8oz-sauce-bottles-with-leak-proof-screw-caps-wide-mouth-glass-bottles-with-lids-for-milk-beverages-oil-salad-dressing\/\" \/>\n<meta property=\"og:site_name\" content=\"Reihey Glass\" \/>\n<meta property=\"article:modified_time\" content=\"2025-10-29T06:21:27+00:00\" \/>\n<meta property=\"og:image\" content=\"https:\/\/reihey.com\/wp-content\/uploads\/2025\/08\/Main-05-38.jpg\" \/>\n\t<meta property=\"og:image:width\" content=\"800\" \/>\n\t<meta property=\"og:image:height\" content=\"800\" \/>\n\t<meta property=\"og:image:type\" content=\"image\/jpeg\" \/>\n<meta name=\"twitter:card\" content=\"summary_large_image\" \/>\n<meta name=\"twitter:label1\" content=\"Est. reading time\" \/>\n\t<meta name=\"twitter:data1\" content=\"1 minute\" \/>\n<script type=\"application\/ld+json\" class=\"yoast-schema-graph\">{\"@context\":\"https:\/\/schema.org\",\"@graph\":[{\"@type\":\"WebPage\",\"@id\":\"https:\/\/reihey.com\/product\/8oz-sauce-bottles-with-leak-proof-screw-caps-wide-mouth-glass-bottles-with-lids-for-milk-beverages-oil-salad-dressing\/\",\"url\":\"https:\/\/reihey.com\/product\/8oz-sauce-bottles-with-leak-proof-screw-caps-wide-mouth-glass-bottles-with-lids-for-milk-beverages-oil-salad-dressing\/\",\"name\":\"8oz Sauce Bottles with Leak Proof Screw Caps, Wide Mouth Glass Bottles with Lids for Milk, Beverages, Oil, Salad Dressing - Reihey Glass\",\"isPartOf\":{\"@id\":\"https:\/\/reihey.com\/#website\"},\"primaryImageOfPage\":{\"@id\":\"https:\/\/reihey.com\/product\/8oz-sauce-bottles-with-leak-proof-screw-caps-wide-mouth-glass-bottles-with-lids-for-milk-beverages-oil-salad-dressing\/#primaryimage\"},\"image\":{\"@id\":\"https:\/\/reihey.com\/product\/8oz-sauce-bottles-with-leak-proof-screw-caps-wide-mouth-glass-bottles-with-lids-for-milk-beverages-oil-salad-dressing\/#primaryimage\"},\"thumbnailUrl\":\"https:\/\/reihey.com\/wp-content\/uploads\/2025\/08\/Main-05-38.jpg\",\"datePublished\":\"2025-08-27T10:42:50+00:00\",\"dateModified\":\"2025-10-29T06:21:27+00:00\",\"breadcrumb\":{\"@id\":\"https:\/\/reihey.com\/product\/8oz-sauce-bottles-with-leak-proof-screw-caps-wide-mouth-glass-bottles-with-lids-for-milk-beverages-oil-salad-dressing\/#breadcrumb\"},\"inLanguage\":\"fr-FR\",\"potentialAction\":[{\"@type\":\"ReadAction\",\"target\":[\"https:\/\/reihey.com\/product\/8oz-sauce-bottles-with-leak-proof-screw-caps-wide-mouth-glass-bottles-with-lids-for-milk-beverages-oil-salad-dressing\/\"]}]},{\"@type\":\"ImageObject\",\"inLanguage\":\"fr-FR\",\"@id\":\"https:\/\/reihey.com\/product\/8oz-sauce-bottles-with-leak-proof-screw-caps-wide-mouth-glass-bottles-with-lids-for-milk-beverages-oil-salad-dressing\/#primaryimage\",\"url\":\"https:\/\/reihey.com\/wp-content\/uploads\/2025\/08\/Main-05-38.jpg\",\"contentUrl\":\"https:\/\/reihey.com\/wp-content\/uploads\/2025\/08\/Main-05-38.jpg\",\"width\":800,\"height\":800},{\"@type\":\"BreadcrumbList\",\"@id\":\"https:\/\/reihey.com\/product\/8oz-sauce-bottles-with-leak-proof-screw-caps-wide-mouth-glass-bottles-with-lids-for-milk-beverages-oil-salad-dressing\/#breadcrumb\",\"itemListElement\":[{\"@type\":\"ListItem\",\"position\":1,\"name\":\"Home\",\"item\":\"https:\/\/reihey.com\/\"},{\"@type\":\"ListItem\",\"position\":2,\"name\":\"Shop\",\"item\":\"https:\/\/reihey.com\/shop\/\"},{\"@type\":\"ListItem\",\"position\":3,\"name\":\"8oz Sauce Bottles with Leak Proof Screw Caps, Wide Mouth Glass Bottles with Lids for Milk, Beverages, Oil, Salad Dressing\"}]},{\"@type\":\"WebSite\",\"@id\":\"https:\/\/reihey.com\/#website\",\"url\":\"https:\/\/reihey.com\/\",\"name\":\"Reihey Glass\",\"description\":\"\",\"publisher\":{\"@id\":\"https:\/\/reihey.com\/#organization\"},\"potentialAction\":[{\"@type\":\"SearchAction\",\"target\":{\"@type\":\"EntryPoint\",\"urlTemplate\":\"https:\/\/reihey.com\/?s={search_term_string}\"},\"query-input\":{\"@type\":\"PropertyValueSpecification\",\"valueRequired\":true,\"valueName\":\"search_term_string\"}}],\"inLanguage\":\"fr-FR\"},{\"@type\":\"Organization\",\"@id\":\"https:\/\/reihey.com\/#organization\",\"name\":\"Reihey Glass\",\"url\":\"https:\/\/reihey.com\/\",\"logo\":{\"@type\":\"ImageObject\",\"inLanguage\":\"fr-FR\",\"@id\":\"https:\/\/reihey.com\/#\/schema\/logo\/image\/\",\"url\":\"https:\/\/reihey.com\/wp-content\/uploads\/2023\/07\/Reihey-logo-2026.svg\",\"contentUrl\":\"https:\/\/reihey.com\/wp-content\/uploads\/2023\/07\/Reihey-logo-2026.svg\",\"width\":1984,\"height\":566,\"caption\":\"Reihey Glass\"},\"image\":{\"@id\":\"https:\/\/reihey.com\/#\/schema\/logo\/image\/\"}}]}<\/script>\n<!-- \/ Yoast SEO plugin. -->","yoast_head_json":{"title":"Bouteilles de sauce de 8 oz avec bouchons \u00e0 vis \u00e9tanches, flacons en verre \u00e0Large ouverture avec couvercles pour lait, boissons, huile, vinaigrette - Verre Reihey","robots":{"index":"index","follow":"follow","max-snippet":"max-snippet:-1","max-image-preview":"max-image-preview:large","max-video-preview":"max-video-preview:-1"},"canonical":"https:\/\/reihey.com\/fr\/product\/8oz-sauce-bottles-with-leak-proof-screw-caps-wide-mouth-glass-bottles-with-lids-for-milk-beverages-oil-salad-dressing\/","og_locale":"fr_FR","og_type":"article","og_title":"8oz Sauce Bottles with Leak Proof Screw Caps, Wide Mouth Glass Bottles with Lids for Milk, Beverages, Oil, Salad Dressing - Reihey Glass","og_description":"Bottle Material Capacity Size Bottle Color Cap Usage Packing   Soda-lime Glass 250ml D6.35*H14cm Clear Screw Cap Beverage 1. Standard export carton--Xpcs\/box, Ybox\/carton        Juice 2. Custom pack: white box with your logo. Color gift box with your logo        Fruit         Milk         Coffee         Canning Food         Honey         Yogurt        Bottle Material Soda-lime Glass   Capacity 250ml   Bottle Color Clear   Size D6.35*H14cm   Cap Screw Cap   Usage Beverage Juice Fruit Milk Coffee Canning Food Honey Yogurt   Packing 1. Standard export carton--Xpcs\/box, Ybox\/carton. 2. Custom pack: white box with your LOGO. Color gift box with your logo    About this item 1.Premium Material - Made of lead free, commercial grade premium quality glass, thick-walled, durable construction and crystal clear appearance. 2.Leak Proof Lid - Each bottle comes with a metal screw cap, intended to fit tightly to eliminate leaking and maintain freshness of product. 3.BPA Free &amp; Food safe - Can be used to package an array of products due to its impermeable and durable structure, offers excellent strength, weight and compatibility for materials that cannot use plastic containers. 4.Perfect for Kitchen Storage - Perfect packaging option for hot sauce, marinade, concoction, creation, dressing, BBQ, oil, vinegar, syrup, milk, beverage, spirit, and more.","og_url":"https:\/\/reihey.com\/fr\/product\/8oz-sauce-bottles-with-leak-proof-screw-caps-wide-mouth-glass-bottles-with-lids-for-milk-beverages-oil-salad-dressing\/","og_site_name":"Reihey Glass","article_modified_time":"2025-10-29T06:21:27+00:00","og_image":[{"width":800,"height":800,"url":"https:\/\/reihey.com\/wp-content\/uploads\/2025\/08\/Main-05-38.jpg","type":"image\/jpeg"}],"twitter_card":"summary_large_image","twitter_misc":{"Est. reading time":"1 minute"},"schema":{"@context":"https:\/\/schema.org","@graph":[{"@type":"WebPage","@id":"https:\/\/reihey.com\/product\/8oz-sauce-bottles-with-leak-proof-screw-caps-wide-mouth-glass-bottles-with-lids-for-milk-beverages-oil-salad-dressing\/","url":"https:\/\/reihey.com\/product\/8oz-sauce-bottles-with-leak-proof-screw-caps-wide-mouth-glass-bottles-with-lids-for-milk-beverages-oil-salad-dressing\/","name":"Bouteilles de sauce de 8 oz avec bouchons \u00e0 vis \u00e9tanches, flacons en verre \u00e0Large ouverture avec couvercles pour lait, boissons, huile, vinaigrette - Verre Reihey","isPartOf":{"@id":"https:\/\/reihey.com\/#website"},"primaryImageOfPage":{"@id":"https:\/\/reihey.com\/product\/8oz-sauce-bottles-with-leak-proof-screw-caps-wide-mouth-glass-bottles-with-lids-for-milk-beverages-oil-salad-dressing\/#primaryimage"},"image":{"@id":"https:\/\/reihey.com\/product\/8oz-sauce-bottles-with-leak-proof-screw-caps-wide-mouth-glass-bottles-with-lids-for-milk-beverages-oil-salad-dressing\/#primaryimage"},"thumbnailUrl":"https:\/\/reihey.com\/wp-content\/uploads\/2025\/08\/Main-05-38.jpg","datePublished":"2025-08-27T10:42:50+00:00","dateModified":"2025-10-29T06:21:27+00:00","breadcrumb":{"@id":"https:\/\/reihey.com\/product\/8oz-sauce-bottles-with-leak-proof-screw-caps-wide-mouth-glass-bottles-with-lids-for-milk-beverages-oil-salad-dressing\/#breadcrumb"},"inLanguage":"fr-FR","potentialAction":[{"@type":"ReadAction","target":["https:\/\/reihey.com\/product\/8oz-sauce-bottles-with-leak-proof-screw-caps-wide-mouth-glass-bottles-with-lids-for-milk-beverages-oil-salad-dressing\/"]}]},{"@type":"ImageObject","inLanguage":"fr-FR","@id":"https:\/\/reihey.com\/product\/8oz-sauce-bottles-with-leak-proof-screw-caps-wide-mouth-glass-bottles-with-lids-for-milk-beverages-oil-salad-dressing\/#primaryimage","url":"https:\/\/reihey.com\/wp-content\/uploads\/2025\/08\/Main-05-38.jpg","contentUrl":"https:\/\/reihey.com\/wp-content\/uploads\/2025\/08\/Main-05-38.jpg","width":800,"height":800},{"@type":"BreadcrumbList","@id":"https:\/\/reihey.com\/product\/8oz-sauce-bottles-with-leak-proof-screw-caps-wide-mouth-glass-bottles-with-lids-for-milk-beverages-oil-salad-dressing\/#breadcrumb","itemListElement":[{"@type":"ListItem","position":1,"name":"Home","item":"https:\/\/reihey.com\/"},{"@type":"ListItem","position":2,"name":"Shop","item":"https:\/\/reihey.com\/shop\/"},{"@type":"ListItem","position":3,"name":"8oz Sauce Bottles with Leak Proof Screw Caps, Wide Mouth Glass Bottles with Lids for Milk, Beverages, Oil, Salad Dressing"}]},{"@type":"WebSite","@id":"https:\/\/reihey.com\/#website","url":"https:\/\/reihey.com\/","name":"Verre Reiheney","description":"","publisher":{"@id":"https:\/\/reihey.com\/#organization"},"potentialAction":[{"@type":"SearchAction","target":{"@type":"EntryPoint","urlTemplate":"https:\/\/reihey.com\/?s={search_term_string}"},"query-input":{"@type":"PropertyValueSpecification","valueRequired":true,"valueName":"search_term_string"}}],"inLanguage":"fr-FR"},{"@type":"Organization","@id":"https:\/\/reihey.com\/#organization","name":"Verre Reiheney","url":"https:\/\/reihey.com\/","logo":{"@type":"ImageObject","inLanguage":"fr-FR","@id":"https:\/\/reihey.com\/#\/schema\/logo\/image\/","url":"https:\/\/reihey.com\/wp-content\/uploads\/2023\/07\/Reihey-logo-2026.svg","contentUrl":"https:\/\/reihey.com\/wp-content\/uploads\/2023\/07\/Reihey-logo-2026.svg","width":1984,"height":566,"caption":"Reihey Glass"},"image":{"@id":"https:\/\/reihey.com\/#\/schema\/logo\/image\/"}}]}},"_links":{"self":[{"href":"https:\/\/reihey.com\/fr\/wp-json\/wp\/v2\/product\/3605","targetHints":{"allow":["GET"]}}],"collection":[{"href":"https:\/\/reihey.com\/fr\/wp-json\/wp\/v2\/product"}],"about":[{"href":"https:\/\/reihey.com\/fr\/wp-json\/wp\/v2\/types\/product"}],"replies":[{"embeddable":true,"href":"https:\/\/reihey.com\/fr\/wp-json\/wp\/v2\/comments?post=3605"}],"version-history":[{"count":7,"href":"https:\/\/reihey.com\/fr\/wp-json\/wp\/v2\/product\/3605\/revisions"}],"predecessor-version":[{"id":998182,"href":"https:\/\/reihey.com\/fr\/wp-json\/wp\/v2\/product\/3605\/revisions\/998182"}],"wp:featuredmedia":[{"embeddable":true,"href":"https:\/\/reihey.com\/fr\/wp-json\/wp\/v2\/media\/991304"}],"wp:attachment":[{"href":"https:\/\/reihey.com\/fr\/wp-json\/wp\/v2\/media?parent=3605"}],"wp:term":[{"taxonomy":"product_brand","embeddable":true,"href":"https:\/\/reihey.com\/fr\/wp-json\/wp\/v2\/product_brand?post=3605"},{"taxonomy":"product_cat","embeddable":true,"href":"https:\/\/reihey.com\/fr\/wp-json\/wp\/v2\/product_cat?post=3605"},{"taxonomy":"product_tag","embeddable":true,"href":"https:\/\/reihey.com\/fr\/wp-json\/wp\/v2\/product_tag?post=3605"}],"curies":[{"name":"wp","href":"https:\/\/api.w.org\/{rel}","templated":true}]}}