{"id":3549,"date":"2025-08-27T10:42:29","date_gmt":"2025-08-27T10:42:29","guid":{"rendered":"https:\/\/slot71.silverline.dev\/?post_type=product&#038;p=3549"},"modified":"2025-10-29T06:21:27","modified_gmt":"2025-10-29T06:21:27","slug":"clear-flat-milk-tea-bottle-150ml-250ml-375ml-500ml-juice-beverage-glass-bottle-with-metal-screw-lid","status":"publish","type":"product","link":"https:\/\/reihey.com\/fr\/product\/clear-flat-milk-tea-bottle-150ml-250ml-375ml-500ml-juice-beverage-glass-bottle-with-metal-screw-lid\/","title":{"rendered":"Bouteille en verre transparent \u00e0 lait tea plat clair 150 ml 250 ml 375 ml 500 ml boisson jus avec bouchon \u00e0 vis m\u00e9tallique"},"content":{"rendered":"","protected":false},"excerpt":{"rendered":"<table class=\"desk-tab\">\n<tbody>\n<tr>\n<th>Mat\u00e9riau de la bouteille<\/th>\n<th>Capacit\u00e9<\/th>\n<th>Taille<\/th>\n<th>Couleur de la bouteille<\/th>\n<th>Bouchon<\/th>\n<th>Utilisation<\/th>\n<th>Conditionnement<\/th>\n<\/tr>\n<tr>\n<td>Verre<\/td>\n<td>150ml<\/td>\n<td>D8.35*H14.8cm<\/td>\n<td>Clair<\/td>\n<td>Couvercle en m\u00e9tal<\/td>\n<td>Boisson<\/td>\n<td>1. Carton d'exportation standard\u2013Xpcs\/bo\u00eete, Ybo\u00eete\/carton<\/td>\n<\/tr>\n<tr>\n<td><\/td>\n<td>250 ml<\/td>\n<td>D9*H17cm<\/td>\n<td><\/td>\n<td><\/td>\n<td>Jus<\/td>\n<td>2. Conditionnement personnalis\u00e9 : bo\u00eete blanche avec votre logo. Bo\u00eete cadeau couleur avec votre logo<\/td>\n<\/tr>\n<tr>\n<td><\/td>\n<td>375ml<\/td>\n<td>D10.6*H11.8cm<\/td>\n<td><\/td>\n<td><\/td>\n<td>Fruit<\/td>\n<td><\/td>\n<\/tr>\n<tr>\n<td><\/td>\n<td>500ml<\/td>\n<td>D11.3*H20.3cm<\/td>\n<td><\/td>\n<td><\/td>\n<td>Lait<\/td>\n<td><\/td>\n<\/tr>\n<tr>\n<td><\/td>\n<td><\/td>\n<td><\/td>\n<td><\/td>\n<td><\/td>\n<td>Caf\u00e9<\/td>\n<td><\/td>\n<\/tr>\n<tr>\n<td><\/td>\n<td><\/td>\n<td><\/td>\n<td><\/td>\n<td><\/td>\n<td>Conservaison<\/td>\n<td><\/td>\n<\/tr>\n<tr>\n<td><\/td>\n<td><\/td>\n<td><\/td>\n<td><\/td>\n<td><\/td>\n<td>Alimentation<\/td>\n<td><\/td>\n<\/tr>\n<tr>\n<td><\/td>\n<td><\/td>\n<td><\/td>\n<td><\/td>\n<td><\/td>\n<td>Miel<\/td>\n<td><\/td>\n<\/tr>\n<tr>\n<td><\/td>\n<td><\/td>\n<td><\/td>\n<td><\/td>\n<td><\/td>\n<td>yaourt<\/td>\n<td><\/td>\n<\/tr>\n<\/tbody>\n<\/table>\n<table class=\"mob-tab\">\n<tbody>\n<tr>\n<th>Mat\u00e9riau de la bouteille<\/th>\n<td>Verre<\/td>\n<\/tr>\n<tr>\n<th>Capacit\u00e9<\/th>\n<td>150ml<br \/>\n250 ml<br \/>\n375ml<br \/>\n500ml<\/td>\n<\/tr>\n<tr>\n<th>Taille<\/th>\n<td>D8.35*H14.8cm<br \/>\nD9*H17cm<br \/>\nD10.6*H11.8cm<br \/>\nD11.3*H20.3cm<\/td>\n<\/tr>\n<tr>\n<th>Couleur de la bouteille<\/th>\n<td>Clair<\/td>\n<\/tr>\n<tr>\n<th>Bouchon<\/th>\n<td>Couvercle en m\u00e9tal<\/td>\n<\/tr>\n<tr>\n<th>Utilisation<\/th>\n<td>Boisson<br \/>\nJus<br \/>\nFruit<br \/>\nLait<br \/>\nCaf\u00e9<br \/>\nConservaison<br \/>\nAlimentation<br \/>\nMiel<br \/>\nyaourt<\/td>\n<\/tr>\n<tr>\n<th>Conditionnement<\/th>\n<td>1. Carton d'exportation standard\u2013Xpcs\/bo\u00eete, Ybo\u00eete\/carton.<br \/>\n2. Conditionnement personnalis\u00e9 : bo\u00eete blanche avec votre logo. Bo\u00eete cadeau couleur avec votre logo<\/td>\n<\/tr>\n<\/tbody>\n<\/table>\n<p><strong>\u00c0 propos de cet article<\/strong><br \/>\n1. Nos bouteilles en verre \u00e9pais sp\u00e9ciales sont fabriqu\u00e9es en verre clair de haute qualit\u00e9. Durable, r\u00e9utilisable, sans plomb et recyclable. 2. Avec un bouchon en plastique argent\u00e9, stockage scell\u00e9 sans BPA et ne fuit pas. Le c\u00f4t\u00e9 moul\u00e9 pratique est facile \u00e0 saisir. 3. La bouteille en verre robuste est id\u00e9ale pour le sirop d'\u00e9rable, les jus, l'eau, ainsi que le lait, le miel, le k\u00e9fir \u00e0 la cr\u00e8me, le kombucha et la confiture.<\/p>","protected":false},"featured_media":991288,"comment_status":"closed","ping_status":"closed","template":"","meta":{"_acf_changed":false},"product_brand":[],"product_cat":[611,621],"product_tag":[],"class_list":{"0":"post-3549","1":"product","2":"type-product","3":"status-publish","4":"has-post-thumbnail","6":"product_cat-glass-bottle-manufacturer","7":"product_cat-glass-milk-bottle-manufacturer","9":"first","10":"instock","11":"shipping-taxable","12":"product-type-simple"},"acf":[],"yoast_head":"<!-- This site is optimized with the Yoast SEO plugin v26.7 - https:\/\/yoast.com\/wordpress\/plugins\/seo\/ -->\n<title>Clear flat milk tea bottle 150ml 250ml 375ml 500ml juice beverage Glass Bottle with metal screw lid - Reihey Glass<\/title>\n<meta name=\"robots\" content=\"index, follow, max-snippet:-1, max-image-preview:large, max-video-preview:-1\" \/>\n<link rel=\"canonical\" href=\"https:\/\/reihey.com\/fr\/product\/clear-flat-milk-tea-bottle-150ml-250ml-375ml-500ml-juice-beverage-glass-bottle-with-metal-screw-lid\/\" \/>\n<meta property=\"og:locale\" content=\"fr_FR\" \/>\n<meta property=\"og:type\" content=\"article\" \/>\n<meta property=\"og:title\" content=\"Clear flat milk tea bottle 150ml 250ml 375ml 500ml juice beverage Glass Bottle with metal screw lid - Reihey Glass\" \/>\n<meta property=\"og:description\" content=\"Bottle Material Capacity Size Bottle Color Cap Usage Packing   Glass 150ml D8.35*H14.8cm Clear Metal Lid Beverage 1. Standard export carton--Xpcs\/box, Ybox\/carton    250ml D9*H17cm   Juice 2. Custom pack: white box with your logo. Color gift box with your logo    375ml D10.6*H11.8cm   Fruit     500ml D11.3*H20.3cm   Milk         Coffee         Canning         Food         Honey         Yogurt        Bottle Material Glass   Capacity 150ml 250ml 375ml 500ml   Size D8.35*H14.8cm D9*H17cm D10.6*H11.8cm D11.3*H20.3cm   Bottle Color Clear   Cap Metal Lid   Usage Beverage Juice Fruit Milk Coffee Canning Food Honey Yogurt   Packing 1. Standard export carton--Xpcs\/box, Ybox\/carton. 2. Custom pack: white box with your logo. Color gift box with your logo    About this item 1.Our special thick glass bottles are made of high-quality clear glass. Durable, reusable, lead-free and recyclable. 2.With a sliver plastic cap, BPA FREE sealed storage and do not leak. The convenient molded side is easy to grip. 3.Tough glass bottle is great for maple syrup, juices, water, as well as milk, honey, cream kefir, kombucha and jam.\" \/>\n<meta property=\"og:url\" content=\"https:\/\/reihey.com\/fr\/product\/clear-flat-milk-tea-bottle-150ml-250ml-375ml-500ml-juice-beverage-glass-bottle-with-metal-screw-lid\/\" \/>\n<meta property=\"og:site_name\" content=\"Reihey Glass\" \/>\n<meta property=\"article:modified_time\" content=\"2025-10-29T06:21:27+00:00\" \/>\n<meta property=\"og:image\" content=\"https:\/\/reihey.com\/wp-content\/uploads\/2025\/08\/Main-02-13.jpg\" \/>\n\t<meta property=\"og:image:width\" content=\"691\" \/>\n\t<meta property=\"og:image:height\" content=\"691\" \/>\n\t<meta property=\"og:image:type\" content=\"image\/jpeg\" \/>\n<meta name=\"twitter:card\" content=\"summary_large_image\" \/>\n<meta name=\"twitter:label1\" content=\"Est. reading time\" \/>\n\t<meta name=\"twitter:data1\" content=\"1 minute\" \/>\n<script type=\"application\/ld+json\" class=\"yoast-schema-graph\">{\"@context\":\"https:\/\/schema.org\",\"@graph\":[{\"@type\":\"WebPage\",\"@id\":\"https:\/\/reihey.com\/product\/clear-flat-milk-tea-bottle-150ml-250ml-375ml-500ml-juice-beverage-glass-bottle-with-metal-screw-lid\/\",\"url\":\"https:\/\/reihey.com\/product\/clear-flat-milk-tea-bottle-150ml-250ml-375ml-500ml-juice-beverage-glass-bottle-with-metal-screw-lid\/\",\"name\":\"Clear flat milk tea bottle 150ml 250ml 375ml 500ml juice beverage Glass Bottle with metal screw lid - Reihey Glass\",\"isPartOf\":{\"@id\":\"https:\/\/reihey.com\/#website\"},\"primaryImageOfPage\":{\"@id\":\"https:\/\/reihey.com\/product\/clear-flat-milk-tea-bottle-150ml-250ml-375ml-500ml-juice-beverage-glass-bottle-with-metal-screw-lid\/#primaryimage\"},\"image\":{\"@id\":\"https:\/\/reihey.com\/product\/clear-flat-milk-tea-bottle-150ml-250ml-375ml-500ml-juice-beverage-glass-bottle-with-metal-screw-lid\/#primaryimage\"},\"thumbnailUrl\":\"https:\/\/reihey.com\/wp-content\/uploads\/2025\/08\/Main-02-13.jpg\",\"datePublished\":\"2025-08-27T10:42:29+00:00\",\"dateModified\":\"2025-10-29T06:21:27+00:00\",\"breadcrumb\":{\"@id\":\"https:\/\/reihey.com\/product\/clear-flat-milk-tea-bottle-150ml-250ml-375ml-500ml-juice-beverage-glass-bottle-with-metal-screw-lid\/#breadcrumb\"},\"inLanguage\":\"fr-FR\",\"potentialAction\":[{\"@type\":\"ReadAction\",\"target\":[\"https:\/\/reihey.com\/product\/clear-flat-milk-tea-bottle-150ml-250ml-375ml-500ml-juice-beverage-glass-bottle-with-metal-screw-lid\/\"]}]},{\"@type\":\"ImageObject\",\"inLanguage\":\"fr-FR\",\"@id\":\"https:\/\/reihey.com\/product\/clear-flat-milk-tea-bottle-150ml-250ml-375ml-500ml-juice-beverage-glass-bottle-with-metal-screw-lid\/#primaryimage\",\"url\":\"https:\/\/reihey.com\/wp-content\/uploads\/2025\/08\/Main-02-13.jpg\",\"contentUrl\":\"https:\/\/reihey.com\/wp-content\/uploads\/2025\/08\/Main-02-13.jpg\",\"width\":691,\"height\":691},{\"@type\":\"BreadcrumbList\",\"@id\":\"https:\/\/reihey.com\/product\/clear-flat-milk-tea-bottle-150ml-250ml-375ml-500ml-juice-beverage-glass-bottle-with-metal-screw-lid\/#breadcrumb\",\"itemListElement\":[{\"@type\":\"ListItem\",\"position\":1,\"name\":\"Home\",\"item\":\"https:\/\/reihey.com\/\"},{\"@type\":\"ListItem\",\"position\":2,\"name\":\"Shop\",\"item\":\"https:\/\/reihey.com\/shop\/\"},{\"@type\":\"ListItem\",\"position\":3,\"name\":\"Clear flat milk tea bottle 150ml 250ml 375ml 500ml juice beverage Glass Bottle with metal screw lid\"}]},{\"@type\":\"WebSite\",\"@id\":\"https:\/\/reihey.com\/#website\",\"url\":\"https:\/\/reihey.com\/\",\"name\":\"Reihey Glass\",\"description\":\"\",\"publisher\":{\"@id\":\"https:\/\/reihey.com\/#organization\"},\"potentialAction\":[{\"@type\":\"SearchAction\",\"target\":{\"@type\":\"EntryPoint\",\"urlTemplate\":\"https:\/\/reihey.com\/?s={search_term_string}\"},\"query-input\":{\"@type\":\"PropertyValueSpecification\",\"valueRequired\":true,\"valueName\":\"search_term_string\"}}],\"inLanguage\":\"fr-FR\"},{\"@type\":\"Organization\",\"@id\":\"https:\/\/reihey.com\/#organization\",\"name\":\"Reihey Glass\",\"url\":\"https:\/\/reihey.com\/\",\"logo\":{\"@type\":\"ImageObject\",\"inLanguage\":\"fr-FR\",\"@id\":\"https:\/\/reihey.com\/#\/schema\/logo\/image\/\",\"url\":\"https:\/\/reihey.com\/wp-content\/uploads\/2023\/07\/Reihey-logo-2026.svg\",\"contentUrl\":\"https:\/\/reihey.com\/wp-content\/uploads\/2023\/07\/Reihey-logo-2026.svg\",\"width\":1984,\"height\":566,\"caption\":\"Reihey Glass\"},\"image\":{\"@id\":\"https:\/\/reihey.com\/#\/schema\/logo\/image\/\"}}]}<\/script>\n<!-- \/ Yoast SEO plugin. -->","yoast_head_json":{"title":"Bouteille en verre clair plat de lait aromatis\u00e9 avec bouchon m\u00e9tallique \u00e0 Ressort 150ml 250ml 375ml 500ml boisson \u00e0 base de jus Verre","robots":{"index":"index","follow":"follow","max-snippet":"max-snippet:-1","max-image-preview":"max-image-preview:large","max-video-preview":"max-video-preview:-1"},"canonical":"https:\/\/reihey.com\/fr\/product\/clear-flat-milk-tea-bottle-150ml-250ml-375ml-500ml-juice-beverage-glass-bottle-with-metal-screw-lid\/","og_locale":"fr_FR","og_type":"article","og_title":"Clear flat milk tea bottle 150ml 250ml 375ml 500ml juice beverage Glass Bottle with metal screw lid - Reihey Glass","og_description":"Bottle Material Capacity Size Bottle Color Cap Usage Packing   Glass 150ml D8.35*H14.8cm Clear Metal Lid Beverage 1. Standard export carton--Xpcs\/box, Ybox\/carton    250ml D9*H17cm   Juice 2. Custom pack: white box with your logo. Color gift box with your logo    375ml D10.6*H11.8cm   Fruit     500ml D11.3*H20.3cm   Milk         Coffee         Canning         Food         Honey         Yogurt        Bottle Material Glass   Capacity 150ml 250ml 375ml 500ml   Size D8.35*H14.8cm D9*H17cm D10.6*H11.8cm D11.3*H20.3cm   Bottle Color Clear   Cap Metal Lid   Usage Beverage Juice Fruit Milk Coffee Canning Food Honey Yogurt   Packing 1. Standard export carton--Xpcs\/box, Ybox\/carton. 2. Custom pack: white box with your logo. Color gift box with your logo    About this item 1.Our special thick glass bottles are made of high-quality clear glass. Durable, reusable, lead-free and recyclable. 2.With a sliver plastic cap, BPA FREE sealed storage and do not leak. The convenient molded side is easy to grip. 3.Tough glass bottle is great for maple syrup, juices, water, as well as milk, honey, cream kefir, kombucha and jam.","og_url":"https:\/\/reihey.com\/fr\/product\/clear-flat-milk-tea-bottle-150ml-250ml-375ml-500ml-juice-beverage-glass-bottle-with-metal-screw-lid\/","og_site_name":"Reihey Glass","article_modified_time":"2025-10-29T06:21:27+00:00","og_image":[{"width":691,"height":691,"url":"https:\/\/reihey.com\/wp-content\/uploads\/2025\/08\/Main-02-13.jpg","type":"image\/jpeg"}],"twitter_card":"summary_large_image","twitter_misc":{"Est. reading time":"1 minute"},"schema":{"@context":"https:\/\/schema.org","@graph":[{"@type":"WebPage","@id":"https:\/\/reihey.com\/product\/clear-flat-milk-tea-bottle-150ml-250ml-375ml-500ml-juice-beverage-glass-bottle-with-metal-screw-lid\/","url":"https:\/\/reihey.com\/product\/clear-flat-milk-tea-bottle-150ml-250ml-375ml-500ml-juice-beverage-glass-bottle-with-metal-screw-lid\/","name":"Bouteille en verre clair plat de lait aromatis\u00e9 avec bouchon m\u00e9tallique \u00e0 Ressort 150ml 250ml 375ml 500ml boisson \u00e0 base de jus Verre","isPartOf":{"@id":"https:\/\/reihey.com\/#website"},"primaryImageOfPage":{"@id":"https:\/\/reihey.com\/product\/clear-flat-milk-tea-bottle-150ml-250ml-375ml-500ml-juice-beverage-glass-bottle-with-metal-screw-lid\/#primaryimage"},"image":{"@id":"https:\/\/reihey.com\/product\/clear-flat-milk-tea-bottle-150ml-250ml-375ml-500ml-juice-beverage-glass-bottle-with-metal-screw-lid\/#primaryimage"},"thumbnailUrl":"https:\/\/reihey.com\/wp-content\/uploads\/2025\/08\/Main-02-13.jpg","datePublished":"2025-08-27T10:42:29+00:00","dateModified":"2025-10-29T06:21:27+00:00","breadcrumb":{"@id":"https:\/\/reihey.com\/product\/clear-flat-milk-tea-bottle-150ml-250ml-375ml-500ml-juice-beverage-glass-bottle-with-metal-screw-lid\/#breadcrumb"},"inLanguage":"fr-FR","potentialAction":[{"@type":"ReadAction","target":["https:\/\/reihey.com\/product\/clear-flat-milk-tea-bottle-150ml-250ml-375ml-500ml-juice-beverage-glass-bottle-with-metal-screw-lid\/"]}]},{"@type":"ImageObject","inLanguage":"fr-FR","@id":"https:\/\/reihey.com\/product\/clear-flat-milk-tea-bottle-150ml-250ml-375ml-500ml-juice-beverage-glass-bottle-with-metal-screw-lid\/#primaryimage","url":"https:\/\/reihey.com\/wp-content\/uploads\/2025\/08\/Main-02-13.jpg","contentUrl":"https:\/\/reihey.com\/wp-content\/uploads\/2025\/08\/Main-02-13.jpg","width":691,"height":691},{"@type":"BreadcrumbList","@id":"https:\/\/reihey.com\/product\/clear-flat-milk-tea-bottle-150ml-250ml-375ml-500ml-juice-beverage-glass-bottle-with-metal-screw-lid\/#breadcrumb","itemListElement":[{"@type":"ListItem","position":1,"name":"Home","item":"https:\/\/reihey.com\/"},{"@type":"ListItem","position":2,"name":"Shop","item":"https:\/\/reihey.com\/shop\/"},{"@type":"ListItem","position":3,"name":"Clear flat milk tea bottle 150ml 250ml 375ml 500ml juice beverage Glass Bottle with metal screw lid"}]},{"@type":"WebSite","@id":"https:\/\/reihey.com\/#website","url":"https:\/\/reihey.com\/","name":"Verre Reiheney","description":"","publisher":{"@id":"https:\/\/reihey.com\/#organization"},"potentialAction":[{"@type":"SearchAction","target":{"@type":"EntryPoint","urlTemplate":"https:\/\/reihey.com\/?s={search_term_string}"},"query-input":{"@type":"PropertyValueSpecification","valueRequired":true,"valueName":"search_term_string"}}],"inLanguage":"fr-FR"},{"@type":"Organization","@id":"https:\/\/reihey.com\/#organization","name":"Verre Reiheney","url":"https:\/\/reihey.com\/","logo":{"@type":"ImageObject","inLanguage":"fr-FR","@id":"https:\/\/reihey.com\/#\/schema\/logo\/image\/","url":"https:\/\/reihey.com\/wp-content\/uploads\/2023\/07\/Reihey-logo-2026.svg","contentUrl":"https:\/\/reihey.com\/wp-content\/uploads\/2023\/07\/Reihey-logo-2026.svg","width":1984,"height":566,"caption":"Reihey Glass"},"image":{"@id":"https:\/\/reihey.com\/#\/schema\/logo\/image\/"}}]}},"_links":{"self":[{"href":"https:\/\/reihey.com\/fr\/wp-json\/wp\/v2\/product\/3549","targetHints":{"allow":["GET"]}}],"collection":[{"href":"https:\/\/reihey.com\/fr\/wp-json\/wp\/v2\/product"}],"about":[{"href":"https:\/\/reihey.com\/fr\/wp-json\/wp\/v2\/types\/product"}],"replies":[{"embeddable":true,"href":"https:\/\/reihey.com\/fr\/wp-json\/wp\/v2\/comments?post=3549"}],"version-history":[{"count":6,"href":"https:\/\/reihey.com\/fr\/wp-json\/wp\/v2\/product\/3549\/revisions"}],"predecessor-version":[{"id":998179,"href":"https:\/\/reihey.com\/fr\/wp-json\/wp\/v2\/product\/3549\/revisions\/998179"}],"wp:featuredmedia":[{"embeddable":true,"href":"https:\/\/reihey.com\/fr\/wp-json\/wp\/v2\/media\/991288"}],"wp:attachment":[{"href":"https:\/\/reihey.com\/fr\/wp-json\/wp\/v2\/media?parent=3549"}],"wp:term":[{"taxonomy":"product_brand","embeddable":true,"href":"https:\/\/reihey.com\/fr\/wp-json\/wp\/v2\/product_brand?post=3549"},{"taxonomy":"product_cat","embeddable":true,"href":"https:\/\/reihey.com\/fr\/wp-json\/wp\/v2\/product_cat?post=3549"},{"taxonomy":"product_tag","embeddable":true,"href":"https:\/\/reihey.com\/fr\/wp-json\/wp\/v2\/product_tag?post=3549"}],"curies":[{"name":"wp","href":"https:\/\/api.w.org\/{rel}","templated":true}]}}