{"id":3529,"date":"2025-08-27T10:42:20","date_gmt":"2025-08-27T10:42:20","guid":{"rendered":"https:\/\/slot71.silverline.dev\/?post_type=product&#038;p=3529"},"modified":"2025-10-29T06:21:27","modified_gmt":"2025-10-29T06:21:27","slug":"5ml-45ml-apothecary-small-straight-tubular-glass-tube-bottle-amber-glass-vial-with-cork","status":"publish","type":"product","link":"https:\/\/reihey.com\/fr\/product\/5ml-45ml-apothecary-small-straight-tubular-glass-tube-bottle-amber-glass-vial-with-cork\/","title":{"rendered":"Tube en verre droit petit apothicaire 5ml - fiole ambr\u00e9e avec bouchon"},"content":{"rendered":"","protected":false},"excerpt":{"rendered":"<p><!-- Desk Table --><\/p>\n<table class=\"desk-tab\">\n<tbody>\n<tr>\n<th>Mat\u00e9riau de la bouteille<\/th>\n<th>Taille<\/th>\n<th>Capacit\u00e9<\/th>\n<th>Couleur de la bouteille<\/th>\n<th>Bouchon<\/th>\n<th>Utilisation<\/th>\n<th>Conditionnement<\/th>\n<\/tr>\n<tr>\n<td>Verre<\/td>\n<td>16\u00d731 mm<\/td>\n<td>2 ml<\/td>\n<td>Marron<\/td>\n<td>Li\u00e8ge<\/td>\n<td>M\u00e9dicament liquide<\/td>\n<td>1. Carton d'exportation standard\u2013Xpcs\/bo\u00eete, Ybo\u00eete\/carton<\/td>\n<\/tr>\n<tr>\n<td><\/td>\n<td>16\u00d735 mm<\/td>\n<td>3 ml<\/td>\n<td><\/td>\n<td><\/td>\n<td>Poudre<\/td>\n<td>2. Conditionnement personnalis\u00e9 : bo\u00eete blanche avec votre logo. Bo\u00eete cadeau couleur avec votre logo<\/td>\n<\/tr>\n<tr>\n<td><\/td>\n<td>22\u00d727 mm<\/td>\n<td>4 ml<\/td>\n<td><\/td>\n<td><\/td>\n<td>Parfum etc<\/td>\n<td><\/td>\n<\/tr>\n<tr>\n<td><\/td>\n<td>16\u00d745 mm<\/td>\n<td>5 ml<\/td>\n<td><\/td>\n<td><\/td>\n<td><\/td>\n<td><\/td>\n<\/tr>\n<tr>\n<td><\/td>\n<td>22\u00d735 mm<\/td>\n<td>6 ml<\/td>\n<td><\/td>\n<td><\/td>\n<td><\/td>\n<td><\/td>\n<\/tr>\n<tr>\n<td><\/td>\n<td>22\u00d740 mm<\/td>\n<td>7 ml<\/td>\n<td><\/td>\n<td><\/td>\n<td><\/td>\n<td><\/td>\n<\/tr>\n<tr>\n<td><\/td>\n<td>22\u00d745 mm<\/td>\n<td>8 ml<\/td>\n<td><\/td>\n<td><\/td>\n<td><\/td>\n<td><\/td>\n<\/tr>\n<tr>\n<td><\/td>\n<td>22\u00d750 mm<\/td>\n<td>9 ml<\/td>\n<td><\/td>\n<td><\/td>\n<td><\/td>\n<td><\/td>\n<\/tr>\n<tr>\n<td><\/td>\n<td>22*62mm<\/td>\n<td>10 ml<\/td>\n<td><\/td>\n<td><\/td>\n<td><\/td>\n<td><\/td>\n<\/tr>\n<tr>\n<td><\/td>\n<td>27*58mm<\/td>\n<td>15 ml<\/td>\n<td><\/td>\n<td><\/td>\n<td><\/td>\n<td><\/td>\n<\/tr>\n<tr>\n<td><\/td>\n<td>27*79mm<\/td>\n<td>20 ml<\/td>\n<td><\/td>\n<td><\/td>\n<td><\/td>\n<td><\/td>\n<\/tr>\n<tr>\n<td><\/td>\n<td><\/td>\n<td>30 ml<\/td>\n<td><\/td>\n<td><\/td>\n<td><\/td>\n<td><\/td>\n<\/tr>\n<\/tbody>\n<\/table>\n<p><!-- Mobile Table --><\/p>\n<table class=\"mob-tab\">\n<tbody>\n<tr>\n<th>Mat\u00e9riau de la bouteille<\/th>\n<td>Verre<\/td>\n<\/tr>\n<tr>\n<th>Taille<\/th>\n<td>16\u00d731 mm<br \/>\n16\u00d735 mm<br \/>\n22\u00d727 mm<br \/>\n16\u00d745 mm<br \/>\n22\u00d735 mm<br \/>\n22\u00d740 mm<br \/>\n22\u00d745 mm<br \/>\n22\u00d750 mm<br \/>\n22*62mm<br \/>\n27*58mm<br \/>\n27*79mm<\/td>\n<\/tr>\n<tr>\n<th>Capacit\u00e9<\/th>\n<td>2 ml<br \/>\n3 ml<br \/>\n4 ml<br \/>\n5 ml<br \/>\n6 ml<br \/>\n7 ml<br \/>\n8 ml<br \/>\n9 ml<br \/>\n10 ml<br \/>\n15 ml<br \/>\n20 ml<br \/>\n30 ml<\/td>\n<\/tr>\n<tr>\n<th>Couleur de la bouteille<\/th>\n<td>Marron<\/td>\n<\/tr>\n<tr>\n<th>Bouchon<\/th>\n<td>Li\u00e8ge<\/td>\n<\/tr>\n<tr>\n<th>Utilisation<\/th>\n<td>M\u00e9dicament liquide<br \/>\nPoudre<br \/>\nParfum etc<\/td>\n<\/tr>\n<tr>\n<th>Conditionnement<\/th>\n<td>1. Carton d'exportation standard\u2013Xpcs\/bo\u00eete, Ybo\u00eete\/carton<br \/>\n2. Conditionnement personnalis\u00e9 : bo\u00eete blanche avec votre logo. Bo\u00eete cadeau couleur avec votre logo<\/td>\n<\/tr>\n<\/tbody>\n<\/table>\n<p><strong>\u00c0 propos de cet article<\/strong><br \/>\n1.MAT\u00c9RIAU : Les fioles en verre sont en verre borosilicat\u00e9, r\u00e9sistant \u00e0 la chaleur, et les fioles peuvent \u00eatre r\u00e9utilis\u00e9es apr\u00e8s nettoyage. 2.POLYVALENCE : Elles peuvent \u00eatre utilis\u00e9es pour stocker des sels de bain, des \u00e9pices, du chocolat chaud, de la poudre, ainsi que des liquides, pour faire pousser des plantes. De plus, les fioles transparentes sont de bons choix pour faire pousser des plantes et pour la d\u00e9coration de f\u00eates. 3.ASSISEMENTS SUPPL\u00c9MENTAIRES : le bouchon en li\u00e8ge des tubes en verre assure une bonne \u00e9tanch\u00e9it\u00e9. Le fond du tubo en verre est plat et peut \u00eatre pos\u00e9 \u00e0 l\u2019endroit. TOURNER le capuchon pour assurer l\u2019\u00e9tanch\u00e9it\u00e9.<\/p>","protected":false},"featured_media":991278,"comment_status":"closed","ping_status":"closed","template":"","meta":{"_acf_changed":false},"product_brand":[],"product_cat":[611,620,729],"product_tag":[],"class_list":{"0":"post-3529","1":"product","2":"type-product","3":"status-publish","4":"has-post-thumbnail","6":"product_cat-glass-bottle-manufacturer","7":"product_cat-glass-pharmacy-bottle-manufacturer","8":"product_cat-healthy-medicine","10":"first","11":"instock","12":"shipping-taxable","13":"product-type-simple"},"acf":[],"yoast_head":"<!-- This site is optimized with the Yoast SEO plugin v26.7 - https:\/\/yoast.com\/wordpress\/plugins\/seo\/ -->\n<title>5ml-45ml apothecary small straight tubular glass tube bottle amber glass vial with cork - Reihey Glass<\/title>\n<meta name=\"robots\" content=\"index, follow, max-snippet:-1, max-image-preview:large, max-video-preview:-1\" \/>\n<link rel=\"canonical\" href=\"https:\/\/reihey.com\/fr\/product\/5ml-45ml-apothecary-small-straight-tubular-glass-tube-bottle-amber-glass-vial-with-cork\/\" \/>\n<meta property=\"og:locale\" content=\"fr_FR\" \/>\n<meta property=\"og:type\" content=\"article\" \/>\n<meta property=\"og:title\" content=\"5ml-45ml apothecary small straight tubular glass tube bottle amber glass vial with cork - Reihey Glass\" \/>\n<meta property=\"og:description\" content=\"Bottle Material Size Capacity Bottle Color Cap Usage Packing   Glass 16*31mm 2ml Brown Cork Medicine liquid 1. Standard export carton--Xpcs\/box, Ybox\/carton    16*35mm 3ml   Powder 2. Custom pack: white box with your logo. Color gift box with your logo    22*27mm 4ml   Perfume etc     16*45mm 5ml        22*35mm 6ml        22*40mm 7ml        22*45mm 8ml        22*50mm 9ml        22*62mm 10ml        27*58mm 15ml        27*79mm 20ml         30ml            Bottle Material Glass   Size 16*31mm 16*35mm 22*27mm 16*45mm 22*35mm 22*40mm 22*45mm 22*50mm 22*62mm 27*58mm 27*79mm   Capacity 2ml 3ml 4ml 5ml 6ml 7ml 8ml 9ml 10ml 15ml 20ml 30ml   Bottle Color Brown   Cap Cork   Usage Medicine liquid Powder Perfume etc   Packing 1. Standard export carton--Xpcs\/box, Ybox\/carton 2. Custom pack: white box with your logo. Color gift box with your logo    About this item 1.MATERIAL: Glass test tubes are made of borosilicate glass, heat resistant, and test tube is reusable after cleaning. 2.VERSITILITY: They can be used to store bath salts, spices, hot chocolate, powder, as well as liquid, breeding plants. Also, transparent test tubes are good choices for breeding plants and party decorating. 3.FURTHER APPLICATION: glass tubes cork stopper has a good seal. The bottom of the glass test tube is flat so it can be placed upright. ROTATE the lid to ensure tightness.\" \/>\n<meta property=\"og:url\" content=\"https:\/\/reihey.com\/fr\/product\/5ml-45ml-apothecary-small-straight-tubular-glass-tube-bottle-amber-glass-vial-with-cork\/\" \/>\n<meta property=\"og:site_name\" content=\"Reihey Glass\" \/>\n<meta property=\"article:modified_time\" content=\"2025-10-29T06:21:27+00:00\" \/>\n<meta property=\"og:image\" content=\"https:\/\/reihey.com\/wp-content\/uploads\/2025\/08\/Main-01-8.jpg\" \/>\n\t<meta property=\"og:image:width\" content=\"750\" \/>\n\t<meta property=\"og:image:height\" content=\"750\" \/>\n\t<meta property=\"og:image:type\" content=\"image\/jpeg\" \/>\n<meta name=\"twitter:card\" content=\"summary_large_image\" \/>\n<meta name=\"twitter:label1\" content=\"Est. reading time\" \/>\n\t<meta name=\"twitter:data1\" content=\"1 minute\" \/>\n<script type=\"application\/ld+json\" class=\"yoast-schema-graph\">{\"@context\":\"https:\/\/schema.org\",\"@graph\":[{\"@type\":\"WebPage\",\"@id\":\"https:\/\/reihey.com\/product\/5ml-45ml-apothecary-small-straight-tubular-glass-tube-bottle-amber-glass-vial-with-cork\/\",\"url\":\"https:\/\/reihey.com\/product\/5ml-45ml-apothecary-small-straight-tubular-glass-tube-bottle-amber-glass-vial-with-cork\/\",\"name\":\"5ml-45ml apothecary small straight tubular glass tube bottle amber glass vial with cork - Reihey Glass\",\"isPartOf\":{\"@id\":\"https:\/\/reihey.com\/#website\"},\"primaryImageOfPage\":{\"@id\":\"https:\/\/reihey.com\/product\/5ml-45ml-apothecary-small-straight-tubular-glass-tube-bottle-amber-glass-vial-with-cork\/#primaryimage\"},\"image\":{\"@id\":\"https:\/\/reihey.com\/product\/5ml-45ml-apothecary-small-straight-tubular-glass-tube-bottle-amber-glass-vial-with-cork\/#primaryimage\"},\"thumbnailUrl\":\"https:\/\/reihey.com\/wp-content\/uploads\/2025\/08\/Main-01-8.jpg\",\"datePublished\":\"2025-08-27T10:42:20+00:00\",\"dateModified\":\"2025-10-29T06:21:27+00:00\",\"breadcrumb\":{\"@id\":\"https:\/\/reihey.com\/product\/5ml-45ml-apothecary-small-straight-tubular-glass-tube-bottle-amber-glass-vial-with-cork\/#breadcrumb\"},\"inLanguage\":\"fr-FR\",\"potentialAction\":[{\"@type\":\"ReadAction\",\"target\":[\"https:\/\/reihey.com\/product\/5ml-45ml-apothecary-small-straight-tubular-glass-tube-bottle-amber-glass-vial-with-cork\/\"]}]},{\"@type\":\"ImageObject\",\"inLanguage\":\"fr-FR\",\"@id\":\"https:\/\/reihey.com\/product\/5ml-45ml-apothecary-small-straight-tubular-glass-tube-bottle-amber-glass-vial-with-cork\/#primaryimage\",\"url\":\"https:\/\/reihey.com\/wp-content\/uploads\/2025\/08\/Main-01-8.jpg\",\"contentUrl\":\"https:\/\/reihey.com\/wp-content\/uploads\/2025\/08\/Main-01-8.jpg\",\"width\":750,\"height\":750},{\"@type\":\"BreadcrumbList\",\"@id\":\"https:\/\/reihey.com\/product\/5ml-45ml-apothecary-small-straight-tubular-glass-tube-bottle-amber-glass-vial-with-cork\/#breadcrumb\",\"itemListElement\":[{\"@type\":\"ListItem\",\"position\":1,\"name\":\"Home\",\"item\":\"https:\/\/reihey.com\/\"},{\"@type\":\"ListItem\",\"position\":2,\"name\":\"Shop\",\"item\":\"https:\/\/reihey.com\/shop\/\"},{\"@type\":\"ListItem\",\"position\":3,\"name\":\"5ml-45ml apothecary small straight tubular glass tube bottle amber glass vial with cork\"}]},{\"@type\":\"WebSite\",\"@id\":\"https:\/\/reihey.com\/#website\",\"url\":\"https:\/\/reihey.com\/\",\"name\":\"Reihey Glass\",\"description\":\"\",\"publisher\":{\"@id\":\"https:\/\/reihey.com\/#organization\"},\"potentialAction\":[{\"@type\":\"SearchAction\",\"target\":{\"@type\":\"EntryPoint\",\"urlTemplate\":\"https:\/\/reihey.com\/?s={search_term_string}\"},\"query-input\":{\"@type\":\"PropertyValueSpecification\",\"valueRequired\":true,\"valueName\":\"search_term_string\"}}],\"inLanguage\":\"fr-FR\"},{\"@type\":\"Organization\",\"@id\":\"https:\/\/reihey.com\/#organization\",\"name\":\"Reihey Glass\",\"url\":\"https:\/\/reihey.com\/\",\"logo\":{\"@type\":\"ImageObject\",\"inLanguage\":\"fr-FR\",\"@id\":\"https:\/\/reihey.com\/#\/schema\/logo\/image\/\",\"url\":\"https:\/\/reihey.com\/wp-content\/uploads\/2023\/07\/Reihey-logo-2026.svg\",\"contentUrl\":\"https:\/\/reihey.com\/wp-content\/uploads\/2023\/07\/Reihey-logo-2026.svg\",\"width\":1984,\"height\":566,\"caption\":\"Reihey Glass\"},\"image\":{\"@id\":\"https:\/\/reihey.com\/#\/schema\/logo\/image\/\"}}]}<\/script>\n<!-- \/ Yoast SEO plugin. -->","yoast_head_json":{"title":"5ml-45ml petit flacon tube droit en verre d\u2019apothicaire ambr\u00e9 avec bouchon en li\u00e8ge - Reihey Glass","robots":{"index":"index","follow":"follow","max-snippet":"max-snippet:-1","max-image-preview":"max-image-preview:large","max-video-preview":"max-video-preview:-1"},"canonical":"https:\/\/reihey.com\/fr\/product\/5ml-45ml-apothecary-small-straight-tubular-glass-tube-bottle-amber-glass-vial-with-cork\/","og_locale":"fr_FR","og_type":"article","og_title":"5ml-45ml apothecary small straight tubular glass tube bottle amber glass vial with cork - Reihey Glass","og_description":"Bottle Material Size Capacity Bottle Color Cap Usage Packing   Glass 16*31mm 2ml Brown Cork Medicine liquid 1. Standard export carton--Xpcs\/box, Ybox\/carton    16*35mm 3ml   Powder 2. Custom pack: white box with your logo. Color gift box with your logo    22*27mm 4ml   Perfume etc     16*45mm 5ml        22*35mm 6ml        22*40mm 7ml        22*45mm 8ml        22*50mm 9ml        22*62mm 10ml        27*58mm 15ml        27*79mm 20ml         30ml            Bottle Material Glass   Size 16*31mm 16*35mm 22*27mm 16*45mm 22*35mm 22*40mm 22*45mm 22*50mm 22*62mm 27*58mm 27*79mm   Capacity 2ml 3ml 4ml 5ml 6ml 7ml 8ml 9ml 10ml 15ml 20ml 30ml   Bottle Color Brown   Cap Cork   Usage Medicine liquid Powder Perfume etc   Packing 1. Standard export carton--Xpcs\/box, Ybox\/carton 2. Custom pack: white box with your logo. Color gift box with your logo    About this item 1.MATERIAL: Glass test tubes are made of borosilicate glass, heat resistant, and test tube is reusable after cleaning. 2.VERSITILITY: They can be used to store bath salts, spices, hot chocolate, powder, as well as liquid, breeding plants. Also, transparent test tubes are good choices for breeding plants and party decorating. 3.FURTHER APPLICATION: glass tubes cork stopper has a good seal. The bottom of the glass test tube is flat so it can be placed upright. ROTATE the lid to ensure tightness.","og_url":"https:\/\/reihey.com\/fr\/product\/5ml-45ml-apothecary-small-straight-tubular-glass-tube-bottle-amber-glass-vial-with-cork\/","og_site_name":"Reihey Glass","article_modified_time":"2025-10-29T06:21:27+00:00","og_image":[{"width":750,"height":750,"url":"https:\/\/reihey.com\/wp-content\/uploads\/2025\/08\/Main-01-8.jpg","type":"image\/jpeg"}],"twitter_card":"summary_large_image","twitter_misc":{"Est. reading time":"1 minute"},"schema":{"@context":"https:\/\/schema.org","@graph":[{"@type":"WebPage","@id":"https:\/\/reihey.com\/product\/5ml-45ml-apothecary-small-straight-tubular-glass-tube-bottle-amber-glass-vial-with-cork\/","url":"https:\/\/reihey.com\/product\/5ml-45ml-apothecary-small-straight-tubular-glass-tube-bottle-amber-glass-vial-with-cork\/","name":"5ml-45ml petit flacon tube droit en verre d\u2019apothicaire ambr\u00e9 avec bouchon en li\u00e8ge - Reihey Glass","isPartOf":{"@id":"https:\/\/reihey.com\/#website"},"primaryImageOfPage":{"@id":"https:\/\/reihey.com\/product\/5ml-45ml-apothecary-small-straight-tubular-glass-tube-bottle-amber-glass-vial-with-cork\/#primaryimage"},"image":{"@id":"https:\/\/reihey.com\/product\/5ml-45ml-apothecary-small-straight-tubular-glass-tube-bottle-amber-glass-vial-with-cork\/#primaryimage"},"thumbnailUrl":"https:\/\/reihey.com\/wp-content\/uploads\/2025\/08\/Main-01-8.jpg","datePublished":"2025-08-27T10:42:20+00:00","dateModified":"2025-10-29T06:21:27+00:00","breadcrumb":{"@id":"https:\/\/reihey.com\/product\/5ml-45ml-apothecary-small-straight-tubular-glass-tube-bottle-amber-glass-vial-with-cork\/#breadcrumb"},"inLanguage":"fr-FR","potentialAction":[{"@type":"ReadAction","target":["https:\/\/reihey.com\/product\/5ml-45ml-apothecary-small-straight-tubular-glass-tube-bottle-amber-glass-vial-with-cork\/"]}]},{"@type":"ImageObject","inLanguage":"fr-FR","@id":"https:\/\/reihey.com\/product\/5ml-45ml-apothecary-small-straight-tubular-glass-tube-bottle-amber-glass-vial-with-cork\/#primaryimage","url":"https:\/\/reihey.com\/wp-content\/uploads\/2025\/08\/Main-01-8.jpg","contentUrl":"https:\/\/reihey.com\/wp-content\/uploads\/2025\/08\/Main-01-8.jpg","width":750,"height":750},{"@type":"BreadcrumbList","@id":"https:\/\/reihey.com\/product\/5ml-45ml-apothecary-small-straight-tubular-glass-tube-bottle-amber-glass-vial-with-cork\/#breadcrumb","itemListElement":[{"@type":"ListItem","position":1,"name":"Home","item":"https:\/\/reihey.com\/"},{"@type":"ListItem","position":2,"name":"Shop","item":"https:\/\/reihey.com\/shop\/"},{"@type":"ListItem","position":3,"name":"5ml-45ml apothecary small straight tubular glass tube bottle amber glass vial with cork"}]},{"@type":"WebSite","@id":"https:\/\/reihey.com\/#website","url":"https:\/\/reihey.com\/","name":"Verre Reiheney","description":"","publisher":{"@id":"https:\/\/reihey.com\/#organization"},"potentialAction":[{"@type":"SearchAction","target":{"@type":"EntryPoint","urlTemplate":"https:\/\/reihey.com\/?s={search_term_string}"},"query-input":{"@type":"PropertyValueSpecification","valueRequired":true,"valueName":"search_term_string"}}],"inLanguage":"fr-FR"},{"@type":"Organization","@id":"https:\/\/reihey.com\/#organization","name":"Verre Reiheney","url":"https:\/\/reihey.com\/","logo":{"@type":"ImageObject","inLanguage":"fr-FR","@id":"https:\/\/reihey.com\/#\/schema\/logo\/image\/","url":"https:\/\/reihey.com\/wp-content\/uploads\/2023\/07\/Reihey-logo-2026.svg","contentUrl":"https:\/\/reihey.com\/wp-content\/uploads\/2023\/07\/Reihey-logo-2026.svg","width":1984,"height":566,"caption":"Reihey Glass"},"image":{"@id":"https:\/\/reihey.com\/#\/schema\/logo\/image\/"}}]}},"_links":{"self":[{"href":"https:\/\/reihey.com\/fr\/wp-json\/wp\/v2\/product\/3529","targetHints":{"allow":["GET"]}}],"collection":[{"href":"https:\/\/reihey.com\/fr\/wp-json\/wp\/v2\/product"}],"about":[{"href":"https:\/\/reihey.com\/fr\/wp-json\/wp\/v2\/types\/product"}],"replies":[{"embeddable":true,"href":"https:\/\/reihey.com\/fr\/wp-json\/wp\/v2\/comments?post=3529"}],"version-history":[{"count":5,"href":"https:\/\/reihey.com\/fr\/wp-json\/wp\/v2\/product\/3529\/revisions"}],"predecessor-version":[{"id":998177,"href":"https:\/\/reihey.com\/fr\/wp-json\/wp\/v2\/product\/3529\/revisions\/998177"}],"wp:featuredmedia":[{"embeddable":true,"href":"https:\/\/reihey.com\/fr\/wp-json\/wp\/v2\/media\/991278"}],"wp:attachment":[{"href":"https:\/\/reihey.com\/fr\/wp-json\/wp\/v2\/media?parent=3529"}],"wp:term":[{"taxonomy":"product_brand","embeddable":true,"href":"https:\/\/reihey.com\/fr\/wp-json\/wp\/v2\/product_brand?post=3529"},{"taxonomy":"product_cat","embeddable":true,"href":"https:\/\/reihey.com\/fr\/wp-json\/wp\/v2\/product_cat?post=3529"},{"taxonomy":"product_tag","embeddable":true,"href":"https:\/\/reihey.com\/fr\/wp-json\/wp\/v2\/product_tag?post=3529"}],"curies":[{"name":"wp","href":"https:\/\/api.w.org\/{rel}","templated":true}]}}