{"id":3343,"date":"2025-08-27T10:41:18","date_gmt":"2025-08-27T10:41:18","guid":{"rendered":"https:\/\/slot71.silverline.dev\/?post_type=product&#038;p=3343"},"modified":"2025-10-29T06:29:09","modified_gmt":"2025-10-29T06:29:09","slug":"milk-bottle-yogurt-bottle-clear-milk-yogurt-glass-jar-bottles-with-metal-lid","status":"publish","type":"product","link":"https:\/\/reihey.com\/fr\/product\/milk-bottle-yogurt-bottle-clear-milk-yogurt-glass-jar-bottles-with-metal-lid\/","title":{"rendered":"bouteille de lait bouteille de yaourt verre clair avec bouchon m\u00e9tallique"},"content":{"rendered":"","protected":false},"excerpt":{"rendered":"<table class=\"desk-tab\">\n<tbody>\n<tr>\n<th>Mat\u00e9riau de la bouteille<\/th>\n<th>Capacit\u00e9<\/th>\n<th>Couleur de la bouteille<\/th>\n<th>Taille<\/th>\n<th>Bouchon<\/th>\n<th>Utilisation<\/th>\n<th>Conditionnement<\/th>\n<\/tr>\n<tr>\n<td>Verre<\/td>\n<td>200ml<\/td>\n<td>Clair<\/td>\n<td>D6*H12.5cm<\/td>\n<td>Couvercle en fer<\/td>\n<td>Boisson<\/td>\n<td>1. Carton d'exportation standard\u2013Xpcs\/bo\u00eete, Ybo\u00eete\/carton.<\/td>\n<\/tr>\n<tr>\n<td><\/td>\n<td>250 ml<\/td>\n<td><\/td>\n<td>D6.1*H14.5cm<\/td>\n<td><\/td>\n<td>Jus<\/td>\n<td>2. Pack personnalis\u00e9 : bo\u00eete blanche avec votre LOGO, bo\u00eete cadeau color\u00e9e avec votre logo<\/td>\n<\/tr>\n<tr>\n<td><\/td>\n<td>500ml<\/td>\n<td><\/td>\n<td>D6.7*H18.8cm<\/td>\n<td><\/td>\n<td>Lait<\/td>\n<td><\/td>\n<\/tr>\n<tr>\n<td><\/td>\n<td>1000ml<\/td>\n<td><\/td>\n<td>D6.5*H20.8cm<\/td>\n<td><\/td>\n<td>Fruit<\/td>\n<td><\/td>\n<\/tr>\n<tr>\n<td><\/td>\n<td><\/td>\n<td><\/td>\n<td><\/td>\n<td><\/td>\n<td>Caf\u00e9<\/td>\n<td><\/td>\n<\/tr>\n<tr>\n<td><\/td>\n<td><\/td>\n<td><\/td>\n<td><\/td>\n<td><\/td>\n<td>Conservaison<\/td>\n<td><\/td>\n<\/tr>\n<tr>\n<td><\/td>\n<td><\/td>\n<td><\/td>\n<td><\/td>\n<td><\/td>\n<td>Alimentation<\/td>\n<td><\/td>\n<\/tr>\n<tr>\n<td><\/td>\n<td><\/td>\n<td><\/td>\n<td><\/td>\n<td><\/td>\n<td>Miel<\/td>\n<td><\/td>\n<\/tr>\n<tr>\n<td><\/td>\n<td><\/td>\n<td><\/td>\n<td><\/td>\n<td><\/td>\n<td>yaourt<\/td>\n<td><\/td>\n<\/tr>\n<\/tbody>\n<\/table>\n<table class=\"mob-tab\">\n<tbody>\n<tr>\n<th>Mat\u00e9riel<\/th>\n<td>Verre<\/td>\n<\/tr>\n<tr>\n<th>Capacit\u00e9<\/th>\n<td>200ml<br \/>\n250 ml<br \/>\n500ml<br \/>\n1000ml<\/td>\n<\/tr>\n<tr>\n<th>Couleur<\/th>\n<td>Clair<\/td>\n<\/tr>\n<tr>\n<th>Taille<\/th>\n<td>D6*H12.5cm<br \/>\nD6.1*H14.5cm<br \/>\nD6.7*H18.8cm<br \/>\nD6.5*H20.8cm<\/td>\n<\/tr>\n<tr>\n<th>Bouchon<\/th>\n<td>Couvercle en fer<\/td>\n<\/tr>\n<tr>\n<th>Utilisation<\/th>\n<td>Boisson<br \/>\nJus<br \/>\nLait<br \/>\nFruit<br \/>\nCaf\u00e9<br \/>\nConservaison<br \/>\nAlimentation<br \/>\nMiel<br \/>\nyaourt<\/td>\n<\/tr>\n<tr>\n<th>Conditionnement<\/th>\n<td>1. Carton d'exportation standard\u2013Xpcs\/bo\u00eete, Ybo\u00eete\/carton.<br \/>\n2. Pack personnalis\u00e9 : bo\u00eete blanche avec votre LOGO, bo\u00eete cadeau color\u00e9e avec votre logo<\/td>\n<\/tr>\n<\/tbody>\n<\/table>\n<p><strong>\u00c0 propos de cet article<\/strong><br \/>\n1.Qualit\u00e9 Impressionnante :Fabriqu\u00e9 \u00e0 partir d'un verre alimentaire de haute qualit\u00e9 qui r\u00e9siste non seulement \u00e0 des niveaux \u00e9lev\u00e9s de chaleur ou de froid,Fabriqu\u00e9 par du verre \u00e9pais Dety, sans BPA, sans toxines, s\u00fbr pour boire et stocker ! aspect \u00e9l\u00e9gant, adieu au fragilit\u00e9, le meilleur verre pour assurer une option de stockage saine et fiable, durable pendant des ann\u00e9es ! 2.MultiUsage; Bouteilles vides r\u00e9utilisables avec bouchons excellentes pour le stockage presque tous types de boissons\uff01Id\u00e9al pour le lait, l'eau, le jus, la bi\u00e8re, le petit-d\u00e9jeuner, le shake, les cocktails, le th\u00e9, les boissons, la pr\u00e9paration, le miel, le caf\u00e9, la vinaigrette pour salade, k\u00e9fir, komchouba, boissons ferment\u00e9es et plus encore ! Ce sera une excellente fa\u00e7on de les utiliser comme gobelets \u00e0 smoothie pour surprendre vos invit\u00e9s, faveurs de mariage, cadeaux de f\u00eate, garder vos ingr\u00e9dients secs comme \u00e9pices, poudres, m\u00e9langes, rubs, sucre, vermicelles et bricolages, brassage maison votre propre boisson faite maison aussi ! 3.Rangement pratique avec couvercles herm\u00e9tiques :Une bouteille\/jarre \u00e9l\u00e9gante pour s\u00fbr, les meilleures bouteilles de rangement pour votre salade, et barbecue en ext\u00e9rieur, mise en conserve de votre jus frais, emportez votre boisson favorite o\u00f9 que vous vouliez, \u00e0 remplir avec votre boisson favorite telle que lait, eau, jus et plus, pas d'inqui\u00e9tude pour les fuites, \u00e9tanche gr\u00e2ce \u00e0 nos bouchons \u00e0 vis, pour pique-niques, mariages et faveurs de f\u00eate, adapt\u00e9 \u00e0 toutes les occasions, parfait pour servir tous types de boissons et rafra\u00eechissements, sans insects, sans humidit\u00e9, sans fuite, sans gaspillage !Facile \u00e0 transporter.<\/p>","protected":false},"featured_media":991220,"comment_status":"closed","ping_status":"closed","template":"","meta":{"_acf_changed":false},"product_brand":[],"product_cat":[601,611,608],"product_tag":[],"class_list":{"0":"post-3343","1":"product","2":"type-product","3":"status-publish","4":"has-post-thumbnail","6":"product_cat-food-beverage","7":"product_cat-glass-bottle-manufacturer","8":"product_cat-glass-yogurt-bottle-manufacturer","10":"first","11":"instock","12":"shipping-taxable","13":"product-type-simple"},"acf":[],"yoast_head":"<!-- This site is optimized with the Yoast SEO plugin v26.7 - https:\/\/yoast.com\/wordpress\/plugins\/seo\/ -->\n<title>Milk Bottle Yogurt Bottle clear milk yogurt glass jar bottles with metal lid - Reihey Glass<\/title>\n<meta name=\"robots\" content=\"index, follow, max-snippet:-1, max-image-preview:large, max-video-preview:-1\" \/>\n<link rel=\"canonical\" href=\"https:\/\/reihey.com\/fr\/product\/milk-bottle-yogurt-bottle-clear-milk-yogurt-glass-jar-bottles-with-metal-lid\/\" \/>\n<meta property=\"og:locale\" content=\"fr_FR\" \/>\n<meta property=\"og:type\" content=\"article\" \/>\n<meta property=\"og:title\" content=\"Milk Bottle Yogurt Bottle clear milk yogurt glass jar bottles with metal lid - Reihey Glass\" \/>\n<meta property=\"og:description\" content=\"Bottle Material Capacity Bottle Color Size Cap Usage Packing   Glass 200ml Clear D6*H12.5cm Iron cover Beverage 1. Standard export carton--Xpcs\/box, Ybox\/carton.    250ml  D6.1*H14.5cm  Juice 2. Custom pack: white box with your LOGO, Color gift box with your logo    500ml  D6.7*H18.8cm  Milk     1000ml  D6.5*H20.8cm  Fruit         Coffee         Canning         Food         Honey         Yogurt        Material Glass   Capacity 200ml 250ml 500ml 1000ml   Color Clear   Size D6*H12.5cm D6.1*H14.5cm D6.7*H18.8cm D6.5*H20.8cm   Cap Iron cover   Usage Beverage Juice Milk Fruit Coffee Canning Food Honey Yogurt   Packing 1. Standard export carton--Xpcs\/box, Ybox\/carton. 2. Custom pack: white box with your LOGO, Color gift box with your logo    About this item 1.Thump Up Quality:Crafted from a high food grade glass which is not only resistant to strong levels of heat or cold temperatures,Made by heavy dety glass,bpa free,toxie free,drinking and storage safe!stylish looking,bye bye flimsy,constructed the finest glass to ensure a reliable healthy storage option,surable last for years! 2.MultiPorpose;Empty refillable beverages bottles with caps excellent for storage almost all kind of drinks\uff01Great to use for milk,water,juice,beer,breakfast,shake,cocktails,tea,drinks,brew,honey,coffee,salad dressing,kefir,kombucha,fermented drinks and more!will be great way to using as smoothie cups bottles to suprise your guest,weeding favor,party favors,keep hold of your dry ingredients like spices, powders, blends, rubs, sugar, sprinkles and crafts,home brewing your own handmade drink too! 3.Convenient Stoage With Airtight Lids:A styalish bottles jars for sure,best storage bottles for your salad,and outdoor bbq,canning your own fresh juice,taking your sommoth wherever you want,refill with your favourite drink such as milk,water,jucies and more,no worry about leaking,leakproof with our screw up lids,to to picnic,weeding and party favors,suit for all occasion,perfect for serving all types of beverages and drinks,frensh for longer!no bugs no moist no leak no waste!easy carry.\" \/>\n<meta property=\"og:url\" content=\"https:\/\/reihey.com\/fr\/product\/milk-bottle-yogurt-bottle-clear-milk-yogurt-glass-jar-bottles-with-metal-lid\/\" \/>\n<meta property=\"og:site_name\" content=\"Reihey Glass\" \/>\n<meta property=\"article:modified_time\" content=\"2025-10-29T06:29:09+00:00\" \/>\n<meta property=\"og:image\" content=\"https:\/\/reihey.com\/wp-content\/uploads\/2025\/08\/Main-06-37.jpg\" \/>\n\t<meta property=\"og:image:width\" content=\"1500\" \/>\n\t<meta property=\"og:image:height\" content=\"1500\" \/>\n\t<meta property=\"og:image:type\" content=\"image\/jpeg\" \/>\n<meta name=\"twitter:card\" content=\"summary_large_image\" \/>\n<meta name=\"twitter:label1\" content=\"Est. reading time\" \/>\n\t<meta name=\"twitter:data1\" content=\"1 minute\" \/>\n<script type=\"application\/ld+json\" class=\"yoast-schema-graph\">{\"@context\":\"https:\/\/schema.org\",\"@graph\":[{\"@type\":\"WebPage\",\"@id\":\"https:\/\/reihey.com\/product\/milk-bottle-yogurt-bottle-clear-milk-yogurt-glass-jar-bottles-with-metal-lid\/\",\"url\":\"https:\/\/reihey.com\/product\/milk-bottle-yogurt-bottle-clear-milk-yogurt-glass-jar-bottles-with-metal-lid\/\",\"name\":\"Milk Bottle Yogurt Bottle clear milk yogurt glass jar bottles with metal lid - Reihey Glass\",\"isPartOf\":{\"@id\":\"https:\/\/reihey.com\/#website\"},\"primaryImageOfPage\":{\"@id\":\"https:\/\/reihey.com\/product\/milk-bottle-yogurt-bottle-clear-milk-yogurt-glass-jar-bottles-with-metal-lid\/#primaryimage\"},\"image\":{\"@id\":\"https:\/\/reihey.com\/product\/milk-bottle-yogurt-bottle-clear-milk-yogurt-glass-jar-bottles-with-metal-lid\/#primaryimage\"},\"thumbnailUrl\":\"https:\/\/reihey.com\/wp-content\/uploads\/2025\/08\/Main-06-37.jpg\",\"datePublished\":\"2025-08-27T10:41:18+00:00\",\"dateModified\":\"2025-10-29T06:29:09+00:00\",\"breadcrumb\":{\"@id\":\"https:\/\/reihey.com\/product\/milk-bottle-yogurt-bottle-clear-milk-yogurt-glass-jar-bottles-with-metal-lid\/#breadcrumb\"},\"inLanguage\":\"fr-FR\",\"potentialAction\":[{\"@type\":\"ReadAction\",\"target\":[\"https:\/\/reihey.com\/product\/milk-bottle-yogurt-bottle-clear-milk-yogurt-glass-jar-bottles-with-metal-lid\/\"]}]},{\"@type\":\"ImageObject\",\"inLanguage\":\"fr-FR\",\"@id\":\"https:\/\/reihey.com\/product\/milk-bottle-yogurt-bottle-clear-milk-yogurt-glass-jar-bottles-with-metal-lid\/#primaryimage\",\"url\":\"https:\/\/reihey.com\/wp-content\/uploads\/2025\/08\/Main-06-37.jpg\",\"contentUrl\":\"https:\/\/reihey.com\/wp-content\/uploads\/2025\/08\/Main-06-37.jpg\",\"width\":1500,\"height\":1500},{\"@type\":\"BreadcrumbList\",\"@id\":\"https:\/\/reihey.com\/product\/milk-bottle-yogurt-bottle-clear-milk-yogurt-glass-jar-bottles-with-metal-lid\/#breadcrumb\",\"itemListElement\":[{\"@type\":\"ListItem\",\"position\":1,\"name\":\"Home\",\"item\":\"https:\/\/reihey.com\/\"},{\"@type\":\"ListItem\",\"position\":2,\"name\":\"Shop\",\"item\":\"https:\/\/reihey.com\/shop\/\"},{\"@type\":\"ListItem\",\"position\":3,\"name\":\"Milk Bottle Yogurt Bottle clear milk yogurt glass jar bottles with metal lid\"}]},{\"@type\":\"WebSite\",\"@id\":\"https:\/\/reihey.com\/#website\",\"url\":\"https:\/\/reihey.com\/\",\"name\":\"Reihey Glass\",\"description\":\"\",\"publisher\":{\"@id\":\"https:\/\/reihey.com\/#organization\"},\"potentialAction\":[{\"@type\":\"SearchAction\",\"target\":{\"@type\":\"EntryPoint\",\"urlTemplate\":\"https:\/\/reihey.com\/?s={search_term_string}\"},\"query-input\":{\"@type\":\"PropertyValueSpecification\",\"valueRequired\":true,\"valueName\":\"search_term_string\"}}],\"inLanguage\":\"fr-FR\"},{\"@type\":\"Organization\",\"@id\":\"https:\/\/reihey.com\/#organization\",\"name\":\"Reihey Glass\",\"url\":\"https:\/\/reihey.com\/\",\"logo\":{\"@type\":\"ImageObject\",\"inLanguage\":\"fr-FR\",\"@id\":\"https:\/\/reihey.com\/#\/schema\/logo\/image\/\",\"url\":\"https:\/\/reihey.com\/wp-content\/uploads\/2023\/07\/Reihey-logo-2026.svg\",\"contentUrl\":\"https:\/\/reihey.com\/wp-content\/uploads\/2023\/07\/Reihey-logo-2026.svg\",\"width\":1984,\"height\":566,\"caption\":\"Reihey Glass\"},\"image\":{\"@id\":\"https:\/\/reihey.com\/#\/schema\/logo\/image\/\"}}]}<\/script>\n<!-- \/ Yoast SEO plugin. -->","yoast_head_json":{"title":"Bouteille de lait Bouteille de yaourt en verre clair avec couvercle en m\u00e9tal - Reihey Glass","robots":{"index":"index","follow":"follow","max-snippet":"max-snippet:-1","max-image-preview":"max-image-preview:large","max-video-preview":"max-video-preview:-1"},"canonical":"https:\/\/reihey.com\/fr\/product\/milk-bottle-yogurt-bottle-clear-milk-yogurt-glass-jar-bottles-with-metal-lid\/","og_locale":"fr_FR","og_type":"article","og_title":"Milk Bottle Yogurt Bottle clear milk yogurt glass jar bottles with metal lid - Reihey Glass","og_description":"Bottle Material Capacity Bottle Color Size Cap Usage Packing   Glass 200ml Clear D6*H12.5cm Iron cover Beverage 1. Standard export carton--Xpcs\/box, Ybox\/carton.    250ml  D6.1*H14.5cm  Juice 2. Custom pack: white box with your LOGO, Color gift box with your logo    500ml  D6.7*H18.8cm  Milk     1000ml  D6.5*H20.8cm  Fruit         Coffee         Canning         Food         Honey         Yogurt        Material Glass   Capacity 200ml 250ml 500ml 1000ml   Color Clear   Size D6*H12.5cm D6.1*H14.5cm D6.7*H18.8cm D6.5*H20.8cm   Cap Iron cover   Usage Beverage Juice Milk Fruit Coffee Canning Food Honey Yogurt   Packing 1. Standard export carton--Xpcs\/box, Ybox\/carton. 2. Custom pack: white box with your LOGO, Color gift box with your logo    About this item 1.Thump Up Quality:Crafted from a high food grade glass which is not only resistant to strong levels of heat or cold temperatures,Made by heavy dety glass,bpa free,toxie free,drinking and storage safe!stylish looking,bye bye flimsy,constructed the finest glass to ensure a reliable healthy storage option,surable last for years! 2.MultiPorpose;Empty refillable beverages bottles with caps excellent for storage almost all kind of drinks\uff01Great to use for milk,water,juice,beer,breakfast,shake,cocktails,tea,drinks,brew,honey,coffee,salad dressing,kefir,kombucha,fermented drinks and more!will be great way to using as smoothie cups bottles to suprise your guest,weeding favor,party favors,keep hold of your dry ingredients like spices, powders, blends, rubs, sugar, sprinkles and crafts,home brewing your own handmade drink too! 3.Convenient Stoage With Airtight Lids:A styalish bottles jars for sure,best storage bottles for your salad,and outdoor bbq,canning your own fresh juice,taking your sommoth wherever you want,refill with your favourite drink such as milk,water,jucies and more,no worry about leaking,leakproof with our screw up lids,to to picnic,weeding and party favors,suit for all occasion,perfect for serving all types of beverages and drinks,frensh for longer!no bugs no moist no leak no waste!easy carry.","og_url":"https:\/\/reihey.com\/fr\/product\/milk-bottle-yogurt-bottle-clear-milk-yogurt-glass-jar-bottles-with-metal-lid\/","og_site_name":"Reihey Glass","article_modified_time":"2025-10-29T06:29:09+00:00","og_image":[{"width":1500,"height":1500,"url":"https:\/\/reihey.com\/wp-content\/uploads\/2025\/08\/Main-06-37.jpg","type":"image\/jpeg"}],"twitter_card":"summary_large_image","twitter_misc":{"Est. reading time":"1 minute"},"schema":{"@context":"https:\/\/schema.org","@graph":[{"@type":"WebPage","@id":"https:\/\/reihey.com\/product\/milk-bottle-yogurt-bottle-clear-milk-yogurt-glass-jar-bottles-with-metal-lid\/","url":"https:\/\/reihey.com\/product\/milk-bottle-yogurt-bottle-clear-milk-yogurt-glass-jar-bottles-with-metal-lid\/","name":"Bouteille de lait Bouteille de yaourt en verre clair avec couvercle en m\u00e9tal - Reihey Glass","isPartOf":{"@id":"https:\/\/reihey.com\/#website"},"primaryImageOfPage":{"@id":"https:\/\/reihey.com\/product\/milk-bottle-yogurt-bottle-clear-milk-yogurt-glass-jar-bottles-with-metal-lid\/#primaryimage"},"image":{"@id":"https:\/\/reihey.com\/product\/milk-bottle-yogurt-bottle-clear-milk-yogurt-glass-jar-bottles-with-metal-lid\/#primaryimage"},"thumbnailUrl":"https:\/\/reihey.com\/wp-content\/uploads\/2025\/08\/Main-06-37.jpg","datePublished":"2025-08-27T10:41:18+00:00","dateModified":"2025-10-29T06:29:09+00:00","breadcrumb":{"@id":"https:\/\/reihey.com\/product\/milk-bottle-yogurt-bottle-clear-milk-yogurt-glass-jar-bottles-with-metal-lid\/#breadcrumb"},"inLanguage":"fr-FR","potentialAction":[{"@type":"ReadAction","target":["https:\/\/reihey.com\/product\/milk-bottle-yogurt-bottle-clear-milk-yogurt-glass-jar-bottles-with-metal-lid\/"]}]},{"@type":"ImageObject","inLanguage":"fr-FR","@id":"https:\/\/reihey.com\/product\/milk-bottle-yogurt-bottle-clear-milk-yogurt-glass-jar-bottles-with-metal-lid\/#primaryimage","url":"https:\/\/reihey.com\/wp-content\/uploads\/2025\/08\/Main-06-37.jpg","contentUrl":"https:\/\/reihey.com\/wp-content\/uploads\/2025\/08\/Main-06-37.jpg","width":1500,"height":1500},{"@type":"BreadcrumbList","@id":"https:\/\/reihey.com\/product\/milk-bottle-yogurt-bottle-clear-milk-yogurt-glass-jar-bottles-with-metal-lid\/#breadcrumb","itemListElement":[{"@type":"ListItem","position":1,"name":"Home","item":"https:\/\/reihey.com\/"},{"@type":"ListItem","position":2,"name":"Shop","item":"https:\/\/reihey.com\/shop\/"},{"@type":"ListItem","position":3,"name":"Milk Bottle Yogurt Bottle clear milk yogurt glass jar bottles with metal lid"}]},{"@type":"WebSite","@id":"https:\/\/reihey.com\/#website","url":"https:\/\/reihey.com\/","name":"Verre Reiheney","description":"","publisher":{"@id":"https:\/\/reihey.com\/#organization"},"potentialAction":[{"@type":"SearchAction","target":{"@type":"EntryPoint","urlTemplate":"https:\/\/reihey.com\/?s={search_term_string}"},"query-input":{"@type":"PropertyValueSpecification","valueRequired":true,"valueName":"search_term_string"}}],"inLanguage":"fr-FR"},{"@type":"Organization","@id":"https:\/\/reihey.com\/#organization","name":"Verre Reiheney","url":"https:\/\/reihey.com\/","logo":{"@type":"ImageObject","inLanguage":"fr-FR","@id":"https:\/\/reihey.com\/#\/schema\/logo\/image\/","url":"https:\/\/reihey.com\/wp-content\/uploads\/2023\/07\/Reihey-logo-2026.svg","contentUrl":"https:\/\/reihey.com\/wp-content\/uploads\/2023\/07\/Reihey-logo-2026.svg","width":1984,"height":566,"caption":"Reihey Glass"},"image":{"@id":"https:\/\/reihey.com\/#\/schema\/logo\/image\/"}}]}},"_links":{"self":[{"href":"https:\/\/reihey.com\/fr\/wp-json\/wp\/v2\/product\/3343","targetHints":{"allow":["GET"]}}],"collection":[{"href":"https:\/\/reihey.com\/fr\/wp-json\/wp\/v2\/product"}],"about":[{"href":"https:\/\/reihey.com\/fr\/wp-json\/wp\/v2\/types\/product"}],"replies":[{"embeddable":true,"href":"https:\/\/reihey.com\/fr\/wp-json\/wp\/v2\/comments?post=3343"}],"version-history":[{"count":6,"href":"https:\/\/reihey.com\/fr\/wp-json\/wp\/v2\/product\/3343\/revisions"}],"predecessor-version":[{"id":998224,"href":"https:\/\/reihey.com\/fr\/wp-json\/wp\/v2\/product\/3343\/revisions\/998224"}],"wp:featuredmedia":[{"embeddable":true,"href":"https:\/\/reihey.com\/fr\/wp-json\/wp\/v2\/media\/991220"}],"wp:attachment":[{"href":"https:\/\/reihey.com\/fr\/wp-json\/wp\/v2\/media?parent=3343"}],"wp:term":[{"taxonomy":"product_brand","embeddable":true,"href":"https:\/\/reihey.com\/fr\/wp-json\/wp\/v2\/product_brand?post=3343"},{"taxonomy":"product_cat","embeddable":true,"href":"https:\/\/reihey.com\/fr\/wp-json\/wp\/v2\/product_cat?post=3343"},{"taxonomy":"product_tag","embeddable":true,"href":"https:\/\/reihey.com\/fr\/wp-json\/wp\/v2\/product_tag?post=3343"}],"curies":[{"name":"wp","href":"https:\/\/api.w.org\/{rel}","templated":true}]}}