{"id":10824,"date":"2025-08-27T11:39:03","date_gmt":"2025-08-27T11:39:03","guid":{"rendered":"https:\/\/slot71.silverline.dev\/?post_type=product&#038;p=10824"},"modified":"2025-10-28T07:58:39","modified_gmt":"2025-10-28T07:58:39","slug":"30ml-50ml-volcanic-glass-perfume-bottle","status":"publish","type":"product","link":"https:\/\/reihey.com\/fr\/product\/30ml-50ml-volcanic-glass-perfume-bottle\/","title":{"rendered":"30 ml flacon en verre volcanique"},"content":{"rendered":"","protected":false},"excerpt":{"rendered":"<table class=\"desk-tab\">\n<tbody>\n<tr>\n<th>Mat\u00e9riel<\/th>\n<th>Couleur<\/th>\n<th>Capacit\u00e9<\/th>\n<th>Couvercle<\/th>\n<th>Utilisation<\/th>\n<\/tr>\n<tr>\n<td>Verre<\/td>\n<td>Clair<\/td>\n<td>30 ml<\/td>\n<td>Couvercle en plastique<\/td>\n<td>Parfum<\/td>\n<\/tr>\n<tr>\n<td><\/td>\n<td><\/td>\n<td>50 ml<\/td>\n<td><\/td>\n<td>Huile essentielle<\/td>\n<\/tr>\n<\/tbody>\n<\/table>\n<table class=\"mob-tab\">\n<tbody>\n<tr>\n<th>Mat\u00e9riel<\/th>\n<td>Verre<\/td>\n<\/tr>\n<tr>\n<th>Couleur<\/th>\n<td>Clair<\/td>\n<\/tr>\n<tr>\n<th>Capacit\u00e9<\/th>\n<td>30 ml<br \/>\n50 ml<\/td>\n<\/tr>\n<tr>\n<th>Couvercle<\/th>\n<td>Couvercle en plastique<\/td>\n<\/tr>\n<tr>\n<th>Utilisation<\/th>\n<td>Huile essentielle de parfum<\/td>\n<\/tr>\n<\/tbody>\n<\/table>\n<p>\u00c9CONOMIQUE \u2014\u2013 Atomiseur de parfum \u00e0 fine brume \u00e9l\u00e9gant qui permet une meilleure absorption, et le petit tube de la bouteille s\u2019\u00e9tend jusqu\u2019au fond et ne g\u00e2che pas une goutte de parfum. UTILISATIONS MULTIPLES \u2014\u2013 Huiles essentielles, aromath\u00e9rapie, brumes corporelles, trousses de premiers soins, rem\u00e8des maison, sprays DIY faits maison, parfums naturels, d\u00e9sodorisants, flacon \u00e9chantillon de parfum, et plus encore.<\/p>","protected":false},"featured_media":992939,"comment_status":"closed","ping_status":"closed","template":"","meta":{"_acf_changed":false},"product_brand":[],"product_cat":[611,629,632],"product_tag":[],"class_list":{"0":"post-10824","1":"product","2":"type-product","3":"status-publish","4":"has-post-thumbnail","6":"product_cat-glass-bottle-manufacturer","7":"product_cat-wholesale-glass-perfume-bottle","8":"product_cat-home-decor","10":"first","11":"instock","12":"shipping-taxable","13":"product-type-simple"},"acf":[],"yoast_head":"<!-- This site is optimized with the Yoast SEO plugin v26.7 - https:\/\/yoast.com\/wordpress\/plugins\/seo\/ -->\n<title>30ml 50ml Volcanic glass perfume bottle - Reihey Glass<\/title>\n<meta name=\"robots\" content=\"index, follow, max-snippet:-1, max-image-preview:large, max-video-preview:-1\" \/>\n<link rel=\"canonical\" href=\"https:\/\/reihey.com\/fr\/product\/30ml-50ml-volcanic-glass-perfume-bottle\/\" \/>\n<meta property=\"og:locale\" content=\"fr_FR\" \/>\n<meta property=\"og:type\" content=\"article\" \/>\n<meta property=\"og:title\" content=\"30ml 50ml Volcanic glass perfume bottle - Reihey Glass\" \/>\n<meta property=\"og:description\" content=\"Material Color Capacity Lid Usage   Glass Clear 30ml Plastic lid Perfume     50ml  Essential Oil       Material Glass   Color Clear   Capacity 30ml 50ml   Lid Plastic lid   Usage Perfume Essential Oil    COST- EFFECTIVE ----- Elegant fine mist perfume atomizer let you better absorption, and the thin tube of the bottle extends to the bottom and does not waste every drop of perfumeit. MANY USES ----- Essential oils, aromatherapy, body mists, first aid kits, home remedies, homemade DIY sprays, natural perfumes, air fresheners, perfume sample bottle, and more.\" \/>\n<meta property=\"og:url\" content=\"https:\/\/reihey.com\/fr\/product\/30ml-50ml-volcanic-glass-perfume-bottle\/\" \/>\n<meta property=\"og:site_name\" content=\"Reihey Glass\" \/>\n<meta property=\"article:modified_time\" content=\"2025-10-28T07:58:39+00:00\" \/>\n<meta property=\"og:image\" content=\"https:\/\/reihey.com\/wp-content\/uploads\/2025\/08\/\u4e3b\u56fe-02-69.jpg\" \/>\n\t<meta property=\"og:image:width\" content=\"800\" \/>\n\t<meta property=\"og:image:height\" content=\"800\" \/>\n\t<meta property=\"og:image:type\" content=\"image\/jpeg\" \/>\n<meta name=\"twitter:card\" content=\"summary_large_image\" \/>\n<meta name=\"twitter:label1\" content=\"Est. reading time\" \/>\n\t<meta name=\"twitter:data1\" content=\"1 minute\" \/>\n<script type=\"application\/ld+json\" class=\"yoast-schema-graph\">{\"@context\":\"https:\/\/schema.org\",\"@graph\":[{\"@type\":\"WebPage\",\"@id\":\"https:\/\/reihey.com\/product\/30ml-50ml-volcanic-glass-perfume-bottle\/\",\"url\":\"https:\/\/reihey.com\/product\/30ml-50ml-volcanic-glass-perfume-bottle\/\",\"name\":\"30ml 50ml Volcanic glass perfume bottle - Reihey Glass\",\"isPartOf\":{\"@id\":\"https:\/\/reihey.com\/#website\"},\"primaryImageOfPage\":{\"@id\":\"https:\/\/reihey.com\/product\/30ml-50ml-volcanic-glass-perfume-bottle\/#primaryimage\"},\"image\":{\"@id\":\"https:\/\/reihey.com\/product\/30ml-50ml-volcanic-glass-perfume-bottle\/#primaryimage\"},\"thumbnailUrl\":\"https:\/\/reihey.com\/wp-content\/uploads\/2025\/08\/\u4e3b\u56fe-02-69.jpg\",\"datePublished\":\"2025-08-27T11:39:03+00:00\",\"dateModified\":\"2025-10-28T07:58:39+00:00\",\"breadcrumb\":{\"@id\":\"https:\/\/reihey.com\/product\/30ml-50ml-volcanic-glass-perfume-bottle\/#breadcrumb\"},\"inLanguage\":\"fr-FR\",\"potentialAction\":[{\"@type\":\"ReadAction\",\"target\":[\"https:\/\/reihey.com\/product\/30ml-50ml-volcanic-glass-perfume-bottle\/\"]}]},{\"@type\":\"ImageObject\",\"inLanguage\":\"fr-FR\",\"@id\":\"https:\/\/reihey.com\/product\/30ml-50ml-volcanic-glass-perfume-bottle\/#primaryimage\",\"url\":\"https:\/\/reihey.com\/wp-content\/uploads\/2025\/08\/\u4e3b\u56fe-02-69.jpg\",\"contentUrl\":\"https:\/\/reihey.com\/wp-content\/uploads\/2025\/08\/\u4e3b\u56fe-02-69.jpg\",\"width\":800,\"height\":800},{\"@type\":\"BreadcrumbList\",\"@id\":\"https:\/\/reihey.com\/product\/30ml-50ml-volcanic-glass-perfume-bottle\/#breadcrumb\",\"itemListElement\":[{\"@type\":\"ListItem\",\"position\":1,\"name\":\"Home\",\"item\":\"https:\/\/reihey.com\/\"},{\"@type\":\"ListItem\",\"position\":2,\"name\":\"Shop\",\"item\":\"https:\/\/reihey.com\/shop\/\"},{\"@type\":\"ListItem\",\"position\":3,\"name\":\"30ml 50ml Volcanic glass perfume bottle\"}]},{\"@type\":\"WebSite\",\"@id\":\"https:\/\/reihey.com\/#website\",\"url\":\"https:\/\/reihey.com\/\",\"name\":\"Reihey Glass\",\"description\":\"\",\"publisher\":{\"@id\":\"https:\/\/reihey.com\/#organization\"},\"potentialAction\":[{\"@type\":\"SearchAction\",\"target\":{\"@type\":\"EntryPoint\",\"urlTemplate\":\"https:\/\/reihey.com\/?s={search_term_string}\"},\"query-input\":{\"@type\":\"PropertyValueSpecification\",\"valueRequired\":true,\"valueName\":\"search_term_string\"}}],\"inLanguage\":\"fr-FR\"},{\"@type\":\"Organization\",\"@id\":\"https:\/\/reihey.com\/#organization\",\"name\":\"Reihey Glass\",\"url\":\"https:\/\/reihey.com\/\",\"logo\":{\"@type\":\"ImageObject\",\"inLanguage\":\"fr-FR\",\"@id\":\"https:\/\/reihey.com\/#\/schema\/logo\/image\/\",\"url\":\"https:\/\/reihey.com\/wp-content\/uploads\/2023\/07\/Reihey-logo-2026.svg\",\"contentUrl\":\"https:\/\/reihey.com\/wp-content\/uploads\/2023\/07\/Reihey-logo-2026.svg\",\"width\":1984,\"height\":566,\"caption\":\"Reihey Glass\"},\"image\":{\"@id\":\"https:\/\/reihey.com\/#\/schema\/logo\/image\/\"}}]}<\/script>\n<!-- \/ Yoast SEO plugin. -->","yoast_head_json":{"title":"Flacon de parfum en verre volcanique de 30 ml 50 ml - Reihey Glass","robots":{"index":"index","follow":"follow","max-snippet":"max-snippet:-1","max-image-preview":"max-image-preview:large","max-video-preview":"max-video-preview:-1"},"canonical":"https:\/\/reihey.com\/fr\/product\/30ml-50ml-volcanic-glass-perfume-bottle\/","og_locale":"fr_FR","og_type":"article","og_title":"30ml 50ml Volcanic glass perfume bottle - Reihey Glass","og_description":"Material Color Capacity Lid Usage   Glass Clear 30ml Plastic lid Perfume     50ml  Essential Oil       Material Glass   Color Clear   Capacity 30ml 50ml   Lid Plastic lid   Usage Perfume Essential Oil    COST- EFFECTIVE ----- Elegant fine mist perfume atomizer let you better absorption, and the thin tube of the bottle extends to the bottom and does not waste every drop of perfumeit. MANY USES ----- Essential oils, aromatherapy, body mists, first aid kits, home remedies, homemade DIY sprays, natural perfumes, air fresheners, perfume sample bottle, and more.","og_url":"https:\/\/reihey.com\/fr\/product\/30ml-50ml-volcanic-glass-perfume-bottle\/","og_site_name":"Reihey Glass","article_modified_time":"2025-10-28T07:58:39+00:00","og_image":[{"width":800,"height":800,"url":"https:\/\/reihey.com\/wp-content\/uploads\/2025\/08\/\u4e3b\u56fe-02-69.jpg","type":"image\/jpeg"}],"twitter_card":"summary_large_image","twitter_misc":{"Est. reading time":"1 minute"},"schema":{"@context":"https:\/\/schema.org","@graph":[{"@type":"WebPage","@id":"https:\/\/reihey.com\/product\/30ml-50ml-volcanic-glass-perfume-bottle\/","url":"https:\/\/reihey.com\/product\/30ml-50ml-volcanic-glass-perfume-bottle\/","name":"Flacon de parfum en verre volcanique de 30 ml 50 ml - Reihey Glass","isPartOf":{"@id":"https:\/\/reihey.com\/#website"},"primaryImageOfPage":{"@id":"https:\/\/reihey.com\/product\/30ml-50ml-volcanic-glass-perfume-bottle\/#primaryimage"},"image":{"@id":"https:\/\/reihey.com\/product\/30ml-50ml-volcanic-glass-perfume-bottle\/#primaryimage"},"thumbnailUrl":"https:\/\/reihey.com\/wp-content\/uploads\/2025\/08\/\u4e3b\u56fe-02-69.jpg","datePublished":"2025-08-27T11:39:03+00:00","dateModified":"2025-10-28T07:58:39+00:00","breadcrumb":{"@id":"https:\/\/reihey.com\/product\/30ml-50ml-volcanic-glass-perfume-bottle\/#breadcrumb"},"inLanguage":"fr-FR","potentialAction":[{"@type":"ReadAction","target":["https:\/\/reihey.com\/product\/30ml-50ml-volcanic-glass-perfume-bottle\/"]}]},{"@type":"ImageObject","inLanguage":"fr-FR","@id":"https:\/\/reihey.com\/product\/30ml-50ml-volcanic-glass-perfume-bottle\/#primaryimage","url":"https:\/\/reihey.com\/wp-content\/uploads\/2025\/08\/\u4e3b\u56fe-02-69.jpg","contentUrl":"https:\/\/reihey.com\/wp-content\/uploads\/2025\/08\/\u4e3b\u56fe-02-69.jpg","width":800,"height":800},{"@type":"BreadcrumbList","@id":"https:\/\/reihey.com\/product\/30ml-50ml-volcanic-glass-perfume-bottle\/#breadcrumb","itemListElement":[{"@type":"ListItem","position":1,"name":"Home","item":"https:\/\/reihey.com\/"},{"@type":"ListItem","position":2,"name":"Shop","item":"https:\/\/reihey.com\/shop\/"},{"@type":"ListItem","position":3,"name":"30ml 50ml Volcanic glass perfume bottle"}]},{"@type":"WebSite","@id":"https:\/\/reihey.com\/#website","url":"https:\/\/reihey.com\/","name":"Verre Reiheney","description":"","publisher":{"@id":"https:\/\/reihey.com\/#organization"},"potentialAction":[{"@type":"SearchAction","target":{"@type":"EntryPoint","urlTemplate":"https:\/\/reihey.com\/?s={search_term_string}"},"query-input":{"@type":"PropertyValueSpecification","valueRequired":true,"valueName":"search_term_string"}}],"inLanguage":"fr-FR"},{"@type":"Organization","@id":"https:\/\/reihey.com\/#organization","name":"Verre Reiheney","url":"https:\/\/reihey.com\/","logo":{"@type":"ImageObject","inLanguage":"fr-FR","@id":"https:\/\/reihey.com\/#\/schema\/logo\/image\/","url":"https:\/\/reihey.com\/wp-content\/uploads\/2023\/07\/Reihey-logo-2026.svg","contentUrl":"https:\/\/reihey.com\/wp-content\/uploads\/2023\/07\/Reihey-logo-2026.svg","width":1984,"height":566,"caption":"Reihey Glass"},"image":{"@id":"https:\/\/reihey.com\/#\/schema\/logo\/image\/"}}]}},"_links":{"self":[{"href":"https:\/\/reihey.com\/fr\/wp-json\/wp\/v2\/product\/10824","targetHints":{"allow":["GET"]}}],"collection":[{"href":"https:\/\/reihey.com\/fr\/wp-json\/wp\/v2\/product"}],"about":[{"href":"https:\/\/reihey.com\/fr\/wp-json\/wp\/v2\/types\/product"}],"replies":[{"embeddable":true,"href":"https:\/\/reihey.com\/fr\/wp-json\/wp\/v2\/comments?post=10824"}],"version-history":[{"count":6,"href":"https:\/\/reihey.com\/fr\/wp-json\/wp\/v2\/product\/10824\/revisions"}],"predecessor-version":[{"id":997750,"href":"https:\/\/reihey.com\/fr\/wp-json\/wp\/v2\/product\/10824\/revisions\/997750"}],"wp:featuredmedia":[{"embeddable":true,"href":"https:\/\/reihey.com\/fr\/wp-json\/wp\/v2\/media\/992939"}],"wp:attachment":[{"href":"https:\/\/reihey.com\/fr\/wp-json\/wp\/v2\/media?parent=10824"}],"wp:term":[{"taxonomy":"product_brand","embeddable":true,"href":"https:\/\/reihey.com\/fr\/wp-json\/wp\/v2\/product_brand?post=10824"},{"taxonomy":"product_cat","embeddable":true,"href":"https:\/\/reihey.com\/fr\/wp-json\/wp\/v2\/product_cat?post=10824"},{"taxonomy":"product_tag","embeddable":true,"href":"https:\/\/reihey.com\/fr\/wp-json\/wp\/v2\/product_tag?post=10824"}],"curies":[{"name":"wp","href":"https:\/\/api.w.org\/{rel}","templated":true}]}}