{"id":10722,"date":"2025-08-27T11:37:53","date_gmt":"2025-08-27T11:37:53","guid":{"rendered":"https:\/\/slot71.silverline.dev\/?post_type=product&#038;p=10722"},"modified":"2025-10-28T10:13:02","modified_gmt":"2025-10-28T10:13:02","slug":"5ml-10ml-15ml-20ml-30ml-amber-spray-glass-bottle","status":"publish","type":"product","link":"https:\/\/reihey.com\/fr\/product\/5ml-10ml-15ml-20ml-30ml-amber-spray-glass-bottle\/","title":{"rendered":"Flacon en verre pulv\u00e9risateur ambr\u00e9 de 5 ml 10 ml 15 ml 20 ml 30 ml"},"content":{"rendered":"","protected":false},"excerpt":{"rendered":"<table class=\"desk-tab\">\n<tbody>\n<tr>\n<th>Nom<\/th>\n<th>Mat\u00e9riel<\/th>\n<th>Capacit\u00e9<\/th>\n<th>Couleur<\/th>\n<th>Taille<\/th>\n<th>Utilisation<\/th>\n<th>Conditionnement<\/th>\n<\/tr>\n<tr>\n<td>Flacon spray en verre<\/td>\n<td>Verre<\/td>\n<td>5 ml<\/td>\n<td>Ambre<\/td>\n<td>39\u00d721 mm<\/td>\n<td>Polyvalent<\/td>\n<td>1. Carton d'exportation standard\u2013Xpcs\/bo\u00eete, Ybo\u00eete\/carton<\/td>\n<\/tr>\n<tr>\n<td><\/td>\n<td><\/td>\n<td>10 ml<\/td>\n<td><\/td>\n<td>46\u00d725 mm<\/td>\n<td><\/td>\n<td>2. Pack personnalis\u00e9 : bo\u00eete blanche avec votre LOGO, bo\u00eete cadeau color\u00e9e avec votre logo<\/td>\n<\/tr>\n<tr>\n<td><\/td>\n<td><\/td>\n<td>15 ml<\/td>\n<td><\/td>\n<td>53\u00d728 mm<\/td>\n<td><\/td>\n<td><\/td>\n<\/tr>\n<tr>\n<td><\/td>\n<td><\/td>\n<td>20 ml<\/td>\n<td><\/td>\n<td>60\u00d728 mm<\/td>\n<td><\/td>\n<td><\/td>\n<\/tr>\n<tr>\n<td><\/td>\n<td><\/td>\n<td>30 ml<\/td>\n<td><\/td>\n<td>67\u00d732 mm<\/td>\n<td><\/td>\n<td><\/td>\n<\/tr>\n<\/tbody>\n<\/table>\n<table class=\"mob-tab\">\n<tbody>\n<tr>\n<th>Nom<\/th>\n<td>Flacon spray en verre<\/td>\n<\/tr>\n<tr>\n<th>Mat\u00e9riel<\/th>\n<td>Verre<\/td>\n<\/tr>\n<tr>\n<th>Capacit\u00e9<\/th>\n<td>5 ml<br \/>\n10 ml<br \/>\n15 ml<br \/>\n20 ml<br \/>\n30 ml<\/td>\n<\/tr>\n<tr>\n<th>Couleur<\/th>\n<td>Ambre<\/td>\n<\/tr>\n<tr>\n<th>Taille<\/th>\n<td>39\u00d721 mm<br \/>\n46\u00d725 mm<br \/>\n53\u00d728 mm<br \/>\n60\u00d728 mm<br \/>\n67\u00d732 mm<\/td>\n<\/tr>\n<tr>\n<th>Utilisation<\/th>\n<td>Polyvalent<\/td>\n<\/tr>\n<tr>\n<th>Conditionnement<\/th>\n<td>1. Carton d'exportation standard\u2013Xpcs\/bo\u00eete, Ybo\u00eete\/carton.<br \/>\n2. Pack personnalis\u00e9 : bo\u00eete blanche avec votre LOGO, bo\u00eete cadeau color\u00e9e avec votre logo<\/td>\n<\/tr>\n<\/tbody>\n<\/table>\n<p>1. Protection UV \u2013 protection renforc\u00e9e contre la d\u00e9gradation due \u00e0 la lumi\u00e8re ultraviolette et pr\u00e9serve vos huiles essentielles en toute s\u00e9curit\u00e9, le verre n\u2019est pas affect\u00e9 par des huiles fortes comme les agrumes. 2. R\u00e9duisez les produits chimiques plastiques chez vous avec un vaporisateur r\u00e9utilisable de qualit\u00e9 alimentaire sans produits chimiques, adapt\u00e9 \u00e0 tous vos besoins professionnels et personnels. 3. Re remplissez les bouteilles avec ce que vous pr\u00e9parez chez vous. Utilisations illimit\u00e9es incluant le peroxyde d'hydrog\u00e8ne ou l'alcool isopropylique, la pr\u00e9paration de vos propres solutions de nettoyage, brumisateur pour plantes succulentes ou herbes, spray pour repassage des linges \u00e0 domicile, spray hydratant pour les cheveux, sprays pour animaux pour chats et chiens, d\u00e9sodorisant naturel pour la maison, nettoyant sols et tapis, m\u00e9lange vinaigre-eau pour nettoyer les fen\u00eatres, detailing automobile, lavage de l\u00e9gumes, d\u00e9odorant de salle de bains et recettes maison de soins de la peau et de beaut\u00e9.<\/p>","protected":false},"featured_media":992861,"comment_status":"closed","ping_status":"closed","template":"","meta":{"_acf_changed":false},"product_brand":[],"product_cat":[611,615],"product_tag":[],"class_list":{"0":"post-10722","1":"product","2":"type-product","3":"status-publish","4":"has-post-thumbnail","6":"product_cat-glass-bottle-manufacturer","7":"product_cat-glass-spray-bottle-manufacturer","9":"first","10":"instock","11":"shipping-taxable","12":"product-type-simple"},"acf":[],"yoast_head":"<!-- This site is optimized with the Yoast SEO plugin v26.7 - https:\/\/yoast.com\/wordpress\/plugins\/seo\/ -->\n<title>5ml 10ml 15ml 20ml 30ml Amber Spray Glass Bottle - Reihey Glass<\/title>\n<meta name=\"robots\" content=\"index, follow, max-snippet:-1, max-image-preview:large, max-video-preview:-1\" \/>\n<link rel=\"canonical\" href=\"https:\/\/reihey.com\/fr\/product\/5ml-10ml-15ml-20ml-30ml-amber-spray-glass-bottle\/\" \/>\n<meta property=\"og:locale\" content=\"fr_FR\" \/>\n<meta property=\"og:type\" content=\"article\" \/>\n<meta property=\"og:title\" content=\"5ml 10ml 15ml 20ml 30ml Amber Spray Glass Bottle - Reihey Glass\" \/>\n<meta property=\"og:description\" content=\"Name Material Capacity Color Size Usage Packing   Spray Glass Bottle Glass 5ml Amber 39*21mm Multipurpose 1. Standard export carton--Xpcs\/box, Ybox\/carton     10ml  46*25mm  2. Custom pack: white box with your LOGO, Color gift box with your logo     15ml  53*28mm       20ml  60*28mm       30ml  67*32mm         Name Spray Glass Bottle   Material Glass   Capacity 5ml 10ml 15ml 20ml 30ml   Color Amber   Size 39*21mm 46*25mm 53*28mm 60*28mm 67*32mm   Usage Multipurpose   Packing 1. Standard export carton--Xpcs\/box, Ybox\/carton. 2. Custom pack: white box with your LOGO, Color gift box with your logo    1.UV protection - heavy duty protection against degradation from ultraviolet light and keeps your essential oils safe plus the glass is not affected by strong oils like citrus. 2.Reduce plastic chemicals in your house with a chemical free reusable food grade mister for all your professional and personal needs. 3.Refill the bottles with whatever you make at home. Unlimited uses including hydrogen peroxide or isopropyl alcohol, mixing your own cleaning solutions, plant misting for succulents or herbs, home linen spray for ironing, hair moisturizing spray, pet sprays for cats and dogs, natural air freshener for the house, floor or carpet cleaner, vinegar and water mixture for cleaning windows, car detailing, washing vegetables, bathroom deodorizer and homemade skin and beauty recipes.\" \/>\n<meta property=\"og:url\" content=\"https:\/\/reihey.com\/fr\/product\/5ml-10ml-15ml-20ml-30ml-amber-spray-glass-bottle\/\" \/>\n<meta property=\"og:site_name\" content=\"Reihey Glass\" \/>\n<meta property=\"article:modified_time\" content=\"2025-10-28T10:13:02+00:00\" \/>\n<meta property=\"og:image\" content=\"https:\/\/reihey.com\/wp-content\/uploads\/2025\/08\/1-162.jpg\" \/>\n\t<meta property=\"og:image:width\" content=\"800\" \/>\n\t<meta property=\"og:image:height\" content=\"800\" \/>\n\t<meta property=\"og:image:type\" content=\"image\/jpeg\" \/>\n<meta name=\"twitter:card\" content=\"summary_large_image\" \/>\n<meta name=\"twitter:label1\" content=\"Est. reading time\" \/>\n\t<meta name=\"twitter:data1\" content=\"1 minute\" \/>\n<script type=\"application\/ld+json\" class=\"yoast-schema-graph\">{\"@context\":\"https:\/\/schema.org\",\"@graph\":[{\"@type\":\"WebPage\",\"@id\":\"https:\/\/reihey.com\/product\/5ml-10ml-15ml-20ml-30ml-amber-spray-glass-bottle\/\",\"url\":\"https:\/\/reihey.com\/product\/5ml-10ml-15ml-20ml-30ml-amber-spray-glass-bottle\/\",\"name\":\"5ml 10ml 15ml 20ml 30ml Amber Spray Glass Bottle - Reihey Glass\",\"isPartOf\":{\"@id\":\"https:\/\/reihey.com\/#website\"},\"primaryImageOfPage\":{\"@id\":\"https:\/\/reihey.com\/product\/5ml-10ml-15ml-20ml-30ml-amber-spray-glass-bottle\/#primaryimage\"},\"image\":{\"@id\":\"https:\/\/reihey.com\/product\/5ml-10ml-15ml-20ml-30ml-amber-spray-glass-bottle\/#primaryimage\"},\"thumbnailUrl\":\"https:\/\/reihey.com\/wp-content\/uploads\/2025\/08\/1-162.jpg\",\"datePublished\":\"2025-08-27T11:37:53+00:00\",\"dateModified\":\"2025-10-28T10:13:02+00:00\",\"breadcrumb\":{\"@id\":\"https:\/\/reihey.com\/product\/5ml-10ml-15ml-20ml-30ml-amber-spray-glass-bottle\/#breadcrumb\"},\"inLanguage\":\"fr-FR\",\"potentialAction\":[{\"@type\":\"ReadAction\",\"target\":[\"https:\/\/reihey.com\/product\/5ml-10ml-15ml-20ml-30ml-amber-spray-glass-bottle\/\"]}]},{\"@type\":\"ImageObject\",\"inLanguage\":\"fr-FR\",\"@id\":\"https:\/\/reihey.com\/product\/5ml-10ml-15ml-20ml-30ml-amber-spray-glass-bottle\/#primaryimage\",\"url\":\"https:\/\/reihey.com\/wp-content\/uploads\/2025\/08\/1-162.jpg\",\"contentUrl\":\"https:\/\/reihey.com\/wp-content\/uploads\/2025\/08\/1-162.jpg\",\"width\":800,\"height\":800},{\"@type\":\"BreadcrumbList\",\"@id\":\"https:\/\/reihey.com\/product\/5ml-10ml-15ml-20ml-30ml-amber-spray-glass-bottle\/#breadcrumb\",\"itemListElement\":[{\"@type\":\"ListItem\",\"position\":1,\"name\":\"Home\",\"item\":\"https:\/\/reihey.com\/\"},{\"@type\":\"ListItem\",\"position\":2,\"name\":\"Shop\",\"item\":\"https:\/\/reihey.com\/shop\/\"},{\"@type\":\"ListItem\",\"position\":3,\"name\":\"5ml 10ml 15ml 20ml 30ml Amber Spray Glass Bottle\"}]},{\"@type\":\"WebSite\",\"@id\":\"https:\/\/reihey.com\/#website\",\"url\":\"https:\/\/reihey.com\/\",\"name\":\"Reihey Glass\",\"description\":\"\",\"publisher\":{\"@id\":\"https:\/\/reihey.com\/#organization\"},\"potentialAction\":[{\"@type\":\"SearchAction\",\"target\":{\"@type\":\"EntryPoint\",\"urlTemplate\":\"https:\/\/reihey.com\/?s={search_term_string}\"},\"query-input\":{\"@type\":\"PropertyValueSpecification\",\"valueRequired\":true,\"valueName\":\"search_term_string\"}}],\"inLanguage\":\"fr-FR\"},{\"@type\":\"Organization\",\"@id\":\"https:\/\/reihey.com\/#organization\",\"name\":\"Reihey Glass\",\"url\":\"https:\/\/reihey.com\/\",\"logo\":{\"@type\":\"ImageObject\",\"inLanguage\":\"fr-FR\",\"@id\":\"https:\/\/reihey.com\/#\/schema\/logo\/image\/\",\"url\":\"https:\/\/reihey.com\/wp-content\/uploads\/2023\/07\/Reihey-logo-2026.svg\",\"contentUrl\":\"https:\/\/reihey.com\/wp-content\/uploads\/2023\/07\/Reihey-logo-2026.svg\",\"width\":1984,\"height\":566,\"caption\":\"Reihey Glass\"},\"image\":{\"@id\":\"https:\/\/reihey.com\/#\/schema\/logo\/image\/\"}}]}<\/script>\n<!-- \/ Yoast SEO plugin. -->","yoast_head_json":{"title":"Flacon spray en verre ambr\u00e9 de 5ml 10ml 15ml 20ml 30ml - Reihey Glass","robots":{"index":"index","follow":"follow","max-snippet":"max-snippet:-1","max-image-preview":"max-image-preview:large","max-video-preview":"max-video-preview:-1"},"canonical":"https:\/\/reihey.com\/fr\/product\/5ml-10ml-15ml-20ml-30ml-amber-spray-glass-bottle\/","og_locale":"fr_FR","og_type":"article","og_title":"5ml 10ml 15ml 20ml 30ml Amber Spray Glass Bottle - Reihey Glass","og_description":"Name Material Capacity Color Size Usage Packing   Spray Glass Bottle Glass 5ml Amber 39*21mm Multipurpose 1. Standard export carton--Xpcs\/box, Ybox\/carton     10ml  46*25mm  2. Custom pack: white box with your LOGO, Color gift box with your logo     15ml  53*28mm       20ml  60*28mm       30ml  67*32mm         Name Spray Glass Bottle   Material Glass   Capacity 5ml 10ml 15ml 20ml 30ml   Color Amber   Size 39*21mm 46*25mm 53*28mm 60*28mm 67*32mm   Usage Multipurpose   Packing 1. Standard export carton--Xpcs\/box, Ybox\/carton. 2. Custom pack: white box with your LOGO, Color gift box with your logo    1.UV protection - heavy duty protection against degradation from ultraviolet light and keeps your essential oils safe plus the glass is not affected by strong oils like citrus. 2.Reduce plastic chemicals in your house with a chemical free reusable food grade mister for all your professional and personal needs. 3.Refill the bottles with whatever you make at home. Unlimited uses including hydrogen peroxide or isopropyl alcohol, mixing your own cleaning solutions, plant misting for succulents or herbs, home linen spray for ironing, hair moisturizing spray, pet sprays for cats and dogs, natural air freshener for the house, floor or carpet cleaner, vinegar and water mixture for cleaning windows, car detailing, washing vegetables, bathroom deodorizer and homemade skin and beauty recipes.","og_url":"https:\/\/reihey.com\/fr\/product\/5ml-10ml-15ml-20ml-30ml-amber-spray-glass-bottle\/","og_site_name":"Reihey Glass","article_modified_time":"2025-10-28T10:13:02+00:00","og_image":[{"width":800,"height":800,"url":"https:\/\/reihey.com\/wp-content\/uploads\/2025\/08\/1-162.jpg","type":"image\/jpeg"}],"twitter_card":"summary_large_image","twitter_misc":{"Est. reading time":"1 minute"},"schema":{"@context":"https:\/\/schema.org","@graph":[{"@type":"WebPage","@id":"https:\/\/reihey.com\/product\/5ml-10ml-15ml-20ml-30ml-amber-spray-glass-bottle\/","url":"https:\/\/reihey.com\/product\/5ml-10ml-15ml-20ml-30ml-amber-spray-glass-bottle\/","name":"Flacon spray en verre ambr\u00e9 de 5ml 10ml 15ml 20ml 30ml - Reihey Glass","isPartOf":{"@id":"https:\/\/reihey.com\/#website"},"primaryImageOfPage":{"@id":"https:\/\/reihey.com\/product\/5ml-10ml-15ml-20ml-30ml-amber-spray-glass-bottle\/#primaryimage"},"image":{"@id":"https:\/\/reihey.com\/product\/5ml-10ml-15ml-20ml-30ml-amber-spray-glass-bottle\/#primaryimage"},"thumbnailUrl":"https:\/\/reihey.com\/wp-content\/uploads\/2025\/08\/1-162.jpg","datePublished":"2025-08-27T11:37:53+00:00","dateModified":"2025-10-28T10:13:02+00:00","breadcrumb":{"@id":"https:\/\/reihey.com\/product\/5ml-10ml-15ml-20ml-30ml-amber-spray-glass-bottle\/#breadcrumb"},"inLanguage":"fr-FR","potentialAction":[{"@type":"ReadAction","target":["https:\/\/reihey.com\/product\/5ml-10ml-15ml-20ml-30ml-amber-spray-glass-bottle\/"]}]},{"@type":"ImageObject","inLanguage":"fr-FR","@id":"https:\/\/reihey.com\/product\/5ml-10ml-15ml-20ml-30ml-amber-spray-glass-bottle\/#primaryimage","url":"https:\/\/reihey.com\/wp-content\/uploads\/2025\/08\/1-162.jpg","contentUrl":"https:\/\/reihey.com\/wp-content\/uploads\/2025\/08\/1-162.jpg","width":800,"height":800},{"@type":"BreadcrumbList","@id":"https:\/\/reihey.com\/product\/5ml-10ml-15ml-20ml-30ml-amber-spray-glass-bottle\/#breadcrumb","itemListElement":[{"@type":"ListItem","position":1,"name":"Home","item":"https:\/\/reihey.com\/"},{"@type":"ListItem","position":2,"name":"Shop","item":"https:\/\/reihey.com\/shop\/"},{"@type":"ListItem","position":3,"name":"5ml 10ml 15ml 20ml 30ml Amber Spray Glass Bottle"}]},{"@type":"WebSite","@id":"https:\/\/reihey.com\/#website","url":"https:\/\/reihey.com\/","name":"Verre Reiheney","description":"","publisher":{"@id":"https:\/\/reihey.com\/#organization"},"potentialAction":[{"@type":"SearchAction","target":{"@type":"EntryPoint","urlTemplate":"https:\/\/reihey.com\/?s={search_term_string}"},"query-input":{"@type":"PropertyValueSpecification","valueRequired":true,"valueName":"search_term_string"}}],"inLanguage":"fr-FR"},{"@type":"Organization","@id":"https:\/\/reihey.com\/#organization","name":"Verre Reiheney","url":"https:\/\/reihey.com\/","logo":{"@type":"ImageObject","inLanguage":"fr-FR","@id":"https:\/\/reihey.com\/#\/schema\/logo\/image\/","url":"https:\/\/reihey.com\/wp-content\/uploads\/2023\/07\/Reihey-logo-2026.svg","contentUrl":"https:\/\/reihey.com\/wp-content\/uploads\/2023\/07\/Reihey-logo-2026.svg","width":1984,"height":566,"caption":"Reihey Glass"},"image":{"@id":"https:\/\/reihey.com\/#\/schema\/logo\/image\/"}}]}},"_links":{"self":[{"href":"https:\/\/reihey.com\/fr\/wp-json\/wp\/v2\/product\/10722","targetHints":{"allow":["GET"]}}],"collection":[{"href":"https:\/\/reihey.com\/fr\/wp-json\/wp\/v2\/product"}],"about":[{"href":"https:\/\/reihey.com\/fr\/wp-json\/wp\/v2\/types\/product"}],"replies":[{"embeddable":true,"href":"https:\/\/reihey.com\/fr\/wp-json\/wp\/v2\/comments?post=10722"}],"version-history":[{"count":5,"href":"https:\/\/reihey.com\/fr\/wp-json\/wp\/v2\/product\/10722\/revisions"}],"predecessor-version":[{"id":997771,"href":"https:\/\/reihey.com\/fr\/wp-json\/wp\/v2\/product\/10722\/revisions\/997771"}],"wp:featuredmedia":[{"embeddable":true,"href":"https:\/\/reihey.com\/fr\/wp-json\/wp\/v2\/media\/992861"}],"wp:attachment":[{"href":"https:\/\/reihey.com\/fr\/wp-json\/wp\/v2\/media?parent=10722"}],"wp:term":[{"taxonomy":"product_brand","embeddable":true,"href":"https:\/\/reihey.com\/fr\/wp-json\/wp\/v2\/product_brand?post=10722"},{"taxonomy":"product_cat","embeddable":true,"href":"https:\/\/reihey.com\/fr\/wp-json\/wp\/v2\/product_cat?post=10722"},{"taxonomy":"product_tag","embeddable":true,"href":"https:\/\/reihey.com\/fr\/wp-json\/wp\/v2\/product_tag?post=10722"}],"curies":[{"name":"wp","href":"https:\/\/api.w.org\/{rel}","templated":true}]}}