{"id":10571,"date":"2025-08-27T11:36:13","date_gmt":"2025-08-27T11:36:13","guid":{"rendered":"https:\/\/slot71.silverline.dev\/?post_type=product&#038;p=10571"},"modified":"2025-10-28T10:36:40","modified_gmt":"2025-10-28T10:36:40","slug":"5-100ml-clear-glass-essential-oil-bottle-with-tamperproof-childproof-cap","status":"publish","type":"product","link":"https:\/\/reihey.com\/fr\/product\/5-100ml-clear-glass-essential-oil-bottle-with-tamperproof-childproof-cap\/","title":{"rendered":"Bouteille en verre clair de 5\u2013100 ml pour huile essentielle avec bouchon inviolable et anti-retour d'enfants"},"content":{"rendered":"","protected":false},"excerpt":{"rendered":"<table class=\"desk-tab\">\n<tbody>\n<tr>\n<th>Mat\u00e9riel<\/th>\n<th>Couleur<\/th>\n<th>Capacit\u00e9<\/th>\n<th>Couvercle<\/th>\n<th>Utilisation<\/th>\n<\/tr>\n<tr>\n<td>Verre<\/td>\n<td>Clair<\/td>\n<td>5 ml<\/td>\n<td>GLUOCHON<\/td>\n<td>Huile essentielle<\/td>\n<\/tr>\n<tr>\n<td><\/td>\n<td><\/td>\n<td>10 ml<\/td>\n<td><\/td>\n<td>Parfum<\/td>\n<\/tr>\n<tr>\n<td><\/td>\n<td><\/td>\n<td>15 ml<\/td>\n<td><\/td>\n<td>Huile capillaire<\/td>\n<\/tr>\n<tr>\n<td><\/td>\n<td><\/td>\n<td>20 ml<\/td>\n<td><\/td>\n<td><\/td>\n<\/tr>\n<tr>\n<td><\/td>\n<td><\/td>\n<td>30 ml<\/td>\n<td><\/td>\n<td><\/td>\n<\/tr>\n<tr>\n<td><\/td>\n<td><\/td>\n<td>50 ml<\/td>\n<td><\/td>\n<td><\/td>\n<\/tr>\n<tr>\n<td><\/td>\n<td><\/td>\n<td>100ml<\/td>\n<td><\/td>\n<td><\/td>\n<\/tr>\n<\/tbody>\n<\/table>\n<table class=\"mob-tab\">\n<tbody>\n<tr>\n<th>Mat\u00e9riel<\/th>\n<td>Verre<\/td>\n<\/tr>\n<tr>\n<th>Couleur<\/th>\n<td>Clair<\/td>\n<\/tr>\n<tr>\n<th>Capacit\u00e9<\/th>\n<td>5 ml<br \/>\n10 ml<br \/>\n15 ml<br \/>\n20 ml<br \/>\n30 ml<br \/>\n50 ml<br \/>\n100ml<\/td>\n<\/tr>\n<tr>\n<th>Couvercle<\/th>\n<td>GLUOCHON<\/td>\n<\/tr>\n<tr>\n<th>Utilisation<\/th>\n<td>Huile essentielle<br \/>\nParfum<br \/>\nHuile capillaire<\/td>\n<\/tr>\n<\/tbody>\n<\/table>\n<p>Utiliser simplement une pipette pour transf\u00e9rer l'huile essentielle dans la bouteille. Facile \u00e0 laver avec de l'eau chaude savonneuse et peut \u00eatre utilis\u00e9e longtemps. Design anti-fuite : le bord du goulot \u00e0 vis est assorti \u00e0 un bouchon en aluminium plaqu\u00e9 or attrayant, qui s'adapte \u00e9troitement et peut emp\u00eacher efficacement toute fuite de liquide.<\/p>","protected":false},"featured_media":992756,"comment_status":"closed","ping_status":"closed","template":"","meta":{"_acf_changed":false},"product_brand":[],"product_cat":[613,611,622],"product_tag":[],"class_list":{"0":"post-10571","1":"product","2":"type-product","3":"status-publish","4":"has-post-thumbnail","6":"product_cat-beauty","7":"product_cat-glass-bottle-manufacturer","8":"product_cat-wholesale-glass-essential-oil-bottle","10":"first","11":"instock","12":"shipping-taxable","13":"product-type-simple"},"acf":[],"yoast_head":"<!-- This site is optimized with the Yoast SEO plugin v26.7 - https:\/\/yoast.com\/wordpress\/plugins\/seo\/ -->\n<title>5-100ml Clear Glass Essential Oil bottle with tamperproof childproof cap - Reihey Glass<\/title>\n<meta name=\"robots\" content=\"index, follow, max-snippet:-1, max-image-preview:large, max-video-preview:-1\" \/>\n<link rel=\"canonical\" href=\"https:\/\/reihey.com\/fr\/product\/5-100ml-clear-glass-essential-oil-bottle-with-tamperproof-childproof-cap\/\" \/>\n<meta property=\"og:locale\" content=\"fr_FR\" \/>\n<meta property=\"og:type\" content=\"article\" \/>\n<meta property=\"og:title\" content=\"5-100ml Clear Glass Essential Oil bottle with tamperproof childproof cap - Reihey Glass\" \/>\n<meta property=\"og:description\" content=\"Material Color Capacity Lid Usage   Glass Clear 5ml Dropper Essential Oil     10ml  Perfume     15ml  Hair Oil     20ml       30ml       50ml       100ml         Material Glass   Color Clear   Capacity 5ml 10ml 15ml 20ml 30ml 50ml 100ml   Lid Dropper   Usage Essential Oil Perfume Hair Oil    Just use a pipette \/ pipette to transfer the essential oil to the bottle. Easy to wash with warm soapy water and can be used for a long time. Leakinggproof design: the screw thread finish bottle mouth is matched with a attractive golden plated aluminium alloy cap, which fits tightly and can effectively prevent any liquid leakage.\" \/>\n<meta property=\"og:url\" content=\"https:\/\/reihey.com\/fr\/product\/5-100ml-clear-glass-essential-oil-bottle-with-tamperproof-childproof-cap\/\" \/>\n<meta property=\"og:site_name\" content=\"Reihey Glass\" \/>\n<meta property=\"article:modified_time\" content=\"2025-10-28T10:36:40+00:00\" \/>\n<meta property=\"og:image\" content=\"https:\/\/reihey.com\/wp-content\/uploads\/2025\/08\/\u4e3b\u56fe-05-86.jpg\" \/>\n\t<meta property=\"og:image:width\" content=\"800\" \/>\n\t<meta property=\"og:image:height\" content=\"800\" \/>\n\t<meta property=\"og:image:type\" content=\"image\/jpeg\" \/>\n<meta name=\"twitter:card\" content=\"summary_large_image\" \/>\n<meta name=\"twitter:label1\" content=\"Est. reading time\" \/>\n\t<meta name=\"twitter:data1\" content=\"1 minute\" \/>\n<script type=\"application\/ld+json\" class=\"yoast-schema-graph\">{\"@context\":\"https:\/\/schema.org\",\"@graph\":[{\"@type\":\"WebPage\",\"@id\":\"https:\/\/reihey.com\/product\/5-100ml-clear-glass-essential-oil-bottle-with-tamperproof-childproof-cap\/\",\"url\":\"https:\/\/reihey.com\/product\/5-100ml-clear-glass-essential-oil-bottle-with-tamperproof-childproof-cap\/\",\"name\":\"5-100ml Clear Glass Essential Oil bottle with tamperproof childproof cap - Reihey Glass\",\"isPartOf\":{\"@id\":\"https:\/\/reihey.com\/#website\"},\"primaryImageOfPage\":{\"@id\":\"https:\/\/reihey.com\/product\/5-100ml-clear-glass-essential-oil-bottle-with-tamperproof-childproof-cap\/#primaryimage\"},\"image\":{\"@id\":\"https:\/\/reihey.com\/product\/5-100ml-clear-glass-essential-oil-bottle-with-tamperproof-childproof-cap\/#primaryimage\"},\"thumbnailUrl\":\"https:\/\/reihey.com\/wp-content\/uploads\/2025\/08\/\u4e3b\u56fe-05-86.jpg\",\"datePublished\":\"2025-08-27T11:36:13+00:00\",\"dateModified\":\"2025-10-28T10:36:40+00:00\",\"breadcrumb\":{\"@id\":\"https:\/\/reihey.com\/product\/5-100ml-clear-glass-essential-oil-bottle-with-tamperproof-childproof-cap\/#breadcrumb\"},\"inLanguage\":\"fr-FR\",\"potentialAction\":[{\"@type\":\"ReadAction\",\"target\":[\"https:\/\/reihey.com\/product\/5-100ml-clear-glass-essential-oil-bottle-with-tamperproof-childproof-cap\/\"]}]},{\"@type\":\"ImageObject\",\"inLanguage\":\"fr-FR\",\"@id\":\"https:\/\/reihey.com\/product\/5-100ml-clear-glass-essential-oil-bottle-with-tamperproof-childproof-cap\/#primaryimage\",\"url\":\"https:\/\/reihey.com\/wp-content\/uploads\/2025\/08\/\u4e3b\u56fe-05-86.jpg\",\"contentUrl\":\"https:\/\/reihey.com\/wp-content\/uploads\/2025\/08\/\u4e3b\u56fe-05-86.jpg\",\"width\":800,\"height\":800},{\"@type\":\"BreadcrumbList\",\"@id\":\"https:\/\/reihey.com\/product\/5-100ml-clear-glass-essential-oil-bottle-with-tamperproof-childproof-cap\/#breadcrumb\",\"itemListElement\":[{\"@type\":\"ListItem\",\"position\":1,\"name\":\"Home\",\"item\":\"https:\/\/reihey.com\/\"},{\"@type\":\"ListItem\",\"position\":2,\"name\":\"Shop\",\"item\":\"https:\/\/reihey.com\/shop\/\"},{\"@type\":\"ListItem\",\"position\":3,\"name\":\"5-100ml Clear Glass Essential Oil bottle with tamperproof childproof cap\"}]},{\"@type\":\"WebSite\",\"@id\":\"https:\/\/reihey.com\/#website\",\"url\":\"https:\/\/reihey.com\/\",\"name\":\"Reihey Glass\",\"description\":\"\",\"publisher\":{\"@id\":\"https:\/\/reihey.com\/#organization\"},\"potentialAction\":[{\"@type\":\"SearchAction\",\"target\":{\"@type\":\"EntryPoint\",\"urlTemplate\":\"https:\/\/reihey.com\/?s={search_term_string}\"},\"query-input\":{\"@type\":\"PropertyValueSpecification\",\"valueRequired\":true,\"valueName\":\"search_term_string\"}}],\"inLanguage\":\"fr-FR\"},{\"@type\":\"Organization\",\"@id\":\"https:\/\/reihey.com\/#organization\",\"name\":\"Reihey Glass\",\"url\":\"https:\/\/reihey.com\/\",\"logo\":{\"@type\":\"ImageObject\",\"inLanguage\":\"fr-FR\",\"@id\":\"https:\/\/reihey.com\/#\/schema\/logo\/image\/\",\"url\":\"https:\/\/reihey.com\/wp-content\/uploads\/2023\/07\/Reihey-logo-2026.svg\",\"contentUrl\":\"https:\/\/reihey.com\/wp-content\/uploads\/2023\/07\/Reihey-logo-2026.svg\",\"width\":1984,\"height\":566,\"caption\":\"Reihey Glass\"},\"image\":{\"@id\":\"https:\/\/reihey.com\/#\/schema\/logo\/image\/\"}}]}<\/script>\n<!-- \/ Yoast SEO plugin. -->","yoast_head_json":{"title":"Flacon en verre clair de 5\u2013100 ml pour huile essentielle avec bouchon inviolable et anti-enfants - verre Reihey","robots":{"index":"index","follow":"follow","max-snippet":"max-snippet:-1","max-image-preview":"max-image-preview:large","max-video-preview":"max-video-preview:-1"},"canonical":"https:\/\/reihey.com\/fr\/product\/5-100ml-clear-glass-essential-oil-bottle-with-tamperproof-childproof-cap\/","og_locale":"fr_FR","og_type":"article","og_title":"5-100ml Clear Glass Essential Oil bottle with tamperproof childproof cap - Reihey Glass","og_description":"Material Color Capacity Lid Usage   Glass Clear 5ml Dropper Essential Oil     10ml  Perfume     15ml  Hair Oil     20ml       30ml       50ml       100ml         Material Glass   Color Clear   Capacity 5ml 10ml 15ml 20ml 30ml 50ml 100ml   Lid Dropper   Usage Essential Oil Perfume Hair Oil    Just use a pipette \/ pipette to transfer the essential oil to the bottle. Easy to wash with warm soapy water and can be used for a long time. Leakinggproof design: the screw thread finish bottle mouth is matched with a attractive golden plated aluminium alloy cap, which fits tightly and can effectively prevent any liquid leakage.","og_url":"https:\/\/reihey.com\/fr\/product\/5-100ml-clear-glass-essential-oil-bottle-with-tamperproof-childproof-cap\/","og_site_name":"Reihey Glass","article_modified_time":"2025-10-28T10:36:40+00:00","og_image":[{"width":800,"height":800,"url":"https:\/\/reihey.com\/wp-content\/uploads\/2025\/08\/\u4e3b\u56fe-05-86.jpg","type":"image\/jpeg"}],"twitter_card":"summary_large_image","twitter_misc":{"Est. reading time":"1 minute"},"schema":{"@context":"https:\/\/schema.org","@graph":[{"@type":"WebPage","@id":"https:\/\/reihey.com\/product\/5-100ml-clear-glass-essential-oil-bottle-with-tamperproof-childproof-cap\/","url":"https:\/\/reihey.com\/product\/5-100ml-clear-glass-essential-oil-bottle-with-tamperproof-childproof-cap\/","name":"Flacon en verre clair de 5\u2013100 ml pour huile essentielle avec bouchon inviolable et anti-enfants - verre Reihey","isPartOf":{"@id":"https:\/\/reihey.com\/#website"},"primaryImageOfPage":{"@id":"https:\/\/reihey.com\/product\/5-100ml-clear-glass-essential-oil-bottle-with-tamperproof-childproof-cap\/#primaryimage"},"image":{"@id":"https:\/\/reihey.com\/product\/5-100ml-clear-glass-essential-oil-bottle-with-tamperproof-childproof-cap\/#primaryimage"},"thumbnailUrl":"https:\/\/reihey.com\/wp-content\/uploads\/2025\/08\/\u4e3b\u56fe-05-86.jpg","datePublished":"2025-08-27T11:36:13+00:00","dateModified":"2025-10-28T10:36:40+00:00","breadcrumb":{"@id":"https:\/\/reihey.com\/product\/5-100ml-clear-glass-essential-oil-bottle-with-tamperproof-childproof-cap\/#breadcrumb"},"inLanguage":"fr-FR","potentialAction":[{"@type":"ReadAction","target":["https:\/\/reihey.com\/product\/5-100ml-clear-glass-essential-oil-bottle-with-tamperproof-childproof-cap\/"]}]},{"@type":"ImageObject","inLanguage":"fr-FR","@id":"https:\/\/reihey.com\/product\/5-100ml-clear-glass-essential-oil-bottle-with-tamperproof-childproof-cap\/#primaryimage","url":"https:\/\/reihey.com\/wp-content\/uploads\/2025\/08\/\u4e3b\u56fe-05-86.jpg","contentUrl":"https:\/\/reihey.com\/wp-content\/uploads\/2025\/08\/\u4e3b\u56fe-05-86.jpg","width":800,"height":800},{"@type":"BreadcrumbList","@id":"https:\/\/reihey.com\/product\/5-100ml-clear-glass-essential-oil-bottle-with-tamperproof-childproof-cap\/#breadcrumb","itemListElement":[{"@type":"ListItem","position":1,"name":"Home","item":"https:\/\/reihey.com\/"},{"@type":"ListItem","position":2,"name":"Shop","item":"https:\/\/reihey.com\/shop\/"},{"@type":"ListItem","position":3,"name":"5-100ml Clear Glass Essential Oil bottle with tamperproof childproof cap"}]},{"@type":"WebSite","@id":"https:\/\/reihey.com\/#website","url":"https:\/\/reihey.com\/","name":"Verre Reiheney","description":"","publisher":{"@id":"https:\/\/reihey.com\/#organization"},"potentialAction":[{"@type":"SearchAction","target":{"@type":"EntryPoint","urlTemplate":"https:\/\/reihey.com\/?s={search_term_string}"},"query-input":{"@type":"PropertyValueSpecification","valueRequired":true,"valueName":"search_term_string"}}],"inLanguage":"fr-FR"},{"@type":"Organization","@id":"https:\/\/reihey.com\/#organization","name":"Verre Reiheney","url":"https:\/\/reihey.com\/","logo":{"@type":"ImageObject","inLanguage":"fr-FR","@id":"https:\/\/reihey.com\/#\/schema\/logo\/image\/","url":"https:\/\/reihey.com\/wp-content\/uploads\/2023\/07\/Reihey-logo-2026.svg","contentUrl":"https:\/\/reihey.com\/wp-content\/uploads\/2023\/07\/Reihey-logo-2026.svg","width":1984,"height":566,"caption":"Reihey Glass"},"image":{"@id":"https:\/\/reihey.com\/#\/schema\/logo\/image\/"}}]}},"_links":{"self":[{"href":"https:\/\/reihey.com\/fr\/wp-json\/wp\/v2\/product\/10571","targetHints":{"allow":["GET"]}}],"collection":[{"href":"https:\/\/reihey.com\/fr\/wp-json\/wp\/v2\/product"}],"about":[{"href":"https:\/\/reihey.com\/fr\/wp-json\/wp\/v2\/types\/product"}],"replies":[{"embeddable":true,"href":"https:\/\/reihey.com\/fr\/wp-json\/wp\/v2\/comments?post=10571"}],"version-history":[{"count":8,"href":"https:\/\/reihey.com\/fr\/wp-json\/wp\/v2\/product\/10571\/revisions"}],"predecessor-version":[{"id":994303,"href":"https:\/\/reihey.com\/fr\/wp-json\/wp\/v2\/product\/10571\/revisions\/994303"}],"wp:featuredmedia":[{"embeddable":true,"href":"https:\/\/reihey.com\/fr\/wp-json\/wp\/v2\/media\/992756"}],"wp:attachment":[{"href":"https:\/\/reihey.com\/fr\/wp-json\/wp\/v2\/media?parent=10571"}],"wp:term":[{"taxonomy":"product_brand","embeddable":true,"href":"https:\/\/reihey.com\/fr\/wp-json\/wp\/v2\/product_brand?post=10571"},{"taxonomy":"product_cat","embeddable":true,"href":"https:\/\/reihey.com\/fr\/wp-json\/wp\/v2\/product_cat?post=10571"},{"taxonomy":"product_tag","embeddable":true,"href":"https:\/\/reihey.com\/fr\/wp-json\/wp\/v2\/product_tag?post=10571"}],"curies":[{"name":"wp","href":"https:\/\/api.w.org\/{rel}","templated":true}]}}