{"id":10511,"date":"2025-08-27T11:35:33","date_gmt":"2025-08-27T11:35:33","guid":{"rendered":"https:\/\/slot71.silverline.dev\/?post_type=product&#038;p=10511"},"modified":"2025-10-28T10:59:57","modified_gmt":"2025-10-28T10:59:57","slug":"10ml-black-roll-on-glass-bottle","status":"publish","type":"product","link":"https:\/\/reihey.com\/fr\/product\/10ml-black-roll-on-glass-bottle\/","title":{"rendered":"Bouteille en verre \u00e0 rouleau noir de 10 ml"},"content":{"rendered":"","protected":false},"excerpt":{"rendered":"<table class=\"desk-tab\">\n<tbody>\n<tr>\n<th>Nom<\/th>\n<th>Mat\u00e9riel<\/th>\n<th>Capacit\u00e9<\/th>\n<th>Couleur<\/th>\n<th>Taille<\/th>\n<th>Utilisation<\/th>\n<th>Conditionnement<\/th>\n<\/tr>\n<tr>\n<td>Roll-on sur bouteille en verre<\/td>\n<td>Verre<\/td>\n<td>10 ml<\/td>\n<td>Transparent<\/td>\n<td>86\u00d720 mm<\/td>\n<td>Voyage<\/td>\n<td>1. Carton d'exportation standard\u2013Xpcs\/bo\u00eete, Ybo\u00eete\/carton.<\/td>\n<\/tr>\n<tr>\n<td><\/td>\n<td><\/td>\n<td><\/td>\n<td><\/td>\n<td><\/td>\n<td>Parfum<\/td>\n<td>2. Pack personnalis\u00e9 : bo\u00eete blanche avec votre LOGO, bo\u00eete cadeau color\u00e9e avec votre logo<\/td>\n<\/tr>\n<tr>\n<td><\/td>\n<td><\/td>\n<td><\/td>\n<td><\/td>\n<td><\/td>\n<td>Gloss \u00e0 l\u00e8vres<\/td>\n<td><\/td>\n<\/tr>\n<\/tbody>\n<\/table>\n<table class=\"mob-tab\">\n<tbody>\n<tr>\n<th>Nom<\/th>\n<td>Roll-on sur bouteille en verre<\/td>\n<\/tr>\n<tr>\n<th>Mat\u00e9riel<\/th>\n<td>Verre<\/td>\n<\/tr>\n<tr>\n<th>Capacit\u00e9<\/th>\n<td>10 ml<\/td>\n<\/tr>\n<tr>\n<th>Couleur<\/th>\n<td>Transparent<\/td>\n<\/tr>\n<tr>\n<th>Taille<\/th>\n<td>86\u00d720 mm<\/td>\n<\/tr>\n<tr>\n<th>Utilisation<\/th>\n<td>Voyage<br \/>\nParfum<br \/>\nGloss \u00e0 l\u00e8vres<\/td>\n<\/tr>\n<tr>\n<th>Conditionnement<\/th>\n<td>1. Carton d'exportation standard\u2013Xpcs\/bo\u00eete, Ybo\u00eete\/carton.<br \/>\n2. Pack personnalis\u00e9 : bo\u00eete blanche avec votre LOGO, bo\u00eete cadeau color\u00e9e avec votre logo<\/td>\n<\/tr>\n<\/tbody>\n<\/table>\n<p>Comment utiliser :<br \/>\nCliquez dans la bille roulante en pla\u00e7ant d\u00e9licatement la bille roulante dans la bouteille puis serrez fermement le bouchon jusqu'\u00e0 ce que la bille roulante s'enclenche. Utilisez la bouteille roll-on pour appliquer la quantit\u00e9 parfaite de produit \u00e0 chaque fois. Retirez la bille roulante en appliquant une pression sur le bouchon. Parfait pour les huiles essentielles, les huiles de parfum ou d'autres liquides. Emballage s\u00fbr, s\u00e9curis\u00e9 et pratique. Parfait pour les voyages, et se range facilement dans votre sac.<\/p>","protected":false},"featured_media":992713,"comment_status":"closed","ping_status":"closed","template":"","meta":{"_acf_changed":false},"product_brand":[],"product_cat":[613,611,614],"product_tag":[],"class_list":{"0":"post-10511","1":"product","2":"type-product","3":"status-publish","4":"has-post-thumbnail","6":"product_cat-beauty","7":"product_cat-glass-bottle-manufacturer","8":"product_cat-wholesale-glass-roll-on-bottle","10":"first","11":"instock","12":"shipping-taxable","13":"product-type-simple"},"acf":[],"yoast_head":"<!-- This site is optimized with the Yoast SEO plugin v26.7 - https:\/\/yoast.com\/wordpress\/plugins\/seo\/ -->\n<title>10ml Black Roll on Glass Bottle - Reihey Glass<\/title>\n<meta name=\"robots\" content=\"index, follow, max-snippet:-1, max-image-preview:large, max-video-preview:-1\" \/>\n<link rel=\"canonical\" href=\"https:\/\/reihey.com\/fr\/product\/10ml-black-roll-on-glass-bottle\/\" \/>\n<meta property=\"og:locale\" content=\"fr_FR\" \/>\n<meta property=\"og:type\" content=\"article\" \/>\n<meta property=\"og:title\" content=\"10ml Black Roll on Glass Bottle - Reihey Glass\" \/>\n<meta property=\"og:description\" content=\"Name Material Capacity Color Size Usage Packing   Roll on Glass Bottle Glass 10ml Transparent 86*20mm Travel 1. Standard export carton--Xpcs\/box, Ybox\/carton.        Perfume 2. Custom pack: white box with your LOGO, Color gift box with your logo        Lip Gloss        Name Roll on Glass Bottle   Material Glass   Capacity 10ml   Color Transparent   Size 86*20mm   Usage Travel Perfume Lip Gloss   Packing 1. Standard export carton--Xpcs\/box, Ybox\/carton. 2. Custom pack: white box with your LOGO, Color gift box with your logo    How to use: Snap in the roller-ball by gently placing the roller-ball in the bottle and then firmly tighten the cap until the roller-ball snaps in. Use the roll-on bottle to apply the perfect amount of product each time. Remove the roller- ball by applying pressure with the cap. Perfect for essential oils, perfume oils, or other liquids. Safe, secure and convenient packaging. Perfect for travel, and conveniently fits in your purse.\" \/>\n<meta property=\"og:url\" content=\"https:\/\/reihey.com\/fr\/product\/10ml-black-roll-on-glass-bottle\/\" \/>\n<meta property=\"og:site_name\" content=\"Reihey Glass\" \/>\n<meta property=\"article:modified_time\" content=\"2025-10-28T10:59:57+00:00\" \/>\n<meta property=\"og:image\" content=\"https:\/\/reihey.com\/wp-content\/uploads\/2025\/08\/1-143.jpg\" \/>\n\t<meta property=\"og:image:width\" content=\"800\" \/>\n\t<meta property=\"og:image:height\" content=\"800\" \/>\n\t<meta property=\"og:image:type\" content=\"image\/jpeg\" \/>\n<meta name=\"twitter:card\" content=\"summary_large_image\" \/>\n<meta name=\"twitter:label1\" content=\"Est. reading time\" \/>\n\t<meta name=\"twitter:data1\" content=\"1 minute\" \/>\n<script type=\"application\/ld+json\" class=\"yoast-schema-graph\">{\"@context\":\"https:\/\/schema.org\",\"@graph\":[{\"@type\":\"WebPage\",\"@id\":\"https:\/\/reihey.com\/product\/10ml-black-roll-on-glass-bottle\/\",\"url\":\"https:\/\/reihey.com\/product\/10ml-black-roll-on-glass-bottle\/\",\"name\":\"10ml Black Roll on Glass Bottle - Reihey Glass\",\"isPartOf\":{\"@id\":\"https:\/\/reihey.com\/#website\"},\"primaryImageOfPage\":{\"@id\":\"https:\/\/reihey.com\/product\/10ml-black-roll-on-glass-bottle\/#primaryimage\"},\"image\":{\"@id\":\"https:\/\/reihey.com\/product\/10ml-black-roll-on-glass-bottle\/#primaryimage\"},\"thumbnailUrl\":\"https:\/\/reihey.com\/wp-content\/uploads\/2025\/08\/1-143.jpg\",\"datePublished\":\"2025-08-27T11:35:33+00:00\",\"dateModified\":\"2025-10-28T10:59:57+00:00\",\"breadcrumb\":{\"@id\":\"https:\/\/reihey.com\/product\/10ml-black-roll-on-glass-bottle\/#breadcrumb\"},\"inLanguage\":\"fr-FR\",\"potentialAction\":[{\"@type\":\"ReadAction\",\"target\":[\"https:\/\/reihey.com\/product\/10ml-black-roll-on-glass-bottle\/\"]}]},{\"@type\":\"ImageObject\",\"inLanguage\":\"fr-FR\",\"@id\":\"https:\/\/reihey.com\/product\/10ml-black-roll-on-glass-bottle\/#primaryimage\",\"url\":\"https:\/\/reihey.com\/wp-content\/uploads\/2025\/08\/1-143.jpg\",\"contentUrl\":\"https:\/\/reihey.com\/wp-content\/uploads\/2025\/08\/1-143.jpg\",\"width\":800,\"height\":800},{\"@type\":\"BreadcrumbList\",\"@id\":\"https:\/\/reihey.com\/product\/10ml-black-roll-on-glass-bottle\/#breadcrumb\",\"itemListElement\":[{\"@type\":\"ListItem\",\"position\":1,\"name\":\"Home\",\"item\":\"https:\/\/reihey.com\/\"},{\"@type\":\"ListItem\",\"position\":2,\"name\":\"Shop\",\"item\":\"https:\/\/reihey.com\/shop\/\"},{\"@type\":\"ListItem\",\"position\":3,\"name\":\"10ml Black Roll on Glass Bottle\"}]},{\"@type\":\"WebSite\",\"@id\":\"https:\/\/reihey.com\/#website\",\"url\":\"https:\/\/reihey.com\/\",\"name\":\"Reihey Glass\",\"description\":\"\",\"publisher\":{\"@id\":\"https:\/\/reihey.com\/#organization\"},\"potentialAction\":[{\"@type\":\"SearchAction\",\"target\":{\"@type\":\"EntryPoint\",\"urlTemplate\":\"https:\/\/reihey.com\/?s={search_term_string}\"},\"query-input\":{\"@type\":\"PropertyValueSpecification\",\"valueRequired\":true,\"valueName\":\"search_term_string\"}}],\"inLanguage\":\"fr-FR\"},{\"@type\":\"Organization\",\"@id\":\"https:\/\/reihey.com\/#organization\",\"name\":\"Reihey Glass\",\"url\":\"https:\/\/reihey.com\/\",\"logo\":{\"@type\":\"ImageObject\",\"inLanguage\":\"fr-FR\",\"@id\":\"https:\/\/reihey.com\/#\/schema\/logo\/image\/\",\"url\":\"https:\/\/reihey.com\/wp-content\/uploads\/2023\/07\/Reihey-logo-2026.svg\",\"contentUrl\":\"https:\/\/reihey.com\/wp-content\/uploads\/2023\/07\/Reihey-logo-2026.svg\",\"width\":1984,\"height\":566,\"caption\":\"Reihey Glass\"},\"image\":{\"@id\":\"https:\/\/reihey.com\/#\/schema\/logo\/image\/\"}}]}<\/script>\n<!-- \/ Yoast SEO plugin. -->","yoast_head_json":{"title":"Bouteille en verre \u00e0 bille noire de 10 ml \u2013 Verre Reihey","robots":{"index":"index","follow":"follow","max-snippet":"max-snippet:-1","max-image-preview":"max-image-preview:large","max-video-preview":"max-video-preview:-1"},"canonical":"https:\/\/reihey.com\/fr\/product\/10ml-black-roll-on-glass-bottle\/","og_locale":"fr_FR","og_type":"article","og_title":"10ml Black Roll on Glass Bottle - Reihey Glass","og_description":"Name Material Capacity Color Size Usage Packing   Roll on Glass Bottle Glass 10ml Transparent 86*20mm Travel 1. Standard export carton--Xpcs\/box, Ybox\/carton.        Perfume 2. Custom pack: white box with your LOGO, Color gift box with your logo        Lip Gloss        Name Roll on Glass Bottle   Material Glass   Capacity 10ml   Color Transparent   Size 86*20mm   Usage Travel Perfume Lip Gloss   Packing 1. Standard export carton--Xpcs\/box, Ybox\/carton. 2. Custom pack: white box with your LOGO, Color gift box with your logo    How to use: Snap in the roller-ball by gently placing the roller-ball in the bottle and then firmly tighten the cap until the roller-ball snaps in. Use the roll-on bottle to apply the perfect amount of product each time. Remove the roller- ball by applying pressure with the cap. Perfect for essential oils, perfume oils, or other liquids. Safe, secure and convenient packaging. Perfect for travel, and conveniently fits in your purse.","og_url":"https:\/\/reihey.com\/fr\/product\/10ml-black-roll-on-glass-bottle\/","og_site_name":"Reihey Glass","article_modified_time":"2025-10-28T10:59:57+00:00","og_image":[{"width":800,"height":800,"url":"https:\/\/reihey.com\/wp-content\/uploads\/2025\/08\/1-143.jpg","type":"image\/jpeg"}],"twitter_card":"summary_large_image","twitter_misc":{"Est. reading time":"1 minute"},"schema":{"@context":"https:\/\/schema.org","@graph":[{"@type":"WebPage","@id":"https:\/\/reihey.com\/product\/10ml-black-roll-on-glass-bottle\/","url":"https:\/\/reihey.com\/product\/10ml-black-roll-on-glass-bottle\/","name":"Bouteille en verre \u00e0 bille noire de 10 ml \u2013 Verre Reihey","isPartOf":{"@id":"https:\/\/reihey.com\/#website"},"primaryImageOfPage":{"@id":"https:\/\/reihey.com\/product\/10ml-black-roll-on-glass-bottle\/#primaryimage"},"image":{"@id":"https:\/\/reihey.com\/product\/10ml-black-roll-on-glass-bottle\/#primaryimage"},"thumbnailUrl":"https:\/\/reihey.com\/wp-content\/uploads\/2025\/08\/1-143.jpg","datePublished":"2025-08-27T11:35:33+00:00","dateModified":"2025-10-28T10:59:57+00:00","breadcrumb":{"@id":"https:\/\/reihey.com\/product\/10ml-black-roll-on-glass-bottle\/#breadcrumb"},"inLanguage":"fr-FR","potentialAction":[{"@type":"ReadAction","target":["https:\/\/reihey.com\/product\/10ml-black-roll-on-glass-bottle\/"]}]},{"@type":"ImageObject","inLanguage":"fr-FR","@id":"https:\/\/reihey.com\/product\/10ml-black-roll-on-glass-bottle\/#primaryimage","url":"https:\/\/reihey.com\/wp-content\/uploads\/2025\/08\/1-143.jpg","contentUrl":"https:\/\/reihey.com\/wp-content\/uploads\/2025\/08\/1-143.jpg","width":800,"height":800},{"@type":"BreadcrumbList","@id":"https:\/\/reihey.com\/product\/10ml-black-roll-on-glass-bottle\/#breadcrumb","itemListElement":[{"@type":"ListItem","position":1,"name":"Home","item":"https:\/\/reihey.com\/"},{"@type":"ListItem","position":2,"name":"Shop","item":"https:\/\/reihey.com\/shop\/"},{"@type":"ListItem","position":3,"name":"10ml Black Roll on Glass Bottle"}]},{"@type":"WebSite","@id":"https:\/\/reihey.com\/#website","url":"https:\/\/reihey.com\/","name":"Verre Reiheney","description":"","publisher":{"@id":"https:\/\/reihey.com\/#organization"},"potentialAction":[{"@type":"SearchAction","target":{"@type":"EntryPoint","urlTemplate":"https:\/\/reihey.com\/?s={search_term_string}"},"query-input":{"@type":"PropertyValueSpecification","valueRequired":true,"valueName":"search_term_string"}}],"inLanguage":"fr-FR"},{"@type":"Organization","@id":"https:\/\/reihey.com\/#organization","name":"Verre Reiheney","url":"https:\/\/reihey.com\/","logo":{"@type":"ImageObject","inLanguage":"fr-FR","@id":"https:\/\/reihey.com\/#\/schema\/logo\/image\/","url":"https:\/\/reihey.com\/wp-content\/uploads\/2023\/07\/Reihey-logo-2026.svg","contentUrl":"https:\/\/reihey.com\/wp-content\/uploads\/2023\/07\/Reihey-logo-2026.svg","width":1984,"height":566,"caption":"Reihey Glass"},"image":{"@id":"https:\/\/reihey.com\/#\/schema\/logo\/image\/"}}]}},"_links":{"self":[{"href":"https:\/\/reihey.com\/fr\/wp-json\/wp\/v2\/product\/10511","targetHints":{"allow":["GET"]}}],"collection":[{"href":"https:\/\/reihey.com\/fr\/wp-json\/wp\/v2\/product"}],"about":[{"href":"https:\/\/reihey.com\/fr\/wp-json\/wp\/v2\/types\/product"}],"replies":[{"embeddable":true,"href":"https:\/\/reihey.com\/fr\/wp-json\/wp\/v2\/comments?post=10511"}],"version-history":[{"count":5,"href":"https:\/\/reihey.com\/fr\/wp-json\/wp\/v2\/product\/10511\/revisions"}],"predecessor-version":[{"id":997813,"href":"https:\/\/reihey.com\/fr\/wp-json\/wp\/v2\/product\/10511\/revisions\/997813"}],"wp:featuredmedia":[{"embeddable":true,"href":"https:\/\/reihey.com\/fr\/wp-json\/wp\/v2\/media\/992713"}],"wp:attachment":[{"href":"https:\/\/reihey.com\/fr\/wp-json\/wp\/v2\/media?parent=10511"}],"wp:term":[{"taxonomy":"product_brand","embeddable":true,"href":"https:\/\/reihey.com\/fr\/wp-json\/wp\/v2\/product_brand?post=10511"},{"taxonomy":"product_cat","embeddable":true,"href":"https:\/\/reihey.com\/fr\/wp-json\/wp\/v2\/product_cat?post=10511"},{"taxonomy":"product_tag","embeddable":true,"href":"https:\/\/reihey.com\/fr\/wp-json\/wp\/v2\/product_tag?post=10511"}],"curies":[{"name":"wp","href":"https:\/\/api.w.org\/{rel}","templated":true}]}}