{"id":10365,"date":"2025-08-27T11:33:51","date_gmt":"2025-08-27T11:33:51","guid":{"rendered":"https:\/\/slot71.silverline.dev\/?post_type=product&#038;p=10365"},"modified":"2025-10-28T11:37:56","modified_gmt":"2025-10-28T11:37:56","slug":"350ml-550ml-2-in-1-glass-oil-bottle-with-silicone-brush","status":"publish","type":"product","link":"https:\/\/reihey.com\/fr\/product\/350ml-550ml-2-in-1-glass-oil-bottle-with-silicone-brush\/","title":{"rendered":"350 ml 550 ml 2 en 1 bouteille en verre pour huile avec pinceau en silicone"},"content":{"rendered":"","protected":false},"excerpt":{"rendered":"<table class=\"desk-tab\">\n<tbody>\n<tr>\n<th>Mat\u00e9riel<\/th>\n<th>Couleur<\/th>\n<th>Capacit\u00e9<\/th>\n<th>Couvercle<\/th>\n<th>Utilisation<\/th>\n<\/tr>\n<tr>\n<td>Verre<\/td>\n<td>Clair<\/td>\n<td>350ml<\/td>\n<td>Plastique<\/td>\n<td>Alimentation<\/td>\n<\/tr>\n<tr>\n<td><\/td>\n<td><\/td>\n<td>550ml<\/td>\n<td><\/td>\n<td><\/td>\n<\/tr>\n<\/tbody>\n<\/table>\n<table class=\"mob-tab\">\n<tbody>\n<tr>\n<th>Mat\u00e9riel<\/th>\n<td>Verre<\/td>\n<\/tr>\n<tr>\n<th>Couleur<\/th>\n<td>Clair<\/td>\n<\/tr>\n<tr>\n<th>Capacit\u00e9<\/th>\n<td>350ml<br \/>\n550ml<\/td>\n<\/tr>\n<tr>\n<th>Couvercle<\/th>\n<td>Plastique<\/td>\n<\/tr>\n<tr>\n<th>Utilisation<\/th>\n<td>Alimentation<\/td>\n<\/tr>\n<\/tbody>\n<\/table>\n<p>\u3010Design sans goutte\u3011 Le distributeur d'huile peut \u00eatre utilis\u00e9 pour l'huile d'olive, le vinaigre, le vin, votre huile de piment faite maison pour la vinaigrette, la cuisson, le barbecue, peut m\u00eame utiliser ce flacon pour m\u00e9langer votre huile de piment. Il y a un design antid\u00e9rapant au bas du flacon.<br \/>\n\u3010CONTR\u00d4LE DU VERSEMENT D'HUILE\u3011 Le flacon d'huile contr\u00f4le la quantit\u00e9 d'huile, de vinaigrette ou de vinaigre vers\u00e9e dans vos plats, permettant ainsi de manger plus sainement et d'\u00e9viter les d\u00e9g\u00e2ts. Il y a un design anti-goutte, le flacon en verre peut efficacement emp\u00eacher les fuites d'huile, garder votre flacon propre et hygi\u00e9nique en tout temps, petit bouchon sur le dessus, peut garder le contenu toujours frais.<\/p>","protected":false},"featured_media":992605,"comment_status":"closed","ping_status":"closed","template":"","meta":{"_acf_changed":false},"product_brand":[],"product_cat":[611,619],"product_tag":[],"class_list":{"0":"post-10365","1":"product","2":"type-product","3":"status-publish","4":"has-post-thumbnail","6":"product_cat-glass-bottle-manufacturer","7":"product_cat-glass-oil-bottle-manufacturer","9":"first","10":"instock","11":"shipping-taxable","12":"product-type-simple"},"acf":[],"yoast_head":"<!-- This site is optimized with the Yoast SEO plugin v26.7 - https:\/\/yoast.com\/wordpress\/plugins\/seo\/ -->\n<title>350ml 550ml 2 In 1 Glass Oil Bottle With Silicone Brush - Reihey Glass<\/title>\n<meta name=\"robots\" content=\"index, follow, max-snippet:-1, max-image-preview:large, max-video-preview:-1\" \/>\n<link rel=\"canonical\" href=\"https:\/\/reihey.com\/fr\/product\/350ml-550ml-2-in-1-glass-oil-bottle-with-silicone-brush\/\" \/>\n<meta property=\"og:locale\" content=\"fr_FR\" \/>\n<meta property=\"og:type\" content=\"article\" \/>\n<meta property=\"og:title\" content=\"350ml 550ml 2 In 1 Glass Oil Bottle With Silicone Brush - Reihey Glass\" \/>\n<meta property=\"og:description\" content=\"Material Color Capacity Lid Usage   Glass Clear 350ml Plastic Food     550ml         Material Glass   Color Clear   Capacity 350ml 550ml   Lid Plastic   Usage Food    \u3010Non-drip Design\u3011 Oil dispenser can be used for olive oil, vinegar, wine, your homemade chilli oil for salad dressing, cooking, barbecue, even can use this bottle mix your chilli oil. There is non-slip design at the bottom of the bottle. \u3010CONTROL OIL DISPENSING\u3011 Oil bottle controls the amount of oil, dressing, or vinegar poured into your dishes,thus eating healthier and preventing messes. There is anti-drip design, the glass bottle can prevent effectively oil leaking, always keep your glass bottle clean and hygienic, little cap on the top, can keep the contents always remain fresh.\" \/>\n<meta property=\"og:url\" content=\"https:\/\/reihey.com\/fr\/product\/350ml-550ml-2-in-1-glass-oil-bottle-with-silicone-brush\/\" \/>\n<meta property=\"og:site_name\" content=\"Reihey Glass\" \/>\n<meta property=\"article:modified_time\" content=\"2025-10-28T11:37:56+00:00\" \/>\n<meta property=\"og:image\" content=\"https:\/\/reihey.com\/wp-content\/uploads\/2025\/08\/\u4e3b\u56fe-05-78.jpg\" \/>\n\t<meta property=\"og:image:width\" content=\"800\" \/>\n\t<meta property=\"og:image:height\" content=\"800\" \/>\n\t<meta property=\"og:image:type\" content=\"image\/jpeg\" \/>\n<meta name=\"twitter:card\" content=\"summary_large_image\" \/>\n<meta name=\"twitter:label1\" content=\"Est. reading time\" \/>\n\t<meta name=\"twitter:data1\" content=\"2 minutes\" \/>\n<script type=\"application\/ld+json\" class=\"yoast-schema-graph\">{\"@context\":\"https:\/\/schema.org\",\"@graph\":[{\"@type\":\"WebPage\",\"@id\":\"https:\/\/reihey.com\/product\/350ml-550ml-2-in-1-glass-oil-bottle-with-silicone-brush\/\",\"url\":\"https:\/\/reihey.com\/product\/350ml-550ml-2-in-1-glass-oil-bottle-with-silicone-brush\/\",\"name\":\"350ml 550ml 2 In 1 Glass Oil Bottle With Silicone Brush - Reihey Glass\",\"isPartOf\":{\"@id\":\"https:\/\/reihey.com\/#website\"},\"primaryImageOfPage\":{\"@id\":\"https:\/\/reihey.com\/product\/350ml-550ml-2-in-1-glass-oil-bottle-with-silicone-brush\/#primaryimage\"},\"image\":{\"@id\":\"https:\/\/reihey.com\/product\/350ml-550ml-2-in-1-glass-oil-bottle-with-silicone-brush\/#primaryimage\"},\"thumbnailUrl\":\"https:\/\/reihey.com\/wp-content\/uploads\/2025\/08\/\u4e3b\u56fe-05-78.jpg\",\"datePublished\":\"2025-08-27T11:33:51+00:00\",\"dateModified\":\"2025-10-28T11:37:56+00:00\",\"breadcrumb\":{\"@id\":\"https:\/\/reihey.com\/product\/350ml-550ml-2-in-1-glass-oil-bottle-with-silicone-brush\/#breadcrumb\"},\"inLanguage\":\"fr-FR\",\"potentialAction\":[{\"@type\":\"ReadAction\",\"target\":[\"https:\/\/reihey.com\/product\/350ml-550ml-2-in-1-glass-oil-bottle-with-silicone-brush\/\"]}]},{\"@type\":\"ImageObject\",\"inLanguage\":\"fr-FR\",\"@id\":\"https:\/\/reihey.com\/product\/350ml-550ml-2-in-1-glass-oil-bottle-with-silicone-brush\/#primaryimage\",\"url\":\"https:\/\/reihey.com\/wp-content\/uploads\/2025\/08\/\u4e3b\u56fe-05-78.jpg\",\"contentUrl\":\"https:\/\/reihey.com\/wp-content\/uploads\/2025\/08\/\u4e3b\u56fe-05-78.jpg\",\"width\":800,\"height\":800},{\"@type\":\"BreadcrumbList\",\"@id\":\"https:\/\/reihey.com\/product\/350ml-550ml-2-in-1-glass-oil-bottle-with-silicone-brush\/#breadcrumb\",\"itemListElement\":[{\"@type\":\"ListItem\",\"position\":1,\"name\":\"Home\",\"item\":\"https:\/\/reihey.com\/\"},{\"@type\":\"ListItem\",\"position\":2,\"name\":\"Shop\",\"item\":\"https:\/\/reihey.com\/shop\/\"},{\"@type\":\"ListItem\",\"position\":3,\"name\":\"350ml 550ml 2 In 1 Glass Oil Bottle With Silicone Brush\"}]},{\"@type\":\"WebSite\",\"@id\":\"https:\/\/reihey.com\/#website\",\"url\":\"https:\/\/reihey.com\/\",\"name\":\"Reihey Glass\",\"description\":\"\",\"publisher\":{\"@id\":\"https:\/\/reihey.com\/#organization\"},\"potentialAction\":[{\"@type\":\"SearchAction\",\"target\":{\"@type\":\"EntryPoint\",\"urlTemplate\":\"https:\/\/reihey.com\/?s={search_term_string}\"},\"query-input\":{\"@type\":\"PropertyValueSpecification\",\"valueRequired\":true,\"valueName\":\"search_term_string\"}}],\"inLanguage\":\"fr-FR\"},{\"@type\":\"Organization\",\"@id\":\"https:\/\/reihey.com\/#organization\",\"name\":\"Reihey Glass\",\"url\":\"https:\/\/reihey.com\/\",\"logo\":{\"@type\":\"ImageObject\",\"inLanguage\":\"fr-FR\",\"@id\":\"https:\/\/reihey.com\/#\/schema\/logo\/image\/\",\"url\":\"https:\/\/reihey.com\/wp-content\/uploads\/2023\/07\/Reihey-logo-2026.svg\",\"contentUrl\":\"https:\/\/reihey.com\/wp-content\/uploads\/2023\/07\/Reihey-logo-2026.svg\",\"width\":1984,\"height\":566,\"caption\":\"Reihey Glass\"},\"image\":{\"@id\":\"https:\/\/reihey.com\/#\/schema\/logo\/image\/\"}}]}<\/script>\n<!-- \/ Yoast SEO plugin. -->","yoast_head_json":{"title":"350 ml 550 ml 2 en 1 bouteille d'huile en verre avec brosse en silicone - verre Reihey","robots":{"index":"index","follow":"follow","max-snippet":"max-snippet:-1","max-image-preview":"max-image-preview:large","max-video-preview":"max-video-preview:-1"},"canonical":"https:\/\/reihey.com\/fr\/product\/350ml-550ml-2-in-1-glass-oil-bottle-with-silicone-brush\/","og_locale":"fr_FR","og_type":"article","og_title":"350ml 550ml 2 In 1 Glass Oil Bottle With Silicone Brush - Reihey Glass","og_description":"Material Color Capacity Lid Usage   Glass Clear 350ml Plastic Food     550ml         Material Glass   Color Clear   Capacity 350ml 550ml   Lid Plastic   Usage Food    \u3010Non-drip Design\u3011 Oil dispenser can be used for olive oil, vinegar, wine, your homemade chilli oil for salad dressing, cooking, barbecue, even can use this bottle mix your chilli oil. There is non-slip design at the bottom of the bottle. \u3010CONTROL OIL DISPENSING\u3011 Oil bottle controls the amount of oil, dressing, or vinegar poured into your dishes,thus eating healthier and preventing messes. There is anti-drip design, the glass bottle can prevent effectively oil leaking, always keep your glass bottle clean and hygienic, little cap on the top, can keep the contents always remain fresh.","og_url":"https:\/\/reihey.com\/fr\/product\/350ml-550ml-2-in-1-glass-oil-bottle-with-silicone-brush\/","og_site_name":"Reihey Glass","article_modified_time":"2025-10-28T11:37:56+00:00","og_image":[{"width":800,"height":800,"url":"https:\/\/reihey.com\/wp-content\/uploads\/2025\/08\/\u4e3b\u56fe-05-78.jpg","type":"image\/jpeg"}],"twitter_card":"summary_large_image","twitter_misc":{"Est. reading time":"2 minutes"},"schema":{"@context":"https:\/\/schema.org","@graph":[{"@type":"WebPage","@id":"https:\/\/reihey.com\/product\/350ml-550ml-2-in-1-glass-oil-bottle-with-silicone-brush\/","url":"https:\/\/reihey.com\/product\/350ml-550ml-2-in-1-glass-oil-bottle-with-silicone-brush\/","name":"350 ml 550 ml 2 en 1 bouteille d'huile en verre avec brosse en silicone - verre Reihey","isPartOf":{"@id":"https:\/\/reihey.com\/#website"},"primaryImageOfPage":{"@id":"https:\/\/reihey.com\/product\/350ml-550ml-2-in-1-glass-oil-bottle-with-silicone-brush\/#primaryimage"},"image":{"@id":"https:\/\/reihey.com\/product\/350ml-550ml-2-in-1-glass-oil-bottle-with-silicone-brush\/#primaryimage"},"thumbnailUrl":"https:\/\/reihey.com\/wp-content\/uploads\/2025\/08\/\u4e3b\u56fe-05-78.jpg","datePublished":"2025-08-27T11:33:51+00:00","dateModified":"2025-10-28T11:37:56+00:00","breadcrumb":{"@id":"https:\/\/reihey.com\/product\/350ml-550ml-2-in-1-glass-oil-bottle-with-silicone-brush\/#breadcrumb"},"inLanguage":"fr-FR","potentialAction":[{"@type":"ReadAction","target":["https:\/\/reihey.com\/product\/350ml-550ml-2-in-1-glass-oil-bottle-with-silicone-brush\/"]}]},{"@type":"ImageObject","inLanguage":"fr-FR","@id":"https:\/\/reihey.com\/product\/350ml-550ml-2-in-1-glass-oil-bottle-with-silicone-brush\/#primaryimage","url":"https:\/\/reihey.com\/wp-content\/uploads\/2025\/08\/\u4e3b\u56fe-05-78.jpg","contentUrl":"https:\/\/reihey.com\/wp-content\/uploads\/2025\/08\/\u4e3b\u56fe-05-78.jpg","width":800,"height":800},{"@type":"BreadcrumbList","@id":"https:\/\/reihey.com\/product\/350ml-550ml-2-in-1-glass-oil-bottle-with-silicone-brush\/#breadcrumb","itemListElement":[{"@type":"ListItem","position":1,"name":"Home","item":"https:\/\/reihey.com\/"},{"@type":"ListItem","position":2,"name":"Shop","item":"https:\/\/reihey.com\/shop\/"},{"@type":"ListItem","position":3,"name":"350ml 550ml 2 In 1 Glass Oil Bottle With Silicone Brush"}]},{"@type":"WebSite","@id":"https:\/\/reihey.com\/#website","url":"https:\/\/reihey.com\/","name":"Verre Reiheney","description":"","publisher":{"@id":"https:\/\/reihey.com\/#organization"},"potentialAction":[{"@type":"SearchAction","target":{"@type":"EntryPoint","urlTemplate":"https:\/\/reihey.com\/?s={search_term_string}"},"query-input":{"@type":"PropertyValueSpecification","valueRequired":true,"valueName":"search_term_string"}}],"inLanguage":"fr-FR"},{"@type":"Organization","@id":"https:\/\/reihey.com\/#organization","name":"Verre Reiheney","url":"https:\/\/reihey.com\/","logo":{"@type":"ImageObject","inLanguage":"fr-FR","@id":"https:\/\/reihey.com\/#\/schema\/logo\/image\/","url":"https:\/\/reihey.com\/wp-content\/uploads\/2023\/07\/Reihey-logo-2026.svg","contentUrl":"https:\/\/reihey.com\/wp-content\/uploads\/2023\/07\/Reihey-logo-2026.svg","width":1984,"height":566,"caption":"Reihey Glass"},"image":{"@id":"https:\/\/reihey.com\/#\/schema\/logo\/image\/"}}]}},"_links":{"self":[{"href":"https:\/\/reihey.com\/fr\/wp-json\/wp\/v2\/product\/10365","targetHints":{"allow":["GET"]}}],"collection":[{"href":"https:\/\/reihey.com\/fr\/wp-json\/wp\/v2\/product"}],"about":[{"href":"https:\/\/reihey.com\/fr\/wp-json\/wp\/v2\/types\/product"}],"replies":[{"embeddable":true,"href":"https:\/\/reihey.com\/fr\/wp-json\/wp\/v2\/comments?post=10365"}],"version-history":[{"count":5,"href":"https:\/\/reihey.com\/fr\/wp-json\/wp\/v2\/product\/10365\/revisions"}],"predecessor-version":[{"id":997843,"href":"https:\/\/reihey.com\/fr\/wp-json\/wp\/v2\/product\/10365\/revisions\/997843"}],"wp:featuredmedia":[{"embeddable":true,"href":"https:\/\/reihey.com\/fr\/wp-json\/wp\/v2\/media\/992605"}],"wp:attachment":[{"href":"https:\/\/reihey.com\/fr\/wp-json\/wp\/v2\/media?parent=10365"}],"wp:term":[{"taxonomy":"product_brand","embeddable":true,"href":"https:\/\/reihey.com\/fr\/wp-json\/wp\/v2\/product_brand?post=10365"},{"taxonomy":"product_cat","embeddable":true,"href":"https:\/\/reihey.com\/fr\/wp-json\/wp\/v2\/product_cat?post=10365"},{"taxonomy":"product_tag","embeddable":true,"href":"https:\/\/reihey.com\/fr\/wp-json\/wp\/v2\/product_tag?post=10365"}],"curies":[{"name":"wp","href":"https:\/\/api.w.org\/{rel}","templated":true}]}}