{"id":10307,"date":"2025-08-27T11:33:08","date_gmt":"2025-08-27T11:33:08","guid":{"rendered":"https:\/\/slot71.silverline.dev\/?post_type=product&#038;p=10307"},"modified":"2025-10-28T11:47:47","modified_gmt":"2025-10-28T11:47:47","slug":"180ml-stainless-steel-glass-oil-dispenser-bottle","status":"publish","type":"product","link":"https:\/\/reihey.com\/fr\/product\/180ml-stainless-steel-glass-oil-dispenser-bottle\/","title":{"rendered":"Distributeur d'huile en verre et acier inoxydable de 180 ml"},"content":{"rendered":"","protected":false},"excerpt":{"rendered":"<table class=\"desk-tab\">\n<tbody>\n<tr>\n<th>Mat\u00e9riel<\/th>\n<th>Couleur<\/th>\n<th>Capacit\u00e9<\/th>\n<th>Couvercle<\/th>\n<th>Utilisation<\/th>\n<\/tr>\n<tr>\n<td>Verre en acier inoxydable<\/td>\n<td>Clair<\/td>\n<td>180ml<\/td>\n<td>Plastique<\/td>\n<td>Alimentation<\/td>\n<\/tr>\n<\/tbody>\n<\/table>\n<table class=\"mob-tab\">\n<tbody>\n<tr>\n<th>Mat\u00e9riel<\/th>\n<td>Verre en acier inoxydable<\/td>\n<\/tr>\n<tr>\n<th>Couleur<\/th>\n<td>Clair<\/td>\n<\/tr>\n<tr>\n<th>Capacit\u00e9<\/th>\n<td>180ml<\/td>\n<\/tr>\n<tr>\n<th>Couvercle<\/th>\n<td>Plastique<\/td>\n<\/tr>\n<tr>\n<th>Utilisation<\/th>\n<td>Alimentation<\/td>\n<\/tr>\n<\/tbody>\n<\/table>\n<p>\u3010Design anti-goutte\u3011 Le distributeur d'huile peut \u00eatre utilis\u00e9 pour l'huile d'olive, le vinaigre, le vin, votre huile de piment maison pour la vinaigrette, la cuisson, le barbecue, on peut m\u00eame utiliser cette bouteille pour m\u00e9langer votre huile de piment. Il y a un design antid\u00e9rapant au bas de la bouteille.\u3010CONTR\u00d4LE DE LA DISTRIBUTION D'HUILE\u3011 La bouteille d'huile contr\u00f4le la quantit\u00e9 d'huile, de sauce ou de vinaigre vers\u00e9e dans vos plats, permettant ainsi de manger plus sainement et d'\u00e9viter les d\u00e9g\u00e2ts. Il y a un design anti-goutte, la bouteille en verre peut emp\u00eacher efficacement les fuites d'huile, gardant toujours votre bouteille propre et hygi\u00e9nique, petit bouchon sur le dessus, peut maintenir le contenu toujours frais.<\/p>","protected":false},"featured_media":992561,"comment_status":"closed","ping_status":"closed","template":"","meta":{"_acf_changed":false},"product_brand":[],"product_cat":[611,619],"product_tag":[],"class_list":{"0":"post-10307","1":"product","2":"type-product","3":"status-publish","4":"has-post-thumbnail","6":"product_cat-glass-bottle-manufacturer","7":"product_cat-glass-oil-bottle-manufacturer","9":"first","10":"instock","11":"shipping-taxable","12":"product-type-simple"},"acf":[],"yoast_head":"<!-- This site is optimized with the Yoast SEO plugin v26.7 - https:\/\/yoast.com\/wordpress\/plugins\/seo\/ -->\n<title>180ml Stainless Steel Glass Oil Dispenser bottle - Reihey Glass<\/title>\n<meta name=\"robots\" content=\"index, follow, max-snippet:-1, max-image-preview:large, max-video-preview:-1\" \/>\n<link rel=\"canonical\" href=\"https:\/\/reihey.com\/fr\/product\/180ml-stainless-steel-glass-oil-dispenser-bottle\/\" \/>\n<meta property=\"og:locale\" content=\"fr_FR\" \/>\n<meta property=\"og:type\" content=\"article\" \/>\n<meta property=\"og:title\" content=\"180ml Stainless Steel Glass Oil Dispenser bottle - Reihey Glass\" \/>\n<meta property=\"og:description\" content=\"Material Color Capacity Lid Usage   Stainless Steel Glass Clear 180ml Plastic Food       Material Stainless Steel Glass   Color Clear   Capacity 180ml   Lid Plastic   Usage Food    \u3010Non-drip Design\u3011 Oil dispenser can be used for olive oil, vinegar, wine, your homemade chilli oil for salad dressing, cooking, barbecue, even can use this bottle mix your chilli oil. There is non-slip design at the bottom of the bottle.\u3010CONTROL OIL DISPENSING\u3011 Oil bottle controls the amount of oil, dressing, or vinegar poured into your dishes,thus eating healthier and preventing messes. There is anti-drip design, the glass bottle can prevent effectively oil leaking, always keep your glass bottle clean and hygienic, little cap on the top, can keep the contents always remain fresh.\" \/>\n<meta property=\"og:url\" content=\"https:\/\/reihey.com\/fr\/product\/180ml-stainless-steel-glass-oil-dispenser-bottle\/\" \/>\n<meta property=\"og:site_name\" content=\"Reihey Glass\" \/>\n<meta property=\"article:modified_time\" content=\"2025-10-28T11:47:47+00:00\" \/>\n<meta property=\"og:image\" content=\"https:\/\/reihey.com\/wp-content\/uploads\/2025\/08\/\u4e3b\u56fe-06-10.jpg\" \/>\n\t<meta property=\"og:image:width\" content=\"800\" \/>\n\t<meta property=\"og:image:height\" content=\"800\" \/>\n\t<meta property=\"og:image:type\" content=\"image\/jpeg\" \/>\n<meta name=\"twitter:card\" content=\"summary_large_image\" \/>\n<meta name=\"twitter:label1\" content=\"Est. reading time\" \/>\n\t<meta name=\"twitter:data1\" content=\"2 minutes\" \/>\n<script type=\"application\/ld+json\" class=\"yoast-schema-graph\">{\"@context\":\"https:\/\/schema.org\",\"@graph\":[{\"@type\":\"WebPage\",\"@id\":\"https:\/\/reihey.com\/product\/180ml-stainless-steel-glass-oil-dispenser-bottle\/\",\"url\":\"https:\/\/reihey.com\/product\/180ml-stainless-steel-glass-oil-dispenser-bottle\/\",\"name\":\"180ml Stainless Steel Glass Oil Dispenser bottle - Reihey Glass\",\"isPartOf\":{\"@id\":\"https:\/\/reihey.com\/#website\"},\"primaryImageOfPage\":{\"@id\":\"https:\/\/reihey.com\/product\/180ml-stainless-steel-glass-oil-dispenser-bottle\/#primaryimage\"},\"image\":{\"@id\":\"https:\/\/reihey.com\/product\/180ml-stainless-steel-glass-oil-dispenser-bottle\/#primaryimage\"},\"thumbnailUrl\":\"https:\/\/reihey.com\/wp-content\/uploads\/2025\/08\/\u4e3b\u56fe-06-10.jpg\",\"datePublished\":\"2025-08-27T11:33:08+00:00\",\"dateModified\":\"2025-10-28T11:47:47+00:00\",\"breadcrumb\":{\"@id\":\"https:\/\/reihey.com\/product\/180ml-stainless-steel-glass-oil-dispenser-bottle\/#breadcrumb\"},\"inLanguage\":\"fr-FR\",\"potentialAction\":[{\"@type\":\"ReadAction\",\"target\":[\"https:\/\/reihey.com\/product\/180ml-stainless-steel-glass-oil-dispenser-bottle\/\"]}]},{\"@type\":\"ImageObject\",\"inLanguage\":\"fr-FR\",\"@id\":\"https:\/\/reihey.com\/product\/180ml-stainless-steel-glass-oil-dispenser-bottle\/#primaryimage\",\"url\":\"https:\/\/reihey.com\/wp-content\/uploads\/2025\/08\/\u4e3b\u56fe-06-10.jpg\",\"contentUrl\":\"https:\/\/reihey.com\/wp-content\/uploads\/2025\/08\/\u4e3b\u56fe-06-10.jpg\",\"width\":800,\"height\":800},{\"@type\":\"BreadcrumbList\",\"@id\":\"https:\/\/reihey.com\/product\/180ml-stainless-steel-glass-oil-dispenser-bottle\/#breadcrumb\",\"itemListElement\":[{\"@type\":\"ListItem\",\"position\":1,\"name\":\"Home\",\"item\":\"https:\/\/reihey.com\/\"},{\"@type\":\"ListItem\",\"position\":2,\"name\":\"Shop\",\"item\":\"https:\/\/reihey.com\/shop\/\"},{\"@type\":\"ListItem\",\"position\":3,\"name\":\"180ml Stainless Steel Glass Oil Dispenser bottle\"}]},{\"@type\":\"WebSite\",\"@id\":\"https:\/\/reihey.com\/#website\",\"url\":\"https:\/\/reihey.com\/\",\"name\":\"Reihey Glass\",\"description\":\"\",\"publisher\":{\"@id\":\"https:\/\/reihey.com\/#organization\"},\"potentialAction\":[{\"@type\":\"SearchAction\",\"target\":{\"@type\":\"EntryPoint\",\"urlTemplate\":\"https:\/\/reihey.com\/?s={search_term_string}\"},\"query-input\":{\"@type\":\"PropertyValueSpecification\",\"valueRequired\":true,\"valueName\":\"search_term_string\"}}],\"inLanguage\":\"fr-FR\"},{\"@type\":\"Organization\",\"@id\":\"https:\/\/reihey.com\/#organization\",\"name\":\"Reihey Glass\",\"url\":\"https:\/\/reihey.com\/\",\"logo\":{\"@type\":\"ImageObject\",\"inLanguage\":\"fr-FR\",\"@id\":\"https:\/\/reihey.com\/#\/schema\/logo\/image\/\",\"url\":\"https:\/\/reihey.com\/wp-content\/uploads\/2023\/07\/Reihey-logo-2026.svg\",\"contentUrl\":\"https:\/\/reihey.com\/wp-content\/uploads\/2023\/07\/Reihey-logo-2026.svg\",\"width\":1984,\"height\":566,\"caption\":\"Reihey Glass\"},\"image\":{\"@id\":\"https:\/\/reihey.com\/#\/schema\/logo\/image\/\"}}]}<\/script>\n<!-- \/ Yoast SEO plugin. -->","yoast_head_json":{"title":"Flacon doseur en verre inox 180 ml - Reihey Glass","robots":{"index":"index","follow":"follow","max-snippet":"max-snippet:-1","max-image-preview":"max-image-preview:large","max-video-preview":"max-video-preview:-1"},"canonical":"https:\/\/reihey.com\/fr\/product\/180ml-stainless-steel-glass-oil-dispenser-bottle\/","og_locale":"fr_FR","og_type":"article","og_title":"180ml Stainless Steel Glass Oil Dispenser bottle - Reihey Glass","og_description":"Material Color Capacity Lid Usage   Stainless Steel Glass Clear 180ml Plastic Food       Material Stainless Steel Glass   Color Clear   Capacity 180ml   Lid Plastic   Usage Food    \u3010Non-drip Design\u3011 Oil dispenser can be used for olive oil, vinegar, wine, your homemade chilli oil for salad dressing, cooking, barbecue, even can use this bottle mix your chilli oil. There is non-slip design at the bottom of the bottle.\u3010CONTROL OIL DISPENSING\u3011 Oil bottle controls the amount of oil, dressing, or vinegar poured into your dishes,thus eating healthier and preventing messes. There is anti-drip design, the glass bottle can prevent effectively oil leaking, always keep your glass bottle clean and hygienic, little cap on the top, can keep the contents always remain fresh.","og_url":"https:\/\/reihey.com\/fr\/product\/180ml-stainless-steel-glass-oil-dispenser-bottle\/","og_site_name":"Reihey Glass","article_modified_time":"2025-10-28T11:47:47+00:00","og_image":[{"width":800,"height":800,"url":"https:\/\/reihey.com\/wp-content\/uploads\/2025\/08\/\u4e3b\u56fe-06-10.jpg","type":"image\/jpeg"}],"twitter_card":"summary_large_image","twitter_misc":{"Est. reading time":"2 minutes"},"schema":{"@context":"https:\/\/schema.org","@graph":[{"@type":"WebPage","@id":"https:\/\/reihey.com\/product\/180ml-stainless-steel-glass-oil-dispenser-bottle\/","url":"https:\/\/reihey.com\/product\/180ml-stainless-steel-glass-oil-dispenser-bottle\/","name":"Flacon doseur en verre inox 180 ml - Reihey Glass","isPartOf":{"@id":"https:\/\/reihey.com\/#website"},"primaryImageOfPage":{"@id":"https:\/\/reihey.com\/product\/180ml-stainless-steel-glass-oil-dispenser-bottle\/#primaryimage"},"image":{"@id":"https:\/\/reihey.com\/product\/180ml-stainless-steel-glass-oil-dispenser-bottle\/#primaryimage"},"thumbnailUrl":"https:\/\/reihey.com\/wp-content\/uploads\/2025\/08\/\u4e3b\u56fe-06-10.jpg","datePublished":"2025-08-27T11:33:08+00:00","dateModified":"2025-10-28T11:47:47+00:00","breadcrumb":{"@id":"https:\/\/reihey.com\/product\/180ml-stainless-steel-glass-oil-dispenser-bottle\/#breadcrumb"},"inLanguage":"fr-FR","potentialAction":[{"@type":"ReadAction","target":["https:\/\/reihey.com\/product\/180ml-stainless-steel-glass-oil-dispenser-bottle\/"]}]},{"@type":"ImageObject","inLanguage":"fr-FR","@id":"https:\/\/reihey.com\/product\/180ml-stainless-steel-glass-oil-dispenser-bottle\/#primaryimage","url":"https:\/\/reihey.com\/wp-content\/uploads\/2025\/08\/\u4e3b\u56fe-06-10.jpg","contentUrl":"https:\/\/reihey.com\/wp-content\/uploads\/2025\/08\/\u4e3b\u56fe-06-10.jpg","width":800,"height":800},{"@type":"BreadcrumbList","@id":"https:\/\/reihey.com\/product\/180ml-stainless-steel-glass-oil-dispenser-bottle\/#breadcrumb","itemListElement":[{"@type":"ListItem","position":1,"name":"Home","item":"https:\/\/reihey.com\/"},{"@type":"ListItem","position":2,"name":"Shop","item":"https:\/\/reihey.com\/shop\/"},{"@type":"ListItem","position":3,"name":"180ml Stainless Steel Glass Oil Dispenser bottle"}]},{"@type":"WebSite","@id":"https:\/\/reihey.com\/#website","url":"https:\/\/reihey.com\/","name":"Verre Reiheney","description":"","publisher":{"@id":"https:\/\/reihey.com\/#organization"},"potentialAction":[{"@type":"SearchAction","target":{"@type":"EntryPoint","urlTemplate":"https:\/\/reihey.com\/?s={search_term_string}"},"query-input":{"@type":"PropertyValueSpecification","valueRequired":true,"valueName":"search_term_string"}}],"inLanguage":"fr-FR"},{"@type":"Organization","@id":"https:\/\/reihey.com\/#organization","name":"Verre Reiheney","url":"https:\/\/reihey.com\/","logo":{"@type":"ImageObject","inLanguage":"fr-FR","@id":"https:\/\/reihey.com\/#\/schema\/logo\/image\/","url":"https:\/\/reihey.com\/wp-content\/uploads\/2023\/07\/Reihey-logo-2026.svg","contentUrl":"https:\/\/reihey.com\/wp-content\/uploads\/2023\/07\/Reihey-logo-2026.svg","width":1984,"height":566,"caption":"Reihey Glass"},"image":{"@id":"https:\/\/reihey.com\/#\/schema\/logo\/image\/"}}]}},"_links":{"self":[{"href":"https:\/\/reihey.com\/fr\/wp-json\/wp\/v2\/product\/10307","targetHints":{"allow":["GET"]}}],"collection":[{"href":"https:\/\/reihey.com\/fr\/wp-json\/wp\/v2\/product"}],"about":[{"href":"https:\/\/reihey.com\/fr\/wp-json\/wp\/v2\/types\/product"}],"replies":[{"embeddable":true,"href":"https:\/\/reihey.com\/fr\/wp-json\/wp\/v2\/comments?post=10307"}],"version-history":[{"count":5,"href":"https:\/\/reihey.com\/fr\/wp-json\/wp\/v2\/product\/10307\/revisions"}],"predecessor-version":[{"id":997854,"href":"https:\/\/reihey.com\/fr\/wp-json\/wp\/v2\/product\/10307\/revisions\/997854"}],"wp:featuredmedia":[{"embeddable":true,"href":"https:\/\/reihey.com\/fr\/wp-json\/wp\/v2\/media\/992561"}],"wp:attachment":[{"href":"https:\/\/reihey.com\/fr\/wp-json\/wp\/v2\/media?parent=10307"}],"wp:term":[{"taxonomy":"product_brand","embeddable":true,"href":"https:\/\/reihey.com\/fr\/wp-json\/wp\/v2\/product_brand?post=10307"},{"taxonomy":"product_cat","embeddable":true,"href":"https:\/\/reihey.com\/fr\/wp-json\/wp\/v2\/product_cat?post=10307"},{"taxonomy":"product_tag","embeddable":true,"href":"https:\/\/reihey.com\/fr\/wp-json\/wp\/v2\/product_tag?post=10307"}],"curies":[{"name":"wp","href":"https:\/\/api.w.org\/{rel}","templated":true}]}}