{"id":10217,"date":"2025-08-27T11:18:07","date_gmt":"2025-08-27T11:18:07","guid":{"rendered":"https:\/\/slot71.silverline.dev\/?post_type=product&#038;p=10217"},"modified":"2025-10-28T12:13:20","modified_gmt":"2025-10-28T12:13:20","slug":"13oz-tea-glasses","status":"publish","type":"product","link":"https:\/\/reihey.com\/fr\/product\/13oz-tea-glasses\/","title":{"rendered":"Verres \u00e0 th\u00e9 de 13 oz"},"content":{"rendered":"","protected":false},"excerpt":{"rendered":"<p><!-- Desktop Version --><\/p>\n<table class=\"desk-tab\">\n<tbody>\n<tr>\n<th>Nom<\/th>\n<th>Mat\u00e9riel<\/th>\n<th>Capacit\u00e9<\/th>\n<th>Couleur<\/th>\n<th>Taille<\/th>\n<th>Utilisation<\/th>\n<th>Conditionnement<\/th>\n<\/tr>\n<tr>\n<td>Verres \u00e0 th\u00e9<\/td>\n<td>Verre<\/td>\n<td>13oz<\/td>\n<td>Transparent<\/td>\n<td>101*63 mm<\/td>\n<td>Th\u00e9<\/td>\n<td>1. Carton d'exportation standard\u2013Xpcs\/bo\u00eete, Ybo\u00eete\/carton.<\/td>\n<\/tr>\n<tr>\n<td><\/td>\n<td><\/td>\n<td><\/td>\n<td><\/td>\n<td><\/td>\n<td><\/td>\n<td>2. Conditionnement personnalis\u00e9 : bo\u00eete blanche avec votre LOGO. Bo\u00eete cadeau couleur avec votre logo<\/td>\n<\/tr>\n<\/tbody>\n<\/table>\n<p><!-- Mobile Version --><\/p>\n<table class=\"mob-tab\">\n<tbody>\n<tr>\n<th>Nom<\/th>\n<td>Verres \u00e0 th\u00e9<\/td>\n<\/tr>\n<tr>\n<th>Mat\u00e9riel<\/th>\n<td>Verre<\/td>\n<\/tr>\n<tr>\n<th>Capacit\u00e9<\/th>\n<td>13oz<\/td>\n<\/tr>\n<tr>\n<th>Couleur<\/th>\n<td>Transparent<\/td>\n<\/tr>\n<tr>\n<th>Taille<\/th>\n<td>101*63 mm<\/td>\n<\/tr>\n<tr>\n<th>Utilisation<\/th>\n<td>Th\u00e9<\/td>\n<\/tr>\n<tr>\n<th>Conditionnement<\/th>\n<td>\n        1. Carton d'exportation standard\u2013Xpcs\/bo\u00eete, Ybo\u00eete\/carton.<br \/>\n        2. Conditionnement personnalis\u00e9 : bo\u00eete blanche avec votre LOGO. Bo\u00eete cadeau couleur avec votre logo\n      <\/td>\n<\/tr>\n<\/tbody>\n<\/table>\n<p>Ces gobelets en verre peuvent \u00eatre utilis\u00e9s pour le caf\u00e9 et le th\u00e9, le chocolat chaud, le caf\u00e9 glac\u00e9, le cappuccino, le latte, l\u2019espresso, le cortado et plus encore. Adapt\u00e9 \u00e0 toutes les boissons chaudes ou froides.<br \/>\nFabriqu\u00e9s \u00e0 partir de mat\u00e9riaux de haute qualit\u00e9, ces tasses \u00e0 caf\u00e9 et \u00e0 th\u00e9 ont \u00e9t\u00e9 con\u00e7ues et fabriqu\u00e9es pour une utilisation quotidienne r\u00e9guli\u00e8re. Caract\u00e9ristiques : rebord renforc\u00e9, design robuste et proportions parfaitement \u00e9quilibr\u00e9es. Tr\u00e8s robustes et capables de r\u00e9sister \u00e0 des temp\u00e9ratures \u00e9lev\u00e9es. Verre sans plomb. Micro-ondes et lave-vaisselle compatibles.<\/p>","protected":false},"featured_media":992503,"comment_status":"closed","ping_status":"closed","template":"","meta":{"_acf_changed":false},"product_brand":[],"product_cat":[637,632,610],"product_tag":[],"class_list":{"0":"post-10217","1":"product","2":"type-product","3":"status-publish","4":"has-post-thumbnail","6":"product_cat-drinking-glasses","7":"product_cat-home-decor","8":"product_cat-tea-glasses","10":"first","11":"instock","12":"shipping-taxable","13":"product-type-simple"},"acf":[],"yoast_head":"<!-- This site is optimized with the Yoast SEO plugin v26.7 - https:\/\/yoast.com\/wordpress\/plugins\/seo\/ -->\n<title>13oz Tea Glasses - Reihey Glass<\/title>\n<meta name=\"robots\" content=\"index, follow, max-snippet:-1, max-image-preview:large, max-video-preview:-1\" \/>\n<link rel=\"canonical\" href=\"https:\/\/reihey.com\/fr\/product\/13oz-tea-glasses\/\" \/>\n<meta property=\"og:locale\" content=\"fr_FR\" \/>\n<meta property=\"og:type\" content=\"article\" \/>\n<meta property=\"og:title\" content=\"13oz Tea Glasses - Reihey Glass\" \/>\n<meta property=\"og:description\" content=\"Name    Material    Capacity    Color    Size    Usage    Packing          Tea Glasses    Glass    13oz    Transparent    101*63mm    Tea    1. Standard export carton--Xpcs\/box, Ybox\/carton.                                  2. Custom pack: white box with your LOGO. Color gift box with your logo                  Name    Tea Glasses          Material    Glass          Capacity    13oz          Color    Transparent          Size    101*63mm          Usage    Tea          Packing         1. Standard export carton--Xpcs\/box, Ybox\/carton.     2. Custom pack: white box with your LOGO. Color gift box with your logo            These glass cups can be used for coffee and tea, hot chocolate, iced coffee, cappuccino, latte, espresso, cortado and more. Suitable for every hot or cold drinks. Made of premium quality materials, these coffee and tea cups have been designed and manufactured for regular everyday use. Features reinforced rim, sturdy design and perfectly balanced proportions. Very sturdy and able to withstand high temperature glass cups. Lead Free Glass. Microwave and Dishwasher Safe.\" \/>\n<meta property=\"og:url\" content=\"https:\/\/reihey.com\/fr\/product\/13oz-tea-glasses\/\" \/>\n<meta property=\"og:site_name\" content=\"Reihey Glass\" \/>\n<meta property=\"article:modified_time\" content=\"2025-10-28T12:13:20+00:00\" \/>\n<meta property=\"og:image\" content=\"https:\/\/reihey.com\/wp-content\/uploads\/2025\/08\/1-124.jpg\" \/>\n\t<meta property=\"og:image:width\" content=\"750\" \/>\n\t<meta property=\"og:image:height\" content=\"750\" \/>\n\t<meta property=\"og:image:type\" content=\"image\/jpeg\" \/>\n<meta name=\"twitter:card\" content=\"summary_large_image\" \/>\n<meta name=\"twitter:label1\" content=\"Est. reading time\" \/>\n\t<meta name=\"twitter:data1\" content=\"1 minute\" \/>\n<script type=\"application\/ld+json\" class=\"yoast-schema-graph\">{\"@context\":\"https:\/\/schema.org\",\"@graph\":[{\"@type\":\"WebPage\",\"@id\":\"https:\/\/reihey.com\/product\/13oz-tea-glasses\/\",\"url\":\"https:\/\/reihey.com\/product\/13oz-tea-glasses\/\",\"name\":\"13oz Tea Glasses - Reihey Glass\",\"isPartOf\":{\"@id\":\"https:\/\/reihey.com\/#website\"},\"primaryImageOfPage\":{\"@id\":\"https:\/\/reihey.com\/product\/13oz-tea-glasses\/#primaryimage\"},\"image\":{\"@id\":\"https:\/\/reihey.com\/product\/13oz-tea-glasses\/#primaryimage\"},\"thumbnailUrl\":\"https:\/\/reihey.com\/wp-content\/uploads\/2025\/08\/1-124.jpg\",\"datePublished\":\"2025-08-27T11:18:07+00:00\",\"dateModified\":\"2025-10-28T12:13:20+00:00\",\"breadcrumb\":{\"@id\":\"https:\/\/reihey.com\/product\/13oz-tea-glasses\/#breadcrumb\"},\"inLanguage\":\"fr-FR\",\"potentialAction\":[{\"@type\":\"ReadAction\",\"target\":[\"https:\/\/reihey.com\/product\/13oz-tea-glasses\/\"]}]},{\"@type\":\"ImageObject\",\"inLanguage\":\"fr-FR\",\"@id\":\"https:\/\/reihey.com\/product\/13oz-tea-glasses\/#primaryimage\",\"url\":\"https:\/\/reihey.com\/wp-content\/uploads\/2025\/08\/1-124.jpg\",\"contentUrl\":\"https:\/\/reihey.com\/wp-content\/uploads\/2025\/08\/1-124.jpg\",\"width\":750,\"height\":750},{\"@type\":\"BreadcrumbList\",\"@id\":\"https:\/\/reihey.com\/product\/13oz-tea-glasses\/#breadcrumb\",\"itemListElement\":[{\"@type\":\"ListItem\",\"position\":1,\"name\":\"Home\",\"item\":\"https:\/\/reihey.com\/\"},{\"@type\":\"ListItem\",\"position\":2,\"name\":\"Shop\",\"item\":\"https:\/\/reihey.com\/shop\/\"},{\"@type\":\"ListItem\",\"position\":3,\"name\":\"13oz Tea Glasses\"}]},{\"@type\":\"WebSite\",\"@id\":\"https:\/\/reihey.com\/#website\",\"url\":\"https:\/\/reihey.com\/\",\"name\":\"Reihey Glass\",\"description\":\"\",\"publisher\":{\"@id\":\"https:\/\/reihey.com\/#organization\"},\"potentialAction\":[{\"@type\":\"SearchAction\",\"target\":{\"@type\":\"EntryPoint\",\"urlTemplate\":\"https:\/\/reihey.com\/?s={search_term_string}\"},\"query-input\":{\"@type\":\"PropertyValueSpecification\",\"valueRequired\":true,\"valueName\":\"search_term_string\"}}],\"inLanguage\":\"fr-FR\"},{\"@type\":\"Organization\",\"@id\":\"https:\/\/reihey.com\/#organization\",\"name\":\"Reihey Glass\",\"url\":\"https:\/\/reihey.com\/\",\"logo\":{\"@type\":\"ImageObject\",\"inLanguage\":\"fr-FR\",\"@id\":\"https:\/\/reihey.com\/#\/schema\/logo\/image\/\",\"url\":\"https:\/\/reihey.com\/wp-content\/uploads\/2023\/07\/Reihey-logo-2026.svg\",\"contentUrl\":\"https:\/\/reihey.com\/wp-content\/uploads\/2023\/07\/Reihey-logo-2026.svg\",\"width\":1984,\"height\":566,\"caption\":\"Reihey Glass\"},\"image\":{\"@id\":\"https:\/\/reihey.com\/#\/schema\/logo\/image\/\"}}]}<\/script>\n<!-- \/ Yoast SEO plugin. -->","yoast_head_json":{"title":"Verres \u00e0 th\u00e9 de 13 oz - Verre Reihey","robots":{"index":"index","follow":"follow","max-snippet":"max-snippet:-1","max-image-preview":"max-image-preview:large","max-video-preview":"max-video-preview:-1"},"canonical":"https:\/\/reihey.com\/fr\/product\/13oz-tea-glasses\/","og_locale":"fr_FR","og_type":"article","og_title":"13oz Tea Glasses - Reihey Glass","og_description":"Name    Material    Capacity    Color    Size    Usage    Packing          Tea Glasses    Glass    13oz    Transparent    101*63mm    Tea    1. Standard export carton--Xpcs\/box, Ybox\/carton.                                  2. Custom pack: white box with your LOGO. Color gift box with your logo                  Name    Tea Glasses          Material    Glass          Capacity    13oz          Color    Transparent          Size    101*63mm          Usage    Tea          Packing         1. Standard export carton--Xpcs\/box, Ybox\/carton.     2. Custom pack: white box with your LOGO. Color gift box with your logo            These glass cups can be used for coffee and tea, hot chocolate, iced coffee, cappuccino, latte, espresso, cortado and more. Suitable for every hot or cold drinks. Made of premium quality materials, these coffee and tea cups have been designed and manufactured for regular everyday use. Features reinforced rim, sturdy design and perfectly balanced proportions. Very sturdy and able to withstand high temperature glass cups. Lead Free Glass. Microwave and Dishwasher Safe.","og_url":"https:\/\/reihey.com\/fr\/product\/13oz-tea-glasses\/","og_site_name":"Reihey Glass","article_modified_time":"2025-10-28T12:13:20+00:00","og_image":[{"width":750,"height":750,"url":"https:\/\/reihey.com\/wp-content\/uploads\/2025\/08\/1-124.jpg","type":"image\/jpeg"}],"twitter_card":"summary_large_image","twitter_misc":{"Est. reading time":"1 minute"},"schema":{"@context":"https:\/\/schema.org","@graph":[{"@type":"WebPage","@id":"https:\/\/reihey.com\/product\/13oz-tea-glasses\/","url":"https:\/\/reihey.com\/product\/13oz-tea-glasses\/","name":"Verres \u00e0 th\u00e9 de 13 oz - Verre Reihey","isPartOf":{"@id":"https:\/\/reihey.com\/#website"},"primaryImageOfPage":{"@id":"https:\/\/reihey.com\/product\/13oz-tea-glasses\/#primaryimage"},"image":{"@id":"https:\/\/reihey.com\/product\/13oz-tea-glasses\/#primaryimage"},"thumbnailUrl":"https:\/\/reihey.com\/wp-content\/uploads\/2025\/08\/1-124.jpg","datePublished":"2025-08-27T11:18:07+00:00","dateModified":"2025-10-28T12:13:20+00:00","breadcrumb":{"@id":"https:\/\/reihey.com\/product\/13oz-tea-glasses\/#breadcrumb"},"inLanguage":"fr-FR","potentialAction":[{"@type":"ReadAction","target":["https:\/\/reihey.com\/product\/13oz-tea-glasses\/"]}]},{"@type":"ImageObject","inLanguage":"fr-FR","@id":"https:\/\/reihey.com\/product\/13oz-tea-glasses\/#primaryimage","url":"https:\/\/reihey.com\/wp-content\/uploads\/2025\/08\/1-124.jpg","contentUrl":"https:\/\/reihey.com\/wp-content\/uploads\/2025\/08\/1-124.jpg","width":750,"height":750},{"@type":"BreadcrumbList","@id":"https:\/\/reihey.com\/product\/13oz-tea-glasses\/#breadcrumb","itemListElement":[{"@type":"ListItem","position":1,"name":"Home","item":"https:\/\/reihey.com\/"},{"@type":"ListItem","position":2,"name":"Shop","item":"https:\/\/reihey.com\/shop\/"},{"@type":"ListItem","position":3,"name":"13oz Tea Glasses"}]},{"@type":"WebSite","@id":"https:\/\/reihey.com\/#website","url":"https:\/\/reihey.com\/","name":"Verre Reiheney","description":"","publisher":{"@id":"https:\/\/reihey.com\/#organization"},"potentialAction":[{"@type":"SearchAction","target":{"@type":"EntryPoint","urlTemplate":"https:\/\/reihey.com\/?s={search_term_string}"},"query-input":{"@type":"PropertyValueSpecification","valueRequired":true,"valueName":"search_term_string"}}],"inLanguage":"fr-FR"},{"@type":"Organization","@id":"https:\/\/reihey.com\/#organization","name":"Verre Reiheney","url":"https:\/\/reihey.com\/","logo":{"@type":"ImageObject","inLanguage":"fr-FR","@id":"https:\/\/reihey.com\/#\/schema\/logo\/image\/","url":"https:\/\/reihey.com\/wp-content\/uploads\/2023\/07\/Reihey-logo-2026.svg","contentUrl":"https:\/\/reihey.com\/wp-content\/uploads\/2023\/07\/Reihey-logo-2026.svg","width":1984,"height":566,"caption":"Reihey Glass"},"image":{"@id":"https:\/\/reihey.com\/#\/schema\/logo\/image\/"}}]}},"_links":{"self":[{"href":"https:\/\/reihey.com\/fr\/wp-json\/wp\/v2\/product\/10217","targetHints":{"allow":["GET"]}}],"collection":[{"href":"https:\/\/reihey.com\/fr\/wp-json\/wp\/v2\/product"}],"about":[{"href":"https:\/\/reihey.com\/fr\/wp-json\/wp\/v2\/types\/product"}],"replies":[{"embeddable":true,"href":"https:\/\/reihey.com\/fr\/wp-json\/wp\/v2\/comments?post=10217"}],"version-history":[{"count":4,"href":"https:\/\/reihey.com\/fr\/wp-json\/wp\/v2\/product\/10217\/revisions"}],"predecessor-version":[{"id":997890,"href":"https:\/\/reihey.com\/fr\/wp-json\/wp\/v2\/product\/10217\/revisions\/997890"}],"wp:featuredmedia":[{"embeddable":true,"href":"https:\/\/reihey.com\/fr\/wp-json\/wp\/v2\/media\/992503"}],"wp:attachment":[{"href":"https:\/\/reihey.com\/fr\/wp-json\/wp\/v2\/media?parent=10217"}],"wp:term":[{"taxonomy":"product_brand","embeddable":true,"href":"https:\/\/reihey.com\/fr\/wp-json\/wp\/v2\/product_brand?post=10217"},{"taxonomy":"product_cat","embeddable":true,"href":"https:\/\/reihey.com\/fr\/wp-json\/wp\/v2\/product_cat?post=10217"},{"taxonomy":"product_tag","embeddable":true,"href":"https:\/\/reihey.com\/fr\/wp-json\/wp\/v2\/product_tag?post=10217"}],"curies":[{"name":"wp","href":"https:\/\/api.w.org\/{rel}","templated":true}]}}