{"id":10130,"date":"2025-08-27T11:17:11","date_gmt":"2025-08-27T11:17:11","guid":{"rendered":"https:\/\/slot71.silverline.dev\/?post_type=product&#038;p=10130"},"modified":"2025-10-28T12:13:04","modified_gmt":"2025-10-28T12:13:04","slug":"3oz-double-wall-glass-coffee-glasses","status":"publish","type":"product","link":"https:\/\/reihey.com\/fr\/product\/3oz-double-wall-glass-coffee-glasses\/","title":{"rendered":"Verres \u00e0 caf\u00e9 double paroi de 3 oz"},"content":{"rendered":"","protected":false},"excerpt":{"rendered":"<table class=\"desk-tab\">\n<tbody>\n<tr>\n<th>Nom<\/th>\n<th>Mat\u00e9riel<\/th>\n<th>Capacit\u00e9<\/th>\n<th>Couleur<\/th>\n<th>Taille<\/th>\n<th>Utilisation<\/th>\n<th>Conditionnement<\/th>\n<\/tr>\n<tr>\n<td>Lunettes de caf\u00e9 en verre<\/td>\n<td>Verre<\/td>\n<td>3 oz<\/td>\n<td>Transparent<\/td>\n<td>63 \u00d7 60 mm<\/td>\n<td>Caf\u00e9<\/td>\n<td>1. Carton d'exportation standard\u2013Xpcs\/bo\u00eete, Ybo\u00eete\/carton.<\/td>\n<\/tr>\n<tr>\n<td><\/td>\n<td><\/td>\n<td><\/td>\n<td><\/td>\n<td><\/td>\n<td><\/td>\n<td>2. Pack personnalis\u00e9 : bo\u00eete blanche avec votre LOGO<\/td>\n<\/tr>\n<tr>\n<td><\/td>\n<td><\/td>\n<td><\/td>\n<td><\/td>\n<td><\/td>\n<td><\/td>\n<td>3. Bo\u00eete cadeau couleur avec votre logo<\/td>\n<\/tr>\n<\/tbody>\n<\/table>\n<table class=\"mob-tab\">\n<tbody>\n<tr>\n<th>Nom<\/th>\n<td>Lunettes de caf\u00e9 en verre<\/td>\n<\/tr>\n<tr>\n<th>Mat\u00e9riel<\/th>\n<td>Verre<\/td>\n<\/tr>\n<tr>\n<th>Capacit\u00e9<\/th>\n<td>3 oz<\/td>\n<\/tr>\n<tr>\n<th>Couleur<\/th>\n<td>Transparent<\/td>\n<\/tr>\n<tr>\n<th>Taille<\/th>\n<td>63 \u00d7 60 mm<\/td>\n<\/tr>\n<tr>\n<th>Utilisation<\/th>\n<td>Caf\u00e9<\/td>\n<\/tr>\n<tr>\n<th>Conditionnement<\/th>\n<td>\n        1. Carton d'exportation standard\u2013Xpcs\/bo\u00eete, Ybo\u00eete\/carton.<br \/>\n        2. Pack personnalis\u00e9 : bo\u00eete blanche avec votre LOGO<br \/>\n        3. Bo\u00eete cadeau couleur avec votre logo\n      <\/td>\n<\/tr>\n<\/tbody>\n<\/table>\n<p>Mugs \u00e0 caf\u00e9 polyvalents : une belle approche moderne du modeste grand verre \u00e0 caf\u00e9. Ces tasses en verre clair sont \u00e9galement parfaites pour votre cappuccino, chocolat chaud, cidre, rhum au beurre et vos th\u00e9s. Parfaits pour tous vos boissons chaudes ou froides pr\u00e9f\u00e9r\u00e9es !<br \/>\nCompatible lave-vaisselle : ces tasses latte en verre clair sont faciles \u00e0 nettoyer, elles sont parfaites pour chaque occasion. Vous voudrez les avoir \u00e0 votre service pour les rassemblements d\u00e9contract\u00e9s et formels, et pour les boissons chaudes ou froides. Ils constituent un cadeau de pendaison de cr\u00e9maill\u00e8re parfait !<\/p>","protected":false},"featured_media":992445,"comment_status":"closed","ping_status":"closed","template":"","meta":{"_acf_changed":false},"product_brand":[],"product_cat":[638,637],"product_tag":[],"class_list":{"0":"post-10130","1":"product","2":"type-product","3":"status-publish","4":"has-post-thumbnail","6":"product_cat-coffee-glasses","7":"product_cat-drinking-glasses","9":"first","10":"instock","11":"shipping-taxable","12":"product-type-simple"},"acf":[],"yoast_head":"<!-- This site is optimized with the Yoast SEO plugin v26.7 - https:\/\/yoast.com\/wordpress\/plugins\/seo\/ -->\n<title>3oz Double Wall Glass Coffee Glasses - Reihey Glass<\/title>\n<meta name=\"robots\" content=\"index, follow, max-snippet:-1, max-image-preview:large, max-video-preview:-1\" \/>\n<link rel=\"canonical\" href=\"https:\/\/reihey.com\/fr\/product\/3oz-double-wall-glass-coffee-glasses\/\" \/>\n<meta property=\"og:locale\" content=\"fr_FR\" \/>\n<meta property=\"og:type\" content=\"article\" \/>\n<meta property=\"og:title\" content=\"3oz Double Wall Glass Coffee Glasses - Reihey Glass\" \/>\n<meta property=\"og:description\" content=\"Name    Material    Capacity    Color    Size    Usage    Packing          Coffee Glasses    Glass    3oz    Transparent    63*60mm    Coffee    1. Standard export carton--Xpcs\/box, Ybox\/carton.                                  2. Custom pack: white box with your LOGO                                  3. Color gift box with your logo                 Name    Coffee Glasses          Material    Glass          Capacity    3oz          Color    Transparent          Size    63*60mm          Usage    Coffee          Packing         1. Standard export carton--Xpcs\/box, Ybox\/carton.     2. Custom pack: white box with your LOGO     3. Color gift box with your logo            Versatile Coffee Mugs : A beautiful modern take on the humble large glass coffee mug. These clear glass cups are also perfect for your cappuccino, hot chocolate, cider, buttered rum &amp; your teas. Great for all your favorite hot or cold beverages! Dishwasher Safe: These clear glass latte mugs, are easy to clean, they&#039;re perfect for every occasion. You&#039;ll want them at your service for both casual and formal gatherings and hot or cold drinks. They make a perfect housewarming gift!\" \/>\n<meta property=\"og:url\" content=\"https:\/\/reihey.com\/fr\/product\/3oz-double-wall-glass-coffee-glasses\/\" \/>\n<meta property=\"og:site_name\" content=\"Reihey Glass\" \/>\n<meta property=\"article:modified_time\" content=\"2025-10-28T12:13:04+00:00\" \/>\n<meta property=\"og:image\" content=\"https:\/\/reihey.com\/wp-content\/uploads\/2025\/08\/1-115.jpg\" \/>\n\t<meta property=\"og:image:width\" content=\"800\" \/>\n\t<meta property=\"og:image:height\" content=\"800\" \/>\n\t<meta property=\"og:image:type\" content=\"image\/jpeg\" \/>\n<meta name=\"twitter:card\" content=\"summary_large_image\" \/>\n<meta name=\"twitter:label1\" content=\"Est. reading time\" \/>\n\t<meta name=\"twitter:data1\" content=\"1 minute\" \/>\n<script type=\"application\/ld+json\" class=\"yoast-schema-graph\">{\"@context\":\"https:\/\/schema.org\",\"@graph\":[{\"@type\":\"WebPage\",\"@id\":\"https:\/\/reihey.com\/product\/3oz-double-wall-glass-coffee-glasses\/\",\"url\":\"https:\/\/reihey.com\/product\/3oz-double-wall-glass-coffee-glasses\/\",\"name\":\"3oz Double Wall Glass Coffee Glasses - Reihey Glass\",\"isPartOf\":{\"@id\":\"https:\/\/reihey.com\/#website\"},\"primaryImageOfPage\":{\"@id\":\"https:\/\/reihey.com\/product\/3oz-double-wall-glass-coffee-glasses\/#primaryimage\"},\"image\":{\"@id\":\"https:\/\/reihey.com\/product\/3oz-double-wall-glass-coffee-glasses\/#primaryimage\"},\"thumbnailUrl\":\"https:\/\/reihey.com\/wp-content\/uploads\/2025\/08\/1-115.jpg\",\"datePublished\":\"2025-08-27T11:17:11+00:00\",\"dateModified\":\"2025-10-28T12:13:04+00:00\",\"breadcrumb\":{\"@id\":\"https:\/\/reihey.com\/product\/3oz-double-wall-glass-coffee-glasses\/#breadcrumb\"},\"inLanguage\":\"fr-FR\",\"potentialAction\":[{\"@type\":\"ReadAction\",\"target\":[\"https:\/\/reihey.com\/product\/3oz-double-wall-glass-coffee-glasses\/\"]}]},{\"@type\":\"ImageObject\",\"inLanguage\":\"fr-FR\",\"@id\":\"https:\/\/reihey.com\/product\/3oz-double-wall-glass-coffee-glasses\/#primaryimage\",\"url\":\"https:\/\/reihey.com\/wp-content\/uploads\/2025\/08\/1-115.jpg\",\"contentUrl\":\"https:\/\/reihey.com\/wp-content\/uploads\/2025\/08\/1-115.jpg\",\"width\":800,\"height\":800},{\"@type\":\"BreadcrumbList\",\"@id\":\"https:\/\/reihey.com\/product\/3oz-double-wall-glass-coffee-glasses\/#breadcrumb\",\"itemListElement\":[{\"@type\":\"ListItem\",\"position\":1,\"name\":\"Home\",\"item\":\"https:\/\/reihey.com\/\"},{\"@type\":\"ListItem\",\"position\":2,\"name\":\"Shop\",\"item\":\"https:\/\/reihey.com\/shop\/\"},{\"@type\":\"ListItem\",\"position\":3,\"name\":\"3oz Double Wall Glass Coffee Glasses\"}]},{\"@type\":\"WebSite\",\"@id\":\"https:\/\/reihey.com\/#website\",\"url\":\"https:\/\/reihey.com\/\",\"name\":\"Reihey Glass\",\"description\":\"\",\"publisher\":{\"@id\":\"https:\/\/reihey.com\/#organization\"},\"potentialAction\":[{\"@type\":\"SearchAction\",\"target\":{\"@type\":\"EntryPoint\",\"urlTemplate\":\"https:\/\/reihey.com\/?s={search_term_string}\"},\"query-input\":{\"@type\":\"PropertyValueSpecification\",\"valueRequired\":true,\"valueName\":\"search_term_string\"}}],\"inLanguage\":\"fr-FR\"},{\"@type\":\"Organization\",\"@id\":\"https:\/\/reihey.com\/#organization\",\"name\":\"Reihey Glass\",\"url\":\"https:\/\/reihey.com\/\",\"logo\":{\"@type\":\"ImageObject\",\"inLanguage\":\"fr-FR\",\"@id\":\"https:\/\/reihey.com\/#\/schema\/logo\/image\/\",\"url\":\"https:\/\/reihey.com\/wp-content\/uploads\/2023\/07\/Reihey-logo-2026.svg\",\"contentUrl\":\"https:\/\/reihey.com\/wp-content\/uploads\/2023\/07\/Reihey-logo-2026.svg\",\"width\":1984,\"height\":566,\"caption\":\"Reihey Glass\"},\"image\":{\"@id\":\"https:\/\/reihey.com\/#\/schema\/logo\/image\/\"}}]}<\/script>\n<!-- \/ Yoast SEO plugin. -->","yoast_head_json":{"title":"3oz Double Paroi Verre \u00e0 Caf\u00e9 Verres - Reihey Glass","robots":{"index":"index","follow":"follow","max-snippet":"max-snippet:-1","max-image-preview":"max-image-preview:large","max-video-preview":"max-video-preview:-1"},"canonical":"https:\/\/reihey.com\/fr\/product\/3oz-double-wall-glass-coffee-glasses\/","og_locale":"fr_FR","og_type":"article","og_title":"3oz Double Wall Glass Coffee Glasses - Reihey Glass","og_description":"Name    Material    Capacity    Color    Size    Usage    Packing          Coffee Glasses    Glass    3oz    Transparent    63*60mm    Coffee    1. Standard export carton--Xpcs\/box, Ybox\/carton.                                  2. Custom pack: white box with your LOGO                                  3. Color gift box with your logo                 Name    Coffee Glasses          Material    Glass          Capacity    3oz          Color    Transparent          Size    63*60mm          Usage    Coffee          Packing         1. Standard export carton--Xpcs\/box, Ybox\/carton.     2. Custom pack: white box with your LOGO     3. Color gift box with your logo            Versatile Coffee Mugs : A beautiful modern take on the humble large glass coffee mug. These clear glass cups are also perfect for your cappuccino, hot chocolate, cider, buttered rum &amp; your teas. Great for all your favorite hot or cold beverages! Dishwasher Safe: These clear glass latte mugs, are easy to clean, they're perfect for every occasion. You'll want them at your service for both casual and formal gatherings and hot or cold drinks. They make a perfect housewarming gift!","og_url":"https:\/\/reihey.com\/fr\/product\/3oz-double-wall-glass-coffee-glasses\/","og_site_name":"Reihey Glass","article_modified_time":"2025-10-28T12:13:04+00:00","og_image":[{"width":800,"height":800,"url":"https:\/\/reihey.com\/wp-content\/uploads\/2025\/08\/1-115.jpg","type":"image\/jpeg"}],"twitter_card":"summary_large_image","twitter_misc":{"Est. reading time":"1 minute"},"schema":{"@context":"https:\/\/schema.org","@graph":[{"@type":"WebPage","@id":"https:\/\/reihey.com\/product\/3oz-double-wall-glass-coffee-glasses\/","url":"https:\/\/reihey.com\/product\/3oz-double-wall-glass-coffee-glasses\/","name":"3oz Double Paroi Verre \u00e0 Caf\u00e9 Verres - Reihey Glass","isPartOf":{"@id":"https:\/\/reihey.com\/#website"},"primaryImageOfPage":{"@id":"https:\/\/reihey.com\/product\/3oz-double-wall-glass-coffee-glasses\/#primaryimage"},"image":{"@id":"https:\/\/reihey.com\/product\/3oz-double-wall-glass-coffee-glasses\/#primaryimage"},"thumbnailUrl":"https:\/\/reihey.com\/wp-content\/uploads\/2025\/08\/1-115.jpg","datePublished":"2025-08-27T11:17:11+00:00","dateModified":"2025-10-28T12:13:04+00:00","breadcrumb":{"@id":"https:\/\/reihey.com\/product\/3oz-double-wall-glass-coffee-glasses\/#breadcrumb"},"inLanguage":"fr-FR","potentialAction":[{"@type":"ReadAction","target":["https:\/\/reihey.com\/product\/3oz-double-wall-glass-coffee-glasses\/"]}]},{"@type":"ImageObject","inLanguage":"fr-FR","@id":"https:\/\/reihey.com\/product\/3oz-double-wall-glass-coffee-glasses\/#primaryimage","url":"https:\/\/reihey.com\/wp-content\/uploads\/2025\/08\/1-115.jpg","contentUrl":"https:\/\/reihey.com\/wp-content\/uploads\/2025\/08\/1-115.jpg","width":800,"height":800},{"@type":"BreadcrumbList","@id":"https:\/\/reihey.com\/product\/3oz-double-wall-glass-coffee-glasses\/#breadcrumb","itemListElement":[{"@type":"ListItem","position":1,"name":"Home","item":"https:\/\/reihey.com\/"},{"@type":"ListItem","position":2,"name":"Shop","item":"https:\/\/reihey.com\/shop\/"},{"@type":"ListItem","position":3,"name":"3oz Double Wall Glass Coffee Glasses"}]},{"@type":"WebSite","@id":"https:\/\/reihey.com\/#website","url":"https:\/\/reihey.com\/","name":"Verre Reiheney","description":"","publisher":{"@id":"https:\/\/reihey.com\/#organization"},"potentialAction":[{"@type":"SearchAction","target":{"@type":"EntryPoint","urlTemplate":"https:\/\/reihey.com\/?s={search_term_string}"},"query-input":{"@type":"PropertyValueSpecification","valueRequired":true,"valueName":"search_term_string"}}],"inLanguage":"fr-FR"},{"@type":"Organization","@id":"https:\/\/reihey.com\/#organization","name":"Verre Reiheney","url":"https:\/\/reihey.com\/","logo":{"@type":"ImageObject","inLanguage":"fr-FR","@id":"https:\/\/reihey.com\/#\/schema\/logo\/image\/","url":"https:\/\/reihey.com\/wp-content\/uploads\/2023\/07\/Reihey-logo-2026.svg","contentUrl":"https:\/\/reihey.com\/wp-content\/uploads\/2023\/07\/Reihey-logo-2026.svg","width":1984,"height":566,"caption":"Reihey Glass"},"image":{"@id":"https:\/\/reihey.com\/#\/schema\/logo\/image\/"}}]}},"_links":{"self":[{"href":"https:\/\/reihey.com\/fr\/wp-json\/wp\/v2\/product\/10130","targetHints":{"allow":["GET"]}}],"collection":[{"href":"https:\/\/reihey.com\/fr\/wp-json\/wp\/v2\/product"}],"about":[{"href":"https:\/\/reihey.com\/fr\/wp-json\/wp\/v2\/types\/product"}],"replies":[{"embeddable":true,"href":"https:\/\/reihey.com\/fr\/wp-json\/wp\/v2\/comments?post=10130"}],"version-history":[{"count":3,"href":"https:\/\/reihey.com\/fr\/wp-json\/wp\/v2\/product\/10130\/revisions"}],"predecessor-version":[{"id":997875,"href":"https:\/\/reihey.com\/fr\/wp-json\/wp\/v2\/product\/10130\/revisions\/997875"}],"wp:featuredmedia":[{"embeddable":true,"href":"https:\/\/reihey.com\/fr\/wp-json\/wp\/v2\/media\/992445"}],"wp:attachment":[{"href":"https:\/\/reihey.com\/fr\/wp-json\/wp\/v2\/media?parent=10130"}],"wp:term":[{"taxonomy":"product_brand","embeddable":true,"href":"https:\/\/reihey.com\/fr\/wp-json\/wp\/v2\/product_brand?post=10130"},{"taxonomy":"product_cat","embeddable":true,"href":"https:\/\/reihey.com\/fr\/wp-json\/wp\/v2\/product_cat?post=10130"},{"taxonomy":"product_tag","embeddable":true,"href":"https:\/\/reihey.com\/fr\/wp-json\/wp\/v2\/product_tag?post=10130"}],"curies":[{"name":"wp","href":"https:\/\/api.w.org\/{rel}","templated":true}]}}