{"id":994026,"date":"2025-09-01T18:25:41","date_gmt":"2025-09-01T18:25:41","guid":{"rendered":"https:\/\/slot71.silverline.dev\/?page_id=994026"},"modified":"2025-09-25T11:50:12","modified_gmt":"2025-09-25T11:50:12","slug":"glass-jars-for-food-storage","status":"publish","type":"page","link":"https:\/\/reihey.com\/fr\/recent-projects\/glass-jars-for-food-storage\/","title":{"rendered":"Bocaux en verre pour le stockage des aliments"},"content":{"rendered":"<div data-elementor-type=\"wp-page\" data-elementor-id=\"994026\" class=\"elementor elementor-994026\" data-elementor-post-type=\"page\">\n\t\t\t\t<div class=\"elementor-element elementor-element-eb8b146 cat-hero-section e-flex e-con-boxed e-con e-parent\" data-id=\"eb8b146\" data-element_type=\"container\" data-settings=\"{&quot;background_background&quot;:&quot;classic&quot;}\">\n\t\t\t\t\t<div class=\"e-con-inner\">\n\t\t<div class=\"elementor-element elementor-element-bde5f17 e-con-full dc-has-condition dc-condition-contains e-flex e-con e-child\" data-id=\"bde5f17\" data-element_type=\"container\" data-settings=\"{&quot;background_background&quot;:&quot;classic&quot;}\">\n\t\t<div class=\"elementor-element elementor-element-0c87cab e-con-full e-flex e-con e-child\" data-id=\"0c87cab\" data-element_type=\"container\">\n\t\t\t\t<div class=\"elementor-element elementor-element-73d5a11 animated-fast elementor-icon-list--layout-traditional elementor-list-item-link-full_width elementor-invisible elementor-widget elementor-widget-icon-list\" data-id=\"73d5a11\" data-element_type=\"widget\" data-settings=\"{&quot;_animation&quot;:&quot;fadeInDown&quot;,&quot;_animation_delay&quot;:400,&quot;_animation_tablet&quot;:&quot;none&quot;}\" data-widget_type=\"icon-list.default\">\n\t\t\t\t<div class=\"elementor-widget-container\">\n\t\t\t\t\t\t\t<ul class=\"elementor-icon-list-items\">\n\t\t\t\t\t\t\t<li class=\"elementor-icon-list-item\">\n\t\t\t\t\t\t\t\t\t\t<span class=\"elementor-icon-list-text\">\u00c9tude de cas<\/span>\n\t\t\t\t\t\t\t\t\t<\/li>\n\t\t\t\t\t\t<\/ul>\n\t\t\t\t\t\t<\/div>\n\t\t\t\t<\/div>\n\t\t\t\t<\/div>\n\t\t<div class=\"elementor-element elementor-element-745e822 e-con-full e-flex e-con e-child\" data-id=\"745e822\" data-element_type=\"container\" data-settings=\"{&quot;background_background&quot;:&quot;classic&quot;}\">\n\t\t\t\t<\/div>\n\t\t\t\t<\/div>\n\t\t\t\t\t<\/div>\n\t\t\t\t<\/div>\n\t\t<div class=\"elementor-element elementor-element-c38829e e-flex e-con-boxed e-con e-parent\" data-id=\"c38829e\" data-element_type=\"container\">\n\t\t\t\t\t<div class=\"e-con-inner\">\n\t\t<div class=\"elementor-element elementor-element-fd338bc e-con-full e-flex e-con e-child\" data-id=\"fd338bc\" data-element_type=\"container\" data-settings=\"{&quot;background_background&quot;:&quot;classic&quot;}\">\n\t\t<div class=\"elementor-element elementor-element-8974fce e-con-full e-flex e-con e-child\" data-id=\"8974fce\" data-element_type=\"container\">\n\t\t<div class=\"elementor-element elementor-element-bf08bf9 e-con-full e-flex e-con e-child\" data-id=\"bf08bf9\" data-element_type=\"container\">\n\t\t\t\t<div class=\"elementor-element elementor-element-d2907e3 elementor-widget elementor-widget-image\" data-id=\"d2907e3\" data-element_type=\"widget\" data-widget_type=\"image.default\">\n\t\t\t\t<div class=\"elementor-widget-container\">\n\t\t\t\t\t\t\t\t\t\t\t\t\t\t\t\t<a href=\"https:\/\/reihey.com\/wp-content\/uploads\/2025\/09\/Logo-1.jpg\" data-elementor-open-lightbox=\"yes\" data-elementor-lightbox-title=\"Logo-1\" data-e-action-hash=\"#elementor-action%3Aaction%3Dlightbox%26settings%3DeyJpZCI6OTkzMzE3LCJ1cmwiOiJodHRwczpcL1wvcmVpaGV5LmNvbVwvd3AtY29udGVudFwvdXBsb2Fkc1wvMjAyNVwvMDlcL0xvZ28tMS5qcGcifQ%3D%3D\">\n\t\t\t\t\t\t\t<img fetchpriority=\"high\" decoding=\"async\" width=\"600\" height=\"400\" src=\"https:\/\/reihey.com\/wp-content\/uploads\/2025\/09\/Logo-1.jpg\" class=\"attachment-large size-large wp-image-993317\" alt=\"\" srcset=\"https:\/\/reihey.com\/wp-content\/uploads\/2025\/09\/Logo-1.jpg 600w, https:\/\/reihey.com\/wp-content\/uploads\/2025\/09\/Logo-1-300x200.jpg 300w\" sizes=\"(max-width: 600px) 100vw, 600px\" \/>\t\t\t\t\t\t\t\t<\/a>\n\t\t\t\t\t\t\t\t\t\t\t\t\t\t\t<\/div>\n\t\t\t\t<\/div>\n\t\t\t\t<\/div>\n\t\t<div class=\"elementor-element elementor-element-2a774f9 e-con-full e-flex e-con e-child\" data-id=\"2a774f9\" data-element_type=\"container\">\n\t\t\t\t<div class=\"elementor-element elementor-element-e4f3b52 elementor-widget elementor-widget-heading\" data-id=\"e4f3b52\" data-element_type=\"widget\" data-widget_type=\"heading.default\">\n\t\t\t\t<div class=\"elementor-widget-container\">\n\t\t\t\t\t<h3 class=\"elementor-heading-title elementor-size-default\">Tests de logo et options de design<\/h3>\t\t\t\t<\/div>\n\t\t\t\t<\/div>\n\t\t\t\t<\/div>\n\t\t<div class=\"elementor-element elementor-element-e6f8985 e-con-full e-flex e-con e-child\" data-id=\"e6f8985\" data-element_type=\"container\">\n\t\t\t\t<div class=\"elementor-element elementor-element-fff307f elementor-widget elementor-widget-text-editor\" data-id=\"fff307f\" data-element_type=\"widget\" data-widget_type=\"text-editor.default\">\n\t\t\t\t<div class=\"elementor-widget-container\">\n\t\t\t\t\t\t\t\t\t<p>Lovecocoa a besoin de tests pour les logos destin\u00e9s \u00e0 \u00eatre imprim\u00e9s \u00e0 la fois sur les couvercles et sur les bocaux en verre. Pour \u00e9valuer l'impact de diff\u00e9rents styles de logo, Lovecocoa a pr\u00e9sent\u00e9 deux designs distincts \u00e0 Reihey, en s'attendant \u00e0 ce que des \u00e9chantillons soient r\u00e9alis\u00e9s pour les deux (Image 1 et Image 2). Chaque logo est disponible en diff\u00e9rentes couleurs, comprenant blanc, noir et or.<\/p>\t\t\t\t\t\t\t\t<\/div>\n\t\t\t\t<\/div>\n\t\t\t\t<\/div>\n\t\t\t\t<\/div>\n\t\t<div class=\"elementor-element elementor-element-dab6d98 e-con-full e-flex e-con e-child\" data-id=\"dab6d98\" data-element_type=\"container\">\n\t\t<div class=\"elementor-element elementor-element-47510cc e-con-full e-flex e-con e-child\" data-id=\"47510cc\" data-element_type=\"container\">\n\t\t\t\t<div class=\"elementor-element elementor-element-16b3bbf elementor-widget elementor-widget-image\" data-id=\"16b3bbf\" data-element_type=\"widget\" data-widget_type=\"image.default\">\n\t\t\t\t<div class=\"elementor-widget-container\">\n\t\t\t\t\t\t\t\t\t\t\t\t\t\t\t\t<a href=\"https:\/\/reihey.com\/wp-content\/uploads\/2025\/09\/Sample-renderings.jpg\" data-elementor-open-lightbox=\"yes\" data-elementor-lightbox-title=\"Sample-renderings\" data-e-action-hash=\"#elementor-action%3Aaction%3Dlightbox%26settings%3DeyJpZCI6OTkzMzE1LCJ1cmwiOiJodHRwczpcL1wvcmVpaGV5LmNvbVwvd3AtY29udGVudFwvdXBsb2Fkc1wvMjAyNVwvMDlcL1NhbXBsZS1yZW5kZXJpbmdzLmpwZyJ9\">\n\t\t\t\t\t\t\t<img decoding=\"async\" width=\"600\" height=\"400\" src=\"https:\/\/reihey.com\/wp-content\/uploads\/2025\/09\/Sample-renderings.jpg\" class=\"attachment-large size-large wp-image-993315\" alt=\"\" srcset=\"https:\/\/reihey.com\/wp-content\/uploads\/2025\/09\/Sample-renderings.jpg 600w, https:\/\/reihey.com\/wp-content\/uploads\/2025\/09\/Sample-renderings-300x200.jpg 300w\" sizes=\"(max-width: 600px) 100vw, 600px\" \/>\t\t\t\t\t\t\t\t<\/a>\n\t\t\t\t\t\t\t\t\t\t\t\t\t\t\t<\/div>\n\t\t\t\t<\/div>\n\t\t\t\t<\/div>\n\t\t<div class=\"elementor-element elementor-element-61442da e-con-full e-flex e-con e-child\" data-id=\"61442da\" data-element_type=\"container\">\n\t\t\t\t<div class=\"elementor-element elementor-element-c2d98aa elementor-widget elementor-widget-heading\" data-id=\"c2d98aa\" data-element_type=\"widget\" data-widget_type=\"heading.default\">\n\t\t\t\t<div class=\"elementor-widget-container\">\n\t\t\t\t\t<h3 class=\"elementor-heading-title elementor-size-default\">Techniques de marquage des couvercles et des bocaux<\/h3>\t\t\t\t<\/div>\n\t\t\t\t<\/div>\n\t\t\t\t<\/div>\n\t\t<div class=\"elementor-element elementor-element-7b2c2fb e-con-full e-flex e-con e-child\" data-id=\"7b2c2fb\" data-element_type=\"container\">\n\t\t\t\t<div class=\"elementor-element elementor-element-e1666eb elementor-widget elementor-widget-text-editor\" data-id=\"e1666eb\" data-element_type=\"widget\" data-widget_type=\"text-editor.default\">\n\t\t\t\t<div class=\"elementor-widget-container\">\n\t\t\t\t\t\t\t\t\t<p>Lors de la fabrication du couvercle, le bois a \u00e9t\u00e9 choisi, et Reihey recommande d'opter pour la gravure au laser pour le logo sur le couvercle et d'utiliser l'impression s\u00e9rigraphique pour les bocaux en verre. Cela aide non seulement \u00e0 r\u00e9duire les co\u00fbts pour les clients mais am\u00e9liore \u00e9galement l'effet d'affichage du logo. Avant la production des \u00e9chantillons, les concepteurs de Reihey ont g\u00e9n\u00e9r\u00e9 des rendus conceptuels pr\u00e9sentant les logos, qui ont ensuite \u00e9t\u00e9 envoy\u00e9s au client pour review et confirmation dans le cadre du processus de design it\u00e9ratif.<\/p>\t\t\t\t\t\t\t\t<\/div>\n\t\t\t\t<\/div>\n\t\t\t\t<\/div>\n\t\t\t\t<\/div>\n\t\t<div class=\"elementor-element elementor-element-da08488 e-con-full e-flex e-con e-child\" data-id=\"da08488\" data-element_type=\"container\">\n\t\t<div class=\"elementor-element elementor-element-86994d7 e-con-full e-flex e-con e-child\" data-id=\"86994d7\" data-element_type=\"container\">\n\t\t\t\t<div class=\"elementor-element elementor-element-d5c109a elementor-widget elementor-widget-image\" data-id=\"d5c109a\" data-element_type=\"widget\" data-widget_type=\"image.default\">\n\t\t\t\t<div class=\"elementor-widget-container\">\n\t\t\t\t\t\t\t\t\t\t\t\t\t\t\t\t<a href=\"https:\/\/reihey.com\/wp-content\/uploads\/2025\/09\/samples-of-glass-jar-with-logo.jpg\" data-elementor-open-lightbox=\"yes\" data-elementor-lightbox-title=\"samples-of-glass-jar-with-logo\" data-e-action-hash=\"#elementor-action%3Aaction%3Dlightbox%26settings%3DeyJpZCI6OTkzMzE0LCJ1cmwiOiJodHRwczpcL1wvcmVpaGV5LmNvbVwvd3AtY29udGVudFwvdXBsb2Fkc1wvMjAyNVwvMDlcL3NhbXBsZXMtb2YtZ2xhc3MtamFyLXdpdGgtbG9nby5qcGcifQ%3D%3D\">\n\t\t\t\t\t\t\t<img decoding=\"async\" width=\"600\" height=\"400\" src=\"https:\/\/reihey.com\/wp-content\/uploads\/2025\/09\/samples-of-glass-jar-with-logo.jpg\" class=\"attachment-large size-large wp-image-993314\" alt=\"\" srcset=\"https:\/\/reihey.com\/wp-content\/uploads\/2025\/09\/samples-of-glass-jar-with-logo.jpg 600w, https:\/\/reihey.com\/wp-content\/uploads\/2025\/09\/samples-of-glass-jar-with-logo-300x200.jpg 300w\" sizes=\"(max-width: 600px) 100vw, 600px\" \/>\t\t\t\t\t\t\t\t<\/a>\n\t\t\t\t\t\t\t\t\t\t\t\t\t\t\t<\/div>\n\t\t\t\t<\/div>\n\t\t\t\t<\/div>\n\t\t<div class=\"elementor-element elementor-element-259d7b0 e-con-full e-flex e-con e-child\" data-id=\"259d7b0\" data-element_type=\"container\">\n\t\t\t\t<div class=\"elementor-element elementor-element-c766418 elementor-widget elementor-widget-heading\" data-id=\"c766418\" data-element_type=\"widget\" data-widget_type=\"heading.default\">\n\t\t\t\t<div class=\"elementor-widget-container\">\n\t\t\t\t\t<h3 class=\"elementor-heading-title elementor-size-default\">Aper\u00e7u et commentaires du client<\/h3>\t\t\t\t<\/div>\n\t\t\t\t<\/div>\n\t\t\t\t<\/div>\n\t\t<div class=\"elementor-element elementor-element-5180ad6 e-con-full e-flex e-con e-child\" data-id=\"5180ad6\" data-element_type=\"container\">\n\t\t\t\t<div class=\"elementor-element elementor-element-0ee3193 elementor-widget elementor-widget-text-editor\" data-id=\"0ee3193\" data-element_type=\"widget\" data-widget_type=\"text-editor.default\">\n\t\t\t\t<div class=\"elementor-widget-container\">\n\t\t\t\t\t\t\t\t\t<p>Lorsque l'\u00e9chantillon a \u00e9t\u00e9 termin\u00e9, Reihey partage un aper\u00e7u visuel complet de l'\u00e9chantillon termin\u00e9 avec le client \u00e0 travers des photos et des vid\u00e9os d\u00e9taill\u00e9es, facilitant une exploration approfondie de l'artisanat et des nuances de design. Cette approche de communication transparente et proactive assure l'engagement du client, la confiance et la satisfaction dans le processus de d\u00e9veloppement produit de Reihey.<\/p>\t\t\t\t\t\t\t\t<\/div>\n\t\t\t\t<\/div>\n\t\t\t\t<\/div>\n\t\t\t\t<\/div>\n\t\t<div class=\"elementor-element elementor-element-a3ab19f e-con-full e-flex e-con e-child\" data-id=\"a3ab19f\" data-element_type=\"container\">\n\t\t<div class=\"elementor-element elementor-element-ed85988 e-con-full e-flex e-con e-child\" data-id=\"ed85988\" data-element_type=\"container\">\n\t\t\t\t<div class=\"elementor-element elementor-element-9da595d elementor-widget elementor-widget-image\" data-id=\"9da595d\" data-element_type=\"widget\" data-widget_type=\"image.default\">\n\t\t\t\t<div class=\"elementor-widget-container\">\n\t\t\t\t\t\t\t\t\t\t\t\t\t\t\t\t<a href=\"https:\/\/reihey.com\/wp-content\/uploads\/2025\/09\/packing.jpg\" data-elementor-open-lightbox=\"yes\" data-elementor-lightbox-title=\"packing\" data-e-action-hash=\"#elementor-action%3Aaction%3Dlightbox%26settings%3DeyJpZCI6OTkzMzEyLCJ1cmwiOiJodHRwczpcL1wvcmVpaGV5LmNvbVwvd3AtY29udGVudFwvdXBsb2Fkc1wvMjAyNVwvMDlcL3BhY2tpbmcuanBnIn0%3D\">\n\t\t\t\t\t\t\t<img loading=\"lazy\" decoding=\"async\" width=\"600\" height=\"400\" src=\"https:\/\/reihey.com\/wp-content\/uploads\/2025\/09\/packing.jpg\" class=\"attachment-large size-large wp-image-993312\" alt=\"\" srcset=\"https:\/\/reihey.com\/wp-content\/uploads\/2025\/09\/packing.jpg 600w, https:\/\/reihey.com\/wp-content\/uploads\/2025\/09\/packing-300x200.jpg 300w\" sizes=\"(max-width: 600px) 100vw, 600px\" \/>\t\t\t\t\t\t\t\t<\/a>\n\t\t\t\t\t\t\t\t\t\t\t\t\t\t\t<\/div>\n\t\t\t\t<\/div>\n\t\t\t\t<\/div>\n\t\t<div class=\"elementor-element elementor-element-4a72fb4 e-con-full e-flex e-con e-child\" data-id=\"4a72fb4\" data-element_type=\"container\">\n\t\t\t\t<div class=\"elementor-element elementor-element-fe1bfb6 elementor-widget elementor-widget-heading\" data-id=\"fe1bfb6\" data-element_type=\"widget\" data-widget_type=\"heading.default\">\n\t\t\t\t<div class=\"elementor-widget-container\">\n\t\t\t\t\t<h3 class=\"elementor-heading-title elementor-size-default\">D\u00e9tails de livraison et de co\u00fbt<\/h3>\t\t\t\t<\/div>\n\t\t\t\t<\/div>\n\t\t\t\t<\/div>\n\t\t<div class=\"elementor-element elementor-element-91e59e4 e-con-full e-flex e-con e-child\" data-id=\"91e59e4\" data-element_type=\"container\">\n\t\t\t\t<div class=\"elementor-element elementor-element-1fb7b2e elementor-widget elementor-widget-text-editor\" data-id=\"1fb7b2e\" data-element_type=\"widget\" data-widget_type=\"text-editor.default\">\n\t\t\t\t<div class=\"elementor-widget-container\">\n\t\t\t\t\t\t\t\t\t<p>Apr\u00e8s confirmation par Lovecocoa de l'\u00e9chantillon via des photos et des vid\u00e9os, Reihey a rapidement exp\u00e9di\u00e9 un ensemble de cinq \u00e9chantillons \u00e0 Lovecoca, pour une vue plus approfondie et une inspection. Le co\u00fbt global de ces cinq \u00e9chantillons s'\u00e9l\u00e8ve \u00e0 $95, accompagn\u00e9 d'un frais d'exp\u00e9dition de $55 pour une livraison au Royaume-Uni dans un d\u00e9lai rapide de 7 jours. Ce processus fluide et efficace souligne l'engagement de Reihey \u00e0 offrir \u00e0 ses pr\u00e9cieux clients qualit\u00e9 et commodit\u00e9.<\/p>\t\t\t\t\t\t\t\t<\/div>\n\t\t\t\t<\/div>\n\t\t\t\t<\/div>\n\t\t\t\t<\/div>\n\t\t\t\t<\/div>\n\t\t\t\t\t<\/div>\n\t\t\t\t<\/div>\n\t\t\t\t<\/div>","protected":false},"excerpt":{"rendered":"<p>Case Study Logo Testing &amp; Design Options Lovecocoa required testing for the logos intended for printing on both lids and glass jars. To assess the impact of various logo styles, Lovecocoa presented two distinct designs to Reihey, with the expectation that samples would be crafted for both (Image 1 and Image 2). Each logo is&#8230;<\/p>","protected":false},"author":1,"featured_media":0,"parent":993283,"menu_order":0,"comment_status":"closed","ping_status":"closed","template":"","meta":{"_acf_changed":false,"footnotes":""},"class_list":["post-994026","page","type-page","status-publish","hentry"],"acf":[],"yoast_head":"<!-- This site is optimized with the Yoast SEO plugin v26.7 - https:\/\/yoast.com\/wordpress\/plugins\/seo\/ -->\n<title>Food Storage Glass Jars Wholesale | Reihey Glass<\/title>\n<meta name=\"description\" content=\"See Reihey Glass food storage jar projects. Wholesale glass jars for honey, jam, spices, and pantry storage with secure sealing.\" \/>\n<meta name=\"robots\" content=\"index, follow, max-snippet:-1, max-image-preview:large, max-video-preview:-1\" \/>\n<link rel=\"canonical\" href=\"https:\/\/reihey.com\/fr\/recent-projects\/glass-jars-for-food-storage\/\" \/>\n<meta property=\"og:locale\" content=\"fr_FR\" \/>\n<meta property=\"og:type\" content=\"article\" \/>\n<meta property=\"og:title\" content=\"Food Storage Glass Jars Wholesale | Reihey Glass\" \/>\n<meta property=\"og:description\" content=\"See Reihey Glass food storage jar projects. Wholesale glass jars for honey, jam, spices, and pantry storage with secure sealing.\" \/>\n<meta property=\"og:url\" content=\"https:\/\/reihey.com\/fr\/recent-projects\/glass-jars-for-food-storage\/\" \/>\n<meta property=\"og:site_name\" content=\"Reihey Glass\" \/>\n<meta property=\"article:modified_time\" content=\"2025-09-25T11:50:12+00:00\" \/>\n<meta property=\"og:image\" content=\"https:\/\/reihey.com\/wp-content\/uploads\/2025\/09\/Logo-1.jpg\" \/>\n<meta name=\"twitter:card\" content=\"summary_large_image\" \/>\n<meta name=\"twitter:label1\" content=\"Est. reading time\" \/>\n\t<meta name=\"twitter:data1\" content=\"2 minutes\" \/>\n<script type=\"application\/ld+json\" class=\"yoast-schema-graph\">{\"@context\":\"https:\/\/schema.org\",\"@graph\":[{\"@type\":\"WebPage\",\"@id\":\"https:\/\/reihey.com\/recent-projects\/glass-jars-for-food-storage\/\",\"url\":\"https:\/\/reihey.com\/recent-projects\/glass-jars-for-food-storage\/\",\"name\":\"Food Storage Glass Jars Wholesale | Reihey Glass\",\"isPartOf\":{\"@id\":\"https:\/\/reihey.com\/#website\"},\"primaryImageOfPage\":{\"@id\":\"https:\/\/reihey.com\/recent-projects\/glass-jars-for-food-storage\/#primaryimage\"},\"image\":{\"@id\":\"https:\/\/reihey.com\/recent-projects\/glass-jars-for-food-storage\/#primaryimage\"},\"thumbnailUrl\":\"https:\/\/reihey.com\/wp-content\/uploads\/2025\/09\/Logo-1.jpg\",\"datePublished\":\"2025-09-01T18:25:41+00:00\",\"dateModified\":\"2025-09-25T11:50:12+00:00\",\"description\":\"See Reihey Glass food storage jar projects. Wholesale glass jars for honey, jam, spices, and pantry storage with secure sealing.\",\"breadcrumb\":{\"@id\":\"https:\/\/reihey.com\/recent-projects\/glass-jars-for-food-storage\/#breadcrumb\"},\"inLanguage\":\"fr-FR\",\"potentialAction\":[{\"@type\":\"ReadAction\",\"target\":[\"https:\/\/reihey.com\/recent-projects\/glass-jars-for-food-storage\/\"]}]},{\"@type\":\"ImageObject\",\"inLanguage\":\"fr-FR\",\"@id\":\"https:\/\/reihey.com\/recent-projects\/glass-jars-for-food-storage\/#primaryimage\",\"url\":\"https:\/\/reihey.com\/wp-content\/uploads\/2025\/09\/Logo-1.jpg\",\"contentUrl\":\"https:\/\/reihey.com\/wp-content\/uploads\/2025\/09\/Logo-1.jpg\"},{\"@type\":\"BreadcrumbList\",\"@id\":\"https:\/\/reihey.com\/recent-projects\/glass-jars-for-food-storage\/#breadcrumb\",\"itemListElement\":[{\"@type\":\"ListItem\",\"position\":1,\"name\":\"Home\",\"item\":\"https:\/\/reihey.com\/\"},{\"@type\":\"ListItem\",\"position\":2,\"name\":\"Recent Projects\",\"item\":\"https:\/\/reihey.com\/recent-projects\/\"},{\"@type\":\"ListItem\",\"position\":3,\"name\":\"Glass Jars For Food Storage\"}]},{\"@type\":\"WebSite\",\"@id\":\"https:\/\/reihey.com\/#website\",\"url\":\"https:\/\/reihey.com\/\",\"name\":\"Reihey Glass\",\"description\":\"\",\"publisher\":{\"@id\":\"https:\/\/reihey.com\/#organization\"},\"potentialAction\":[{\"@type\":\"SearchAction\",\"target\":{\"@type\":\"EntryPoint\",\"urlTemplate\":\"https:\/\/reihey.com\/?s={search_term_string}\"},\"query-input\":{\"@type\":\"PropertyValueSpecification\",\"valueRequired\":true,\"valueName\":\"search_term_string\"}}],\"inLanguage\":\"fr-FR\"},{\"@type\":\"Organization\",\"@id\":\"https:\/\/reihey.com\/#organization\",\"name\":\"Reihey Glass\",\"url\":\"https:\/\/reihey.com\/\",\"logo\":{\"@type\":\"ImageObject\",\"inLanguage\":\"fr-FR\",\"@id\":\"https:\/\/reihey.com\/#\/schema\/logo\/image\/\",\"url\":\"https:\/\/reihey.com\/wp-content\/uploads\/2023\/07\/Reihey-logo-2026.svg\",\"contentUrl\":\"https:\/\/reihey.com\/wp-content\/uploads\/2023\/07\/Reihey-logo-2026.svg\",\"width\":1984,\"height\":566,\"caption\":\"Reihey Glass\"},\"image\":{\"@id\":\"https:\/\/reihey.com\/#\/schema\/logo\/image\/\"}}]}<\/script>\n<!-- \/ Yoast SEO plugin. -->","yoast_head_json":{"title":"Gros et d\u00e9tail des bocaux en verre pour stockage alimentaire | Reihey Glass","description":"D\u00e9couvrez les projets de bocaux d'entreposage alimentaire de Reihey Glass. Bocaux en verre en gros pour miel, confiture, \u00e9pices et rangement de garde-manger avec scellement s\u00fbr.","robots":{"index":"index","follow":"follow","max-snippet":"max-snippet:-1","max-image-preview":"max-image-preview:large","max-video-preview":"max-video-preview:-1"},"canonical":"https:\/\/reihey.com\/fr\/recent-projects\/glass-jars-for-food-storage\/","og_locale":"fr_FR","og_type":"article","og_title":"Food Storage Glass Jars Wholesale | Reihey Glass","og_description":"See Reihey Glass food storage jar projects. Wholesale glass jars for honey, jam, spices, and pantry storage with secure sealing.","og_url":"https:\/\/reihey.com\/fr\/recent-projects\/glass-jars-for-food-storage\/","og_site_name":"Reihey Glass","article_modified_time":"2025-09-25T11:50:12+00:00","og_image":[{"url":"https:\/\/reihey.com\/wp-content\/uploads\/2025\/09\/Logo-1.jpg","type":"","width":"","height":""}],"twitter_card":"summary_large_image","twitter_misc":{"Est. reading time":"2 minutes"},"schema":{"@context":"https:\/\/schema.org","@graph":[{"@type":"WebPage","@id":"https:\/\/reihey.com\/recent-projects\/glass-jars-for-food-storage\/","url":"https:\/\/reihey.com\/recent-projects\/glass-jars-for-food-storage\/","name":"Gros et d\u00e9tail des bocaux en verre pour stockage alimentaire | Reihey Glass","isPartOf":{"@id":"https:\/\/reihey.com\/#website"},"primaryImageOfPage":{"@id":"https:\/\/reihey.com\/recent-projects\/glass-jars-for-food-storage\/#primaryimage"},"image":{"@id":"https:\/\/reihey.com\/recent-projects\/glass-jars-for-food-storage\/#primaryimage"},"thumbnailUrl":"https:\/\/reihey.com\/wp-content\/uploads\/2025\/09\/Logo-1.jpg","datePublished":"2025-09-01T18:25:41+00:00","dateModified":"2025-09-25T11:50:12+00:00","description":"D\u00e9couvrez les projets de bocaux d'entreposage alimentaire de Reihey Glass. Bocaux en verre en gros pour miel, confiture, \u00e9pices et rangement de garde-manger avec scellement s\u00fbr.","breadcrumb":{"@id":"https:\/\/reihey.com\/recent-projects\/glass-jars-for-food-storage\/#breadcrumb"},"inLanguage":"fr-FR","potentialAction":[{"@type":"ReadAction","target":["https:\/\/reihey.com\/recent-projects\/glass-jars-for-food-storage\/"]}]},{"@type":"ImageObject","inLanguage":"fr-FR","@id":"https:\/\/reihey.com\/recent-projects\/glass-jars-for-food-storage\/#primaryimage","url":"https:\/\/reihey.com\/wp-content\/uploads\/2025\/09\/Logo-1.jpg","contentUrl":"https:\/\/reihey.com\/wp-content\/uploads\/2025\/09\/Logo-1.jpg"},{"@type":"BreadcrumbList","@id":"https:\/\/reihey.com\/recent-projects\/glass-jars-for-food-storage\/#breadcrumb","itemListElement":[{"@type":"ListItem","position":1,"name":"Home","item":"https:\/\/reihey.com\/"},{"@type":"ListItem","position":2,"name":"Recent Projects","item":"https:\/\/reihey.com\/recent-projects\/"},{"@type":"ListItem","position":3,"name":"Glass Jars For Food Storage"}]},{"@type":"WebSite","@id":"https:\/\/reihey.com\/#website","url":"https:\/\/reihey.com\/","name":"Verre Reiheney","description":"","publisher":{"@id":"https:\/\/reihey.com\/#organization"},"potentialAction":[{"@type":"SearchAction","target":{"@type":"EntryPoint","urlTemplate":"https:\/\/reihey.com\/?s={search_term_string}"},"query-input":{"@type":"PropertyValueSpecification","valueRequired":true,"valueName":"search_term_string"}}],"inLanguage":"fr-FR"},{"@type":"Organization","@id":"https:\/\/reihey.com\/#organization","name":"Verre Reiheney","url":"https:\/\/reihey.com\/","logo":{"@type":"ImageObject","inLanguage":"fr-FR","@id":"https:\/\/reihey.com\/#\/schema\/logo\/image\/","url":"https:\/\/reihey.com\/wp-content\/uploads\/2023\/07\/Reihey-logo-2026.svg","contentUrl":"https:\/\/reihey.com\/wp-content\/uploads\/2023\/07\/Reihey-logo-2026.svg","width":1984,"height":566,"caption":"Reihey Glass"},"image":{"@id":"https:\/\/reihey.com\/#\/schema\/logo\/image\/"}}]}},"_links":{"self":[{"href":"https:\/\/reihey.com\/fr\/wp-json\/wp\/v2\/pages\/994026","targetHints":{"allow":["GET"]}}],"collection":[{"href":"https:\/\/reihey.com\/fr\/wp-json\/wp\/v2\/pages"}],"about":[{"href":"https:\/\/reihey.com\/fr\/wp-json\/wp\/v2\/types\/page"}],"author":[{"embeddable":true,"href":"https:\/\/reihey.com\/fr\/wp-json\/wp\/v2\/users\/1"}],"replies":[{"embeddable":true,"href":"https:\/\/reihey.com\/fr\/wp-json\/wp\/v2\/comments?post=994026"}],"version-history":[{"count":77,"href":"https:\/\/reihey.com\/fr\/wp-json\/wp\/v2\/pages\/994026\/revisions"}],"predecessor-version":[{"id":997610,"href":"https:\/\/reihey.com\/fr\/wp-json\/wp\/v2\/pages\/994026\/revisions\/997610"}],"up":[{"embeddable":true,"href":"https:\/\/reihey.com\/fr\/wp-json\/wp\/v2\/pages\/993283"}],"wp:attachment":[{"href":"https:\/\/reihey.com\/fr\/wp-json\/wp\/v2\/media?parent=994026"}],"curies":[{"name":"wp","href":"https:\/\/api.w.org\/{rel}","templated":true}]}}