{"id":9890,"date":"2025-08-27T11:14:22","date_gmt":"2025-08-27T11:14:22","guid":{"rendered":"https:\/\/slot71.silverline.dev\/?post_type=product&#038;p=9890"},"modified":"2025-10-28T12:27:03","modified_gmt":"2025-10-28T12:27:03","slug":"12oz-japanese-iceberg-egg-glasses","status":"publish","type":"product","link":"https:\/\/reihey.com\/de\/product\/12oz-japanese-iceberg-egg-glasses\/","title":{"rendered":"12 oz japanische Eisberg-Ei-Gl\u00e4ser"},"content":{"rendered":"","protected":false},"excerpt":{"rendered":"<table class=\"desk-tab\">\n<tbody>\n<tr>\n<th>Name<\/th>\n<th>Material<\/th>\n<th>Kapazit\u00e4t<\/th>\n<th>Farbe<\/th>\n<th>Gr\u00f6\u00dfe<\/th>\n<th>Verwendung<\/th>\n<th>Verpackung<\/th>\n<\/tr>\n<tr>\n<td>Wackelgl\u00e4ser<\/td>\n<td>Glas<\/td>\n<td>12 Unzen<\/td>\n<td>Transparent<\/td>\n<td>90*55mm<\/td>\n<td>ALL-ZWECKGLAS<\/td>\n<td>1. Standard-Exportkarton \u2013 X St\u00fcck\/Box, Y Box\/Karton.<\/td>\n<\/tr>\n<tr>\n<td><\/td>\n<td><\/td>\n<td><\/td>\n<td><\/td>\n<td><\/td>\n<td><\/td>\n<td>2. Individuelle Verpackung: wei\u00dfer Karton mit Ihrem LOGO. Farbige Geschenkbox mit Ihrem Logo<\/td>\n<\/tr>\n<\/tbody>\n<\/table>\n<table class=\"mob-tab\">\n<tbody>\n<tr>\n<th>Name<\/th>\n<td>Wackelgl\u00e4ser<\/td>\n<\/tr>\n<tr>\n<th>Material<\/th>\n<td>Glas<\/td>\n<\/tr>\n<tr>\n<th>Kapazit\u00e4t<\/th>\n<td>12 Unzen<\/td>\n<\/tr>\n<tr>\n<th>Farbe<\/th>\n<td>Transparent<\/td>\n<\/tr>\n<tr>\n<th>Gr\u00f6\u00dfe<\/th>\n<td>90*55mm<\/td>\n<\/tr>\n<tr>\n<th>Verwendung<\/th>\n<td>ALL-ZWECKGLAS<\/td>\n<\/tr>\n<tr>\n<th>Verpackung<\/th>\n<td>1. Standard-Exportkarton \u2013 X St\u00fcck\/Box, Y Box\/Karton.<br \/>\n2. Individuelle Verpackung: wei\u00dfer Karton mit Ihrem LOGO. Farbige Geschenkbox mit Ihrem Logo<\/td>\n<\/tr>\n<\/tbody>\n<\/table>\n<p>ALL-ZWECKGLAS: Wer m\u00f6chte nicht ein Set Gl\u00e4ser haben, das gleichzeitig f\u00fcr verschiedene Getr\u00e4nketypen bei Ihrem Abendessen verwendet werden kann? Unser Glasserie ist gut gestaltet mit Highball-Gl\u00e4sern f\u00fcr Ihren Lieblingssaft und Cocktails. Wohin auch immer Sie es verwenden m\u00f6chten, Sie werden das bestm\u00f6gliche Trinkerlebnis haben.<br \/>\nSP\u00dcLMASCHINENFEST: Reihey Trinkgl\u00e4ser bestehen aus hochwertigem, robustem Glas und sind leicht zu reinigen; einfach unter warmem Wasser absp\u00fclen oder in die Sp\u00fclmaschine geben.<\/p>","protected":false},"featured_media":992283,"comment_status":"closed","ping_status":"closed","template":"","meta":{"_acf_changed":false},"product_brand":[],"product_cat":[637,642],"product_tag":[],"class_list":{"0":"post-9890","1":"product","2":"type-product","3":"status-publish","4":"has-post-thumbnail","6":"product_cat-drinking-glasses","7":"product_cat-tumble-glasses","9":"first","10":"instock","11":"shipping-taxable","12":"product-type-simple"},"acf":[],"yoast_head":"<!-- This site is optimized with the Yoast SEO plugin v26.7 - https:\/\/yoast.com\/wordpress\/plugins\/seo\/ -->\n<title>12oz Japanese Iceberg Egg Glasses - Reihey Glass<\/title>\n<meta name=\"robots\" content=\"index, follow, max-snippet:-1, max-image-preview:large, max-video-preview:-1\" \/>\n<link rel=\"canonical\" href=\"https:\/\/reihey.com\/de\/product\/12oz-japanese-iceberg-egg-glasses\/\" \/>\n<meta property=\"og:locale\" content=\"de_DE\" \/>\n<meta property=\"og:type\" content=\"article\" \/>\n<meta property=\"og:title\" content=\"12oz Japanese Iceberg Egg Glasses - Reihey Glass\" \/>\n<meta property=\"og:description\" content=\"Name Material Capacity Color Size Usage Packing   Tumble Glasses Glass 12oz Transparent 90*55mm ALL-PURPOSE GLASS 1. Standard export carton--Xpcs\/box, Ybox\/carton.         2. Custom pack: white box with your LOGO. Color gift box with your logo       Name Tumble Glasses   Material Glass   Capacity 12oz   Color Transparent   Size 90*55mm   Usage ALL-PURPOSE GLASS   Packing 1. Standard export carton--Xpcs\/box, Ybox\/carton. 2. Custom pack: white box with your LOGO. Color gift box with your logo    ALL-PURPOSE GLASS : Who doesn&#039;t want a set of glass cup glasses that can be used simultaneously for various drink types at your dinner? Our glass set is well designed with highball glasses for your favorite juice and cocktail drinks.So wherever you wish to use it you will have the best drinking experience possible. DISHWASHER SAFE: Reihey drinking glasses are made of high-quality durable glass, and are easy to wash, simply wash under warm water or place them in the dishwasher.\" \/>\n<meta property=\"og:url\" content=\"https:\/\/reihey.com\/de\/product\/12oz-japanese-iceberg-egg-glasses\/\" \/>\n<meta property=\"og:site_name\" content=\"Reihey Glass\" \/>\n<meta property=\"article:modified_time\" content=\"2025-10-28T12:27:03+00:00\" \/>\n<meta property=\"og:image\" content=\"https:\/\/reihey.com\/wp-content\/uploads\/2025\/08\/1-93.jpg\" \/>\n\t<meta property=\"og:image:width\" content=\"800\" \/>\n\t<meta property=\"og:image:height\" content=\"800\" \/>\n\t<meta property=\"og:image:type\" content=\"image\/jpeg\" \/>\n<meta name=\"twitter:card\" content=\"summary_large_image\" \/>\n<script type=\"application\/ld+json\" class=\"yoast-schema-graph\">{\"@context\":\"https:\/\/schema.org\",\"@graph\":[{\"@type\":\"WebPage\",\"@id\":\"https:\/\/reihey.com\/product\/12oz-japanese-iceberg-egg-glasses\/\",\"url\":\"https:\/\/reihey.com\/product\/12oz-japanese-iceberg-egg-glasses\/\",\"name\":\"12oz Japanese Iceberg Egg Glasses - Reihey Glass\",\"isPartOf\":{\"@id\":\"https:\/\/reihey.com\/#website\"},\"primaryImageOfPage\":{\"@id\":\"https:\/\/reihey.com\/product\/12oz-japanese-iceberg-egg-glasses\/#primaryimage\"},\"image\":{\"@id\":\"https:\/\/reihey.com\/product\/12oz-japanese-iceberg-egg-glasses\/#primaryimage\"},\"thumbnailUrl\":\"https:\/\/reihey.com\/wp-content\/uploads\/2025\/08\/1-93.jpg\",\"datePublished\":\"2025-08-27T11:14:22+00:00\",\"dateModified\":\"2025-10-28T12:27:03+00:00\",\"breadcrumb\":{\"@id\":\"https:\/\/reihey.com\/product\/12oz-japanese-iceberg-egg-glasses\/#breadcrumb\"},\"inLanguage\":\"de\",\"potentialAction\":[{\"@type\":\"ReadAction\",\"target\":[\"https:\/\/reihey.com\/product\/12oz-japanese-iceberg-egg-glasses\/\"]}]},{\"@type\":\"ImageObject\",\"inLanguage\":\"de\",\"@id\":\"https:\/\/reihey.com\/product\/12oz-japanese-iceberg-egg-glasses\/#primaryimage\",\"url\":\"https:\/\/reihey.com\/wp-content\/uploads\/2025\/08\/1-93.jpg\",\"contentUrl\":\"https:\/\/reihey.com\/wp-content\/uploads\/2025\/08\/1-93.jpg\",\"width\":800,\"height\":800},{\"@type\":\"BreadcrumbList\",\"@id\":\"https:\/\/reihey.com\/product\/12oz-japanese-iceberg-egg-glasses\/#breadcrumb\",\"itemListElement\":[{\"@type\":\"ListItem\",\"position\":1,\"name\":\"Home\",\"item\":\"https:\/\/reihey.com\/\"},{\"@type\":\"ListItem\",\"position\":2,\"name\":\"Shop\",\"item\":\"https:\/\/reihey.com\/shop\/\"},{\"@type\":\"ListItem\",\"position\":3,\"name\":\"12oz Japanese Iceberg Egg Glasses\"}]},{\"@type\":\"WebSite\",\"@id\":\"https:\/\/reihey.com\/#website\",\"url\":\"https:\/\/reihey.com\/\",\"name\":\"Reihey Glass\",\"description\":\"\",\"publisher\":{\"@id\":\"https:\/\/reihey.com\/#organization\"},\"potentialAction\":[{\"@type\":\"SearchAction\",\"target\":{\"@type\":\"EntryPoint\",\"urlTemplate\":\"https:\/\/reihey.com\/?s={search_term_string}\"},\"query-input\":{\"@type\":\"PropertyValueSpecification\",\"valueRequired\":true,\"valueName\":\"search_term_string\"}}],\"inLanguage\":\"de\"},{\"@type\":\"Organization\",\"@id\":\"https:\/\/reihey.com\/#organization\",\"name\":\"Reihey Glass\",\"url\":\"https:\/\/reihey.com\/\",\"logo\":{\"@type\":\"ImageObject\",\"inLanguage\":\"de\",\"@id\":\"https:\/\/reihey.com\/#\/schema\/logo\/image\/\",\"url\":\"https:\/\/reihey.com\/wp-content\/uploads\/2023\/07\/Reihey-logo-2026.svg\",\"contentUrl\":\"https:\/\/reihey.com\/wp-content\/uploads\/2023\/07\/Reihey-logo-2026.svg\",\"width\":1984,\"height\":566,\"caption\":\"Reihey Glass\"},\"image\":{\"@id\":\"https:\/\/reihey.com\/#\/schema\/logo\/image\/\"}}]}<\/script>\n<!-- \/ Yoast SEO plugin. -->","yoast_head_json":{"title":"12oz Japanische Eisberg-Eiergl\u00e4ser - Reihey-Glas","robots":{"index":"index","follow":"follow","max-snippet":"max-snippet:-1","max-image-preview":"max-image-preview:large","max-video-preview":"max-video-preview:-1"},"canonical":"https:\/\/reihey.com\/de\/product\/12oz-japanese-iceberg-egg-glasses\/","og_locale":"de_DE","og_type":"article","og_title":"12oz Japanese Iceberg Egg Glasses - Reihey Glass","og_description":"Name Material Capacity Color Size Usage Packing   Tumble Glasses Glass 12oz Transparent 90*55mm ALL-PURPOSE GLASS 1. Standard export carton--Xpcs\/box, Ybox\/carton.         2. Custom pack: white box with your LOGO. Color gift box with your logo       Name Tumble Glasses   Material Glass   Capacity 12oz   Color Transparent   Size 90*55mm   Usage ALL-PURPOSE GLASS   Packing 1. Standard export carton--Xpcs\/box, Ybox\/carton. 2. Custom pack: white box with your LOGO. Color gift box with your logo    ALL-PURPOSE GLASS : Who doesn't want a set of glass cup glasses that can be used simultaneously for various drink types at your dinner? Our glass set is well designed with highball glasses for your favorite juice and cocktail drinks.So wherever you wish to use it you will have the best drinking experience possible. DISHWASHER SAFE: Reihey drinking glasses are made of high-quality durable glass, and are easy to wash, simply wash under warm water or place them in the dishwasher.","og_url":"https:\/\/reihey.com\/de\/product\/12oz-japanese-iceberg-egg-glasses\/","og_site_name":"Reihey Glass","article_modified_time":"2025-10-28T12:27:03+00:00","og_image":[{"width":800,"height":800,"url":"https:\/\/reihey.com\/wp-content\/uploads\/2025\/08\/1-93.jpg","type":"image\/jpeg"}],"twitter_card":"summary_large_image","schema":{"@context":"https:\/\/schema.org","@graph":[{"@type":"WebPage","@id":"https:\/\/reihey.com\/product\/12oz-japanese-iceberg-egg-glasses\/","url":"https:\/\/reihey.com\/product\/12oz-japanese-iceberg-egg-glasses\/","name":"12oz Japanische Eisberg-Eiergl\u00e4ser - Reihey-Glas","isPartOf":{"@id":"https:\/\/reihey.com\/#website"},"primaryImageOfPage":{"@id":"https:\/\/reihey.com\/product\/12oz-japanese-iceberg-egg-glasses\/#primaryimage"},"image":{"@id":"https:\/\/reihey.com\/product\/12oz-japanese-iceberg-egg-glasses\/#primaryimage"},"thumbnailUrl":"https:\/\/reihey.com\/wp-content\/uploads\/2025\/08\/1-93.jpg","datePublished":"2025-08-27T11:14:22+00:00","dateModified":"2025-10-28T12:27:03+00:00","breadcrumb":{"@id":"https:\/\/reihey.com\/product\/12oz-japanese-iceberg-egg-glasses\/#breadcrumb"},"inLanguage":"de","potentialAction":[{"@type":"ReadAction","target":["https:\/\/reihey.com\/product\/12oz-japanese-iceberg-egg-glasses\/"]}]},{"@type":"ImageObject","inLanguage":"de","@id":"https:\/\/reihey.com\/product\/12oz-japanese-iceberg-egg-glasses\/#primaryimage","url":"https:\/\/reihey.com\/wp-content\/uploads\/2025\/08\/1-93.jpg","contentUrl":"https:\/\/reihey.com\/wp-content\/uploads\/2025\/08\/1-93.jpg","width":800,"height":800},{"@type":"BreadcrumbList","@id":"https:\/\/reihey.com\/product\/12oz-japanese-iceberg-egg-glasses\/#breadcrumb","itemListElement":[{"@type":"ListItem","position":1,"name":"Home","item":"https:\/\/reihey.com\/"},{"@type":"ListItem","position":2,"name":"Shop","item":"https:\/\/reihey.com\/shop\/"},{"@type":"ListItem","position":3,"name":"12oz Japanese Iceberg Egg Glasses"}]},{"@type":"WebSite","@id":"https:\/\/reihey.com\/#website","url":"https:\/\/reihey.com\/","name":"Reihey Glas","description":"","publisher":{"@id":"https:\/\/reihey.com\/#organization"},"potentialAction":[{"@type":"SearchAction","target":{"@type":"EntryPoint","urlTemplate":"https:\/\/reihey.com\/?s={search_term_string}"},"query-input":{"@type":"PropertyValueSpecification","valueRequired":true,"valueName":"search_term_string"}}],"inLanguage":"de"},{"@type":"Organization","@id":"https:\/\/reihey.com\/#organization","name":"Reihey Glas","url":"https:\/\/reihey.com\/","logo":{"@type":"ImageObject","inLanguage":"de","@id":"https:\/\/reihey.com\/#\/schema\/logo\/image\/","url":"https:\/\/reihey.com\/wp-content\/uploads\/2023\/07\/Reihey-logo-2026.svg","contentUrl":"https:\/\/reihey.com\/wp-content\/uploads\/2023\/07\/Reihey-logo-2026.svg","width":1984,"height":566,"caption":"Reihey Glass"},"image":{"@id":"https:\/\/reihey.com\/#\/schema\/logo\/image\/"}}]}},"_links":{"self":[{"href":"https:\/\/reihey.com\/de\/wp-json\/wp\/v2\/product\/9890","targetHints":{"allow":["GET"]}}],"collection":[{"href":"https:\/\/reihey.com\/de\/wp-json\/wp\/v2\/product"}],"about":[{"href":"https:\/\/reihey.com\/de\/wp-json\/wp\/v2\/types\/product"}],"replies":[{"embeddable":true,"href":"https:\/\/reihey.com\/de\/wp-json\/wp\/v2\/comments?post=9890"}],"version-history":[{"count":5,"href":"https:\/\/reihey.com\/de\/wp-json\/wp\/v2\/product\/9890\/revisions"}],"predecessor-version":[{"id":997936,"href":"https:\/\/reihey.com\/de\/wp-json\/wp\/v2\/product\/9890\/revisions\/997936"}],"wp:featuredmedia":[{"embeddable":true,"href":"https:\/\/reihey.com\/de\/wp-json\/wp\/v2\/media\/992283"}],"wp:attachment":[{"href":"https:\/\/reihey.com\/de\/wp-json\/wp\/v2\/media?parent=9890"}],"wp:term":[{"taxonomy":"product_brand","embeddable":true,"href":"https:\/\/reihey.com\/de\/wp-json\/wp\/v2\/product_brand?post=9890"},{"taxonomy":"product_cat","embeddable":true,"href":"https:\/\/reihey.com\/de\/wp-json\/wp\/v2\/product_cat?post=9890"},{"taxonomy":"product_tag","embeddable":true,"href":"https:\/\/reihey.com\/de\/wp-json\/wp\/v2\/product_tag?post=9890"}],"curies":[{"name":"wp","href":"https:\/\/api.w.org\/{rel}","templated":true}]}}