{"id":9752,"date":"2025-08-27T11:12:49","date_gmt":"2025-08-27T11:12:49","guid":{"rendered":"https:\/\/slot71.silverline.dev\/?post_type=product&#038;p=9752"},"modified":"2025-10-28T12:35:40","modified_gmt":"2025-10-28T12:35:40","slug":"0-5oz-traditional-shot-glasses","status":"publish","type":"product","link":"https:\/\/reihey.com\/de\/product\/0-5oz-traditional-shot-glasses\/","title":{"rendered":"0,5 Unzen traditionelle Schussgl\u00e4ser"},"content":{"rendered":"","protected":false},"excerpt":{"rendered":"<table class=\"desk-tab\">\n<tbody>\n<tr>\n<th>Name<\/th>\n<th>Material<\/th>\n<th>Kapazit\u00e4t<\/th>\n<th>Farbe<\/th>\n<th>Gr\u00f6\u00dfe<\/th>\n<th>Verwendung<\/th>\n<th>Verpackung<\/th>\n<\/tr>\n<tr>\n<td>Shot-Gl\u00e4ser<\/td>\n<td>Glas<\/td>\n<td>0,5 Unzen<\/td>\n<td>Transparent<\/td>\n<td>42\u00d721 mm<\/td>\n<td>Geister<\/td>\n<td>1. Standard-Exportkarton\u2013Xpcs\/Box, Ybox\/Karton<\/td>\n<\/tr>\n<tr>\n<td><\/td>\n<td><\/td>\n<td><\/td>\n<td><\/td>\n<td><\/td>\n<td><\/td>\n<td>2. Individuelle Verpackung: Wei\u00dfe Box mit Ihrem LOGO<\/td>\n<\/tr>\n<tr>\n<td><\/td>\n<td><\/td>\n<td><\/td>\n<td><\/td>\n<td><\/td>\n<td><\/td>\n<td>3. Farbige Geschenkbox mit Ihrem LOGO<\/td>\n<\/tr>\n<\/tbody>\n<\/table>\n<table class=\"mob-tab\">\n<tbody>\n<tr>\n<th>Name<\/th>\n<td>Shot-Gl\u00e4ser<\/td>\n<\/tr>\n<tr>\n<th>Material<\/th>\n<td>Glas<\/td>\n<\/tr>\n<tr>\n<th>Kapazit\u00e4t<\/th>\n<td>0,5 Unzen<\/td>\n<\/tr>\n<tr>\n<th>Farbe<\/th>\n<td>Transparent<\/td>\n<\/tr>\n<tr>\n<th>Gr\u00f6\u00dfe<\/th>\n<td>42\u00d721 mm<\/td>\n<\/tr>\n<tr>\n<th>Verwendung<\/th>\n<td>Geister<\/td>\n<\/tr>\n<tr>\n<th>Verpackung<\/th>\n<td>1. Standard-Exportkarton\u2013Xpcs\/Box, Ybox\/Karton<br \/>\n          2. Individuelle Verpackung: Wei\u00dfe Box mit Ihrem LOGO<br \/>\n          3. Farbige Geschenkbox mit Ihrem LOGO\n      <\/td>\n<\/tr>\n<\/tbody>\n<\/table>\n<p>Super-Qualit\u00e4ts Schnapsgl\u00e4ser. Elegantes Erscheinungsbild, strapazierf\u00e4hige Materialien, f\u00fcr Herren und Spirituosen konzipiert. Keine Sorge um das Fehlen eines perfekten, klaren Schnapsglases auf Partys.<br \/>\nSchwerer massiver Glask\u00f6rper, schwerer massiver Glask\u00f6rper, perfekt ausbalanciert, um Umkippen und Versch\u00fctten zu verhindern.<br \/>\nGesundes Material bleifreies Glas, das Shooter-Glas ist gut f\u00fcr die Gesundheit. Sp\u00fclmaschinenfest.<br \/>\nIdeal f\u00fcr Das klare Schnapsglas-Gro\u00dfhandel ist perfekt f\u00fcr Whisky, Tequila, Wodka, Espresso<\/p>","protected":false},"featured_media":992187,"comment_status":"closed","ping_status":"closed","template":"","meta":{"_acf_changed":false},"product_brand":[],"product_cat":[637,631],"product_tag":[],"class_list":{"0":"post-9752","1":"product","2":"type-product","3":"status-publish","4":"has-post-thumbnail","6":"product_cat-drinking-glasses","7":"product_cat-shot-glasses-manufacturer","9":"first","10":"instock","11":"shipping-taxable","12":"product-type-simple"},"acf":[],"yoast_head":"<!-- This site is optimized with the Yoast SEO plugin v26.7 - https:\/\/yoast.com\/wordpress\/plugins\/seo\/ -->\n<title>0.5oz. Traditional Shot Glasses - Reihey Glass<\/title>\n<meta name=\"robots\" content=\"index, follow, max-snippet:-1, max-image-preview:large, max-video-preview:-1\" \/>\n<link rel=\"canonical\" href=\"https:\/\/reihey.com\/de\/product\/0-5oz-traditional-shot-glasses\/\" \/>\n<meta property=\"og:locale\" content=\"de_DE\" \/>\n<meta property=\"og:type\" content=\"article\" \/>\n<meta property=\"og:title\" content=\"0.5oz. Traditional Shot Glasses - Reihey Glass\" \/>\n<meta property=\"og:description\" content=\"Name    Material    Capacity    Color    Size    Usage    Packing          Shot Glasses    Glass    0.5oz    Transparent    42*21mm    Spirits    1. Standard export carton--Xpcs\/box, Ybox\/carton                                  2. Custom pack: White box with your LOGO                                  3. Color gift box with your LOGO                 Name    Shot Glasses          Material    Glass          Capacity    0.5oz          Color    Transparent          Size    42*21mm          Usage    Spirits          Packing    1. Standard export carton--Xpcs\/box, Ybox\/carton      2. Custom pack: White box with your LOGO      3. Color gift box with your LOGO            Super quality shot glasses . Elegant appearance, sturdy materials, designed for gentlemen and spirits, don\u2019t worry about the lack of perfect clear shot glass at parties. Heavy solid glass base Heavy solid glass base, perfectly balanced to prevent tipping and spilling. Healthy Material Lead-free glass material, the Shooter Glass is good for health. Dishwasher safe. Ideal for The clear shot glass bulk is perfect for whiskey, tequila, vodka, espressos\" \/>\n<meta property=\"og:url\" content=\"https:\/\/reihey.com\/de\/product\/0-5oz-traditional-shot-glasses\/\" \/>\n<meta property=\"og:site_name\" content=\"Reihey Glass\" \/>\n<meta property=\"article:modified_time\" content=\"2025-10-28T12:35:40+00:00\" \/>\n<meta property=\"og:image\" content=\"https:\/\/reihey.com\/wp-content\/uploads\/2025\/08\/1-79.jpg\" \/>\n\t<meta property=\"og:image:width\" content=\"800\" \/>\n\t<meta property=\"og:image:height\" content=\"800\" \/>\n\t<meta property=\"og:image:type\" content=\"image\/jpeg\" \/>\n<meta name=\"twitter:card\" content=\"summary_large_image\" \/>\n<meta name=\"twitter:label1\" content=\"Est. reading time\" \/>\n\t<meta name=\"twitter:data1\" content=\"1\u00a0Minute\" \/>\n<script type=\"application\/ld+json\" class=\"yoast-schema-graph\">{\"@context\":\"https:\/\/schema.org\",\"@graph\":[{\"@type\":\"WebPage\",\"@id\":\"https:\/\/reihey.com\/product\/0-5oz-traditional-shot-glasses\/\",\"url\":\"https:\/\/reihey.com\/product\/0-5oz-traditional-shot-glasses\/\",\"name\":\"0.5oz. Traditional Shot Glasses - Reihey Glass\",\"isPartOf\":{\"@id\":\"https:\/\/reihey.com\/#website\"},\"primaryImageOfPage\":{\"@id\":\"https:\/\/reihey.com\/product\/0-5oz-traditional-shot-glasses\/#primaryimage\"},\"image\":{\"@id\":\"https:\/\/reihey.com\/product\/0-5oz-traditional-shot-glasses\/#primaryimage\"},\"thumbnailUrl\":\"https:\/\/reihey.com\/wp-content\/uploads\/2025\/08\/1-79.jpg\",\"datePublished\":\"2025-08-27T11:12:49+00:00\",\"dateModified\":\"2025-10-28T12:35:40+00:00\",\"breadcrumb\":{\"@id\":\"https:\/\/reihey.com\/product\/0-5oz-traditional-shot-glasses\/#breadcrumb\"},\"inLanguage\":\"de\",\"potentialAction\":[{\"@type\":\"ReadAction\",\"target\":[\"https:\/\/reihey.com\/product\/0-5oz-traditional-shot-glasses\/\"]}]},{\"@type\":\"ImageObject\",\"inLanguage\":\"de\",\"@id\":\"https:\/\/reihey.com\/product\/0-5oz-traditional-shot-glasses\/#primaryimage\",\"url\":\"https:\/\/reihey.com\/wp-content\/uploads\/2025\/08\/1-79.jpg\",\"contentUrl\":\"https:\/\/reihey.com\/wp-content\/uploads\/2025\/08\/1-79.jpg\",\"width\":800,\"height\":800},{\"@type\":\"BreadcrumbList\",\"@id\":\"https:\/\/reihey.com\/product\/0-5oz-traditional-shot-glasses\/#breadcrumb\",\"itemListElement\":[{\"@type\":\"ListItem\",\"position\":1,\"name\":\"Home\",\"item\":\"https:\/\/reihey.com\/\"},{\"@type\":\"ListItem\",\"position\":2,\"name\":\"Shop\",\"item\":\"https:\/\/reihey.com\/shop\/\"},{\"@type\":\"ListItem\",\"position\":3,\"name\":\"0.5oz. Traditional Shot Glasses\"}]},{\"@type\":\"WebSite\",\"@id\":\"https:\/\/reihey.com\/#website\",\"url\":\"https:\/\/reihey.com\/\",\"name\":\"Reihey Glass\",\"description\":\"\",\"publisher\":{\"@id\":\"https:\/\/reihey.com\/#organization\"},\"potentialAction\":[{\"@type\":\"SearchAction\",\"target\":{\"@type\":\"EntryPoint\",\"urlTemplate\":\"https:\/\/reihey.com\/?s={search_term_string}\"},\"query-input\":{\"@type\":\"PropertyValueSpecification\",\"valueRequired\":true,\"valueName\":\"search_term_string\"}}],\"inLanguage\":\"de\"},{\"@type\":\"Organization\",\"@id\":\"https:\/\/reihey.com\/#organization\",\"name\":\"Reihey Glass\",\"url\":\"https:\/\/reihey.com\/\",\"logo\":{\"@type\":\"ImageObject\",\"inLanguage\":\"de\",\"@id\":\"https:\/\/reihey.com\/#\/schema\/logo\/image\/\",\"url\":\"https:\/\/reihey.com\/wp-content\/uploads\/2023\/07\/Reihey-logo-2026.svg\",\"contentUrl\":\"https:\/\/reihey.com\/wp-content\/uploads\/2023\/07\/Reihey-logo-2026.svg\",\"width\":1984,\"height\":566,\"caption\":\"Reihey Glass\"},\"image\":{\"@id\":\"https:\/\/reihey.com\/#\/schema\/logo\/image\/\"}}]}<\/script>\n<!-- \/ Yoast SEO plugin. -->","yoast_head_json":{"title":"0,5 Unze traditionelles Shot-Glas - Reihey-Glas","robots":{"index":"index","follow":"follow","max-snippet":"max-snippet:-1","max-image-preview":"max-image-preview:large","max-video-preview":"max-video-preview:-1"},"canonical":"https:\/\/reihey.com\/de\/product\/0-5oz-traditional-shot-glasses\/","og_locale":"de_DE","og_type":"article","og_title":"0.5oz. Traditional Shot Glasses - Reihey Glass","og_description":"Name    Material    Capacity    Color    Size    Usage    Packing          Shot Glasses    Glass    0.5oz    Transparent    42*21mm    Spirits    1. Standard export carton--Xpcs\/box, Ybox\/carton                                  2. Custom pack: White box with your LOGO                                  3. Color gift box with your LOGO                 Name    Shot Glasses          Material    Glass          Capacity    0.5oz          Color    Transparent          Size    42*21mm          Usage    Spirits          Packing    1. Standard export carton--Xpcs\/box, Ybox\/carton      2. Custom pack: White box with your LOGO      3. Color gift box with your LOGO            Super quality shot glasses . Elegant appearance, sturdy materials, designed for gentlemen and spirits, don\u2019t worry about the lack of perfect clear shot glass at parties. Heavy solid glass base Heavy solid glass base, perfectly balanced to prevent tipping and spilling. Healthy Material Lead-free glass material, the Shooter Glass is good for health. Dishwasher safe. Ideal for The clear shot glass bulk is perfect for whiskey, tequila, vodka, espressos","og_url":"https:\/\/reihey.com\/de\/product\/0-5oz-traditional-shot-glasses\/","og_site_name":"Reihey Glass","article_modified_time":"2025-10-28T12:35:40+00:00","og_image":[{"width":800,"height":800,"url":"https:\/\/reihey.com\/wp-content\/uploads\/2025\/08\/1-79.jpg","type":"image\/jpeg"}],"twitter_card":"summary_large_image","twitter_misc":{"Est. reading time":"1\u00a0Minute"},"schema":{"@context":"https:\/\/schema.org","@graph":[{"@type":"WebPage","@id":"https:\/\/reihey.com\/product\/0-5oz-traditional-shot-glasses\/","url":"https:\/\/reihey.com\/product\/0-5oz-traditional-shot-glasses\/","name":"0,5 Unze traditionelles Shot-Glas - Reihey-Glas","isPartOf":{"@id":"https:\/\/reihey.com\/#website"},"primaryImageOfPage":{"@id":"https:\/\/reihey.com\/product\/0-5oz-traditional-shot-glasses\/#primaryimage"},"image":{"@id":"https:\/\/reihey.com\/product\/0-5oz-traditional-shot-glasses\/#primaryimage"},"thumbnailUrl":"https:\/\/reihey.com\/wp-content\/uploads\/2025\/08\/1-79.jpg","datePublished":"2025-08-27T11:12:49+00:00","dateModified":"2025-10-28T12:35:40+00:00","breadcrumb":{"@id":"https:\/\/reihey.com\/product\/0-5oz-traditional-shot-glasses\/#breadcrumb"},"inLanguage":"de","potentialAction":[{"@type":"ReadAction","target":["https:\/\/reihey.com\/product\/0-5oz-traditional-shot-glasses\/"]}]},{"@type":"ImageObject","inLanguage":"de","@id":"https:\/\/reihey.com\/product\/0-5oz-traditional-shot-glasses\/#primaryimage","url":"https:\/\/reihey.com\/wp-content\/uploads\/2025\/08\/1-79.jpg","contentUrl":"https:\/\/reihey.com\/wp-content\/uploads\/2025\/08\/1-79.jpg","width":800,"height":800},{"@type":"BreadcrumbList","@id":"https:\/\/reihey.com\/product\/0-5oz-traditional-shot-glasses\/#breadcrumb","itemListElement":[{"@type":"ListItem","position":1,"name":"Home","item":"https:\/\/reihey.com\/"},{"@type":"ListItem","position":2,"name":"Shop","item":"https:\/\/reihey.com\/shop\/"},{"@type":"ListItem","position":3,"name":"0.5oz. Traditional Shot Glasses"}]},{"@type":"WebSite","@id":"https:\/\/reihey.com\/#website","url":"https:\/\/reihey.com\/","name":"Reihey Glas","description":"","publisher":{"@id":"https:\/\/reihey.com\/#organization"},"potentialAction":[{"@type":"SearchAction","target":{"@type":"EntryPoint","urlTemplate":"https:\/\/reihey.com\/?s={search_term_string}"},"query-input":{"@type":"PropertyValueSpecification","valueRequired":true,"valueName":"search_term_string"}}],"inLanguage":"de"},{"@type":"Organization","@id":"https:\/\/reihey.com\/#organization","name":"Reihey Glas","url":"https:\/\/reihey.com\/","logo":{"@type":"ImageObject","inLanguage":"de","@id":"https:\/\/reihey.com\/#\/schema\/logo\/image\/","url":"https:\/\/reihey.com\/wp-content\/uploads\/2023\/07\/Reihey-logo-2026.svg","contentUrl":"https:\/\/reihey.com\/wp-content\/uploads\/2023\/07\/Reihey-logo-2026.svg","width":1984,"height":566,"caption":"Reihey Glass"},"image":{"@id":"https:\/\/reihey.com\/#\/schema\/logo\/image\/"}}]}},"_links":{"self":[{"href":"https:\/\/reihey.com\/de\/wp-json\/wp\/v2\/product\/9752","targetHints":{"allow":["GET"]}}],"collection":[{"href":"https:\/\/reihey.com\/de\/wp-json\/wp\/v2\/product"}],"about":[{"href":"https:\/\/reihey.com\/de\/wp-json\/wp\/v2\/types\/product"}],"replies":[{"embeddable":true,"href":"https:\/\/reihey.com\/de\/wp-json\/wp\/v2\/comments?post=9752"}],"version-history":[{"count":3,"href":"https:\/\/reihey.com\/de\/wp-json\/wp\/v2\/product\/9752\/revisions"}],"predecessor-version":[{"id":997957,"href":"https:\/\/reihey.com\/de\/wp-json\/wp\/v2\/product\/9752\/revisions\/997957"}],"wp:featuredmedia":[{"embeddable":true,"href":"https:\/\/reihey.com\/de\/wp-json\/wp\/v2\/media\/992187"}],"wp:attachment":[{"href":"https:\/\/reihey.com\/de\/wp-json\/wp\/v2\/media?parent=9752"}],"wp:term":[{"taxonomy":"product_brand","embeddable":true,"href":"https:\/\/reihey.com\/de\/wp-json\/wp\/v2\/product_brand?post=9752"},{"taxonomy":"product_cat","embeddable":true,"href":"https:\/\/reihey.com\/de\/wp-json\/wp\/v2\/product_cat?post=9752"},{"taxonomy":"product_tag","embeddable":true,"href":"https:\/\/reihey.com\/de\/wp-json\/wp\/v2\/product_tag?post=9752"}],"curies":[{"name":"wp","href":"https:\/\/api.w.org\/{rel}","templated":true}]}}