{"id":9682,"date":"2025-08-27T10:57:40","date_gmt":"2025-08-27T10:57:40","guid":{"rendered":"https:\/\/slot71.silverline.dev\/?post_type=product&#038;p=9682"},"modified":"2025-10-28T12:45:24","modified_gmt":"2025-10-28T12:45:24","slug":"12oz-japanese-kolin-cocktail-glasses","status":"publish","type":"product","link":"https:\/\/reihey.com\/de\/product\/12oz-japanese-kolin-cocktail-glasses\/","title":{"rendered":"12oz japanische Kolin-Cocktailgl\u00e4ser"},"content":{"rendered":"","protected":false},"excerpt":{"rendered":"<table class=\"desk-tab\">\n<tbody>\n<tr>\n<th>Name<\/th>\n<th>Material<\/th>\n<th>Kapazit\u00e4t<\/th>\n<th>Farbe<\/th>\n<th>Gr\u00f6\u00dfe<\/th>\n<th>Verwendung<\/th>\n<th>Verpackung<\/th>\n<\/tr>\n<tr>\n<td>Cocktailgl\u00e4ser<\/td>\n<td>Glas<\/td>\n<td>12 Unzen<\/td>\n<td>Transparent<\/td>\n<td>175*55mm<\/td>\n<td>Cocktail<\/td>\n<td>1. Standard-Exportkarton \u2013 X St\u00fcck\/Box, Y Box\/Karton.<\/td>\n<\/tr>\n<tr>\n<td><\/td>\n<td><\/td>\n<td><\/td>\n<td><\/td>\n<td><\/td>\n<td><\/td>\n<td>2. Kundenset: wei\u00dfe Box mit Ihrem LOGO<\/td>\n<\/tr>\n<tr>\n<td><\/td>\n<td><\/td>\n<td><\/td>\n<td><\/td>\n<td><\/td>\n<td><\/td>\n<td>3. Farbiges Geschenkbox mit Ihrem Logo<\/td>\n<\/tr>\n<\/tbody>\n<\/table>\n<table class=\"mob-tab\">\n<tbody>\n<tr>\n<th>Name<\/th>\n<td>Cocktailgl\u00e4ser<\/td>\n<\/tr>\n<tr>\n<th>Material<\/th>\n<td>Glas<\/td>\n<\/tr>\n<tr>\n<th>Kapazit\u00e4t<\/th>\n<td>12 Unzen<\/td>\n<\/tr>\n<tr>\n<th>Farbe<\/th>\n<td>Transparent<\/td>\n<\/tr>\n<tr>\n<th>Gr\u00f6\u00dfe<\/th>\n<td>175*55mm<\/td>\n<\/tr>\n<tr>\n<th>Verwendung<\/th>\n<td>Cocktail<\/td>\n<\/tr>\n<tr>\n<th>Verpackung<\/th>\n<td>\n        1. Standard-Exportkarton \u2013 X St\u00fcck\/Box, Y Box\/Karton.<br \/>\n        2. Kundenset: wei\u00dfe Box mit Ihrem LOGO<br \/>\n        3. Farbiges Geschenkbox mit Ihrem Logo\n      <\/td>\n<\/tr>\n<\/tbody>\n<\/table>\n<p>MULTIFUNKTIONAL: Kann f\u00fcr verschiedene Getr\u00e4nke verwendet werden, einschlie\u00dflich der Zubereitung eleganter Cocktails mit Schaumwein und Martini in Ihrer Hausbar sowie der Zubereitung s\u00fc\u00dfer Coup\u00e9-Desserts in Ihrer K\u00fcche.<\/p>\n<p>BEGEISTERN SIE IHRE G\u00c4STE: Geeignet f\u00fcr jeden Anlass und jede Art von Getr\u00e4nk, langlebig und sp\u00fclmaschinenfest f\u00fcr eine schnelle, einfache Reinigung<\/p>","protected":false},"featured_media":992138,"comment_status":"closed","ping_status":"closed","template":"","meta":{"_acf_changed":false},"product_brand":[],"product_cat":[640,637],"product_tag":[],"class_list":{"0":"post-9682","1":"product","2":"type-product","3":"status-publish","4":"has-post-thumbnail","6":"product_cat-glass-cocktail-cup-manufacturer","7":"product_cat-drinking-glasses","9":"first","10":"instock","11":"shipping-taxable","12":"product-type-simple"},"acf":[],"yoast_head":"<!-- This site is optimized with the Yoast SEO plugin v26.7 - https:\/\/yoast.com\/wordpress\/plugins\/seo\/ -->\n<title>12oz Japanese Kolin Cocktail Glasses - Reihey Glass<\/title>\n<meta name=\"robots\" content=\"index, follow, max-snippet:-1, max-image-preview:large, max-video-preview:-1\" \/>\n<link rel=\"canonical\" href=\"https:\/\/reihey.com\/de\/product\/12oz-japanese-kolin-cocktail-glasses\/\" \/>\n<meta property=\"og:locale\" content=\"de_DE\" \/>\n<meta property=\"og:type\" content=\"article\" \/>\n<meta property=\"og:title\" content=\"12oz Japanese Kolin Cocktail Glasses - Reihey Glass\" \/>\n<meta property=\"og:description\" content=\"Name    Material    Capacity    Color    Size    Usage    Packing          Cocktail Glasses    Glass    12oz    Transparent    175*55mm    Cocktail    1. Standard export carton--Xpcs\/box, Ybox\/carton.                                  2. Custom pack: white box with your LOGO                                  3. Color gift box with your logo                 Name    Cocktail Glasses          Material    Glass          Capacity    12oz          Color    Transparent          Size    175*55mm          Usage    Cocktail          Packing         1. Standard export carton--Xpcs\/box, Ybox\/carton.     2. Custom pack: white box with your LOGO     3. Color gift box with your logo            MULTIPURPOSE: Can be used for different drinks including preparing elegant cocktails with champagne and martini in your home bar as well as preparing sweet coupe desserts in your kitchen.  IMPRESS YOUR GUESTS: Suitable for every occasion and every kind of drink, durable and dishwasher safe for quick, easy cleanup\" \/>\n<meta property=\"og:url\" content=\"https:\/\/reihey.com\/de\/product\/12oz-japanese-kolin-cocktail-glasses\/\" \/>\n<meta property=\"og:site_name\" content=\"Reihey Glass\" \/>\n<meta property=\"article:modified_time\" content=\"2025-10-28T12:45:24+00:00\" \/>\n<meta property=\"og:image\" content=\"https:\/\/reihey.com\/wp-content\/uploads\/2025\/08\/1-71.jpg\" \/>\n\t<meta property=\"og:image:width\" content=\"800\" \/>\n\t<meta property=\"og:image:height\" content=\"800\" \/>\n\t<meta property=\"og:image:type\" content=\"image\/jpeg\" \/>\n<meta name=\"twitter:card\" content=\"summary_large_image\" \/>\n<meta name=\"twitter:label1\" content=\"Est. reading time\" \/>\n\t<meta name=\"twitter:data1\" content=\"1\u00a0Minute\" \/>\n<script type=\"application\/ld+json\" class=\"yoast-schema-graph\">{\"@context\":\"https:\/\/schema.org\",\"@graph\":[{\"@type\":\"WebPage\",\"@id\":\"https:\/\/reihey.com\/product\/12oz-japanese-kolin-cocktail-glasses\/\",\"url\":\"https:\/\/reihey.com\/product\/12oz-japanese-kolin-cocktail-glasses\/\",\"name\":\"12oz Japanese Kolin Cocktail Glasses - Reihey Glass\",\"isPartOf\":{\"@id\":\"https:\/\/reihey.com\/#website\"},\"primaryImageOfPage\":{\"@id\":\"https:\/\/reihey.com\/product\/12oz-japanese-kolin-cocktail-glasses\/#primaryimage\"},\"image\":{\"@id\":\"https:\/\/reihey.com\/product\/12oz-japanese-kolin-cocktail-glasses\/#primaryimage\"},\"thumbnailUrl\":\"https:\/\/reihey.com\/wp-content\/uploads\/2025\/08\/1-71.jpg\",\"datePublished\":\"2025-08-27T10:57:40+00:00\",\"dateModified\":\"2025-10-28T12:45:24+00:00\",\"breadcrumb\":{\"@id\":\"https:\/\/reihey.com\/product\/12oz-japanese-kolin-cocktail-glasses\/#breadcrumb\"},\"inLanguage\":\"de\",\"potentialAction\":[{\"@type\":\"ReadAction\",\"target\":[\"https:\/\/reihey.com\/product\/12oz-japanese-kolin-cocktail-glasses\/\"]}]},{\"@type\":\"ImageObject\",\"inLanguage\":\"de\",\"@id\":\"https:\/\/reihey.com\/product\/12oz-japanese-kolin-cocktail-glasses\/#primaryimage\",\"url\":\"https:\/\/reihey.com\/wp-content\/uploads\/2025\/08\/1-71.jpg\",\"contentUrl\":\"https:\/\/reihey.com\/wp-content\/uploads\/2025\/08\/1-71.jpg\",\"width\":800,\"height\":800},{\"@type\":\"BreadcrumbList\",\"@id\":\"https:\/\/reihey.com\/product\/12oz-japanese-kolin-cocktail-glasses\/#breadcrumb\",\"itemListElement\":[{\"@type\":\"ListItem\",\"position\":1,\"name\":\"Home\",\"item\":\"https:\/\/reihey.com\/\"},{\"@type\":\"ListItem\",\"position\":2,\"name\":\"Shop\",\"item\":\"https:\/\/reihey.com\/shop\/\"},{\"@type\":\"ListItem\",\"position\":3,\"name\":\"12oz Japanese Kolin Cocktail Glasses\"}]},{\"@type\":\"WebSite\",\"@id\":\"https:\/\/reihey.com\/#website\",\"url\":\"https:\/\/reihey.com\/\",\"name\":\"Reihey Glass\",\"description\":\"\",\"publisher\":{\"@id\":\"https:\/\/reihey.com\/#organization\"},\"potentialAction\":[{\"@type\":\"SearchAction\",\"target\":{\"@type\":\"EntryPoint\",\"urlTemplate\":\"https:\/\/reihey.com\/?s={search_term_string}\"},\"query-input\":{\"@type\":\"PropertyValueSpecification\",\"valueRequired\":true,\"valueName\":\"search_term_string\"}}],\"inLanguage\":\"de\"},{\"@type\":\"Organization\",\"@id\":\"https:\/\/reihey.com\/#organization\",\"name\":\"Reihey Glass\",\"url\":\"https:\/\/reihey.com\/\",\"logo\":{\"@type\":\"ImageObject\",\"inLanguage\":\"de\",\"@id\":\"https:\/\/reihey.com\/#\/schema\/logo\/image\/\",\"url\":\"https:\/\/reihey.com\/wp-content\/uploads\/2023\/07\/Reihey-logo-2026.svg\",\"contentUrl\":\"https:\/\/reihey.com\/wp-content\/uploads\/2023\/07\/Reihey-logo-2026.svg\",\"width\":1984,\"height\":566,\"caption\":\"Reihey Glass\"},\"image\":{\"@id\":\"https:\/\/reihey.com\/#\/schema\/logo\/image\/\"}}]}<\/script>\n<!-- \/ Yoast SEO plugin. -->","yoast_head_json":{"title":"12oz japanische Kolin-Gl\u00e4ser f\u00fcr Cocktails - Reihey Glas","robots":{"index":"index","follow":"follow","max-snippet":"max-snippet:-1","max-image-preview":"max-image-preview:large","max-video-preview":"max-video-preview:-1"},"canonical":"https:\/\/reihey.com\/de\/product\/12oz-japanese-kolin-cocktail-glasses\/","og_locale":"de_DE","og_type":"article","og_title":"12oz Japanese Kolin Cocktail Glasses - Reihey Glass","og_description":"Name    Material    Capacity    Color    Size    Usage    Packing          Cocktail Glasses    Glass    12oz    Transparent    175*55mm    Cocktail    1. Standard export carton--Xpcs\/box, Ybox\/carton.                                  2. Custom pack: white box with your LOGO                                  3. Color gift box with your logo                 Name    Cocktail Glasses          Material    Glass          Capacity    12oz          Color    Transparent          Size    175*55mm          Usage    Cocktail          Packing         1. Standard export carton--Xpcs\/box, Ybox\/carton.     2. Custom pack: white box with your LOGO     3. Color gift box with your logo            MULTIPURPOSE: Can be used for different drinks including preparing elegant cocktails with champagne and martini in your home bar as well as preparing sweet coupe desserts in your kitchen.  IMPRESS YOUR GUESTS: Suitable for every occasion and every kind of drink, durable and dishwasher safe for quick, easy cleanup","og_url":"https:\/\/reihey.com\/de\/product\/12oz-japanese-kolin-cocktail-glasses\/","og_site_name":"Reihey Glass","article_modified_time":"2025-10-28T12:45:24+00:00","og_image":[{"width":800,"height":800,"url":"https:\/\/reihey.com\/wp-content\/uploads\/2025\/08\/1-71.jpg","type":"image\/jpeg"}],"twitter_card":"summary_large_image","twitter_misc":{"Est. reading time":"1\u00a0Minute"},"schema":{"@context":"https:\/\/schema.org","@graph":[{"@type":"WebPage","@id":"https:\/\/reihey.com\/product\/12oz-japanese-kolin-cocktail-glasses\/","url":"https:\/\/reihey.com\/product\/12oz-japanese-kolin-cocktail-glasses\/","name":"12oz japanische Kolin-Gl\u00e4ser f\u00fcr Cocktails - Reihey Glas","isPartOf":{"@id":"https:\/\/reihey.com\/#website"},"primaryImageOfPage":{"@id":"https:\/\/reihey.com\/product\/12oz-japanese-kolin-cocktail-glasses\/#primaryimage"},"image":{"@id":"https:\/\/reihey.com\/product\/12oz-japanese-kolin-cocktail-glasses\/#primaryimage"},"thumbnailUrl":"https:\/\/reihey.com\/wp-content\/uploads\/2025\/08\/1-71.jpg","datePublished":"2025-08-27T10:57:40+00:00","dateModified":"2025-10-28T12:45:24+00:00","breadcrumb":{"@id":"https:\/\/reihey.com\/product\/12oz-japanese-kolin-cocktail-glasses\/#breadcrumb"},"inLanguage":"de","potentialAction":[{"@type":"ReadAction","target":["https:\/\/reihey.com\/product\/12oz-japanese-kolin-cocktail-glasses\/"]}]},{"@type":"ImageObject","inLanguage":"de","@id":"https:\/\/reihey.com\/product\/12oz-japanese-kolin-cocktail-glasses\/#primaryimage","url":"https:\/\/reihey.com\/wp-content\/uploads\/2025\/08\/1-71.jpg","contentUrl":"https:\/\/reihey.com\/wp-content\/uploads\/2025\/08\/1-71.jpg","width":800,"height":800},{"@type":"BreadcrumbList","@id":"https:\/\/reihey.com\/product\/12oz-japanese-kolin-cocktail-glasses\/#breadcrumb","itemListElement":[{"@type":"ListItem","position":1,"name":"Home","item":"https:\/\/reihey.com\/"},{"@type":"ListItem","position":2,"name":"Shop","item":"https:\/\/reihey.com\/shop\/"},{"@type":"ListItem","position":3,"name":"12oz Japanese Kolin Cocktail Glasses"}]},{"@type":"WebSite","@id":"https:\/\/reihey.com\/#website","url":"https:\/\/reihey.com\/","name":"Reihey Glas","description":"","publisher":{"@id":"https:\/\/reihey.com\/#organization"},"potentialAction":[{"@type":"SearchAction","target":{"@type":"EntryPoint","urlTemplate":"https:\/\/reihey.com\/?s={search_term_string}"},"query-input":{"@type":"PropertyValueSpecification","valueRequired":true,"valueName":"search_term_string"}}],"inLanguage":"de"},{"@type":"Organization","@id":"https:\/\/reihey.com\/#organization","name":"Reihey Glas","url":"https:\/\/reihey.com\/","logo":{"@type":"ImageObject","inLanguage":"de","@id":"https:\/\/reihey.com\/#\/schema\/logo\/image\/","url":"https:\/\/reihey.com\/wp-content\/uploads\/2023\/07\/Reihey-logo-2026.svg","contentUrl":"https:\/\/reihey.com\/wp-content\/uploads\/2023\/07\/Reihey-logo-2026.svg","width":1984,"height":566,"caption":"Reihey Glass"},"image":{"@id":"https:\/\/reihey.com\/#\/schema\/logo\/image\/"}}]}},"_links":{"self":[{"href":"https:\/\/reihey.com\/de\/wp-json\/wp\/v2\/product\/9682","targetHints":{"allow":["GET"]}}],"collection":[{"href":"https:\/\/reihey.com\/de\/wp-json\/wp\/v2\/product"}],"about":[{"href":"https:\/\/reihey.com\/de\/wp-json\/wp\/v2\/types\/product"}],"replies":[{"embeddable":true,"href":"https:\/\/reihey.com\/de\/wp-json\/wp\/v2\/comments?post=9682"}],"version-history":[{"count":5,"href":"https:\/\/reihey.com\/de\/wp-json\/wp\/v2\/product\/9682\/revisions"}],"predecessor-version":[{"id":998005,"href":"https:\/\/reihey.com\/de\/wp-json\/wp\/v2\/product\/9682\/revisions\/998005"}],"wp:featuredmedia":[{"embeddable":true,"href":"https:\/\/reihey.com\/de\/wp-json\/wp\/v2\/media\/992138"}],"wp:attachment":[{"href":"https:\/\/reihey.com\/de\/wp-json\/wp\/v2\/media?parent=9682"}],"wp:term":[{"taxonomy":"product_brand","embeddable":true,"href":"https:\/\/reihey.com\/de\/wp-json\/wp\/v2\/product_brand?post=9682"},{"taxonomy":"product_cat","embeddable":true,"href":"https:\/\/reihey.com\/de\/wp-json\/wp\/v2\/product_cat?post=9682"},{"taxonomy":"product_tag","embeddable":true,"href":"https:\/\/reihey.com\/de\/wp-json\/wp\/v2\/product_tag?post=9682"}],"curies":[{"name":"wp","href":"https:\/\/api.w.org\/{rel}","templated":true}]}}