{"id":9440,"date":"2025-08-27T10:55:25","date_gmt":"2025-08-27T10:55:25","guid":{"rendered":"https:\/\/slot71.silverline.dev\/?post_type=product&#038;p=9440"},"modified":"2025-10-28T12:51:49","modified_gmt":"2025-10-28T12:51:49","slug":"9oz-special-shaped-whiskey-glasses","status":"publish","type":"product","link":"https:\/\/reihey.com\/de\/product\/9oz-special-shaped-whiskey-glasses\/","title":{"rendered":"9oz Spezialform-Whiskygl\u00e4ser"},"content":{"rendered":"","protected":false},"excerpt":{"rendered":"<table class=\"desk-tab\">\n<tbody>\n<tr>\n<th>Name<\/th>\n<th>Material<\/th>\n<th>Kapazit\u00e4t<\/th>\n<th>Farbe<\/th>\n<th>Gr\u00f6\u00dfe<\/th>\n<th>Verwendung<\/th>\n<th>Verpackung<\/th>\n<\/tr>\n<tr>\n<td>Whiskey-Gl\u00e4ser<\/td>\n<td>Glas<\/td>\n<td>9oz<\/td>\n<td>Transparent<\/td>\n<td>85*85mm<\/td>\n<td>Whiskey<\/td>\n<td>Standard-Exportkarton\u2013X St\u00fcck\/Box, Y Box\/ carton.<\/td>\n<\/tr>\n<tr>\n<td><\/td>\n<td><\/td>\n<td><\/td>\n<td><\/td>\n<td><\/td>\n<td><\/td>\n<td>Benutzerdefinierte Verpackung: wei\u00dfe Box mit Ihrem LOGO. Farbiges Geschenkbox mit Ihrem Logo<\/td>\n<\/tr>\n<\/tbody>\n<\/table>\n<table class=\"mob-tab\">\n<tbody>\n<tr>\n<th>Name<\/th>\n<td>Whiskey-Gl\u00e4ser<\/td>\n<\/tr>\n<tr>\n<th>Material<\/th>\n<td>Glas<\/td>\n<\/tr>\n<tr>\n<th>Kapazit\u00e4t<\/th>\n<td>9oz<\/td>\n<\/tr>\n<tr>\n<th>Farbe<\/th>\n<td>Transparent<\/td>\n<\/tr>\n<tr>\n<th>Gr\u00f6\u00dfe<\/th>\n<td>85*85mm<\/td>\n<\/tr>\n<tr>\n<th>Verwendung<\/th>\n<td>Whiskey<\/td>\n<\/tr>\n<tr>\n<th>Verpackung<\/th>\n<td>\n        Standard-Exportkarton\u2013X St\u00fcck\/Box, Y Box\/ carton.<br \/>\n        Benutzerdefinierte Verpackung: wei\u00dfe Box mit Ihrem LOGO. Farbiges Geschenkbox mit Ihrem Logo\n      <\/td>\n<\/tr>\n<\/tbody>\n<\/table>\n<p>Whiskey-Gl\u00e4ser fassen Whiskey-B\u00e4lle und Eisw\u00fcrfel problemlos. Perfekt zum Trinken Ihres Lieblingsbourbons, Scotch, Wodka, Old Fashioned, Tequila, Gin, Cognac oder Ihres Lieblingsgetr\u00e4nks oder k\u00f6nnen als Vintage-Stil Saft- oder Wasser-Glas verwendet werden. Sp\u00fclmaschinenfest, leicht zu reinigen und ausreichend langlebig, um seine Haltbarkeit zu bewahren.<\/p>","protected":false},"featured_media":992005,"comment_status":"closed","ping_status":"closed","template":"","meta":{"_acf_changed":false},"product_brand":[],"product_cat":[637,641],"product_tag":[],"class_list":{"0":"post-9440","1":"product","2":"type-product","3":"status-publish","4":"has-post-thumbnail","6":"product_cat-drinking-glasses","7":"product_cat-glass-whiskey-cup-manufacturer","9":"first","10":"instock","11":"shipping-taxable","12":"product-type-simple"},"acf":[],"yoast_head":"<!-- This site is optimized with the Yoast SEO plugin v26.7 - https:\/\/yoast.com\/wordpress\/plugins\/seo\/ -->\n<title>9oz Special Shaped Whiskey Glasses - Reihey Glass<\/title>\n<meta name=\"robots\" content=\"index, follow, max-snippet:-1, max-image-preview:large, max-video-preview:-1\" \/>\n<link rel=\"canonical\" href=\"https:\/\/reihey.com\/de\/product\/9oz-special-shaped-whiskey-glasses\/\" \/>\n<meta property=\"og:locale\" content=\"de_DE\" \/>\n<meta property=\"og:type\" content=\"article\" \/>\n<meta property=\"og:title\" content=\"9oz Special Shaped Whiskey Glasses - Reihey Glass\" \/>\n<meta property=\"og:description\" content=\"Name    Material    Capacity    Color    Size    Usage    Packing          Whiskey Glasses    Glass    9oz    Transparent    85*85mm    Whiskey    Standard export carton--Xpcs\/box, Ybox\/carton.                                  Custom pack: white box with your LOGO. Color gift box with your logo                 Name    Whiskey Glasses          Material    Glass          Capacity    9oz          Color    Transparent          Size    85*85mm          Usage    Whiskey          Packing         Standard export carton--Xpcs\/box, Ybox\/carton.     Custom pack: white box with your LOGO. Color gift box with your logo            Whiskey glasses easily hold whiskey balls and ice cubes. Perfect for drinking your favorite bourbon, scotch, vodka, old fashioned, tequila, gin, cognac or your favorite beverage, or can be used as a vintage style juice or water glass. Dishwasher safe, easy to clean and adequate durable to maintain its durability.\" \/>\n<meta property=\"og:url\" content=\"https:\/\/reihey.com\/de\/product\/9oz-special-shaped-whiskey-glasses\/\" \/>\n<meta property=\"og:site_name\" content=\"Reihey Glass\" \/>\n<meta property=\"article:modified_time\" content=\"2025-10-28T12:51:49+00:00\" \/>\n<meta property=\"og:image\" content=\"https:\/\/reihey.com\/wp-content\/uploads\/2025\/08\/1-52.jpg\" \/>\n\t<meta property=\"og:image:width\" content=\"800\" \/>\n\t<meta property=\"og:image:height\" content=\"800\" \/>\n\t<meta property=\"og:image:type\" content=\"image\/jpeg\" \/>\n<meta name=\"twitter:card\" content=\"summary_large_image\" \/>\n<meta name=\"twitter:label1\" content=\"Est. reading time\" \/>\n\t<meta name=\"twitter:data1\" content=\"1\u00a0Minute\" \/>\n<script type=\"application\/ld+json\" class=\"yoast-schema-graph\">{\"@context\":\"https:\/\/schema.org\",\"@graph\":[{\"@type\":\"WebPage\",\"@id\":\"https:\/\/reihey.com\/product\/9oz-special-shaped-whiskey-glasses\/\",\"url\":\"https:\/\/reihey.com\/product\/9oz-special-shaped-whiskey-glasses\/\",\"name\":\"9oz Special Shaped Whiskey Glasses - Reihey Glass\",\"isPartOf\":{\"@id\":\"https:\/\/reihey.com\/#website\"},\"primaryImageOfPage\":{\"@id\":\"https:\/\/reihey.com\/product\/9oz-special-shaped-whiskey-glasses\/#primaryimage\"},\"image\":{\"@id\":\"https:\/\/reihey.com\/product\/9oz-special-shaped-whiskey-glasses\/#primaryimage\"},\"thumbnailUrl\":\"https:\/\/reihey.com\/wp-content\/uploads\/2025\/08\/1-52.jpg\",\"datePublished\":\"2025-08-27T10:55:25+00:00\",\"dateModified\":\"2025-10-28T12:51:49+00:00\",\"breadcrumb\":{\"@id\":\"https:\/\/reihey.com\/product\/9oz-special-shaped-whiskey-glasses\/#breadcrumb\"},\"inLanguage\":\"de\",\"potentialAction\":[{\"@type\":\"ReadAction\",\"target\":[\"https:\/\/reihey.com\/product\/9oz-special-shaped-whiskey-glasses\/\"]}]},{\"@type\":\"ImageObject\",\"inLanguage\":\"de\",\"@id\":\"https:\/\/reihey.com\/product\/9oz-special-shaped-whiskey-glasses\/#primaryimage\",\"url\":\"https:\/\/reihey.com\/wp-content\/uploads\/2025\/08\/1-52.jpg\",\"contentUrl\":\"https:\/\/reihey.com\/wp-content\/uploads\/2025\/08\/1-52.jpg\",\"width\":800,\"height\":800},{\"@type\":\"BreadcrumbList\",\"@id\":\"https:\/\/reihey.com\/product\/9oz-special-shaped-whiskey-glasses\/#breadcrumb\",\"itemListElement\":[{\"@type\":\"ListItem\",\"position\":1,\"name\":\"Home\",\"item\":\"https:\/\/reihey.com\/\"},{\"@type\":\"ListItem\",\"position\":2,\"name\":\"Shop\",\"item\":\"https:\/\/reihey.com\/shop\/\"},{\"@type\":\"ListItem\",\"position\":3,\"name\":\"9oz Special Shaped Whiskey Glasses\"}]},{\"@type\":\"WebSite\",\"@id\":\"https:\/\/reihey.com\/#website\",\"url\":\"https:\/\/reihey.com\/\",\"name\":\"Reihey Glass\",\"description\":\"\",\"publisher\":{\"@id\":\"https:\/\/reihey.com\/#organization\"},\"potentialAction\":[{\"@type\":\"SearchAction\",\"target\":{\"@type\":\"EntryPoint\",\"urlTemplate\":\"https:\/\/reihey.com\/?s={search_term_string}\"},\"query-input\":{\"@type\":\"PropertyValueSpecification\",\"valueRequired\":true,\"valueName\":\"search_term_string\"}}],\"inLanguage\":\"de\"},{\"@type\":\"Organization\",\"@id\":\"https:\/\/reihey.com\/#organization\",\"name\":\"Reihey Glass\",\"url\":\"https:\/\/reihey.com\/\",\"logo\":{\"@type\":\"ImageObject\",\"inLanguage\":\"de\",\"@id\":\"https:\/\/reihey.com\/#\/schema\/logo\/image\/\",\"url\":\"https:\/\/reihey.com\/wp-content\/uploads\/2023\/07\/Reihey-logo-2026.svg\",\"contentUrl\":\"https:\/\/reihey.com\/wp-content\/uploads\/2023\/07\/Reihey-logo-2026.svg\",\"width\":1984,\"height\":566,\"caption\":\"Reihey Glass\"},\"image\":{\"@id\":\"https:\/\/reihey.com\/#\/schema\/logo\/image\/\"}}]}<\/script>\n<!-- \/ Yoast SEO plugin. -->","yoast_head_json":{"title":"9oz Spezialformen Whiskeygl\u00e4ser - Reihey Glass","robots":{"index":"index","follow":"follow","max-snippet":"max-snippet:-1","max-image-preview":"max-image-preview:large","max-video-preview":"max-video-preview:-1"},"canonical":"https:\/\/reihey.com\/de\/product\/9oz-special-shaped-whiskey-glasses\/","og_locale":"de_DE","og_type":"article","og_title":"9oz Special Shaped Whiskey Glasses - Reihey Glass","og_description":"Name    Material    Capacity    Color    Size    Usage    Packing          Whiskey Glasses    Glass    9oz    Transparent    85*85mm    Whiskey    Standard export carton--Xpcs\/box, Ybox\/carton.                                  Custom pack: white box with your LOGO. Color gift box with your logo                 Name    Whiskey Glasses          Material    Glass          Capacity    9oz          Color    Transparent          Size    85*85mm          Usage    Whiskey          Packing         Standard export carton--Xpcs\/box, Ybox\/carton.     Custom pack: white box with your LOGO. Color gift box with your logo            Whiskey glasses easily hold whiskey balls and ice cubes. Perfect for drinking your favorite bourbon, scotch, vodka, old fashioned, tequila, gin, cognac or your favorite beverage, or can be used as a vintage style juice or water glass. Dishwasher safe, easy to clean and adequate durable to maintain its durability.","og_url":"https:\/\/reihey.com\/de\/product\/9oz-special-shaped-whiskey-glasses\/","og_site_name":"Reihey Glass","article_modified_time":"2025-10-28T12:51:49+00:00","og_image":[{"width":800,"height":800,"url":"https:\/\/reihey.com\/wp-content\/uploads\/2025\/08\/1-52.jpg","type":"image\/jpeg"}],"twitter_card":"summary_large_image","twitter_misc":{"Est. reading time":"1\u00a0Minute"},"schema":{"@context":"https:\/\/schema.org","@graph":[{"@type":"WebPage","@id":"https:\/\/reihey.com\/product\/9oz-special-shaped-whiskey-glasses\/","url":"https:\/\/reihey.com\/product\/9oz-special-shaped-whiskey-glasses\/","name":"9oz Spezialformen Whiskeygl\u00e4ser - Reihey Glass","isPartOf":{"@id":"https:\/\/reihey.com\/#website"},"primaryImageOfPage":{"@id":"https:\/\/reihey.com\/product\/9oz-special-shaped-whiskey-glasses\/#primaryimage"},"image":{"@id":"https:\/\/reihey.com\/product\/9oz-special-shaped-whiskey-glasses\/#primaryimage"},"thumbnailUrl":"https:\/\/reihey.com\/wp-content\/uploads\/2025\/08\/1-52.jpg","datePublished":"2025-08-27T10:55:25+00:00","dateModified":"2025-10-28T12:51:49+00:00","breadcrumb":{"@id":"https:\/\/reihey.com\/product\/9oz-special-shaped-whiskey-glasses\/#breadcrumb"},"inLanguage":"de","potentialAction":[{"@type":"ReadAction","target":["https:\/\/reihey.com\/product\/9oz-special-shaped-whiskey-glasses\/"]}]},{"@type":"ImageObject","inLanguage":"de","@id":"https:\/\/reihey.com\/product\/9oz-special-shaped-whiskey-glasses\/#primaryimage","url":"https:\/\/reihey.com\/wp-content\/uploads\/2025\/08\/1-52.jpg","contentUrl":"https:\/\/reihey.com\/wp-content\/uploads\/2025\/08\/1-52.jpg","width":800,"height":800},{"@type":"BreadcrumbList","@id":"https:\/\/reihey.com\/product\/9oz-special-shaped-whiskey-glasses\/#breadcrumb","itemListElement":[{"@type":"ListItem","position":1,"name":"Home","item":"https:\/\/reihey.com\/"},{"@type":"ListItem","position":2,"name":"Shop","item":"https:\/\/reihey.com\/shop\/"},{"@type":"ListItem","position":3,"name":"9oz Special Shaped Whiskey Glasses"}]},{"@type":"WebSite","@id":"https:\/\/reihey.com\/#website","url":"https:\/\/reihey.com\/","name":"Reihey Glas","description":"","publisher":{"@id":"https:\/\/reihey.com\/#organization"},"potentialAction":[{"@type":"SearchAction","target":{"@type":"EntryPoint","urlTemplate":"https:\/\/reihey.com\/?s={search_term_string}"},"query-input":{"@type":"PropertyValueSpecification","valueRequired":true,"valueName":"search_term_string"}}],"inLanguage":"de"},{"@type":"Organization","@id":"https:\/\/reihey.com\/#organization","name":"Reihey Glas","url":"https:\/\/reihey.com\/","logo":{"@type":"ImageObject","inLanguage":"de","@id":"https:\/\/reihey.com\/#\/schema\/logo\/image\/","url":"https:\/\/reihey.com\/wp-content\/uploads\/2023\/07\/Reihey-logo-2026.svg","contentUrl":"https:\/\/reihey.com\/wp-content\/uploads\/2023\/07\/Reihey-logo-2026.svg","width":1984,"height":566,"caption":"Reihey Glass"},"image":{"@id":"https:\/\/reihey.com\/#\/schema\/logo\/image\/"}}]}},"_links":{"self":[{"href":"https:\/\/reihey.com\/de\/wp-json\/wp\/v2\/product\/9440","targetHints":{"allow":["GET"]}}],"collection":[{"href":"https:\/\/reihey.com\/de\/wp-json\/wp\/v2\/product"}],"about":[{"href":"https:\/\/reihey.com\/de\/wp-json\/wp\/v2\/types\/product"}],"replies":[{"embeddable":true,"href":"https:\/\/reihey.com\/de\/wp-json\/wp\/v2\/comments?post=9440"}],"version-history":[{"count":3,"href":"https:\/\/reihey.com\/de\/wp-json\/wp\/v2\/product\/9440\/revisions"}],"predecessor-version":[{"id":998024,"href":"https:\/\/reihey.com\/de\/wp-json\/wp\/v2\/product\/9440\/revisions\/998024"}],"wp:featuredmedia":[{"embeddable":true,"href":"https:\/\/reihey.com\/de\/wp-json\/wp\/v2\/media\/992005"}],"wp:attachment":[{"href":"https:\/\/reihey.com\/de\/wp-json\/wp\/v2\/media?parent=9440"}],"wp:term":[{"taxonomy":"product_brand","embeddable":true,"href":"https:\/\/reihey.com\/de\/wp-json\/wp\/v2\/product_brand?post=9440"},{"taxonomy":"product_cat","embeddable":true,"href":"https:\/\/reihey.com\/de\/wp-json\/wp\/v2\/product_cat?post=9440"},{"taxonomy":"product_tag","embeddable":true,"href":"https:\/\/reihey.com\/de\/wp-json\/wp\/v2\/product_tag?post=9440"}],"curies":[{"name":"wp","href":"https:\/\/api.w.org\/{rel}","templated":true}]}}