{"id":9400,"date":"2025-08-27T10:55:06","date_gmt":"2025-08-27T10:55:06","guid":{"rendered":"https:\/\/slot71.silverline.dev\/?post_type=product&#038;p=9400"},"modified":"2025-10-28T12:51:41","modified_gmt":"2025-10-28T12:51:41","slug":"8oz-checkered-whiskey-glasses","status":"publish","type":"product","link":"https:\/\/reihey.com\/de\/product\/8oz-checkered-whiskey-glasses\/","title":{"rendered":"8oz kariertes Whiskey-Gl\u00e4ser"},"content":{"rendered":"","protected":false},"excerpt":{"rendered":"<table class=\"desk-tab\">\n<tbody>\n<tr>\n<th>Name<\/th>\n<th>Material<\/th>\n<th>Kapazit\u00e4t<\/th>\n<th>Farbe<\/th>\n<th>Gr\u00f6\u00dfe<\/th>\n<th>Verwendung<\/th>\n<th>Verpackung<\/th>\n<\/tr>\n<tr>\n<td>Whiskey-Gl\u00e4ser<\/td>\n<td>Glas<\/td>\n<td>8oz<\/td>\n<td>Transparent<\/td>\n<td>84*70mm<\/td>\n<td>Whiskey<\/td>\n<td>1. Standard-Exportkarton \u2013 X St\u00fcck\/Box, Y Box\/Karton.<\/td>\n<\/tr>\n<tr>\n<td><\/td>\n<td><\/td>\n<td><\/td>\n<td><\/td>\n<td><\/td>\n<td><\/td>\n<td>2. Individuelle Verpackung: wei\u00dfer Karton mit Ihrem LOGO. Farbige Geschenkbox mit Ihrem Logo<\/td>\n<\/tr>\n<\/tbody>\n<\/table>\n<table class=\"mob-tab\">\n<tbody>\n<tr>\n<th>Name<\/th>\n<td>Whiskey-Gl\u00e4ser<\/td>\n<\/tr>\n<tr>\n<th>Material<\/th>\n<td>Glas<\/td>\n<\/tr>\n<tr>\n<th>Kapazit\u00e4t<\/th>\n<td>8oz<\/td>\n<\/tr>\n<tr>\n<th>Farbe<\/th>\n<td>Transparent<\/td>\n<\/tr>\n<tr>\n<th>Gr\u00f6\u00dfe<\/th>\n<td>84*70mm<\/td>\n<\/tr>\n<tr>\n<th>Verwendung<\/th>\n<td>Whiskey<\/td>\n<\/tr>\n<tr>\n<th>Verpackung<\/th>\n<td>1. Standard-Exportkarton \u2013 X St\u00fcck\/Box, Y Box\/Karton.<br \/>\n          2. Individuelle Verpackung: wei\u00dfer Karton mit Ihrem LOGO. Farbige Geschenkbox mit Ihrem Logo\n      <\/td>\n<\/tr>\n<\/tbody>\n<\/table>\n<p>Whiskey-Gl\u00e4ser fassen Whiskey-B\u00e4lle und Eisw\u00fcrfel problemlos. Perfekt zum Trinken Ihres Lieblingsbourbons, Scotch, Wodka, Old Fashioned, Tequila, Gin, Cognac oder Ihres Lieblingsgetr\u00e4nks oder k\u00f6nnen als Vintage-Stil Saft- oder Wasser-Glas verwendet werden. Sp\u00fclmaschinenfest, leicht zu reinigen und ausreichend langlebig, um seine Haltbarkeit zu bewahren.<\/p>","protected":false},"featured_media":991985,"comment_status":"closed","ping_status":"closed","template":"","meta":{"_acf_changed":false},"product_brand":[],"product_cat":[637,641],"product_tag":[],"class_list":{"0":"post-9400","1":"product","2":"type-product","3":"status-publish","4":"has-post-thumbnail","6":"product_cat-drinking-glasses","7":"product_cat-glass-whiskey-cup-manufacturer","9":"first","10":"instock","11":"shipping-taxable","12":"product-type-simple"},"acf":[],"yoast_head":"<!-- This site is optimized with the Yoast SEO plugin v26.7 - https:\/\/yoast.com\/wordpress\/plugins\/seo\/ -->\n<title>8oz Checkered Whiskey Glasses - Reihey Glass<\/title>\n<meta name=\"robots\" content=\"index, follow, max-snippet:-1, max-image-preview:large, max-video-preview:-1\" \/>\n<link rel=\"canonical\" href=\"https:\/\/reihey.com\/de\/product\/8oz-checkered-whiskey-glasses\/\" \/>\n<meta property=\"og:locale\" content=\"de_DE\" \/>\n<meta property=\"og:type\" content=\"article\" \/>\n<meta property=\"og:title\" content=\"8oz Checkered Whiskey Glasses - Reihey Glass\" \/>\n<meta property=\"og:description\" content=\"Name    Material    Capacity    Color    Size    Usage    Packing          Whiskey Glasses    Glass    8oz    Transparent    84*70mm    Whiskey    1. Standard export carton--Xpcs\/box, Ybox\/carton.                                  2. Custom pack: white box with your LOGO. Color gift box with your logo                 Name    Whiskey Glasses          Material    Glass          Capacity    8oz          Color    Transparent          Size    84*70mm          Usage    Whiskey          Packing    1. Standard export carton--Xpcs\/box, Ybox\/carton.      2. Custom pack: white box with your LOGO. Color gift box with your logo            Whiskey glasses easily hold whiskey balls and ice cubes. Perfect for drinking your favorite bourbon, scotch, vodka, old fashioned, tequila, gin, cognac or your favorite beverage, or can be used as a vintage style juice or water glass. Dishwasher safe, easy to clean and adequate durable to maintain its durability.\" \/>\n<meta property=\"og:url\" content=\"https:\/\/reihey.com\/de\/product\/8oz-checkered-whiskey-glasses\/\" \/>\n<meta property=\"og:site_name\" content=\"Reihey Glass\" \/>\n<meta property=\"article:modified_time\" content=\"2025-10-28T12:51:41+00:00\" \/>\n<meta property=\"og:image\" content=\"https:\/\/reihey.com\/wp-content\/uploads\/2025\/08\/1-48.jpg\" \/>\n\t<meta property=\"og:image:width\" content=\"672\" \/>\n\t<meta property=\"og:image:height\" content=\"619\" \/>\n\t<meta property=\"og:image:type\" content=\"image\/jpeg\" \/>\n<meta name=\"twitter:card\" content=\"summary_large_image\" \/>\n<meta name=\"twitter:label1\" content=\"Est. reading time\" \/>\n\t<meta name=\"twitter:data1\" content=\"1\u00a0Minute\" \/>\n<script type=\"application\/ld+json\" class=\"yoast-schema-graph\">{\"@context\":\"https:\/\/schema.org\",\"@graph\":[{\"@type\":\"WebPage\",\"@id\":\"https:\/\/reihey.com\/product\/8oz-checkered-whiskey-glasses\/\",\"url\":\"https:\/\/reihey.com\/product\/8oz-checkered-whiskey-glasses\/\",\"name\":\"8oz Checkered Whiskey Glasses - Reihey Glass\",\"isPartOf\":{\"@id\":\"https:\/\/reihey.com\/#website\"},\"primaryImageOfPage\":{\"@id\":\"https:\/\/reihey.com\/product\/8oz-checkered-whiskey-glasses\/#primaryimage\"},\"image\":{\"@id\":\"https:\/\/reihey.com\/product\/8oz-checkered-whiskey-glasses\/#primaryimage\"},\"thumbnailUrl\":\"https:\/\/reihey.com\/wp-content\/uploads\/2025\/08\/1-48.jpg\",\"datePublished\":\"2025-08-27T10:55:06+00:00\",\"dateModified\":\"2025-10-28T12:51:41+00:00\",\"breadcrumb\":{\"@id\":\"https:\/\/reihey.com\/product\/8oz-checkered-whiskey-glasses\/#breadcrumb\"},\"inLanguage\":\"de\",\"potentialAction\":[{\"@type\":\"ReadAction\",\"target\":[\"https:\/\/reihey.com\/product\/8oz-checkered-whiskey-glasses\/\"]}]},{\"@type\":\"ImageObject\",\"inLanguage\":\"de\",\"@id\":\"https:\/\/reihey.com\/product\/8oz-checkered-whiskey-glasses\/#primaryimage\",\"url\":\"https:\/\/reihey.com\/wp-content\/uploads\/2025\/08\/1-48.jpg\",\"contentUrl\":\"https:\/\/reihey.com\/wp-content\/uploads\/2025\/08\/1-48.jpg\",\"width\":672,\"height\":619},{\"@type\":\"BreadcrumbList\",\"@id\":\"https:\/\/reihey.com\/product\/8oz-checkered-whiskey-glasses\/#breadcrumb\",\"itemListElement\":[{\"@type\":\"ListItem\",\"position\":1,\"name\":\"Home\",\"item\":\"https:\/\/reihey.com\/\"},{\"@type\":\"ListItem\",\"position\":2,\"name\":\"Shop\",\"item\":\"https:\/\/reihey.com\/shop\/\"},{\"@type\":\"ListItem\",\"position\":3,\"name\":\"8oz Checkered Whiskey Glasses\"}]},{\"@type\":\"WebSite\",\"@id\":\"https:\/\/reihey.com\/#website\",\"url\":\"https:\/\/reihey.com\/\",\"name\":\"Reihey Glass\",\"description\":\"\",\"publisher\":{\"@id\":\"https:\/\/reihey.com\/#organization\"},\"potentialAction\":[{\"@type\":\"SearchAction\",\"target\":{\"@type\":\"EntryPoint\",\"urlTemplate\":\"https:\/\/reihey.com\/?s={search_term_string}\"},\"query-input\":{\"@type\":\"PropertyValueSpecification\",\"valueRequired\":true,\"valueName\":\"search_term_string\"}}],\"inLanguage\":\"de\"},{\"@type\":\"Organization\",\"@id\":\"https:\/\/reihey.com\/#organization\",\"name\":\"Reihey Glass\",\"url\":\"https:\/\/reihey.com\/\",\"logo\":{\"@type\":\"ImageObject\",\"inLanguage\":\"de\",\"@id\":\"https:\/\/reihey.com\/#\/schema\/logo\/image\/\",\"url\":\"https:\/\/reihey.com\/wp-content\/uploads\/2023\/07\/Reihey-logo-2026.svg\",\"contentUrl\":\"https:\/\/reihey.com\/wp-content\/uploads\/2023\/07\/Reihey-logo-2026.svg\",\"width\":1984,\"height\":566,\"caption\":\"Reihey Glass\"},\"image\":{\"@id\":\"https:\/\/reihey.com\/#\/schema\/logo\/image\/\"}}]}<\/script>\n<!-- \/ Yoast SEO plugin. -->","yoast_head_json":{"title":"8oz Schachbrett-Whiskygl\u00e4ser - Reihey Glass","robots":{"index":"index","follow":"follow","max-snippet":"max-snippet:-1","max-image-preview":"max-image-preview:large","max-video-preview":"max-video-preview:-1"},"canonical":"https:\/\/reihey.com\/de\/product\/8oz-checkered-whiskey-glasses\/","og_locale":"de_DE","og_type":"article","og_title":"8oz Checkered Whiskey Glasses - Reihey Glass","og_description":"Name    Material    Capacity    Color    Size    Usage    Packing          Whiskey Glasses    Glass    8oz    Transparent    84*70mm    Whiskey    1. Standard export carton--Xpcs\/box, Ybox\/carton.                                  2. Custom pack: white box with your LOGO. Color gift box with your logo                 Name    Whiskey Glasses          Material    Glass          Capacity    8oz          Color    Transparent          Size    84*70mm          Usage    Whiskey          Packing    1. Standard export carton--Xpcs\/box, Ybox\/carton.      2. Custom pack: white box with your LOGO. Color gift box with your logo            Whiskey glasses easily hold whiskey balls and ice cubes. Perfect for drinking your favorite bourbon, scotch, vodka, old fashioned, tequila, gin, cognac or your favorite beverage, or can be used as a vintage style juice or water glass. Dishwasher safe, easy to clean and adequate durable to maintain its durability.","og_url":"https:\/\/reihey.com\/de\/product\/8oz-checkered-whiskey-glasses\/","og_site_name":"Reihey Glass","article_modified_time":"2025-10-28T12:51:41+00:00","og_image":[{"width":672,"height":619,"url":"https:\/\/reihey.com\/wp-content\/uploads\/2025\/08\/1-48.jpg","type":"image\/jpeg"}],"twitter_card":"summary_large_image","twitter_misc":{"Est. reading time":"1\u00a0Minute"},"schema":{"@context":"https:\/\/schema.org","@graph":[{"@type":"WebPage","@id":"https:\/\/reihey.com\/product\/8oz-checkered-whiskey-glasses\/","url":"https:\/\/reihey.com\/product\/8oz-checkered-whiskey-glasses\/","name":"8oz Schachbrett-Whiskygl\u00e4ser - Reihey Glass","isPartOf":{"@id":"https:\/\/reihey.com\/#website"},"primaryImageOfPage":{"@id":"https:\/\/reihey.com\/product\/8oz-checkered-whiskey-glasses\/#primaryimage"},"image":{"@id":"https:\/\/reihey.com\/product\/8oz-checkered-whiskey-glasses\/#primaryimage"},"thumbnailUrl":"https:\/\/reihey.com\/wp-content\/uploads\/2025\/08\/1-48.jpg","datePublished":"2025-08-27T10:55:06+00:00","dateModified":"2025-10-28T12:51:41+00:00","breadcrumb":{"@id":"https:\/\/reihey.com\/product\/8oz-checkered-whiskey-glasses\/#breadcrumb"},"inLanguage":"de","potentialAction":[{"@type":"ReadAction","target":["https:\/\/reihey.com\/product\/8oz-checkered-whiskey-glasses\/"]}]},{"@type":"ImageObject","inLanguage":"de","@id":"https:\/\/reihey.com\/product\/8oz-checkered-whiskey-glasses\/#primaryimage","url":"https:\/\/reihey.com\/wp-content\/uploads\/2025\/08\/1-48.jpg","contentUrl":"https:\/\/reihey.com\/wp-content\/uploads\/2025\/08\/1-48.jpg","width":672,"height":619},{"@type":"BreadcrumbList","@id":"https:\/\/reihey.com\/product\/8oz-checkered-whiskey-glasses\/#breadcrumb","itemListElement":[{"@type":"ListItem","position":1,"name":"Home","item":"https:\/\/reihey.com\/"},{"@type":"ListItem","position":2,"name":"Shop","item":"https:\/\/reihey.com\/shop\/"},{"@type":"ListItem","position":3,"name":"8oz Checkered Whiskey Glasses"}]},{"@type":"WebSite","@id":"https:\/\/reihey.com\/#website","url":"https:\/\/reihey.com\/","name":"Reihey Glas","description":"","publisher":{"@id":"https:\/\/reihey.com\/#organization"},"potentialAction":[{"@type":"SearchAction","target":{"@type":"EntryPoint","urlTemplate":"https:\/\/reihey.com\/?s={search_term_string}"},"query-input":{"@type":"PropertyValueSpecification","valueRequired":true,"valueName":"search_term_string"}}],"inLanguage":"de"},{"@type":"Organization","@id":"https:\/\/reihey.com\/#organization","name":"Reihey Glas","url":"https:\/\/reihey.com\/","logo":{"@type":"ImageObject","inLanguage":"de","@id":"https:\/\/reihey.com\/#\/schema\/logo\/image\/","url":"https:\/\/reihey.com\/wp-content\/uploads\/2023\/07\/Reihey-logo-2026.svg","contentUrl":"https:\/\/reihey.com\/wp-content\/uploads\/2023\/07\/Reihey-logo-2026.svg","width":1984,"height":566,"caption":"Reihey Glass"},"image":{"@id":"https:\/\/reihey.com\/#\/schema\/logo\/image\/"}}]}},"_links":{"self":[{"href":"https:\/\/reihey.com\/de\/wp-json\/wp\/v2\/product\/9400","targetHints":{"allow":["GET"]}}],"collection":[{"href":"https:\/\/reihey.com\/de\/wp-json\/wp\/v2\/product"}],"about":[{"href":"https:\/\/reihey.com\/de\/wp-json\/wp\/v2\/types\/product"}],"replies":[{"embeddable":true,"href":"https:\/\/reihey.com\/de\/wp-json\/wp\/v2\/comments?post=9400"}],"version-history":[{"count":5,"href":"https:\/\/reihey.com\/de\/wp-json\/wp\/v2\/product\/9400\/revisions"}],"predecessor-version":[{"id":998018,"href":"https:\/\/reihey.com\/de\/wp-json\/wp\/v2\/product\/9400\/revisions\/998018"}],"wp:featuredmedia":[{"embeddable":true,"href":"https:\/\/reihey.com\/de\/wp-json\/wp\/v2\/media\/991985"}],"wp:attachment":[{"href":"https:\/\/reihey.com\/de\/wp-json\/wp\/v2\/media?parent=9400"}],"wp:term":[{"taxonomy":"product_brand","embeddable":true,"href":"https:\/\/reihey.com\/de\/wp-json\/wp\/v2\/product_brand?post=9400"},{"taxonomy":"product_cat","embeddable":true,"href":"https:\/\/reihey.com\/de\/wp-json\/wp\/v2\/product_cat?post=9400"},{"taxonomy":"product_tag","embeddable":true,"href":"https:\/\/reihey.com\/de\/wp-json\/wp\/v2\/product_tag?post=9400"}],"curies":[{"name":"wp","href":"https:\/\/api.w.org\/{rel}","templated":true}]}}