{"id":9266,"date":"2025-08-27T10:53:58","date_gmt":"2025-08-27T10:53:58","guid":{"rendered":"https:\/\/slot71.silverline.dev\/?post_type=product&#038;p=9266"},"modified":"2025-10-28T12:56:00","modified_gmt":"2025-10-28T12:56:00","slug":"5g-100g-oblique-shoulders-frosted-glass-cream-jar-with-bamboo-lid","status":"publish","type":"product","link":"https:\/\/reihey.com\/de\/product\/5g-100g-oblique-shoulders-frosted-glass-cream-jar-with-bamboo-lid\/","title":{"rendered":"5g-100g Oblique Shoulders Frosted Glass Cream Jar With Bamboo Lid"},"content":{"rendered":"","protected":false},"excerpt":{"rendered":"<table class=\"desk-tab\">\n<tbody>\n<tr>\n<th>Material<\/th>\n<th>Kapazit\u00e4t<\/th>\n<th>Farbe<\/th>\n<th>Deckel<\/th>\n<th>Verwendung<\/th>\n<\/tr>\n<tr>\n<td>Glas<\/td>\n<td>5g<\/td>\n<td>Klar<\/td>\n<td>Bambus<\/td>\n<td>Gesichtspflegecreme<\/td>\n<\/tr>\n<tr>\n<td><\/td>\n<td>10 g<\/td>\n<td><\/td>\n<td><\/td>\n<td>Hautpflege-Augencreme<\/td>\n<\/tr>\n<tr>\n<td><\/td>\n<td>15 g<\/td>\n<td><\/td>\n<td><\/td>\n<td><\/td>\n<\/tr>\n<tr>\n<td><\/td>\n<td>20 g<\/td>\n<td><\/td>\n<td><\/td>\n<td><\/td>\n<\/tr>\n<tr>\n<td><\/td>\n<td>30 g<\/td>\n<td><\/td>\n<td><\/td>\n<td><\/td>\n<\/tr>\n<tr>\n<td><\/td>\n<td>50 g<\/td>\n<td><\/td>\n<td><\/td>\n<td><\/td>\n<\/tr>\n<tr>\n<td><\/td>\n<td>100 g<\/td>\n<td><\/td>\n<td><\/td>\n<td><\/td>\n<\/tr>\n<\/tbody>\n<\/table>\n<table class=\"mob-tab\">\n<tbody>\n<tr>\n<th>Material<\/th>\n<td>Glas<\/td>\n<\/tr>\n<tr>\n<th>Kapazit\u00e4t<\/th>\n<td>5g<br \/>\n10 g<br \/>\n15 g<br \/>\n20 g<br \/>\n30 g<br \/>\n50 g<br \/>\n100 g<\/td>\n<\/tr>\n<tr>\n<th>Farbe<\/th>\n<td>Klar<\/td>\n<\/tr>\n<tr>\n<th>Deckel<\/th>\n<td>Bambus<\/td>\n<\/tr>\n<tr>\n<th>Verwendung<\/th>\n<td>Gesichtspflegecreme<br \/>\nHautpflege-Augencreme<\/td>\n<\/tr>\n<\/tbody>\n<\/table>\n<p>Die gefrostete Glascreme-Dose aus Lebensmittelglasmaterial ist ungiftig, BPA-frei, umweltfreundlich und gesund, kann wiederverwendet werden. Gute Dichtleistung, auslaufsicher, sicherheits- und qualit\u00e4tsstandards, sch\u00fctzen Sie Ihre bevorzugten selbstgemachten Sch\u00f6nheitsprodukte vor Verdunstung. Ideal zum Proben oder Lagern von Lidschatten, Make-up, Premium-Vials, Lipbalms, Gesichtscremes und anderen Kosmetika.<\/p>","protected":false},"featured_media":991917,"comment_status":"closed","ping_status":"closed","template":"","meta":{"_acf_changed":false},"product_brand":[],"product_cat":[613,636,591],"product_tag":[],"class_list":{"0":"post-9266","1":"product","2":"type-product","3":"status-publish","4":"has-post-thumbnail","6":"product_cat-beauty","7":"product_cat-wholesale-glass-cream-jar","8":"product_cat-glass-jar-manfacturer","10":"first","11":"instock","12":"shipping-taxable","13":"product-type-simple"},"acf":[],"yoast_head":"<!-- This site is optimized with the Yoast SEO plugin v26.7 - https:\/\/yoast.com\/wordpress\/plugins\/seo\/ -->\n<title>5g-100g Oblique Shoulders Frosted Glass Cream Jar With Bamboo Lid - Reihey Glass<\/title>\n<meta name=\"robots\" content=\"index, follow, max-snippet:-1, max-image-preview:large, max-video-preview:-1\" \/>\n<link rel=\"canonical\" href=\"https:\/\/reihey.com\/de\/product\/5g-100g-oblique-shoulders-frosted-glass-cream-jar-with-bamboo-lid\/\" \/>\n<meta property=\"og:locale\" content=\"de_DE\" \/>\n<meta property=\"og:type\" content=\"article\" \/>\n<meta property=\"og:title\" content=\"5g-100g Oblique Shoulders Frosted Glass Cream Jar With Bamboo Lid - Reihey Glass\" \/>\n<meta property=\"og:description\" content=\"Material Capacity Color Lid Usage   Glass 5g Clear Bamboo Cosmetic face cream    10g   Skincare eye cream    15g       20g       30g       50g       100g          Material Glass   Capacity 5g 10g 15g 20g 30g 50g 100g   Color Clear   Lid Bamboo   Usage Cosmetic face cream Skincare eye cream    The frosted glass cream jar is made of food-grade glass raw material, non-toxic, BPA-free, environmentally friendly and healthy, and can be reused. Good sealing performance, leak-proof, safety and quality standards, protect your favorite homemade beauty products from volatilization. Ideal for sampling or storing eye shadows, makeup, premium vials, lip balms, face creams, and other cosmetics.\" \/>\n<meta property=\"og:url\" content=\"https:\/\/reihey.com\/de\/product\/5g-100g-oblique-shoulders-frosted-glass-cream-jar-with-bamboo-lid\/\" \/>\n<meta property=\"og:site_name\" content=\"Reihey Glass\" \/>\n<meta property=\"article:modified_time\" content=\"2025-10-28T12:56:00+00:00\" \/>\n<meta property=\"og:image\" content=\"https:\/\/reihey.com\/wp-content\/uploads\/2025\/08\/\u4e3b\u56fe-05_\u526f\u672c-6.jpg\" \/>\n\t<meta property=\"og:image:width\" content=\"800\" \/>\n\t<meta property=\"og:image:height\" content=\"800\" \/>\n\t<meta property=\"og:image:type\" content=\"image\/jpeg\" \/>\n<meta name=\"twitter:card\" content=\"summary_large_image\" \/>\n<meta name=\"twitter:label1\" content=\"Est. reading time\" \/>\n\t<meta name=\"twitter:data1\" content=\"1\u00a0Minute\" \/>\n<script type=\"application\/ld+json\" class=\"yoast-schema-graph\">{\"@context\":\"https:\/\/schema.org\",\"@graph\":[{\"@type\":\"WebPage\",\"@id\":\"https:\/\/reihey.com\/product\/5g-100g-oblique-shoulders-frosted-glass-cream-jar-with-bamboo-lid\/\",\"url\":\"https:\/\/reihey.com\/product\/5g-100g-oblique-shoulders-frosted-glass-cream-jar-with-bamboo-lid\/\",\"name\":\"5g-100g Oblique Shoulders Frosted Glass Cream Jar With Bamboo Lid - Reihey Glass\",\"isPartOf\":{\"@id\":\"https:\/\/reihey.com\/#website\"},\"primaryImageOfPage\":{\"@id\":\"https:\/\/reihey.com\/product\/5g-100g-oblique-shoulders-frosted-glass-cream-jar-with-bamboo-lid\/#primaryimage\"},\"image\":{\"@id\":\"https:\/\/reihey.com\/product\/5g-100g-oblique-shoulders-frosted-glass-cream-jar-with-bamboo-lid\/#primaryimage\"},\"thumbnailUrl\":\"https:\/\/reihey.com\/wp-content\/uploads\/2025\/08\/\u4e3b\u56fe-05_\u526f\u672c-6.jpg\",\"datePublished\":\"2025-08-27T10:53:58+00:00\",\"dateModified\":\"2025-10-28T12:56:00+00:00\",\"breadcrumb\":{\"@id\":\"https:\/\/reihey.com\/product\/5g-100g-oblique-shoulders-frosted-glass-cream-jar-with-bamboo-lid\/#breadcrumb\"},\"inLanguage\":\"de\",\"potentialAction\":[{\"@type\":\"ReadAction\",\"target\":[\"https:\/\/reihey.com\/product\/5g-100g-oblique-shoulders-frosted-glass-cream-jar-with-bamboo-lid\/\"]}]},{\"@type\":\"ImageObject\",\"inLanguage\":\"de\",\"@id\":\"https:\/\/reihey.com\/product\/5g-100g-oblique-shoulders-frosted-glass-cream-jar-with-bamboo-lid\/#primaryimage\",\"url\":\"https:\/\/reihey.com\/wp-content\/uploads\/2025\/08\/\u4e3b\u56fe-05_\u526f\u672c-6.jpg\",\"contentUrl\":\"https:\/\/reihey.com\/wp-content\/uploads\/2025\/08\/\u4e3b\u56fe-05_\u526f\u672c-6.jpg\",\"width\":800,\"height\":800},{\"@type\":\"BreadcrumbList\",\"@id\":\"https:\/\/reihey.com\/product\/5g-100g-oblique-shoulders-frosted-glass-cream-jar-with-bamboo-lid\/#breadcrumb\",\"itemListElement\":[{\"@type\":\"ListItem\",\"position\":1,\"name\":\"Home\",\"item\":\"https:\/\/reihey.com\/\"},{\"@type\":\"ListItem\",\"position\":2,\"name\":\"Shop\",\"item\":\"https:\/\/reihey.com\/shop\/\"},{\"@type\":\"ListItem\",\"position\":3,\"name\":\"5g-100g Oblique Shoulders Frosted Glass Cream Jar With Bamboo Lid\"}]},{\"@type\":\"WebSite\",\"@id\":\"https:\/\/reihey.com\/#website\",\"url\":\"https:\/\/reihey.com\/\",\"name\":\"Reihey Glass\",\"description\":\"\",\"publisher\":{\"@id\":\"https:\/\/reihey.com\/#organization\"},\"potentialAction\":[{\"@type\":\"SearchAction\",\"target\":{\"@type\":\"EntryPoint\",\"urlTemplate\":\"https:\/\/reihey.com\/?s={search_term_string}\"},\"query-input\":{\"@type\":\"PropertyValueSpecification\",\"valueRequired\":true,\"valueName\":\"search_term_string\"}}],\"inLanguage\":\"de\"},{\"@type\":\"Organization\",\"@id\":\"https:\/\/reihey.com\/#organization\",\"name\":\"Reihey Glass\",\"url\":\"https:\/\/reihey.com\/\",\"logo\":{\"@type\":\"ImageObject\",\"inLanguage\":\"de\",\"@id\":\"https:\/\/reihey.com\/#\/schema\/logo\/image\/\",\"url\":\"https:\/\/reihey.com\/wp-content\/uploads\/2023\/07\/Reihey-logo-2026.svg\",\"contentUrl\":\"https:\/\/reihey.com\/wp-content\/uploads\/2023\/07\/Reihey-logo-2026.svg\",\"width\":1984,\"height\":566,\"caption\":\"Reihey Glass\"},\"image\":{\"@id\":\"https:\/\/reihey.com\/#\/schema\/logo\/image\/\"}}]}<\/script>\n<!-- \/ Yoast SEO plugin. -->","yoast_head_json":{"title":"5g-100g Oblique Shoulders Frosted Glass Cream Jar With Bamboo Lid - Reihey Glass","robots":{"index":"index","follow":"follow","max-snippet":"max-snippet:-1","max-image-preview":"max-image-preview:large","max-video-preview":"max-video-preview:-1"},"canonical":"https:\/\/reihey.com\/de\/product\/5g-100g-oblique-shoulders-frosted-glass-cream-jar-with-bamboo-lid\/","og_locale":"de_DE","og_type":"article","og_title":"5g-100g Oblique Shoulders Frosted Glass Cream Jar With Bamboo Lid - Reihey Glass","og_description":"Material Capacity Color Lid Usage   Glass 5g Clear Bamboo Cosmetic face cream    10g   Skincare eye cream    15g       20g       30g       50g       100g          Material Glass   Capacity 5g 10g 15g 20g 30g 50g 100g   Color Clear   Lid Bamboo   Usage Cosmetic face cream Skincare eye cream    The frosted glass cream jar is made of food-grade glass raw material, non-toxic, BPA-free, environmentally friendly and healthy, and can be reused. Good sealing performance, leak-proof, safety and quality standards, protect your favorite homemade beauty products from volatilization. Ideal for sampling or storing eye shadows, makeup, premium vials, lip balms, face creams, and other cosmetics.","og_url":"https:\/\/reihey.com\/de\/product\/5g-100g-oblique-shoulders-frosted-glass-cream-jar-with-bamboo-lid\/","og_site_name":"Reihey Glass","article_modified_time":"2025-10-28T12:56:00+00:00","og_image":[{"width":800,"height":800,"url":"https:\/\/reihey.com\/wp-content\/uploads\/2025\/08\/\u4e3b\u56fe-05_\u526f\u672c-6.jpg","type":"image\/jpeg"}],"twitter_card":"summary_large_image","twitter_misc":{"Est. reading time":"1\u00a0Minute"},"schema":{"@context":"https:\/\/schema.org","@graph":[{"@type":"WebPage","@id":"https:\/\/reihey.com\/product\/5g-100g-oblique-shoulders-frosted-glass-cream-jar-with-bamboo-lid\/","url":"https:\/\/reihey.com\/product\/5g-100g-oblique-shoulders-frosted-glass-cream-jar-with-bamboo-lid\/","name":"5g-100g Oblique Shoulders Frosted Glass Cream Jar With Bamboo Lid - Reihey Glass","isPartOf":{"@id":"https:\/\/reihey.com\/#website"},"primaryImageOfPage":{"@id":"https:\/\/reihey.com\/product\/5g-100g-oblique-shoulders-frosted-glass-cream-jar-with-bamboo-lid\/#primaryimage"},"image":{"@id":"https:\/\/reihey.com\/product\/5g-100g-oblique-shoulders-frosted-glass-cream-jar-with-bamboo-lid\/#primaryimage"},"thumbnailUrl":"https:\/\/reihey.com\/wp-content\/uploads\/2025\/08\/\u4e3b\u56fe-05_\u526f\u672c-6.jpg","datePublished":"2025-08-27T10:53:58+00:00","dateModified":"2025-10-28T12:56:00+00:00","breadcrumb":{"@id":"https:\/\/reihey.com\/product\/5g-100g-oblique-shoulders-frosted-glass-cream-jar-with-bamboo-lid\/#breadcrumb"},"inLanguage":"de","potentialAction":[{"@type":"ReadAction","target":["https:\/\/reihey.com\/product\/5g-100g-oblique-shoulders-frosted-glass-cream-jar-with-bamboo-lid\/"]}]},{"@type":"ImageObject","inLanguage":"de","@id":"https:\/\/reihey.com\/product\/5g-100g-oblique-shoulders-frosted-glass-cream-jar-with-bamboo-lid\/#primaryimage","url":"https:\/\/reihey.com\/wp-content\/uploads\/2025\/08\/\u4e3b\u56fe-05_\u526f\u672c-6.jpg","contentUrl":"https:\/\/reihey.com\/wp-content\/uploads\/2025\/08\/\u4e3b\u56fe-05_\u526f\u672c-6.jpg","width":800,"height":800},{"@type":"BreadcrumbList","@id":"https:\/\/reihey.com\/product\/5g-100g-oblique-shoulders-frosted-glass-cream-jar-with-bamboo-lid\/#breadcrumb","itemListElement":[{"@type":"ListItem","position":1,"name":"Home","item":"https:\/\/reihey.com\/"},{"@type":"ListItem","position":2,"name":"Shop","item":"https:\/\/reihey.com\/shop\/"},{"@type":"ListItem","position":3,"name":"5g-100g Oblique Shoulders Frosted Glass Cream Jar With Bamboo Lid"}]},{"@type":"WebSite","@id":"https:\/\/reihey.com\/#website","url":"https:\/\/reihey.com\/","name":"Reihey Glas","description":"","publisher":{"@id":"https:\/\/reihey.com\/#organization"},"potentialAction":[{"@type":"SearchAction","target":{"@type":"EntryPoint","urlTemplate":"https:\/\/reihey.com\/?s={search_term_string}"},"query-input":{"@type":"PropertyValueSpecification","valueRequired":true,"valueName":"search_term_string"}}],"inLanguage":"de"},{"@type":"Organization","@id":"https:\/\/reihey.com\/#organization","name":"Reihey Glas","url":"https:\/\/reihey.com\/","logo":{"@type":"ImageObject","inLanguage":"de","@id":"https:\/\/reihey.com\/#\/schema\/logo\/image\/","url":"https:\/\/reihey.com\/wp-content\/uploads\/2023\/07\/Reihey-logo-2026.svg","contentUrl":"https:\/\/reihey.com\/wp-content\/uploads\/2023\/07\/Reihey-logo-2026.svg","width":1984,"height":566,"caption":"Reihey Glass"},"image":{"@id":"https:\/\/reihey.com\/#\/schema\/logo\/image\/"}}]}},"_links":{"self":[{"href":"https:\/\/reihey.com\/de\/wp-json\/wp\/v2\/product\/9266","targetHints":{"allow":["GET"]}}],"collection":[{"href":"https:\/\/reihey.com\/de\/wp-json\/wp\/v2\/product"}],"about":[{"href":"https:\/\/reihey.com\/de\/wp-json\/wp\/v2\/types\/product"}],"replies":[{"embeddable":true,"href":"https:\/\/reihey.com\/de\/wp-json\/wp\/v2\/comments?post=9266"}],"version-history":[{"count":5,"href":"https:\/\/reihey.com\/de\/wp-json\/wp\/v2\/product\/9266\/revisions"}],"predecessor-version":[{"id":998039,"href":"https:\/\/reihey.com\/de\/wp-json\/wp\/v2\/product\/9266\/revisions\/998039"}],"wp:featuredmedia":[{"embeddable":true,"href":"https:\/\/reihey.com\/de\/wp-json\/wp\/v2\/media\/991917"}],"wp:attachment":[{"href":"https:\/\/reihey.com\/de\/wp-json\/wp\/v2\/media?parent=9266"}],"wp:term":[{"taxonomy":"product_brand","embeddable":true,"href":"https:\/\/reihey.com\/de\/wp-json\/wp\/v2\/product_brand?post=9266"},{"taxonomy":"product_cat","embeddable":true,"href":"https:\/\/reihey.com\/de\/wp-json\/wp\/v2\/product_cat?post=9266"},{"taxonomy":"product_tag","embeddable":true,"href":"https:\/\/reihey.com\/de\/wp-json\/wp\/v2\/product_tag?post=9266"}],"curies":[{"name":"wp","href":"https:\/\/api.w.org\/{rel}","templated":true}]}}