{"id":9230,"date":"2025-08-27T10:53:35","date_gmt":"2025-08-27T10:53:35","guid":{"rendered":"https:\/\/slot71.silverline.dev\/?post_type=product&#038;p=9230"},"modified":"2025-10-28T12:55:52","modified_gmt":"2025-10-28T12:55:52","slug":"15-20-30-50-60g-thick-wall-frosted-glass-cream-jars-with-dome-top","status":"publish","type":"product","link":"https:\/\/reihey.com\/de\/product\/15-20-30-50-60g-thick-wall-frosted-glass-cream-jars-with-dome-top\/","title":{"rendered":"15\/20\/30\/50\/60g dickwandige, mattierte Glascremebeh\u00e4lter mit Kuppeldeckel"},"content":{"rendered":"","protected":false},"excerpt":{"rendered":"<table class=\"desk-tab\">\n<tbody>\n<tr>\n<th>Material<\/th>\n<th>Kapazit\u00e4t<\/th>\n<th>Farbe<\/th>\n<th>Deckel<\/th>\n<th>Verwendung<\/th>\n<\/tr>\n<tr>\n<td>Glas<\/td>\n<td>15 g<\/td>\n<td>Klar<\/td>\n<td>Kunststoff<\/td>\n<td>Gesichtspflegecreme<\/td>\n<\/tr>\n<tr>\n<td><\/td>\n<td>20 g<\/td>\n<td><\/td>\n<td><\/td>\n<td>Hautpflege-Augencreme<\/td>\n<\/tr>\n<tr>\n<td><\/td>\n<td>30 g<\/td>\n<td><\/td>\n<td><\/td>\n<td><\/td>\n<\/tr>\n<tr>\n<td><\/td>\n<td>50 g<\/td>\n<td><\/td>\n<td><\/td>\n<td><\/td>\n<\/tr>\n<tr>\n<td><\/td>\n<td>60 g<\/td>\n<td><\/td>\n<td><\/td>\n<td><\/td>\n<\/tr>\n<\/tbody>\n<\/table>\n<table class=\"mob-tab\">\n<tbody>\n<tr>\n<th>Material<\/th>\n<td>Glas<\/td>\n<\/tr>\n<tr>\n<th>Kapazit\u00e4t<\/th>\n<td>15 g<br \/>\n20 g<br \/>\n30 g<br \/>\n50 g<br \/>\n60 g<\/td>\n<\/tr>\n<tr>\n<th>Farbe<\/th>\n<td>Klar<\/td>\n<\/tr>\n<tr>\n<th>Deckel<\/th>\n<td>Kunststoff<\/td>\n<\/tr>\n<tr>\n<th>Verwendung<\/th>\n<td>Gesichtspflegecreme<br \/>\nHautpflege-Augencreme<\/td>\n<\/tr>\n<\/tbody>\n<\/table>\n<p>Die gefrostete Glascreme-Dose aus Lebensmittelglasmaterial ist ungiftig, BPA-frei, umweltfreundlich und gesund, kann wiederverwendet werden. Gute Dichtleistung, auslaufsicher, sicherheits- und qualit\u00e4tsstandards, sch\u00fctzen Sie Ihre bevorzugten selbstgemachten Sch\u00f6nheitsprodukte vor Verdunstung. Ideal zum Proben oder Lagern von Lidschatten, Make-up, Premium-Vials, Lipbalms, Gesichtscremes und anderen Kosmetika.<\/p>","protected":false},"featured_media":991892,"comment_status":"closed","ping_status":"closed","template":"","meta":{"_acf_changed":false},"product_brand":[],"product_cat":[613,636,591],"product_tag":[],"class_list":{"0":"post-9230","1":"product","2":"type-product","3":"status-publish","4":"has-post-thumbnail","6":"product_cat-beauty","7":"product_cat-wholesale-glass-cream-jar","8":"product_cat-glass-jar-manfacturer","10":"first","11":"instock","12":"shipping-taxable","13":"product-type-simple"},"acf":[],"yoast_head":"<!-- This site is optimized with the Yoast SEO plugin v26.7 - https:\/\/yoast.com\/wordpress\/plugins\/seo\/ -->\n<title>15\/20\/30\/50\/60g thick wall frosted glass cream jars with dome top - Reihey Glass<\/title>\n<meta name=\"robots\" content=\"index, follow, max-snippet:-1, max-image-preview:large, max-video-preview:-1\" \/>\n<link rel=\"canonical\" href=\"https:\/\/reihey.com\/de\/product\/15-20-30-50-60g-thick-wall-frosted-glass-cream-jars-with-dome-top\/\" \/>\n<meta property=\"og:locale\" content=\"de_DE\" \/>\n<meta property=\"og:type\" content=\"article\" \/>\n<meta property=\"og:title\" content=\"15\/20\/30\/50\/60g thick wall frosted glass cream jars with dome top - Reihey Glass\" \/>\n<meta property=\"og:description\" content=\"Material Capacity Color Lid Usage   Glass 15g Clear Plastic Cosmetic face cream    20g   Skincare eye cream    30g       50g       60g          Material Glass   Capacity 15g 20g 30g 50g 60g   Color Clear   Lid Plastic   Usage Cosmetic face cream Skincare eye cream    The frosted glass cream jar is made of food-grade glass raw material, non-toxic, BPA-free, environmentally friendly and healthy, and can be reused. Good sealing performance, leak-proof, safety and quality standards, protect your favorite homemade beauty products from volatilization. Ideal for sampling or storing eye shadows, makeup, premium vials, lip balms, face creams, and other cosmetics.\" \/>\n<meta property=\"og:url\" content=\"https:\/\/reihey.com\/de\/product\/15-20-30-50-60g-thick-wall-frosted-glass-cream-jars-with-dome-top\/\" \/>\n<meta property=\"og:site_name\" content=\"Reihey Glass\" \/>\n<meta property=\"article:modified_time\" content=\"2025-10-28T12:55:52+00:00\" \/>\n<meta property=\"og:image\" content=\"https:\/\/reihey.com\/wp-content\/uploads\/2025\/08\/\u8be6\u60c5-02.jpg\" \/>\n\t<meta property=\"og:image:width\" content=\"800\" \/>\n\t<meta property=\"og:image:height\" content=\"800\" \/>\n\t<meta property=\"og:image:type\" content=\"image\/jpeg\" \/>\n<meta name=\"twitter:card\" content=\"summary_large_image\" \/>\n<meta name=\"twitter:label1\" content=\"Est. reading time\" \/>\n\t<meta name=\"twitter:data1\" content=\"1\u00a0Minute\" \/>\n<script type=\"application\/ld+json\" class=\"yoast-schema-graph\">{\"@context\":\"https:\/\/schema.org\",\"@graph\":[{\"@type\":\"WebPage\",\"@id\":\"https:\/\/reihey.com\/product\/15-20-30-50-60g-thick-wall-frosted-glass-cream-jars-with-dome-top\/\",\"url\":\"https:\/\/reihey.com\/product\/15-20-30-50-60g-thick-wall-frosted-glass-cream-jars-with-dome-top\/\",\"name\":\"15\/20\/30\/50\/60g thick wall frosted glass cream jars with dome top - Reihey Glass\",\"isPartOf\":{\"@id\":\"https:\/\/reihey.com\/#website\"},\"primaryImageOfPage\":{\"@id\":\"https:\/\/reihey.com\/product\/15-20-30-50-60g-thick-wall-frosted-glass-cream-jars-with-dome-top\/#primaryimage\"},\"image\":{\"@id\":\"https:\/\/reihey.com\/product\/15-20-30-50-60g-thick-wall-frosted-glass-cream-jars-with-dome-top\/#primaryimage\"},\"thumbnailUrl\":\"https:\/\/reihey.com\/wp-content\/uploads\/2025\/08\/\u8be6\u60c5-02.jpg\",\"datePublished\":\"2025-08-27T10:53:35+00:00\",\"dateModified\":\"2025-10-28T12:55:52+00:00\",\"breadcrumb\":{\"@id\":\"https:\/\/reihey.com\/product\/15-20-30-50-60g-thick-wall-frosted-glass-cream-jars-with-dome-top\/#breadcrumb\"},\"inLanguage\":\"de\",\"potentialAction\":[{\"@type\":\"ReadAction\",\"target\":[\"https:\/\/reihey.com\/product\/15-20-30-50-60g-thick-wall-frosted-glass-cream-jars-with-dome-top\/\"]}]},{\"@type\":\"ImageObject\",\"inLanguage\":\"de\",\"@id\":\"https:\/\/reihey.com\/product\/15-20-30-50-60g-thick-wall-frosted-glass-cream-jars-with-dome-top\/#primaryimage\",\"url\":\"https:\/\/reihey.com\/wp-content\/uploads\/2025\/08\/\u8be6\u60c5-02.jpg\",\"contentUrl\":\"https:\/\/reihey.com\/wp-content\/uploads\/2025\/08\/\u8be6\u60c5-02.jpg\",\"width\":800,\"height\":800},{\"@type\":\"BreadcrumbList\",\"@id\":\"https:\/\/reihey.com\/product\/15-20-30-50-60g-thick-wall-frosted-glass-cream-jars-with-dome-top\/#breadcrumb\",\"itemListElement\":[{\"@type\":\"ListItem\",\"position\":1,\"name\":\"Home\",\"item\":\"https:\/\/reihey.com\/\"},{\"@type\":\"ListItem\",\"position\":2,\"name\":\"Shop\",\"item\":\"https:\/\/reihey.com\/shop\/\"},{\"@type\":\"ListItem\",\"position\":3,\"name\":\"15\/20\/30\/50\/60g thick wall frosted glass cream jars with dome top\"}]},{\"@type\":\"WebSite\",\"@id\":\"https:\/\/reihey.com\/#website\",\"url\":\"https:\/\/reihey.com\/\",\"name\":\"Reihey Glass\",\"description\":\"\",\"publisher\":{\"@id\":\"https:\/\/reihey.com\/#organization\"},\"potentialAction\":[{\"@type\":\"SearchAction\",\"target\":{\"@type\":\"EntryPoint\",\"urlTemplate\":\"https:\/\/reihey.com\/?s={search_term_string}\"},\"query-input\":{\"@type\":\"PropertyValueSpecification\",\"valueRequired\":true,\"valueName\":\"search_term_string\"}}],\"inLanguage\":\"de\"},{\"@type\":\"Organization\",\"@id\":\"https:\/\/reihey.com\/#organization\",\"name\":\"Reihey Glass\",\"url\":\"https:\/\/reihey.com\/\",\"logo\":{\"@type\":\"ImageObject\",\"inLanguage\":\"de\",\"@id\":\"https:\/\/reihey.com\/#\/schema\/logo\/image\/\",\"url\":\"https:\/\/reihey.com\/wp-content\/uploads\/2023\/07\/Reihey-logo-2026.svg\",\"contentUrl\":\"https:\/\/reihey.com\/wp-content\/uploads\/2023\/07\/Reihey-logo-2026.svg\",\"width\":1984,\"height\":566,\"caption\":\"Reihey Glass\"},\"image\":{\"@id\":\"https:\/\/reihey.com\/#\/schema\/logo\/image\/\"}}]}<\/script>\n<!-- \/ Yoast SEO plugin. -->","yoast_head_json":{"title":"15\/20\/30\/50\/60 g dickwandige mattierte Glascreme-Tiegel mit Kuppel-Deckel - Reihey Glass","robots":{"index":"index","follow":"follow","max-snippet":"max-snippet:-1","max-image-preview":"max-image-preview:large","max-video-preview":"max-video-preview:-1"},"canonical":"https:\/\/reihey.com\/de\/product\/15-20-30-50-60g-thick-wall-frosted-glass-cream-jars-with-dome-top\/","og_locale":"de_DE","og_type":"article","og_title":"15\/20\/30\/50\/60g thick wall frosted glass cream jars with dome top - Reihey Glass","og_description":"Material Capacity Color Lid Usage   Glass 15g Clear Plastic Cosmetic face cream    20g   Skincare eye cream    30g       50g       60g          Material Glass   Capacity 15g 20g 30g 50g 60g   Color Clear   Lid Plastic   Usage Cosmetic face cream Skincare eye cream    The frosted glass cream jar is made of food-grade glass raw material, non-toxic, BPA-free, environmentally friendly and healthy, and can be reused. Good sealing performance, leak-proof, safety and quality standards, protect your favorite homemade beauty products from volatilization. Ideal for sampling or storing eye shadows, makeup, premium vials, lip balms, face creams, and other cosmetics.","og_url":"https:\/\/reihey.com\/de\/product\/15-20-30-50-60g-thick-wall-frosted-glass-cream-jars-with-dome-top\/","og_site_name":"Reihey Glass","article_modified_time":"2025-10-28T12:55:52+00:00","og_image":[{"width":800,"height":800,"url":"https:\/\/reihey.com\/wp-content\/uploads\/2025\/08\/\u8be6\u60c5-02.jpg","type":"image\/jpeg"}],"twitter_card":"summary_large_image","twitter_misc":{"Est. reading time":"1\u00a0Minute"},"schema":{"@context":"https:\/\/schema.org","@graph":[{"@type":"WebPage","@id":"https:\/\/reihey.com\/product\/15-20-30-50-60g-thick-wall-frosted-glass-cream-jars-with-dome-top\/","url":"https:\/\/reihey.com\/product\/15-20-30-50-60g-thick-wall-frosted-glass-cream-jars-with-dome-top\/","name":"15\/20\/30\/50\/60 g dickwandige mattierte Glascreme-Tiegel mit Kuppel-Deckel - Reihey Glass","isPartOf":{"@id":"https:\/\/reihey.com\/#website"},"primaryImageOfPage":{"@id":"https:\/\/reihey.com\/product\/15-20-30-50-60g-thick-wall-frosted-glass-cream-jars-with-dome-top\/#primaryimage"},"image":{"@id":"https:\/\/reihey.com\/product\/15-20-30-50-60g-thick-wall-frosted-glass-cream-jars-with-dome-top\/#primaryimage"},"thumbnailUrl":"https:\/\/reihey.com\/wp-content\/uploads\/2025\/08\/\u8be6\u60c5-02.jpg","datePublished":"2025-08-27T10:53:35+00:00","dateModified":"2025-10-28T12:55:52+00:00","breadcrumb":{"@id":"https:\/\/reihey.com\/product\/15-20-30-50-60g-thick-wall-frosted-glass-cream-jars-with-dome-top\/#breadcrumb"},"inLanguage":"de","potentialAction":[{"@type":"ReadAction","target":["https:\/\/reihey.com\/product\/15-20-30-50-60g-thick-wall-frosted-glass-cream-jars-with-dome-top\/"]}]},{"@type":"ImageObject","inLanguage":"de","@id":"https:\/\/reihey.com\/product\/15-20-30-50-60g-thick-wall-frosted-glass-cream-jars-with-dome-top\/#primaryimage","url":"https:\/\/reihey.com\/wp-content\/uploads\/2025\/08\/\u8be6\u60c5-02.jpg","contentUrl":"https:\/\/reihey.com\/wp-content\/uploads\/2025\/08\/\u8be6\u60c5-02.jpg","width":800,"height":800},{"@type":"BreadcrumbList","@id":"https:\/\/reihey.com\/product\/15-20-30-50-60g-thick-wall-frosted-glass-cream-jars-with-dome-top\/#breadcrumb","itemListElement":[{"@type":"ListItem","position":1,"name":"Home","item":"https:\/\/reihey.com\/"},{"@type":"ListItem","position":2,"name":"Shop","item":"https:\/\/reihey.com\/shop\/"},{"@type":"ListItem","position":3,"name":"15\/20\/30\/50\/60g thick wall frosted glass cream jars with dome top"}]},{"@type":"WebSite","@id":"https:\/\/reihey.com\/#website","url":"https:\/\/reihey.com\/","name":"Reihey Glas","description":"","publisher":{"@id":"https:\/\/reihey.com\/#organization"},"potentialAction":[{"@type":"SearchAction","target":{"@type":"EntryPoint","urlTemplate":"https:\/\/reihey.com\/?s={search_term_string}"},"query-input":{"@type":"PropertyValueSpecification","valueRequired":true,"valueName":"search_term_string"}}],"inLanguage":"de"},{"@type":"Organization","@id":"https:\/\/reihey.com\/#organization","name":"Reihey Glas","url":"https:\/\/reihey.com\/","logo":{"@type":"ImageObject","inLanguage":"de","@id":"https:\/\/reihey.com\/#\/schema\/logo\/image\/","url":"https:\/\/reihey.com\/wp-content\/uploads\/2023\/07\/Reihey-logo-2026.svg","contentUrl":"https:\/\/reihey.com\/wp-content\/uploads\/2023\/07\/Reihey-logo-2026.svg","width":1984,"height":566,"caption":"Reihey Glass"},"image":{"@id":"https:\/\/reihey.com\/#\/schema\/logo\/image\/"}}]}},"_links":{"self":[{"href":"https:\/\/reihey.com\/de\/wp-json\/wp\/v2\/product\/9230","targetHints":{"allow":["GET"]}}],"collection":[{"href":"https:\/\/reihey.com\/de\/wp-json\/wp\/v2\/product"}],"about":[{"href":"https:\/\/reihey.com\/de\/wp-json\/wp\/v2\/types\/product"}],"replies":[{"embeddable":true,"href":"https:\/\/reihey.com\/de\/wp-json\/wp\/v2\/comments?post=9230"}],"version-history":[{"count":5,"href":"https:\/\/reihey.com\/de\/wp-json\/wp\/v2\/product\/9230\/revisions"}],"predecessor-version":[{"id":998032,"href":"https:\/\/reihey.com\/de\/wp-json\/wp\/v2\/product\/9230\/revisions\/998032"}],"wp:featuredmedia":[{"embeddable":true,"href":"https:\/\/reihey.com\/de\/wp-json\/wp\/v2\/media\/991892"}],"wp:attachment":[{"href":"https:\/\/reihey.com\/de\/wp-json\/wp\/v2\/media?parent=9230"}],"wp:term":[{"taxonomy":"product_brand","embeddable":true,"href":"https:\/\/reihey.com\/de\/wp-json\/wp\/v2\/product_brand?post=9230"},{"taxonomy":"product_cat","embeddable":true,"href":"https:\/\/reihey.com\/de\/wp-json\/wp\/v2\/product_cat?post=9230"},{"taxonomy":"product_tag","embeddable":true,"href":"https:\/\/reihey.com\/de\/wp-json\/wp\/v2\/product_tag?post=9230"}],"curies":[{"name":"wp","href":"https:\/\/api.w.org\/{rel}","templated":true}]}}