{"id":9044,"date":"2025-08-27T10:51:50","date_gmt":"2025-08-27T10:51:50","guid":{"rendered":"https:\/\/slot71.silverline.dev\/?post_type=product&#038;p=9044"},"modified":"2025-10-28T13:10:15","modified_gmt":"2025-10-28T13:10:15","slug":"18oz-craft-beer-glasses-2","status":"publish","type":"product","link":"https:\/\/reihey.com\/de\/product\/18oz-craft-beer-glasses-2\/","title":{"rendered":"18oz Craft Beer Gl\u00e4ser"},"content":{"rendered":"","protected":false},"excerpt":{"rendered":"<p><!-- Desktop Table --><\/p>\n<table class=\"desk-tab\">\n<tbody>\n<tr>\n<th>Name<\/th>\n<th>Material<\/th>\n<th>Kapazit\u00e4t<\/th>\n<th>Farbe<\/th>\n<th>Gr\u00f6\u00dfe<\/th>\n<th>Verwendung<\/th>\n<th>Verpackung<\/th>\n<\/tr>\n<tr>\n<td>Biergl\u00e4ser<\/td>\n<td>Glas<\/td>\n<td>18oz<\/td>\n<td>Transparent<\/td>\n<td>139*65mm<\/td>\n<td>Bier<\/td>\n<td>1. Standard-Exportkarton \u2013 X St\u00fcck\/Box, Y Box\/Karton.<\/td>\n<\/tr>\n<tr>\n<td><\/td>\n<td><\/td>\n<td><\/td>\n<td><\/td>\n<td><\/td>\n<td><\/td>\n<td>2. Individuelle Verpackung: wei\u00dfer Karton mit Ihrem LOGO. Farbige Geschenkbox mit Ihrem Logo<\/td>\n<\/tr>\n<\/tbody>\n<\/table>\n<p><!-- Mobile Table --><\/p>\n<table class=\"mob-tab\">\n<tbody>\n<tr>\n<th>Name<\/th>\n<td>Biergl\u00e4ser<\/td>\n<\/tr>\n<tr>\n<th>Material<\/th>\n<td>Glas<\/td>\n<\/tr>\n<tr>\n<th>Kapazit\u00e4t<\/th>\n<td>18oz<\/td>\n<\/tr>\n<tr>\n<th>Farbe<\/th>\n<td>Transparent<\/td>\n<\/tr>\n<tr>\n<th>Gr\u00f6\u00dfe<\/th>\n<td>139*65mm<\/td>\n<\/tr>\n<tr>\n<th>Verwendung<\/th>\n<td>Bier<\/td>\n<\/tr>\n<tr>\n<th>Verpackung<\/th>\n<td>\n        1. Standard-Exportkarton \u2013 X St\u00fcck\/Box, Y Box\/Karton.<br \/>\n        2. Individuelle Verpackung: wei\u00dfer Karton mit Ihrem LOGO. Farbige Geschenkbox mit Ihrem Logo\n      <\/td>\n<\/tr>\n<\/tbody>\n<\/table>\n<p>Bierglas \u2013 Eine moderne Variante des traditionellen deutschen Steins, die Ihrem Biererlebnis Raffinesse und schicke Optik verleiht; auch geeignet f\u00fcr Kaffee, Tee und andere Getr\u00e4nke.<\/p>\n<p>Formelle und legere Nutzung \u2013 Unser Bierstein ist perfekt f\u00fcr alle Anl\u00e4sse geeignet; egal ob bei einer ungezwungenen Grillparty zum Anschauen des Sonntags-Fu\u00dfballspiels oder f\u00fcr schickere Dinnerparty-Feierlichkeiten, diese Gl\u00e4ser passen zu jedem Event.<\/p>","protected":false},"featured_media":991780,"comment_status":"closed","ping_status":"closed","template":"","meta":{"_acf_changed":false},"product_brand":[],"product_cat":[643,637],"product_tag":[],"class_list":{"0":"post-9044","1":"product","2":"type-product","3":"status-publish","4":"has-post-thumbnail","6":"product_cat-glass-beer-cup-manufacturer","7":"product_cat-drinking-glasses","9":"first","10":"instock","11":"shipping-taxable","12":"product-type-simple"},"acf":[],"yoast_head":"<!-- This site is optimized with the Yoast SEO plugin v26.7 - https:\/\/yoast.com\/wordpress\/plugins\/seo\/ -->\n<title>18oz Craft Beer Glasses - Reihey Glass<\/title>\n<meta name=\"robots\" content=\"index, follow, max-snippet:-1, max-image-preview:large, max-video-preview:-1\" \/>\n<link rel=\"canonical\" href=\"https:\/\/reihey.com\/de\/product\/18oz-craft-beer-glasses-2\/\" \/>\n<meta property=\"og:locale\" content=\"de_DE\" \/>\n<meta property=\"og:type\" content=\"article\" \/>\n<meta property=\"og:title\" content=\"18oz Craft Beer Glasses - Reihey Glass\" \/>\n<meta property=\"og:description\" content=\"Name    Material    Capacity    Color    Size    Usage    Packing          Beer Glasses    Glass    18oz    Transparent    139*65mm    Beer    1. Standard export carton--Xpcs\/box, Ybox\/carton.                                  2. Custom pack: white box with your LOGO. Color gift box with your logo                  Name    Beer Glasses          Material    Glass          Capacity    18oz          Color    Transparent          Size    139*65mm          Usage    Beer          Packing         1. Standard export carton--Xpcs\/box, Ybox\/carton.     2. Custom pack: white box with your LOGO. Color gift box with your logo             Beer Glass - A modern twist on the traditional German-style stein that\u2019ll add sophistication and dapper style to your beer-drinking experience; also suitable for coffee, tea, and other drinks.  Formal and Casual Use - Our beer stein is perfect for use during all occasions; whether it\u2019s at a casual cookout to watch the Sunday football game or for fancier dinner party celebrations, these mugs mesh well at any event.\" \/>\n<meta property=\"og:url\" content=\"https:\/\/reihey.com\/de\/product\/18oz-craft-beer-glasses-2\/\" \/>\n<meta property=\"og:site_name\" content=\"Reihey Glass\" \/>\n<meta property=\"article:modified_time\" content=\"2025-10-28T13:10:15+00:00\" \/>\n<meta property=\"og:image\" content=\"https:\/\/reihey.com\/wp-content\/uploads\/2025\/08\/1-15.jpg\" \/>\n\t<meta property=\"og:image:width\" content=\"800\" \/>\n\t<meta property=\"og:image:height\" content=\"800\" \/>\n\t<meta property=\"og:image:type\" content=\"image\/jpeg\" \/>\n<meta name=\"twitter:card\" content=\"summary_large_image\" \/>\n<meta name=\"twitter:label1\" content=\"Est. reading time\" \/>\n\t<meta name=\"twitter:data1\" content=\"1\u00a0Minute\" \/>\n<script type=\"application\/ld+json\" class=\"yoast-schema-graph\">{\"@context\":\"https:\/\/schema.org\",\"@graph\":[{\"@type\":\"WebPage\",\"@id\":\"https:\/\/reihey.com\/product\/18oz-craft-beer-glasses-2\/\",\"url\":\"https:\/\/reihey.com\/product\/18oz-craft-beer-glasses-2\/\",\"name\":\"18oz Craft Beer Glasses - Reihey Glass\",\"isPartOf\":{\"@id\":\"https:\/\/reihey.com\/#website\"},\"primaryImageOfPage\":{\"@id\":\"https:\/\/reihey.com\/product\/18oz-craft-beer-glasses-2\/#primaryimage\"},\"image\":{\"@id\":\"https:\/\/reihey.com\/product\/18oz-craft-beer-glasses-2\/#primaryimage\"},\"thumbnailUrl\":\"https:\/\/reihey.com\/wp-content\/uploads\/2025\/08\/1-15.jpg\",\"datePublished\":\"2025-08-27T10:51:50+00:00\",\"dateModified\":\"2025-10-28T13:10:15+00:00\",\"breadcrumb\":{\"@id\":\"https:\/\/reihey.com\/product\/18oz-craft-beer-glasses-2\/#breadcrumb\"},\"inLanguage\":\"de\",\"potentialAction\":[{\"@type\":\"ReadAction\",\"target\":[\"https:\/\/reihey.com\/product\/18oz-craft-beer-glasses-2\/\"]}]},{\"@type\":\"ImageObject\",\"inLanguage\":\"de\",\"@id\":\"https:\/\/reihey.com\/product\/18oz-craft-beer-glasses-2\/#primaryimage\",\"url\":\"https:\/\/reihey.com\/wp-content\/uploads\/2025\/08\/1-15.jpg\",\"contentUrl\":\"https:\/\/reihey.com\/wp-content\/uploads\/2025\/08\/1-15.jpg\",\"width\":800,\"height\":800},{\"@type\":\"BreadcrumbList\",\"@id\":\"https:\/\/reihey.com\/product\/18oz-craft-beer-glasses-2\/#breadcrumb\",\"itemListElement\":[{\"@type\":\"ListItem\",\"position\":1,\"name\":\"Home\",\"item\":\"https:\/\/reihey.com\/\"},{\"@type\":\"ListItem\",\"position\":2,\"name\":\"Shop\",\"item\":\"https:\/\/reihey.com\/shop\/\"},{\"@type\":\"ListItem\",\"position\":3,\"name\":\"18oz Craft Beer Glasses\"}]},{\"@type\":\"WebSite\",\"@id\":\"https:\/\/reihey.com\/#website\",\"url\":\"https:\/\/reihey.com\/\",\"name\":\"Reihey Glass\",\"description\":\"\",\"publisher\":{\"@id\":\"https:\/\/reihey.com\/#organization\"},\"potentialAction\":[{\"@type\":\"SearchAction\",\"target\":{\"@type\":\"EntryPoint\",\"urlTemplate\":\"https:\/\/reihey.com\/?s={search_term_string}\"},\"query-input\":{\"@type\":\"PropertyValueSpecification\",\"valueRequired\":true,\"valueName\":\"search_term_string\"}}],\"inLanguage\":\"de\"},{\"@type\":\"Organization\",\"@id\":\"https:\/\/reihey.com\/#organization\",\"name\":\"Reihey Glass\",\"url\":\"https:\/\/reihey.com\/\",\"logo\":{\"@type\":\"ImageObject\",\"inLanguage\":\"de\",\"@id\":\"https:\/\/reihey.com\/#\/schema\/logo\/image\/\",\"url\":\"https:\/\/reihey.com\/wp-content\/uploads\/2023\/07\/Reihey-logo-2026.svg\",\"contentUrl\":\"https:\/\/reihey.com\/wp-content\/uploads\/2023\/07\/Reihey-logo-2026.svg\",\"width\":1984,\"height\":566,\"caption\":\"Reihey Glass\"},\"image\":{\"@id\":\"https:\/\/reihey.com\/#\/schema\/logo\/image\/\"}}]}<\/script>\n<!-- \/ Yoast SEO plugin. -->","yoast_head_json":{"title":"18oz Craft Beer Gl\u00e4ser - Reihey Glass","robots":{"index":"index","follow":"follow","max-snippet":"max-snippet:-1","max-image-preview":"max-image-preview:large","max-video-preview":"max-video-preview:-1"},"canonical":"https:\/\/reihey.com\/de\/product\/18oz-craft-beer-glasses-2\/","og_locale":"de_DE","og_type":"article","og_title":"18oz Craft Beer Glasses - Reihey Glass","og_description":"Name    Material    Capacity    Color    Size    Usage    Packing          Beer Glasses    Glass    18oz    Transparent    139*65mm    Beer    1. Standard export carton--Xpcs\/box, Ybox\/carton.                                  2. Custom pack: white box with your LOGO. Color gift box with your logo                  Name    Beer Glasses          Material    Glass          Capacity    18oz          Color    Transparent          Size    139*65mm          Usage    Beer          Packing         1. Standard export carton--Xpcs\/box, Ybox\/carton.     2. Custom pack: white box with your LOGO. Color gift box with your logo             Beer Glass - A modern twist on the traditional German-style stein that\u2019ll add sophistication and dapper style to your beer-drinking experience; also suitable for coffee, tea, and other drinks.  Formal and Casual Use - Our beer stein is perfect for use during all occasions; whether it\u2019s at a casual cookout to watch the Sunday football game or for fancier dinner party celebrations, these mugs mesh well at any event.","og_url":"https:\/\/reihey.com\/de\/product\/18oz-craft-beer-glasses-2\/","og_site_name":"Reihey Glass","article_modified_time":"2025-10-28T13:10:15+00:00","og_image":[{"width":800,"height":800,"url":"https:\/\/reihey.com\/wp-content\/uploads\/2025\/08\/1-15.jpg","type":"image\/jpeg"}],"twitter_card":"summary_large_image","twitter_misc":{"Est. reading time":"1\u00a0Minute"},"schema":{"@context":"https:\/\/schema.org","@graph":[{"@type":"WebPage","@id":"https:\/\/reihey.com\/product\/18oz-craft-beer-glasses-2\/","url":"https:\/\/reihey.com\/product\/18oz-craft-beer-glasses-2\/","name":"18oz Craft Beer Gl\u00e4ser - Reihey Glass","isPartOf":{"@id":"https:\/\/reihey.com\/#website"},"primaryImageOfPage":{"@id":"https:\/\/reihey.com\/product\/18oz-craft-beer-glasses-2\/#primaryimage"},"image":{"@id":"https:\/\/reihey.com\/product\/18oz-craft-beer-glasses-2\/#primaryimage"},"thumbnailUrl":"https:\/\/reihey.com\/wp-content\/uploads\/2025\/08\/1-15.jpg","datePublished":"2025-08-27T10:51:50+00:00","dateModified":"2025-10-28T13:10:15+00:00","breadcrumb":{"@id":"https:\/\/reihey.com\/product\/18oz-craft-beer-glasses-2\/#breadcrumb"},"inLanguage":"de","potentialAction":[{"@type":"ReadAction","target":["https:\/\/reihey.com\/product\/18oz-craft-beer-glasses-2\/"]}]},{"@type":"ImageObject","inLanguage":"de","@id":"https:\/\/reihey.com\/product\/18oz-craft-beer-glasses-2\/#primaryimage","url":"https:\/\/reihey.com\/wp-content\/uploads\/2025\/08\/1-15.jpg","contentUrl":"https:\/\/reihey.com\/wp-content\/uploads\/2025\/08\/1-15.jpg","width":800,"height":800},{"@type":"BreadcrumbList","@id":"https:\/\/reihey.com\/product\/18oz-craft-beer-glasses-2\/#breadcrumb","itemListElement":[{"@type":"ListItem","position":1,"name":"Home","item":"https:\/\/reihey.com\/"},{"@type":"ListItem","position":2,"name":"Shop","item":"https:\/\/reihey.com\/shop\/"},{"@type":"ListItem","position":3,"name":"18oz Craft Beer Glasses"}]},{"@type":"WebSite","@id":"https:\/\/reihey.com\/#website","url":"https:\/\/reihey.com\/","name":"Reihey Glas","description":"","publisher":{"@id":"https:\/\/reihey.com\/#organization"},"potentialAction":[{"@type":"SearchAction","target":{"@type":"EntryPoint","urlTemplate":"https:\/\/reihey.com\/?s={search_term_string}"},"query-input":{"@type":"PropertyValueSpecification","valueRequired":true,"valueName":"search_term_string"}}],"inLanguage":"de"},{"@type":"Organization","@id":"https:\/\/reihey.com\/#organization","name":"Reihey Glas","url":"https:\/\/reihey.com\/","logo":{"@type":"ImageObject","inLanguage":"de","@id":"https:\/\/reihey.com\/#\/schema\/logo\/image\/","url":"https:\/\/reihey.com\/wp-content\/uploads\/2023\/07\/Reihey-logo-2026.svg","contentUrl":"https:\/\/reihey.com\/wp-content\/uploads\/2023\/07\/Reihey-logo-2026.svg","width":1984,"height":566,"caption":"Reihey Glass"},"image":{"@id":"https:\/\/reihey.com\/#\/schema\/logo\/image\/"}}]}},"_links":{"self":[{"href":"https:\/\/reihey.com\/de\/wp-json\/wp\/v2\/product\/9044","targetHints":{"allow":["GET"]}}],"collection":[{"href":"https:\/\/reihey.com\/de\/wp-json\/wp\/v2\/product"}],"about":[{"href":"https:\/\/reihey.com\/de\/wp-json\/wp\/v2\/types\/product"}],"replies":[{"embeddable":true,"href":"https:\/\/reihey.com\/de\/wp-json\/wp\/v2\/comments?post=9044"}],"version-history":[{"count":7,"href":"https:\/\/reihey.com\/de\/wp-json\/wp\/v2\/product\/9044\/revisions"}],"predecessor-version":[{"id":998069,"href":"https:\/\/reihey.com\/de\/wp-json\/wp\/v2\/product\/9044\/revisions\/998069"}],"wp:featuredmedia":[{"embeddable":true,"href":"https:\/\/reihey.com\/de\/wp-json\/wp\/v2\/media\/991780"}],"wp:attachment":[{"href":"https:\/\/reihey.com\/de\/wp-json\/wp\/v2\/media?parent=9044"}],"wp:term":[{"taxonomy":"product_brand","embeddable":true,"href":"https:\/\/reihey.com\/de\/wp-json\/wp\/v2\/product_brand?post=9044"},{"taxonomy":"product_cat","embeddable":true,"href":"https:\/\/reihey.com\/de\/wp-json\/wp\/v2\/product_cat?post=9044"},{"taxonomy":"product_tag","embeddable":true,"href":"https:\/\/reihey.com\/de\/wp-json\/wp\/v2\/product_tag?post=9044"}],"curies":[{"name":"wp","href":"https:\/\/api.w.org\/{rel}","templated":true}]}}