{"id":8991,"date":"2025-08-27T10:51:16","date_gmt":"2025-08-27T10:51:16","guid":{"rendered":"https:\/\/slot71.silverline.dev\/?post_type=product&#038;p=8991"},"modified":"2025-10-28T13:10:07","modified_gmt":"2025-10-28T13:10:07","slug":"clear-cube-shape-glass-candle-jar","status":"publish","type":"product","link":"https:\/\/reihey.com\/de\/product\/clear-cube-shape-glass-candle-jar\/","title":{"rendered":"Reinw\u00fcrfelf\u00f6rmiges Glas-Kerzengef\u00e4\u00df"},"content":{"rendered":"","protected":false},"excerpt":{"rendered":"<table class=\"desk-tab\">\n<tbody>\n<tr>\n<th>Material<\/th>\n<th>Gr\u00f6\u00dfe<\/th>\n<th>Farbe<\/th>\n<th>Verwendung<\/th>\n<\/tr>\n<tr>\n<td>Glas<\/td>\n<td>5,5\u00d75,5 cm<\/td>\n<td>Klar<\/td>\n<td>Wohnkultur<\/td>\n<\/tr>\n<tr>\n<td><\/td>\n<td>6\u00d76 cm<\/td>\n<td><\/td>\n<td><\/td>\n<\/tr>\n<tr>\n<td><\/td>\n<td>8\u00d78 cm<\/td>\n<td><\/td>\n<td><\/td>\n<\/tr>\n<tr>\n<td><\/td>\n<td>10*10cm<\/td>\n<td><\/td>\n<td><\/td>\n<\/tr>\n<tr>\n<td><\/td>\n<td>12\u00d712 cm<\/td>\n<td><\/td>\n<td><\/td>\n<\/tr>\n<tr>\n<td><\/td>\n<td>15\u00d715 cm<\/td>\n<td><\/td>\n<td><\/td>\n<\/tr>\n<\/tbody>\n<\/table>\n<table class=\"mob-tab\">\n<tbody>\n<tr>\n<th>Material<\/th>\n<td>Glas<\/td>\n<\/tr>\n<tr>\n<th>Gr\u00f6\u00dfe<\/th>\n<td>5,5\u00d75,5 cm<br \/>\n6\u00d76 cm<br \/>\n8\u00d78 cm<br \/>\n10*10cm<br \/>\n12\u00d712 cm<br \/>\n15\u00d715 cm<\/td>\n<\/tr>\n<tr>\n<th>Farbe<\/th>\n<td>Klar<\/td>\n<\/tr>\n<tr>\n<th>Verwendung<\/th>\n<td>Wohnkultur<\/td>\n<\/tr>\n<\/tbody>\n<\/table>\n<p>Perfekt als Hochzeitsmittelst\u00fccke, Blumenarrangement, Wohndekor; Vielseitig einsetzbar als Terrarium, Teelichtglashalter, schwimmendes Kerzenhalter und Blumenvase.<\/p>","protected":false},"featured_media":991746,"comment_status":"closed","ping_status":"closed","template":"","meta":{"_acf_changed":false},"product_brand":[],"product_cat":[628,591],"product_tag":[],"class_list":{"0":"post-8991","1":"product","2":"type-product","3":"status-publish","4":"has-post-thumbnail","6":"product_cat-wholesale-glass-candle-jar","7":"product_cat-glass-jar-manfacturer","9":"first","10":"instock","11":"shipping-taxable","12":"product-type-simple"},"acf":[],"yoast_head":"<!-- This site is optimized with the Yoast SEO plugin v26.7 - https:\/\/yoast.com\/wordpress\/plugins\/seo\/ -->\n<title>Clear Cube Shape Glass Candle Jar - Reihey Glass<\/title>\n<meta name=\"robots\" content=\"index, follow, max-snippet:-1, max-image-preview:large, max-video-preview:-1\" \/>\n<link rel=\"canonical\" href=\"https:\/\/reihey.com\/de\/product\/clear-cube-shape-glass-candle-jar\/\" \/>\n<meta property=\"og:locale\" content=\"de_DE\" \/>\n<meta property=\"og:type\" content=\"article\" \/>\n<meta property=\"og:title\" content=\"Clear Cube Shape Glass Candle Jar - Reihey Glass\" \/>\n<meta property=\"og:description\" content=\"Material Size Color Usage   Glass 5.5*5.5cm Clear Home Decoration    6*6cm      8*8cm      10*10cm      12*12cm      15*15cm         Material Glass   Size 5.5*5.5cm 6*6cm 8*8cm 10*10cm 12*12cm 15*15cm   Color Clear   Usage Home Decoration    Perfect as Wedding Centerpieces, Floral Arrangement, Home D\u00e9cor; Versatile Use as Terrarium, Votive Candle Holder, Floating Candle Holder and Flower Vase.\" \/>\n<meta property=\"og:url\" content=\"https:\/\/reihey.com\/de\/product\/clear-cube-shape-glass-candle-jar\/\" \/>\n<meta property=\"og:site_name\" content=\"Reihey Glass\" \/>\n<meta property=\"article:modified_time\" content=\"2025-10-28T13:10:07+00:00\" \/>\n<meta property=\"og:image\" content=\"https:\/\/reihey.com\/wp-content\/uploads\/2025\/08\/AgAABhGzgjSaWImSDf5PvI53h1Bzquom_\u526f\u672c.jpg\" \/>\n\t<meta property=\"og:image:width\" content=\"800\" \/>\n\t<meta property=\"og:image:height\" content=\"800\" \/>\n\t<meta property=\"og:image:type\" content=\"image\/jpeg\" \/>\n<meta name=\"twitter:card\" content=\"summary_large_image\" \/>\n<meta name=\"twitter:label1\" content=\"Est. reading time\" \/>\n\t<meta name=\"twitter:data1\" content=\"1\u00a0Minute\" \/>\n<script type=\"application\/ld+json\" class=\"yoast-schema-graph\">{\"@context\":\"https:\/\/schema.org\",\"@graph\":[{\"@type\":\"WebPage\",\"@id\":\"https:\/\/reihey.com\/product\/clear-cube-shape-glass-candle-jar\/\",\"url\":\"https:\/\/reihey.com\/product\/clear-cube-shape-glass-candle-jar\/\",\"name\":\"Clear Cube Shape Glass Candle Jar - Reihey Glass\",\"isPartOf\":{\"@id\":\"https:\/\/reihey.com\/#website\"},\"primaryImageOfPage\":{\"@id\":\"https:\/\/reihey.com\/product\/clear-cube-shape-glass-candle-jar\/#primaryimage\"},\"image\":{\"@id\":\"https:\/\/reihey.com\/product\/clear-cube-shape-glass-candle-jar\/#primaryimage\"},\"thumbnailUrl\":\"https:\/\/reihey.com\/wp-content\/uploads\/2025\/08\/AgAABhGzgjSaWImSDf5PvI53h1Bzquom_\u526f\u672c.jpg\",\"datePublished\":\"2025-08-27T10:51:16+00:00\",\"dateModified\":\"2025-10-28T13:10:07+00:00\",\"breadcrumb\":{\"@id\":\"https:\/\/reihey.com\/product\/clear-cube-shape-glass-candle-jar\/#breadcrumb\"},\"inLanguage\":\"de\",\"potentialAction\":[{\"@type\":\"ReadAction\",\"target\":[\"https:\/\/reihey.com\/product\/clear-cube-shape-glass-candle-jar\/\"]}]},{\"@type\":\"ImageObject\",\"inLanguage\":\"de\",\"@id\":\"https:\/\/reihey.com\/product\/clear-cube-shape-glass-candle-jar\/#primaryimage\",\"url\":\"https:\/\/reihey.com\/wp-content\/uploads\/2025\/08\/AgAABhGzgjSaWImSDf5PvI53h1Bzquom_\u526f\u672c.jpg\",\"contentUrl\":\"https:\/\/reihey.com\/wp-content\/uploads\/2025\/08\/AgAABhGzgjSaWImSDf5PvI53h1Bzquom_\u526f\u672c.jpg\",\"width\":800,\"height\":800},{\"@type\":\"BreadcrumbList\",\"@id\":\"https:\/\/reihey.com\/product\/clear-cube-shape-glass-candle-jar\/#breadcrumb\",\"itemListElement\":[{\"@type\":\"ListItem\",\"position\":1,\"name\":\"Home\",\"item\":\"https:\/\/reihey.com\/\"},{\"@type\":\"ListItem\",\"position\":2,\"name\":\"Shop\",\"item\":\"https:\/\/reihey.com\/shop\/\"},{\"@type\":\"ListItem\",\"position\":3,\"name\":\"Clear Cube Shape Glass Candle Jar\"}]},{\"@type\":\"WebSite\",\"@id\":\"https:\/\/reihey.com\/#website\",\"url\":\"https:\/\/reihey.com\/\",\"name\":\"Reihey Glass\",\"description\":\"\",\"publisher\":{\"@id\":\"https:\/\/reihey.com\/#organization\"},\"potentialAction\":[{\"@type\":\"SearchAction\",\"target\":{\"@type\":\"EntryPoint\",\"urlTemplate\":\"https:\/\/reihey.com\/?s={search_term_string}\"},\"query-input\":{\"@type\":\"PropertyValueSpecification\",\"valueRequired\":true,\"valueName\":\"search_term_string\"}}],\"inLanguage\":\"de\"},{\"@type\":\"Organization\",\"@id\":\"https:\/\/reihey.com\/#organization\",\"name\":\"Reihey Glass\",\"url\":\"https:\/\/reihey.com\/\",\"logo\":{\"@type\":\"ImageObject\",\"inLanguage\":\"de\",\"@id\":\"https:\/\/reihey.com\/#\/schema\/logo\/image\/\",\"url\":\"https:\/\/reihey.com\/wp-content\/uploads\/2023\/07\/Reihey-logo-2026.svg\",\"contentUrl\":\"https:\/\/reihey.com\/wp-content\/uploads\/2023\/07\/Reihey-logo-2026.svg\",\"width\":1984,\"height\":566,\"caption\":\"Reihey Glass\"},\"image\":{\"@id\":\"https:\/\/reihey.com\/#\/schema\/logo\/image\/\"}}]}<\/script>\n<!-- \/ Yoast SEO plugin. -->","yoast_head_json":{"title":"Transparente W\u00fcrfelf\u00f6rmige Glaskerzenvase - Reihey Glass","robots":{"index":"index","follow":"follow","max-snippet":"max-snippet:-1","max-image-preview":"max-image-preview:large","max-video-preview":"max-video-preview:-1"},"canonical":"https:\/\/reihey.com\/de\/product\/clear-cube-shape-glass-candle-jar\/","og_locale":"de_DE","og_type":"article","og_title":"Clear Cube Shape Glass Candle Jar - Reihey Glass","og_description":"Material Size Color Usage   Glass 5.5*5.5cm Clear Home Decoration    6*6cm      8*8cm      10*10cm      12*12cm      15*15cm         Material Glass   Size 5.5*5.5cm 6*6cm 8*8cm 10*10cm 12*12cm 15*15cm   Color Clear   Usage Home Decoration    Perfect as Wedding Centerpieces, Floral Arrangement, Home D\u00e9cor; Versatile Use as Terrarium, Votive Candle Holder, Floating Candle Holder and Flower Vase.","og_url":"https:\/\/reihey.com\/de\/product\/clear-cube-shape-glass-candle-jar\/","og_site_name":"Reihey Glass","article_modified_time":"2025-10-28T13:10:07+00:00","og_image":[{"width":800,"height":800,"url":"https:\/\/reihey.com\/wp-content\/uploads\/2025\/08\/AgAABhGzgjSaWImSDf5PvI53h1Bzquom_\u526f\u672c.jpg","type":"image\/jpeg"}],"twitter_card":"summary_large_image","twitter_misc":{"Est. reading time":"1\u00a0Minute"},"schema":{"@context":"https:\/\/schema.org","@graph":[{"@type":"WebPage","@id":"https:\/\/reihey.com\/product\/clear-cube-shape-glass-candle-jar\/","url":"https:\/\/reihey.com\/product\/clear-cube-shape-glass-candle-jar\/","name":"Transparente W\u00fcrfelf\u00f6rmige Glaskerzenvase - Reihey Glass","isPartOf":{"@id":"https:\/\/reihey.com\/#website"},"primaryImageOfPage":{"@id":"https:\/\/reihey.com\/product\/clear-cube-shape-glass-candle-jar\/#primaryimage"},"image":{"@id":"https:\/\/reihey.com\/product\/clear-cube-shape-glass-candle-jar\/#primaryimage"},"thumbnailUrl":"https:\/\/reihey.com\/wp-content\/uploads\/2025\/08\/AgAABhGzgjSaWImSDf5PvI53h1Bzquom_\u526f\u672c.jpg","datePublished":"2025-08-27T10:51:16+00:00","dateModified":"2025-10-28T13:10:07+00:00","breadcrumb":{"@id":"https:\/\/reihey.com\/product\/clear-cube-shape-glass-candle-jar\/#breadcrumb"},"inLanguage":"de","potentialAction":[{"@type":"ReadAction","target":["https:\/\/reihey.com\/product\/clear-cube-shape-glass-candle-jar\/"]}]},{"@type":"ImageObject","inLanguage":"de","@id":"https:\/\/reihey.com\/product\/clear-cube-shape-glass-candle-jar\/#primaryimage","url":"https:\/\/reihey.com\/wp-content\/uploads\/2025\/08\/AgAABhGzgjSaWImSDf5PvI53h1Bzquom_\u526f\u672c.jpg","contentUrl":"https:\/\/reihey.com\/wp-content\/uploads\/2025\/08\/AgAABhGzgjSaWImSDf5PvI53h1Bzquom_\u526f\u672c.jpg","width":800,"height":800},{"@type":"BreadcrumbList","@id":"https:\/\/reihey.com\/product\/clear-cube-shape-glass-candle-jar\/#breadcrumb","itemListElement":[{"@type":"ListItem","position":1,"name":"Home","item":"https:\/\/reihey.com\/"},{"@type":"ListItem","position":2,"name":"Shop","item":"https:\/\/reihey.com\/shop\/"},{"@type":"ListItem","position":3,"name":"Clear Cube Shape Glass Candle Jar"}]},{"@type":"WebSite","@id":"https:\/\/reihey.com\/#website","url":"https:\/\/reihey.com\/","name":"Reihey Glas","description":"","publisher":{"@id":"https:\/\/reihey.com\/#organization"},"potentialAction":[{"@type":"SearchAction","target":{"@type":"EntryPoint","urlTemplate":"https:\/\/reihey.com\/?s={search_term_string}"},"query-input":{"@type":"PropertyValueSpecification","valueRequired":true,"valueName":"search_term_string"}}],"inLanguage":"de"},{"@type":"Organization","@id":"https:\/\/reihey.com\/#organization","name":"Reihey Glas","url":"https:\/\/reihey.com\/","logo":{"@type":"ImageObject","inLanguage":"de","@id":"https:\/\/reihey.com\/#\/schema\/logo\/image\/","url":"https:\/\/reihey.com\/wp-content\/uploads\/2023\/07\/Reihey-logo-2026.svg","contentUrl":"https:\/\/reihey.com\/wp-content\/uploads\/2023\/07\/Reihey-logo-2026.svg","width":1984,"height":566,"caption":"Reihey Glass"},"image":{"@id":"https:\/\/reihey.com\/#\/schema\/logo\/image\/"}}]}},"_links":{"self":[{"href":"https:\/\/reihey.com\/de\/wp-json\/wp\/v2\/product\/8991","targetHints":{"allow":["GET"]}}],"collection":[{"href":"https:\/\/reihey.com\/de\/wp-json\/wp\/v2\/product"}],"about":[{"href":"https:\/\/reihey.com\/de\/wp-json\/wp\/v2\/types\/product"}],"replies":[{"embeddable":true,"href":"https:\/\/reihey.com\/de\/wp-json\/wp\/v2\/comments?post=8991"}],"version-history":[{"count":4,"href":"https:\/\/reihey.com\/de\/wp-json\/wp\/v2\/product\/8991\/revisions"}],"predecessor-version":[{"id":998060,"href":"https:\/\/reihey.com\/de\/wp-json\/wp\/v2\/product\/8991\/revisions\/998060"}],"wp:featuredmedia":[{"embeddable":true,"href":"https:\/\/reihey.com\/de\/wp-json\/wp\/v2\/media\/991746"}],"wp:attachment":[{"href":"https:\/\/reihey.com\/de\/wp-json\/wp\/v2\/media?parent=8991"}],"wp:term":[{"taxonomy":"product_brand","embeddable":true,"href":"https:\/\/reihey.com\/de\/wp-json\/wp\/v2\/product_brand?post=8991"},{"taxonomy":"product_cat","embeddable":true,"href":"https:\/\/reihey.com\/de\/wp-json\/wp\/v2\/product_cat?post=8991"},{"taxonomy":"product_tag","embeddable":true,"href":"https:\/\/reihey.com\/de\/wp-json\/wp\/v2\/product_tag?post=8991"}],"curies":[{"name":"wp","href":"https:\/\/api.w.org\/{rel}","templated":true}]}}