{"id":859,"date":"2025-08-27T10:40:26","date_gmt":"2025-08-27T10:40:26","guid":{"rendered":"https:\/\/slot71.silverline.dev\/?post_type=product&#038;p=859"},"modified":"2025-10-29T06:28:29","modified_gmt":"2025-10-29T06:28:29","slug":"reusable-borosilicate-glass-meal-prep-bento-box-airtight-food-storage-containers-with-bamboo-lids","status":"publish","type":"product","link":"https:\/\/reihey.com\/de\/product\/reusable-borosilicate-glass-meal-prep-bento-box-airtight-food-storage-containers-with-bamboo-lids\/","title":{"rendered":"Wiederverwendbare Borosilikatglas Meal Prep Bento Box luftdichte Lebensmittelaufbewahrungsbeh\u00e4lter mit Bambusdeckeln"},"content":{"rendered":"","protected":false},"excerpt":{"rendered":"<table class=\"desk-tab\">\n<tbody>\n<tr>\n<th>Material<\/th>\n<th>Farbe<\/th>\n<th>Kapazit\u00e4t<\/th>\n<th>Deckel &amp; Farbe<\/th>\n<th>Verwendung<\/th>\n<th>Verpackung<\/th>\n<\/tr>\n<tr>\n<td>Borosilikatglas<\/td>\n<td>Klar<\/td>\n<td>Quadrat: 320 ml<\/td>\n<td>Bambusdeckel<\/td>\n<td>Lebensmittel<\/td>\n<td>1. Standard-Exportkarton \u2013 X St\u00fcck\/Box, Y Box\/Karton.<\/td>\n<\/tr>\n<tr>\n<td><\/td>\n<td><\/td>\n<td>Quadrat: 520 ml<\/td>\n<td><\/td>\n<td><\/td>\n<td>2. Sonderpackung: wei\u00dfe Box mit Ihrem Logo. Farbbox mit Ihrem Logo<\/td>\n<\/tr>\n<tr>\n<td><\/td>\n<td><\/td>\n<td>Quadrat: 800 ml<\/td>\n<td><\/td>\n<td><\/td>\n<td><\/td>\n<\/tr>\n<tr>\n<td><\/td>\n<td><\/td>\n<td>Quadrat: 1200 ml<\/td>\n<td><\/td>\n<td><\/td>\n<td><\/td>\n<\/tr>\n<tr>\n<td><\/td>\n<td><\/td>\n<td>Rechteck: 370 ml<\/td>\n<td><\/td>\n<td><\/td>\n<td><\/td>\n<\/tr>\n<tr>\n<td><\/td>\n<td><\/td>\n<td>Rechteck: 640 ml<\/td>\n<td><\/td>\n<td><\/td>\n<td><\/td>\n<\/tr>\n<tr>\n<td><\/td>\n<td><\/td>\n<td>Rechteck: 1040 ml<\/td>\n<td><\/td>\n<td><\/td>\n<td><\/td>\n<\/tr>\n<tr>\n<td><\/td>\n<td><\/td>\n<td>Rechteck: 1520 ml<\/td>\n<td><\/td>\n<td><\/td>\n<td><\/td>\n<\/tr>\n<tr>\n<td><\/td>\n<td><\/td>\n<td>Rund: 620 ml<\/td>\n<td><\/td>\n<td><\/td>\n<td><\/td>\n<\/tr>\n<tr>\n<td><\/td>\n<td><\/td>\n<td>Rund: 950 ml<\/td>\n<td><\/td>\n<td><\/td>\n<td><\/td>\n<\/tr>\n<tr>\n<td><\/td>\n<td><\/td>\n<td>Rund: 1300 ml<\/td>\n<td><\/td>\n<td><\/td>\n<td><\/td>\n<\/tr>\n<\/tbody>\n<\/table>\n<p><!-- Mobile Version --><\/p>\n<table class=\"mob-tab\">\n<tbody>\n<tr>\n<th>Material<\/th>\n<td>Borosilikatglas<\/td>\n<\/tr>\n<tr>\n<th>Farbe<\/th>\n<td>Klar<\/td>\n<\/tr>\n<tr>\n<th>Kapazit\u00e4t<\/th>\n<td>Quadrat: 320 ml<br \/>\nQuadrat: 520 ml<br \/>\nQuadrat: 800 ml<br \/>\nQuadrat: 1200 ml<br \/>\nRechteck: 370 ml<br \/>\nRechteck: 640 ml<br \/>\nRechteck: 1040 ml<br \/>\nRechteck: 1520 ml<br \/>\nRund: 620 ml<br \/>\nRund: 950 ml<br \/>\nRund: 1300 ml<\/td>\n<\/tr>\n<tr>\n<th>Deckel &amp; Farbe<\/th>\n<td>Bambusdeckel<\/td>\n<\/tr>\n<tr>\n<th>Verwendung<\/th>\n<td>Lebensmittel<\/td>\n<\/tr>\n<tr>\n<th>Verpackung<\/th>\n<td>1. Standard-Exportkarton \u2013 X St\u00fcck\/Box, Y Box\/Karton.<br \/>\n2. Sonderpackung: wei\u00dfe Box mit Ihrem Logo. Farbbox mit Ihrem Logo<\/td>\n<\/tr>\n<\/tbody>\n<\/table>\n<p><strong>\u00dcber diesen Artikel<\/strong><br \/>\n1.BACKOFEN\/MICROWAVE\/FREEZER\/ Geschirrsp\u00fcler-safe-von -40\u2103\/-40\u2109 im Gefrierschrank bis 400\u2103\/752\u2109 im Ofen, sicher f\u00fcr Ofen, Mikrowelle, Geschirrsp\u00fcler und Gefrierschrank. Die Deckel sind nicht ofen- oder mikrowllengeeignet, bitte entfernen Sie die Deckel vor dem Erw\u00e4rmen und Kochen von Speisen. Es ist sicher, die Deckel in der Geschirrsp\u00fclmaschine zu waschen, aber hohe Temperaturen \u00fcber l\u00e4ngere Zeit k\u00f6nnen die Silikondichtung am Rand des Deckels verformen. Bitte waschen Sie die Deckel nach M\u00f6glichkeit von Hand. 2.BPA-FREI \u2013 Die Glasaufbewahrungsbeh\u00e4lter sind BPA-frei und aus hochborosilikatglas hergestellt, f\u00fcr einfaches Erhitzen und Haltbarkeit. Nicht por\u00f6ses Glas, frei von sch\u00e4dlichen Chemikalien. (BPA-freie Deckel, speziell entwickelter snap-down, keine Leck Deckel sind vollst\u00e4ndig luft- und fl\u00fcssigkeitsdicht.)<\/p>","protected":false},"featured_media":991164,"comment_status":"closed","ping_status":"closed","template":"","meta":{"_acf_changed":false},"product_brand":[],"product_cat":[601,605],"product_tag":[],"class_list":{"0":"post-859","1":"product","2":"type-product","3":"status-publish","4":"has-post-thumbnail","6":"product_cat-food-beverage","7":"product_cat-glass-food-container","9":"first","10":"instock","11":"shipping-taxable","12":"product-type-simple"},"acf":[],"yoast_head":"<!-- This site is optimized with the Yoast SEO plugin v26.7 - https:\/\/yoast.com\/wordpress\/plugins\/seo\/ -->\n<title>Reusable Borosilicate Glass Meal Prep Bento Box Airtight Food Storage Containers With Bamboo Lids - Reihey Glass<\/title>\n<meta name=\"robots\" content=\"index, follow, max-snippet:-1, max-image-preview:large, max-video-preview:-1\" \/>\n<link rel=\"canonical\" href=\"https:\/\/reihey.com\/de\/product\/reusable-borosilicate-glass-meal-prep-bento-box-airtight-food-storage-containers-with-bamboo-lids\/\" \/>\n<meta property=\"og:locale\" content=\"de_DE\" \/>\n<meta property=\"og:type\" content=\"article\" \/>\n<meta property=\"og:title\" content=\"Reusable Borosilicate Glass Meal Prep Bento Box Airtight Food Storage Containers With Bamboo Lids - Reihey Glass\" \/>\n<meta property=\"og:description\" content=\"Material Color Capacity Cap &amp; Color Usage Packing   Borosilicate Glass Clear Square: 320ml Bamboo Cover Food 1. Standard export carton--Xpcs\/box, Ybox\/carton.     Square: 520ml   2. Curtom pack: white box with your logo.Color gift box with your logo     Square: 800ml        Square: 1200ml        Rectangle: 370ml        Rectangle: 640ml        Rectangle: 1040ml        Rectangle: 1520ml        Round: 620ml        Round: 950ml        Round: 1300ml           Material Borosilicate Glass   Color Clear   Capacity Square: 320ml Square: 520ml Square: 800ml Square: 1200ml Rectangle: 370ml Rectangle: 640ml Rectangle: 1040ml Rectangle: 1520ml Round: 620ml Round: 950ml Round: 1300ml   Cap &amp; Color Bamboo Cover   Usage Food   Packing 1. Standard export carton--Xpcs\/box, Ybox\/carton. 2. Curtom pack: white box with your logo.Color gift box with your logo    About this item 1.OVEN\/MICROWAVE\/FREEZER\/DISHWASHER SAFE-from -40\u2103\/-40\u2109 in freezer to 400\u2103\/752\u2109 in oven, safe for oven, microwave, dishwasher and freezer .The lids are not oven or microwave safe,please remove the lids before heating and cooking food.It&#039;s safe to wash the lids in the dishwasher, but high temperatures over a long period of time can deform the silicone sealing strip at the edge of the lid. Please wash the lids by hand as much as possible. 2.BPA FREE - The Glass Storage Containers are BPA Free, and made out of high-borosilicate glass for easy heating and durability. non-porous glass, Free of Harmful Chemicals.(BPA free lids, specially designed snap down, no leak lids are completely air and liquid proof.)\" \/>\n<meta property=\"og:url\" content=\"https:\/\/reihey.com\/de\/product\/reusable-borosilicate-glass-meal-prep-bento-box-airtight-food-storage-containers-with-bamboo-lids\/\" \/>\n<meta property=\"og:site_name\" content=\"Reihey Glass\" \/>\n<meta property=\"article:modified_time\" content=\"2025-10-29T06:28:29+00:00\" \/>\n<meta property=\"og:image\" content=\"https:\/\/reihey.com\/wp-content\/uploads\/2025\/08\/Detail-07-2.jpg\" \/>\n\t<meta property=\"og:image:width\" content=\"750\" \/>\n\t<meta property=\"og:image:height\" content=\"750\" \/>\n\t<meta property=\"og:image:type\" content=\"image\/jpeg\" \/>\n<meta name=\"twitter:card\" content=\"summary_large_image\" \/>\n<meta name=\"twitter:label1\" content=\"Est. reading time\" \/>\n\t<meta name=\"twitter:data1\" content=\"1\u00a0Minute\" \/>\n<script type=\"application\/ld+json\" class=\"yoast-schema-graph\">{\"@context\":\"https:\/\/schema.org\",\"@graph\":[{\"@type\":\"WebPage\",\"@id\":\"https:\/\/reihey.com\/product\/reusable-borosilicate-glass-meal-prep-bento-box-airtight-food-storage-containers-with-bamboo-lids\/\",\"url\":\"https:\/\/reihey.com\/product\/reusable-borosilicate-glass-meal-prep-bento-box-airtight-food-storage-containers-with-bamboo-lids\/\",\"name\":\"Reusable Borosilicate Glass Meal Prep Bento Box Airtight Food Storage Containers With Bamboo Lids - Reihey Glass\",\"isPartOf\":{\"@id\":\"https:\/\/reihey.com\/#website\"},\"primaryImageOfPage\":{\"@id\":\"https:\/\/reihey.com\/product\/reusable-borosilicate-glass-meal-prep-bento-box-airtight-food-storage-containers-with-bamboo-lids\/#primaryimage\"},\"image\":{\"@id\":\"https:\/\/reihey.com\/product\/reusable-borosilicate-glass-meal-prep-bento-box-airtight-food-storage-containers-with-bamboo-lids\/#primaryimage\"},\"thumbnailUrl\":\"https:\/\/reihey.com\/wp-content\/uploads\/2025\/08\/Detail-07-2.jpg\",\"datePublished\":\"2025-08-27T10:40:26+00:00\",\"dateModified\":\"2025-10-29T06:28:29+00:00\",\"breadcrumb\":{\"@id\":\"https:\/\/reihey.com\/product\/reusable-borosilicate-glass-meal-prep-bento-box-airtight-food-storage-containers-with-bamboo-lids\/#breadcrumb\"},\"inLanguage\":\"de\",\"potentialAction\":[{\"@type\":\"ReadAction\",\"target\":[\"https:\/\/reihey.com\/product\/reusable-borosilicate-glass-meal-prep-bento-box-airtight-food-storage-containers-with-bamboo-lids\/\"]}]},{\"@type\":\"ImageObject\",\"inLanguage\":\"de\",\"@id\":\"https:\/\/reihey.com\/product\/reusable-borosilicate-glass-meal-prep-bento-box-airtight-food-storage-containers-with-bamboo-lids\/#primaryimage\",\"url\":\"https:\/\/reihey.com\/wp-content\/uploads\/2025\/08\/Detail-07-2.jpg\",\"contentUrl\":\"https:\/\/reihey.com\/wp-content\/uploads\/2025\/08\/Detail-07-2.jpg\",\"width\":750,\"height\":750},{\"@type\":\"BreadcrumbList\",\"@id\":\"https:\/\/reihey.com\/product\/reusable-borosilicate-glass-meal-prep-bento-box-airtight-food-storage-containers-with-bamboo-lids\/#breadcrumb\",\"itemListElement\":[{\"@type\":\"ListItem\",\"position\":1,\"name\":\"Home\",\"item\":\"https:\/\/reihey.com\/\"},{\"@type\":\"ListItem\",\"position\":2,\"name\":\"Shop\",\"item\":\"https:\/\/reihey.com\/shop\/\"},{\"@type\":\"ListItem\",\"position\":3,\"name\":\"Reusable Borosilicate Glass Meal Prep Bento Box Airtight Food Storage Containers With Bamboo Lids\"}]},{\"@type\":\"WebSite\",\"@id\":\"https:\/\/reihey.com\/#website\",\"url\":\"https:\/\/reihey.com\/\",\"name\":\"Reihey Glass\",\"description\":\"\",\"publisher\":{\"@id\":\"https:\/\/reihey.com\/#organization\"},\"potentialAction\":[{\"@type\":\"SearchAction\",\"target\":{\"@type\":\"EntryPoint\",\"urlTemplate\":\"https:\/\/reihey.com\/?s={search_term_string}\"},\"query-input\":{\"@type\":\"PropertyValueSpecification\",\"valueRequired\":true,\"valueName\":\"search_term_string\"}}],\"inLanguage\":\"de\"},{\"@type\":\"Organization\",\"@id\":\"https:\/\/reihey.com\/#organization\",\"name\":\"Reihey Glass\",\"url\":\"https:\/\/reihey.com\/\",\"logo\":{\"@type\":\"ImageObject\",\"inLanguage\":\"de\",\"@id\":\"https:\/\/reihey.com\/#\/schema\/logo\/image\/\",\"url\":\"https:\/\/reihey.com\/wp-content\/uploads\/2023\/07\/Reihey-logo-2026.svg\",\"contentUrl\":\"https:\/\/reihey.com\/wp-content\/uploads\/2023\/07\/Reihey-logo-2026.svg\",\"width\":1984,\"height\":566,\"caption\":\"Reihey Glass\"},\"image\":{\"@id\":\"https:\/\/reihey.com\/#\/schema\/logo\/image\/\"}}]}<\/script>\n<!-- \/ Yoast SEO plugin. -->","yoast_head_json":{"title":"Wiederverwendbare Borosilikat-Glas-Mahlzeitvorbereitungs-Bento-Box luftdichte Vorratsbeh\u00e4lter Mit Bambusdeckeln - Reihey Glass","robots":{"index":"index","follow":"follow","max-snippet":"max-snippet:-1","max-image-preview":"max-image-preview:large","max-video-preview":"max-video-preview:-1"},"canonical":"https:\/\/reihey.com\/de\/product\/reusable-borosilicate-glass-meal-prep-bento-box-airtight-food-storage-containers-with-bamboo-lids\/","og_locale":"de_DE","og_type":"article","og_title":"Reusable Borosilicate Glass Meal Prep Bento Box Airtight Food Storage Containers With Bamboo Lids - Reihey Glass","og_description":"Material Color Capacity Cap &amp; Color Usage Packing   Borosilicate Glass Clear Square: 320ml Bamboo Cover Food 1. Standard export carton--Xpcs\/box, Ybox\/carton.     Square: 520ml   2. Curtom pack: white box with your logo.Color gift box with your logo     Square: 800ml        Square: 1200ml        Rectangle: 370ml        Rectangle: 640ml        Rectangle: 1040ml        Rectangle: 1520ml        Round: 620ml        Round: 950ml        Round: 1300ml           Material Borosilicate Glass   Color Clear   Capacity Square: 320ml Square: 520ml Square: 800ml Square: 1200ml Rectangle: 370ml Rectangle: 640ml Rectangle: 1040ml Rectangle: 1520ml Round: 620ml Round: 950ml Round: 1300ml   Cap &amp; Color Bamboo Cover   Usage Food   Packing 1. Standard export carton--Xpcs\/box, Ybox\/carton. 2. Curtom pack: white box with your logo.Color gift box with your logo    About this item 1.OVEN\/MICROWAVE\/FREEZER\/DISHWASHER SAFE-from -40\u2103\/-40\u2109 in freezer to 400\u2103\/752\u2109 in oven, safe for oven, microwave, dishwasher and freezer .The lids are not oven or microwave safe,please remove the lids before heating and cooking food.It's safe to wash the lids in the dishwasher, but high temperatures over a long period of time can deform the silicone sealing strip at the edge of the lid. Please wash the lids by hand as much as possible. 2.BPA FREE - The Glass Storage Containers are BPA Free, and made out of high-borosilicate glass for easy heating and durability. non-porous glass, Free of Harmful Chemicals.(BPA free lids, specially designed snap down, no leak lids are completely air and liquid proof.)","og_url":"https:\/\/reihey.com\/de\/product\/reusable-borosilicate-glass-meal-prep-bento-box-airtight-food-storage-containers-with-bamboo-lids\/","og_site_name":"Reihey Glass","article_modified_time":"2025-10-29T06:28:29+00:00","og_image":[{"width":750,"height":750,"url":"https:\/\/reihey.com\/wp-content\/uploads\/2025\/08\/Detail-07-2.jpg","type":"image\/jpeg"}],"twitter_card":"summary_large_image","twitter_misc":{"Est. reading time":"1\u00a0Minute"},"schema":{"@context":"https:\/\/schema.org","@graph":[{"@type":"WebPage","@id":"https:\/\/reihey.com\/product\/reusable-borosilicate-glass-meal-prep-bento-box-airtight-food-storage-containers-with-bamboo-lids\/","url":"https:\/\/reihey.com\/product\/reusable-borosilicate-glass-meal-prep-bento-box-airtight-food-storage-containers-with-bamboo-lids\/","name":"Wiederverwendbare Borosilikat-Glas-Mahlzeitvorbereitungs-Bento-Box luftdichte Vorratsbeh\u00e4lter Mit Bambusdeckeln - Reihey Glass","isPartOf":{"@id":"https:\/\/reihey.com\/#website"},"primaryImageOfPage":{"@id":"https:\/\/reihey.com\/product\/reusable-borosilicate-glass-meal-prep-bento-box-airtight-food-storage-containers-with-bamboo-lids\/#primaryimage"},"image":{"@id":"https:\/\/reihey.com\/product\/reusable-borosilicate-glass-meal-prep-bento-box-airtight-food-storage-containers-with-bamboo-lids\/#primaryimage"},"thumbnailUrl":"https:\/\/reihey.com\/wp-content\/uploads\/2025\/08\/Detail-07-2.jpg","datePublished":"2025-08-27T10:40:26+00:00","dateModified":"2025-10-29T06:28:29+00:00","breadcrumb":{"@id":"https:\/\/reihey.com\/product\/reusable-borosilicate-glass-meal-prep-bento-box-airtight-food-storage-containers-with-bamboo-lids\/#breadcrumb"},"inLanguage":"de","potentialAction":[{"@type":"ReadAction","target":["https:\/\/reihey.com\/product\/reusable-borosilicate-glass-meal-prep-bento-box-airtight-food-storage-containers-with-bamboo-lids\/"]}]},{"@type":"ImageObject","inLanguage":"de","@id":"https:\/\/reihey.com\/product\/reusable-borosilicate-glass-meal-prep-bento-box-airtight-food-storage-containers-with-bamboo-lids\/#primaryimage","url":"https:\/\/reihey.com\/wp-content\/uploads\/2025\/08\/Detail-07-2.jpg","contentUrl":"https:\/\/reihey.com\/wp-content\/uploads\/2025\/08\/Detail-07-2.jpg","width":750,"height":750},{"@type":"BreadcrumbList","@id":"https:\/\/reihey.com\/product\/reusable-borosilicate-glass-meal-prep-bento-box-airtight-food-storage-containers-with-bamboo-lids\/#breadcrumb","itemListElement":[{"@type":"ListItem","position":1,"name":"Home","item":"https:\/\/reihey.com\/"},{"@type":"ListItem","position":2,"name":"Shop","item":"https:\/\/reihey.com\/shop\/"},{"@type":"ListItem","position":3,"name":"Reusable Borosilicate Glass Meal Prep Bento Box Airtight Food Storage Containers With Bamboo Lids"}]},{"@type":"WebSite","@id":"https:\/\/reihey.com\/#website","url":"https:\/\/reihey.com\/","name":"Reihey Glas","description":"","publisher":{"@id":"https:\/\/reihey.com\/#organization"},"potentialAction":[{"@type":"SearchAction","target":{"@type":"EntryPoint","urlTemplate":"https:\/\/reihey.com\/?s={search_term_string}"},"query-input":{"@type":"PropertyValueSpecification","valueRequired":true,"valueName":"search_term_string"}}],"inLanguage":"de"},{"@type":"Organization","@id":"https:\/\/reihey.com\/#organization","name":"Reihey Glas","url":"https:\/\/reihey.com\/","logo":{"@type":"ImageObject","inLanguage":"de","@id":"https:\/\/reihey.com\/#\/schema\/logo\/image\/","url":"https:\/\/reihey.com\/wp-content\/uploads\/2023\/07\/Reihey-logo-2026.svg","contentUrl":"https:\/\/reihey.com\/wp-content\/uploads\/2023\/07\/Reihey-logo-2026.svg","width":1984,"height":566,"caption":"Reihey Glass"},"image":{"@id":"https:\/\/reihey.com\/#\/schema\/logo\/image\/"}}]}},"_links":{"self":[{"href":"https:\/\/reihey.com\/de\/wp-json\/wp\/v2\/product\/859","targetHints":{"allow":["GET"]}}],"collection":[{"href":"https:\/\/reihey.com\/de\/wp-json\/wp\/v2\/product"}],"about":[{"href":"https:\/\/reihey.com\/de\/wp-json\/wp\/v2\/types\/product"}],"replies":[{"embeddable":true,"href":"https:\/\/reihey.com\/de\/wp-json\/wp\/v2\/comments?post=859"}],"version-history":[{"count":4,"href":"https:\/\/reihey.com\/de\/wp-json\/wp\/v2\/product\/859\/revisions"}],"predecessor-version":[{"id":998212,"href":"https:\/\/reihey.com\/de\/wp-json\/wp\/v2\/product\/859\/revisions\/998212"}],"wp:featuredmedia":[{"embeddable":true,"href":"https:\/\/reihey.com\/de\/wp-json\/wp\/v2\/media\/991164"}],"wp:attachment":[{"href":"https:\/\/reihey.com\/de\/wp-json\/wp\/v2\/media?parent=859"}],"wp:term":[{"taxonomy":"product_brand","embeddable":true,"href":"https:\/\/reihey.com\/de\/wp-json\/wp\/v2\/product_brand?post=859"},{"taxonomy":"product_cat","embeddable":true,"href":"https:\/\/reihey.com\/de\/wp-json\/wp\/v2\/product_cat?post=859"},{"taxonomy":"product_tag","embeddable":true,"href":"https:\/\/reihey.com\/de\/wp-json\/wp\/v2\/product_tag?post=859"}],"curies":[{"name":"wp","href":"https:\/\/api.w.org\/{rel}","templated":true}]}}