{"id":569,"date":"2025-08-27T10:39:45","date_gmt":"2025-08-27T10:39:45","guid":{"rendered":"https:\/\/slot71.silverline.dev\/?post_type=product&#038;p=569"},"modified":"2025-10-29T06:28:20","modified_gmt":"2025-10-29T06:28:20","slug":"big-hourglass-sand-timer-decorative-hour-glasses-with-different-color-sand","status":"publish","type":"product","link":"https:\/\/reihey.com\/de\/product\/big-hourglass-sand-timer-decorative-hour-glasses-with-different-color-sand\/","title":{"rendered":"Gro\u00dfe Stundenglas Sand Timer dekorative Stundengl\u00e4ser mit unterschiedlich farbigem Sand"},"content":{"rendered":"","protected":false},"excerpt":{"rendered":"<table class=\"desk-tab\">\n<tbody>\n<tr>\n<th>Material<\/th>\n<th>Kapazit\u00e4t<\/th>\n<th>Gr\u00f6\u00dfe<\/th>\n<th>Sandfarbe<\/th>\n<th>Verwendung<\/th>\n<th>Verpackung<\/th>\n<\/tr>\n<tr>\n<td>Hochborosilikatglas<\/td>\n<td>5 Minuten<\/td>\n<td>5*12cm<\/td>\n<td>Gelb<\/td>\n<td>K\u00fcchenwecker<\/td>\n<td>Standard-Exportkarton\u2013X St\u00fcck\/Box, Y Box\/ carton.<\/td>\n<\/tr>\n<tr>\n<td>Sand<\/td>\n<td>10 Minuten<\/td>\n<td>7*16,5cm<\/td>\n<td>Gr\u00fcn<\/td>\n<td>Eieruhr<\/td>\n<td>Benutzerdefinierte Verpackung: wei\u00dfe Box mit Ihrem Logo, farbige Geschenkbox mit Ihrem Logo<\/td>\n<\/tr>\n<tr>\n<td><\/td>\n<td>15 Minuten<\/td>\n<td>8 \u00d7 20 cm<\/td>\n<td>Rosa<\/td>\n<td>Andenken<\/td>\n<td><\/td>\n<\/tr>\n<tr>\n<td><\/td>\n<td>30 Minuten<\/td>\n<td>9 \u00d7 24 cm<\/td>\n<td>Lila<\/td>\n<td><\/td>\n<td><\/td>\n<\/tr>\n<tr>\n<td><\/td>\n<td>60 Minuten<\/td>\n<td><\/td>\n<td>Blau<\/td>\n<td><\/td>\n<td><\/td>\n<\/tr>\n<\/tbody>\n<\/table>\n<table class=\"mob-tab\">\n<tbody>\n<tr>\n<th>Material<\/th>\n<td>Hochborosilikatglas + Sand<\/td>\n<\/tr>\n<tr>\n<th>Kapazit\u00e4t<\/th>\n<td>5 Minuten<br \/>\n10 Minuten<br \/>\n15 Minuten<br \/>\n30 Minuten<br \/>\n60 Minuten<\/td>\n<\/tr>\n<tr>\n<th>Gr\u00f6\u00dfe<\/th>\n<td>5*12cm<br \/>\n7*16,5cm<br \/>\n8 \u00d7 20 cm<br \/>\n9 \u00d7 24 cm<\/td>\n<\/tr>\n<tr>\n<th>Sandfarbe<\/th>\n<td>Gelb<br \/>\nGr\u00fcn<br \/>\nRosa<br \/>\nLila<br \/>\nBlau<\/td>\n<\/tr>\n<tr>\n<th>Verwendung<\/th>\n<td>K\u00fcchenwecker<br \/>\nEieruhr<br \/>\nAndenken<\/td>\n<\/tr>\n<tr>\n<th>Verpackung<\/th>\n<td>Standard-Exportkarton\u2013X St\u00fcck\/Box, Y Box\/ carton.<br \/>\nBenutzerdefinierte Verpackung: wei\u00dfe Box mit Ihrem Logo, farbige Geschenkbox mit Ihrem Logo<\/td>\n<\/tr>\n<\/tbody>\n<\/table>\n<p><strong>\u00dcber diesen Artikel<\/strong><br \/>\n1.Stundenglas-Sanduhren \u2013 Hergestellt aus hochborosilikatglas, mundgeblasen und hochaufl\u00f6send, elegant und leicht. 2.Stundenglas-Sanduhren \u2013 Ein hilfreiches Zeitwerkzeug f\u00fcr Ihr Leben. Die Sanduhr kann einen optimalen Zeitrahmen f\u00fcr Arbeit und Pause bieten und das Zeitgef\u00fchl zur Steigerung der Effizienz schulen. 3.Stundenglas-Sanduhren k\u00f6nnen in verschiedenen Situationen eingesetzt werden, Arbeit, Yoga, Dekoration und mehr und sind ein tolles Geschenk f\u00fcr Familie und Freunde. 4.Unsere Stundenglas-Sanduhren sind mit Polyform verpackt, was die Sicherheit beim Versand gew\u00e4hrleistet.<\/p>","protected":false},"featured_media":991130,"comment_status":"closed","ping_status":"closed","template":"","meta":{"_acf_changed":false},"product_brand":[],"product_cat":[632,599],"product_tag":[],"class_list":{"0":"post-569","1":"product","2":"type-product","3":"status-publish","4":"has-post-thumbnail","6":"product_cat-home-decor","7":"product_cat-hourglass","9":"first","10":"instock","11":"shipping-taxable","12":"product-type-simple"},"acf":[],"yoast_head":"<!-- This site is optimized with the Yoast SEO plugin v26.7 - https:\/\/yoast.com\/wordpress\/plugins\/seo\/ -->\n<title>Big Hourglass Sand Timer Decorative Hour Glasses with Different Color Sand - Reihey Glass<\/title>\n<meta name=\"robots\" content=\"index, follow, max-snippet:-1, max-image-preview:large, max-video-preview:-1\" \/>\n<link rel=\"canonical\" href=\"https:\/\/reihey.com\/de\/product\/big-hourglass-sand-timer-decorative-hour-glasses-with-different-color-sand\/\" \/>\n<meta property=\"og:locale\" content=\"de_DE\" \/>\n<meta property=\"og:type\" content=\"article\" \/>\n<meta property=\"og:title\" content=\"Big Hourglass Sand Timer Decorative Hour Glasses with Different Color Sand - Reihey Glass\" \/>\n<meta property=\"og:description\" content=\"Material Capacity Size Sand Color Usage Packing   High borosilicate glass 5 Minutes 5*12cm Yellow Kitchen Timer Standard export carton--Xpcs\/box, Ybox\/carton.   Sand 10 Minutes 7*16.5cm Green Egg Timer Custom pack: white box with your logo, Color gift box with your logo    15 Minutes 8*20cm Pink Souvenir     30 Minutes 9*24cm Purple      60 Minutes  Blue         Material High borosilicate glass + sand   Capacity 5 Minutes 10 Minutes 15 Minutes 30 Minutes 60 Minutes   Size 5*12cm 7*16.5cm 8*20cm 9*24cm   Sand Color Yellow Green Pink Purple Blue   Usage Kitchen Timer Egg Timer Souvenir   Packing Standard export carton--Xpcs\/box, Ybox\/carton. Custom pack: white box with your logo, Color gift box with your logo    About this item 1.Hourglass sand timers-Made By high borosilicate glass ,hand-blown and high definition, classy and lightweight. 2.Hourglass sand timers-A helpful time tool for your life.The sand timer can provide an optimal time frame for work and rest, and cultivate the sense of time to increase. efficiency. 3.Hourglass sand timers can apply to different occations, work, yoga,decorations and more and can be a great gift for your family and friends. 4.Our hourglass sand timers are packed with polyform,which ensures the safety during shipping.\" \/>\n<meta property=\"og:url\" content=\"https:\/\/reihey.com\/de\/product\/big-hourglass-sand-timer-decorative-hour-glasses-with-different-color-sand\/\" \/>\n<meta property=\"og:site_name\" content=\"Reihey Glass\" \/>\n<meta property=\"article:modified_time\" content=\"2025-10-29T06:28:20+00:00\" \/>\n<meta property=\"og:image\" content=\"https:\/\/reihey.com\/wp-content\/uploads\/2025\/08\/Main-02-6.jpg\" \/>\n\t<meta property=\"og:image:width\" content=\"750\" \/>\n\t<meta property=\"og:image:height\" content=\"750\" \/>\n\t<meta property=\"og:image:type\" content=\"image\/jpeg\" \/>\n<meta name=\"twitter:card\" content=\"summary_large_image\" \/>\n<meta name=\"twitter:label1\" content=\"Est. reading time\" \/>\n\t<meta name=\"twitter:data1\" content=\"1\u00a0Minute\" \/>\n<script type=\"application\/ld+json\" class=\"yoast-schema-graph\">{\"@context\":\"https:\/\/schema.org\",\"@graph\":[{\"@type\":\"WebPage\",\"@id\":\"https:\/\/reihey.com\/product\/big-hourglass-sand-timer-decorative-hour-glasses-with-different-color-sand\/\",\"url\":\"https:\/\/reihey.com\/product\/big-hourglass-sand-timer-decorative-hour-glasses-with-different-color-sand\/\",\"name\":\"Big Hourglass Sand Timer Decorative Hour Glasses with Different Color Sand - Reihey Glass\",\"isPartOf\":{\"@id\":\"https:\/\/reihey.com\/#website\"},\"primaryImageOfPage\":{\"@id\":\"https:\/\/reihey.com\/product\/big-hourglass-sand-timer-decorative-hour-glasses-with-different-color-sand\/#primaryimage\"},\"image\":{\"@id\":\"https:\/\/reihey.com\/product\/big-hourglass-sand-timer-decorative-hour-glasses-with-different-color-sand\/#primaryimage\"},\"thumbnailUrl\":\"https:\/\/reihey.com\/wp-content\/uploads\/2025\/08\/Main-02-6.jpg\",\"datePublished\":\"2025-08-27T10:39:45+00:00\",\"dateModified\":\"2025-10-29T06:28:20+00:00\",\"breadcrumb\":{\"@id\":\"https:\/\/reihey.com\/product\/big-hourglass-sand-timer-decorative-hour-glasses-with-different-color-sand\/#breadcrumb\"},\"inLanguage\":\"de\",\"potentialAction\":[{\"@type\":\"ReadAction\",\"target\":[\"https:\/\/reihey.com\/product\/big-hourglass-sand-timer-decorative-hour-glasses-with-different-color-sand\/\"]}]},{\"@type\":\"ImageObject\",\"inLanguage\":\"de\",\"@id\":\"https:\/\/reihey.com\/product\/big-hourglass-sand-timer-decorative-hour-glasses-with-different-color-sand\/#primaryimage\",\"url\":\"https:\/\/reihey.com\/wp-content\/uploads\/2025\/08\/Main-02-6.jpg\",\"contentUrl\":\"https:\/\/reihey.com\/wp-content\/uploads\/2025\/08\/Main-02-6.jpg\",\"width\":750,\"height\":750},{\"@type\":\"BreadcrumbList\",\"@id\":\"https:\/\/reihey.com\/product\/big-hourglass-sand-timer-decorative-hour-glasses-with-different-color-sand\/#breadcrumb\",\"itemListElement\":[{\"@type\":\"ListItem\",\"position\":1,\"name\":\"Home\",\"item\":\"https:\/\/reihey.com\/\"},{\"@type\":\"ListItem\",\"position\":2,\"name\":\"Shop\",\"item\":\"https:\/\/reihey.com\/shop\/\"},{\"@type\":\"ListItem\",\"position\":3,\"name\":\"Big Hourglass Sand Timer Decorative Hour Glasses with Different Color Sand\"}]},{\"@type\":\"WebSite\",\"@id\":\"https:\/\/reihey.com\/#website\",\"url\":\"https:\/\/reihey.com\/\",\"name\":\"Reihey Glass\",\"description\":\"\",\"publisher\":{\"@id\":\"https:\/\/reihey.com\/#organization\"},\"potentialAction\":[{\"@type\":\"SearchAction\",\"target\":{\"@type\":\"EntryPoint\",\"urlTemplate\":\"https:\/\/reihey.com\/?s={search_term_string}\"},\"query-input\":{\"@type\":\"PropertyValueSpecification\",\"valueRequired\":true,\"valueName\":\"search_term_string\"}}],\"inLanguage\":\"de\"},{\"@type\":\"Organization\",\"@id\":\"https:\/\/reihey.com\/#organization\",\"name\":\"Reihey Glass\",\"url\":\"https:\/\/reihey.com\/\",\"logo\":{\"@type\":\"ImageObject\",\"inLanguage\":\"de\",\"@id\":\"https:\/\/reihey.com\/#\/schema\/logo\/image\/\",\"url\":\"https:\/\/reihey.com\/wp-content\/uploads\/2023\/07\/Reihey-logo-2026.svg\",\"contentUrl\":\"https:\/\/reihey.com\/wp-content\/uploads\/2023\/07\/Reihey-logo-2026.svg\",\"width\":1984,\"height\":566,\"caption\":\"Reihey Glass\"},\"image\":{\"@id\":\"https:\/\/reihey.com\/#\/schema\/logo\/image\/\"}}]}<\/script>\n<!-- \/ Yoast SEO plugin. -->","yoast_head_json":{"title":"Gro\u00dfe Stundenglas-Sanduhr Dekorative Sanduhren mit verschiedenfarbigem Sand - Reihey Glass","robots":{"index":"index","follow":"follow","max-snippet":"max-snippet:-1","max-image-preview":"max-image-preview:large","max-video-preview":"max-video-preview:-1"},"canonical":"https:\/\/reihey.com\/de\/product\/big-hourglass-sand-timer-decorative-hour-glasses-with-different-color-sand\/","og_locale":"de_DE","og_type":"article","og_title":"Big Hourglass Sand Timer Decorative Hour Glasses with Different Color Sand - Reihey Glass","og_description":"Material Capacity Size Sand Color Usage Packing   High borosilicate glass 5 Minutes 5*12cm Yellow Kitchen Timer Standard export carton--Xpcs\/box, Ybox\/carton.   Sand 10 Minutes 7*16.5cm Green Egg Timer Custom pack: white box with your logo, Color gift box with your logo    15 Minutes 8*20cm Pink Souvenir     30 Minutes 9*24cm Purple      60 Minutes  Blue         Material High borosilicate glass + sand   Capacity 5 Minutes 10 Minutes 15 Minutes 30 Minutes 60 Minutes   Size 5*12cm 7*16.5cm 8*20cm 9*24cm   Sand Color Yellow Green Pink Purple Blue   Usage Kitchen Timer Egg Timer Souvenir   Packing Standard export carton--Xpcs\/box, Ybox\/carton. Custom pack: white box with your logo, Color gift box with your logo    About this item 1.Hourglass sand timers-Made By high borosilicate glass ,hand-blown and high definition, classy and lightweight. 2.Hourglass sand timers-A helpful time tool for your life.The sand timer can provide an optimal time frame for work and rest, and cultivate the sense of time to increase. efficiency. 3.Hourglass sand timers can apply to different occations, work, yoga,decorations and more and can be a great gift for your family and friends. 4.Our hourglass sand timers are packed with polyform,which ensures the safety during shipping.","og_url":"https:\/\/reihey.com\/de\/product\/big-hourglass-sand-timer-decorative-hour-glasses-with-different-color-sand\/","og_site_name":"Reihey Glass","article_modified_time":"2025-10-29T06:28:20+00:00","og_image":[{"width":750,"height":750,"url":"https:\/\/reihey.com\/wp-content\/uploads\/2025\/08\/Main-02-6.jpg","type":"image\/jpeg"}],"twitter_card":"summary_large_image","twitter_misc":{"Est. reading time":"1\u00a0Minute"},"schema":{"@context":"https:\/\/schema.org","@graph":[{"@type":"WebPage","@id":"https:\/\/reihey.com\/product\/big-hourglass-sand-timer-decorative-hour-glasses-with-different-color-sand\/","url":"https:\/\/reihey.com\/product\/big-hourglass-sand-timer-decorative-hour-glasses-with-different-color-sand\/","name":"Gro\u00dfe Stundenglas-Sanduhr Dekorative Sanduhren mit verschiedenfarbigem Sand - Reihey Glass","isPartOf":{"@id":"https:\/\/reihey.com\/#website"},"primaryImageOfPage":{"@id":"https:\/\/reihey.com\/product\/big-hourglass-sand-timer-decorative-hour-glasses-with-different-color-sand\/#primaryimage"},"image":{"@id":"https:\/\/reihey.com\/product\/big-hourglass-sand-timer-decorative-hour-glasses-with-different-color-sand\/#primaryimage"},"thumbnailUrl":"https:\/\/reihey.com\/wp-content\/uploads\/2025\/08\/Main-02-6.jpg","datePublished":"2025-08-27T10:39:45+00:00","dateModified":"2025-10-29T06:28:20+00:00","breadcrumb":{"@id":"https:\/\/reihey.com\/product\/big-hourglass-sand-timer-decorative-hour-glasses-with-different-color-sand\/#breadcrumb"},"inLanguage":"de","potentialAction":[{"@type":"ReadAction","target":["https:\/\/reihey.com\/product\/big-hourglass-sand-timer-decorative-hour-glasses-with-different-color-sand\/"]}]},{"@type":"ImageObject","inLanguage":"de","@id":"https:\/\/reihey.com\/product\/big-hourglass-sand-timer-decorative-hour-glasses-with-different-color-sand\/#primaryimage","url":"https:\/\/reihey.com\/wp-content\/uploads\/2025\/08\/Main-02-6.jpg","contentUrl":"https:\/\/reihey.com\/wp-content\/uploads\/2025\/08\/Main-02-6.jpg","width":750,"height":750},{"@type":"BreadcrumbList","@id":"https:\/\/reihey.com\/product\/big-hourglass-sand-timer-decorative-hour-glasses-with-different-color-sand\/#breadcrumb","itemListElement":[{"@type":"ListItem","position":1,"name":"Home","item":"https:\/\/reihey.com\/"},{"@type":"ListItem","position":2,"name":"Shop","item":"https:\/\/reihey.com\/shop\/"},{"@type":"ListItem","position":3,"name":"Big Hourglass Sand Timer Decorative Hour Glasses with Different Color Sand"}]},{"@type":"WebSite","@id":"https:\/\/reihey.com\/#website","url":"https:\/\/reihey.com\/","name":"Reihey Glas","description":"","publisher":{"@id":"https:\/\/reihey.com\/#organization"},"potentialAction":[{"@type":"SearchAction","target":{"@type":"EntryPoint","urlTemplate":"https:\/\/reihey.com\/?s={search_term_string}"},"query-input":{"@type":"PropertyValueSpecification","valueRequired":true,"valueName":"search_term_string"}}],"inLanguage":"de"},{"@type":"Organization","@id":"https:\/\/reihey.com\/#organization","name":"Reihey Glas","url":"https:\/\/reihey.com\/","logo":{"@type":"ImageObject","inLanguage":"de","@id":"https:\/\/reihey.com\/#\/schema\/logo\/image\/","url":"https:\/\/reihey.com\/wp-content\/uploads\/2023\/07\/Reihey-logo-2026.svg","contentUrl":"https:\/\/reihey.com\/wp-content\/uploads\/2023\/07\/Reihey-logo-2026.svg","width":1984,"height":566,"caption":"Reihey Glass"},"image":{"@id":"https:\/\/reihey.com\/#\/schema\/logo\/image\/"}}]}},"_links":{"self":[{"href":"https:\/\/reihey.com\/de\/wp-json\/wp\/v2\/product\/569","targetHints":{"allow":["GET"]}}],"collection":[{"href":"https:\/\/reihey.com\/de\/wp-json\/wp\/v2\/product"}],"about":[{"href":"https:\/\/reihey.com\/de\/wp-json\/wp\/v2\/types\/product"}],"replies":[{"embeddable":true,"href":"https:\/\/reihey.com\/de\/wp-json\/wp\/v2\/comments?post=569"}],"version-history":[{"count":3,"href":"https:\/\/reihey.com\/de\/wp-json\/wp\/v2\/product\/569\/revisions"}],"predecessor-version":[{"id":998206,"href":"https:\/\/reihey.com\/de\/wp-json\/wp\/v2\/product\/569\/revisions\/998206"}],"wp:featuredmedia":[{"embeddable":true,"href":"https:\/\/reihey.com\/de\/wp-json\/wp\/v2\/media\/991130"}],"wp:attachment":[{"href":"https:\/\/reihey.com\/de\/wp-json\/wp\/v2\/media?parent=569"}],"wp:term":[{"taxonomy":"product_brand","embeddable":true,"href":"https:\/\/reihey.com\/de\/wp-json\/wp\/v2\/product_brand?post=569"},{"taxonomy":"product_cat","embeddable":true,"href":"https:\/\/reihey.com\/de\/wp-json\/wp\/v2\/product_cat?post=569"},{"taxonomy":"product_tag","embeddable":true,"href":"https:\/\/reihey.com\/de\/wp-json\/wp\/v2\/product_tag?post=569"}],"curies":[{"name":"wp","href":"https:\/\/api.w.org\/{rel}","templated":true}]}}