{"id":568,"date":"2025-08-27T10:39:39","date_gmt":"2025-08-27T10:39:39","guid":{"rendered":"https:\/\/slot71.silverline.dev\/?post_type=product&#038;p=568"},"modified":"2025-10-29T06:28:20","modified_gmt":"2025-10-29T06:28:20","slug":"custom-clock-hour-glass-sand-timer-with-colorful-sand-mini-timed-hourglass-timer","status":"publish","type":"product","link":"https:\/\/reihey.com\/de\/product\/custom-clock-hour-glass-sand-timer-with-colorful-sand-mini-timed-hourglass-timer\/","title":{"rendered":"Benutzerdefinierte Sanduhr mit farbigem Sand Mini-Timer Sanduhr"},"content":{"rendered":"","protected":false},"excerpt":{"rendered":"<table class=\"desk-tab\">\n<tbody>\n<tr>\n<th>Material<\/th>\n<th>Kapazit\u00e4t<\/th>\n<th>Gr\u00f6\u00dfe<\/th>\n<th>Sandfarbe<\/th>\n<th>Verwendung<\/th>\n<th>Verpackung<\/th>\n<\/tr>\n<tr>\n<td>Hochborosilikatglas<\/td>\n<td>1 Minute<\/td>\n<td>4,4\u00d79,8 cm<\/td>\n<td>Rosa<\/td>\n<td>K\u00fcchenwecker<\/td>\n<td>1. Standard-Exportkarton \u2013 X St\u00fcck\/Box, Y Box\/Karton.<\/td>\n<\/tr>\n<tr>\n<td>Sand<\/td>\n<td>3 Minuten<\/td>\n<td><\/td>\n<td>Blau<\/td>\n<td>Eieruhr<\/td>\n<td>2. Kundenspezifische Verpackung: wei\u00dfe Schachtel mit Ihrem Logo, Farb-Geschenkbox mit Ihrem Logo<\/td>\n<\/tr>\n<tr>\n<td><\/td>\n<td>5 Minuten<\/td>\n<td><\/td>\n<td>Lila<\/td>\n<td>Andenken<\/td>\n<td><\/td>\n<\/tr>\n<tr>\n<td><\/td>\n<td>10 Minuten<\/td>\n<td><\/td>\n<td>Benutzerdefiniert<\/td>\n<td><\/td>\n<td><\/td>\n<\/tr>\n<tr>\n<td><\/td>\n<td>15 Minuten<\/td>\n<td><\/td>\n<td><\/td>\n<td><\/td>\n<td><\/td>\n<\/tr>\n<tr>\n<td><\/td>\n<td>30 Minuten<\/td>\n<td><\/td>\n<td><\/td>\n<td><\/td>\n<td><\/td>\n<\/tr>\n<tr>\n<td><\/td>\n<td>45 Minuten<\/td>\n<td><\/td>\n<td><\/td>\n<td><\/td>\n<td><\/td>\n<\/tr>\n<tr>\n<td><\/td>\n<td>60 Minuten<\/td>\n<td><\/td>\n<td><\/td>\n<td><\/td>\n<td><\/td>\n<\/tr>\n<\/tbody>\n<\/table>\n<p><!-- Mobile Table --><\/p>\n<table class=\"mob-tab\">\n<tbody>\n<tr>\n<th>Material<\/th>\n<td>Hochborosilikatglas + Sand<\/td>\n<\/tr>\n<tr>\n<th>Kapazit\u00e4t<\/th>\n<td>1 Minute<br \/>\n3 Minuten<br \/>\n5 Minuten<br \/>\n10 Minuten<br \/>\n15 Minuten<br \/>\n30 Minuten<br \/>\n45 Minuten<br \/>\n60 Minuten<\/td>\n<\/tr>\n<tr>\n<th>Gr\u00f6\u00dfe<\/th>\n<td>4,4\u00d79,8 cm<\/td>\n<\/tr>\n<tr>\n<th>Sandfarbe<\/th>\n<td>Rosa<br \/>\nBlau<br \/>\nLila\/Benutzerdefiniert<\/td>\n<\/tr>\n<tr>\n<th>Verwendung<\/th>\n<td>K\u00fcchenwecker<br \/>\nEieruhr<br \/>\nAndenken<\/td>\n<\/tr>\n<tr>\n<th>Verpackung<\/th>\n<td>1. Standard-Exportkarton \u2013 X St\u00fcck\/Box, Y Box\/Karton.<br \/>\n2. Kundenspezifische Verpackung: wei\u00dfe Schachtel mit Ihrem Logo, Farb-Geschenkbox mit Ihrem Logo<\/td>\n<\/tr>\n<\/tbody>\n<\/table>\n<p><strong>\u00dcber diesen Artikel<\/strong><br \/>\n1. Langlebiges &amp; sicheres Material: Hergestellt aus hochwertigem Borosilikatglas, ungiftigem Sand und langlebigem Acryl, ABS-Abdeckung, die nicht leicht bricht, selbst wenn sie auf den Boden f\u00e4llt. 2. Gro\u00dfartiges Zeitmanagement-Werkzeug: Die Sanduhr bietet eine visuelle Unterst\u00fctzung, um zu wissen, wie viel Zeit noch bleibt, und Kinder wissen, wie lange sie lesen, spielen, zuschauen usw. sollten. Eine gute Methode, um Prokrastination zu \u00fcberwinden. Der Sand rinnt leise ab, sodass man die Zeit vergessen und den Moment genie\u00dfen kann. Das hat unser Leben viel einfacher gemacht. 3. Vielseitige Verwendung: Ideal f\u00fcr den Einsatz im Klassenzimmer, Spielzeit, Z\u00e4hneputzen bei Kindern, Kinderlernen, Selbstkontrolle, psychologisches Training und Kochen. Hinweis: Diese Sanduhr ist kein pr\u00e4zises Messger\u00e4t, daher kann es zu Zeitabweichungen kommen.<\/p>","protected":false},"featured_media":991125,"comment_status":"closed","ping_status":"closed","template":"","meta":{"_acf_changed":false},"product_brand":[],"product_cat":[632,599],"product_tag":[],"class_list":{"0":"post-568","1":"product","2":"type-product","3":"status-publish","4":"has-post-thumbnail","6":"product_cat-home-decor","7":"product_cat-hourglass","9":"first","10":"instock","11":"shipping-taxable","12":"product-type-simple"},"acf":[],"yoast_head":"<!-- This site is optimized with the Yoast SEO plugin v26.7 - https:\/\/yoast.com\/wordpress\/plugins\/seo\/ -->\n<title>Custom Clock Hour Glass Sand Timer with Colorful Sand Mini Timed Hourglass Timer - Reihey Glass<\/title>\n<meta name=\"robots\" content=\"index, follow, max-snippet:-1, max-image-preview:large, max-video-preview:-1\" \/>\n<link rel=\"canonical\" href=\"https:\/\/reihey.com\/de\/product\/custom-clock-hour-glass-sand-timer-with-colorful-sand-mini-timed-hourglass-timer\/\" \/>\n<meta property=\"og:locale\" content=\"de_DE\" \/>\n<meta property=\"og:type\" content=\"article\" \/>\n<meta property=\"og:title\" content=\"Custom Clock Hour Glass Sand Timer with Colorful Sand Mini Timed Hourglass Timer - Reihey Glass\" \/>\n<meta property=\"og:description\" content=\"Material Capacity Size Sand Color Usage Packing   High borosilicate glass 1 Minute 4.4*9.8cm Pink Kitchen Timer 1. Standard export carton--Xpcs\/box, Ybox\/carton.   Sand 3 Minutes  Blue Egg Timer 2. Custom pack: white box with your logo, Color gift box with your logo    5 Minutes  Purple Souvenir     10 Minutes  Custom      15 Minutes        30 Minutes        45 Minutes        60 Minutes            Material High borosilicate glass + sand   Capacity 1 Minute 3 Minutes 5 Minutes 10 Minutes 15 Minutes 30 Minutes 45 Minutes 60 Minutes   Size 4.4*9.8cm   Sand Color Pink Blue Purple\/Custom   Usage Kitchen Timer Egg Timer Souvenir   Packing 1. Standard export carton--Xpcs\/box, Ybox\/carton. 2. Custom pack: white box with your logo, Color gift box with your logo    About this item 1.Durable &amp; Safe Material: Made of high quality borosilicate glass, non-toxic sand, and durable Acrylic, ABS cover, which won\u2019t break easily even if descend on floor. 2.Great Time Management Tool: The hourglass sand timer give a visual aid to know how much time is left and kids know a time frame of how long they need to read, play, watch ect. Good way to beat procrastination. The sand will quietly expire, allowing someone to forget time and enjoy time. This made our life much easier.3.Widely Use : Ideal for classroom use, game time, kids&#039; tooth brushing, child learning, self- control, psychological training and cooking. Note: This sand timer is not a precision timing device, so there is time deviation.\" \/>\n<meta property=\"og:url\" content=\"https:\/\/reihey.com\/de\/product\/custom-clock-hour-glass-sand-timer-with-colorful-sand-mini-timed-hourglass-timer\/\" \/>\n<meta property=\"og:site_name\" content=\"Reihey Glass\" \/>\n<meta property=\"article:modified_time\" content=\"2025-10-29T06:28:20+00:00\" \/>\n<meta property=\"og:image\" content=\"https:\/\/reihey.com\/wp-content\/uploads\/2025\/08\/Gourglass6.jpg\" \/>\n\t<meta property=\"og:image:width\" content=\"1001\" \/>\n\t<meta property=\"og:image:height\" content=\"1001\" \/>\n\t<meta property=\"og:image:type\" content=\"image\/jpeg\" \/>\n<meta name=\"twitter:card\" content=\"summary_large_image\" \/>\n<meta name=\"twitter:label1\" content=\"Est. reading time\" \/>\n\t<meta name=\"twitter:data1\" content=\"1\u00a0Minute\" \/>\n<script type=\"application\/ld+json\" class=\"yoast-schema-graph\">{\"@context\":\"https:\/\/schema.org\",\"@graph\":[{\"@type\":\"WebPage\",\"@id\":\"https:\/\/reihey.com\/product\/custom-clock-hour-glass-sand-timer-with-colorful-sand-mini-timed-hourglass-timer\/\",\"url\":\"https:\/\/reihey.com\/product\/custom-clock-hour-glass-sand-timer-with-colorful-sand-mini-timed-hourglass-timer\/\",\"name\":\"Custom Clock Hour Glass Sand Timer with Colorful Sand Mini Timed Hourglass Timer - Reihey Glass\",\"isPartOf\":{\"@id\":\"https:\/\/reihey.com\/#website\"},\"primaryImageOfPage\":{\"@id\":\"https:\/\/reihey.com\/product\/custom-clock-hour-glass-sand-timer-with-colorful-sand-mini-timed-hourglass-timer\/#primaryimage\"},\"image\":{\"@id\":\"https:\/\/reihey.com\/product\/custom-clock-hour-glass-sand-timer-with-colorful-sand-mini-timed-hourglass-timer\/#primaryimage\"},\"thumbnailUrl\":\"https:\/\/reihey.com\/wp-content\/uploads\/2025\/08\/Gourglass6.jpg\",\"datePublished\":\"2025-08-27T10:39:39+00:00\",\"dateModified\":\"2025-10-29T06:28:20+00:00\",\"breadcrumb\":{\"@id\":\"https:\/\/reihey.com\/product\/custom-clock-hour-glass-sand-timer-with-colorful-sand-mini-timed-hourglass-timer\/#breadcrumb\"},\"inLanguage\":\"de\",\"potentialAction\":[{\"@type\":\"ReadAction\",\"target\":[\"https:\/\/reihey.com\/product\/custom-clock-hour-glass-sand-timer-with-colorful-sand-mini-timed-hourglass-timer\/\"]}]},{\"@type\":\"ImageObject\",\"inLanguage\":\"de\",\"@id\":\"https:\/\/reihey.com\/product\/custom-clock-hour-glass-sand-timer-with-colorful-sand-mini-timed-hourglass-timer\/#primaryimage\",\"url\":\"https:\/\/reihey.com\/wp-content\/uploads\/2025\/08\/Gourglass6.jpg\",\"contentUrl\":\"https:\/\/reihey.com\/wp-content\/uploads\/2025\/08\/Gourglass6.jpg\",\"width\":1001,\"height\":1001},{\"@type\":\"BreadcrumbList\",\"@id\":\"https:\/\/reihey.com\/product\/custom-clock-hour-glass-sand-timer-with-colorful-sand-mini-timed-hourglass-timer\/#breadcrumb\",\"itemListElement\":[{\"@type\":\"ListItem\",\"position\":1,\"name\":\"Home\",\"item\":\"https:\/\/reihey.com\/\"},{\"@type\":\"ListItem\",\"position\":2,\"name\":\"Shop\",\"item\":\"https:\/\/reihey.com\/shop\/\"},{\"@type\":\"ListItem\",\"position\":3,\"name\":\"Custom Clock Hour Glass Sand Timer with Colorful Sand Mini Timed Hourglass Timer\"}]},{\"@type\":\"WebSite\",\"@id\":\"https:\/\/reihey.com\/#website\",\"url\":\"https:\/\/reihey.com\/\",\"name\":\"Reihey Glass\",\"description\":\"\",\"publisher\":{\"@id\":\"https:\/\/reihey.com\/#organization\"},\"potentialAction\":[{\"@type\":\"SearchAction\",\"target\":{\"@type\":\"EntryPoint\",\"urlTemplate\":\"https:\/\/reihey.com\/?s={search_term_string}\"},\"query-input\":{\"@type\":\"PropertyValueSpecification\",\"valueRequired\":true,\"valueName\":\"search_term_string\"}}],\"inLanguage\":\"de\"},{\"@type\":\"Organization\",\"@id\":\"https:\/\/reihey.com\/#organization\",\"name\":\"Reihey Glass\",\"url\":\"https:\/\/reihey.com\/\",\"logo\":{\"@type\":\"ImageObject\",\"inLanguage\":\"de\",\"@id\":\"https:\/\/reihey.com\/#\/schema\/logo\/image\/\",\"url\":\"https:\/\/reihey.com\/wp-content\/uploads\/2023\/07\/Reihey-logo-2026.svg\",\"contentUrl\":\"https:\/\/reihey.com\/wp-content\/uploads\/2023\/07\/Reihey-logo-2026.svg\",\"width\":1984,\"height\":566,\"caption\":\"Reihey Glass\"},\"image\":{\"@id\":\"https:\/\/reihey.com\/#\/schema\/logo\/image\/\"}}]}<\/script>\n<!-- \/ Yoast SEO plugin. -->","yoast_head_json":{"title":"Benutzerdefinierte Uhr Stundenglas Sanduhr mit buntem Sand Mini-Timer Stundenglas - Reihey Glass","robots":{"index":"index","follow":"follow","max-snippet":"max-snippet:-1","max-image-preview":"max-image-preview:large","max-video-preview":"max-video-preview:-1"},"canonical":"https:\/\/reihey.com\/de\/product\/custom-clock-hour-glass-sand-timer-with-colorful-sand-mini-timed-hourglass-timer\/","og_locale":"de_DE","og_type":"article","og_title":"Custom Clock Hour Glass Sand Timer with Colorful Sand Mini Timed Hourglass Timer - Reihey Glass","og_description":"Material Capacity Size Sand Color Usage Packing   High borosilicate glass 1 Minute 4.4*9.8cm Pink Kitchen Timer 1. Standard export carton--Xpcs\/box, Ybox\/carton.   Sand 3 Minutes  Blue Egg Timer 2. Custom pack: white box with your logo, Color gift box with your logo    5 Minutes  Purple Souvenir     10 Minutes  Custom      15 Minutes        30 Minutes        45 Minutes        60 Minutes            Material High borosilicate glass + sand   Capacity 1 Minute 3 Minutes 5 Minutes 10 Minutes 15 Minutes 30 Minutes 45 Minutes 60 Minutes   Size 4.4*9.8cm   Sand Color Pink Blue Purple\/Custom   Usage Kitchen Timer Egg Timer Souvenir   Packing 1. Standard export carton--Xpcs\/box, Ybox\/carton. 2. Custom pack: white box with your logo, Color gift box with your logo    About this item 1.Durable &amp; Safe Material: Made of high quality borosilicate glass, non-toxic sand, and durable Acrylic, ABS cover, which won\u2019t break easily even if descend on floor. 2.Great Time Management Tool: The hourglass sand timer give a visual aid to know how much time is left and kids know a time frame of how long they need to read, play, watch ect. Good way to beat procrastination. The sand will quietly expire, allowing someone to forget time and enjoy time. This made our life much easier.3.Widely Use : Ideal for classroom use, game time, kids' tooth brushing, child learning, self- control, psychological training and cooking. Note: This sand timer is not a precision timing device, so there is time deviation.","og_url":"https:\/\/reihey.com\/de\/product\/custom-clock-hour-glass-sand-timer-with-colorful-sand-mini-timed-hourglass-timer\/","og_site_name":"Reihey Glass","article_modified_time":"2025-10-29T06:28:20+00:00","og_image":[{"width":1001,"height":1001,"url":"https:\/\/reihey.com\/wp-content\/uploads\/2025\/08\/Gourglass6.jpg","type":"image\/jpeg"}],"twitter_card":"summary_large_image","twitter_misc":{"Est. reading time":"1\u00a0Minute"},"schema":{"@context":"https:\/\/schema.org","@graph":[{"@type":"WebPage","@id":"https:\/\/reihey.com\/product\/custom-clock-hour-glass-sand-timer-with-colorful-sand-mini-timed-hourglass-timer\/","url":"https:\/\/reihey.com\/product\/custom-clock-hour-glass-sand-timer-with-colorful-sand-mini-timed-hourglass-timer\/","name":"Benutzerdefinierte Uhr Stundenglas Sanduhr mit buntem Sand Mini-Timer Stundenglas - Reihey Glass","isPartOf":{"@id":"https:\/\/reihey.com\/#website"},"primaryImageOfPage":{"@id":"https:\/\/reihey.com\/product\/custom-clock-hour-glass-sand-timer-with-colorful-sand-mini-timed-hourglass-timer\/#primaryimage"},"image":{"@id":"https:\/\/reihey.com\/product\/custom-clock-hour-glass-sand-timer-with-colorful-sand-mini-timed-hourglass-timer\/#primaryimage"},"thumbnailUrl":"https:\/\/reihey.com\/wp-content\/uploads\/2025\/08\/Gourglass6.jpg","datePublished":"2025-08-27T10:39:39+00:00","dateModified":"2025-10-29T06:28:20+00:00","breadcrumb":{"@id":"https:\/\/reihey.com\/product\/custom-clock-hour-glass-sand-timer-with-colorful-sand-mini-timed-hourglass-timer\/#breadcrumb"},"inLanguage":"de","potentialAction":[{"@type":"ReadAction","target":["https:\/\/reihey.com\/product\/custom-clock-hour-glass-sand-timer-with-colorful-sand-mini-timed-hourglass-timer\/"]}]},{"@type":"ImageObject","inLanguage":"de","@id":"https:\/\/reihey.com\/product\/custom-clock-hour-glass-sand-timer-with-colorful-sand-mini-timed-hourglass-timer\/#primaryimage","url":"https:\/\/reihey.com\/wp-content\/uploads\/2025\/08\/Gourglass6.jpg","contentUrl":"https:\/\/reihey.com\/wp-content\/uploads\/2025\/08\/Gourglass6.jpg","width":1001,"height":1001},{"@type":"BreadcrumbList","@id":"https:\/\/reihey.com\/product\/custom-clock-hour-glass-sand-timer-with-colorful-sand-mini-timed-hourglass-timer\/#breadcrumb","itemListElement":[{"@type":"ListItem","position":1,"name":"Home","item":"https:\/\/reihey.com\/"},{"@type":"ListItem","position":2,"name":"Shop","item":"https:\/\/reihey.com\/shop\/"},{"@type":"ListItem","position":3,"name":"Custom Clock Hour Glass Sand Timer with Colorful Sand Mini Timed Hourglass Timer"}]},{"@type":"WebSite","@id":"https:\/\/reihey.com\/#website","url":"https:\/\/reihey.com\/","name":"Reihey Glas","description":"","publisher":{"@id":"https:\/\/reihey.com\/#organization"},"potentialAction":[{"@type":"SearchAction","target":{"@type":"EntryPoint","urlTemplate":"https:\/\/reihey.com\/?s={search_term_string}"},"query-input":{"@type":"PropertyValueSpecification","valueRequired":true,"valueName":"search_term_string"}}],"inLanguage":"de"},{"@type":"Organization","@id":"https:\/\/reihey.com\/#organization","name":"Reihey Glas","url":"https:\/\/reihey.com\/","logo":{"@type":"ImageObject","inLanguage":"de","@id":"https:\/\/reihey.com\/#\/schema\/logo\/image\/","url":"https:\/\/reihey.com\/wp-content\/uploads\/2023\/07\/Reihey-logo-2026.svg","contentUrl":"https:\/\/reihey.com\/wp-content\/uploads\/2023\/07\/Reihey-logo-2026.svg","width":1984,"height":566,"caption":"Reihey Glass"},"image":{"@id":"https:\/\/reihey.com\/#\/schema\/logo\/image\/"}}]}},"_links":{"self":[{"href":"https:\/\/reihey.com\/de\/wp-json\/wp\/v2\/product\/568","targetHints":{"allow":["GET"]}}],"collection":[{"href":"https:\/\/reihey.com\/de\/wp-json\/wp\/v2\/product"}],"about":[{"href":"https:\/\/reihey.com\/de\/wp-json\/wp\/v2\/types\/product"}],"replies":[{"embeddable":true,"href":"https:\/\/reihey.com\/de\/wp-json\/wp\/v2\/comments?post=568"}],"version-history":[{"count":5,"href":"https:\/\/reihey.com\/de\/wp-json\/wp\/v2\/product\/568\/revisions"}],"predecessor-version":[{"id":998205,"href":"https:\/\/reihey.com\/de\/wp-json\/wp\/v2\/product\/568\/revisions\/998205"}],"wp:featuredmedia":[{"embeddable":true,"href":"https:\/\/reihey.com\/de\/wp-json\/wp\/v2\/media\/991125"}],"wp:attachment":[{"href":"https:\/\/reihey.com\/de\/wp-json\/wp\/v2\/media?parent=568"}],"wp:term":[{"taxonomy":"product_brand","embeddable":true,"href":"https:\/\/reihey.com\/de\/wp-json\/wp\/v2\/product_brand?post=568"},{"taxonomy":"product_cat","embeddable":true,"href":"https:\/\/reihey.com\/de\/wp-json\/wp\/v2\/product_cat?post=568"},{"taxonomy":"product_tag","embeddable":true,"href":"https:\/\/reihey.com\/de\/wp-json\/wp\/v2\/product_tag?post=568"}],"curies":[{"name":"wp","href":"https:\/\/api.w.org\/{rel}","templated":true}]}}