{"id":567,"date":"2025-08-27T10:39:34","date_gmt":"2025-08-27T10:39:34","guid":{"rendered":"https:\/\/slot71.silverline.dev\/?post_type=product&#038;p=567"},"modified":"2025-10-29T06:28:20","modified_gmt":"2025-10-29T06:28:20","slug":"glass-hourglasses-sand-timer-30-minutes-wooden-desktop-hourglass-sand-timer-for-gift","status":"publish","type":"product","link":"https:\/\/reihey.com\/de\/product\/glass-hourglasses-sand-timer-30-minutes-wooden-desktop-hourglass-sand-timer-for-gift\/","title":{"rendered":"Glaskugelf\u00f6rmige Sanduhren Sand Timer 30 Minuten Holz-Desktop-Sanduhr Sand Timer als Geschenk"},"content":{"rendered":"","protected":false},"excerpt":{"rendered":"<p><!-- Desktop Table --><\/p>\n<table class=\"desk-tab\">\n<tbody>\n<tr>\n<th>Material<\/th>\n<th>Kapazit\u00e4t<\/th>\n<th>Gr\u00f6\u00dfe<\/th>\n<th>Sandfarbe<\/th>\n<th>Farbe des Holzrahmens<\/th>\n<th>Verwendung<\/th>\n<th>Verpackung<\/th>\n<\/tr>\n<tr>\n<td>Hochborosilikatglas<\/td>\n<td>1 Minute<\/td>\n<td>8*15 cm<\/td>\n<td>Rosa<\/td>\n<td>Schwarz<\/td>\n<td>K\u00fcchenwecker<\/td>\n<td>1. Standard-Exportkarton \u2013 X St\u00fcck\/Box, Y Box\/Karton.<\/td>\n<\/tr>\n<tr>\n<td>Sand<\/td>\n<td>3 Minuten<\/td>\n<td>10*20 cm<\/td>\n<td>Blau<\/td>\n<td>Wei\u00df<\/td>\n<td>Eieruhr<\/td>\n<td>2. Kundenspezifische Verpackung: wei\u00dfe Schachtel mit Ihrem Logo, Farb-Geschenkbox mit Ihrem Logo<\/td>\n<\/tr>\n<tr>\n<td><\/td>\n<td>5 Minuten<\/td>\n<td><\/td>\n<td>Lila<\/td>\n<td>Benutzerdefiniert<\/td>\n<td>Andenken<\/td>\n<td><\/td>\n<\/tr>\n<tr>\n<td><\/td>\n<td>10 Minuten<\/td>\n<td><\/td>\n<td>Benutzerdefiniert<\/td>\n<td><\/td>\n<td><\/td>\n<td><\/td>\n<\/tr>\n<tr>\n<td><\/td>\n<td>15 Minuten<\/td>\n<td><\/td>\n<td><\/td>\n<td><\/td>\n<td><\/td>\n<td><\/td>\n<\/tr>\n<tr>\n<td><\/td>\n<td>30 Minuten<\/td>\n<td><\/td>\n<td><\/td>\n<td><\/td>\n<td><\/td>\n<td><\/td>\n<\/tr>\n<tr>\n<td><\/td>\n<td>45 Minuten<\/td>\n<td><\/td>\n<td><\/td>\n<td><\/td>\n<td><\/td>\n<td><\/td>\n<\/tr>\n<tr>\n<td><\/td>\n<td>60 Minuten<\/td>\n<td><\/td>\n<td><\/td>\n<td><\/td>\n<td><\/td>\n<td><\/td>\n<\/tr>\n<\/tbody>\n<\/table>\n<p><!-- Mobile Table --><\/p>\n<table class=\"mob-tab\">\n<tbody>\n<tr>\n<th>Material<\/th>\n<td>Hochborosilikatglas + Sand<\/td>\n<\/tr>\n<tr>\n<th>Kapazit\u00e4t<\/th>\n<td>1 Minute<br \/>\n3 Minuten<br \/>\n5 Minuten<br \/>\n10 Minuten<br \/>\n15 Minuten<br \/>\n30 Minuten<br \/>\n45 Minuten<br \/>\n60 Minuten<\/td>\n<\/tr>\n<tr>\n<th>Gr\u00f6\u00dfe<\/th>\n<td>8*15 cm<br \/>\n10*20 cm<\/td>\n<\/tr>\n<tr>\n<th>Sandfarbe<\/th>\n<td>Rosa<br \/>\nBlau<br \/>\nLila\/Benutzerdefiniert<\/td>\n<\/tr>\n<tr>\n<th>Farbe des Holzrahmens<\/th>\n<td>Schwarz<br \/>\nWei\u00df<br \/>\nBenutzerdefiniert<\/td>\n<\/tr>\n<tr>\n<th>Verwendung<\/th>\n<td>K\u00fcchenwecker<br \/>\nEieruhr<br \/>\nAndenken<\/td>\n<\/tr>\n<tr>\n<th>Verpackung<\/th>\n<td>1. Standard-Exportkarton \u2013 X St\u00fcck\/Box, Y Box\/Karton.<br \/>\n2. Kundenspezifische Verpackung: wei\u00dfe Schachtel mit Ihrem Logo, Farb-Geschenkbox mit Ihrem Logo<\/td>\n<\/tr>\n<\/tbody>\n<\/table>\n<p><strong>\u00dcber diesen Artikel<\/strong><br \/>\n1.\u3010HOCHWERTIGE MATERIALIEN UND ABMESSUNGEN\u3011Handgefertigte Sanduhr, mundgeblasenes Glas, Sandguss, aufw\u00e4ndige Handwerkskunst, feine Verarbeitung, robuste und umweltfreundliche Materialien, die nicht leicht zerbrechen, langlebig und sto\u00dffest. 2.\u3010ERFOLGREICHE ZEITBEGLEITER\u3011Sanduhr-Zeitmesser ist ein n\u00fctzliches Zeitwerkzeug in verschiedenen Situationen wie Studium, Arbeit, Alltag, Pause usw. Die Sanduhr kann Ihnen, Ihren Kindern sowie Familie und Freunden effektiv helfen, das Zeitgef\u00fchl zu entwickeln, sich zu konzentrieren und die Zeit zu sch\u00e4tzen. 3.\u3010FEINES LEBEN\u3011Massives Material, hochwertiges Borosilikatglas und hochwertige Handwerkskunst werden zur Herstellung der Sanduhr verwendet. Mit luxuri\u00f6ser Verarbeitung und modernem, modischem Design ist sie exquisit und sch\u00f6n und zeichnet still jede Sekunde auf. Der Sand flie\u00dft langsam, Sie k\u00f6nnen die sch\u00f6ne Zeit und wunderbare Erinnerungen genie\u00dfen. 4.\u3010VIELSEITIG EINSETZBAR\u3011Valentinstagsgeschenke, Geburtstagsgeschenke, K\u00fcchenkochen, Spiel- oder Zeit\u00fcbungen, Hochzeitsgeschenke, Schlafzimmer, B\u00fcro oder Schreibtisch, Kunsthandwerk, Wohnkultur, pers\u00f6nliche Sammlung, Klassenzimmer, Tischdekoration, Restaurant, Wohnzimmer, Festtage wie Weihnachten und Neujahr, Couchtisch, B\u00fccherregal.<\/p>","protected":false},"featured_media":991120,"comment_status":"closed","ping_status":"closed","template":"","meta":{"_acf_changed":false},"product_brand":[],"product_cat":[632,599],"product_tag":[],"class_list":{"0":"post-567","1":"product","2":"type-product","3":"status-publish","4":"has-post-thumbnail","6":"product_cat-home-decor","7":"product_cat-hourglass","9":"first","10":"instock","11":"shipping-taxable","12":"product-type-simple"},"acf":[],"yoast_head":"<!-- This site is optimized with the Yoast SEO plugin v26.7 - https:\/\/yoast.com\/wordpress\/plugins\/seo\/ -->\n<title>Glass Hourglasses Sand Timer 30 Minutes Wooden Desktop Hourglass Sand Timer for Gift - Reihey Glass<\/title>\n<meta name=\"robots\" content=\"index, follow, max-snippet:-1, max-image-preview:large, max-video-preview:-1\" \/>\n<link rel=\"canonical\" href=\"https:\/\/reihey.com\/de\/product\/glass-hourglasses-sand-timer-30-minutes-wooden-desktop-hourglass-sand-timer-for-gift\/\" \/>\n<meta property=\"og:locale\" content=\"de_DE\" \/>\n<meta property=\"og:type\" content=\"article\" \/>\n<meta property=\"og:title\" content=\"Glass Hourglasses Sand Timer 30 Minutes Wooden Desktop Hourglass Sand Timer for Gift - Reihey Glass\" \/>\n<meta property=\"og:description\" content=\"Material Capacity Size Sand Color Wood frame Color Usage Packing   High borosilicate glass 1 Minute 8*15cm Pink Black Kitchen Timer 1. Standard export carton--Xpcs\/box, Ybox\/carton.   Sand 3 Minutes 10*20cm Blue White Egg Timer 2. Custom pack: white box with your logo, Color gift box with your logo    5 Minutes  Purple Custom Souvenir     10 Minutes  Custom       15 Minutes         30 Minutes         45 Minutes         60 Minutes             Material High borosilicate glass + sand   Capacity 1 Minute 3 Minutes 5 Minutes 10 Minutes 15 Minutes 30 Minutes 45 Minutes 60 Minutes   Size 8*15cm 10*20cm   Sand Color Pink Blue Purple\/Custom   Wood Frame Color Black White Custom   Usage Kitchen Timer Egg Timer Souvenir   Packing 1. Standard export carton--Xpcs\/box, Ybox\/carton. 2. Custom pack: white box with your logo, Color gift box with your logo    About this item 1.\u3010HIGH-QUALITY MATERIALS AND DIMENSIONS\u3011Hand-made by sand timer, blown glass, sand foundry, complex craftsmanship, fine workmanship, strong and environmentally friendly materials that are not easy to break, durable and anti-vibration. 2.\u3010SUCCESSFUL TIME FRIENDS\u3011Hourglass sand timer You are a useful time tool in different occasions such as study, work, life, rest, etc. Hourglass can effectively help you, your children and your family and friends to cultivate the concept of time, focus on, and cherish time. 3.\u3010EXQUISITE LIFE\u3011Solid material, high-quality borosilicate glass and high-end handcraftes are used to make the hourglass. With luxury craftsmanship and modern fashion outline, it is exquisite and beautiful, quietly records every second. The sand flowing slowly, you can enjoy the beautiful time and the wonderful memories. 4.\u3010WIDELY USED\u3011Valentine&#039;s day gifts, birthday gifts, kitchen cooking, playing games or practice timing, wedding gifts, bedroom, office or desk, handicraft, home furnishing decoration ornament, personal collection, classroom, tabletops decoration, restaurant, living room home, festival christmas and new year, coffee table, bookshelf.\" \/>\n<meta property=\"og:url\" content=\"https:\/\/reihey.com\/de\/product\/glass-hourglasses-sand-timer-30-minutes-wooden-desktop-hourglass-sand-timer-for-gift\/\" \/>\n<meta property=\"og:site_name\" content=\"Reihey Glass\" \/>\n<meta property=\"article:modified_time\" content=\"2025-10-29T06:28:20+00:00\" \/>\n<meta property=\"og:image\" content=\"https:\/\/reihey.com\/wp-content\/uploads\/2025\/08\/Gourglass1.jpg\" \/>\n\t<meta property=\"og:image:width\" content=\"800\" \/>\n\t<meta property=\"og:image:height\" content=\"800\" \/>\n\t<meta property=\"og:image:type\" content=\"image\/jpeg\" \/>\n<meta name=\"twitter:card\" content=\"summary_large_image\" \/>\n<meta name=\"twitter:label1\" content=\"Est. reading time\" \/>\n\t<meta name=\"twitter:data1\" content=\"1\u00a0Minute\" \/>\n<script type=\"application\/ld+json\" class=\"yoast-schema-graph\">{\"@context\":\"https:\/\/schema.org\",\"@graph\":[{\"@type\":\"WebPage\",\"@id\":\"https:\/\/reihey.com\/product\/glass-hourglasses-sand-timer-30-minutes-wooden-desktop-hourglass-sand-timer-for-gift\/\",\"url\":\"https:\/\/reihey.com\/product\/glass-hourglasses-sand-timer-30-minutes-wooden-desktop-hourglass-sand-timer-for-gift\/\",\"name\":\"Glass Hourglasses Sand Timer 30 Minutes Wooden Desktop Hourglass Sand Timer for Gift - Reihey Glass\",\"isPartOf\":{\"@id\":\"https:\/\/reihey.com\/#website\"},\"primaryImageOfPage\":{\"@id\":\"https:\/\/reihey.com\/product\/glass-hourglasses-sand-timer-30-minutes-wooden-desktop-hourglass-sand-timer-for-gift\/#primaryimage\"},\"image\":{\"@id\":\"https:\/\/reihey.com\/product\/glass-hourglasses-sand-timer-30-minutes-wooden-desktop-hourglass-sand-timer-for-gift\/#primaryimage\"},\"thumbnailUrl\":\"https:\/\/reihey.com\/wp-content\/uploads\/2025\/08\/Gourglass1.jpg\",\"datePublished\":\"2025-08-27T10:39:34+00:00\",\"dateModified\":\"2025-10-29T06:28:20+00:00\",\"breadcrumb\":{\"@id\":\"https:\/\/reihey.com\/product\/glass-hourglasses-sand-timer-30-minutes-wooden-desktop-hourglass-sand-timer-for-gift\/#breadcrumb\"},\"inLanguage\":\"de\",\"potentialAction\":[{\"@type\":\"ReadAction\",\"target\":[\"https:\/\/reihey.com\/product\/glass-hourglasses-sand-timer-30-minutes-wooden-desktop-hourglass-sand-timer-for-gift\/\"]}]},{\"@type\":\"ImageObject\",\"inLanguage\":\"de\",\"@id\":\"https:\/\/reihey.com\/product\/glass-hourglasses-sand-timer-30-minutes-wooden-desktop-hourglass-sand-timer-for-gift\/#primaryimage\",\"url\":\"https:\/\/reihey.com\/wp-content\/uploads\/2025\/08\/Gourglass1.jpg\",\"contentUrl\":\"https:\/\/reihey.com\/wp-content\/uploads\/2025\/08\/Gourglass1.jpg\",\"width\":800,\"height\":800},{\"@type\":\"BreadcrumbList\",\"@id\":\"https:\/\/reihey.com\/product\/glass-hourglasses-sand-timer-30-minutes-wooden-desktop-hourglass-sand-timer-for-gift\/#breadcrumb\",\"itemListElement\":[{\"@type\":\"ListItem\",\"position\":1,\"name\":\"Home\",\"item\":\"https:\/\/reihey.com\/\"},{\"@type\":\"ListItem\",\"position\":2,\"name\":\"Shop\",\"item\":\"https:\/\/reihey.com\/shop\/\"},{\"@type\":\"ListItem\",\"position\":3,\"name\":\"Glass Hourglasses Sand Timer 30 Minutes Wooden Desktop Hourglass Sand Timer for Gift\"}]},{\"@type\":\"WebSite\",\"@id\":\"https:\/\/reihey.com\/#website\",\"url\":\"https:\/\/reihey.com\/\",\"name\":\"Reihey Glass\",\"description\":\"\",\"publisher\":{\"@id\":\"https:\/\/reihey.com\/#organization\"},\"potentialAction\":[{\"@type\":\"SearchAction\",\"target\":{\"@type\":\"EntryPoint\",\"urlTemplate\":\"https:\/\/reihey.com\/?s={search_term_string}\"},\"query-input\":{\"@type\":\"PropertyValueSpecification\",\"valueRequired\":true,\"valueName\":\"search_term_string\"}}],\"inLanguage\":\"de\"},{\"@type\":\"Organization\",\"@id\":\"https:\/\/reihey.com\/#organization\",\"name\":\"Reihey Glass\",\"url\":\"https:\/\/reihey.com\/\",\"logo\":{\"@type\":\"ImageObject\",\"inLanguage\":\"de\",\"@id\":\"https:\/\/reihey.com\/#\/schema\/logo\/image\/\",\"url\":\"https:\/\/reihey.com\/wp-content\/uploads\/2023\/07\/Reihey-logo-2026.svg\",\"contentUrl\":\"https:\/\/reihey.com\/wp-content\/uploads\/2023\/07\/Reihey-logo-2026.svg\",\"width\":1984,\"height\":566,\"caption\":\"Reihey Glass\"},\"image\":{\"@id\":\"https:\/\/reihey.com\/#\/schema\/logo\/image\/\"}}]}<\/script>\n<!-- \/ Yoast SEO plugin. -->","yoast_head_json":{"title":"Glas-Sanduhr Sanduhr 30 Minuten Holz-Desktop-Sanduhr Sanduhr als Geschenk - Reihey Glass","robots":{"index":"index","follow":"follow","max-snippet":"max-snippet:-1","max-image-preview":"max-image-preview:large","max-video-preview":"max-video-preview:-1"},"canonical":"https:\/\/reihey.com\/de\/product\/glass-hourglasses-sand-timer-30-minutes-wooden-desktop-hourglass-sand-timer-for-gift\/","og_locale":"de_DE","og_type":"article","og_title":"Glass Hourglasses Sand Timer 30 Minutes Wooden Desktop Hourglass Sand Timer for Gift - Reihey Glass","og_description":"Material Capacity Size Sand Color Wood frame Color Usage Packing   High borosilicate glass 1 Minute 8*15cm Pink Black Kitchen Timer 1. Standard export carton--Xpcs\/box, Ybox\/carton.   Sand 3 Minutes 10*20cm Blue White Egg Timer 2. Custom pack: white box with your logo, Color gift box with your logo    5 Minutes  Purple Custom Souvenir     10 Minutes  Custom       15 Minutes         30 Minutes         45 Minutes         60 Minutes             Material High borosilicate glass + sand   Capacity 1 Minute 3 Minutes 5 Minutes 10 Minutes 15 Minutes 30 Minutes 45 Minutes 60 Minutes   Size 8*15cm 10*20cm   Sand Color Pink Blue Purple\/Custom   Wood Frame Color Black White Custom   Usage Kitchen Timer Egg Timer Souvenir   Packing 1. Standard export carton--Xpcs\/box, Ybox\/carton. 2. Custom pack: white box with your logo, Color gift box with your logo    About this item 1.\u3010HIGH-QUALITY MATERIALS AND DIMENSIONS\u3011Hand-made by sand timer, blown glass, sand foundry, complex craftsmanship, fine workmanship, strong and environmentally friendly materials that are not easy to break, durable and anti-vibration. 2.\u3010SUCCESSFUL TIME FRIENDS\u3011Hourglass sand timer You are a useful time tool in different occasions such as study, work, life, rest, etc. Hourglass can effectively help you, your children and your family and friends to cultivate the concept of time, focus on, and cherish time. 3.\u3010EXQUISITE LIFE\u3011Solid material, high-quality borosilicate glass and high-end handcraftes are used to make the hourglass. With luxury craftsmanship and modern fashion outline, it is exquisite and beautiful, quietly records every second. The sand flowing slowly, you can enjoy the beautiful time and the wonderful memories. 4.\u3010WIDELY USED\u3011Valentine's day gifts, birthday gifts, kitchen cooking, playing games or practice timing, wedding gifts, bedroom, office or desk, handicraft, home furnishing decoration ornament, personal collection, classroom, tabletops decoration, restaurant, living room home, festival christmas and new year, coffee table, bookshelf.","og_url":"https:\/\/reihey.com\/de\/product\/glass-hourglasses-sand-timer-30-minutes-wooden-desktop-hourglass-sand-timer-for-gift\/","og_site_name":"Reihey Glass","article_modified_time":"2025-10-29T06:28:20+00:00","og_image":[{"width":800,"height":800,"url":"https:\/\/reihey.com\/wp-content\/uploads\/2025\/08\/Gourglass1.jpg","type":"image\/jpeg"}],"twitter_card":"summary_large_image","twitter_misc":{"Est. reading time":"1\u00a0Minute"},"schema":{"@context":"https:\/\/schema.org","@graph":[{"@type":"WebPage","@id":"https:\/\/reihey.com\/product\/glass-hourglasses-sand-timer-30-minutes-wooden-desktop-hourglass-sand-timer-for-gift\/","url":"https:\/\/reihey.com\/product\/glass-hourglasses-sand-timer-30-minutes-wooden-desktop-hourglass-sand-timer-for-gift\/","name":"Glas-Sanduhr Sanduhr 30 Minuten Holz-Desktop-Sanduhr Sanduhr als Geschenk - Reihey Glass","isPartOf":{"@id":"https:\/\/reihey.com\/#website"},"primaryImageOfPage":{"@id":"https:\/\/reihey.com\/product\/glass-hourglasses-sand-timer-30-minutes-wooden-desktop-hourglass-sand-timer-for-gift\/#primaryimage"},"image":{"@id":"https:\/\/reihey.com\/product\/glass-hourglasses-sand-timer-30-minutes-wooden-desktop-hourglass-sand-timer-for-gift\/#primaryimage"},"thumbnailUrl":"https:\/\/reihey.com\/wp-content\/uploads\/2025\/08\/Gourglass1.jpg","datePublished":"2025-08-27T10:39:34+00:00","dateModified":"2025-10-29T06:28:20+00:00","breadcrumb":{"@id":"https:\/\/reihey.com\/product\/glass-hourglasses-sand-timer-30-minutes-wooden-desktop-hourglass-sand-timer-for-gift\/#breadcrumb"},"inLanguage":"de","potentialAction":[{"@type":"ReadAction","target":["https:\/\/reihey.com\/product\/glass-hourglasses-sand-timer-30-minutes-wooden-desktop-hourglass-sand-timer-for-gift\/"]}]},{"@type":"ImageObject","inLanguage":"de","@id":"https:\/\/reihey.com\/product\/glass-hourglasses-sand-timer-30-minutes-wooden-desktop-hourglass-sand-timer-for-gift\/#primaryimage","url":"https:\/\/reihey.com\/wp-content\/uploads\/2025\/08\/Gourglass1.jpg","contentUrl":"https:\/\/reihey.com\/wp-content\/uploads\/2025\/08\/Gourglass1.jpg","width":800,"height":800},{"@type":"BreadcrumbList","@id":"https:\/\/reihey.com\/product\/glass-hourglasses-sand-timer-30-minutes-wooden-desktop-hourglass-sand-timer-for-gift\/#breadcrumb","itemListElement":[{"@type":"ListItem","position":1,"name":"Home","item":"https:\/\/reihey.com\/"},{"@type":"ListItem","position":2,"name":"Shop","item":"https:\/\/reihey.com\/shop\/"},{"@type":"ListItem","position":3,"name":"Glass Hourglasses Sand Timer 30 Minutes Wooden Desktop Hourglass Sand Timer for Gift"}]},{"@type":"WebSite","@id":"https:\/\/reihey.com\/#website","url":"https:\/\/reihey.com\/","name":"Reihey Glas","description":"","publisher":{"@id":"https:\/\/reihey.com\/#organization"},"potentialAction":[{"@type":"SearchAction","target":{"@type":"EntryPoint","urlTemplate":"https:\/\/reihey.com\/?s={search_term_string}"},"query-input":{"@type":"PropertyValueSpecification","valueRequired":true,"valueName":"search_term_string"}}],"inLanguage":"de"},{"@type":"Organization","@id":"https:\/\/reihey.com\/#organization","name":"Reihey Glas","url":"https:\/\/reihey.com\/","logo":{"@type":"ImageObject","inLanguage":"de","@id":"https:\/\/reihey.com\/#\/schema\/logo\/image\/","url":"https:\/\/reihey.com\/wp-content\/uploads\/2023\/07\/Reihey-logo-2026.svg","contentUrl":"https:\/\/reihey.com\/wp-content\/uploads\/2023\/07\/Reihey-logo-2026.svg","width":1984,"height":566,"caption":"Reihey Glass"},"image":{"@id":"https:\/\/reihey.com\/#\/schema\/logo\/image\/"}}]}},"_links":{"self":[{"href":"https:\/\/reihey.com\/de\/wp-json\/wp\/v2\/product\/567","targetHints":{"allow":["GET"]}}],"collection":[{"href":"https:\/\/reihey.com\/de\/wp-json\/wp\/v2\/product"}],"about":[{"href":"https:\/\/reihey.com\/de\/wp-json\/wp\/v2\/types\/product"}],"replies":[{"embeddable":true,"href":"https:\/\/reihey.com\/de\/wp-json\/wp\/v2\/comments?post=567"}],"version-history":[{"count":4,"href":"https:\/\/reihey.com\/de\/wp-json\/wp\/v2\/product\/567\/revisions"}],"predecessor-version":[{"id":998204,"href":"https:\/\/reihey.com\/de\/wp-json\/wp\/v2\/product\/567\/revisions\/998204"}],"wp:featuredmedia":[{"embeddable":true,"href":"https:\/\/reihey.com\/de\/wp-json\/wp\/v2\/media\/991120"}],"wp:attachment":[{"href":"https:\/\/reihey.com\/de\/wp-json\/wp\/v2\/media?parent=567"}],"wp:term":[{"taxonomy":"product_brand","embeddable":true,"href":"https:\/\/reihey.com\/de\/wp-json\/wp\/v2\/product_brand?post=567"},{"taxonomy":"product_cat","embeddable":true,"href":"https:\/\/reihey.com\/de\/wp-json\/wp\/v2\/product_cat?post=567"},{"taxonomy":"product_tag","embeddable":true,"href":"https:\/\/reihey.com\/de\/wp-json\/wp\/v2\/product_tag?post=567"}],"curies":[{"name":"wp","href":"https:\/\/api.w.org\/{rel}","templated":true}]}}