{"id":520,"date":"2025-08-27T10:39:24","date_gmt":"2025-08-27T10:39:24","guid":{"rendered":"https:\/\/slot71.silverline.dev\/?post_type=product&#038;p=520"},"modified":"2025-10-29T06:28:20","modified_gmt":"2025-10-29T06:28:20","slug":"clear-food-grade-drinking-glass-bottle-square-juice-bottle-with-cap","status":"publish","type":"product","link":"https:\/\/reihey.com\/de\/product\/clear-food-grade-drinking-glass-bottle-square-juice-bottle-with-cap\/","title":{"rendered":"Klares lebensmitteltaugliches Trinkglas-Flaschenquadratisch Saftflasche mit Verschluss"},"content":{"rendered":"","protected":false},"excerpt":{"rendered":"<table class=\"desk-tab\">\n<tbody>\n<tr>\n<th>Produktname<\/th>\n<th>Material<\/th>\n<th>Farbe<\/th>\n<th>Gr\u00f6\u00dfe &amp; Fassungsverm\u00f6gen<\/th>\n<th>Mindestbestellmenge<\/th>\n<th>Verwendung<\/th>\n<th>Logo<\/th>\n<th>OEM &amp; ODM<\/th>\n<\/tr>\n<tr>\n<td>Klare Saftglasflasche<\/td>\n<td>Glas<\/td>\n<td>Transparentes Glas<\/td>\n<td>50ml<\/td>\n<td>1000 Stk.<\/td>\n<td>Saftpressglasflaschen<\/td>\n<td>Siebdruck<\/td>\n<td>Willkommen<\/td>\n<\/tr>\n<tr>\n<td><\/td>\n<td><\/td>\n<td><\/td>\n<td>100ml<\/td>\n<td><\/td>\n<td><\/td>\n<td>Aufkleber<\/td>\n<td><\/td>\n<\/tr>\n<tr>\n<td><\/td>\n<td><\/td>\n<td><\/td>\n<td>200ml<\/td>\n<td><\/td>\n<td><\/td>\n<td><\/td>\n<td><\/td>\n<\/tr>\n<tr>\n<td><\/td>\n<td><\/td>\n<td><\/td>\n<td>250ml<\/td>\n<td><\/td>\n<td><\/td>\n<td><\/td>\n<td><\/td>\n<\/tr>\n<tr>\n<td><\/td>\n<td><\/td>\n<td><\/td>\n<td>350 ml<\/td>\n<td><\/td>\n<td><\/td>\n<td><\/td>\n<td><\/td>\n<\/tr>\n<tr>\n<td><\/td>\n<td><\/td>\n<td><\/td>\n<td>500 ml<\/td>\n<td><\/td>\n<td><\/td>\n<td><\/td>\n<td><\/td>\n<\/tr>\n<\/tbody>\n<\/table>\n<table class=\"mob-tab\">\n<tbody>\n<tr>\n<th>Produktname<\/th>\n<td>Klare Saftglasflasche<\/td>\n<\/tr>\n<tr>\n<th>Material<\/th>\n<td>Glas<\/td>\n<\/tr>\n<tr>\n<th>Farbe<\/th>\n<td>Transparentes Glas<\/td>\n<\/tr>\n<tr>\n<th>Gr\u00f6\u00dfe &amp; Fassungsverm\u00f6gen<\/th>\n<td>50ml<br \/>\n100ml<br \/>\n200ml<br \/>\n250ml<br \/>\n350 ml<br \/>\n500 ml<\/td>\n<\/tr>\n<tr>\n<th>Mindestbestellmenge<\/th>\n<td>1000 Stk.<\/td>\n<\/tr>\n<tr>\n<th>Verwendung<\/th>\n<td>Saftpressglasflaschen<\/td>\n<\/tr>\n<tr>\n<th>Logo<\/th>\n<td>Siebdruck\/Sticker<\/td>\n<\/tr>\n<tr>\n<th>OEM &amp; ODM<\/th>\n<td>Willkommen<\/td>\n<\/tr>\n<\/tbody>\n<\/table>\n<p><strong>Dichtigkeit:<\/strong><br \/>\nAusgezeichnete Abdichtung, kein Auslaufen, wenn sie seitlich oder kopf\u00fcber gestellt wird, und die Qualit\u00e4t der Inhaltsstoffe ist garantiert. Details der Flasche: Bleifrei, sicher und gesund Verdickter Flaschenk\u00f6rper, langlebig Verdicktes Anti-Rutsch-Design am Flaschenboden f\u00fcr eine stabile und sichere Verwendung.<\/p>","protected":false},"featured_media":991110,"comment_status":"closed","ping_status":"closed","template":"","meta":{"_acf_changed":false},"product_brand":[],"product_cat":[601,611,597],"product_tag":[],"class_list":{"0":"post-520","1":"product","2":"type-product","3":"status-publish","4":"has-post-thumbnail","6":"product_cat-food-beverage","7":"product_cat-glass-bottle-manufacturer","8":"product_cat-glass-juice-bottle-manufacturer","10":"first","11":"instock","12":"shipping-taxable","13":"product-type-simple"},"acf":[],"yoast_head":"<!-- This site is optimized with the Yoast SEO plugin v26.7 - https:\/\/yoast.com\/wordpress\/plugins\/seo\/ -->\n<title>Clear Food Grade Drinking Glass Bottle Square Juice Bottle With Cap - Reihey Glass<\/title>\n<meta name=\"robots\" content=\"index, follow, max-snippet:-1, max-image-preview:large, max-video-preview:-1\" \/>\n<link rel=\"canonical\" href=\"https:\/\/reihey.com\/de\/product\/clear-food-grade-drinking-glass-bottle-square-juice-bottle-with-cap\/\" \/>\n<meta property=\"og:locale\" content=\"de_DE\" \/>\n<meta property=\"og:type\" content=\"article\" \/>\n<meta property=\"og:title\" content=\"Clear Food Grade Drinking Glass Bottle Square Juice Bottle With Cap - Reihey Glass\" \/>\n<meta property=\"og:description\" content=\"Product Name Material Color Size &amp; Capacity MOQ Usage Logo OEM &amp; ODM   Clear Juice Glass Bottle Glass Transparent glass 50ml 1000 pcs Juicing Glass Bottles Silk Screen Welcome      100ml   Sticker       200ml          250ml          350ml          500ml           Product Name Clear Juice Glass Bottle   Material Glass   Color Transparent glass   Size &amp; Capacity 50ml 100ml 200ml 250ml 350ml 500ml   MOQ 1000 pcs   Usage Juicing Glass Bottles   Logo Silk Screen\/Sticker   OEM &amp; ODM Welcome    Tightness: Excellent sealing, no leakage when placed on the side or upside down, and the quality of the ingredients is guaranteed. Details Of The Bottle: Lead-free, safe and healthy Thickened bottle body, durable Thickened anti-slip design at the bottom of the bottle for stable and safe use.\" \/>\n<meta property=\"og:url\" content=\"https:\/\/reihey.com\/de\/product\/clear-food-grade-drinking-glass-bottle-square-juice-bottle-with-cap\/\" \/>\n<meta property=\"og:site_name\" content=\"Reihey Glass\" \/>\n<meta property=\"article:modified_time\" content=\"2025-10-29T06:28:20+00:00\" \/>\n<meta property=\"og:image\" content=\"https:\/\/reihey.com\/wp-content\/uploads\/2025\/08\/1-25.jpg\" \/>\n\t<meta property=\"og:image:width\" content=\"800\" \/>\n\t<meta property=\"og:image:height\" content=\"800\" \/>\n\t<meta property=\"og:image:type\" content=\"image\/jpeg\" \/>\n<meta name=\"twitter:card\" content=\"summary_large_image\" \/>\n<meta name=\"twitter:label1\" content=\"Est. reading time\" \/>\n\t<meta name=\"twitter:data1\" content=\"1\u00a0Minute\" \/>\n<script type=\"application\/ld+json\" class=\"yoast-schema-graph\">{\"@context\":\"https:\/\/schema.org\",\"@graph\":[{\"@type\":\"WebPage\",\"@id\":\"https:\/\/reihey.com\/product\/clear-food-grade-drinking-glass-bottle-square-juice-bottle-with-cap\/\",\"url\":\"https:\/\/reihey.com\/product\/clear-food-grade-drinking-glass-bottle-square-juice-bottle-with-cap\/\",\"name\":\"Clear Food Grade Drinking Glass Bottle Square Juice Bottle With Cap - Reihey Glass\",\"isPartOf\":{\"@id\":\"https:\/\/reihey.com\/#website\"},\"primaryImageOfPage\":{\"@id\":\"https:\/\/reihey.com\/product\/clear-food-grade-drinking-glass-bottle-square-juice-bottle-with-cap\/#primaryimage\"},\"image\":{\"@id\":\"https:\/\/reihey.com\/product\/clear-food-grade-drinking-glass-bottle-square-juice-bottle-with-cap\/#primaryimage\"},\"thumbnailUrl\":\"https:\/\/reihey.com\/wp-content\/uploads\/2025\/08\/1-25.jpg\",\"datePublished\":\"2025-08-27T10:39:24+00:00\",\"dateModified\":\"2025-10-29T06:28:20+00:00\",\"breadcrumb\":{\"@id\":\"https:\/\/reihey.com\/product\/clear-food-grade-drinking-glass-bottle-square-juice-bottle-with-cap\/#breadcrumb\"},\"inLanguage\":\"de\",\"potentialAction\":[{\"@type\":\"ReadAction\",\"target\":[\"https:\/\/reihey.com\/product\/clear-food-grade-drinking-glass-bottle-square-juice-bottle-with-cap\/\"]}]},{\"@type\":\"ImageObject\",\"inLanguage\":\"de\",\"@id\":\"https:\/\/reihey.com\/product\/clear-food-grade-drinking-glass-bottle-square-juice-bottle-with-cap\/#primaryimage\",\"url\":\"https:\/\/reihey.com\/wp-content\/uploads\/2025\/08\/1-25.jpg\",\"contentUrl\":\"https:\/\/reihey.com\/wp-content\/uploads\/2025\/08\/1-25.jpg\",\"width\":800,\"height\":800},{\"@type\":\"BreadcrumbList\",\"@id\":\"https:\/\/reihey.com\/product\/clear-food-grade-drinking-glass-bottle-square-juice-bottle-with-cap\/#breadcrumb\",\"itemListElement\":[{\"@type\":\"ListItem\",\"position\":1,\"name\":\"Home\",\"item\":\"https:\/\/reihey.com\/\"},{\"@type\":\"ListItem\",\"position\":2,\"name\":\"Shop\",\"item\":\"https:\/\/reihey.com\/shop\/\"},{\"@type\":\"ListItem\",\"position\":3,\"name\":\"Clear Food Grade Drinking Glass Bottle Square Juice Bottle With Cap\"}]},{\"@type\":\"WebSite\",\"@id\":\"https:\/\/reihey.com\/#website\",\"url\":\"https:\/\/reihey.com\/\",\"name\":\"Reihey Glass\",\"description\":\"\",\"publisher\":{\"@id\":\"https:\/\/reihey.com\/#organization\"},\"potentialAction\":[{\"@type\":\"SearchAction\",\"target\":{\"@type\":\"EntryPoint\",\"urlTemplate\":\"https:\/\/reihey.com\/?s={search_term_string}\"},\"query-input\":{\"@type\":\"PropertyValueSpecification\",\"valueRequired\":true,\"valueName\":\"search_term_string\"}}],\"inLanguage\":\"de\"},{\"@type\":\"Organization\",\"@id\":\"https:\/\/reihey.com\/#organization\",\"name\":\"Reihey Glass\",\"url\":\"https:\/\/reihey.com\/\",\"logo\":{\"@type\":\"ImageObject\",\"inLanguage\":\"de\",\"@id\":\"https:\/\/reihey.com\/#\/schema\/logo\/image\/\",\"url\":\"https:\/\/reihey.com\/wp-content\/uploads\/2023\/07\/Reihey-logo-2026.svg\",\"contentUrl\":\"https:\/\/reihey.com\/wp-content\/uploads\/2023\/07\/Reihey-logo-2026.svg\",\"width\":1984,\"height\":566,\"caption\":\"Reihey Glass\"},\"image\":{\"@id\":\"https:\/\/reihey.com\/#\/schema\/logo\/image\/\"}}]}<\/script>\n<!-- \/ Yoast SEO plugin. -->","yoast_head_json":{"title":"Klare lebensmitteltaugliche Trinkglasflasche quadratische Saftflasche mit Verschluss - Reihey Glass","robots":{"index":"index","follow":"follow","max-snippet":"max-snippet:-1","max-image-preview":"max-image-preview:large","max-video-preview":"max-video-preview:-1"},"canonical":"https:\/\/reihey.com\/de\/product\/clear-food-grade-drinking-glass-bottle-square-juice-bottle-with-cap\/","og_locale":"de_DE","og_type":"article","og_title":"Clear Food Grade Drinking Glass Bottle Square Juice Bottle With Cap - Reihey Glass","og_description":"Product Name Material Color Size &amp; Capacity MOQ Usage Logo OEM &amp; ODM   Clear Juice Glass Bottle Glass Transparent glass 50ml 1000 pcs Juicing Glass Bottles Silk Screen Welcome      100ml   Sticker       200ml          250ml          350ml          500ml           Product Name Clear Juice Glass Bottle   Material Glass   Color Transparent glass   Size &amp; Capacity 50ml 100ml 200ml 250ml 350ml 500ml   MOQ 1000 pcs   Usage Juicing Glass Bottles   Logo Silk Screen\/Sticker   OEM &amp; ODM Welcome    Tightness: Excellent sealing, no leakage when placed on the side or upside down, and the quality of the ingredients is guaranteed. Details Of The Bottle: Lead-free, safe and healthy Thickened bottle body, durable Thickened anti-slip design at the bottom of the bottle for stable and safe use.","og_url":"https:\/\/reihey.com\/de\/product\/clear-food-grade-drinking-glass-bottle-square-juice-bottle-with-cap\/","og_site_name":"Reihey Glass","article_modified_time":"2025-10-29T06:28:20+00:00","og_image":[{"width":800,"height":800,"url":"https:\/\/reihey.com\/wp-content\/uploads\/2025\/08\/1-25.jpg","type":"image\/jpeg"}],"twitter_card":"summary_large_image","twitter_misc":{"Est. reading time":"1\u00a0Minute"},"schema":{"@context":"https:\/\/schema.org","@graph":[{"@type":"WebPage","@id":"https:\/\/reihey.com\/product\/clear-food-grade-drinking-glass-bottle-square-juice-bottle-with-cap\/","url":"https:\/\/reihey.com\/product\/clear-food-grade-drinking-glass-bottle-square-juice-bottle-with-cap\/","name":"Klare lebensmitteltaugliche Trinkglasflasche quadratische Saftflasche mit Verschluss - Reihey Glass","isPartOf":{"@id":"https:\/\/reihey.com\/#website"},"primaryImageOfPage":{"@id":"https:\/\/reihey.com\/product\/clear-food-grade-drinking-glass-bottle-square-juice-bottle-with-cap\/#primaryimage"},"image":{"@id":"https:\/\/reihey.com\/product\/clear-food-grade-drinking-glass-bottle-square-juice-bottle-with-cap\/#primaryimage"},"thumbnailUrl":"https:\/\/reihey.com\/wp-content\/uploads\/2025\/08\/1-25.jpg","datePublished":"2025-08-27T10:39:24+00:00","dateModified":"2025-10-29T06:28:20+00:00","breadcrumb":{"@id":"https:\/\/reihey.com\/product\/clear-food-grade-drinking-glass-bottle-square-juice-bottle-with-cap\/#breadcrumb"},"inLanguage":"de","potentialAction":[{"@type":"ReadAction","target":["https:\/\/reihey.com\/product\/clear-food-grade-drinking-glass-bottle-square-juice-bottle-with-cap\/"]}]},{"@type":"ImageObject","inLanguage":"de","@id":"https:\/\/reihey.com\/product\/clear-food-grade-drinking-glass-bottle-square-juice-bottle-with-cap\/#primaryimage","url":"https:\/\/reihey.com\/wp-content\/uploads\/2025\/08\/1-25.jpg","contentUrl":"https:\/\/reihey.com\/wp-content\/uploads\/2025\/08\/1-25.jpg","width":800,"height":800},{"@type":"BreadcrumbList","@id":"https:\/\/reihey.com\/product\/clear-food-grade-drinking-glass-bottle-square-juice-bottle-with-cap\/#breadcrumb","itemListElement":[{"@type":"ListItem","position":1,"name":"Home","item":"https:\/\/reihey.com\/"},{"@type":"ListItem","position":2,"name":"Shop","item":"https:\/\/reihey.com\/shop\/"},{"@type":"ListItem","position":3,"name":"Clear Food Grade Drinking Glass Bottle Square Juice Bottle With Cap"}]},{"@type":"WebSite","@id":"https:\/\/reihey.com\/#website","url":"https:\/\/reihey.com\/","name":"Reihey Glas","description":"","publisher":{"@id":"https:\/\/reihey.com\/#organization"},"potentialAction":[{"@type":"SearchAction","target":{"@type":"EntryPoint","urlTemplate":"https:\/\/reihey.com\/?s={search_term_string}"},"query-input":{"@type":"PropertyValueSpecification","valueRequired":true,"valueName":"search_term_string"}}],"inLanguage":"de"},{"@type":"Organization","@id":"https:\/\/reihey.com\/#organization","name":"Reihey Glas","url":"https:\/\/reihey.com\/","logo":{"@type":"ImageObject","inLanguage":"de","@id":"https:\/\/reihey.com\/#\/schema\/logo\/image\/","url":"https:\/\/reihey.com\/wp-content\/uploads\/2023\/07\/Reihey-logo-2026.svg","contentUrl":"https:\/\/reihey.com\/wp-content\/uploads\/2023\/07\/Reihey-logo-2026.svg","width":1984,"height":566,"caption":"Reihey Glass"},"image":{"@id":"https:\/\/reihey.com\/#\/schema\/logo\/image\/"}}]}},"_links":{"self":[{"href":"https:\/\/reihey.com\/de\/wp-json\/wp\/v2\/product\/520","targetHints":{"allow":["GET"]}}],"collection":[{"href":"https:\/\/reihey.com\/de\/wp-json\/wp\/v2\/product"}],"about":[{"href":"https:\/\/reihey.com\/de\/wp-json\/wp\/v2\/types\/product"}],"replies":[{"embeddable":true,"href":"https:\/\/reihey.com\/de\/wp-json\/wp\/v2\/comments?post=520"}],"version-history":[{"count":6,"href":"https:\/\/reihey.com\/de\/wp-json\/wp\/v2\/product\/520\/revisions"}],"predecessor-version":[{"id":998202,"href":"https:\/\/reihey.com\/de\/wp-json\/wp\/v2\/product\/520\/revisions\/998202"}],"wp:featuredmedia":[{"embeddable":true,"href":"https:\/\/reihey.com\/de\/wp-json\/wp\/v2\/media\/991110"}],"wp:attachment":[{"href":"https:\/\/reihey.com\/de\/wp-json\/wp\/v2\/media?parent=520"}],"wp:term":[{"taxonomy":"product_brand","embeddable":true,"href":"https:\/\/reihey.com\/de\/wp-json\/wp\/v2\/product_brand?post=520"},{"taxonomy":"product_cat","embeddable":true,"href":"https:\/\/reihey.com\/de\/wp-json\/wp\/v2\/product_cat?post=520"},{"taxonomy":"product_tag","embeddable":true,"href":"https:\/\/reihey.com\/de\/wp-json\/wp\/v2\/product_tag?post=520"}],"curies":[{"name":"wp","href":"https:\/\/api.w.org\/{rel}","templated":true}]}}