{"id":4601,"date":"2025-08-27T10:49:36","date_gmt":"2025-08-27T10:49:36","guid":{"rendered":"https:\/\/slot71.silverline.dev\/?post_type=product&#038;p=4601"},"modified":"2025-10-28T13:27:28","modified_gmt":"2025-10-28T13:27:28","slug":"amber-glass-food-container-set-high-borosilicate-glass-food-warmer-container","status":"publish","type":"product","link":"https:\/\/reihey.com\/de\/product\/amber-glass-food-container-set-high-borosilicate-glass-food-warmer-container\/","title":{"rendered":"Amberfarbener Glas-Nahrungsmittelbeh\u00e4lter-Set Hoch Borosilikat-Glas-Nahrungsmittelw\u00e4rmer-Beh\u00e4lter"},"content":{"rendered":"","protected":false},"excerpt":{"rendered":"<table class=\"desk-tab\">\n<tbody>\n<tr>\n<th>Material<\/th>\n<th>Farbe<\/th>\n<th>Kapazit\u00e4t<\/th>\n<th>Deckel<\/th>\n<th>Verwendung<\/th>\n<th>Verpackung<\/th>\n<\/tr>\n<tr>\n<td>Borosilikatglas<\/td>\n<td>Bernstein<\/td>\n<td>Runde:400ml<\/td>\n<td>Plastikdeckel<\/td>\n<td>Lebensmittel<\/td>\n<td>1. Standard-Exportkarton \u2013 X St\u00fcck\/Box, Y Box\/Karton.<\/td>\n<\/tr>\n<tr>\n<td><\/td>\n<td><\/td>\n<td>Runde:650ml<\/td>\n<td><\/td>\n<td><\/td>\n<td>2. Sonderpackung: wei\u00dfe Box mit Ihrem Logo. Farbbox mit Ihrem Logo<\/td>\n<\/tr>\n<tr>\n<td><\/td>\n<td><\/td>\n<td>Runde:1000ml<\/td>\n<td><\/td>\n<td><\/td>\n<td><\/td>\n<\/tr>\n<tr>\n<td><\/td>\n<td><\/td>\n<td>Rechteckig:400ml<\/td>\n<td><\/td>\n<td><\/td>\n<td><\/td>\n<\/tr>\n<tr>\n<td><\/td>\n<td><\/td>\n<td>Rechteckig:600ml<\/td>\n<td><\/td>\n<td><\/td>\n<td><\/td>\n<\/tr>\n<tr>\n<td><\/td>\n<td><\/td>\n<td>Rechteckig:650ml<\/td>\n<td><\/td>\n<td><\/td>\n<td><\/td>\n<\/tr>\n<tr>\n<td><\/td>\n<td><\/td>\n<td>Rechteckig:1000ml<\/td>\n<td><\/td>\n<td><\/td>\n<td><\/td>\n<\/tr>\n<tr>\n<td><\/td>\n<td><\/td>\n<td>Rechteckig:1040ml<\/td>\n<td><\/td>\n<td><\/td>\n<td><\/td>\n<\/tr>\n<\/tbody>\n<\/table>\n<p><!-- Mobile Version --><\/p>\n<table class=\"mob-tab\">\n<tbody>\n<tr>\n<th>Material<\/th>\n<td>Borosilikatglas<\/td>\n<\/tr>\n<tr>\n<th>Farbe<\/th>\n<td>Bernstein<\/td>\n<\/tr>\n<tr>\n<th>Kapazit\u00e4t<\/th>\n<td>Runde:400ml<br \/>\nRunde:650ml<br \/>\nRunde:1000ml<br \/>\nRechteckig:400ml<br \/>\nRechteckig:600ml<br \/>\nRechteckig:650ml<br \/>\nRechteckig:1000ml<br \/>\nRechteckig:1040ml<\/td>\n<\/tr>\n<tr>\n<th>Deckel<\/th>\n<td>Plastikdeckel<\/td>\n<\/tr>\n<tr>\n<th>Verwendung<\/th>\n<td>Lebensmittel<\/td>\n<\/tr>\n<tr>\n<th>Verpackung<\/th>\n<td>1. Standard-Exportkarton \u2013 X St\u00fcck\/Box, Y Box\/Karton.<br \/>\n2. Sonderpackung: wei\u00dfe Box mit Ihrem Logo. Farbbox mit Ihrem Logo<\/td>\n<\/tr>\n<\/tbody>\n<\/table>\n<p><strong>\u00dcber diesen Artikel<\/strong><br \/>\n1.BACKOFEN\/MICROWAVE\/FREEZER\/ Geschirrsp\u00fcler-safe-von -40\u2103\/-40\u2109 im Gefrierschrank bis 400\u2103\/752\u2109 im Ofen, sicher f\u00fcr Ofen, Mikrowelle, Geschirrsp\u00fcler und Gefrierschrank. Die Deckel sind nicht ofen- oder mikrowllengeeignet, bitte entfernen Sie die Deckel vor dem Erw\u00e4rmen und Kochen von Speisen. Es ist sicher, die Deckel in der Geschirrsp\u00fclmaschine zu waschen, aber hohe Temperaturen \u00fcber l\u00e4ngere Zeit k\u00f6nnen die Silikondichtung am Rand des Deckels verformen. Bitte waschen Sie die Deckel nach M\u00f6glichkeit von Hand. 2.BPA-FREI \u2013 Die Glasaufbewahrungsbeh\u00e4lter sind BPA-frei und aus hochborosilikatglas hergestellt, f\u00fcr einfaches Erhitzen und Haltbarkeit. Nicht por\u00f6ses Glas, frei von sch\u00e4dlichen Chemikalien. (BPA-freie Deckel, speziell entwickelter snap-down, keine Leck Deckel sind vollst\u00e4ndig luft- und fl\u00fcssigkeitsdicht.)<\/p>","protected":false},"featured_media":991642,"comment_status":"closed","ping_status":"closed","template":"","meta":{"_acf_changed":false},"product_brand":[],"product_cat":[601,605],"product_tag":[],"class_list":{"0":"post-4601","1":"product","2":"type-product","3":"status-publish","4":"has-post-thumbnail","6":"product_cat-food-beverage","7":"product_cat-glass-food-container","9":"first","10":"instock","11":"shipping-taxable","12":"product-type-simple"},"acf":[],"yoast_head":"<!-- This site is optimized with the Yoast SEO plugin v26.7 - https:\/\/yoast.com\/wordpress\/plugins\/seo\/ -->\n<title>Amber Glass food container set High Borosilicate Glass food warmer container - Reihey Glass<\/title>\n<meta name=\"robots\" content=\"index, follow, max-snippet:-1, max-image-preview:large, max-video-preview:-1\" \/>\n<link rel=\"canonical\" href=\"https:\/\/reihey.com\/de\/product\/amber-glass-food-container-set-high-borosilicate-glass-food-warmer-container\/\" \/>\n<meta property=\"og:locale\" content=\"de_DE\" \/>\n<meta property=\"og:type\" content=\"article\" \/>\n<meta property=\"og:title\" content=\"Amber Glass food container set High Borosilicate Glass food warmer container - Reihey Glass\" \/>\n<meta property=\"og:description\" content=\"Material Color Capacity Lid Usage Packing   Borosilicate Glass Amber Round:400ml Plastic lid Food 1. Standard export carton--Xpcs\/box, Ybox\/carton.     Round:650ml   2. Curtom pack: white box with your logo.Color gift box with your logo     Round:1000ml        Rectangle:400ml        Rectangle:600ml        Rectangle:650ml        Rectangle:1000ml        Rectangle:1040ml           Material Borosilicate Glass   Color Amber   Capacity Round:400ml Round:650ml Round:1000ml Rectangle:400ml Rectangle:600ml Rectangle:650ml Rectangle:1000ml Rectangle:1040ml   Lid Plastic lid   Usage Food   Packing 1. Standard export carton--Xpcs\/box, Ybox\/carton. 2. Curtom pack: white box with your logo.Color gift box with your logo    About this item 1.OVEN\/MICROWAVE\/FREEZER\/DISHWASHER SAFE-from -40\u2103\/-40\u2109 in freezer to 400\u2103\/752\u2109 in oven, safe for oven, microwave, dishwasher and freezer .The lids are not oven or microwave safe,please remove the lids before heating and cooking food.It&#039;s safe to wash the lids in the dishwasher, but high temperatures over a long period of time can deform the silicone sealing strip at the edge of the lid. Please wash the lids by hand as much as possible. 2.BPA FREE - The Glass Storage Containers are BPA Free, and made out of high-borosilicate glass for easy heating and durability. non-porous glass, Free of Harmful Chemicals.(BPA free lids, specially designed snap down, no leak lids are completely air and liquid proof.)\" \/>\n<meta property=\"og:url\" content=\"https:\/\/reihey.com\/de\/product\/amber-glass-food-container-set-high-borosilicate-glass-food-warmer-container\/\" \/>\n<meta property=\"og:site_name\" content=\"Reihey Glass\" \/>\n<meta property=\"article:modified_time\" content=\"2025-10-28T13:27:28+00:00\" \/>\n<meta property=\"og:image\" content=\"https:\/\/reihey.com\/wp-content\/uploads\/2025\/08\/Amber-Glass-food-container-1.jpg\" \/>\n\t<meta property=\"og:image:width\" content=\"686\" \/>\n\t<meta property=\"og:image:height\" content=\"686\" \/>\n\t<meta property=\"og:image:type\" content=\"image\/jpeg\" \/>\n<meta name=\"twitter:card\" content=\"summary_large_image\" \/>\n<meta name=\"twitter:label1\" content=\"Est. reading time\" \/>\n\t<meta name=\"twitter:data1\" content=\"1\u00a0Minute\" \/>\n<script type=\"application\/ld+json\" class=\"yoast-schema-graph\">{\"@context\":\"https:\/\/schema.org\",\"@graph\":[{\"@type\":\"WebPage\",\"@id\":\"https:\/\/reihey.com\/product\/amber-glass-food-container-set-high-borosilicate-glass-food-warmer-container\/\",\"url\":\"https:\/\/reihey.com\/product\/amber-glass-food-container-set-high-borosilicate-glass-food-warmer-container\/\",\"name\":\"Amber Glass food container set High Borosilicate Glass food warmer container - Reihey Glass\",\"isPartOf\":{\"@id\":\"https:\/\/reihey.com\/#website\"},\"primaryImageOfPage\":{\"@id\":\"https:\/\/reihey.com\/product\/amber-glass-food-container-set-high-borosilicate-glass-food-warmer-container\/#primaryimage\"},\"image\":{\"@id\":\"https:\/\/reihey.com\/product\/amber-glass-food-container-set-high-borosilicate-glass-food-warmer-container\/#primaryimage\"},\"thumbnailUrl\":\"https:\/\/reihey.com\/wp-content\/uploads\/2025\/08\/Amber-Glass-food-container-1.jpg\",\"datePublished\":\"2025-08-27T10:49:36+00:00\",\"dateModified\":\"2025-10-28T13:27:28+00:00\",\"breadcrumb\":{\"@id\":\"https:\/\/reihey.com\/product\/amber-glass-food-container-set-high-borosilicate-glass-food-warmer-container\/#breadcrumb\"},\"inLanguage\":\"de\",\"potentialAction\":[{\"@type\":\"ReadAction\",\"target\":[\"https:\/\/reihey.com\/product\/amber-glass-food-container-set-high-borosilicate-glass-food-warmer-container\/\"]}]},{\"@type\":\"ImageObject\",\"inLanguage\":\"de\",\"@id\":\"https:\/\/reihey.com\/product\/amber-glass-food-container-set-high-borosilicate-glass-food-warmer-container\/#primaryimage\",\"url\":\"https:\/\/reihey.com\/wp-content\/uploads\/2025\/08\/Amber-Glass-food-container-1.jpg\",\"contentUrl\":\"https:\/\/reihey.com\/wp-content\/uploads\/2025\/08\/Amber-Glass-food-container-1.jpg\",\"width\":686,\"height\":686},{\"@type\":\"BreadcrumbList\",\"@id\":\"https:\/\/reihey.com\/product\/amber-glass-food-container-set-high-borosilicate-glass-food-warmer-container\/#breadcrumb\",\"itemListElement\":[{\"@type\":\"ListItem\",\"position\":1,\"name\":\"Home\",\"item\":\"https:\/\/reihey.com\/\"},{\"@type\":\"ListItem\",\"position\":2,\"name\":\"Shop\",\"item\":\"https:\/\/reihey.com\/shop\/\"},{\"@type\":\"ListItem\",\"position\":3,\"name\":\"Amber Glass food container set High Borosilicate Glass food warmer container\"}]},{\"@type\":\"WebSite\",\"@id\":\"https:\/\/reihey.com\/#website\",\"url\":\"https:\/\/reihey.com\/\",\"name\":\"Reihey Glass\",\"description\":\"\",\"publisher\":{\"@id\":\"https:\/\/reihey.com\/#organization\"},\"potentialAction\":[{\"@type\":\"SearchAction\",\"target\":{\"@type\":\"EntryPoint\",\"urlTemplate\":\"https:\/\/reihey.com\/?s={search_term_string}\"},\"query-input\":{\"@type\":\"PropertyValueSpecification\",\"valueRequired\":true,\"valueName\":\"search_term_string\"}}],\"inLanguage\":\"de\"},{\"@type\":\"Organization\",\"@id\":\"https:\/\/reihey.com\/#organization\",\"name\":\"Reihey Glass\",\"url\":\"https:\/\/reihey.com\/\",\"logo\":{\"@type\":\"ImageObject\",\"inLanguage\":\"de\",\"@id\":\"https:\/\/reihey.com\/#\/schema\/logo\/image\/\",\"url\":\"https:\/\/reihey.com\/wp-content\/uploads\/2023\/07\/Reihey-logo-2026.svg\",\"contentUrl\":\"https:\/\/reihey.com\/wp-content\/uploads\/2023\/07\/Reihey-logo-2026.svg\",\"width\":1984,\"height\":566,\"caption\":\"Reihey Glass\"},\"image\":{\"@id\":\"https:\/\/reihey.com\/#\/schema\/logo\/image\/\"}}]}<\/script>\n<!-- \/ Yoast SEO plugin. -->","yoast_head_json":{"title":"Amber Glas Lebensmitteldose Satz Hochborosilikat-Glas Lebensmittelw\u00e4rmerbeh\u00e4lter - Reihey Glas","robots":{"index":"index","follow":"follow","max-snippet":"max-snippet:-1","max-image-preview":"max-image-preview:large","max-video-preview":"max-video-preview:-1"},"canonical":"https:\/\/reihey.com\/de\/product\/amber-glass-food-container-set-high-borosilicate-glass-food-warmer-container\/","og_locale":"de_DE","og_type":"article","og_title":"Amber Glass food container set High Borosilicate Glass food warmer container - Reihey Glass","og_description":"Material Color Capacity Lid Usage Packing   Borosilicate Glass Amber Round:400ml Plastic lid Food 1. Standard export carton--Xpcs\/box, Ybox\/carton.     Round:650ml   2. Curtom pack: white box with your logo.Color gift box with your logo     Round:1000ml        Rectangle:400ml        Rectangle:600ml        Rectangle:650ml        Rectangle:1000ml        Rectangle:1040ml           Material Borosilicate Glass   Color Amber   Capacity Round:400ml Round:650ml Round:1000ml Rectangle:400ml Rectangle:600ml Rectangle:650ml Rectangle:1000ml Rectangle:1040ml   Lid Plastic lid   Usage Food   Packing 1. Standard export carton--Xpcs\/box, Ybox\/carton. 2. Curtom pack: white box with your logo.Color gift box with your logo    About this item 1.OVEN\/MICROWAVE\/FREEZER\/DISHWASHER SAFE-from -40\u2103\/-40\u2109 in freezer to 400\u2103\/752\u2109 in oven, safe for oven, microwave, dishwasher and freezer .The lids are not oven or microwave safe,please remove the lids before heating and cooking food.It's safe to wash the lids in the dishwasher, but high temperatures over a long period of time can deform the silicone sealing strip at the edge of the lid. Please wash the lids by hand as much as possible. 2.BPA FREE - The Glass Storage Containers are BPA Free, and made out of high-borosilicate glass for easy heating and durability. non-porous glass, Free of Harmful Chemicals.(BPA free lids, specially designed snap down, no leak lids are completely air and liquid proof.)","og_url":"https:\/\/reihey.com\/de\/product\/amber-glass-food-container-set-high-borosilicate-glass-food-warmer-container\/","og_site_name":"Reihey Glass","article_modified_time":"2025-10-28T13:27:28+00:00","og_image":[{"width":686,"height":686,"url":"https:\/\/reihey.com\/wp-content\/uploads\/2025\/08\/Amber-Glass-food-container-1.jpg","type":"image\/jpeg"}],"twitter_card":"summary_large_image","twitter_misc":{"Est. reading time":"1\u00a0Minute"},"schema":{"@context":"https:\/\/schema.org","@graph":[{"@type":"WebPage","@id":"https:\/\/reihey.com\/product\/amber-glass-food-container-set-high-borosilicate-glass-food-warmer-container\/","url":"https:\/\/reihey.com\/product\/amber-glass-food-container-set-high-borosilicate-glass-food-warmer-container\/","name":"Amber Glas Lebensmitteldose Satz Hochborosilikat-Glas Lebensmittelw\u00e4rmerbeh\u00e4lter - Reihey Glas","isPartOf":{"@id":"https:\/\/reihey.com\/#website"},"primaryImageOfPage":{"@id":"https:\/\/reihey.com\/product\/amber-glass-food-container-set-high-borosilicate-glass-food-warmer-container\/#primaryimage"},"image":{"@id":"https:\/\/reihey.com\/product\/amber-glass-food-container-set-high-borosilicate-glass-food-warmer-container\/#primaryimage"},"thumbnailUrl":"https:\/\/reihey.com\/wp-content\/uploads\/2025\/08\/Amber-Glass-food-container-1.jpg","datePublished":"2025-08-27T10:49:36+00:00","dateModified":"2025-10-28T13:27:28+00:00","breadcrumb":{"@id":"https:\/\/reihey.com\/product\/amber-glass-food-container-set-high-borosilicate-glass-food-warmer-container\/#breadcrumb"},"inLanguage":"de","potentialAction":[{"@type":"ReadAction","target":["https:\/\/reihey.com\/product\/amber-glass-food-container-set-high-borosilicate-glass-food-warmer-container\/"]}]},{"@type":"ImageObject","inLanguage":"de","@id":"https:\/\/reihey.com\/product\/amber-glass-food-container-set-high-borosilicate-glass-food-warmer-container\/#primaryimage","url":"https:\/\/reihey.com\/wp-content\/uploads\/2025\/08\/Amber-Glass-food-container-1.jpg","contentUrl":"https:\/\/reihey.com\/wp-content\/uploads\/2025\/08\/Amber-Glass-food-container-1.jpg","width":686,"height":686},{"@type":"BreadcrumbList","@id":"https:\/\/reihey.com\/product\/amber-glass-food-container-set-high-borosilicate-glass-food-warmer-container\/#breadcrumb","itemListElement":[{"@type":"ListItem","position":1,"name":"Home","item":"https:\/\/reihey.com\/"},{"@type":"ListItem","position":2,"name":"Shop","item":"https:\/\/reihey.com\/shop\/"},{"@type":"ListItem","position":3,"name":"Amber Glass food container set High Borosilicate Glass food warmer container"}]},{"@type":"WebSite","@id":"https:\/\/reihey.com\/#website","url":"https:\/\/reihey.com\/","name":"Reihey Glas","description":"","publisher":{"@id":"https:\/\/reihey.com\/#organization"},"potentialAction":[{"@type":"SearchAction","target":{"@type":"EntryPoint","urlTemplate":"https:\/\/reihey.com\/?s={search_term_string}"},"query-input":{"@type":"PropertyValueSpecification","valueRequired":true,"valueName":"search_term_string"}}],"inLanguage":"de"},{"@type":"Organization","@id":"https:\/\/reihey.com\/#organization","name":"Reihey Glas","url":"https:\/\/reihey.com\/","logo":{"@type":"ImageObject","inLanguage":"de","@id":"https:\/\/reihey.com\/#\/schema\/logo\/image\/","url":"https:\/\/reihey.com\/wp-content\/uploads\/2023\/07\/Reihey-logo-2026.svg","contentUrl":"https:\/\/reihey.com\/wp-content\/uploads\/2023\/07\/Reihey-logo-2026.svg","width":1984,"height":566,"caption":"Reihey Glass"},"image":{"@id":"https:\/\/reihey.com\/#\/schema\/logo\/image\/"}}]}},"_links":{"self":[{"href":"https:\/\/reihey.com\/de\/wp-json\/wp\/v2\/product\/4601","targetHints":{"allow":["GET"]}}],"collection":[{"href":"https:\/\/reihey.com\/de\/wp-json\/wp\/v2\/product"}],"about":[{"href":"https:\/\/reihey.com\/de\/wp-json\/wp\/v2\/types\/product"}],"replies":[{"embeddable":true,"href":"https:\/\/reihey.com\/de\/wp-json\/wp\/v2\/comments?post=4601"}],"version-history":[{"count":6,"href":"https:\/\/reihey.com\/de\/wp-json\/wp\/v2\/product\/4601\/revisions"}],"predecessor-version":[{"id":998117,"href":"https:\/\/reihey.com\/de\/wp-json\/wp\/v2\/product\/4601\/revisions\/998117"}],"wp:featuredmedia":[{"embeddable":true,"href":"https:\/\/reihey.com\/de\/wp-json\/wp\/v2\/media\/991642"}],"wp:attachment":[{"href":"https:\/\/reihey.com\/de\/wp-json\/wp\/v2\/media?parent=4601"}],"wp:term":[{"taxonomy":"product_brand","embeddable":true,"href":"https:\/\/reihey.com\/de\/wp-json\/wp\/v2\/product_brand?post=4601"},{"taxonomy":"product_cat","embeddable":true,"href":"https:\/\/reihey.com\/de\/wp-json\/wp\/v2\/product_cat?post=4601"},{"taxonomy":"product_tag","embeddable":true,"href":"https:\/\/reihey.com\/de\/wp-json\/wp\/v2\/product_tag?post=4601"}],"curies":[{"name":"wp","href":"https:\/\/api.w.org\/{rel}","templated":true}]}}