{"id":4435,"date":"2025-08-27T10:48:35","date_gmt":"2025-08-27T10:48:35","guid":{"rendered":"https:\/\/slot71.silverline.dev\/?post_type=product&#038;p=4435"},"modified":"2025-10-28T13:27:21","modified_gmt":"2025-10-28T13:27:21","slug":"clear-borosil-bakeware-crystal-glass-2-1l-round-baking-dish-without-lid-in-oven","status":"publish","type":"product","link":"https:\/\/reihey.com\/de\/product\/clear-borosil-bakeware-crystal-glass-2-1l-round-baking-dish-without-lid-in-oven\/","title":{"rendered":"Transparent borosilikat-Backgeschirr Kristallglas 2,1 l runde Backform ohne Deckel im Ofen"},"content":{"rendered":"","protected":false},"excerpt":{"rendered":"<table class=\"desk-tab\">\n<tbody>\n<tr>\n<th>Material<\/th>\n<th>Farbe<\/th>\n<th>Gr\u00f6\u00dfe<\/th>\n<th>Kapazit\u00e4t<\/th>\n<th>Verwendung<\/th>\n<th>Verpackung<\/th>\n<\/tr>\n<tr>\n<td>Hoch borosilikatisches Glas<\/td>\n<td>Transparent<\/td>\n<td>26,3cm*5,7cm<\/td>\n<td>2,1L<\/td>\n<td>Mikrowelle<\/td>\n<td>1. Standard-Exportkarton \u2013 X St\u00fcck\/Box, Y Box\/Karton.<\/td>\n<\/tr>\n<tr>\n<td><\/td>\n<td><\/td>\n<td><\/td>\n<td><\/td>\n<td>Backofen<\/td>\n<td>2. Sonderpackung: wei\u00dfe Box mit Ihrem Logo. Farbbox mit Ihrem Logo<\/td>\n<\/tr>\n<tr>\n<td><\/td>\n<td><\/td>\n<td><\/td>\n<td><\/td>\n<td>Gefrierschrank<\/td>\n<td><\/td>\n<\/tr>\n<tr>\n<td><\/td>\n<td><\/td>\n<td><\/td>\n<td><\/td>\n<td>Geschirrsp\u00fcler<\/td>\n<td><\/td>\n<\/tr>\n<\/tbody>\n<\/table>\n<p><!-- Mobile Version --><\/p>\n<table class=\"mob-tab\">\n<tbody>\n<tr>\n<th>Material<\/th>\n<td>Hoch borosilikatisches Glas<\/td>\n<\/tr>\n<tr>\n<th>Farbe<\/th>\n<td>Transparent<\/td>\n<\/tr>\n<tr>\n<th>Gr\u00f6\u00dfe<\/th>\n<td>26,3cm*5,7cm<\/td>\n<\/tr>\n<tr>\n<th>Kapazit\u00e4t<\/th>\n<td>2,1L<\/td>\n<\/tr>\n<tr>\n<th>Verwendung<\/th>\n<td>Mikrowelle<br \/>\nBackofen<br \/>\nGefrierschrank<br \/>\nGeschirrsp\u00fcler<\/td>\n<\/tr>\n<tr>\n<th>Verpackung<\/th>\n<td>1. Standard-Exportkarton \u2013 X St\u00fcck\/Box, Y Box\/Karton.<br \/>\n2. Sonderpackung: wei\u00dfe Box mit Ihrem Logo. Farbbox mit Ihrem Logo<\/td>\n<\/tr>\n<\/tbody>\n<\/table>\n<p>Bleifreies und cadmiumfreies lebensmitteltaugliches Glas, 2,1L runde Glas-Backform. Glasgeschirr, macht Ihre K\u00fcche und Ihr Esszimmer edler. Das Glas ist farblos und geruchlos, antihaftbeschichtet, leicht zu reinigen und sieht lange wie neu aus. Das Glas ist fest und verschlei\u00dffest, ohne Abbl\u00e4ttern, f\u00fcr jahrzehntelangen Dauereinsatz. Glas reagiert beim Kochen nicht chemisch mit Lebensmitteln und Glas ist ein recyclingf\u00e4higes Material. Verschiedene Fassungsverm\u00f6gen, runde und quadratische Backformen, praktischer in der Anwendung. Hochborosilikat-Glasprodukte, hohe Temperaturbest\u00e4ndigkeit bis 300\u00b0C, extrem hei\u00df und extrem kalt bis -120\u00b0C. Geh\u00e4rtetes Glas, bei Bruch entstehen stumpfe Bruchst\u00fccke, keine Gefahr f\u00fcr den menschlichen K\u00f6rper.<\/p>","protected":false},"featured_media":991594,"comment_status":"closed","ping_status":"closed","template":"","meta":{"_acf_changed":false},"product_brand":[],"product_cat":[601,634],"product_tag":[],"class_list":{"0":"post-4435","1":"product","2":"type-product","3":"status-publish","4":"has-post-thumbnail","6":"product_cat-food-beverage","7":"product_cat-glass-bakeware","9":"first","10":"instock","11":"shipping-taxable","12":"product-type-simple"},"acf":[],"yoast_head":"<!-- This site is optimized with the Yoast SEO plugin v26.7 - https:\/\/yoast.com\/wordpress\/plugins\/seo\/ -->\n<title>Clear borosil bakeware crystal glass 2.1L round baking dish without lid in oven - Reihey Glass<\/title>\n<meta name=\"robots\" content=\"index, follow, max-snippet:-1, max-image-preview:large, max-video-preview:-1\" \/>\n<link rel=\"canonical\" href=\"https:\/\/reihey.com\/de\/product\/clear-borosil-bakeware-crystal-glass-2-1l-round-baking-dish-without-lid-in-oven\/\" \/>\n<meta property=\"og:locale\" content=\"de_DE\" \/>\n<meta property=\"og:type\" content=\"article\" \/>\n<meta property=\"og:title\" content=\"Clear borosil bakeware crystal glass 2.1L round baking dish without lid in oven - Reihey Glass\" \/>\n<meta property=\"og:description\" content=\"Material Color Size Capacity Usage Packing   High Borosilicate Glass Transparent 26.3cm*5.7cm 2.1L Microwave 1. Standard export carton--Xpcs\/box, Ybox\/carton.       Oven 2. Curtom pack: white box with your logo.Color gift box with your logo       Freezer        Dishwasher         Material High Borosilicate Glass   Color Transparent   Size 26.3cm*5.7cm   Capacity 2.1L   Usage Microwave Oven Freezer Dishwasher   Packing 1. Standard export carton--Xpcs\/box, Ybox\/carton. 2. Curtom pack: white box with your logo.Color gift box with your logo    Lead-free and cadmium-free food grade glass, 2.1L round glass baking pan. Glass tableware, make your kitchen and dining room more advanced. The glass is colorless and odorless, non-stick pan, easy to clean, and looks like new for a long time. The glass is firm and wear-resistant, without peeling, for decades of continuous use. Glass will not chemically react with any food during cooking and glass is a recyclable material. Kinds of capacity, round and square baking pan, more convenient to use. High boron glass products, high temperature resistance 300\u00b0C, extremely hot and extremely cold 120\u00b0C. Tempered glass, broken will form an obtuse angle, no harm to the human body.\" \/>\n<meta property=\"og:url\" content=\"https:\/\/reihey.com\/de\/product\/clear-borosil-bakeware-crystal-glass-2-1l-round-baking-dish-without-lid-in-oven\/\" \/>\n<meta property=\"og:site_name\" content=\"Reihey Glass\" \/>\n<meta property=\"article:modified_time\" content=\"2025-10-28T13:27:21+00:00\" \/>\n<meta property=\"og:image\" content=\"https:\/\/reihey.com\/wp-content\/uploads\/2025\/08\/glass-bakeware-4-1.png\" \/>\n\t<meta property=\"og:image:width\" content=\"800\" \/>\n\t<meta property=\"og:image:height\" content=\"800\" \/>\n\t<meta property=\"og:image:type\" content=\"image\/png\" \/>\n<meta name=\"twitter:card\" content=\"summary_large_image\" \/>\n<meta name=\"twitter:label1\" content=\"Est. reading time\" \/>\n\t<meta name=\"twitter:data1\" content=\"1\u00a0Minute\" \/>\n<script type=\"application\/ld+json\" class=\"yoast-schema-graph\">{\"@context\":\"https:\/\/schema.org\",\"@graph\":[{\"@type\":\"WebPage\",\"@id\":\"https:\/\/reihey.com\/product\/clear-borosil-bakeware-crystal-glass-2-1l-round-baking-dish-without-lid-in-oven\/\",\"url\":\"https:\/\/reihey.com\/product\/clear-borosil-bakeware-crystal-glass-2-1l-round-baking-dish-without-lid-in-oven\/\",\"name\":\"Clear borosil bakeware crystal glass 2.1L round baking dish without lid in oven - Reihey Glass\",\"isPartOf\":{\"@id\":\"https:\/\/reihey.com\/#website\"},\"primaryImageOfPage\":{\"@id\":\"https:\/\/reihey.com\/product\/clear-borosil-bakeware-crystal-glass-2-1l-round-baking-dish-without-lid-in-oven\/#primaryimage\"},\"image\":{\"@id\":\"https:\/\/reihey.com\/product\/clear-borosil-bakeware-crystal-glass-2-1l-round-baking-dish-without-lid-in-oven\/#primaryimage\"},\"thumbnailUrl\":\"https:\/\/reihey.com\/wp-content\/uploads\/2025\/08\/glass-bakeware-4-1.png\",\"datePublished\":\"2025-08-27T10:48:35+00:00\",\"dateModified\":\"2025-10-28T13:27:21+00:00\",\"breadcrumb\":{\"@id\":\"https:\/\/reihey.com\/product\/clear-borosil-bakeware-crystal-glass-2-1l-round-baking-dish-without-lid-in-oven\/#breadcrumb\"},\"inLanguage\":\"de\",\"potentialAction\":[{\"@type\":\"ReadAction\",\"target\":[\"https:\/\/reihey.com\/product\/clear-borosil-bakeware-crystal-glass-2-1l-round-baking-dish-without-lid-in-oven\/\"]}]},{\"@type\":\"ImageObject\",\"inLanguage\":\"de\",\"@id\":\"https:\/\/reihey.com\/product\/clear-borosil-bakeware-crystal-glass-2-1l-round-baking-dish-without-lid-in-oven\/#primaryimage\",\"url\":\"https:\/\/reihey.com\/wp-content\/uploads\/2025\/08\/glass-bakeware-4-1.png\",\"contentUrl\":\"https:\/\/reihey.com\/wp-content\/uploads\/2025\/08\/glass-bakeware-4-1.png\",\"width\":800,\"height\":800},{\"@type\":\"BreadcrumbList\",\"@id\":\"https:\/\/reihey.com\/product\/clear-borosil-bakeware-crystal-glass-2-1l-round-baking-dish-without-lid-in-oven\/#breadcrumb\",\"itemListElement\":[{\"@type\":\"ListItem\",\"position\":1,\"name\":\"Home\",\"item\":\"https:\/\/reihey.com\/\"},{\"@type\":\"ListItem\",\"position\":2,\"name\":\"Shop\",\"item\":\"https:\/\/reihey.com\/shop\/\"},{\"@type\":\"ListItem\",\"position\":3,\"name\":\"Clear borosil bakeware crystal glass 2.1L round baking dish without lid in oven\"}]},{\"@type\":\"WebSite\",\"@id\":\"https:\/\/reihey.com\/#website\",\"url\":\"https:\/\/reihey.com\/\",\"name\":\"Reihey Glass\",\"description\":\"\",\"publisher\":{\"@id\":\"https:\/\/reihey.com\/#organization\"},\"potentialAction\":[{\"@type\":\"SearchAction\",\"target\":{\"@type\":\"EntryPoint\",\"urlTemplate\":\"https:\/\/reihey.com\/?s={search_term_string}\"},\"query-input\":{\"@type\":\"PropertyValueSpecification\",\"valueRequired\":true,\"valueName\":\"search_term_string\"}}],\"inLanguage\":\"de\"},{\"@type\":\"Organization\",\"@id\":\"https:\/\/reihey.com\/#organization\",\"name\":\"Reihey Glass\",\"url\":\"https:\/\/reihey.com\/\",\"logo\":{\"@type\":\"ImageObject\",\"inLanguage\":\"de\",\"@id\":\"https:\/\/reihey.com\/#\/schema\/logo\/image\/\",\"url\":\"https:\/\/reihey.com\/wp-content\/uploads\/2023\/07\/Reihey-logo-2026.svg\",\"contentUrl\":\"https:\/\/reihey.com\/wp-content\/uploads\/2023\/07\/Reihey-logo-2026.svg\",\"width\":1984,\"height\":566,\"caption\":\"Reihey Glass\"},\"image\":{\"@id\":\"https:\/\/reihey.com\/#\/schema\/logo\/image\/\"}}]}<\/script>\n<!-- \/ Yoast SEO plugin. -->","yoast_head_json":{"title":"Klares Borosilikat-Backgeschirr Kristallglas 2,1L runde Auflaufform ohne Deckel f\u00fcr den Ofen - Reihey Glass","robots":{"index":"index","follow":"follow","max-snippet":"max-snippet:-1","max-image-preview":"max-image-preview:large","max-video-preview":"max-video-preview:-1"},"canonical":"https:\/\/reihey.com\/de\/product\/clear-borosil-bakeware-crystal-glass-2-1l-round-baking-dish-without-lid-in-oven\/","og_locale":"de_DE","og_type":"article","og_title":"Clear borosil bakeware crystal glass 2.1L round baking dish without lid in oven - Reihey Glass","og_description":"Material Color Size Capacity Usage Packing   High Borosilicate Glass Transparent 26.3cm*5.7cm 2.1L Microwave 1. Standard export carton--Xpcs\/box, Ybox\/carton.       Oven 2. Curtom pack: white box with your logo.Color gift box with your logo       Freezer        Dishwasher         Material High Borosilicate Glass   Color Transparent   Size 26.3cm*5.7cm   Capacity 2.1L   Usage Microwave Oven Freezer Dishwasher   Packing 1. Standard export carton--Xpcs\/box, Ybox\/carton. 2. Curtom pack: white box with your logo.Color gift box with your logo    Lead-free and cadmium-free food grade glass, 2.1L round glass baking pan. Glass tableware, make your kitchen and dining room more advanced. The glass is colorless and odorless, non-stick pan, easy to clean, and looks like new for a long time. The glass is firm and wear-resistant, without peeling, for decades of continuous use. Glass will not chemically react with any food during cooking and glass is a recyclable material. Kinds of capacity, round and square baking pan, more convenient to use. High boron glass products, high temperature resistance 300\u00b0C, extremely hot and extremely cold 120\u00b0C. Tempered glass, broken will form an obtuse angle, no harm to the human body.","og_url":"https:\/\/reihey.com\/de\/product\/clear-borosil-bakeware-crystal-glass-2-1l-round-baking-dish-without-lid-in-oven\/","og_site_name":"Reihey Glass","article_modified_time":"2025-10-28T13:27:21+00:00","og_image":[{"width":800,"height":800,"url":"https:\/\/reihey.com\/wp-content\/uploads\/2025\/08\/glass-bakeware-4-1.png","type":"image\/png"}],"twitter_card":"summary_large_image","twitter_misc":{"Est. reading time":"1\u00a0Minute"},"schema":{"@context":"https:\/\/schema.org","@graph":[{"@type":"WebPage","@id":"https:\/\/reihey.com\/product\/clear-borosil-bakeware-crystal-glass-2-1l-round-baking-dish-without-lid-in-oven\/","url":"https:\/\/reihey.com\/product\/clear-borosil-bakeware-crystal-glass-2-1l-round-baking-dish-without-lid-in-oven\/","name":"Klares Borosilikat-Backgeschirr Kristallglas 2,1L runde Auflaufform ohne Deckel f\u00fcr den Ofen - Reihey Glass","isPartOf":{"@id":"https:\/\/reihey.com\/#website"},"primaryImageOfPage":{"@id":"https:\/\/reihey.com\/product\/clear-borosil-bakeware-crystal-glass-2-1l-round-baking-dish-without-lid-in-oven\/#primaryimage"},"image":{"@id":"https:\/\/reihey.com\/product\/clear-borosil-bakeware-crystal-glass-2-1l-round-baking-dish-without-lid-in-oven\/#primaryimage"},"thumbnailUrl":"https:\/\/reihey.com\/wp-content\/uploads\/2025\/08\/glass-bakeware-4-1.png","datePublished":"2025-08-27T10:48:35+00:00","dateModified":"2025-10-28T13:27:21+00:00","breadcrumb":{"@id":"https:\/\/reihey.com\/product\/clear-borosil-bakeware-crystal-glass-2-1l-round-baking-dish-without-lid-in-oven\/#breadcrumb"},"inLanguage":"de","potentialAction":[{"@type":"ReadAction","target":["https:\/\/reihey.com\/product\/clear-borosil-bakeware-crystal-glass-2-1l-round-baking-dish-without-lid-in-oven\/"]}]},{"@type":"ImageObject","inLanguage":"de","@id":"https:\/\/reihey.com\/product\/clear-borosil-bakeware-crystal-glass-2-1l-round-baking-dish-without-lid-in-oven\/#primaryimage","url":"https:\/\/reihey.com\/wp-content\/uploads\/2025\/08\/glass-bakeware-4-1.png","contentUrl":"https:\/\/reihey.com\/wp-content\/uploads\/2025\/08\/glass-bakeware-4-1.png","width":800,"height":800},{"@type":"BreadcrumbList","@id":"https:\/\/reihey.com\/product\/clear-borosil-bakeware-crystal-glass-2-1l-round-baking-dish-without-lid-in-oven\/#breadcrumb","itemListElement":[{"@type":"ListItem","position":1,"name":"Home","item":"https:\/\/reihey.com\/"},{"@type":"ListItem","position":2,"name":"Shop","item":"https:\/\/reihey.com\/shop\/"},{"@type":"ListItem","position":3,"name":"Clear borosil bakeware crystal glass 2.1L round baking dish without lid in oven"}]},{"@type":"WebSite","@id":"https:\/\/reihey.com\/#website","url":"https:\/\/reihey.com\/","name":"Reihey Glas","description":"","publisher":{"@id":"https:\/\/reihey.com\/#organization"},"potentialAction":[{"@type":"SearchAction","target":{"@type":"EntryPoint","urlTemplate":"https:\/\/reihey.com\/?s={search_term_string}"},"query-input":{"@type":"PropertyValueSpecification","valueRequired":true,"valueName":"search_term_string"}}],"inLanguage":"de"},{"@type":"Organization","@id":"https:\/\/reihey.com\/#organization","name":"Reihey Glas","url":"https:\/\/reihey.com\/","logo":{"@type":"ImageObject","inLanguage":"de","@id":"https:\/\/reihey.com\/#\/schema\/logo\/image\/","url":"https:\/\/reihey.com\/wp-content\/uploads\/2023\/07\/Reihey-logo-2026.svg","contentUrl":"https:\/\/reihey.com\/wp-content\/uploads\/2023\/07\/Reihey-logo-2026.svg","width":1984,"height":566,"caption":"Reihey Glass"},"image":{"@id":"https:\/\/reihey.com\/#\/schema\/logo\/image\/"}}]}},"_links":{"self":[{"href":"https:\/\/reihey.com\/de\/wp-json\/wp\/v2\/product\/4435","targetHints":{"allow":["GET"]}}],"collection":[{"href":"https:\/\/reihey.com\/de\/wp-json\/wp\/v2\/product"}],"about":[{"href":"https:\/\/reihey.com\/de\/wp-json\/wp\/v2\/types\/product"}],"replies":[{"embeddable":true,"href":"https:\/\/reihey.com\/de\/wp-json\/wp\/v2\/comments?post=4435"}],"version-history":[{"count":3,"href":"https:\/\/reihey.com\/de\/wp-json\/wp\/v2\/product\/4435\/revisions"}],"predecessor-version":[{"id":998107,"href":"https:\/\/reihey.com\/de\/wp-json\/wp\/v2\/product\/4435\/revisions\/998107"}],"wp:featuredmedia":[{"embeddable":true,"href":"https:\/\/reihey.com\/de\/wp-json\/wp\/v2\/media\/991594"}],"wp:attachment":[{"href":"https:\/\/reihey.com\/de\/wp-json\/wp\/v2\/media?parent=4435"}],"wp:term":[{"taxonomy":"product_brand","embeddable":true,"href":"https:\/\/reihey.com\/de\/wp-json\/wp\/v2\/product_brand?post=4435"},{"taxonomy":"product_cat","embeddable":true,"href":"https:\/\/reihey.com\/de\/wp-json\/wp\/v2\/product_cat?post=4435"},{"taxonomy":"product_tag","embeddable":true,"href":"https:\/\/reihey.com\/de\/wp-json\/wp\/v2\/product_tag?post=4435"}],"curies":[{"name":"wp","href":"https:\/\/api.w.org\/{rel}","templated":true}]}}