{"id":4419,"date":"2025-08-27T10:48:27","date_gmt":"2025-08-27T10:48:27","guid":{"rendered":"https:\/\/slot71.silverline.dev\/?post_type=product&#038;p=4419"},"modified":"2025-10-28T13:27:12","modified_gmt":"2025-10-28T13:27:12","slug":"glass-color-bottles-wishing-bottle-tiny-jars-vials-rectangle-bottles-with-cork","status":"publish","type":"product","link":"https:\/\/reihey.com\/de\/product\/glass-color-bottles-wishing-bottle-tiny-jars-vials-rectangle-bottles-with-cork\/","title":{"rendered":"Glasfarbe Flaschen Wishing Bottle Kleine Gl\u00e4ser R\u00f6hrchen Rechteckflaschen mit Kork"},"content":{"rendered":"","protected":false},"excerpt":{"rendered":"<table class=\"desk-tab\">\n<tbody>\n<tr>\n<th>Material<\/th>\n<th>Gr\u00f6\u00dfe<\/th>\n<th>Cap Typ<\/th>\n<th>Sandfarbe<\/th>\n<th>Verwendung<\/th>\n<th>Verpackung<\/th>\n<\/tr>\n<tr>\n<td>Glas<\/td>\n<td>H 2,5 x T 1,5 cm<\/td>\n<td>Kork<\/td>\n<td>Verschiedene Farben erh\u00e4ltlich<\/td>\n<td>DIY<\/td>\n<td>Standard-Exportkarton\u2013X St\u00fcck\/Box, Y Box\/ carton.<\/td>\n<\/tr>\n<tr>\n<td><\/td>\n<td><\/td>\n<td><\/td>\n<td><\/td>\n<td>Wohnkultur<\/td>\n<td>Benutzerdefinierte Verpackung: wei\u00dfe Box mit Ihrem Logo, farbige Geschenkbox mit Ihrem Logo<\/td>\n<\/tr>\n<tr>\n<td><\/td>\n<td><\/td>\n<td><\/td>\n<td><\/td>\n<td>Party Hochzeitsgeschenk<\/td>\n<td><\/td>\n<\/tr>\n<\/tbody>\n<\/table>\n<table class=\"mob-tab\">\n<tbody>\n<tr>\n<th>Material<\/th>\n<td>Glas<\/td>\n<\/tr>\n<tr>\n<th>Gr\u00f6\u00dfe<\/th>\n<td>H 2,5 x T 1,5 cm<\/td>\n<\/tr>\n<tr>\n<th>Cap Typ<\/th>\n<td>Kork<\/td>\n<\/tr>\n<tr>\n<th>Sandfarbe<\/th>\n<td>Verschiedene Farben erh\u00e4ltlich<\/td>\n<\/tr>\n<tr>\n<th>Verwendung<\/th>\n<td>DIY<br \/>\nWohnkultur<br \/>\nParty Hochzeitsgeschenk<\/td>\n<\/tr>\n<tr>\n<th>Verpackung<\/th>\n<td>Standard-Exportkarton\u2013X St\u00fcck\/Box, Y Box\/ carton.<br \/>\nBenutzerdefinierte Verpackung: wei\u00dfe Box mit Ihrem Logo, farbige Geschenkbox mit Ihrem Logo<\/td>\n<\/tr>\n<\/tbody>\n<\/table>\n<p><strong>\u00dcber diesen Artikel<\/strong><br \/>\n1.Retro Stil: niedliche, mini farbige Glaskugeln mit Korken, hergestellt aus Glas; schaffen Sie eine romantische Atmosph\u00e4re mit diesen Mini-Glasfl\u00e4schchen f\u00fcr Ihre Hochzeits- und Partydekoration, verleihen Sie Ihrer Feier einen Vintage-Reiz, indem Sie sie mit Etiketten, Schn\u00fcren oder B\u00e4ndern verzieren und ihnen eine pers\u00f6nlichere Note geben. 2.Vielf\u00e4ltige Nutzung: Unsere rechteckigen, niedlichen Mini-Glasfl\u00e4schchen mit Korken k\u00f6nnen nicht nur als Dekoration, Hochzeitsgaben und Aufbewahrungselemente verwendet werden, sondern auch als kleine Beh\u00e4lter f\u00fcr Botschaften, Muster und andere winzige Gegenst\u00e4nde. 3.Niedliche Wunschr\u00f6hrchen: Die winzigen Gl\u00e4ser eignen sich hervorragend als Geschenkidee f\u00fcr Freunde als Wunschfl\u00e4schchen; schreiben Sie Ihre besten W\u00fcnsche auf kleine Zettel und stecken Sie diese in die Flasche, um sie dann an Ihre Freunde zu senden.<\/p>","protected":false},"featured_media":991589,"comment_status":"closed","ping_status":"closed","template":"","meta":{"_acf_changed":false},"product_brand":[],"product_cat":[633,632],"product_tag":[],"class_list":{"0":"post-4419","1":"product","2":"type-product","3":"status-publish","4":"has-post-thumbnail","6":"product_cat-glass-wishing-bottle","7":"product_cat-home-decor","9":"first","10":"instock","11":"shipping-taxable","12":"product-type-simple"},"acf":[],"yoast_head":"<!-- This site is optimized with the Yoast SEO plugin v26.7 - https:\/\/yoast.com\/wordpress\/plugins\/seo\/ -->\n<title>Glass Color Bottles Wishing Bottle Tiny Jars Vials Rectangle Bottles with Cork - Reihey Glass<\/title>\n<meta name=\"robots\" content=\"index, follow, max-snippet:-1, max-image-preview:large, max-video-preview:-1\" \/>\n<link rel=\"canonical\" href=\"https:\/\/reihey.com\/de\/product\/glass-color-bottles-wishing-bottle-tiny-jars-vials-rectangle-bottles-with-cork\/\" \/>\n<meta property=\"og:locale\" content=\"de_DE\" \/>\n<meta property=\"og:type\" content=\"article\" \/>\n<meta property=\"og:title\" content=\"Glass Color Bottles Wishing Bottle Tiny Jars Vials Rectangle Bottles with Cork - Reihey Glass\" \/>\n<meta property=\"og:description\" content=\"Material Size Cap type Sand Color Usage Packing   Glass H 2.5 x D1.5 cm Cork Different colors are available DIY Standard export carton--Xpcs\/box, Ybox\/carton.       Home decoration Custom pack: white box with your logo, Color gift box with your logo       Party Wedding Gift        Material Glass   Size H 2.5 x D1.5 cm   Cap type Cork   Sand Color Different colors are available   Usage DIY Home decoration Party Wedding Gift   Packing Standard export carton--Xpcs\/box, Ybox\/carton. Custom pack: white box with your logo, Color gift box with your logo    About this item 1.Retro style: cute mini colored glass wishing bottles are made with glass, create a romantic atmosphere with these mini glass bottles for your wedding and party decoration, add your party a vintage appeal by adorning these with labels, twines, or ribbons and giving them a more personalized look. 2.Widely usage: our rectangle cute mini colored glass bottles with cork can be applied not only as decorations, wedding favors and storage accessories, but also as small containers for message, samples and other tiny items. 3.Cute wish bottles: the tiny jars vials are ideal gift choice for friends as wish bottles, you can write your best wishes on pieces of small paper, and then put them into the bottle, then send to your friends.\" \/>\n<meta property=\"og:url\" content=\"https:\/\/reihey.com\/de\/product\/glass-color-bottles-wishing-bottle-tiny-jars-vials-rectangle-bottles-with-cork\/\" \/>\n<meta property=\"og:site_name\" content=\"Reihey Glass\" \/>\n<meta property=\"article:modified_time\" content=\"2025-10-28T13:27:12+00:00\" \/>\n<meta property=\"og:image\" content=\"https:\/\/reihey.com\/wp-content\/uploads\/2025\/08\/Glass-Color-Bottles-Wishing-Bottle-2.png\" \/>\n\t<meta property=\"og:image:width\" content=\"800\" \/>\n\t<meta property=\"og:image:height\" content=\"800\" \/>\n\t<meta property=\"og:image:type\" content=\"image\/png\" \/>\n<meta name=\"twitter:card\" content=\"summary_large_image\" \/>\n<meta name=\"twitter:label1\" content=\"Est. reading time\" \/>\n\t<meta name=\"twitter:data1\" content=\"1\u00a0Minute\" \/>\n<script type=\"application\/ld+json\" class=\"yoast-schema-graph\">{\"@context\":\"https:\/\/schema.org\",\"@graph\":[{\"@type\":\"WebPage\",\"@id\":\"https:\/\/reihey.com\/product\/glass-color-bottles-wishing-bottle-tiny-jars-vials-rectangle-bottles-with-cork\/\",\"url\":\"https:\/\/reihey.com\/product\/glass-color-bottles-wishing-bottle-tiny-jars-vials-rectangle-bottles-with-cork\/\",\"name\":\"Glass Color Bottles Wishing Bottle Tiny Jars Vials Rectangle Bottles with Cork - Reihey Glass\",\"isPartOf\":{\"@id\":\"https:\/\/reihey.com\/#website\"},\"primaryImageOfPage\":{\"@id\":\"https:\/\/reihey.com\/product\/glass-color-bottles-wishing-bottle-tiny-jars-vials-rectangle-bottles-with-cork\/#primaryimage\"},\"image\":{\"@id\":\"https:\/\/reihey.com\/product\/glass-color-bottles-wishing-bottle-tiny-jars-vials-rectangle-bottles-with-cork\/#primaryimage\"},\"thumbnailUrl\":\"https:\/\/reihey.com\/wp-content\/uploads\/2025\/08\/Glass-Color-Bottles-Wishing-Bottle-2.png\",\"datePublished\":\"2025-08-27T10:48:27+00:00\",\"dateModified\":\"2025-10-28T13:27:12+00:00\",\"breadcrumb\":{\"@id\":\"https:\/\/reihey.com\/product\/glass-color-bottles-wishing-bottle-tiny-jars-vials-rectangle-bottles-with-cork\/#breadcrumb\"},\"inLanguage\":\"de\",\"potentialAction\":[{\"@type\":\"ReadAction\",\"target\":[\"https:\/\/reihey.com\/product\/glass-color-bottles-wishing-bottle-tiny-jars-vials-rectangle-bottles-with-cork\/\"]}]},{\"@type\":\"ImageObject\",\"inLanguage\":\"de\",\"@id\":\"https:\/\/reihey.com\/product\/glass-color-bottles-wishing-bottle-tiny-jars-vials-rectangle-bottles-with-cork\/#primaryimage\",\"url\":\"https:\/\/reihey.com\/wp-content\/uploads\/2025\/08\/Glass-Color-Bottles-Wishing-Bottle-2.png\",\"contentUrl\":\"https:\/\/reihey.com\/wp-content\/uploads\/2025\/08\/Glass-Color-Bottles-Wishing-Bottle-2.png\",\"width\":800,\"height\":800},{\"@type\":\"BreadcrumbList\",\"@id\":\"https:\/\/reihey.com\/product\/glass-color-bottles-wishing-bottle-tiny-jars-vials-rectangle-bottles-with-cork\/#breadcrumb\",\"itemListElement\":[{\"@type\":\"ListItem\",\"position\":1,\"name\":\"Home\",\"item\":\"https:\/\/reihey.com\/\"},{\"@type\":\"ListItem\",\"position\":2,\"name\":\"Shop\",\"item\":\"https:\/\/reihey.com\/shop\/\"},{\"@type\":\"ListItem\",\"position\":3,\"name\":\"Glass Color Bottles Wishing Bottle Tiny Jars Vials Rectangle Bottles with Cork\"}]},{\"@type\":\"WebSite\",\"@id\":\"https:\/\/reihey.com\/#website\",\"url\":\"https:\/\/reihey.com\/\",\"name\":\"Reihey Glass\",\"description\":\"\",\"publisher\":{\"@id\":\"https:\/\/reihey.com\/#organization\"},\"potentialAction\":[{\"@type\":\"SearchAction\",\"target\":{\"@type\":\"EntryPoint\",\"urlTemplate\":\"https:\/\/reihey.com\/?s={search_term_string}\"},\"query-input\":{\"@type\":\"PropertyValueSpecification\",\"valueRequired\":true,\"valueName\":\"search_term_string\"}}],\"inLanguage\":\"de\"},{\"@type\":\"Organization\",\"@id\":\"https:\/\/reihey.com\/#organization\",\"name\":\"Reihey Glass\",\"url\":\"https:\/\/reihey.com\/\",\"logo\":{\"@type\":\"ImageObject\",\"inLanguage\":\"de\",\"@id\":\"https:\/\/reihey.com\/#\/schema\/logo\/image\/\",\"url\":\"https:\/\/reihey.com\/wp-content\/uploads\/2023\/07\/Reihey-logo-2026.svg\",\"contentUrl\":\"https:\/\/reihey.com\/wp-content\/uploads\/2023\/07\/Reihey-logo-2026.svg\",\"width\":1984,\"height\":566,\"caption\":\"Reihey Glass\"},\"image\":{\"@id\":\"https:\/\/reihey.com\/#\/schema\/logo\/image\/\"}}]}<\/script>\n<!-- \/ Yoast SEO plugin. -->","yoast_head_json":{"title":"Glasfarbene Flaschen Wunschflasche Kleine Gl\u00e4ser Vials Rechteckflaschen mit Korken - Reihey Glas","robots":{"index":"index","follow":"follow","max-snippet":"max-snippet:-1","max-image-preview":"max-image-preview:large","max-video-preview":"max-video-preview:-1"},"canonical":"https:\/\/reihey.com\/de\/product\/glass-color-bottles-wishing-bottle-tiny-jars-vials-rectangle-bottles-with-cork\/","og_locale":"de_DE","og_type":"article","og_title":"Glass Color Bottles Wishing Bottle Tiny Jars Vials Rectangle Bottles with Cork - Reihey Glass","og_description":"Material Size Cap type Sand Color Usage Packing   Glass H 2.5 x D1.5 cm Cork Different colors are available DIY Standard export carton--Xpcs\/box, Ybox\/carton.       Home decoration Custom pack: white box with your logo, Color gift box with your logo       Party Wedding Gift        Material Glass   Size H 2.5 x D1.5 cm   Cap type Cork   Sand Color Different colors are available   Usage DIY Home decoration Party Wedding Gift   Packing Standard export carton--Xpcs\/box, Ybox\/carton. Custom pack: white box with your logo, Color gift box with your logo    About this item 1.Retro style: cute mini colored glass wishing bottles are made with glass, create a romantic atmosphere with these mini glass bottles for your wedding and party decoration, add your party a vintage appeal by adorning these with labels, twines, or ribbons and giving them a more personalized look. 2.Widely usage: our rectangle cute mini colored glass bottles with cork can be applied not only as decorations, wedding favors and storage accessories, but also as small containers for message, samples and other tiny items. 3.Cute wish bottles: the tiny jars vials are ideal gift choice for friends as wish bottles, you can write your best wishes on pieces of small paper, and then put them into the bottle, then send to your friends.","og_url":"https:\/\/reihey.com\/de\/product\/glass-color-bottles-wishing-bottle-tiny-jars-vials-rectangle-bottles-with-cork\/","og_site_name":"Reihey Glass","article_modified_time":"2025-10-28T13:27:12+00:00","og_image":[{"width":800,"height":800,"url":"https:\/\/reihey.com\/wp-content\/uploads\/2025\/08\/Glass-Color-Bottles-Wishing-Bottle-2.png","type":"image\/png"}],"twitter_card":"summary_large_image","twitter_misc":{"Est. reading time":"1\u00a0Minute"},"schema":{"@context":"https:\/\/schema.org","@graph":[{"@type":"WebPage","@id":"https:\/\/reihey.com\/product\/glass-color-bottles-wishing-bottle-tiny-jars-vials-rectangle-bottles-with-cork\/","url":"https:\/\/reihey.com\/product\/glass-color-bottles-wishing-bottle-tiny-jars-vials-rectangle-bottles-with-cork\/","name":"Glasfarbene Flaschen Wunschflasche Kleine Gl\u00e4ser Vials Rechteckflaschen mit Korken - Reihey Glas","isPartOf":{"@id":"https:\/\/reihey.com\/#website"},"primaryImageOfPage":{"@id":"https:\/\/reihey.com\/product\/glass-color-bottles-wishing-bottle-tiny-jars-vials-rectangle-bottles-with-cork\/#primaryimage"},"image":{"@id":"https:\/\/reihey.com\/product\/glass-color-bottles-wishing-bottle-tiny-jars-vials-rectangle-bottles-with-cork\/#primaryimage"},"thumbnailUrl":"https:\/\/reihey.com\/wp-content\/uploads\/2025\/08\/Glass-Color-Bottles-Wishing-Bottle-2.png","datePublished":"2025-08-27T10:48:27+00:00","dateModified":"2025-10-28T13:27:12+00:00","breadcrumb":{"@id":"https:\/\/reihey.com\/product\/glass-color-bottles-wishing-bottle-tiny-jars-vials-rectangle-bottles-with-cork\/#breadcrumb"},"inLanguage":"de","potentialAction":[{"@type":"ReadAction","target":["https:\/\/reihey.com\/product\/glass-color-bottles-wishing-bottle-tiny-jars-vials-rectangle-bottles-with-cork\/"]}]},{"@type":"ImageObject","inLanguage":"de","@id":"https:\/\/reihey.com\/product\/glass-color-bottles-wishing-bottle-tiny-jars-vials-rectangle-bottles-with-cork\/#primaryimage","url":"https:\/\/reihey.com\/wp-content\/uploads\/2025\/08\/Glass-Color-Bottles-Wishing-Bottle-2.png","contentUrl":"https:\/\/reihey.com\/wp-content\/uploads\/2025\/08\/Glass-Color-Bottles-Wishing-Bottle-2.png","width":800,"height":800},{"@type":"BreadcrumbList","@id":"https:\/\/reihey.com\/product\/glass-color-bottles-wishing-bottle-tiny-jars-vials-rectangle-bottles-with-cork\/#breadcrumb","itemListElement":[{"@type":"ListItem","position":1,"name":"Home","item":"https:\/\/reihey.com\/"},{"@type":"ListItem","position":2,"name":"Shop","item":"https:\/\/reihey.com\/shop\/"},{"@type":"ListItem","position":3,"name":"Glass Color Bottles Wishing Bottle Tiny Jars Vials Rectangle Bottles with Cork"}]},{"@type":"WebSite","@id":"https:\/\/reihey.com\/#website","url":"https:\/\/reihey.com\/","name":"Reihey Glas","description":"","publisher":{"@id":"https:\/\/reihey.com\/#organization"},"potentialAction":[{"@type":"SearchAction","target":{"@type":"EntryPoint","urlTemplate":"https:\/\/reihey.com\/?s={search_term_string}"},"query-input":{"@type":"PropertyValueSpecification","valueRequired":true,"valueName":"search_term_string"}}],"inLanguage":"de"},{"@type":"Organization","@id":"https:\/\/reihey.com\/#organization","name":"Reihey Glas","url":"https:\/\/reihey.com\/","logo":{"@type":"ImageObject","inLanguage":"de","@id":"https:\/\/reihey.com\/#\/schema\/logo\/image\/","url":"https:\/\/reihey.com\/wp-content\/uploads\/2023\/07\/Reihey-logo-2026.svg","contentUrl":"https:\/\/reihey.com\/wp-content\/uploads\/2023\/07\/Reihey-logo-2026.svg","width":1984,"height":566,"caption":"Reihey Glass"},"image":{"@id":"https:\/\/reihey.com\/#\/schema\/logo\/image\/"}}]}},"_links":{"self":[{"href":"https:\/\/reihey.com\/de\/wp-json\/wp\/v2\/product\/4419","targetHints":{"allow":["GET"]}}],"collection":[{"href":"https:\/\/reihey.com\/de\/wp-json\/wp\/v2\/product"}],"about":[{"href":"https:\/\/reihey.com\/de\/wp-json\/wp\/v2\/types\/product"}],"replies":[{"embeddable":true,"href":"https:\/\/reihey.com\/de\/wp-json\/wp\/v2\/comments?post=4419"}],"version-history":[{"count":5,"href":"https:\/\/reihey.com\/de\/wp-json\/wp\/v2\/product\/4419\/revisions"}],"predecessor-version":[{"id":998106,"href":"https:\/\/reihey.com\/de\/wp-json\/wp\/v2\/product\/4419\/revisions\/998106"}],"wp:featuredmedia":[{"embeddable":true,"href":"https:\/\/reihey.com\/de\/wp-json\/wp\/v2\/media\/991589"}],"wp:attachment":[{"href":"https:\/\/reihey.com\/de\/wp-json\/wp\/v2\/media?parent=4419"}],"wp:term":[{"taxonomy":"product_brand","embeddable":true,"href":"https:\/\/reihey.com\/de\/wp-json\/wp\/v2\/product_brand?post=4419"},{"taxonomy":"product_cat","embeddable":true,"href":"https:\/\/reihey.com\/de\/wp-json\/wp\/v2\/product_cat?post=4419"},{"taxonomy":"product_tag","embeddable":true,"href":"https:\/\/reihey.com\/de\/wp-json\/wp\/v2\/product_tag?post=4419"}],"curies":[{"name":"wp","href":"https:\/\/api.w.org\/{rel}","templated":true}]}}