{"id":4338,"date":"2025-08-27T10:47:52","date_gmt":"2025-08-27T10:47:52","guid":{"rendered":"https:\/\/slot71.silverline.dev\/?post_type=product&#038;p=4338"},"modified":"2025-10-28T13:27:12","modified_gmt":"2025-10-28T13:27:12","slug":"colorful-large-dynamic-round-glass-3d-deep-moving-flowing-sand-art","status":"publish","type":"product","link":"https:\/\/reihey.com\/de\/product\/colorful-large-dynamic-round-glass-3d-deep-moving-flowing-sand-art\/","title":{"rendered":"Bunte gro\u00dfe dynamische runde Gl\u00e4ser 3D tief bewegende flie\u00dfende Sandkunst"},"content":{"rendered":"","protected":false},"excerpt":{"rendered":"<table class=\"desk-tab\">\n<tbody>\n<tr>\n<th>Material<\/th>\n<th>Gr\u00f6\u00dfe<\/th>\n<th>Form<\/th>\n<th>Zeit<\/th>\n<th>Sandfarbe<\/th>\n<th>Verwendung<\/th>\n<th>Verpackung<\/th>\n<\/tr>\n<tr>\n<td>Glas<\/td>\n<td>7Zoll<\/td>\n<td>Rund<\/td>\n<td>1min<\/td>\n<td>Blau<\/td>\n<td>Timing<\/td>\n<td>Standard-Exportkarton\u2013X St\u00fcck\/Box, Y Box\/ carton.<\/td>\n<\/tr>\n<tr>\n<td><\/td>\n<td>12Zoll<\/td>\n<td><\/td>\n<td>3min<\/td>\n<td>Schwarz<\/td>\n<td><\/td>\n<td>Benutzerdefinierte Verpackung: wei\u00dfe Box mit Ihrem Logo, farbige Geschenkbox mit Ihrem Logo<\/td>\n<\/tr>\n<tr>\n<td><\/td>\n<td><\/td>\n<td><\/td>\n<td>5min<\/td>\n<td>Rot<\/td>\n<td><\/td>\n<td><\/td>\n<\/tr>\n<tr>\n<td><\/td>\n<td><\/td>\n<td><\/td>\n<td><\/td>\n<td>Gr\u00fcn<\/td>\n<td><\/td>\n<td><\/td>\n<\/tr>\n<tr>\n<td><\/td>\n<td><\/td>\n<td><\/td>\n<td><\/td>\n<td>Lila<\/td>\n<td><\/td>\n<td><\/td>\n<\/tr>\n<tr>\n<td><\/td>\n<td><\/td>\n<td><\/td>\n<td><\/td>\n<td>Gelb<\/td>\n<td><\/td>\n<td><\/td>\n<\/tr>\n<tr>\n<td><\/td>\n<td><\/td>\n<td><\/td>\n<td><\/td>\n<td>Rose Rot<\/td>\n<td><\/td>\n<td><\/td>\n<\/tr>\n<\/tbody>\n<\/table>\n<table class=\"mob-tab\">\n<tbody>\n<tr>\n<th>Material<\/th>\n<td>Glas<\/td>\n<\/tr>\n<tr>\n<th>Gr\u00f6\u00dfe<\/th>\n<td>7Zoll<br \/>\n12Zoll<\/td>\n<\/tr>\n<tr>\n<th>Form<\/th>\n<td>Rund<\/td>\n<\/tr>\n<tr>\n<th>Zeit<\/th>\n<td>1min<br \/>\n3min<br \/>\n5min<\/td>\n<\/tr>\n<tr>\n<th>Sandfarbe<\/th>\n<td>Blau<br \/>\nSchwarz<br \/>\nRot<br \/>\nGr\u00fcn<br \/>\nLila<br \/>\nGelb<br \/>\nRose Rot<\/td>\n<\/tr>\n<tr>\n<th>Verwendung<\/th>\n<td>Timing<\/td>\n<\/tr>\n<tr>\n<th>Verpackung<\/th>\n<td>Standard-Exportkarton\u2013X St\u00fcck\/Box, Y Box\/ carton.<br \/>\nBenutzerdefinierte Verpackung: wei\u00dfe Box mit Ihrem Logo, farbige Geschenkbox mit Ihrem Logo<\/td>\n<\/tr>\n<\/tbody>\n<\/table>\n<p><strong>\u00dcber diesen Artikel<\/strong><br \/>\n1.\u3010In die Landschaft eintauchen\u3011- der flie\u00dfende Tiefseesand bildet durch die fortlaufende Rotation eine weitere neue Landschaftskarte. Tauchen Sie ein in den langsam flie\u00dfenden Sand und beobachten Sie die sich langsam bildende Landschaftskarte, als w\u00fcrden Sie in Bergen und Fl\u00fcssen sein, das rauschen des Wassers kl\u00e4rt den Geist, lindert die Erm\u00fcdung eines Tages Lernens\/Bearbeitens, beruhigt Stress und schenkt Ihnen ein angenehmes Erlebnis. 2.\u3010Perfekte Qualit\u00e4t\u3011- Hochwertiges bleifreies Glas, das wie Wasser transparent ist und es Ihnen erm\u00f6glicht, das gurgelnde Treibsand voll zu erleben. Das Produktdesign ist einfallsreich, die Verarbeitung pr\u00e4zise, jedes Detailebene ist deutlich, und der perfekte feine Sand sowie seine Farbe machen jedes 3D-Bild, das herausflie\u00dft, voller k\u00fcnstlerischer Konzeption. Der Rahmen aus ABS-Material muss sich keine Gedanken \u00fcber Umweltprobleme machen und ist eine hervorragende M\u00f6beldekoration. 3.\u3010Sandmalerei-Dekoration\u3011- Die perfekte Wohn-\/B\u00fcro-Dekoration. Ein nat\u00fcrliches Landschaftsbild macht Ihr Haus\/B\u00fcro mitten in einer Landschaft, ruhig, nat\u00fcrlich, elegant und gleichg\u00fcltig. Wenn Sie die unterschiedlichen Landschaftsbilder betrachten, die sich durch den Fluss des Sandes bilden, k\u00f6nnen Sie die Magie des Sch\u00f6pfers sp\u00fcren, und jede Ver\u00e4nderung ist so nat\u00fcrlich und sch\u00f6n. 4.\u3010Wertvolle Geschenke\u3011- Zeigen Sie Ihre besonderen Gef\u00fchle, indem Sie Ihre eigenen Gef\u00fchle in der Landschaft ausdr\u00fccken und sie einer besonderen Person \u00fcberreichen. F\u00fcr B\u00fcroangestellte, Studenten mit schwerem Studium und Menschen, die lange am Computer arbeiten, ist ein Landschaftsgem\u00e4lde voller k\u00fcnstlerischer Konzeption die perfekte Erg\u00e4nzung zu ihren Schreibtischen. Im murmelnden Wasser zu verweilen kann Erm\u00fcdung wegwaschen, Gedanken anregen und die Effizienz steigern.<\/p>","protected":false},"featured_media":991557,"comment_status":"closed","ping_status":"closed","template":"","meta":{"_acf_changed":false},"product_brand":[],"product_cat":[632,599],"product_tag":[],"class_list":{"0":"post-4338","1":"product","2":"type-product","3":"status-publish","4":"has-post-thumbnail","6":"product_cat-home-decor","7":"product_cat-hourglass","9":"first","10":"instock","11":"shipping-taxable","12":"product-type-simple"},"acf":[],"yoast_head":"<!-- This site is optimized with the Yoast SEO plugin v26.7 - https:\/\/yoast.com\/wordpress\/plugins\/seo\/ -->\n<title>Colorful large dynamic round glass 3d deep moving flowing sand art - Reihey Glass<\/title>\n<meta name=\"robots\" content=\"index, follow, max-snippet:-1, max-image-preview:large, max-video-preview:-1\" \/>\n<link rel=\"canonical\" href=\"https:\/\/reihey.com\/de\/product\/colorful-large-dynamic-round-glass-3d-deep-moving-flowing-sand-art\/\" \/>\n<meta property=\"og:locale\" content=\"de_DE\" \/>\n<meta property=\"og:type\" content=\"article\" \/>\n<meta property=\"og:title\" content=\"Colorful large dynamic round glass 3d deep moving flowing sand art - Reihey Glass\" \/>\n<meta property=\"og:description\" content=\"Material Size Shape Time Sand Color Usage Packing   Glass 7inch Round 1min Blue Timing Standard export carton--Xpcs\/box, Ybox\/carton.    12inch  3min Black  Custom pack: white box with your logo, Color gift box with your logo      5min Red         Green         Purple         Yellow         Rose Red         Material Glass   Size 7inch 12inch   Shape Round   Time 1min 3min 5min   Sand Color Blue Black Red Green Purple Yellow Rose Red   Usage Timing   Packing Standard export carton--Xpcs\/box, Ybox\/carton. Custom pack: white box with your logo, Color gift box with your logo    About this item 1.\u3010Indulge in the landscape\u3011- the flowing deep-sea sand will form another new landscape map with the continuous rotation. Immerse in the slowly flowing sand and watch the slowly forming landscape map, as if you are in the mountains and rivers, the gurgling water , purify the mind, relieve the fatigue of a day&#039;s study\/work, relieve stress, and give you a comfortable experience. 2.\u3010Perfect Quality\u3011- High-quality lead-free glass that is transparent like water, allowing you to fully experience the gurgling quicksand. The product design is ingenious, the workmanship is precise, each detail level is distinct, and the perfect fine sand and its color make every 3D picture that flows out is full of artistic conception. The frame of ABS material does not need to worry about its environmental protection problem, and it is an excellent furniture decoration. 3.\u3010Sand Painting Decoration\u3011- The perfect home\/office decoration. A natural landscape painting makes your house\/office in the middle of landscape, quiet, natural, elegant and indifferent. Watching the different landscape pictures formed with the flow of sand, you can feel the magic of the Creator, and every change is so natural and beautiful. 4.\u3010High-value gifts\u3011- Express your heavy feelings by expressing your own feelings in the landscape and presenting them to a special person. For office workers, students with heavy studies, and people who work on computers for a long time, a landscape painting full of artistic conception is the perfect complement to their desks. Being in the murmuring water can wash away fatigue, inspire thoughts, and improve efficiency.\" \/>\n<meta property=\"og:url\" content=\"https:\/\/reihey.com\/de\/product\/colorful-large-dynamic-round-glass-3d-deep-moving-flowing-sand-art\/\" \/>\n<meta property=\"og:site_name\" content=\"Reihey Glass\" \/>\n<meta property=\"article:modified_time\" content=\"2025-10-28T13:27:12+00:00\" \/>\n<meta property=\"og:image\" content=\"https:\/\/reihey.com\/wp-content\/uploads\/2025\/08\/Main-02-36.jpg\" \/>\n\t<meta property=\"og:image:width\" content=\"930\" \/>\n\t<meta property=\"og:image:height\" content=\"930\" \/>\n\t<meta property=\"og:image:type\" content=\"image\/jpeg\" \/>\n<meta name=\"twitter:card\" content=\"summary_large_image\" \/>\n<meta name=\"twitter:label1\" content=\"Est. reading time\" \/>\n\t<meta name=\"twitter:data1\" content=\"1\u00a0Minute\" \/>\n<script type=\"application\/ld+json\" class=\"yoast-schema-graph\">{\"@context\":\"https:\/\/schema.org\",\"@graph\":[{\"@type\":\"WebPage\",\"@id\":\"https:\/\/reihey.com\/product\/colorful-large-dynamic-round-glass-3d-deep-moving-flowing-sand-art\/\",\"url\":\"https:\/\/reihey.com\/product\/colorful-large-dynamic-round-glass-3d-deep-moving-flowing-sand-art\/\",\"name\":\"Colorful large dynamic round glass 3d deep moving flowing sand art - Reihey Glass\",\"isPartOf\":{\"@id\":\"https:\/\/reihey.com\/#website\"},\"primaryImageOfPage\":{\"@id\":\"https:\/\/reihey.com\/product\/colorful-large-dynamic-round-glass-3d-deep-moving-flowing-sand-art\/#primaryimage\"},\"image\":{\"@id\":\"https:\/\/reihey.com\/product\/colorful-large-dynamic-round-glass-3d-deep-moving-flowing-sand-art\/#primaryimage\"},\"thumbnailUrl\":\"https:\/\/reihey.com\/wp-content\/uploads\/2025\/08\/Main-02-36.jpg\",\"datePublished\":\"2025-08-27T10:47:52+00:00\",\"dateModified\":\"2025-10-28T13:27:12+00:00\",\"breadcrumb\":{\"@id\":\"https:\/\/reihey.com\/product\/colorful-large-dynamic-round-glass-3d-deep-moving-flowing-sand-art\/#breadcrumb\"},\"inLanguage\":\"de\",\"potentialAction\":[{\"@type\":\"ReadAction\",\"target\":[\"https:\/\/reihey.com\/product\/colorful-large-dynamic-round-glass-3d-deep-moving-flowing-sand-art\/\"]}]},{\"@type\":\"ImageObject\",\"inLanguage\":\"de\",\"@id\":\"https:\/\/reihey.com\/product\/colorful-large-dynamic-round-glass-3d-deep-moving-flowing-sand-art\/#primaryimage\",\"url\":\"https:\/\/reihey.com\/wp-content\/uploads\/2025\/08\/Main-02-36.jpg\",\"contentUrl\":\"https:\/\/reihey.com\/wp-content\/uploads\/2025\/08\/Main-02-36.jpg\",\"width\":930,\"height\":930},{\"@type\":\"BreadcrumbList\",\"@id\":\"https:\/\/reihey.com\/product\/colorful-large-dynamic-round-glass-3d-deep-moving-flowing-sand-art\/#breadcrumb\",\"itemListElement\":[{\"@type\":\"ListItem\",\"position\":1,\"name\":\"Home\",\"item\":\"https:\/\/reihey.com\/\"},{\"@type\":\"ListItem\",\"position\":2,\"name\":\"Shop\",\"item\":\"https:\/\/reihey.com\/shop\/\"},{\"@type\":\"ListItem\",\"position\":3,\"name\":\"Colorful large dynamic round glass 3d deep moving flowing sand art\"}]},{\"@type\":\"WebSite\",\"@id\":\"https:\/\/reihey.com\/#website\",\"url\":\"https:\/\/reihey.com\/\",\"name\":\"Reihey Glass\",\"description\":\"\",\"publisher\":{\"@id\":\"https:\/\/reihey.com\/#organization\"},\"potentialAction\":[{\"@type\":\"SearchAction\",\"target\":{\"@type\":\"EntryPoint\",\"urlTemplate\":\"https:\/\/reihey.com\/?s={search_term_string}\"},\"query-input\":{\"@type\":\"PropertyValueSpecification\",\"valueRequired\":true,\"valueName\":\"search_term_string\"}}],\"inLanguage\":\"de\"},{\"@type\":\"Organization\",\"@id\":\"https:\/\/reihey.com\/#organization\",\"name\":\"Reihey Glass\",\"url\":\"https:\/\/reihey.com\/\",\"logo\":{\"@type\":\"ImageObject\",\"inLanguage\":\"de\",\"@id\":\"https:\/\/reihey.com\/#\/schema\/logo\/image\/\",\"url\":\"https:\/\/reihey.com\/wp-content\/uploads\/2023\/07\/Reihey-logo-2026.svg\",\"contentUrl\":\"https:\/\/reihey.com\/wp-content\/uploads\/2023\/07\/Reihey-logo-2026.svg\",\"width\":1984,\"height\":566,\"caption\":\"Reihey Glass\"},\"image\":{\"@id\":\"https:\/\/reihey.com\/#\/schema\/logo\/image\/\"}}]}<\/script>\n<!-- \/ Yoast SEO plugin. -->","yoast_head_json":{"title":"Farbiges gro\u00dfes dynamisches rundes Glas 3D tief bewegendes flie\u00dfendes Sandkunstwerk - Reihey Glass","robots":{"index":"index","follow":"follow","max-snippet":"max-snippet:-1","max-image-preview":"max-image-preview:large","max-video-preview":"max-video-preview:-1"},"canonical":"https:\/\/reihey.com\/de\/product\/colorful-large-dynamic-round-glass-3d-deep-moving-flowing-sand-art\/","og_locale":"de_DE","og_type":"article","og_title":"Colorful large dynamic round glass 3d deep moving flowing sand art - Reihey Glass","og_description":"Material Size Shape Time Sand Color Usage Packing   Glass 7inch Round 1min Blue Timing Standard export carton--Xpcs\/box, Ybox\/carton.    12inch  3min Black  Custom pack: white box with your logo, Color gift box with your logo      5min Red         Green         Purple         Yellow         Rose Red         Material Glass   Size 7inch 12inch   Shape Round   Time 1min 3min 5min   Sand Color Blue Black Red Green Purple Yellow Rose Red   Usage Timing   Packing Standard export carton--Xpcs\/box, Ybox\/carton. Custom pack: white box with your logo, Color gift box with your logo    About this item 1.\u3010Indulge in the landscape\u3011- the flowing deep-sea sand will form another new landscape map with the continuous rotation. Immerse in the slowly flowing sand and watch the slowly forming landscape map, as if you are in the mountains and rivers, the gurgling water , purify the mind, relieve the fatigue of a day's study\/work, relieve stress, and give you a comfortable experience. 2.\u3010Perfect Quality\u3011- High-quality lead-free glass that is transparent like water, allowing you to fully experience the gurgling quicksand. The product design is ingenious, the workmanship is precise, each detail level is distinct, and the perfect fine sand and its color make every 3D picture that flows out is full of artistic conception. The frame of ABS material does not need to worry about its environmental protection problem, and it is an excellent furniture decoration. 3.\u3010Sand Painting Decoration\u3011- The perfect home\/office decoration. A natural landscape painting makes your house\/office in the middle of landscape, quiet, natural, elegant and indifferent. Watching the different landscape pictures formed with the flow of sand, you can feel the magic of the Creator, and every change is so natural and beautiful. 4.\u3010High-value gifts\u3011- Express your heavy feelings by expressing your own feelings in the landscape and presenting them to a special person. For office workers, students with heavy studies, and people who work on computers for a long time, a landscape painting full of artistic conception is the perfect complement to their desks. Being in the murmuring water can wash away fatigue, inspire thoughts, and improve efficiency.","og_url":"https:\/\/reihey.com\/de\/product\/colorful-large-dynamic-round-glass-3d-deep-moving-flowing-sand-art\/","og_site_name":"Reihey Glass","article_modified_time":"2025-10-28T13:27:12+00:00","og_image":[{"width":930,"height":930,"url":"https:\/\/reihey.com\/wp-content\/uploads\/2025\/08\/Main-02-36.jpg","type":"image\/jpeg"}],"twitter_card":"summary_large_image","twitter_misc":{"Est. reading time":"1\u00a0Minute"},"schema":{"@context":"https:\/\/schema.org","@graph":[{"@type":"WebPage","@id":"https:\/\/reihey.com\/product\/colorful-large-dynamic-round-glass-3d-deep-moving-flowing-sand-art\/","url":"https:\/\/reihey.com\/product\/colorful-large-dynamic-round-glass-3d-deep-moving-flowing-sand-art\/","name":"Farbiges gro\u00dfes dynamisches rundes Glas 3D tief bewegendes flie\u00dfendes Sandkunstwerk - Reihey Glass","isPartOf":{"@id":"https:\/\/reihey.com\/#website"},"primaryImageOfPage":{"@id":"https:\/\/reihey.com\/product\/colorful-large-dynamic-round-glass-3d-deep-moving-flowing-sand-art\/#primaryimage"},"image":{"@id":"https:\/\/reihey.com\/product\/colorful-large-dynamic-round-glass-3d-deep-moving-flowing-sand-art\/#primaryimage"},"thumbnailUrl":"https:\/\/reihey.com\/wp-content\/uploads\/2025\/08\/Main-02-36.jpg","datePublished":"2025-08-27T10:47:52+00:00","dateModified":"2025-10-28T13:27:12+00:00","breadcrumb":{"@id":"https:\/\/reihey.com\/product\/colorful-large-dynamic-round-glass-3d-deep-moving-flowing-sand-art\/#breadcrumb"},"inLanguage":"de","potentialAction":[{"@type":"ReadAction","target":["https:\/\/reihey.com\/product\/colorful-large-dynamic-round-glass-3d-deep-moving-flowing-sand-art\/"]}]},{"@type":"ImageObject","inLanguage":"de","@id":"https:\/\/reihey.com\/product\/colorful-large-dynamic-round-glass-3d-deep-moving-flowing-sand-art\/#primaryimage","url":"https:\/\/reihey.com\/wp-content\/uploads\/2025\/08\/Main-02-36.jpg","contentUrl":"https:\/\/reihey.com\/wp-content\/uploads\/2025\/08\/Main-02-36.jpg","width":930,"height":930},{"@type":"BreadcrumbList","@id":"https:\/\/reihey.com\/product\/colorful-large-dynamic-round-glass-3d-deep-moving-flowing-sand-art\/#breadcrumb","itemListElement":[{"@type":"ListItem","position":1,"name":"Home","item":"https:\/\/reihey.com\/"},{"@type":"ListItem","position":2,"name":"Shop","item":"https:\/\/reihey.com\/shop\/"},{"@type":"ListItem","position":3,"name":"Colorful large dynamic round glass 3d deep moving flowing sand art"}]},{"@type":"WebSite","@id":"https:\/\/reihey.com\/#website","url":"https:\/\/reihey.com\/","name":"Reihey Glas","description":"","publisher":{"@id":"https:\/\/reihey.com\/#organization"},"potentialAction":[{"@type":"SearchAction","target":{"@type":"EntryPoint","urlTemplate":"https:\/\/reihey.com\/?s={search_term_string}"},"query-input":{"@type":"PropertyValueSpecification","valueRequired":true,"valueName":"search_term_string"}}],"inLanguage":"de"},{"@type":"Organization","@id":"https:\/\/reihey.com\/#organization","name":"Reihey Glas","url":"https:\/\/reihey.com\/","logo":{"@type":"ImageObject","inLanguage":"de","@id":"https:\/\/reihey.com\/#\/schema\/logo\/image\/","url":"https:\/\/reihey.com\/wp-content\/uploads\/2023\/07\/Reihey-logo-2026.svg","contentUrl":"https:\/\/reihey.com\/wp-content\/uploads\/2023\/07\/Reihey-logo-2026.svg","width":1984,"height":566,"caption":"Reihey Glass"},"image":{"@id":"https:\/\/reihey.com\/#\/schema\/logo\/image\/"}}]}},"_links":{"self":[{"href":"https:\/\/reihey.com\/de\/wp-json\/wp\/v2\/product\/4338","targetHints":{"allow":["GET"]}}],"collection":[{"href":"https:\/\/reihey.com\/de\/wp-json\/wp\/v2\/product"}],"about":[{"href":"https:\/\/reihey.com\/de\/wp-json\/wp\/v2\/types\/product"}],"replies":[{"embeddable":true,"href":"https:\/\/reihey.com\/de\/wp-json\/wp\/v2\/comments?post=4338"}],"version-history":[{"count":4,"href":"https:\/\/reihey.com\/de\/wp-json\/wp\/v2\/product\/4338\/revisions"}],"predecessor-version":[{"id":998099,"href":"https:\/\/reihey.com\/de\/wp-json\/wp\/v2\/product\/4338\/revisions\/998099"}],"wp:featuredmedia":[{"embeddable":true,"href":"https:\/\/reihey.com\/de\/wp-json\/wp\/v2\/media\/991557"}],"wp:attachment":[{"href":"https:\/\/reihey.com\/de\/wp-json\/wp\/v2\/media?parent=4338"}],"wp:term":[{"taxonomy":"product_brand","embeddable":true,"href":"https:\/\/reihey.com\/de\/wp-json\/wp\/v2\/product_brand?post=4338"},{"taxonomy":"product_cat","embeddable":true,"href":"https:\/\/reihey.com\/de\/wp-json\/wp\/v2\/product_cat?post=4338"},{"taxonomy":"product_tag","embeddable":true,"href":"https:\/\/reihey.com\/de\/wp-json\/wp\/v2\/product_tag?post=4338"}],"curies":[{"name":"wp","href":"https:\/\/api.w.org\/{rel}","templated":true}]}}