{"id":3669,"date":"2025-08-27T10:43:25","date_gmt":"2025-08-27T10:43:25","guid":{"rendered":"https:\/\/slot71.silverline.dev\/?post_type=product&#038;p=3669"},"modified":"2025-10-29T06:21:35","modified_gmt":"2025-10-29T06:21:35","slug":"250ml-500m-transparent-glass-bottle-glass-wine-jug-with-polymer-lid","status":"publish","type":"product","link":"https:\/\/reihey.com\/de\/product\/250ml-500m-transparent-glass-bottle-glass-wine-jug-with-polymer-lid\/","title":{"rendered":"250ml 500ml Transparentes Glasfl\u00e4schchen Glas-Weingef\u00e4\u00df mit Polymerdeckel"},"content":{"rendered":"","protected":false},"excerpt":{"rendered":"<table class=\"desk-tab\">\n<tbody>\n<tr>\n<th>Material<\/th>\n<th>Kapazit\u00e4t<\/th>\n<th>Farbe<\/th>\n<th>Gr\u00f6\u00dfe<\/th>\n<th>Deckel<\/th>\n<th>Verwendung<\/th>\n<th>Verpackung<\/th>\n<\/tr>\n<tr>\n<td>Glas<\/td>\n<td>250ml<\/td>\n<td>Klar<\/td>\n<td>15.8*12.5cm<\/td>\n<td>Kork<\/td>\n<td>Spirituosen<\/td>\n<td>1. Standard-Exportkarton\u2013Xpcs\/Box, Ybox\/Karton<\/td>\n<\/tr>\n<tr>\n<td><\/td>\n<td>500 ml<\/td>\n<td><\/td>\n<td>19.7*16.4cm<\/td>\n<td><\/td>\n<td>Wein<\/td>\n<td>2. Individuelle Verpackung: wei\u00dfe Box mit Ihrem LOGO, farbige Geschenkbox mit Ihrem Logo<\/td>\n<\/tr>\n<tr>\n<td><\/td>\n<td><\/td>\n<td><\/td>\n<td><\/td>\n<td><\/td>\n<td>Wodka-Verpackung<\/td>\n<td><\/td>\n<\/tr>\n<\/tbody>\n<\/table>\n<table class=\"mob-tab\">\n<tbody>\n<tr>\n<th>Material<\/th>\n<td>Glas<\/td>\n<\/tr>\n<tr>\n<th>Kapazit\u00e4t<\/th>\n<td>250ml<br \/>\n500 ml<\/td>\n<\/tr>\n<tr>\n<th>Farbe<\/th>\n<td>Klar<\/td>\n<\/tr>\n<tr>\n<th>Gr\u00f6\u00dfe<\/th>\n<td>15.8*12.5cm<br \/>\n19.7*16.4cm<\/td>\n<\/tr>\n<tr>\n<th>Deckel<\/th>\n<td>Kork<\/td>\n<\/tr>\n<tr>\n<th>Verwendung<\/th>\n<td>Spirituosen<br \/>\nWein<br \/>\nWodka-Verpackung<\/td>\n<\/tr>\n<tr>\n<th>Verpackung<\/th>\n<td>1. Standard-Exportkarton\u2013Xpcs\/Box, Ybox\/Karton<br \/>\n2. Individuelle Verpackung: wei\u00dfe Box mit Ihrem LOGO, farbige Geschenkbox mit Ihrem Logo<\/td>\n<\/tr>\n<\/tbody>\n<\/table>\n<p><strong>\u00dcber dieses Produkt:<\/strong><br \/>\n1.Glasflasche mit Korken und Schrumpfhaube. 2.Transparente Glas, runder K\u00f6rper, leicht zu tragen, perfektes Design 3.Dickboden macht die Flasche sch\u00f6ner, nicht leicht umzukippen und zu fallen 4.Klare Glasflasche ist bereit f\u00fcr Ihr individuelles Etikett, aber auch unbeschriftet \u00e4u\u00dferst attraktiv. Diese Glasflasche eignet sich hervorragend als Verpackung f\u00fcr handgemachte Geschenke und Partygeschenke. Der Deckel l\u00e4sst sich leicht drehen, schlie\u00dft die Flasche jedoch fest, um Versch\u00fcttungen zu verhindern. 5.Vielseitig einsetzbar und wiederverwendbar; Von der Verwendung zum Servieren von Wasser, Tee, Lik\u00f6r, Kefir oder Kombucha bis hin zur Aufbewahrung von So\u00dfen, Essig, \u00d6l und mehr. 6.Schaumpaketierung, sch\u00fctzt die Flasche vor Besch\u00e4digungen und liefert sie sicher zu Ihnen. Perfekt f\u00fcr DIY-Geschenke! 7.Energieeffizient; Flaschen aus ungiftigem Material sind 100% recycelbar und umweltbewusst verantwortlich; Garantiert sicher f\u00fcr die Lagerung essbarer Substanzen<\/p>","protected":false},"featured_media":991333,"comment_status":"closed","ping_status":"closed","template":"","meta":{"_acf_changed":false},"product_brand":[],"product_cat":[611,612],"product_tag":[],"class_list":{"0":"post-3669","1":"product","2":"type-product","3":"status-publish","4":"has-post-thumbnail","6":"product_cat-glass-bottle-manufacturer","7":"product_cat-glass-wine-bottle-manufacturer","9":"first","10":"instock","11":"shipping-taxable","12":"product-type-simple"},"acf":[],"yoast_head":"<!-- This site is optimized with the Yoast SEO plugin v26.7 - https:\/\/yoast.com\/wordpress\/plugins\/seo\/ -->\n<title>250ml 500m Transparent glass bottle Glass wine jug with polymer lid - Reihey Glass<\/title>\n<meta name=\"robots\" content=\"index, follow, max-snippet:-1, max-image-preview:large, max-video-preview:-1\" \/>\n<link rel=\"canonical\" href=\"https:\/\/reihey.com\/de\/product\/250ml-500m-transparent-glass-bottle-glass-wine-jug-with-polymer-lid\/\" \/>\n<meta property=\"og:locale\" content=\"de_DE\" \/>\n<meta property=\"og:type\" content=\"article\" \/>\n<meta property=\"og:title\" content=\"250ml 500m Transparent glass bottle Glass wine jug with polymer lid - Reihey Glass\" \/>\n<meta property=\"og:description\" content=\"Material Capacity Color Size Lid Usage Packing   Glass 250ml Clear 15.8*12.5cm Cork Liquor 1. Standard export carton--Xpcs\/box, Ybox\/carton    500ml  19.7*16.4cm  Wine 2. Custom pack: white box with your LOGO, Color gift box with your logo        Vodka Packing        Material Glass   Capacity 250ml 500ml   Color Clear   Size 15.8*12.5cm 19.7*16.4cm   Lid Cork   Usage Liquor Wine Vodka Packing   Packing 1. Standard export carton--Xpcs\/box, Ybox\/carton 2. Custom pack: white box with your LOGO, Color gift box with your logo    About this item: 1.Glass Bottle with cork and heat shrink cap. 2.Transparent glass, round body, easy to carry, perfect design 3.Thickened bottom makes the bottle more beautiful, not easy to topple and fall 4.Clear glass bottle is ready for your custom label but equally handsome when left unlabeled. This glass bottle also makes great packaging for handmade gifts and party favors. The cap is\u00a0 easy to twist, yet closes the bottle tightly to prevent spillage. 5.Multipurpose and reusable; Variety of use ranges from serving water, tea, liquor, kefir or kombucha to storing sauces, vinegar, oil and more. 6.Foam packaging, prevent bottle damage and deliver it safely to you.Perfect for DIY Gifts! 7.Eco-Friendly; Bottles made of nontoxic materials are 100% recyclable and environmentally responsible; Guaranteed safe for storing edible substances\" \/>\n<meta property=\"og:url\" content=\"https:\/\/reihey.com\/de\/product\/250ml-500m-transparent-glass-bottle-glass-wine-jug-with-polymer-lid\/\" \/>\n<meta property=\"og:site_name\" content=\"Reihey Glass\" \/>\n<meta property=\"article:modified_time\" content=\"2025-10-29T06:21:35+00:00\" \/>\n<meta property=\"og:image\" content=\"https:\/\/reihey.com\/wp-content\/uploads\/2025\/08\/Main-03-22.jpg\" \/>\n\t<meta property=\"og:image:width\" content=\"750\" \/>\n\t<meta property=\"og:image:height\" content=\"694\" \/>\n\t<meta property=\"og:image:type\" content=\"image\/jpeg\" \/>\n<meta name=\"twitter:card\" content=\"summary_large_image\" \/>\n<meta name=\"twitter:label1\" content=\"Est. reading time\" \/>\n\t<meta name=\"twitter:data1\" content=\"1\u00a0Minute\" \/>\n<script type=\"application\/ld+json\" class=\"yoast-schema-graph\">{\"@context\":\"https:\/\/schema.org\",\"@graph\":[{\"@type\":\"WebPage\",\"@id\":\"https:\/\/reihey.com\/product\/250ml-500m-transparent-glass-bottle-glass-wine-jug-with-polymer-lid\/\",\"url\":\"https:\/\/reihey.com\/product\/250ml-500m-transparent-glass-bottle-glass-wine-jug-with-polymer-lid\/\",\"name\":\"250ml 500m Transparent glass bottle Glass wine jug with polymer lid - Reihey Glass\",\"isPartOf\":{\"@id\":\"https:\/\/reihey.com\/#website\"},\"primaryImageOfPage\":{\"@id\":\"https:\/\/reihey.com\/product\/250ml-500m-transparent-glass-bottle-glass-wine-jug-with-polymer-lid\/#primaryimage\"},\"image\":{\"@id\":\"https:\/\/reihey.com\/product\/250ml-500m-transparent-glass-bottle-glass-wine-jug-with-polymer-lid\/#primaryimage\"},\"thumbnailUrl\":\"https:\/\/reihey.com\/wp-content\/uploads\/2025\/08\/Main-03-22.jpg\",\"datePublished\":\"2025-08-27T10:43:25+00:00\",\"dateModified\":\"2025-10-29T06:21:35+00:00\",\"breadcrumb\":{\"@id\":\"https:\/\/reihey.com\/product\/250ml-500m-transparent-glass-bottle-glass-wine-jug-with-polymer-lid\/#breadcrumb\"},\"inLanguage\":\"de\",\"potentialAction\":[{\"@type\":\"ReadAction\",\"target\":[\"https:\/\/reihey.com\/product\/250ml-500m-transparent-glass-bottle-glass-wine-jug-with-polymer-lid\/\"]}]},{\"@type\":\"ImageObject\",\"inLanguage\":\"de\",\"@id\":\"https:\/\/reihey.com\/product\/250ml-500m-transparent-glass-bottle-glass-wine-jug-with-polymer-lid\/#primaryimage\",\"url\":\"https:\/\/reihey.com\/wp-content\/uploads\/2025\/08\/Main-03-22.jpg\",\"contentUrl\":\"https:\/\/reihey.com\/wp-content\/uploads\/2025\/08\/Main-03-22.jpg\",\"width\":750,\"height\":694},{\"@type\":\"BreadcrumbList\",\"@id\":\"https:\/\/reihey.com\/product\/250ml-500m-transparent-glass-bottle-glass-wine-jug-with-polymer-lid\/#breadcrumb\",\"itemListElement\":[{\"@type\":\"ListItem\",\"position\":1,\"name\":\"Home\",\"item\":\"https:\/\/reihey.com\/\"},{\"@type\":\"ListItem\",\"position\":2,\"name\":\"Shop\",\"item\":\"https:\/\/reihey.com\/shop\/\"},{\"@type\":\"ListItem\",\"position\":3,\"name\":\"250ml 500m Transparent glass bottle Glass wine jug with polymer lid\"}]},{\"@type\":\"WebSite\",\"@id\":\"https:\/\/reihey.com\/#website\",\"url\":\"https:\/\/reihey.com\/\",\"name\":\"Reihey Glass\",\"description\":\"\",\"publisher\":{\"@id\":\"https:\/\/reihey.com\/#organization\"},\"potentialAction\":[{\"@type\":\"SearchAction\",\"target\":{\"@type\":\"EntryPoint\",\"urlTemplate\":\"https:\/\/reihey.com\/?s={search_term_string}\"},\"query-input\":{\"@type\":\"PropertyValueSpecification\",\"valueRequired\":true,\"valueName\":\"search_term_string\"}}],\"inLanguage\":\"de\"},{\"@type\":\"Organization\",\"@id\":\"https:\/\/reihey.com\/#organization\",\"name\":\"Reihey Glass\",\"url\":\"https:\/\/reihey.com\/\",\"logo\":{\"@type\":\"ImageObject\",\"inLanguage\":\"de\",\"@id\":\"https:\/\/reihey.com\/#\/schema\/logo\/image\/\",\"url\":\"https:\/\/reihey.com\/wp-content\/uploads\/2023\/07\/Reihey-logo-2026.svg\",\"contentUrl\":\"https:\/\/reihey.com\/wp-content\/uploads\/2023\/07\/Reihey-logo-2026.svg\",\"width\":1984,\"height\":566,\"caption\":\"Reihey Glass\"},\"image\":{\"@id\":\"https:\/\/reihey.com\/#\/schema\/logo\/image\/\"}}]}<\/script>\n<!-- \/ Yoast SEO plugin. -->","yoast_head_json":{"title":"250ml 500m Transparente Glasflasche Glaskaraffe mit Polymerdeckel - Reihey Glass","robots":{"index":"index","follow":"follow","max-snippet":"max-snippet:-1","max-image-preview":"max-image-preview:large","max-video-preview":"max-video-preview:-1"},"canonical":"https:\/\/reihey.com\/de\/product\/250ml-500m-transparent-glass-bottle-glass-wine-jug-with-polymer-lid\/","og_locale":"de_DE","og_type":"article","og_title":"250ml 500m Transparent glass bottle Glass wine jug with polymer lid - Reihey Glass","og_description":"Material Capacity Color Size Lid Usage Packing   Glass 250ml Clear 15.8*12.5cm Cork Liquor 1. Standard export carton--Xpcs\/box, Ybox\/carton    500ml  19.7*16.4cm  Wine 2. Custom pack: white box with your LOGO, Color gift box with your logo        Vodka Packing        Material Glass   Capacity 250ml 500ml   Color Clear   Size 15.8*12.5cm 19.7*16.4cm   Lid Cork   Usage Liquor Wine Vodka Packing   Packing 1. Standard export carton--Xpcs\/box, Ybox\/carton 2. Custom pack: white box with your LOGO, Color gift box with your logo    About this item: 1.Glass Bottle with cork and heat shrink cap. 2.Transparent glass, round body, easy to carry, perfect design 3.Thickened bottom makes the bottle more beautiful, not easy to topple and fall 4.Clear glass bottle is ready for your custom label but equally handsome when left unlabeled. This glass bottle also makes great packaging for handmade gifts and party favors. The cap is\u00a0 easy to twist, yet closes the bottle tightly to prevent spillage. 5.Multipurpose and reusable; Variety of use ranges from serving water, tea, liquor, kefir or kombucha to storing sauces, vinegar, oil and more. 6.Foam packaging, prevent bottle damage and deliver it safely to you.Perfect for DIY Gifts! 7.Eco-Friendly; Bottles made of nontoxic materials are 100% recyclable and environmentally responsible; Guaranteed safe for storing edible substances","og_url":"https:\/\/reihey.com\/de\/product\/250ml-500m-transparent-glass-bottle-glass-wine-jug-with-polymer-lid\/","og_site_name":"Reihey Glass","article_modified_time":"2025-10-29T06:21:35+00:00","og_image":[{"width":750,"height":694,"url":"https:\/\/reihey.com\/wp-content\/uploads\/2025\/08\/Main-03-22.jpg","type":"image\/jpeg"}],"twitter_card":"summary_large_image","twitter_misc":{"Est. reading time":"1\u00a0Minute"},"schema":{"@context":"https:\/\/schema.org","@graph":[{"@type":"WebPage","@id":"https:\/\/reihey.com\/product\/250ml-500m-transparent-glass-bottle-glass-wine-jug-with-polymer-lid\/","url":"https:\/\/reihey.com\/product\/250ml-500m-transparent-glass-bottle-glass-wine-jug-with-polymer-lid\/","name":"250ml 500m Transparente Glasflasche Glaskaraffe mit Polymerdeckel - Reihey Glass","isPartOf":{"@id":"https:\/\/reihey.com\/#website"},"primaryImageOfPage":{"@id":"https:\/\/reihey.com\/product\/250ml-500m-transparent-glass-bottle-glass-wine-jug-with-polymer-lid\/#primaryimage"},"image":{"@id":"https:\/\/reihey.com\/product\/250ml-500m-transparent-glass-bottle-glass-wine-jug-with-polymer-lid\/#primaryimage"},"thumbnailUrl":"https:\/\/reihey.com\/wp-content\/uploads\/2025\/08\/Main-03-22.jpg","datePublished":"2025-08-27T10:43:25+00:00","dateModified":"2025-10-29T06:21:35+00:00","breadcrumb":{"@id":"https:\/\/reihey.com\/product\/250ml-500m-transparent-glass-bottle-glass-wine-jug-with-polymer-lid\/#breadcrumb"},"inLanguage":"de","potentialAction":[{"@type":"ReadAction","target":["https:\/\/reihey.com\/product\/250ml-500m-transparent-glass-bottle-glass-wine-jug-with-polymer-lid\/"]}]},{"@type":"ImageObject","inLanguage":"de","@id":"https:\/\/reihey.com\/product\/250ml-500m-transparent-glass-bottle-glass-wine-jug-with-polymer-lid\/#primaryimage","url":"https:\/\/reihey.com\/wp-content\/uploads\/2025\/08\/Main-03-22.jpg","contentUrl":"https:\/\/reihey.com\/wp-content\/uploads\/2025\/08\/Main-03-22.jpg","width":750,"height":694},{"@type":"BreadcrumbList","@id":"https:\/\/reihey.com\/product\/250ml-500m-transparent-glass-bottle-glass-wine-jug-with-polymer-lid\/#breadcrumb","itemListElement":[{"@type":"ListItem","position":1,"name":"Home","item":"https:\/\/reihey.com\/"},{"@type":"ListItem","position":2,"name":"Shop","item":"https:\/\/reihey.com\/shop\/"},{"@type":"ListItem","position":3,"name":"250ml 500m Transparent glass bottle Glass wine jug with polymer lid"}]},{"@type":"WebSite","@id":"https:\/\/reihey.com\/#website","url":"https:\/\/reihey.com\/","name":"Reihey Glas","description":"","publisher":{"@id":"https:\/\/reihey.com\/#organization"},"potentialAction":[{"@type":"SearchAction","target":{"@type":"EntryPoint","urlTemplate":"https:\/\/reihey.com\/?s={search_term_string}"},"query-input":{"@type":"PropertyValueSpecification","valueRequired":true,"valueName":"search_term_string"}}],"inLanguage":"de"},{"@type":"Organization","@id":"https:\/\/reihey.com\/#organization","name":"Reihey Glas","url":"https:\/\/reihey.com\/","logo":{"@type":"ImageObject","inLanguage":"de","@id":"https:\/\/reihey.com\/#\/schema\/logo\/image\/","url":"https:\/\/reihey.com\/wp-content\/uploads\/2023\/07\/Reihey-logo-2026.svg","contentUrl":"https:\/\/reihey.com\/wp-content\/uploads\/2023\/07\/Reihey-logo-2026.svg","width":1984,"height":566,"caption":"Reihey Glass"},"image":{"@id":"https:\/\/reihey.com\/#\/schema\/logo\/image\/"}}]}},"_links":{"self":[{"href":"https:\/\/reihey.com\/de\/wp-json\/wp\/v2\/product\/3669","targetHints":{"allow":["GET"]}}],"collection":[{"href":"https:\/\/reihey.com\/de\/wp-json\/wp\/v2\/product"}],"about":[{"href":"https:\/\/reihey.com\/de\/wp-json\/wp\/v2\/types\/product"}],"replies":[{"embeddable":true,"href":"https:\/\/reihey.com\/de\/wp-json\/wp\/v2\/comments?post=3669"}],"version-history":[{"count":5,"href":"https:\/\/reihey.com\/de\/wp-json\/wp\/v2\/product\/3669\/revisions"}],"predecessor-version":[{"id":998188,"href":"https:\/\/reihey.com\/de\/wp-json\/wp\/v2\/product\/3669\/revisions\/998188"}],"wp:featuredmedia":[{"embeddable":true,"href":"https:\/\/reihey.com\/de\/wp-json\/wp\/v2\/media\/991333"}],"wp:attachment":[{"href":"https:\/\/reihey.com\/de\/wp-json\/wp\/v2\/media?parent=3669"}],"wp:term":[{"taxonomy":"product_brand","embeddable":true,"href":"https:\/\/reihey.com\/de\/wp-json\/wp\/v2\/product_brand?post=3669"},{"taxonomy":"product_cat","embeddable":true,"href":"https:\/\/reihey.com\/de\/wp-json\/wp\/v2\/product_cat?post=3669"},{"taxonomy":"product_tag","embeddable":true,"href":"https:\/\/reihey.com\/de\/wp-json\/wp\/v2\/product_tag?post=3669"}],"curies":[{"name":"wp","href":"https:\/\/api.w.org\/{rel}","templated":true}]}}