{"id":3529,"date":"2025-08-27T10:42:20","date_gmt":"2025-08-27T10:42:20","guid":{"rendered":"https:\/\/slot71.silverline.dev\/?post_type=product&#038;p=3529"},"modified":"2025-10-29T06:21:27","modified_gmt":"2025-10-29T06:21:27","slug":"5ml-45ml-apothecary-small-straight-tubular-glass-tube-bottle-amber-glass-vial-with-cork","status":"publish","type":"product","link":"https:\/\/reihey.com\/de\/product\/5ml-45ml-apothecary-small-straight-tubular-glass-tube-bottle-amber-glass-vial-with-cork\/","title":{"rendered":"5ml-45ml Apotheken\u2011kleine gerade R\u00f6hrchen-Glasflasche Bernstein Glasampulle mit Korken"},"content":{"rendered":"","protected":false},"excerpt":{"rendered":"<p><!-- Desk Table --><\/p>\n<table class=\"desk-tab\">\n<tbody>\n<tr>\n<th>Flaschenmaterial<\/th>\n<th>Gr\u00f6\u00dfe<\/th>\n<th>Kapazit\u00e4t<\/th>\n<th>Flaschenfarbe<\/th>\n<th>Deckel<\/th>\n<th>Verwendung<\/th>\n<th>Verpackung<\/th>\n<\/tr>\n<tr>\n<td>Glas<\/td>\n<td>16*31mm<\/td>\n<td>2ml<\/td>\n<td>Braun<\/td>\n<td>Kork<\/td>\n<td>Medizinische Fl\u00fcssigkeit<\/td>\n<td>1. Standard-Exportkarton\u2013Xpcs\/Box, Ybox\/Karton<\/td>\n<\/tr>\n<tr>\n<td><\/td>\n<td>16*35mm<\/td>\n<td>3ml<\/td>\n<td><\/td>\n<td><\/td>\n<td>Pulver<\/td>\n<td>2. Individuelle Verpackung: wei\u00dfer Karton mit Ihrem Logo. Farbige Geschenkbox mit Ihrem Logo<\/td>\n<\/tr>\n<tr>\n<td><\/td>\n<td>22*27mm<\/td>\n<td>4ml<\/td>\n<td><\/td>\n<td><\/td>\n<td>Parf\u00fcm usw.<\/td>\n<td><\/td>\n<\/tr>\n<tr>\n<td><\/td>\n<td>16*45mm<\/td>\n<td>5ml<\/td>\n<td><\/td>\n<td><\/td>\n<td><\/td>\n<td><\/td>\n<\/tr>\n<tr>\n<td><\/td>\n<td>22*35mm<\/td>\n<td>6ml<\/td>\n<td><\/td>\n<td><\/td>\n<td><\/td>\n<td><\/td>\n<\/tr>\n<tr>\n<td><\/td>\n<td>22*40mm<\/td>\n<td>7ml<\/td>\n<td><\/td>\n<td><\/td>\n<td><\/td>\n<td><\/td>\n<\/tr>\n<tr>\n<td><\/td>\n<td>22*45mm<\/td>\n<td>8ml<\/td>\n<td><\/td>\n<td><\/td>\n<td><\/td>\n<td><\/td>\n<\/tr>\n<tr>\n<td><\/td>\n<td>22*50mm<\/td>\n<td>9ml<\/td>\n<td><\/td>\n<td><\/td>\n<td><\/td>\n<td><\/td>\n<\/tr>\n<tr>\n<td><\/td>\n<td>22*62mm<\/td>\n<td>10 ml<\/td>\n<td><\/td>\n<td><\/td>\n<td><\/td>\n<td><\/td>\n<\/tr>\n<tr>\n<td><\/td>\n<td>27*58mm<\/td>\n<td>15ml<\/td>\n<td><\/td>\n<td><\/td>\n<td><\/td>\n<td><\/td>\n<\/tr>\n<tr>\n<td><\/td>\n<td>27*79mm<\/td>\n<td>20 ml<\/td>\n<td><\/td>\n<td><\/td>\n<td><\/td>\n<td><\/td>\n<\/tr>\n<tr>\n<td><\/td>\n<td><\/td>\n<td>30 ml<\/td>\n<td><\/td>\n<td><\/td>\n<td><\/td>\n<td><\/td>\n<\/tr>\n<\/tbody>\n<\/table>\n<p><!-- Mobile Table --><\/p>\n<table class=\"mob-tab\">\n<tbody>\n<tr>\n<th>Flaschenmaterial<\/th>\n<td>Glas<\/td>\n<\/tr>\n<tr>\n<th>Gr\u00f6\u00dfe<\/th>\n<td>16*31mm<br \/>\n16*35mm<br \/>\n22*27mm<br \/>\n16*45mm<br \/>\n22*35mm<br \/>\n22*40mm<br \/>\n22*45mm<br \/>\n22*50mm<br \/>\n22*62mm<br \/>\n27*58mm<br \/>\n27*79mm<\/td>\n<\/tr>\n<tr>\n<th>Kapazit\u00e4t<\/th>\n<td>2ml<br \/>\n3ml<br \/>\n4ml<br \/>\n5ml<br \/>\n6ml<br \/>\n7ml<br \/>\n8ml<br \/>\n9ml<br \/>\n10 ml<br \/>\n15ml<br \/>\n20 ml<br \/>\n30 ml<\/td>\n<\/tr>\n<tr>\n<th>Flaschenfarbe<\/th>\n<td>Braun<\/td>\n<\/tr>\n<tr>\n<th>Deckel<\/th>\n<td>Kork<\/td>\n<\/tr>\n<tr>\n<th>Verwendung<\/th>\n<td>Medizinische Fl\u00fcssigkeit<br \/>\nPulver<br \/>\nParf\u00fcm usw.<\/td>\n<\/tr>\n<tr>\n<th>Verpackung<\/th>\n<td>1. Standard-Exportkarton\u2013Xpcs\/Box, Ybox\/Karton<br \/>\n2. Individuelle Verpackung: wei\u00dfer Karton mit Ihrem Logo. Farbige Geschenkbox mit Ihrem Logo<\/td>\n<\/tr>\n<\/tbody>\n<\/table>\n<p><strong>\u00dcber diesen Artikel<\/strong><br \/>\n1.MATERIAL: Glasversuchsst\u00e4bchen bestehen aus Borosilikatglas, hitzebest\u00e4ndig, und das Reagenzglas ist nach der Reinigung wiederverwendbar. 2.VIELSEITIGKEIT: Sie k\u00f6nnen verwendet werden, um Bademeersalz, Gew\u00fcrze, hei\u00dfe Schokolade, Pulver sowie Fl\u00fcssigkeiten aufzubewahren, auch zum Z\u00fcchten von Pflanzen. Au\u00dferdem sind transparente Reagenzgl\u00e4ser gute Wahlm\u00f6glichkeiten zum Z\u00fcchten von Pflanzen und zur Partydekoration. 3.WENIGER ANWENDUNG: Glasr\u00f6hrchen-Korkstopfen hat eine gute Abdichtung. Der Boden des Glasreagenzglases ist flach, damit es aufrecht gestellt werden kann. DREHEN Sie den Deckel, um die Dichtheit zu gew\u00e4hrleisten.<\/p>","protected":false},"featured_media":991278,"comment_status":"closed","ping_status":"closed","template":"","meta":{"_acf_changed":false},"product_brand":[],"product_cat":[611,620,729],"product_tag":[],"class_list":{"0":"post-3529","1":"product","2":"type-product","3":"status-publish","4":"has-post-thumbnail","6":"product_cat-glass-bottle-manufacturer","7":"product_cat-glass-pharmacy-bottle-manufacturer","8":"product_cat-healthy-medicine","10":"first","11":"instock","12":"shipping-taxable","13":"product-type-simple"},"acf":[],"yoast_head":"<!-- This site is optimized with the Yoast SEO plugin v26.7 - https:\/\/yoast.com\/wordpress\/plugins\/seo\/ -->\n<title>5ml-45ml apothecary small straight tubular glass tube bottle amber glass vial with cork - Reihey Glass<\/title>\n<meta name=\"robots\" content=\"index, follow, max-snippet:-1, max-image-preview:large, max-video-preview:-1\" \/>\n<link rel=\"canonical\" href=\"https:\/\/reihey.com\/de\/product\/5ml-45ml-apothecary-small-straight-tubular-glass-tube-bottle-amber-glass-vial-with-cork\/\" \/>\n<meta property=\"og:locale\" content=\"de_DE\" \/>\n<meta property=\"og:type\" content=\"article\" \/>\n<meta property=\"og:title\" content=\"5ml-45ml apothecary small straight tubular glass tube bottle amber glass vial with cork - Reihey Glass\" \/>\n<meta property=\"og:description\" content=\"Bottle Material Size Capacity Bottle Color Cap Usage Packing   Glass 16*31mm 2ml Brown Cork Medicine liquid 1. Standard export carton--Xpcs\/box, Ybox\/carton    16*35mm 3ml   Powder 2. Custom pack: white box with your logo. Color gift box with your logo    22*27mm 4ml   Perfume etc     16*45mm 5ml        22*35mm 6ml        22*40mm 7ml        22*45mm 8ml        22*50mm 9ml        22*62mm 10ml        27*58mm 15ml        27*79mm 20ml         30ml            Bottle Material Glass   Size 16*31mm 16*35mm 22*27mm 16*45mm 22*35mm 22*40mm 22*45mm 22*50mm 22*62mm 27*58mm 27*79mm   Capacity 2ml 3ml 4ml 5ml 6ml 7ml 8ml 9ml 10ml 15ml 20ml 30ml   Bottle Color Brown   Cap Cork   Usage Medicine liquid Powder Perfume etc   Packing 1. Standard export carton--Xpcs\/box, Ybox\/carton 2. Custom pack: white box with your logo. Color gift box with your logo    About this item 1.MATERIAL: Glass test tubes are made of borosilicate glass, heat resistant, and test tube is reusable after cleaning. 2.VERSITILITY: They can be used to store bath salts, spices, hot chocolate, powder, as well as liquid, breeding plants. Also, transparent test tubes are good choices for breeding plants and party decorating. 3.FURTHER APPLICATION: glass tubes cork stopper has a good seal. The bottom of the glass test tube is flat so it can be placed upright. ROTATE the lid to ensure tightness.\" \/>\n<meta property=\"og:url\" content=\"https:\/\/reihey.com\/de\/product\/5ml-45ml-apothecary-small-straight-tubular-glass-tube-bottle-amber-glass-vial-with-cork\/\" \/>\n<meta property=\"og:site_name\" content=\"Reihey Glass\" \/>\n<meta property=\"article:modified_time\" content=\"2025-10-29T06:21:27+00:00\" \/>\n<meta property=\"og:image\" content=\"https:\/\/reihey.com\/wp-content\/uploads\/2025\/08\/Main-01-8.jpg\" \/>\n\t<meta property=\"og:image:width\" content=\"750\" \/>\n\t<meta property=\"og:image:height\" content=\"750\" \/>\n\t<meta property=\"og:image:type\" content=\"image\/jpeg\" \/>\n<meta name=\"twitter:card\" content=\"summary_large_image\" \/>\n<meta name=\"twitter:label1\" content=\"Est. reading time\" \/>\n\t<meta name=\"twitter:data1\" content=\"1\u00a0Minute\" \/>\n<script type=\"application\/ld+json\" class=\"yoast-schema-graph\">{\"@context\":\"https:\/\/schema.org\",\"@graph\":[{\"@type\":\"WebPage\",\"@id\":\"https:\/\/reihey.com\/product\/5ml-45ml-apothecary-small-straight-tubular-glass-tube-bottle-amber-glass-vial-with-cork\/\",\"url\":\"https:\/\/reihey.com\/product\/5ml-45ml-apothecary-small-straight-tubular-glass-tube-bottle-amber-glass-vial-with-cork\/\",\"name\":\"5ml-45ml apothecary small straight tubular glass tube bottle amber glass vial with cork - Reihey Glass\",\"isPartOf\":{\"@id\":\"https:\/\/reihey.com\/#website\"},\"primaryImageOfPage\":{\"@id\":\"https:\/\/reihey.com\/product\/5ml-45ml-apothecary-small-straight-tubular-glass-tube-bottle-amber-glass-vial-with-cork\/#primaryimage\"},\"image\":{\"@id\":\"https:\/\/reihey.com\/product\/5ml-45ml-apothecary-small-straight-tubular-glass-tube-bottle-amber-glass-vial-with-cork\/#primaryimage\"},\"thumbnailUrl\":\"https:\/\/reihey.com\/wp-content\/uploads\/2025\/08\/Main-01-8.jpg\",\"datePublished\":\"2025-08-27T10:42:20+00:00\",\"dateModified\":\"2025-10-29T06:21:27+00:00\",\"breadcrumb\":{\"@id\":\"https:\/\/reihey.com\/product\/5ml-45ml-apothecary-small-straight-tubular-glass-tube-bottle-amber-glass-vial-with-cork\/#breadcrumb\"},\"inLanguage\":\"de\",\"potentialAction\":[{\"@type\":\"ReadAction\",\"target\":[\"https:\/\/reihey.com\/product\/5ml-45ml-apothecary-small-straight-tubular-glass-tube-bottle-amber-glass-vial-with-cork\/\"]}]},{\"@type\":\"ImageObject\",\"inLanguage\":\"de\",\"@id\":\"https:\/\/reihey.com\/product\/5ml-45ml-apothecary-small-straight-tubular-glass-tube-bottle-amber-glass-vial-with-cork\/#primaryimage\",\"url\":\"https:\/\/reihey.com\/wp-content\/uploads\/2025\/08\/Main-01-8.jpg\",\"contentUrl\":\"https:\/\/reihey.com\/wp-content\/uploads\/2025\/08\/Main-01-8.jpg\",\"width\":750,\"height\":750},{\"@type\":\"BreadcrumbList\",\"@id\":\"https:\/\/reihey.com\/product\/5ml-45ml-apothecary-small-straight-tubular-glass-tube-bottle-amber-glass-vial-with-cork\/#breadcrumb\",\"itemListElement\":[{\"@type\":\"ListItem\",\"position\":1,\"name\":\"Home\",\"item\":\"https:\/\/reihey.com\/\"},{\"@type\":\"ListItem\",\"position\":2,\"name\":\"Shop\",\"item\":\"https:\/\/reihey.com\/shop\/\"},{\"@type\":\"ListItem\",\"position\":3,\"name\":\"5ml-45ml apothecary small straight tubular glass tube bottle amber glass vial with cork\"}]},{\"@type\":\"WebSite\",\"@id\":\"https:\/\/reihey.com\/#website\",\"url\":\"https:\/\/reihey.com\/\",\"name\":\"Reihey Glass\",\"description\":\"\",\"publisher\":{\"@id\":\"https:\/\/reihey.com\/#organization\"},\"potentialAction\":[{\"@type\":\"SearchAction\",\"target\":{\"@type\":\"EntryPoint\",\"urlTemplate\":\"https:\/\/reihey.com\/?s={search_term_string}\"},\"query-input\":{\"@type\":\"PropertyValueSpecification\",\"valueRequired\":true,\"valueName\":\"search_term_string\"}}],\"inLanguage\":\"de\"},{\"@type\":\"Organization\",\"@id\":\"https:\/\/reihey.com\/#organization\",\"name\":\"Reihey Glass\",\"url\":\"https:\/\/reihey.com\/\",\"logo\":{\"@type\":\"ImageObject\",\"inLanguage\":\"de\",\"@id\":\"https:\/\/reihey.com\/#\/schema\/logo\/image\/\",\"url\":\"https:\/\/reihey.com\/wp-content\/uploads\/2023\/07\/Reihey-logo-2026.svg\",\"contentUrl\":\"https:\/\/reihey.com\/wp-content\/uploads\/2023\/07\/Reihey-logo-2026.svg\",\"width\":1984,\"height\":566,\"caption\":\"Reihey Glass\"},\"image\":{\"@id\":\"https:\/\/reihey.com\/#\/schema\/logo\/image\/\"}}]}<\/script>\n<!-- \/ Yoast SEO plugin. -->","yoast_head_json":{"title":"5ml-45ml apothecary kleine gerade R\u00f6hrenglasflasche bernsteinfarbenes Glasgef\u00e4\u00df mit Kork - Reihey Glass","robots":{"index":"index","follow":"follow","max-snippet":"max-snippet:-1","max-image-preview":"max-image-preview:large","max-video-preview":"max-video-preview:-1"},"canonical":"https:\/\/reihey.com\/de\/product\/5ml-45ml-apothecary-small-straight-tubular-glass-tube-bottle-amber-glass-vial-with-cork\/","og_locale":"de_DE","og_type":"article","og_title":"5ml-45ml apothecary small straight tubular glass tube bottle amber glass vial with cork - Reihey Glass","og_description":"Bottle Material Size Capacity Bottle Color Cap Usage Packing   Glass 16*31mm 2ml Brown Cork Medicine liquid 1. Standard export carton--Xpcs\/box, Ybox\/carton    16*35mm 3ml   Powder 2. Custom pack: white box with your logo. Color gift box with your logo    22*27mm 4ml   Perfume etc     16*45mm 5ml        22*35mm 6ml        22*40mm 7ml        22*45mm 8ml        22*50mm 9ml        22*62mm 10ml        27*58mm 15ml        27*79mm 20ml         30ml            Bottle Material Glass   Size 16*31mm 16*35mm 22*27mm 16*45mm 22*35mm 22*40mm 22*45mm 22*50mm 22*62mm 27*58mm 27*79mm   Capacity 2ml 3ml 4ml 5ml 6ml 7ml 8ml 9ml 10ml 15ml 20ml 30ml   Bottle Color Brown   Cap Cork   Usage Medicine liquid Powder Perfume etc   Packing 1. Standard export carton--Xpcs\/box, Ybox\/carton 2. Custom pack: white box with your logo. Color gift box with your logo    About this item 1.MATERIAL: Glass test tubes are made of borosilicate glass, heat resistant, and test tube is reusable after cleaning. 2.VERSITILITY: They can be used to store bath salts, spices, hot chocolate, powder, as well as liquid, breeding plants. Also, transparent test tubes are good choices for breeding plants and party decorating. 3.FURTHER APPLICATION: glass tubes cork stopper has a good seal. The bottom of the glass test tube is flat so it can be placed upright. ROTATE the lid to ensure tightness.","og_url":"https:\/\/reihey.com\/de\/product\/5ml-45ml-apothecary-small-straight-tubular-glass-tube-bottle-amber-glass-vial-with-cork\/","og_site_name":"Reihey Glass","article_modified_time":"2025-10-29T06:21:27+00:00","og_image":[{"width":750,"height":750,"url":"https:\/\/reihey.com\/wp-content\/uploads\/2025\/08\/Main-01-8.jpg","type":"image\/jpeg"}],"twitter_card":"summary_large_image","twitter_misc":{"Est. reading time":"1\u00a0Minute"},"schema":{"@context":"https:\/\/schema.org","@graph":[{"@type":"WebPage","@id":"https:\/\/reihey.com\/product\/5ml-45ml-apothecary-small-straight-tubular-glass-tube-bottle-amber-glass-vial-with-cork\/","url":"https:\/\/reihey.com\/product\/5ml-45ml-apothecary-small-straight-tubular-glass-tube-bottle-amber-glass-vial-with-cork\/","name":"5ml-45ml apothecary kleine gerade R\u00f6hrenglasflasche bernsteinfarbenes Glasgef\u00e4\u00df mit Kork - Reihey Glass","isPartOf":{"@id":"https:\/\/reihey.com\/#website"},"primaryImageOfPage":{"@id":"https:\/\/reihey.com\/product\/5ml-45ml-apothecary-small-straight-tubular-glass-tube-bottle-amber-glass-vial-with-cork\/#primaryimage"},"image":{"@id":"https:\/\/reihey.com\/product\/5ml-45ml-apothecary-small-straight-tubular-glass-tube-bottle-amber-glass-vial-with-cork\/#primaryimage"},"thumbnailUrl":"https:\/\/reihey.com\/wp-content\/uploads\/2025\/08\/Main-01-8.jpg","datePublished":"2025-08-27T10:42:20+00:00","dateModified":"2025-10-29T06:21:27+00:00","breadcrumb":{"@id":"https:\/\/reihey.com\/product\/5ml-45ml-apothecary-small-straight-tubular-glass-tube-bottle-amber-glass-vial-with-cork\/#breadcrumb"},"inLanguage":"de","potentialAction":[{"@type":"ReadAction","target":["https:\/\/reihey.com\/product\/5ml-45ml-apothecary-small-straight-tubular-glass-tube-bottle-amber-glass-vial-with-cork\/"]}]},{"@type":"ImageObject","inLanguage":"de","@id":"https:\/\/reihey.com\/product\/5ml-45ml-apothecary-small-straight-tubular-glass-tube-bottle-amber-glass-vial-with-cork\/#primaryimage","url":"https:\/\/reihey.com\/wp-content\/uploads\/2025\/08\/Main-01-8.jpg","contentUrl":"https:\/\/reihey.com\/wp-content\/uploads\/2025\/08\/Main-01-8.jpg","width":750,"height":750},{"@type":"BreadcrumbList","@id":"https:\/\/reihey.com\/product\/5ml-45ml-apothecary-small-straight-tubular-glass-tube-bottle-amber-glass-vial-with-cork\/#breadcrumb","itemListElement":[{"@type":"ListItem","position":1,"name":"Home","item":"https:\/\/reihey.com\/"},{"@type":"ListItem","position":2,"name":"Shop","item":"https:\/\/reihey.com\/shop\/"},{"@type":"ListItem","position":3,"name":"5ml-45ml apothecary small straight tubular glass tube bottle amber glass vial with cork"}]},{"@type":"WebSite","@id":"https:\/\/reihey.com\/#website","url":"https:\/\/reihey.com\/","name":"Reihey Glas","description":"","publisher":{"@id":"https:\/\/reihey.com\/#organization"},"potentialAction":[{"@type":"SearchAction","target":{"@type":"EntryPoint","urlTemplate":"https:\/\/reihey.com\/?s={search_term_string}"},"query-input":{"@type":"PropertyValueSpecification","valueRequired":true,"valueName":"search_term_string"}}],"inLanguage":"de"},{"@type":"Organization","@id":"https:\/\/reihey.com\/#organization","name":"Reihey Glas","url":"https:\/\/reihey.com\/","logo":{"@type":"ImageObject","inLanguage":"de","@id":"https:\/\/reihey.com\/#\/schema\/logo\/image\/","url":"https:\/\/reihey.com\/wp-content\/uploads\/2023\/07\/Reihey-logo-2026.svg","contentUrl":"https:\/\/reihey.com\/wp-content\/uploads\/2023\/07\/Reihey-logo-2026.svg","width":1984,"height":566,"caption":"Reihey Glass"},"image":{"@id":"https:\/\/reihey.com\/#\/schema\/logo\/image\/"}}]}},"_links":{"self":[{"href":"https:\/\/reihey.com\/de\/wp-json\/wp\/v2\/product\/3529","targetHints":{"allow":["GET"]}}],"collection":[{"href":"https:\/\/reihey.com\/de\/wp-json\/wp\/v2\/product"}],"about":[{"href":"https:\/\/reihey.com\/de\/wp-json\/wp\/v2\/types\/product"}],"replies":[{"embeddable":true,"href":"https:\/\/reihey.com\/de\/wp-json\/wp\/v2\/comments?post=3529"}],"version-history":[{"count":5,"href":"https:\/\/reihey.com\/de\/wp-json\/wp\/v2\/product\/3529\/revisions"}],"predecessor-version":[{"id":998177,"href":"https:\/\/reihey.com\/de\/wp-json\/wp\/v2\/product\/3529\/revisions\/998177"}],"wp:featuredmedia":[{"embeddable":true,"href":"https:\/\/reihey.com\/de\/wp-json\/wp\/v2\/media\/991278"}],"wp:attachment":[{"href":"https:\/\/reihey.com\/de\/wp-json\/wp\/v2\/media?parent=3529"}],"wp:term":[{"taxonomy":"product_brand","embeddable":true,"href":"https:\/\/reihey.com\/de\/wp-json\/wp\/v2\/product_brand?post=3529"},{"taxonomy":"product_cat","embeddable":true,"href":"https:\/\/reihey.com\/de\/wp-json\/wp\/v2\/product_cat?post=3529"},{"taxonomy":"product_tag","embeddable":true,"href":"https:\/\/reihey.com\/de\/wp-json\/wp\/v2\/product_tag?post=3529"}],"curies":[{"name":"wp","href":"https:\/\/api.w.org\/{rel}","templated":true}]}}