{"id":3510,"date":"2025-08-27T10:42:16","date_gmt":"2025-08-27T10:42:16","guid":{"rendered":"https:\/\/slot71.silverline.dev\/?post_type=product&#038;p=3510"},"modified":"2025-10-29T06:21:19","modified_gmt":"2025-10-29T06:21:19","slug":"565ml-portable-cold-drinking-bottle-clear-round-lead-free-glass-water-milk-beverage-glass-bottle","status":"publish","type":"product","link":"https:\/\/reihey.com\/de\/product\/565ml-portable-cold-drinking-bottle-clear-round-lead-free-glass-water-milk-beverage-glass-bottle\/","title":{"rendered":"565ml Tragbarer Kaltgetr\u00e4nkeflasche Klar runde bleifrei Glas Wasser Milch Getr\u00e4nk Glasflasche"},"content":{"rendered":"","protected":false},"excerpt":{"rendered":"<table class=\"desk-tab\">\n<tbody>\n<tr>\n<th>Material<\/th>\n<th>Kapazit\u00e4t<\/th>\n<th>Farbe<\/th>\n<th>Gr\u00f6\u00dfe<\/th>\n<th>Deckel<\/th>\n<th>Verwendung<\/th>\n<th>Verpackung<\/th>\n<\/tr>\n<tr>\n<td>Hochborosilikatglas<\/td>\n<td>565ml<\/td>\n<td>Klar<\/td>\n<td>20*7.1*5cm<\/td>\n<td>Glassdeckel<\/td>\n<td>Tee<\/td>\n<td>1. Standard-Exportkarton\u2013Xpcs\/Box, Ybox\/Karton<\/td>\n<\/tr>\n<tr>\n<td><\/td>\n<td><\/td>\n<td><\/td>\n<td><\/td>\n<td><\/td>\n<td>Kaffee<\/td>\n<td>2. Individuelle Verpackung: wei\u00dfer Karton mit Ihrem Logo. Farbige Geschenkbox mit Ihrem Logo<\/td>\n<\/tr>\n<tr>\n<td><\/td>\n<td><\/td>\n<td><\/td>\n<td><\/td>\n<td><\/td>\n<td>Frucht Heilpflanze<\/td>\n<td><\/td>\n<\/tr>\n<tr>\n<td><\/td>\n<td><\/td>\n<td><\/td>\n<td><\/td>\n<td><\/td>\n<td>Wein<\/td>\n<td><\/td>\n<\/tr>\n<tr>\n<td><\/td>\n<td><\/td>\n<td><\/td>\n<td><\/td>\n<td><\/td>\n<td>Startseite<\/td>\n<td><\/td>\n<\/tr>\n<tr>\n<td><\/td>\n<td><\/td>\n<td><\/td>\n<td><\/td>\n<td><\/td>\n<td>Hotel<\/td>\n<td><\/td>\n<\/tr>\n<\/tbody>\n<\/table>\n<table class=\"mob-tab\">\n<tbody>\n<tr>\n<th>Material<\/th>\n<td>Hochborosilikatglas<\/td>\n<\/tr>\n<tr>\n<th>Kapazit\u00e4t<\/th>\n<td>565ml<\/td>\n<\/tr>\n<tr>\n<th>Farbe<\/th>\n<td>Klar<\/td>\n<\/tr>\n<tr>\n<th>Gr\u00f6\u00dfe<\/th>\n<td>20*7.1*5cm<\/td>\n<\/tr>\n<tr>\n<th>Deckel<\/th>\n<td>Glassdeckel<\/td>\n<\/tr>\n<tr>\n<th>Verwendung<\/th>\n<td>Tee<br \/>\nKaffee<br \/>\nFrucht Heilpflanze<br \/>\nWein<br \/>\nStartseite<br \/>\nHotel<\/td>\n<\/tr>\n<tr>\n<th>Verpackung<\/th>\n<td>1. Standard-Exportkarton \u2013 X St\u00fcck\/Box, Y Box\/Karton.<br \/>\n2. Individuelle Verpackung: wei\u00dfer Karton mit Ihrem LOGO. Farbige Geschenkbox mit Ihrem Logo<\/td>\n<\/tr>\n<\/tbody>\n<\/table>\n<p>Inklusive Glasdeckel: Das Set enth\u00e4lt 4 Deckel aus hochwertigem Acryl, ein sehr strapazierf\u00e4higes und lebensmittelechtes Material, v\u00f6llig BPA-frei und bleifrei. Im Vergleich zu einigen d\u00fcnnen Kunststoffdeckeln sind unsere Deckel deutlich dicker und st\u00e4rker, ohne sich zu biegen oder zu brechen. Wenn Sie die Deckel vor der Verwendung nicht passend erhalten haben, keine Sorge, der Deckel passt in den Mund der Karaffe, wenn er mit Wasser in Kontakt kommt. Design mit Etiketten: Wir formen die Karaffe in klassischem, elegantem Design mit einem engen Hals f\u00fcr leichtes Greifen und dem Flaschenmund, damit beim Tragen und Eingie\u00dfen kein Tropfen entsteht. Sie k\u00f6nnen die Karaffen auch mit den enthaltenen Holzetiketten nach Ihren W\u00fcnschen und Zeichnungen kennzeichnen, um an besonderen Anl\u00e4ssen wie Sektbars und Sonntagsbrunch bei Junggesellinnen- und Junggesellenabschieden, Braut- und Babypartys zu identifizieren. Vielf\u00e4ltige Verwendung f\u00fcr Getr\u00e4nke: Sie eignen sich hervorragend zum Servieren von Wasser, Saft, Sangria, Wein, Cocktails zu Feiertagen, Partys und Zusammenk\u00fcnften; Sie k\u00f6nnen diese Karaffen auch verwenden, um kalten Kaffee, Milch, Infused Water, Limonade, Eistee oder beliebige hausgemachte Getr\u00e4nke \u2013 s\u00fc\u00df oder herb \u2013 t\u00e4glich zu trinken.<\/p>","protected":false},"featured_media":991273,"comment_status":"closed","ping_status":"closed","template":"","meta":{"_acf_changed":false},"product_brand":[],"product_cat":[601,611,597],"product_tag":[],"class_list":{"0":"post-3510","1":"product","2":"type-product","3":"status-publish","4":"has-post-thumbnail","6":"product_cat-food-beverage","7":"product_cat-glass-bottle-manufacturer","8":"product_cat-glass-juice-bottle-manufacturer","10":"first","11":"instock","12":"shipping-taxable","13":"product-type-simple"},"acf":[],"yoast_head":"<!-- This site is optimized with the Yoast SEO plugin v26.7 - https:\/\/yoast.com\/wordpress\/plugins\/seo\/ -->\n<title>565ml Portable Cold Drinking Bottle Clear Round Lead Free Glass Water Milk Beverage Glass bottle - Reihey Glass<\/title>\n<meta name=\"robots\" content=\"index, follow, max-snippet:-1, max-image-preview:large, max-video-preview:-1\" \/>\n<link rel=\"canonical\" href=\"https:\/\/reihey.com\/de\/product\/565ml-portable-cold-drinking-bottle-clear-round-lead-free-glass-water-milk-beverage-glass-bottle\/\" \/>\n<meta property=\"og:locale\" content=\"de_DE\" \/>\n<meta property=\"og:type\" content=\"article\" \/>\n<meta property=\"og:title\" content=\"565ml Portable Cold Drinking Bottle Clear Round Lead Free Glass Water Milk Beverage Glass bottle - Reihey Glass\" \/>\n<meta property=\"og:description\" content=\"Material Capacity Color Size Lid Usage Packing   High borosilicate glass 565ml Clear 20*7.1*5cm Glass Lid Tea 1. Standard export carton--Xpcs\/box, Ybox\/carton        Coffee 2. Custom pack: white box with your logo. Color gift box with your logo        Fruit herbal         Wine         Home         Hotel        Material High borosilicate glass   Capacity 565ml   Color Clear   Size 20*7.1*5cm   Lid Glass Lid   Usage Tea Coffee Fruit herbal Wine Home Hotel   Packing 1. Standard export carton--Xpcs\/box, Ybox\/carton. 2. Custom pack: white box with your LOGO. Color gift box with your logo    Glass Lids Included: The set contains 4 lids made of high-quality acrylic which is a very sturdy and durable material and food-safe, it is totally BPA-free and lead-free. Compared to some thin plastic lids, our lids are much thicker and stronger without getting bent or fractured. If you got the lids unfitted before use, don\u2019t worry, the lid will fit into the mouth of the carafe when it encounters water. Design With Tags: We shape the carafe in classic but elegant design with a narrow neck for easy gripping and the bottle mouth for non-dripping while carrying and pouring. You can also decorate the carafes with the included wooden tags by your writtens and drawings to identify on special occasions like bubbly bars and Sunday brunch of bridal shower and baby shower. Multiple Uses For Beverage: they are great to serve water, juice, sangira, wine, cocktail at holidays, parties and gatherings, you can also use these carafes to make cold brew coffee, milk, infused water, lemonade, iced tea or any homemade drink soft or hard for daily drinking.\" \/>\n<meta property=\"og:url\" content=\"https:\/\/reihey.com\/de\/product\/565ml-portable-cold-drinking-bottle-clear-round-lead-free-glass-water-milk-beverage-glass-bottle\/\" \/>\n<meta property=\"og:site_name\" content=\"Reihey Glass\" \/>\n<meta property=\"article:modified_time\" content=\"2025-10-29T06:21:19+00:00\" \/>\n<meta property=\"og:image\" content=\"https:\/\/reihey.com\/wp-content\/uploads\/2025\/08\/Main-03-3.jpg\" \/>\n\t<meta property=\"og:image:width\" content=\"707\" \/>\n\t<meta property=\"og:image:height\" content=\"770\" \/>\n\t<meta property=\"og:image:type\" content=\"image\/jpeg\" \/>\n<meta name=\"twitter:card\" content=\"summary_large_image\" \/>\n<meta name=\"twitter:label1\" content=\"Est. reading time\" \/>\n\t<meta name=\"twitter:data1\" content=\"1\u00a0Minute\" \/>\n<script type=\"application\/ld+json\" class=\"yoast-schema-graph\">{\"@context\":\"https:\/\/schema.org\",\"@graph\":[{\"@type\":\"WebPage\",\"@id\":\"https:\/\/reihey.com\/product\/565ml-portable-cold-drinking-bottle-clear-round-lead-free-glass-water-milk-beverage-glass-bottle\/\",\"url\":\"https:\/\/reihey.com\/product\/565ml-portable-cold-drinking-bottle-clear-round-lead-free-glass-water-milk-beverage-glass-bottle\/\",\"name\":\"565ml Portable Cold Drinking Bottle Clear Round Lead Free Glass Water Milk Beverage Glass bottle - Reihey Glass\",\"isPartOf\":{\"@id\":\"https:\/\/reihey.com\/#website\"},\"primaryImageOfPage\":{\"@id\":\"https:\/\/reihey.com\/product\/565ml-portable-cold-drinking-bottle-clear-round-lead-free-glass-water-milk-beverage-glass-bottle\/#primaryimage\"},\"image\":{\"@id\":\"https:\/\/reihey.com\/product\/565ml-portable-cold-drinking-bottle-clear-round-lead-free-glass-water-milk-beverage-glass-bottle\/#primaryimage\"},\"thumbnailUrl\":\"https:\/\/reihey.com\/wp-content\/uploads\/2025\/08\/Main-03-3.jpg\",\"datePublished\":\"2025-08-27T10:42:16+00:00\",\"dateModified\":\"2025-10-29T06:21:19+00:00\",\"breadcrumb\":{\"@id\":\"https:\/\/reihey.com\/product\/565ml-portable-cold-drinking-bottle-clear-round-lead-free-glass-water-milk-beverage-glass-bottle\/#breadcrumb\"},\"inLanguage\":\"de\",\"potentialAction\":[{\"@type\":\"ReadAction\",\"target\":[\"https:\/\/reihey.com\/product\/565ml-portable-cold-drinking-bottle-clear-round-lead-free-glass-water-milk-beverage-glass-bottle\/\"]}]},{\"@type\":\"ImageObject\",\"inLanguage\":\"de\",\"@id\":\"https:\/\/reihey.com\/product\/565ml-portable-cold-drinking-bottle-clear-round-lead-free-glass-water-milk-beverage-glass-bottle\/#primaryimage\",\"url\":\"https:\/\/reihey.com\/wp-content\/uploads\/2025\/08\/Main-03-3.jpg\",\"contentUrl\":\"https:\/\/reihey.com\/wp-content\/uploads\/2025\/08\/Main-03-3.jpg\",\"width\":707,\"height\":770},{\"@type\":\"BreadcrumbList\",\"@id\":\"https:\/\/reihey.com\/product\/565ml-portable-cold-drinking-bottle-clear-round-lead-free-glass-water-milk-beverage-glass-bottle\/#breadcrumb\",\"itemListElement\":[{\"@type\":\"ListItem\",\"position\":1,\"name\":\"Home\",\"item\":\"https:\/\/reihey.com\/\"},{\"@type\":\"ListItem\",\"position\":2,\"name\":\"Shop\",\"item\":\"https:\/\/reihey.com\/shop\/\"},{\"@type\":\"ListItem\",\"position\":3,\"name\":\"565ml Portable Cold Drinking Bottle Clear Round Lead Free Glass Water Milk Beverage Glass bottle\"}]},{\"@type\":\"WebSite\",\"@id\":\"https:\/\/reihey.com\/#website\",\"url\":\"https:\/\/reihey.com\/\",\"name\":\"Reihey Glass\",\"description\":\"\",\"publisher\":{\"@id\":\"https:\/\/reihey.com\/#organization\"},\"potentialAction\":[{\"@type\":\"SearchAction\",\"target\":{\"@type\":\"EntryPoint\",\"urlTemplate\":\"https:\/\/reihey.com\/?s={search_term_string}\"},\"query-input\":{\"@type\":\"PropertyValueSpecification\",\"valueRequired\":true,\"valueName\":\"search_term_string\"}}],\"inLanguage\":\"de\"},{\"@type\":\"Organization\",\"@id\":\"https:\/\/reihey.com\/#organization\",\"name\":\"Reihey Glass\",\"url\":\"https:\/\/reihey.com\/\",\"logo\":{\"@type\":\"ImageObject\",\"inLanguage\":\"de\",\"@id\":\"https:\/\/reihey.com\/#\/schema\/logo\/image\/\",\"url\":\"https:\/\/reihey.com\/wp-content\/uploads\/2023\/07\/Reihey-logo-2026.svg\",\"contentUrl\":\"https:\/\/reihey.com\/wp-content\/uploads\/2023\/07\/Reihey-logo-2026.svg\",\"width\":1984,\"height\":566,\"caption\":\"Reihey Glass\"},\"image\":{\"@id\":\"https:\/\/reihey.com\/#\/schema\/logo\/image\/\"}}]}<\/script>\n<!-- \/ Yoast SEO plugin. -->","yoast_head_json":{"title":"565ml Tragbare kalte Trinkflasche klar runde bleifreie Glasflasche f\u00fcr Wasser Milch Getr\u00e4nk - Reihey Glas","robots":{"index":"index","follow":"follow","max-snippet":"max-snippet:-1","max-image-preview":"max-image-preview:large","max-video-preview":"max-video-preview:-1"},"canonical":"https:\/\/reihey.com\/de\/product\/565ml-portable-cold-drinking-bottle-clear-round-lead-free-glass-water-milk-beverage-glass-bottle\/","og_locale":"de_DE","og_type":"article","og_title":"565ml Portable Cold Drinking Bottle Clear Round Lead Free Glass Water Milk Beverage Glass bottle - Reihey Glass","og_description":"Material Capacity Color Size Lid Usage Packing   High borosilicate glass 565ml Clear 20*7.1*5cm Glass Lid Tea 1. Standard export carton--Xpcs\/box, Ybox\/carton        Coffee 2. Custom pack: white box with your logo. Color gift box with your logo        Fruit herbal         Wine         Home         Hotel        Material High borosilicate glass   Capacity 565ml   Color Clear   Size 20*7.1*5cm   Lid Glass Lid   Usage Tea Coffee Fruit herbal Wine Home Hotel   Packing 1. Standard export carton--Xpcs\/box, Ybox\/carton. 2. Custom pack: white box with your LOGO. Color gift box with your logo    Glass Lids Included: The set contains 4 lids made of high-quality acrylic which is a very sturdy and durable material and food-safe, it is totally BPA-free and lead-free. Compared to some thin plastic lids, our lids are much thicker and stronger without getting bent or fractured. If you got the lids unfitted before use, don\u2019t worry, the lid will fit into the mouth of the carafe when it encounters water. Design With Tags: We shape the carafe in classic but elegant design with a narrow neck for easy gripping and the bottle mouth for non-dripping while carrying and pouring. You can also decorate the carafes with the included wooden tags by your writtens and drawings to identify on special occasions like bubbly bars and Sunday brunch of bridal shower and baby shower. Multiple Uses For Beverage: they are great to serve water, juice, sangira, wine, cocktail at holidays, parties and gatherings, you can also use these carafes to make cold brew coffee, milk, infused water, lemonade, iced tea or any homemade drink soft or hard for daily drinking.","og_url":"https:\/\/reihey.com\/de\/product\/565ml-portable-cold-drinking-bottle-clear-round-lead-free-glass-water-milk-beverage-glass-bottle\/","og_site_name":"Reihey Glass","article_modified_time":"2025-10-29T06:21:19+00:00","og_image":[{"width":707,"height":770,"url":"https:\/\/reihey.com\/wp-content\/uploads\/2025\/08\/Main-03-3.jpg","type":"image\/jpeg"}],"twitter_card":"summary_large_image","twitter_misc":{"Est. reading time":"1\u00a0Minute"},"schema":{"@context":"https:\/\/schema.org","@graph":[{"@type":"WebPage","@id":"https:\/\/reihey.com\/product\/565ml-portable-cold-drinking-bottle-clear-round-lead-free-glass-water-milk-beverage-glass-bottle\/","url":"https:\/\/reihey.com\/product\/565ml-portable-cold-drinking-bottle-clear-round-lead-free-glass-water-milk-beverage-glass-bottle\/","name":"565ml Tragbare kalte Trinkflasche klar runde bleifreie Glasflasche f\u00fcr Wasser Milch Getr\u00e4nk - Reihey Glas","isPartOf":{"@id":"https:\/\/reihey.com\/#website"},"primaryImageOfPage":{"@id":"https:\/\/reihey.com\/product\/565ml-portable-cold-drinking-bottle-clear-round-lead-free-glass-water-milk-beverage-glass-bottle\/#primaryimage"},"image":{"@id":"https:\/\/reihey.com\/product\/565ml-portable-cold-drinking-bottle-clear-round-lead-free-glass-water-milk-beverage-glass-bottle\/#primaryimage"},"thumbnailUrl":"https:\/\/reihey.com\/wp-content\/uploads\/2025\/08\/Main-03-3.jpg","datePublished":"2025-08-27T10:42:16+00:00","dateModified":"2025-10-29T06:21:19+00:00","breadcrumb":{"@id":"https:\/\/reihey.com\/product\/565ml-portable-cold-drinking-bottle-clear-round-lead-free-glass-water-milk-beverage-glass-bottle\/#breadcrumb"},"inLanguage":"de","potentialAction":[{"@type":"ReadAction","target":["https:\/\/reihey.com\/product\/565ml-portable-cold-drinking-bottle-clear-round-lead-free-glass-water-milk-beverage-glass-bottle\/"]}]},{"@type":"ImageObject","inLanguage":"de","@id":"https:\/\/reihey.com\/product\/565ml-portable-cold-drinking-bottle-clear-round-lead-free-glass-water-milk-beverage-glass-bottle\/#primaryimage","url":"https:\/\/reihey.com\/wp-content\/uploads\/2025\/08\/Main-03-3.jpg","contentUrl":"https:\/\/reihey.com\/wp-content\/uploads\/2025\/08\/Main-03-3.jpg","width":707,"height":770},{"@type":"BreadcrumbList","@id":"https:\/\/reihey.com\/product\/565ml-portable-cold-drinking-bottle-clear-round-lead-free-glass-water-milk-beverage-glass-bottle\/#breadcrumb","itemListElement":[{"@type":"ListItem","position":1,"name":"Home","item":"https:\/\/reihey.com\/"},{"@type":"ListItem","position":2,"name":"Shop","item":"https:\/\/reihey.com\/shop\/"},{"@type":"ListItem","position":3,"name":"565ml Portable Cold Drinking Bottle Clear Round Lead Free Glass Water Milk Beverage Glass bottle"}]},{"@type":"WebSite","@id":"https:\/\/reihey.com\/#website","url":"https:\/\/reihey.com\/","name":"Reihey Glas","description":"","publisher":{"@id":"https:\/\/reihey.com\/#organization"},"potentialAction":[{"@type":"SearchAction","target":{"@type":"EntryPoint","urlTemplate":"https:\/\/reihey.com\/?s={search_term_string}"},"query-input":{"@type":"PropertyValueSpecification","valueRequired":true,"valueName":"search_term_string"}}],"inLanguage":"de"},{"@type":"Organization","@id":"https:\/\/reihey.com\/#organization","name":"Reihey Glas","url":"https:\/\/reihey.com\/","logo":{"@type":"ImageObject","inLanguage":"de","@id":"https:\/\/reihey.com\/#\/schema\/logo\/image\/","url":"https:\/\/reihey.com\/wp-content\/uploads\/2023\/07\/Reihey-logo-2026.svg","contentUrl":"https:\/\/reihey.com\/wp-content\/uploads\/2023\/07\/Reihey-logo-2026.svg","width":1984,"height":566,"caption":"Reihey Glass"},"image":{"@id":"https:\/\/reihey.com\/#\/schema\/logo\/image\/"}}]}},"_links":{"self":[{"href":"https:\/\/reihey.com\/de\/wp-json\/wp\/v2\/product\/3510","targetHints":{"allow":["GET"]}}],"collection":[{"href":"https:\/\/reihey.com\/de\/wp-json\/wp\/v2\/product"}],"about":[{"href":"https:\/\/reihey.com\/de\/wp-json\/wp\/v2\/types\/product"}],"replies":[{"embeddable":true,"href":"https:\/\/reihey.com\/de\/wp-json\/wp\/v2\/comments?post=3510"}],"version-history":[{"count":8,"href":"https:\/\/reihey.com\/de\/wp-json\/wp\/v2\/product\/3510\/revisions"}],"predecessor-version":[{"id":998176,"href":"https:\/\/reihey.com\/de\/wp-json\/wp\/v2\/product\/3510\/revisions\/998176"}],"wp:featuredmedia":[{"embeddable":true,"href":"https:\/\/reihey.com\/de\/wp-json\/wp\/v2\/media\/991273"}],"wp:attachment":[{"href":"https:\/\/reihey.com\/de\/wp-json\/wp\/v2\/media?parent=3510"}],"wp:term":[{"taxonomy":"product_brand","embeddable":true,"href":"https:\/\/reihey.com\/de\/wp-json\/wp\/v2\/product_brand?post=3510"},{"taxonomy":"product_cat","embeddable":true,"href":"https:\/\/reihey.com\/de\/wp-json\/wp\/v2\/product_cat?post=3510"},{"taxonomy":"product_tag","embeddable":true,"href":"https:\/\/reihey.com\/de\/wp-json\/wp\/v2\/product_tag?post=3510"}],"curies":[{"name":"wp","href":"https:\/\/api.w.org\/{rel}","templated":true}]}}