{"id":3406,"date":"2025-08-27T10:41:51","date_gmt":"2025-08-27T10:41:51","guid":{"rendered":"https:\/\/slot71.silverline.dev\/?post_type=product&#038;p=3406"},"modified":"2025-10-29T06:21:19","modified_gmt":"2025-10-29T06:21:19","slug":"clear-glass-juice-bottle-glass-milk-bottle-with-metal-lid-beverage-bottle","status":"publish","type":"product","link":"https:\/\/reihey.com\/de\/product\/clear-glass-juice-bottle-glass-milk-bottle-with-metal-lid-beverage-bottle\/","title":{"rendered":"Klar Glas Saftflasche Glas MilchkFlasche mit Metalldeckel Getr\u00e4nkeflasche"},"content":{"rendered":"","protected":false},"excerpt":{"rendered":"<table class=\"desk-tab\">\n<tbody>\n<tr>\n<th>Material<\/th>\n<th>Kapazit\u00e4t<\/th>\n<th>Farbe<\/th>\n<th>Gr\u00f6\u00dfe<\/th>\n<th>Deckel<\/th>\n<th>Verwendung<\/th>\n<th>Verpackung<\/th>\n<\/tr>\n<tr>\n<td>Glas<\/td>\n<td>200ml<\/td>\n<td>Klar<\/td>\n<td>11.9*5.9cm<\/td>\n<td>Schraubkappe<\/td>\n<td>Getr\u00e4nk<\/td>\n<td>1. Standard-Exportkarton\u2013Xpcs\/Box, Ybox\/Karton<\/td>\n<\/tr>\n<tr>\n<td><\/td>\n<td>250ml<\/td>\n<td><\/td>\n<td>14*6cm<\/td>\n<td><\/td>\n<td>Saft<\/td>\n<td>2. Individuelle Verpackung: wei\u00dfer Karton mit Ihrem Logo. Farbige Geschenkbox mit Ihrem Logo<\/td>\n<\/tr>\n<tr>\n<td><\/td>\n<td>300ml<\/td>\n<td><\/td>\n<td>15.2*6.5cm<\/td>\n<td><\/td>\n<td><\/td>\n<td><\/td>\n<\/tr>\n<tr>\n<td><\/td>\n<td>500 ml<\/td>\n<td><\/td>\n<td>20.5*7.3cm<\/td>\n<td><\/td>\n<td><\/td>\n<td><\/td>\n<\/tr>\n<tr>\n<td><\/td>\n<td>1000ml<\/td>\n<td><\/td>\n<td>25.8*8cm<\/td>\n<td><\/td>\n<td><\/td>\n<td><\/td>\n<\/tr>\n<\/tbody>\n<\/table>\n<table class=\"mob-tab\">\n<tbody>\n<tr>\n<th>Material<\/th>\n<td>Glas<\/td>\n<\/tr>\n<tr>\n<th>Kapazit\u00e4t<\/th>\n<td>200ml<br \/>\n250ml<br \/>\n300ml<br \/>\n500 ml<br \/>\n1000ml<\/td>\n<\/tr>\n<tr>\n<th>Farbe<\/th>\n<td>Klar<\/td>\n<\/tr>\n<tr>\n<th>Gr\u00f6\u00dfe<\/th>\n<td>11.9*5.9cm<br \/>\n14*6cm<br \/>\n15.2*6.5cm<br \/>\n20.5*7.3cm<br \/>\n25.8*8cm<\/td>\n<\/tr>\n<tr>\n<th>Deckel<\/th>\n<td>Schraubkappe<\/td>\n<\/tr>\n<tr>\n<th>Verwendung<\/th>\n<td>Getr\u00e4nk<br \/>\nSaft<\/td>\n<\/tr>\n<tr>\n<th>Verpackung<\/th>\n<td>1. Standard-Exportkarton \u2013 X St\u00fcck\/Box, Y Box\/Karton.<br \/>\n2. Individuelle Verpackung: wei\u00dfer Karton mit Ihrem LOGO. Farbige Geschenkbox mit Ihrem Logo<\/td>\n<\/tr>\n<\/tbody>\n<\/table>\n<p>Aus hochwertigem, bleifreiem Glas hergestellt, sind unsere Glas-Milchflaschen mit Deckeln perfekt zur Aufbewahrung von Milch, Buttermilch, Honig, Ahornsirup, Marmelade, hausgemachter So\u00dfe, Barbecue-So\u00dfe, scharfer So\u00dfe, Ketchup und mehr! Unsere Deckel sind mit einem Sicherheitsring versehen, Sie erkennen sofort, ob die Flasche bereits ge\u00f6ffnet wurde. Unser Milchk\u00e4nnchen mit Deckeln ist sp\u00fclmaschinenfest und auch von Hand leicht zu reinigen. Einfach mit warmem Wasser, milder Sp\u00fclseife und einem nicht scheuernden Schwamm waschen, um Ihre Flaschen wieder sauber zu machen! Lebensmittelfreundlich: Eine gute Alternative zu Acryl- und Plastikflaschen. Im Gegensatz zu Plastik geben unsere Flaschen kein BPA oder Phthalate in Ihre Lebensmittel ab. Unsere Flaschen sind au\u00dferdem recycelbar &amp; wiederverwendbar. Die Verwendung unserer Flaschen hilft, toxische Emissionen zu reduzieren. Verschiedene Materialien f\u00fcr die Verschlusskappen Die Flasche hat zwei verschiedene Materialdeckel, Metallkappe und die Plastikdeckel zur Auswahl!<\/p>","protected":false},"featured_media":991247,"comment_status":"closed","ping_status":"closed","template":"","meta":{"_acf_changed":false},"product_brand":[],"product_cat":[601,611,597,621],"product_tag":[],"class_list":{"0":"post-3406","1":"product","2":"type-product","3":"status-publish","4":"has-post-thumbnail","6":"product_cat-food-beverage","7":"product_cat-glass-bottle-manufacturer","8":"product_cat-glass-juice-bottle-manufacturer","9":"product_cat-glass-milk-bottle-manufacturer","11":"first","12":"instock","13":"shipping-taxable","14":"product-type-simple"},"acf":[],"yoast_head":"<!-- This site is optimized with the Yoast SEO plugin v26.7 - https:\/\/yoast.com\/wordpress\/plugins\/seo\/ -->\n<title>Clear Glass Juice Bottle Glass Milk Bottle With Metal Lid Beverage Bottle - Reihey Glass<\/title>\n<meta name=\"robots\" content=\"index, follow, max-snippet:-1, max-image-preview:large, max-video-preview:-1\" \/>\n<link rel=\"canonical\" href=\"https:\/\/reihey.com\/de\/product\/clear-glass-juice-bottle-glass-milk-bottle-with-metal-lid-beverage-bottle\/\" \/>\n<meta property=\"og:locale\" content=\"de_DE\" \/>\n<meta property=\"og:type\" content=\"article\" \/>\n<meta property=\"og:title\" content=\"Clear Glass Juice Bottle Glass Milk Bottle With Metal Lid Beverage Bottle - Reihey Glass\" \/>\n<meta property=\"og:description\" content=\"Material Capacity Color Size Lid Usage Packing   Glass 200ml Clear 11.9*5.9cm Screw Cap Beverage 1. Standard export carton--Xpcs\/box, Ybox\/carton    250ml  14*6cm  Juice 2. Custom pack: white box with your logo. Color gift box with your logo    300ml  15.2*6.5cm       500ml  20.5*7.3cm       1000ml  25.8*8cm          Material Glass   Capacity 200ml 250ml 300ml 500ml 1000ml   Color Clear   Size 11.9*5.9cm 14*6cm 15.2*6.5cm 20.5*7.3cm 25.8*8cm   Lid Screw Cap   Usage Beverage Juice   Packing 1. Standard export carton--Xpcs\/box, Ybox\/carton. 2. Custom pack: white box with your LOGO. Color gift box with your logo    Made of premium quality, lead-free glass material, our glass milk bottles with caps are perfect for storing milk, butter-milk, honey, maple syrup, jam, homemade sauce, barbecue sauce, hot sauce, ketchup, and more! Our lids are designed with a security ring, you\u2019ll know right away if the bottle has been opened already. Our milk jar with lids is dishwasher safe and even easy to clean by hand. Simply wash with warm water, mild dish soap and a non-abrasive sponge to get your bottles squeaky clean! Food Grade: A great alternative to acrylic and plastic bottles. Unlike plastic, our bottles won\u2019t leach BPA or phthalates into your food. Our bottles are also recyclable &amp; reusable. Using our bottles helps reduce toxic emissions.Different material for the Proof Caps The bottle have two different material lids,Metal cap and the plastic caps for your choose!\" \/>\n<meta property=\"og:url\" content=\"https:\/\/reihey.com\/de\/product\/clear-glass-juice-bottle-glass-milk-bottle-with-metal-lid-beverage-bottle\/\" \/>\n<meta property=\"og:site_name\" content=\"Reihey Glass\" \/>\n<meta property=\"article:modified_time\" content=\"2025-10-29T06:21:19+00:00\" \/>\n<meta property=\"og:image\" content=\"https:\/\/reihey.com\/wp-content\/uploads\/2025\/08\/SKU-02-Glass-Milk-Bottle.jpg\" \/>\n\t<meta property=\"og:image:width\" content=\"1000\" \/>\n\t<meta property=\"og:image:height\" content=\"1000\" \/>\n\t<meta property=\"og:image:type\" content=\"image\/jpeg\" \/>\n<meta name=\"twitter:card\" content=\"summary_large_image\" \/>\n<meta name=\"twitter:label1\" content=\"Est. reading time\" \/>\n\t<meta name=\"twitter:data1\" content=\"1\u00a0Minute\" \/>\n<script type=\"application\/ld+json\" class=\"yoast-schema-graph\">{\"@context\":\"https:\/\/schema.org\",\"@graph\":[{\"@type\":\"WebPage\",\"@id\":\"https:\/\/reihey.com\/product\/clear-glass-juice-bottle-glass-milk-bottle-with-metal-lid-beverage-bottle\/\",\"url\":\"https:\/\/reihey.com\/product\/clear-glass-juice-bottle-glass-milk-bottle-with-metal-lid-beverage-bottle\/\",\"name\":\"Clear Glass Juice Bottle Glass Milk Bottle With Metal Lid Beverage Bottle - Reihey Glass\",\"isPartOf\":{\"@id\":\"https:\/\/reihey.com\/#website\"},\"primaryImageOfPage\":{\"@id\":\"https:\/\/reihey.com\/product\/clear-glass-juice-bottle-glass-milk-bottle-with-metal-lid-beverage-bottle\/#primaryimage\"},\"image\":{\"@id\":\"https:\/\/reihey.com\/product\/clear-glass-juice-bottle-glass-milk-bottle-with-metal-lid-beverage-bottle\/#primaryimage\"},\"thumbnailUrl\":\"https:\/\/reihey.com\/wp-content\/uploads\/2025\/08\/SKU-02-Glass-Milk-Bottle.jpg\",\"datePublished\":\"2025-08-27T10:41:51+00:00\",\"dateModified\":\"2025-10-29T06:21:19+00:00\",\"breadcrumb\":{\"@id\":\"https:\/\/reihey.com\/product\/clear-glass-juice-bottle-glass-milk-bottle-with-metal-lid-beverage-bottle\/#breadcrumb\"},\"inLanguage\":\"de\",\"potentialAction\":[{\"@type\":\"ReadAction\",\"target\":[\"https:\/\/reihey.com\/product\/clear-glass-juice-bottle-glass-milk-bottle-with-metal-lid-beverage-bottle\/\"]}]},{\"@type\":\"ImageObject\",\"inLanguage\":\"de\",\"@id\":\"https:\/\/reihey.com\/product\/clear-glass-juice-bottle-glass-milk-bottle-with-metal-lid-beverage-bottle\/#primaryimage\",\"url\":\"https:\/\/reihey.com\/wp-content\/uploads\/2025\/08\/SKU-02-Glass-Milk-Bottle.jpg\",\"contentUrl\":\"https:\/\/reihey.com\/wp-content\/uploads\/2025\/08\/SKU-02-Glass-Milk-Bottle.jpg\",\"width\":1000,\"height\":1000},{\"@type\":\"BreadcrumbList\",\"@id\":\"https:\/\/reihey.com\/product\/clear-glass-juice-bottle-glass-milk-bottle-with-metal-lid-beverage-bottle\/#breadcrumb\",\"itemListElement\":[{\"@type\":\"ListItem\",\"position\":1,\"name\":\"Home\",\"item\":\"https:\/\/reihey.com\/\"},{\"@type\":\"ListItem\",\"position\":2,\"name\":\"Shop\",\"item\":\"https:\/\/reihey.com\/shop\/\"},{\"@type\":\"ListItem\",\"position\":3,\"name\":\"Clear Glass Juice Bottle Glass Milk Bottle With Metal Lid Beverage Bottle\"}]},{\"@type\":\"WebSite\",\"@id\":\"https:\/\/reihey.com\/#website\",\"url\":\"https:\/\/reihey.com\/\",\"name\":\"Reihey Glass\",\"description\":\"\",\"publisher\":{\"@id\":\"https:\/\/reihey.com\/#organization\"},\"potentialAction\":[{\"@type\":\"SearchAction\",\"target\":{\"@type\":\"EntryPoint\",\"urlTemplate\":\"https:\/\/reihey.com\/?s={search_term_string}\"},\"query-input\":{\"@type\":\"PropertyValueSpecification\",\"valueRequired\":true,\"valueName\":\"search_term_string\"}}],\"inLanguage\":\"de\"},{\"@type\":\"Organization\",\"@id\":\"https:\/\/reihey.com\/#organization\",\"name\":\"Reihey Glass\",\"url\":\"https:\/\/reihey.com\/\",\"logo\":{\"@type\":\"ImageObject\",\"inLanguage\":\"de\",\"@id\":\"https:\/\/reihey.com\/#\/schema\/logo\/image\/\",\"url\":\"https:\/\/reihey.com\/wp-content\/uploads\/2023\/07\/Reihey-logo-2026.svg\",\"contentUrl\":\"https:\/\/reihey.com\/wp-content\/uploads\/2023\/07\/Reihey-logo-2026.svg\",\"width\":1984,\"height\":566,\"caption\":\"Reihey Glass\"},\"image\":{\"@id\":\"https:\/\/reihey.com\/#\/schema\/logo\/image\/\"}}]}<\/script>\n<!-- \/ Yoast SEO plugin. -->","yoast_head_json":{"title":"Klarglas-Saftflasche Glas Milchkflasche mit Metalldeckel Getr\u00e4nkeflasche - Reihey Glas","robots":{"index":"index","follow":"follow","max-snippet":"max-snippet:-1","max-image-preview":"max-image-preview:large","max-video-preview":"max-video-preview:-1"},"canonical":"https:\/\/reihey.com\/de\/product\/clear-glass-juice-bottle-glass-milk-bottle-with-metal-lid-beverage-bottle\/","og_locale":"de_DE","og_type":"article","og_title":"Clear Glass Juice Bottle Glass Milk Bottle With Metal Lid Beverage Bottle - Reihey Glass","og_description":"Material Capacity Color Size Lid Usage Packing   Glass 200ml Clear 11.9*5.9cm Screw Cap Beverage 1. Standard export carton--Xpcs\/box, Ybox\/carton    250ml  14*6cm  Juice 2. Custom pack: white box with your logo. Color gift box with your logo    300ml  15.2*6.5cm       500ml  20.5*7.3cm       1000ml  25.8*8cm          Material Glass   Capacity 200ml 250ml 300ml 500ml 1000ml   Color Clear   Size 11.9*5.9cm 14*6cm 15.2*6.5cm 20.5*7.3cm 25.8*8cm   Lid Screw Cap   Usage Beverage Juice   Packing 1. Standard export carton--Xpcs\/box, Ybox\/carton. 2. Custom pack: white box with your LOGO. Color gift box with your logo    Made of premium quality, lead-free glass material, our glass milk bottles with caps are perfect for storing milk, butter-milk, honey, maple syrup, jam, homemade sauce, barbecue sauce, hot sauce, ketchup, and more! Our lids are designed with a security ring, you\u2019ll know right away if the bottle has been opened already. Our milk jar with lids is dishwasher safe and even easy to clean by hand. Simply wash with warm water, mild dish soap and a non-abrasive sponge to get your bottles squeaky clean! Food Grade: A great alternative to acrylic and plastic bottles. Unlike plastic, our bottles won\u2019t leach BPA or phthalates into your food. Our bottles are also recyclable &amp; reusable. Using our bottles helps reduce toxic emissions.Different material for the Proof Caps The bottle have two different material lids,Metal cap and the plastic caps for your choose!","og_url":"https:\/\/reihey.com\/de\/product\/clear-glass-juice-bottle-glass-milk-bottle-with-metal-lid-beverage-bottle\/","og_site_name":"Reihey Glass","article_modified_time":"2025-10-29T06:21:19+00:00","og_image":[{"width":1000,"height":1000,"url":"https:\/\/reihey.com\/wp-content\/uploads\/2025\/08\/SKU-02-Glass-Milk-Bottle.jpg","type":"image\/jpeg"}],"twitter_card":"summary_large_image","twitter_misc":{"Est. reading time":"1\u00a0Minute"},"schema":{"@context":"https:\/\/schema.org","@graph":[{"@type":"WebPage","@id":"https:\/\/reihey.com\/product\/clear-glass-juice-bottle-glass-milk-bottle-with-metal-lid-beverage-bottle\/","url":"https:\/\/reihey.com\/product\/clear-glass-juice-bottle-glass-milk-bottle-with-metal-lid-beverage-bottle\/","name":"Klarglas-Saftflasche Glas Milchkflasche mit Metalldeckel Getr\u00e4nkeflasche - Reihey Glas","isPartOf":{"@id":"https:\/\/reihey.com\/#website"},"primaryImageOfPage":{"@id":"https:\/\/reihey.com\/product\/clear-glass-juice-bottle-glass-milk-bottle-with-metal-lid-beverage-bottle\/#primaryimage"},"image":{"@id":"https:\/\/reihey.com\/product\/clear-glass-juice-bottle-glass-milk-bottle-with-metal-lid-beverage-bottle\/#primaryimage"},"thumbnailUrl":"https:\/\/reihey.com\/wp-content\/uploads\/2025\/08\/SKU-02-Glass-Milk-Bottle.jpg","datePublished":"2025-08-27T10:41:51+00:00","dateModified":"2025-10-29T06:21:19+00:00","breadcrumb":{"@id":"https:\/\/reihey.com\/product\/clear-glass-juice-bottle-glass-milk-bottle-with-metal-lid-beverage-bottle\/#breadcrumb"},"inLanguage":"de","potentialAction":[{"@type":"ReadAction","target":["https:\/\/reihey.com\/product\/clear-glass-juice-bottle-glass-milk-bottle-with-metal-lid-beverage-bottle\/"]}]},{"@type":"ImageObject","inLanguage":"de","@id":"https:\/\/reihey.com\/product\/clear-glass-juice-bottle-glass-milk-bottle-with-metal-lid-beverage-bottle\/#primaryimage","url":"https:\/\/reihey.com\/wp-content\/uploads\/2025\/08\/SKU-02-Glass-Milk-Bottle.jpg","contentUrl":"https:\/\/reihey.com\/wp-content\/uploads\/2025\/08\/SKU-02-Glass-Milk-Bottle.jpg","width":1000,"height":1000},{"@type":"BreadcrumbList","@id":"https:\/\/reihey.com\/product\/clear-glass-juice-bottle-glass-milk-bottle-with-metal-lid-beverage-bottle\/#breadcrumb","itemListElement":[{"@type":"ListItem","position":1,"name":"Home","item":"https:\/\/reihey.com\/"},{"@type":"ListItem","position":2,"name":"Shop","item":"https:\/\/reihey.com\/shop\/"},{"@type":"ListItem","position":3,"name":"Clear Glass Juice Bottle Glass Milk Bottle With Metal Lid Beverage Bottle"}]},{"@type":"WebSite","@id":"https:\/\/reihey.com\/#website","url":"https:\/\/reihey.com\/","name":"Reihey Glas","description":"","publisher":{"@id":"https:\/\/reihey.com\/#organization"},"potentialAction":[{"@type":"SearchAction","target":{"@type":"EntryPoint","urlTemplate":"https:\/\/reihey.com\/?s={search_term_string}"},"query-input":{"@type":"PropertyValueSpecification","valueRequired":true,"valueName":"search_term_string"}}],"inLanguage":"de"},{"@type":"Organization","@id":"https:\/\/reihey.com\/#organization","name":"Reihey Glas","url":"https:\/\/reihey.com\/","logo":{"@type":"ImageObject","inLanguage":"de","@id":"https:\/\/reihey.com\/#\/schema\/logo\/image\/","url":"https:\/\/reihey.com\/wp-content\/uploads\/2023\/07\/Reihey-logo-2026.svg","contentUrl":"https:\/\/reihey.com\/wp-content\/uploads\/2023\/07\/Reihey-logo-2026.svg","width":1984,"height":566,"caption":"Reihey Glass"},"image":{"@id":"https:\/\/reihey.com\/#\/schema\/logo\/image\/"}}]}},"_links":{"self":[{"href":"https:\/\/reihey.com\/de\/wp-json\/wp\/v2\/product\/3406","targetHints":{"allow":["GET"]}}],"collection":[{"href":"https:\/\/reihey.com\/de\/wp-json\/wp\/v2\/product"}],"about":[{"href":"https:\/\/reihey.com\/de\/wp-json\/wp\/v2\/types\/product"}],"replies":[{"embeddable":true,"href":"https:\/\/reihey.com\/de\/wp-json\/wp\/v2\/comments?post=3406"}],"version-history":[{"count":9,"href":"https:\/\/reihey.com\/de\/wp-json\/wp\/v2\/product\/3406\/revisions"}],"predecessor-version":[{"id":998171,"href":"https:\/\/reihey.com\/de\/wp-json\/wp\/v2\/product\/3406\/revisions\/998171"}],"wp:featuredmedia":[{"embeddable":true,"href":"https:\/\/reihey.com\/de\/wp-json\/wp\/v2\/media\/991247"}],"wp:attachment":[{"href":"https:\/\/reihey.com\/de\/wp-json\/wp\/v2\/media?parent=3406"}],"wp:term":[{"taxonomy":"product_brand","embeddable":true,"href":"https:\/\/reihey.com\/de\/wp-json\/wp\/v2\/product_brand?post=3406"},{"taxonomy":"product_cat","embeddable":true,"href":"https:\/\/reihey.com\/de\/wp-json\/wp\/v2\/product_cat?post=3406"},{"taxonomy":"product_tag","embeddable":true,"href":"https:\/\/reihey.com\/de\/wp-json\/wp\/v2\/product_tag?post=3406"}],"curies":[{"name":"wp","href":"https:\/\/api.w.org\/{rel}","templated":true}]}}