{"id":3370,"date":"2025-08-27T10:41:30","date_gmt":"2025-08-27T10:41:30","guid":{"rendered":"https:\/\/slot71.silverline.dev\/?post_type=product&#038;p=3370"},"modified":"2025-10-29T06:29:09","modified_gmt":"2025-10-29T06:29:09","slug":"100ml-150ml-200ml-clear-wide-mouth-pudding-glass-jar-milk-glass-bottle","status":"publish","type":"product","link":"https:\/\/reihey.com\/de\/product\/100ml-150ml-200ml-clear-wide-mouth-pudding-glass-jar-milk-glass-bottle\/","title":{"rendered":"100 ml 150 ml 200 ml Klarer Weithals-Pudding-Glasbeh\u00e4lter Milchgla\u0308serglasflasche"},"content":{"rendered":"","protected":false},"excerpt":{"rendered":"<p><!-- Desk Table --><\/p>\n<table class=\"desk-tab\">\n<tbody>\n<tr>\n<th>Flaschenmaterial<\/th>\n<th>Kapazit\u00e4t<\/th>\n<th>Flaschenfarbe<\/th>\n<th>Gr\u00f6\u00dfe<\/th>\n<th>Deckel<\/th>\n<th>Verwendung<\/th>\n<th>Verpackung<\/th>\n<\/tr>\n<tr>\n<td>Glas<\/td>\n<td>100ml<\/td>\n<td>Klar<\/td>\n<td>D5.5*H7.5cm<\/td>\n<td>Kork<\/td>\n<td>Getr\u00e4nk<\/td>\n<td>Standard-Exportkarton\u2013X St\u00fcck\/Box, Y Box\/ carton.<\/td>\n<\/tr>\n<tr>\n<td><\/td>\n<td>150ml<\/td>\n<td><\/td>\n<td>D6*H7.8cm<\/td>\n<td>Kunststoff<\/td>\n<td>Saft<\/td>\n<td>Benutzerdefinierte Packung: wei\u00dfe Box mit Ihrem LOGO, farbige Geschenkbox mit Ihrem Logo<\/td>\n<\/tr>\n<tr>\n<td><\/td>\n<td>200ml<\/td>\n<td><\/td>\n<td>D6.8*H7.5cm<\/td>\n<td><\/td>\n<td>Milch<\/td>\n<td><\/td>\n<\/tr>\n<tr>\n<td><\/td>\n<td><\/td>\n<td><\/td>\n<td><\/td>\n<td><\/td>\n<td>Frucht<\/td>\n<td><\/td>\n<\/tr>\n<tr>\n<td><\/td>\n<td><\/td>\n<td><\/td>\n<td><\/td>\n<td><\/td>\n<td>Kaffee<\/td>\n<td><\/td>\n<\/tr>\n<tr>\n<td><\/td>\n<td><\/td>\n<td><\/td>\n<td><\/td>\n<td><\/td>\n<td>Einmachen<\/td>\n<td><\/td>\n<\/tr>\n<tr>\n<td><\/td>\n<td><\/td>\n<td><\/td>\n<td><\/td>\n<td><\/td>\n<td>Lebensmittel<\/td>\n<td><\/td>\n<\/tr>\n<tr>\n<td><\/td>\n<td><\/td>\n<td><\/td>\n<td><\/td>\n<td><\/td>\n<td>Honig<\/td>\n<td><\/td>\n<\/tr>\n<tr>\n<td><\/td>\n<td><\/td>\n<td><\/td>\n<td><\/td>\n<td><\/td>\n<td>Joghurt<\/td>\n<td><\/td>\n<\/tr>\n<\/tbody>\n<\/table>\n<p><!-- Mobile Table --><\/p>\n<table class=\"mob-tab\">\n<tbody>\n<tr>\n<th>Material<\/th>\n<td>Glas<\/td>\n<\/tr>\n<tr>\n<th>Kapazit\u00e4t<\/th>\n<td>100ml<br \/>\n150ml<br \/>\n200ml<\/td>\n<\/tr>\n<tr>\n<th>Farbe<\/th>\n<td>Klar<\/td>\n<\/tr>\n<tr>\n<th>Gr\u00f6\u00dfe<\/th>\n<td>D5.5*H7.5cm<br \/>\nD6*H7.8cm<br \/>\nD6.8*H7.5cm<\/td>\n<\/tr>\n<tr>\n<th>Deckel<\/th>\n<td>Kork<br \/>\nKunststoff<\/td>\n<\/tr>\n<tr>\n<th>Verwendung<\/th>\n<td>Getr\u00e4nk<br \/>\nSaft<br \/>\nMilch<br \/>\nFrucht<br \/>\nKaffee<br \/>\nEinmachen<br \/>\nLebensmittel<br \/>\nHonig<br \/>\nJoghurt<\/td>\n<\/tr>\n<tr>\n<th>Verpackung<\/th>\n<td>1. Standard-Exportkarton \u2013 X St\u00fcck\/Box, Y Box\/Karton.<br \/>\n2. Individuelle Verpackung: wei\u00dfe Box mit Ihrem LOGO, farbige Geschenkbox mit Ihrem Logo<\/td>\n<\/tr>\n<\/tbody>\n<\/table>\n<p><strong>\u00dcber diesen Artikel<\/strong><br \/>\n1. Hochwertige Glasgef\u00e4\u00dfe: Aus dickem, klarem, hochwertigem lebensmittelechten Glas hergestellt, BPA-frei, recycelbar, ungiftig, Konservierungs- und Hochtemperaturbest\u00e4ndigkeit. Das Korken ist eine glatte und gute Versiegelung, nicht leicht R\u00fcckst\u00e4nde fallen zu lassen, die fest in den Flaschenmund eingesetzt werden k\u00f6nnen. 2. Ideal f\u00fcr die t\u00e4gliche Aufbewahrung: Perfekt zum Aufbewahren von Pudding, Milch, Joghurt, selbstgemachten Marmeladen, Gelee, Mousse und anderen kleinen Desserts, Gew\u00fcrzen, Bohnen, Babynahrung, DIY-Projekten und vielem mehr. 3. Anl\u00e4sse: Die kleinen Gl\u00e4ser mit Korken eignen sich perfekt f\u00fcr Strandhochzeiten, Babyparties, Geburtstagsfeiern, Harry-Potter-Partys, Spieln\u00e4chte, Zauberer-Kost\u00fcmparty, Strandurlaub und den t\u00e4glichen K\u00fcchengebrauch. 4. Hinweis: Bitte weichen Sie die Gelatine-Gl\u00e4ser zuerst in warmem Wasser ein, wenn Sie kochende Fl\u00fcssigkeit hineingie\u00dfen m\u00fcssen, besonders auch als Kerzenbeh\u00e4lter verwenden. Jedes Glasgef\u00e4\u00df ist gut verarbeitet, glatte Oberfl\u00e4che und Ecken, ideal, um helle Dinge zu lagern und eine romantische und warme Atmosph\u00e4re zu schaffen.<\/p>","protected":false},"featured_media":991230,"comment_status":"closed","ping_status":"closed","template":"","meta":{"_acf_changed":false},"product_brand":[],"product_cat":[601,611,608],"product_tag":[],"class_list":{"0":"post-3370","1":"product","2":"type-product","3":"status-publish","4":"has-post-thumbnail","6":"product_cat-food-beverage","7":"product_cat-glass-bottle-manufacturer","8":"product_cat-glass-yogurt-bottle-manufacturer","10":"first","11":"instock","12":"shipping-taxable","13":"product-type-simple"},"acf":[],"yoast_head":"<!-- This site is optimized with the Yoast SEO plugin v26.7 - https:\/\/yoast.com\/wordpress\/plugins\/seo\/ -->\n<title>100Ml 150Ml 200Ml Clear Wide Mouth Pudding Glass Jar Milk Glass Bottle - Reihey Glass<\/title>\n<meta name=\"robots\" content=\"index, follow, max-snippet:-1, max-image-preview:large, max-video-preview:-1\" \/>\n<link rel=\"canonical\" href=\"https:\/\/reihey.com\/de\/product\/100ml-150ml-200ml-clear-wide-mouth-pudding-glass-jar-milk-glass-bottle\/\" \/>\n<meta property=\"og:locale\" content=\"de_DE\" \/>\n<meta property=\"og:type\" content=\"article\" \/>\n<meta property=\"og:title\" content=\"100Ml 150Ml 200Ml Clear Wide Mouth Pudding Glass Jar Milk Glass Bottle - Reihey Glass\" \/>\n<meta property=\"og:description\" content=\"Bottle Material Capacity Bottle Color Size Cap Usage Packing   Glass 100ml Clear D5.5*H7.5cm Cork Beverage Standard export carton--Xpcs\/box, Ybox\/carton.    150ml  D6*H7.8cm Plastic Juice Custom pack: white box with your LOGO, Color gift box with your logo    200ml  D6.8*H7.5cm  Milk         Fruit         Coffee         Canning         Food         Honey         Yogurt         Material Glass   Capacity 100ml 150ml 200ml   Color Clear   Size D5.5*H7.5cm D6*H7.8cm D6.8*H7.5cm   Cap Cork Plastic   Usage Beverage Juice Milk Fruit Coffee Canning Food Honey Yogurt   Packing 1. Standard export carton--Xpcs\/box, Ybox\/carton. 2. Custom pack: white box with your LOGO, Color gift box with your logo    About this item 1. High Quality Glass Jars: Made of thick clear high-quality food grade glass, BPA-free, recyclable non-toxic, preservative and high temperature resistance. The cork is a smooth and good seal, not easy to drop residue that can be firmly plugged bottle mouth. 2.Ideal for Daily Storage: Perfect to store pudding, milk, yogurt, homemade jams, jelly, mousse and other small dessert, spices, beans, baby food, DIY project and much more. 3.Occasions: The small glass jars with cork are perfect for beach wedding, baby shower, birthday party, Harry Potter party, game night, wizard costume party, beach vacation and daily kitchen use. 4.Warm Notes: Please soak the jelly jars in warm water first if you need to pour boiling liquid inside, especially use as candle containers. Each glass bottle is well-made, smooth in the surface and corner, great to store bright stuff to create romantic and warm the ambience.\" \/>\n<meta property=\"og:url\" content=\"https:\/\/reihey.com\/de\/product\/100ml-150ml-200ml-clear-wide-mouth-pudding-glass-jar-milk-glass-bottle\/\" \/>\n<meta property=\"og:site_name\" content=\"Reihey Glass\" \/>\n<meta property=\"article:modified_time\" content=\"2025-10-29T06:29:09+00:00\" \/>\n<meta property=\"og:image\" content=\"https:\/\/reihey.com\/wp-content\/uploads\/2025\/08\/Main-02-14.jpg\" \/>\n\t<meta property=\"og:image:width\" content=\"750\" \/>\n\t<meta property=\"og:image:height\" content=\"750\" \/>\n\t<meta property=\"og:image:type\" content=\"image\/jpeg\" \/>\n<meta name=\"twitter:card\" content=\"summary_large_image\" \/>\n<meta name=\"twitter:label1\" content=\"Est. reading time\" \/>\n\t<meta name=\"twitter:data1\" content=\"1\u00a0Minute\" \/>\n<script type=\"application\/ld+json\" class=\"yoast-schema-graph\">{\"@context\":\"https:\/\/schema.org\",\"@graph\":[{\"@type\":\"WebPage\",\"@id\":\"https:\/\/reihey.com\/product\/100ml-150ml-200ml-clear-wide-mouth-pudding-glass-jar-milk-glass-bottle\/\",\"url\":\"https:\/\/reihey.com\/product\/100ml-150ml-200ml-clear-wide-mouth-pudding-glass-jar-milk-glass-bottle\/\",\"name\":\"100Ml 150Ml 200Ml Clear Wide Mouth Pudding Glass Jar Milk Glass Bottle - Reihey Glass\",\"isPartOf\":{\"@id\":\"https:\/\/reihey.com\/#website\"},\"primaryImageOfPage\":{\"@id\":\"https:\/\/reihey.com\/product\/100ml-150ml-200ml-clear-wide-mouth-pudding-glass-jar-milk-glass-bottle\/#primaryimage\"},\"image\":{\"@id\":\"https:\/\/reihey.com\/product\/100ml-150ml-200ml-clear-wide-mouth-pudding-glass-jar-milk-glass-bottle\/#primaryimage\"},\"thumbnailUrl\":\"https:\/\/reihey.com\/wp-content\/uploads\/2025\/08\/Main-02-14.jpg\",\"datePublished\":\"2025-08-27T10:41:30+00:00\",\"dateModified\":\"2025-10-29T06:29:09+00:00\",\"breadcrumb\":{\"@id\":\"https:\/\/reihey.com\/product\/100ml-150ml-200ml-clear-wide-mouth-pudding-glass-jar-milk-glass-bottle\/#breadcrumb\"},\"inLanguage\":\"de\",\"potentialAction\":[{\"@type\":\"ReadAction\",\"target\":[\"https:\/\/reihey.com\/product\/100ml-150ml-200ml-clear-wide-mouth-pudding-glass-jar-milk-glass-bottle\/\"]}]},{\"@type\":\"ImageObject\",\"inLanguage\":\"de\",\"@id\":\"https:\/\/reihey.com\/product\/100ml-150ml-200ml-clear-wide-mouth-pudding-glass-jar-milk-glass-bottle\/#primaryimage\",\"url\":\"https:\/\/reihey.com\/wp-content\/uploads\/2025\/08\/Main-02-14.jpg\",\"contentUrl\":\"https:\/\/reihey.com\/wp-content\/uploads\/2025\/08\/Main-02-14.jpg\",\"width\":750,\"height\":750},{\"@type\":\"BreadcrumbList\",\"@id\":\"https:\/\/reihey.com\/product\/100ml-150ml-200ml-clear-wide-mouth-pudding-glass-jar-milk-glass-bottle\/#breadcrumb\",\"itemListElement\":[{\"@type\":\"ListItem\",\"position\":1,\"name\":\"Home\",\"item\":\"https:\/\/reihey.com\/\"},{\"@type\":\"ListItem\",\"position\":2,\"name\":\"Shop\",\"item\":\"https:\/\/reihey.com\/shop\/\"},{\"@type\":\"ListItem\",\"position\":3,\"name\":\"100Ml 150Ml 200Ml Clear Wide Mouth Pudding Glass Jar Milk Glass Bottle\"}]},{\"@type\":\"WebSite\",\"@id\":\"https:\/\/reihey.com\/#website\",\"url\":\"https:\/\/reihey.com\/\",\"name\":\"Reihey Glass\",\"description\":\"\",\"publisher\":{\"@id\":\"https:\/\/reihey.com\/#organization\"},\"potentialAction\":[{\"@type\":\"SearchAction\",\"target\":{\"@type\":\"EntryPoint\",\"urlTemplate\":\"https:\/\/reihey.com\/?s={search_term_string}\"},\"query-input\":{\"@type\":\"PropertyValueSpecification\",\"valueRequired\":true,\"valueName\":\"search_term_string\"}}],\"inLanguage\":\"de\"},{\"@type\":\"Organization\",\"@id\":\"https:\/\/reihey.com\/#organization\",\"name\":\"Reihey Glass\",\"url\":\"https:\/\/reihey.com\/\",\"logo\":{\"@type\":\"ImageObject\",\"inLanguage\":\"de\",\"@id\":\"https:\/\/reihey.com\/#\/schema\/logo\/image\/\",\"url\":\"https:\/\/reihey.com\/wp-content\/uploads\/2023\/07\/Reihey-logo-2026.svg\",\"contentUrl\":\"https:\/\/reihey.com\/wp-content\/uploads\/2023\/07\/Reihey-logo-2026.svg\",\"width\":1984,\"height\":566,\"caption\":\"Reihey Glass\"},\"image\":{\"@id\":\"https:\/\/reihey.com\/#\/schema\/logo\/image\/\"}}]}<\/script>\n<!-- \/ Yoast SEO plugin. -->","yoast_head_json":{"title":"100Ml 150Ml 200Ml Klarer Weithals Pudding-Glasbeh\u00e4lter Milchglas - Reihey Glas","robots":{"index":"index","follow":"follow","max-snippet":"max-snippet:-1","max-image-preview":"max-image-preview:large","max-video-preview":"max-video-preview:-1"},"canonical":"https:\/\/reihey.com\/de\/product\/100ml-150ml-200ml-clear-wide-mouth-pudding-glass-jar-milk-glass-bottle\/","og_locale":"de_DE","og_type":"article","og_title":"100Ml 150Ml 200Ml Clear Wide Mouth Pudding Glass Jar Milk Glass Bottle - Reihey Glass","og_description":"Bottle Material Capacity Bottle Color Size Cap Usage Packing   Glass 100ml Clear D5.5*H7.5cm Cork Beverage Standard export carton--Xpcs\/box, Ybox\/carton.    150ml  D6*H7.8cm Plastic Juice Custom pack: white box with your LOGO, Color gift box with your logo    200ml  D6.8*H7.5cm  Milk         Fruit         Coffee         Canning         Food         Honey         Yogurt         Material Glass   Capacity 100ml 150ml 200ml   Color Clear   Size D5.5*H7.5cm D6*H7.8cm D6.8*H7.5cm   Cap Cork Plastic   Usage Beverage Juice Milk Fruit Coffee Canning Food Honey Yogurt   Packing 1. Standard export carton--Xpcs\/box, Ybox\/carton. 2. Custom pack: white box with your LOGO, Color gift box with your logo    About this item 1. High Quality Glass Jars: Made of thick clear high-quality food grade glass, BPA-free, recyclable non-toxic, preservative and high temperature resistance. The cork is a smooth and good seal, not easy to drop residue that can be firmly plugged bottle mouth. 2.Ideal for Daily Storage: Perfect to store pudding, milk, yogurt, homemade jams, jelly, mousse and other small dessert, spices, beans, baby food, DIY project and much more. 3.Occasions: The small glass jars with cork are perfect for beach wedding, baby shower, birthday party, Harry Potter party, game night, wizard costume party, beach vacation and daily kitchen use. 4.Warm Notes: Please soak the jelly jars in warm water first if you need to pour boiling liquid inside, especially use as candle containers. Each glass bottle is well-made, smooth in the surface and corner, great to store bright stuff to create romantic and warm the ambience.","og_url":"https:\/\/reihey.com\/de\/product\/100ml-150ml-200ml-clear-wide-mouth-pudding-glass-jar-milk-glass-bottle\/","og_site_name":"Reihey Glass","article_modified_time":"2025-10-29T06:29:09+00:00","og_image":[{"width":750,"height":750,"url":"https:\/\/reihey.com\/wp-content\/uploads\/2025\/08\/Main-02-14.jpg","type":"image\/jpeg"}],"twitter_card":"summary_large_image","twitter_misc":{"Est. reading time":"1\u00a0Minute"},"schema":{"@context":"https:\/\/schema.org","@graph":[{"@type":"WebPage","@id":"https:\/\/reihey.com\/product\/100ml-150ml-200ml-clear-wide-mouth-pudding-glass-jar-milk-glass-bottle\/","url":"https:\/\/reihey.com\/product\/100ml-150ml-200ml-clear-wide-mouth-pudding-glass-jar-milk-glass-bottle\/","name":"100Ml 150Ml 200Ml Klarer Weithals Pudding-Glasbeh\u00e4lter Milchglas - Reihey Glas","isPartOf":{"@id":"https:\/\/reihey.com\/#website"},"primaryImageOfPage":{"@id":"https:\/\/reihey.com\/product\/100ml-150ml-200ml-clear-wide-mouth-pudding-glass-jar-milk-glass-bottle\/#primaryimage"},"image":{"@id":"https:\/\/reihey.com\/product\/100ml-150ml-200ml-clear-wide-mouth-pudding-glass-jar-milk-glass-bottle\/#primaryimage"},"thumbnailUrl":"https:\/\/reihey.com\/wp-content\/uploads\/2025\/08\/Main-02-14.jpg","datePublished":"2025-08-27T10:41:30+00:00","dateModified":"2025-10-29T06:29:09+00:00","breadcrumb":{"@id":"https:\/\/reihey.com\/product\/100ml-150ml-200ml-clear-wide-mouth-pudding-glass-jar-milk-glass-bottle\/#breadcrumb"},"inLanguage":"de","potentialAction":[{"@type":"ReadAction","target":["https:\/\/reihey.com\/product\/100ml-150ml-200ml-clear-wide-mouth-pudding-glass-jar-milk-glass-bottle\/"]}]},{"@type":"ImageObject","inLanguage":"de","@id":"https:\/\/reihey.com\/product\/100ml-150ml-200ml-clear-wide-mouth-pudding-glass-jar-milk-glass-bottle\/#primaryimage","url":"https:\/\/reihey.com\/wp-content\/uploads\/2025\/08\/Main-02-14.jpg","contentUrl":"https:\/\/reihey.com\/wp-content\/uploads\/2025\/08\/Main-02-14.jpg","width":750,"height":750},{"@type":"BreadcrumbList","@id":"https:\/\/reihey.com\/product\/100ml-150ml-200ml-clear-wide-mouth-pudding-glass-jar-milk-glass-bottle\/#breadcrumb","itemListElement":[{"@type":"ListItem","position":1,"name":"Home","item":"https:\/\/reihey.com\/"},{"@type":"ListItem","position":2,"name":"Shop","item":"https:\/\/reihey.com\/shop\/"},{"@type":"ListItem","position":3,"name":"100Ml 150Ml 200Ml Clear Wide Mouth Pudding Glass Jar Milk Glass Bottle"}]},{"@type":"WebSite","@id":"https:\/\/reihey.com\/#website","url":"https:\/\/reihey.com\/","name":"Reihey Glas","description":"","publisher":{"@id":"https:\/\/reihey.com\/#organization"},"potentialAction":[{"@type":"SearchAction","target":{"@type":"EntryPoint","urlTemplate":"https:\/\/reihey.com\/?s={search_term_string}"},"query-input":{"@type":"PropertyValueSpecification","valueRequired":true,"valueName":"search_term_string"}}],"inLanguage":"de"},{"@type":"Organization","@id":"https:\/\/reihey.com\/#organization","name":"Reihey Glas","url":"https:\/\/reihey.com\/","logo":{"@type":"ImageObject","inLanguage":"de","@id":"https:\/\/reihey.com\/#\/schema\/logo\/image\/","url":"https:\/\/reihey.com\/wp-content\/uploads\/2023\/07\/Reihey-logo-2026.svg","contentUrl":"https:\/\/reihey.com\/wp-content\/uploads\/2023\/07\/Reihey-logo-2026.svg","width":1984,"height":566,"caption":"Reihey Glass"},"image":{"@id":"https:\/\/reihey.com\/#\/schema\/logo\/image\/"}}]}},"_links":{"self":[{"href":"https:\/\/reihey.com\/de\/wp-json\/wp\/v2\/product\/3370","targetHints":{"allow":["GET"]}}],"collection":[{"href":"https:\/\/reihey.com\/de\/wp-json\/wp\/v2\/product"}],"about":[{"href":"https:\/\/reihey.com\/de\/wp-json\/wp\/v2\/types\/product"}],"replies":[{"embeddable":true,"href":"https:\/\/reihey.com\/de\/wp-json\/wp\/v2\/comments?post=3370"}],"version-history":[{"count":6,"href":"https:\/\/reihey.com\/de\/wp-json\/wp\/v2\/product\/3370\/revisions"}],"predecessor-version":[{"id":998226,"href":"https:\/\/reihey.com\/de\/wp-json\/wp\/v2\/product\/3370\/revisions\/998226"}],"wp:featuredmedia":[{"embeddable":true,"href":"https:\/\/reihey.com\/de\/wp-json\/wp\/v2\/media\/991230"}],"wp:attachment":[{"href":"https:\/\/reihey.com\/de\/wp-json\/wp\/v2\/media?parent=3370"}],"wp:term":[{"taxonomy":"product_brand","embeddable":true,"href":"https:\/\/reihey.com\/de\/wp-json\/wp\/v2\/product_brand?post=3370"},{"taxonomy":"product_cat","embeddable":true,"href":"https:\/\/reihey.com\/de\/wp-json\/wp\/v2\/product_cat?post=3370"},{"taxonomy":"product_tag","embeddable":true,"href":"https:\/\/reihey.com\/de\/wp-json\/wp\/v2\/product_tag?post=3370"}],"curies":[{"name":"wp","href":"https:\/\/api.w.org\/{rel}","templated":true}]}}