{"id":10813,"date":"2025-08-27T11:38:54","date_gmt":"2025-08-27T11:38:54","guid":{"rendered":"https:\/\/slot71.silverline.dev\/?post_type=product&#038;p=10813"},"modified":"2025-10-28T08:00:59","modified_gmt":"2025-10-28T08:00:59","slug":"30ml-colored-vertical-striped-glass-perfume-bottle","status":"publish","type":"product","link":"https:\/\/reihey.com\/de\/product\/30ml-colored-vertical-striped-glass-perfume-bottle\/","title":{"rendered":"30 ml farbiges vertikal gestreiftes Glasparf\u00fcmfl\u00e4schchen"},"content":{"rendered":"","protected":false},"excerpt":{"rendered":"<table class=\"desk-tab\">\n<tbody>\n<tr>\n<th>Material<\/th>\n<th>Farbe<\/th>\n<th>Kapazit\u00e4t<\/th>\n<th>Deckel<\/th>\n<th>Verwendung<\/th>\n<\/tr>\n<tr>\n<td>Glas<\/td>\n<td>Schwarz<\/td>\n<td>30 ml<\/td>\n<td>Plastikdeckel<\/td>\n<td>Parf\u00fcm<\/td>\n<\/tr>\n<tr>\n<td><\/td>\n<td>Rot<\/td>\n<td><\/td>\n<td><\/td>\n<td>\u00c4therisches \u00d6l<\/td>\n<\/tr>\n<tr>\n<td><\/td>\n<td>Blau<\/td>\n<td><\/td>\n<td><\/td>\n<td><\/td>\n<\/tr>\n<tr>\n<td><\/td>\n<td>Gr\u00fcn<\/td>\n<td><\/td>\n<td><\/td>\n<td><\/td>\n<\/tr>\n<tr>\n<td><\/td>\n<td>Orange<\/td>\n<td><\/td>\n<td><\/td>\n<td><\/td>\n<\/tr>\n<\/tbody>\n<\/table>\n<table class=\"mob-tab\">\n<tbody>\n<tr>\n<th>Material<\/th>\n<td>Glas<\/td>\n<\/tr>\n<tr>\n<th>Farbe<\/th>\n<td>Schwarz<br \/>\nRot<br \/>\nBlau<br \/>\nGr\u00fcn<br \/>\nOrange<\/td>\n<\/tr>\n<tr>\n<th>Kapazit\u00e4t<\/th>\n<td>30 ml<\/td>\n<\/tr>\n<tr>\n<th>Deckel<\/th>\n<td>Plastikdeckel<\/td>\n<\/tr>\n<tr>\n<th>Verwendung<\/th>\n<td>Parf\u00fcm<br \/>\n\u00c4therisches \u00d6l<\/td>\n<\/tr>\n<\/tbody>\n<\/table>\n<p>KOSTEN- WIRKSAM \u2014\u2013 Elegant feiner Nebel Parf\u00fcmzerst\u00e4uber erm\u00f6glicht eine bessere Absorption, und das d\u00fcnne R\u00f6hrchen der Flasche reicht bis zum Boden und verschwendet keinen Tropfen Parf\u00fcm. ERNSTHAFTE VERWENDUNGEN \u2014\u2013 \u00e4therische \u00d6le, Aromatherapie, K\u00f6rpersprays, Erste-Hilfe-Sets, Hausmittel, selbstgemachte DIY-Sprays, nat\u00fcrliche Parf\u00fcms, Lufterfrischer, Parf\u00fcmprobenflasche und mehr.<\/p>","protected":false},"featured_media":992930,"comment_status":"closed","ping_status":"closed","template":"","meta":{"_acf_changed":false},"product_brand":[],"product_cat":[611,629,632],"product_tag":[],"class_list":{"0":"post-10813","1":"product","2":"type-product","3":"status-publish","4":"has-post-thumbnail","6":"product_cat-glass-bottle-manufacturer","7":"product_cat-wholesale-glass-perfume-bottle","8":"product_cat-home-decor","10":"first","11":"instock","12":"shipping-taxable","13":"product-type-simple"},"acf":[],"yoast_head":"<!-- This site is optimized with the Yoast SEO plugin v26.7 - https:\/\/yoast.com\/wordpress\/plugins\/seo\/ -->\n<title>30ml colored vertical striped glass perfume bottle - Reihey Glass<\/title>\n<meta name=\"robots\" content=\"index, follow, max-snippet:-1, max-image-preview:large, max-video-preview:-1\" \/>\n<link rel=\"canonical\" href=\"https:\/\/reihey.com\/de\/product\/30ml-colored-vertical-striped-glass-perfume-bottle\/\" \/>\n<meta property=\"og:locale\" content=\"de_DE\" \/>\n<meta property=\"og:type\" content=\"article\" \/>\n<meta property=\"og:title\" content=\"30ml colored vertical striped glass perfume bottle - Reihey Glass\" \/>\n<meta property=\"og:description\" content=\"Material Color Capacity Lid Usage   Glass Black 30ml Plastic lid Perfume    Red   Essential Oil    Blue       Green       Orange          Material Glass   Color Black Red Blue Green Orange   Capacity 30ml   Lid Plastic lid   Usage Perfume Essential Oil    COST- EFFECTIVE ----- Elegant fine mist perfume atomizer let you better absorption, and the thin tube of the bottle extends to the bottom and does not waste every drop of perfumeit. MANY USES ----- Essential oils, aromatherapy, body mists, first aid kits, home remedies, homemade DIY sprays, natural perfumes, air fresheners, perfume sample bottle, and more.\" \/>\n<meta property=\"og:url\" content=\"https:\/\/reihey.com\/de\/product\/30ml-colored-vertical-striped-glass-perfume-bottle\/\" \/>\n<meta property=\"og:site_name\" content=\"Reihey Glass\" \/>\n<meta property=\"article:modified_time\" content=\"2025-10-28T08:00:59+00:00\" \/>\n<meta property=\"og:image\" content=\"https:\/\/reihey.com\/wp-content\/uploads\/2025\/08\/Main-01-15.jpg\" \/>\n\t<meta property=\"og:image:width\" content=\"1920\" \/>\n\t<meta property=\"og:image:height\" content=\"1920\" \/>\n\t<meta property=\"og:image:type\" content=\"image\/jpeg\" \/>\n<meta name=\"twitter:card\" content=\"summary_large_image\" \/>\n<meta name=\"twitter:label1\" content=\"Est. reading time\" \/>\n\t<meta name=\"twitter:data1\" content=\"1\u00a0Minute\" \/>\n<script type=\"application\/ld+json\" class=\"yoast-schema-graph\">{\"@context\":\"https:\/\/schema.org\",\"@graph\":[{\"@type\":\"WebPage\",\"@id\":\"https:\/\/reihey.com\/product\/30ml-colored-vertical-striped-glass-perfume-bottle\/\",\"url\":\"https:\/\/reihey.com\/product\/30ml-colored-vertical-striped-glass-perfume-bottle\/\",\"name\":\"30ml colored vertical striped glass perfume bottle - Reihey Glass\",\"isPartOf\":{\"@id\":\"https:\/\/reihey.com\/#website\"},\"primaryImageOfPage\":{\"@id\":\"https:\/\/reihey.com\/product\/30ml-colored-vertical-striped-glass-perfume-bottle\/#primaryimage\"},\"image\":{\"@id\":\"https:\/\/reihey.com\/product\/30ml-colored-vertical-striped-glass-perfume-bottle\/#primaryimage\"},\"thumbnailUrl\":\"https:\/\/reihey.com\/wp-content\/uploads\/2025\/08\/Main-01-15.jpg\",\"datePublished\":\"2025-08-27T11:38:54+00:00\",\"dateModified\":\"2025-10-28T08:00:59+00:00\",\"breadcrumb\":{\"@id\":\"https:\/\/reihey.com\/product\/30ml-colored-vertical-striped-glass-perfume-bottle\/#breadcrumb\"},\"inLanguage\":\"de\",\"potentialAction\":[{\"@type\":\"ReadAction\",\"target\":[\"https:\/\/reihey.com\/product\/30ml-colored-vertical-striped-glass-perfume-bottle\/\"]}]},{\"@type\":\"ImageObject\",\"inLanguage\":\"de\",\"@id\":\"https:\/\/reihey.com\/product\/30ml-colored-vertical-striped-glass-perfume-bottle\/#primaryimage\",\"url\":\"https:\/\/reihey.com\/wp-content\/uploads\/2025\/08\/Main-01-15.jpg\",\"contentUrl\":\"https:\/\/reihey.com\/wp-content\/uploads\/2025\/08\/Main-01-15.jpg\",\"width\":1920,\"height\":1920},{\"@type\":\"BreadcrumbList\",\"@id\":\"https:\/\/reihey.com\/product\/30ml-colored-vertical-striped-glass-perfume-bottle\/#breadcrumb\",\"itemListElement\":[{\"@type\":\"ListItem\",\"position\":1,\"name\":\"Home\",\"item\":\"https:\/\/reihey.com\/\"},{\"@type\":\"ListItem\",\"position\":2,\"name\":\"Shop\",\"item\":\"https:\/\/reihey.com\/shop\/\"},{\"@type\":\"ListItem\",\"position\":3,\"name\":\"30ml colored vertical striped glass perfume bottle\"}]},{\"@type\":\"WebSite\",\"@id\":\"https:\/\/reihey.com\/#website\",\"url\":\"https:\/\/reihey.com\/\",\"name\":\"Reihey Glass\",\"description\":\"\",\"publisher\":{\"@id\":\"https:\/\/reihey.com\/#organization\"},\"potentialAction\":[{\"@type\":\"SearchAction\",\"target\":{\"@type\":\"EntryPoint\",\"urlTemplate\":\"https:\/\/reihey.com\/?s={search_term_string}\"},\"query-input\":{\"@type\":\"PropertyValueSpecification\",\"valueRequired\":true,\"valueName\":\"search_term_string\"}}],\"inLanguage\":\"de\"},{\"@type\":\"Organization\",\"@id\":\"https:\/\/reihey.com\/#organization\",\"name\":\"Reihey Glass\",\"url\":\"https:\/\/reihey.com\/\",\"logo\":{\"@type\":\"ImageObject\",\"inLanguage\":\"de\",\"@id\":\"https:\/\/reihey.com\/#\/schema\/logo\/image\/\",\"url\":\"https:\/\/reihey.com\/wp-content\/uploads\/2023\/07\/Reihey-logo-2026.svg\",\"contentUrl\":\"https:\/\/reihey.com\/wp-content\/uploads\/2023\/07\/Reihey-logo-2026.svg\",\"width\":1984,\"height\":566,\"caption\":\"Reihey Glass\"},\"image\":{\"@id\":\"https:\/\/reihey.com\/#\/schema\/logo\/image\/\"}}]}<\/script>\n<!-- \/ Yoast SEO plugin. -->","yoast_head_json":{"title":"30ml farbiges vertikal gestreiftes Glas-Parf\u00fcmfl\u00e4schchen - Reihey Glass","robots":{"index":"index","follow":"follow","max-snippet":"max-snippet:-1","max-image-preview":"max-image-preview:large","max-video-preview":"max-video-preview:-1"},"canonical":"https:\/\/reihey.com\/de\/product\/30ml-colored-vertical-striped-glass-perfume-bottle\/","og_locale":"de_DE","og_type":"article","og_title":"30ml colored vertical striped glass perfume bottle - Reihey Glass","og_description":"Material Color Capacity Lid Usage   Glass Black 30ml Plastic lid Perfume    Red   Essential Oil    Blue       Green       Orange          Material Glass   Color Black Red Blue Green Orange   Capacity 30ml   Lid Plastic lid   Usage Perfume Essential Oil    COST- EFFECTIVE ----- Elegant fine mist perfume atomizer let you better absorption, and the thin tube of the bottle extends to the bottom and does not waste every drop of perfumeit. MANY USES ----- Essential oils, aromatherapy, body mists, first aid kits, home remedies, homemade DIY sprays, natural perfumes, air fresheners, perfume sample bottle, and more.","og_url":"https:\/\/reihey.com\/de\/product\/30ml-colored-vertical-striped-glass-perfume-bottle\/","og_site_name":"Reihey Glass","article_modified_time":"2025-10-28T08:00:59+00:00","og_image":[{"width":1920,"height":1920,"url":"https:\/\/reihey.com\/wp-content\/uploads\/2025\/08\/Main-01-15.jpg","type":"image\/jpeg"}],"twitter_card":"summary_large_image","twitter_misc":{"Est. reading time":"1\u00a0Minute"},"schema":{"@context":"https:\/\/schema.org","@graph":[{"@type":"WebPage","@id":"https:\/\/reihey.com\/product\/30ml-colored-vertical-striped-glass-perfume-bottle\/","url":"https:\/\/reihey.com\/product\/30ml-colored-vertical-striped-glass-perfume-bottle\/","name":"30ml farbiges vertikal gestreiftes Glas-Parf\u00fcmfl\u00e4schchen - Reihey Glass","isPartOf":{"@id":"https:\/\/reihey.com\/#website"},"primaryImageOfPage":{"@id":"https:\/\/reihey.com\/product\/30ml-colored-vertical-striped-glass-perfume-bottle\/#primaryimage"},"image":{"@id":"https:\/\/reihey.com\/product\/30ml-colored-vertical-striped-glass-perfume-bottle\/#primaryimage"},"thumbnailUrl":"https:\/\/reihey.com\/wp-content\/uploads\/2025\/08\/Main-01-15.jpg","datePublished":"2025-08-27T11:38:54+00:00","dateModified":"2025-10-28T08:00:59+00:00","breadcrumb":{"@id":"https:\/\/reihey.com\/product\/30ml-colored-vertical-striped-glass-perfume-bottle\/#breadcrumb"},"inLanguage":"de","potentialAction":[{"@type":"ReadAction","target":["https:\/\/reihey.com\/product\/30ml-colored-vertical-striped-glass-perfume-bottle\/"]}]},{"@type":"ImageObject","inLanguage":"de","@id":"https:\/\/reihey.com\/product\/30ml-colored-vertical-striped-glass-perfume-bottle\/#primaryimage","url":"https:\/\/reihey.com\/wp-content\/uploads\/2025\/08\/Main-01-15.jpg","contentUrl":"https:\/\/reihey.com\/wp-content\/uploads\/2025\/08\/Main-01-15.jpg","width":1920,"height":1920},{"@type":"BreadcrumbList","@id":"https:\/\/reihey.com\/product\/30ml-colored-vertical-striped-glass-perfume-bottle\/#breadcrumb","itemListElement":[{"@type":"ListItem","position":1,"name":"Home","item":"https:\/\/reihey.com\/"},{"@type":"ListItem","position":2,"name":"Shop","item":"https:\/\/reihey.com\/shop\/"},{"@type":"ListItem","position":3,"name":"30ml colored vertical striped glass perfume bottle"}]},{"@type":"WebSite","@id":"https:\/\/reihey.com\/#website","url":"https:\/\/reihey.com\/","name":"Reihey Glas","description":"","publisher":{"@id":"https:\/\/reihey.com\/#organization"},"potentialAction":[{"@type":"SearchAction","target":{"@type":"EntryPoint","urlTemplate":"https:\/\/reihey.com\/?s={search_term_string}"},"query-input":{"@type":"PropertyValueSpecification","valueRequired":true,"valueName":"search_term_string"}}],"inLanguage":"de"},{"@type":"Organization","@id":"https:\/\/reihey.com\/#organization","name":"Reihey Glas","url":"https:\/\/reihey.com\/","logo":{"@type":"ImageObject","inLanguage":"de","@id":"https:\/\/reihey.com\/#\/schema\/logo\/image\/","url":"https:\/\/reihey.com\/wp-content\/uploads\/2023\/07\/Reihey-logo-2026.svg","contentUrl":"https:\/\/reihey.com\/wp-content\/uploads\/2023\/07\/Reihey-logo-2026.svg","width":1984,"height":566,"caption":"Reihey Glass"},"image":{"@id":"https:\/\/reihey.com\/#\/schema\/logo\/image\/"}}]}},"_links":{"self":[{"href":"https:\/\/reihey.com\/de\/wp-json\/wp\/v2\/product\/10813","targetHints":{"allow":["GET"]}}],"collection":[{"href":"https:\/\/reihey.com\/de\/wp-json\/wp\/v2\/product"}],"about":[{"href":"https:\/\/reihey.com\/de\/wp-json\/wp\/v2\/types\/product"}],"replies":[{"embeddable":true,"href":"https:\/\/reihey.com\/de\/wp-json\/wp\/v2\/comments?post=10813"}],"version-history":[{"count":5,"href":"https:\/\/reihey.com\/de\/wp-json\/wp\/v2\/product\/10813\/revisions"}],"predecessor-version":[{"id":997752,"href":"https:\/\/reihey.com\/de\/wp-json\/wp\/v2\/product\/10813\/revisions\/997752"}],"wp:featuredmedia":[{"embeddable":true,"href":"https:\/\/reihey.com\/de\/wp-json\/wp\/v2\/media\/992930"}],"wp:attachment":[{"href":"https:\/\/reihey.com\/de\/wp-json\/wp\/v2\/media?parent=10813"}],"wp:term":[{"taxonomy":"product_brand","embeddable":true,"href":"https:\/\/reihey.com\/de\/wp-json\/wp\/v2\/product_brand?post=10813"},{"taxonomy":"product_cat","embeddable":true,"href":"https:\/\/reihey.com\/de\/wp-json\/wp\/v2\/product_cat?post=10813"},{"taxonomy":"product_tag","embeddable":true,"href":"https:\/\/reihey.com\/de\/wp-json\/wp\/v2\/product_tag?post=10813"}],"curies":[{"name":"wp","href":"https:\/\/api.w.org\/{rel}","templated":true}]}}