{"id":10584,"date":"2025-08-27T11:36:23","date_gmt":"2025-08-27T11:36:23","guid":{"rendered":"https:\/\/slot71.silverline.dev\/?post_type=product&#038;p=10584"},"modified":"2025-10-28T10:34:29","modified_gmt":"2025-10-28T10:34:29","slug":"5-100ml-flat-shoulder-glass-dropper-bottle","status":"publish","type":"product","link":"https:\/\/reihey.com\/de\/product\/5-100ml-flat-shoulder-glass-dropper-bottle\/","title":{"rendered":"5-100ml Flache Schulter Glas Pipette Flasche mit Dropper"},"content":{"rendered":"","protected":false},"excerpt":{"rendered":"<table class=\"desk-tab\">\n<tbody>\n<tr>\n<th>Material<\/th>\n<th>Farbe<\/th>\n<th>Kapazit\u00e4t<\/th>\n<th>Deckel<\/th>\n<th>Verwendung<\/th>\n<\/tr>\n<tr>\n<td>Glas<\/td>\n<td>Mattiert Klar<\/td>\n<td>5ml<\/td>\n<td>Tropfer<\/td>\n<td>\u00c4therisches \u00d6l<\/td>\n<\/tr>\n<tr>\n<td><\/td>\n<td><\/td>\n<td>10 ml<\/td>\n<td><\/td>\n<td>Parf\u00fcm<\/td>\n<\/tr>\n<tr>\n<td><\/td>\n<td><\/td>\n<td>15ml<\/td>\n<td><\/td>\n<td>Haar\u00f6l<\/td>\n<\/tr>\n<tr>\n<td><\/td>\n<td><\/td>\n<td>20 ml<\/td>\n<td><\/td>\n<td><\/td>\n<\/tr>\n<tr>\n<td><\/td>\n<td><\/td>\n<td>30 ml<\/td>\n<td><\/td>\n<td><\/td>\n<\/tr>\n<tr>\n<td><\/td>\n<td><\/td>\n<td>50ml<\/td>\n<td><\/td>\n<td><\/td>\n<\/tr>\n<tr>\n<td><\/td>\n<td><\/td>\n<td>60 ml<\/td>\n<td><\/td>\n<td><\/td>\n<\/tr>\n<tr>\n<td><\/td>\n<td><\/td>\n<td>80 ml<\/td>\n<td><\/td>\n<td><\/td>\n<\/tr>\n<tr>\n<td><\/td>\n<td><\/td>\n<td>100ml<\/td>\n<td><\/td>\n<td><\/td>\n<\/tr>\n<\/tbody>\n<\/table>\n<table class=\"mob-tab\">\n<tbody>\n<tr>\n<th>Material<\/th>\n<td>Glas<\/td>\n<\/tr>\n<tr>\n<th>Farbe<\/th>\n<td>Mattiert Klar<\/td>\n<\/tr>\n<tr>\n<th>Kapazit\u00e4t<\/th>\n<td>5ml<br \/>\n10 ml<br \/>\n15ml<br \/>\n20 ml<br \/>\n30 ml<br \/>\n50ml<br \/>\n60 ml<br \/>\n80 ml<br \/>\n100ml<\/td>\n<\/tr>\n<tr>\n<th>Deckel<\/th>\n<td>Tropfer<\/td>\n<\/tr>\n<tr>\n<th>Verwendung<\/th>\n<td>\u00c4therisches \u00d6l<br \/>\nParf\u00fcm<br \/>\nHaar\u00f6l<\/td>\n<\/tr>\n<\/tbody>\n<\/table>\n<p>Verwenden Sie einfach eine Pipette, um das \u00e4therische \u00d6l in die Flasche zu \u00fcbertragen. Leicht mit warmem Seifenwasser zu reinigen und kann lange verwendet werden. Auslaufsichere Bauweise: Der Schraubdeckel passt perfekt zum Flaschenmund aus attraktivem vergoldetem Aluminiumlegierung, der fest sitzt und Undichtigkeiten jeglicher Fl\u00fcssigkeit wirksam verhindert.<\/p>","protected":false},"featured_media":992766,"comment_status":"closed","ping_status":"closed","template":"","meta":{"_acf_changed":false},"product_brand":[],"product_cat":[613,611,622],"product_tag":[],"class_list":{"0":"post-10584","1":"product","2":"type-product","3":"status-publish","4":"has-post-thumbnail","6":"product_cat-beauty","7":"product_cat-glass-bottle-manufacturer","8":"product_cat-wholesale-glass-essential-oil-bottle","10":"first","11":"instock","12":"shipping-taxable","13":"product-type-simple"},"acf":[],"yoast_head":"<!-- This site is optimized with the Yoast SEO plugin v26.7 - https:\/\/yoast.com\/wordpress\/plugins\/seo\/ -->\n<title>5-100ml Flat Shoulder Glass Dropper Bottle - Reihey Glass<\/title>\n<meta name=\"robots\" content=\"index, follow, max-snippet:-1, max-image-preview:large, max-video-preview:-1\" \/>\n<link rel=\"canonical\" href=\"https:\/\/reihey.com\/de\/product\/5-100ml-flat-shoulder-glass-dropper-bottle\/\" \/>\n<meta property=\"og:locale\" content=\"de_DE\" \/>\n<meta property=\"og:type\" content=\"article\" \/>\n<meta property=\"og:title\" content=\"5-100ml Flat Shoulder Glass Dropper Bottle - Reihey Glass\" \/>\n<meta property=\"og:description\" content=\"Material Color Capacity Lid Usage   Glass Frosted Clear 5ml Dropper Essential Oil     10ml  Perfume     15ml  Hair Oil     20ml       30ml       50ml       60ml       80ml       100ml         Material Glass   Color Frosted Clear   Capacity 5ml 10ml 15ml 20ml 30ml 50ml 60ml 80ml 100ml   Lid Dropper   Usage Essential Oil Perfume Hair Oil    Just use a pipette \/ pipette to transfer the essential oil to the bottle. Easy to wash with warm soapy water and can be used for a long time. Leakinggproof design: the screw thread finish bottle mouth is matched with a attractive golden plated aluminium alloy cap, which fits tightly and can effectively prevent any liquid leakage.\" \/>\n<meta property=\"og:url\" content=\"https:\/\/reihey.com\/de\/product\/5-100ml-flat-shoulder-glass-dropper-bottle\/\" \/>\n<meta property=\"og:site_name\" content=\"Reihey Glass\" \/>\n<meta property=\"article:modified_time\" content=\"2025-10-28T10:34:29+00:00\" \/>\n<meta property=\"og:image\" content=\"https:\/\/reihey.com\/wp-content\/uploads\/2025\/08\/\u4e3b\u56fe-02-58.jpg\" \/>\n\t<meta property=\"og:image:width\" content=\"800\" \/>\n\t<meta property=\"og:image:height\" content=\"800\" \/>\n\t<meta property=\"og:image:type\" content=\"image\/jpeg\" \/>\n<meta name=\"twitter:card\" content=\"summary_large_image\" \/>\n<meta name=\"twitter:label1\" content=\"Est. reading time\" \/>\n\t<meta name=\"twitter:data1\" content=\"1\u00a0Minute\" \/>\n<script type=\"application\/ld+json\" class=\"yoast-schema-graph\">{\"@context\":\"https:\/\/schema.org\",\"@graph\":[{\"@type\":\"WebPage\",\"@id\":\"https:\/\/reihey.com\/product\/5-100ml-flat-shoulder-glass-dropper-bottle\/\",\"url\":\"https:\/\/reihey.com\/product\/5-100ml-flat-shoulder-glass-dropper-bottle\/\",\"name\":\"5-100ml Flat Shoulder Glass Dropper Bottle - Reihey Glass\",\"isPartOf\":{\"@id\":\"https:\/\/reihey.com\/#website\"},\"primaryImageOfPage\":{\"@id\":\"https:\/\/reihey.com\/product\/5-100ml-flat-shoulder-glass-dropper-bottle\/#primaryimage\"},\"image\":{\"@id\":\"https:\/\/reihey.com\/product\/5-100ml-flat-shoulder-glass-dropper-bottle\/#primaryimage\"},\"thumbnailUrl\":\"https:\/\/reihey.com\/wp-content\/uploads\/2025\/08\/\u4e3b\u56fe-02-58.jpg\",\"datePublished\":\"2025-08-27T11:36:23+00:00\",\"dateModified\":\"2025-10-28T10:34:29+00:00\",\"breadcrumb\":{\"@id\":\"https:\/\/reihey.com\/product\/5-100ml-flat-shoulder-glass-dropper-bottle\/#breadcrumb\"},\"inLanguage\":\"de\",\"potentialAction\":[{\"@type\":\"ReadAction\",\"target\":[\"https:\/\/reihey.com\/product\/5-100ml-flat-shoulder-glass-dropper-bottle\/\"]}]},{\"@type\":\"ImageObject\",\"inLanguage\":\"de\",\"@id\":\"https:\/\/reihey.com\/product\/5-100ml-flat-shoulder-glass-dropper-bottle\/#primaryimage\",\"url\":\"https:\/\/reihey.com\/wp-content\/uploads\/2025\/08\/\u4e3b\u56fe-02-58.jpg\",\"contentUrl\":\"https:\/\/reihey.com\/wp-content\/uploads\/2025\/08\/\u4e3b\u56fe-02-58.jpg\",\"width\":800,\"height\":800},{\"@type\":\"BreadcrumbList\",\"@id\":\"https:\/\/reihey.com\/product\/5-100ml-flat-shoulder-glass-dropper-bottle\/#breadcrumb\",\"itemListElement\":[{\"@type\":\"ListItem\",\"position\":1,\"name\":\"Home\",\"item\":\"https:\/\/reihey.com\/\"},{\"@type\":\"ListItem\",\"position\":2,\"name\":\"Shop\",\"item\":\"https:\/\/reihey.com\/shop\/\"},{\"@type\":\"ListItem\",\"position\":3,\"name\":\"5-100ml Flat Shoulder Glass Dropper Bottle\"}]},{\"@type\":\"WebSite\",\"@id\":\"https:\/\/reihey.com\/#website\",\"url\":\"https:\/\/reihey.com\/\",\"name\":\"Reihey Glass\",\"description\":\"\",\"publisher\":{\"@id\":\"https:\/\/reihey.com\/#organization\"},\"potentialAction\":[{\"@type\":\"SearchAction\",\"target\":{\"@type\":\"EntryPoint\",\"urlTemplate\":\"https:\/\/reihey.com\/?s={search_term_string}\"},\"query-input\":{\"@type\":\"PropertyValueSpecification\",\"valueRequired\":true,\"valueName\":\"search_term_string\"}}],\"inLanguage\":\"de\"},{\"@type\":\"Organization\",\"@id\":\"https:\/\/reihey.com\/#organization\",\"name\":\"Reihey Glass\",\"url\":\"https:\/\/reihey.com\/\",\"logo\":{\"@type\":\"ImageObject\",\"inLanguage\":\"de\",\"@id\":\"https:\/\/reihey.com\/#\/schema\/logo\/image\/\",\"url\":\"https:\/\/reihey.com\/wp-content\/uploads\/2023\/07\/Reihey-logo-2026.svg\",\"contentUrl\":\"https:\/\/reihey.com\/wp-content\/uploads\/2023\/07\/Reihey-logo-2026.svg\",\"width\":1984,\"height\":566,\"caption\":\"Reihey Glass\"},\"image\":{\"@id\":\"https:\/\/reihey.com\/#\/schema\/logo\/image\/\"}}]}<\/script>\n<!-- \/ Yoast SEO plugin. -->","yoast_head_json":{"title":"5-100 ml Flasche mit flachem Schulter-Glastropfapplikator - Reihey Glass","robots":{"index":"index","follow":"follow","max-snippet":"max-snippet:-1","max-image-preview":"max-image-preview:large","max-video-preview":"max-video-preview:-1"},"canonical":"https:\/\/reihey.com\/de\/product\/5-100ml-flat-shoulder-glass-dropper-bottle\/","og_locale":"de_DE","og_type":"article","og_title":"5-100ml Flat Shoulder Glass Dropper Bottle - Reihey Glass","og_description":"Material Color Capacity Lid Usage   Glass Frosted Clear 5ml Dropper Essential Oil     10ml  Perfume     15ml  Hair Oil     20ml       30ml       50ml       60ml       80ml       100ml         Material Glass   Color Frosted Clear   Capacity 5ml 10ml 15ml 20ml 30ml 50ml 60ml 80ml 100ml   Lid Dropper   Usage Essential Oil Perfume Hair Oil    Just use a pipette \/ pipette to transfer the essential oil to the bottle. Easy to wash with warm soapy water and can be used for a long time. Leakinggproof design: the screw thread finish bottle mouth is matched with a attractive golden plated aluminium alloy cap, which fits tightly and can effectively prevent any liquid leakage.","og_url":"https:\/\/reihey.com\/de\/product\/5-100ml-flat-shoulder-glass-dropper-bottle\/","og_site_name":"Reihey Glass","article_modified_time":"2025-10-28T10:34:29+00:00","og_image":[{"width":800,"height":800,"url":"https:\/\/reihey.com\/wp-content\/uploads\/2025\/08\/\u4e3b\u56fe-02-58.jpg","type":"image\/jpeg"}],"twitter_card":"summary_large_image","twitter_misc":{"Est. reading time":"1\u00a0Minute"},"schema":{"@context":"https:\/\/schema.org","@graph":[{"@type":"WebPage","@id":"https:\/\/reihey.com\/product\/5-100ml-flat-shoulder-glass-dropper-bottle\/","url":"https:\/\/reihey.com\/product\/5-100ml-flat-shoulder-glass-dropper-bottle\/","name":"5-100 ml Flasche mit flachem Schulter-Glastropfapplikator - Reihey Glass","isPartOf":{"@id":"https:\/\/reihey.com\/#website"},"primaryImageOfPage":{"@id":"https:\/\/reihey.com\/product\/5-100ml-flat-shoulder-glass-dropper-bottle\/#primaryimage"},"image":{"@id":"https:\/\/reihey.com\/product\/5-100ml-flat-shoulder-glass-dropper-bottle\/#primaryimage"},"thumbnailUrl":"https:\/\/reihey.com\/wp-content\/uploads\/2025\/08\/\u4e3b\u56fe-02-58.jpg","datePublished":"2025-08-27T11:36:23+00:00","dateModified":"2025-10-28T10:34:29+00:00","breadcrumb":{"@id":"https:\/\/reihey.com\/product\/5-100ml-flat-shoulder-glass-dropper-bottle\/#breadcrumb"},"inLanguage":"de","potentialAction":[{"@type":"ReadAction","target":["https:\/\/reihey.com\/product\/5-100ml-flat-shoulder-glass-dropper-bottle\/"]}]},{"@type":"ImageObject","inLanguage":"de","@id":"https:\/\/reihey.com\/product\/5-100ml-flat-shoulder-glass-dropper-bottle\/#primaryimage","url":"https:\/\/reihey.com\/wp-content\/uploads\/2025\/08\/\u4e3b\u56fe-02-58.jpg","contentUrl":"https:\/\/reihey.com\/wp-content\/uploads\/2025\/08\/\u4e3b\u56fe-02-58.jpg","width":800,"height":800},{"@type":"BreadcrumbList","@id":"https:\/\/reihey.com\/product\/5-100ml-flat-shoulder-glass-dropper-bottle\/#breadcrumb","itemListElement":[{"@type":"ListItem","position":1,"name":"Home","item":"https:\/\/reihey.com\/"},{"@type":"ListItem","position":2,"name":"Shop","item":"https:\/\/reihey.com\/shop\/"},{"@type":"ListItem","position":3,"name":"5-100ml Flat Shoulder Glass Dropper Bottle"}]},{"@type":"WebSite","@id":"https:\/\/reihey.com\/#website","url":"https:\/\/reihey.com\/","name":"Reihey Glas","description":"","publisher":{"@id":"https:\/\/reihey.com\/#organization"},"potentialAction":[{"@type":"SearchAction","target":{"@type":"EntryPoint","urlTemplate":"https:\/\/reihey.com\/?s={search_term_string}"},"query-input":{"@type":"PropertyValueSpecification","valueRequired":true,"valueName":"search_term_string"}}],"inLanguage":"de"},{"@type":"Organization","@id":"https:\/\/reihey.com\/#organization","name":"Reihey Glas","url":"https:\/\/reihey.com\/","logo":{"@type":"ImageObject","inLanguage":"de","@id":"https:\/\/reihey.com\/#\/schema\/logo\/image\/","url":"https:\/\/reihey.com\/wp-content\/uploads\/2023\/07\/Reihey-logo-2026.svg","contentUrl":"https:\/\/reihey.com\/wp-content\/uploads\/2023\/07\/Reihey-logo-2026.svg","width":1984,"height":566,"caption":"Reihey Glass"},"image":{"@id":"https:\/\/reihey.com\/#\/schema\/logo\/image\/"}}]}},"_links":{"self":[{"href":"https:\/\/reihey.com\/de\/wp-json\/wp\/v2\/product\/10584","targetHints":{"allow":["GET"]}}],"collection":[{"href":"https:\/\/reihey.com\/de\/wp-json\/wp\/v2\/product"}],"about":[{"href":"https:\/\/reihey.com\/de\/wp-json\/wp\/v2\/types\/product"}],"replies":[{"embeddable":true,"href":"https:\/\/reihey.com\/de\/wp-json\/wp\/v2\/comments?post=10584"}],"version-history":[{"count":8,"href":"https:\/\/reihey.com\/de\/wp-json\/wp\/v2\/product\/10584\/revisions"}],"predecessor-version":[{"id":997796,"href":"https:\/\/reihey.com\/de\/wp-json\/wp\/v2\/product\/10584\/revisions\/997796"}],"wp:featuredmedia":[{"embeddable":true,"href":"https:\/\/reihey.com\/de\/wp-json\/wp\/v2\/media\/992766"}],"wp:attachment":[{"href":"https:\/\/reihey.com\/de\/wp-json\/wp\/v2\/media?parent=10584"}],"wp:term":[{"taxonomy":"product_brand","embeddable":true,"href":"https:\/\/reihey.com\/de\/wp-json\/wp\/v2\/product_brand?post=10584"},{"taxonomy":"product_cat","embeddable":true,"href":"https:\/\/reihey.com\/de\/wp-json\/wp\/v2\/product_cat?post=10584"},{"taxonomy":"product_tag","embeddable":true,"href":"https:\/\/reihey.com\/de\/wp-json\/wp\/v2\/product_tag?post=10584"}],"curies":[{"name":"wp","href":"https:\/\/api.w.org\/{rel}","templated":true}]}}