{"id":10387,"date":"2025-08-27T11:34:07","date_gmt":"2025-08-27T11:34:07","guid":{"rendered":"https:\/\/slot71.silverline.dev\/?post_type=product&#038;p=10387"},"modified":"2025-10-28T11:34:06","modified_gmt":"2025-10-28T11:34:06","slug":"500ml-automatic-opening-and-closing-cover-glass-oil-bottle","status":"publish","type":"product","link":"https:\/\/reihey.com\/de\/product\/500ml-automatic-opening-and-closing-cover-glass-oil-bottle\/","title":{"rendered":"500 ml automatische \u00d6ffnung und Schlie\u00dfung Deckel Glasser\u00f6lflasche"},"content":{"rendered":"","protected":false},"excerpt":{"rendered":"<table class=\"desk-tab\">\n<tbody>\n<tr>\n<th>Material<\/th>\n<th>Farbe<\/th>\n<th>Kapazit\u00e4t<\/th>\n<th>Deckel<\/th>\n<th>Verwendung<\/th>\n<\/tr>\n<tr>\n<td>Glas<\/td>\n<td>Klar<\/td>\n<td>500 ml<\/td>\n<td>\u00a0Kunststoff + Edelstahl<\/td>\n<td>Lebensmittel<\/td>\n<\/tr>\n<\/tbody>\n<\/table>\n<table class=\"mob-tab\">\n<tbody>\n<tr>\n<th>Material<\/th>\n<td>Glas<\/td>\n<\/tr>\n<tr>\n<th>Farbe<\/th>\n<td>Klar<\/td>\n<\/tr>\n<tr>\n<th>Kapazit\u00e4t<\/th>\n<td>500 ml<\/td>\n<\/tr>\n<tr>\n<th>Deckel<\/th>\n<td>\u00a0Kunststoff + Edelstahl<\/td>\n<\/tr>\n<tr>\n<th>Verwendung<\/th>\n<td>Lebensmittel<\/td>\n<\/tr>\n<\/tbody>\n<\/table>\n<p>\u3010Nicht Tropfendes Design\u3011 \u00d6ldispenser kann f\u00fcr Oliven\u00f6l, Essig, Wein, dein eigenes scharfes \u00d6l f\u00fcr Salatdressing, Kochen, Barbecue verwendet werden, sogar diese Flasche kann dein Chilli-\u00d6l mischen. Unten am Flaschenboden befindet sich ein rutschfestes Design\u3010\u00d6L-Ausgabe steuern\u3011 Die Flasche kontrolliert die Menge an \u00d6l, Dressing oder Essig, die in deine Gerichte gegossen wird, wodurch du ges\u00fcnder isst und Unordnung vermieden wird. Es gibt ein Tropfschutz-Design, die Glasflasche kann effektiv das Austreten von \u00d6l verhindern, h\u00e4lt deine Glasflasche sauber und hygienisch, der kleine Deckel oben h\u00e4lt den Inhalt immer frisch.<\/p>","protected":false},"featured_media":992622,"comment_status":"closed","ping_status":"closed","template":"","meta":{"_acf_changed":false},"product_brand":[],"product_cat":[611,619],"product_tag":[],"class_list":{"0":"post-10387","1":"product","2":"type-product","3":"status-publish","4":"has-post-thumbnail","6":"product_cat-glass-bottle-manufacturer","7":"product_cat-glass-oil-bottle-manufacturer","9":"first","10":"instock","11":"shipping-taxable","12":"product-type-simple"},"acf":[],"yoast_head":"<!-- This site is optimized with the Yoast SEO plugin v26.7 - https:\/\/yoast.com\/wordpress\/plugins\/seo\/ -->\n<title>500ml Automatic Opening and Closing cover Glass Oil Bottle - Reihey Glass<\/title>\n<meta name=\"robots\" content=\"index, follow, max-snippet:-1, max-image-preview:large, max-video-preview:-1\" \/>\n<link rel=\"canonical\" href=\"https:\/\/reihey.com\/de\/product\/500ml-automatic-opening-and-closing-cover-glass-oil-bottle\/\" \/>\n<meta property=\"og:locale\" content=\"de_DE\" \/>\n<meta property=\"og:type\" content=\"article\" \/>\n<meta property=\"og:title\" content=\"500ml Automatic Opening and Closing cover Glass Oil Bottle - Reihey Glass\" \/>\n<meta property=\"og:description\" content=\"Material Color Capacity Lid Usage   Glass Clear 500ml \u00a0Plastic + Stainless Steel Food       Material Glass   Color Clear   Capacity 500ml   Lid \u00a0Plastic + Stainless Steel   Usage Food    \u3010Non-drip Design\u3011 Oil dispenser can be used for olive oil, vinegar, wine, your homemade chilli oil for salad dressing, cooking, barbecue, even can use this bottle mix your chilli oil. There is non-slip design at the bottom of the bottle\u3010CONTROL OIL DISPENSING\u3011 Oil bottle controls the amount of oil, dressing, or vinegar poured into your dishes,thus eating healthier and preventing messes. There is anti-drip design, the glass bottle can prevent effectively oil leaking, always keep your glass bottle clean and hygienic, little cap on the top, can keep the contents always remain fresh.\" \/>\n<meta property=\"og:url\" content=\"https:\/\/reihey.com\/de\/product\/500ml-automatic-opening-and-closing-cover-glass-oil-bottle\/\" \/>\n<meta property=\"og:site_name\" content=\"Reihey Glass\" \/>\n<meta property=\"article:modified_time\" content=\"2025-10-28T11:34:06+00:00\" \/>\n<meta property=\"og:image\" content=\"https:\/\/reihey.com\/wp-content\/uploads\/2025\/08\/\u4e3b\u56fe-05-89.jpg\" \/>\n\t<meta property=\"og:image:width\" content=\"800\" \/>\n\t<meta property=\"og:image:height\" content=\"800\" \/>\n\t<meta property=\"og:image:type\" content=\"image\/jpeg\" \/>\n<meta name=\"twitter:card\" content=\"summary_large_image\" \/>\n<meta name=\"twitter:label1\" content=\"Est. reading time\" \/>\n\t<meta name=\"twitter:data1\" content=\"2\u00a0Minuten\" \/>\n<script type=\"application\/ld+json\" class=\"yoast-schema-graph\">{\"@context\":\"https:\/\/schema.org\",\"@graph\":[{\"@type\":\"WebPage\",\"@id\":\"https:\/\/reihey.com\/product\/500ml-automatic-opening-and-closing-cover-glass-oil-bottle\/\",\"url\":\"https:\/\/reihey.com\/product\/500ml-automatic-opening-and-closing-cover-glass-oil-bottle\/\",\"name\":\"500ml Automatic Opening and Closing cover Glass Oil Bottle - Reihey Glass\",\"isPartOf\":{\"@id\":\"https:\/\/reihey.com\/#website\"},\"primaryImageOfPage\":{\"@id\":\"https:\/\/reihey.com\/product\/500ml-automatic-opening-and-closing-cover-glass-oil-bottle\/#primaryimage\"},\"image\":{\"@id\":\"https:\/\/reihey.com\/product\/500ml-automatic-opening-and-closing-cover-glass-oil-bottle\/#primaryimage\"},\"thumbnailUrl\":\"https:\/\/reihey.com\/wp-content\/uploads\/2025\/08\/\u4e3b\u56fe-05-89.jpg\",\"datePublished\":\"2025-08-27T11:34:07+00:00\",\"dateModified\":\"2025-10-28T11:34:06+00:00\",\"breadcrumb\":{\"@id\":\"https:\/\/reihey.com\/product\/500ml-automatic-opening-and-closing-cover-glass-oil-bottle\/#breadcrumb\"},\"inLanguage\":\"de\",\"potentialAction\":[{\"@type\":\"ReadAction\",\"target\":[\"https:\/\/reihey.com\/product\/500ml-automatic-opening-and-closing-cover-glass-oil-bottle\/\"]}]},{\"@type\":\"ImageObject\",\"inLanguage\":\"de\",\"@id\":\"https:\/\/reihey.com\/product\/500ml-automatic-opening-and-closing-cover-glass-oil-bottle\/#primaryimage\",\"url\":\"https:\/\/reihey.com\/wp-content\/uploads\/2025\/08\/\u4e3b\u56fe-05-89.jpg\",\"contentUrl\":\"https:\/\/reihey.com\/wp-content\/uploads\/2025\/08\/\u4e3b\u56fe-05-89.jpg\",\"width\":800,\"height\":800},{\"@type\":\"BreadcrumbList\",\"@id\":\"https:\/\/reihey.com\/product\/500ml-automatic-opening-and-closing-cover-glass-oil-bottle\/#breadcrumb\",\"itemListElement\":[{\"@type\":\"ListItem\",\"position\":1,\"name\":\"Home\",\"item\":\"https:\/\/reihey.com\/\"},{\"@type\":\"ListItem\",\"position\":2,\"name\":\"Shop\",\"item\":\"https:\/\/reihey.com\/shop\/\"},{\"@type\":\"ListItem\",\"position\":3,\"name\":\"500ml Automatic Opening and Closing cover Glass Oil Bottle\"}]},{\"@type\":\"WebSite\",\"@id\":\"https:\/\/reihey.com\/#website\",\"url\":\"https:\/\/reihey.com\/\",\"name\":\"Reihey Glass\",\"description\":\"\",\"publisher\":{\"@id\":\"https:\/\/reihey.com\/#organization\"},\"potentialAction\":[{\"@type\":\"SearchAction\",\"target\":{\"@type\":\"EntryPoint\",\"urlTemplate\":\"https:\/\/reihey.com\/?s={search_term_string}\"},\"query-input\":{\"@type\":\"PropertyValueSpecification\",\"valueRequired\":true,\"valueName\":\"search_term_string\"}}],\"inLanguage\":\"de\"},{\"@type\":\"Organization\",\"@id\":\"https:\/\/reihey.com\/#organization\",\"name\":\"Reihey Glass\",\"url\":\"https:\/\/reihey.com\/\",\"logo\":{\"@type\":\"ImageObject\",\"inLanguage\":\"de\",\"@id\":\"https:\/\/reihey.com\/#\/schema\/logo\/image\/\",\"url\":\"https:\/\/reihey.com\/wp-content\/uploads\/2023\/07\/Reihey-logo-2026.svg\",\"contentUrl\":\"https:\/\/reihey.com\/wp-content\/uploads\/2023\/07\/Reihey-logo-2026.svg\",\"width\":1984,\"height\":566,\"caption\":\"Reihey Glass\"},\"image\":{\"@id\":\"https:\/\/reihey.com\/#\/schema\/logo\/image\/\"}}]}<\/script>\n<!-- \/ Yoast SEO plugin. -->","yoast_head_json":{"title":"500ml automatisches \u00d6ffnen und Schlie\u00dfen Deckel Glas \u00d6lflasche - Reihey Glas","robots":{"index":"index","follow":"follow","max-snippet":"max-snippet:-1","max-image-preview":"max-image-preview:large","max-video-preview":"max-video-preview:-1"},"canonical":"https:\/\/reihey.com\/de\/product\/500ml-automatic-opening-and-closing-cover-glass-oil-bottle\/","og_locale":"de_DE","og_type":"article","og_title":"500ml Automatic Opening and Closing cover Glass Oil Bottle - Reihey Glass","og_description":"Material Color Capacity Lid Usage   Glass Clear 500ml \u00a0Plastic + Stainless Steel Food       Material Glass   Color Clear   Capacity 500ml   Lid \u00a0Plastic + Stainless Steel   Usage Food    \u3010Non-drip Design\u3011 Oil dispenser can be used for olive oil, vinegar, wine, your homemade chilli oil for salad dressing, cooking, barbecue, even can use this bottle mix your chilli oil. There is non-slip design at the bottom of the bottle\u3010CONTROL OIL DISPENSING\u3011 Oil bottle controls the amount of oil, dressing, or vinegar poured into your dishes,thus eating healthier and preventing messes. There is anti-drip design, the glass bottle can prevent effectively oil leaking, always keep your glass bottle clean and hygienic, little cap on the top, can keep the contents always remain fresh.","og_url":"https:\/\/reihey.com\/de\/product\/500ml-automatic-opening-and-closing-cover-glass-oil-bottle\/","og_site_name":"Reihey Glass","article_modified_time":"2025-10-28T11:34:06+00:00","og_image":[{"width":800,"height":800,"url":"https:\/\/reihey.com\/wp-content\/uploads\/2025\/08\/\u4e3b\u56fe-05-89.jpg","type":"image\/jpeg"}],"twitter_card":"summary_large_image","twitter_misc":{"Est. reading time":"2\u00a0Minuten"},"schema":{"@context":"https:\/\/schema.org","@graph":[{"@type":"WebPage","@id":"https:\/\/reihey.com\/product\/500ml-automatic-opening-and-closing-cover-glass-oil-bottle\/","url":"https:\/\/reihey.com\/product\/500ml-automatic-opening-and-closing-cover-glass-oil-bottle\/","name":"500ml automatisches \u00d6ffnen und Schlie\u00dfen Deckel Glas \u00d6lflasche - Reihey Glas","isPartOf":{"@id":"https:\/\/reihey.com\/#website"},"primaryImageOfPage":{"@id":"https:\/\/reihey.com\/product\/500ml-automatic-opening-and-closing-cover-glass-oil-bottle\/#primaryimage"},"image":{"@id":"https:\/\/reihey.com\/product\/500ml-automatic-opening-and-closing-cover-glass-oil-bottle\/#primaryimage"},"thumbnailUrl":"https:\/\/reihey.com\/wp-content\/uploads\/2025\/08\/\u4e3b\u56fe-05-89.jpg","datePublished":"2025-08-27T11:34:07+00:00","dateModified":"2025-10-28T11:34:06+00:00","breadcrumb":{"@id":"https:\/\/reihey.com\/product\/500ml-automatic-opening-and-closing-cover-glass-oil-bottle\/#breadcrumb"},"inLanguage":"de","potentialAction":[{"@type":"ReadAction","target":["https:\/\/reihey.com\/product\/500ml-automatic-opening-and-closing-cover-glass-oil-bottle\/"]}]},{"@type":"ImageObject","inLanguage":"de","@id":"https:\/\/reihey.com\/product\/500ml-automatic-opening-and-closing-cover-glass-oil-bottle\/#primaryimage","url":"https:\/\/reihey.com\/wp-content\/uploads\/2025\/08\/\u4e3b\u56fe-05-89.jpg","contentUrl":"https:\/\/reihey.com\/wp-content\/uploads\/2025\/08\/\u4e3b\u56fe-05-89.jpg","width":800,"height":800},{"@type":"BreadcrumbList","@id":"https:\/\/reihey.com\/product\/500ml-automatic-opening-and-closing-cover-glass-oil-bottle\/#breadcrumb","itemListElement":[{"@type":"ListItem","position":1,"name":"Home","item":"https:\/\/reihey.com\/"},{"@type":"ListItem","position":2,"name":"Shop","item":"https:\/\/reihey.com\/shop\/"},{"@type":"ListItem","position":3,"name":"500ml Automatic Opening and Closing cover Glass Oil Bottle"}]},{"@type":"WebSite","@id":"https:\/\/reihey.com\/#website","url":"https:\/\/reihey.com\/","name":"Reihey Glas","description":"","publisher":{"@id":"https:\/\/reihey.com\/#organization"},"potentialAction":[{"@type":"SearchAction","target":{"@type":"EntryPoint","urlTemplate":"https:\/\/reihey.com\/?s={search_term_string}"},"query-input":{"@type":"PropertyValueSpecification","valueRequired":true,"valueName":"search_term_string"}}],"inLanguage":"de"},{"@type":"Organization","@id":"https:\/\/reihey.com\/#organization","name":"Reihey Glas","url":"https:\/\/reihey.com\/","logo":{"@type":"ImageObject","inLanguage":"de","@id":"https:\/\/reihey.com\/#\/schema\/logo\/image\/","url":"https:\/\/reihey.com\/wp-content\/uploads\/2023\/07\/Reihey-logo-2026.svg","contentUrl":"https:\/\/reihey.com\/wp-content\/uploads\/2023\/07\/Reihey-logo-2026.svg","width":1984,"height":566,"caption":"Reihey Glass"},"image":{"@id":"https:\/\/reihey.com\/#\/schema\/logo\/image\/"}}]}},"_links":{"self":[{"href":"https:\/\/reihey.com\/de\/wp-json\/wp\/v2\/product\/10387","targetHints":{"allow":["GET"]}}],"collection":[{"href":"https:\/\/reihey.com\/de\/wp-json\/wp\/v2\/product"}],"about":[{"href":"https:\/\/reihey.com\/de\/wp-json\/wp\/v2\/types\/product"}],"replies":[{"embeddable":true,"href":"https:\/\/reihey.com\/de\/wp-json\/wp\/v2\/comments?post=10387"}],"version-history":[{"count":6,"href":"https:\/\/reihey.com\/de\/wp-json\/wp\/v2\/product\/10387\/revisions"}],"predecessor-version":[{"id":997838,"href":"https:\/\/reihey.com\/de\/wp-json\/wp\/v2\/product\/10387\/revisions\/997838"}],"wp:featuredmedia":[{"embeddable":true,"href":"https:\/\/reihey.com\/de\/wp-json\/wp\/v2\/media\/992622"}],"wp:attachment":[{"href":"https:\/\/reihey.com\/de\/wp-json\/wp\/v2\/media?parent=10387"}],"wp:term":[{"taxonomy":"product_brand","embeddable":true,"href":"https:\/\/reihey.com\/de\/wp-json\/wp\/v2\/product_brand?post=10387"},{"taxonomy":"product_cat","embeddable":true,"href":"https:\/\/reihey.com\/de\/wp-json\/wp\/v2\/product_cat?post=10387"},{"taxonomy":"product_tag","embeddable":true,"href":"https:\/\/reihey.com\/de\/wp-json\/wp\/v2\/product_tag?post=10387"}],"curies":[{"name":"wp","href":"https:\/\/api.w.org\/{rel}","templated":true}]}}