{"id":10382,"date":"2025-08-27T11:34:02","date_gmt":"2025-08-27T11:34:02","guid":{"rendered":"https:\/\/slot71.silverline.dev\/?post_type=product&#038;p=10382"},"modified":"2025-10-28T11:34:49","modified_gmt":"2025-10-28T11:34:49","slug":"5ml-10ml-15ml-20ml-30ml-50ml-100ml-round-glass-oil-bottle","status":"publish","type":"product","link":"https:\/\/reihey.com\/de\/product\/5ml-10ml-15ml-20ml-30ml-50ml-100ml-round-glass-oil-bottle\/","title":{"rendered":"5ml 10ml 15ml 20ml 30ml 50ml 100ml runde Glas-\u00d6lflasche"},"content":{"rendered":"","protected":false},"excerpt":{"rendered":"<table class=\"desk-tab\">\n<tbody>\n<tr>\n<th>Material<\/th>\n<th>Farbe<\/th>\n<th>Kapazit\u00e4t<\/th>\n<th>Deckel<\/th>\n<th>Verwendung<\/th>\n<\/tr>\n<tr>\n<td>Glas<\/td>\n<td>Klar<\/td>\n<td>5ml<\/td>\n<td>Kunststoff<\/td>\n<td>Lebensmittel<\/td>\n<\/tr>\n<tr>\n<td><\/td>\n<td><\/td>\n<td>10 ml<\/td>\n<td><\/td>\n<td><\/td>\n<\/tr>\n<tr>\n<td><\/td>\n<td><\/td>\n<td>15ml<\/td>\n<td><\/td>\n<td><\/td>\n<\/tr>\n<tr>\n<td><\/td>\n<td><\/td>\n<td>20 ml<\/td>\n<td><\/td>\n<td><\/td>\n<\/tr>\n<tr>\n<td><\/td>\n<td><\/td>\n<td>30 ml<\/td>\n<td><\/td>\n<td><\/td>\n<\/tr>\n<tr>\n<td><\/td>\n<td><\/td>\n<td>50ml<\/td>\n<td><\/td>\n<td><\/td>\n<\/tr>\n<tr>\n<td><\/td>\n<td><\/td>\n<td>100ml<\/td>\n<td><\/td>\n<td><\/td>\n<\/tr>\n<\/tbody>\n<\/table>\n<table class=\"mob-tab\">\n<tbody>\n<tr>\n<th>Material<\/th>\n<td>Glas<\/td>\n<\/tr>\n<tr>\n<th>Farbe<\/th>\n<td>Klar<\/td>\n<\/tr>\n<tr>\n<th>Kapazit\u00e4t<\/th>\n<td>5ml<br \/>\n10 ml<br \/>\n15ml<br \/>\n20 ml<br \/>\n30 ml<br \/>\n50ml<br \/>\n100ml<\/td>\n<\/tr>\n<tr>\n<th>Deckel<\/th>\n<td>Kunststoff<\/td>\n<\/tr>\n<tr>\n<th>Verwendung<\/th>\n<td>Lebensmittel<\/td>\n<\/tr>\n<\/tbody>\n<\/table>\n<p>\u3010Nicht Tropfendes Design\u3011 \u00d6ldispenser kann f\u00fcr Oliven\u00f6l, Essig, Wein, dein eigenes scharfes \u00d6l f\u00fcr Salatdressing, Kochen, Barbecue verwendet werden, sogar diese Flasche kann dein Chilli-\u00d6l mischen. Unten am Flaschenboden befindet sich ein rutschfestes Design\u3010\u00d6L-Ausgabe steuern\u3011 Die Flasche kontrolliert die Menge an \u00d6l, Dressing oder Essig, die in deine Gerichte gegossen wird, wodurch du ges\u00fcnder isst und Unordnung vermieden wird. Es gibt ein Tropfschutz-Design, die Glasflasche kann effektiv das Austreten von \u00d6l verhindern, h\u00e4lt deine Glasflasche sauber und hygienisch, der kleine Deckel oben h\u00e4lt den Inhalt immer frisch.<\/p>","protected":false},"featured_media":992618,"comment_status":"closed","ping_status":"closed","template":"","meta":{"_acf_changed":false},"product_brand":[],"product_cat":[611,619],"product_tag":[],"class_list":{"0":"post-10382","1":"product","2":"type-product","3":"status-publish","4":"has-post-thumbnail","6":"product_cat-glass-bottle-manufacturer","7":"product_cat-glass-oil-bottle-manufacturer","9":"first","10":"instock","11":"shipping-taxable","12":"product-type-simple"},"acf":[],"yoast_head":"<!-- This site is optimized with the Yoast SEO plugin v26.7 - https:\/\/yoast.com\/wordpress\/plugins\/seo\/ -->\n<title>5ml 10ml 15ml 20ml 30ml 50ml 100ml round glass oil bottle - Reihey Glass<\/title>\n<meta name=\"robots\" content=\"index, follow, max-snippet:-1, max-image-preview:large, max-video-preview:-1\" \/>\n<link rel=\"canonical\" href=\"https:\/\/reihey.com\/de\/product\/5ml-10ml-15ml-20ml-30ml-50ml-100ml-round-glass-oil-bottle\/\" \/>\n<meta property=\"og:locale\" content=\"de_DE\" \/>\n<meta property=\"og:type\" content=\"article\" \/>\n<meta property=\"og:title\" content=\"5ml 10ml 15ml 20ml 30ml 50ml 100ml round glass oil bottle - Reihey Glass\" \/>\n<meta property=\"og:description\" content=\"Material Color Capacity Lid Usage   Glass Clear 5ml Plastic Food     10ml       15ml       20ml       30ml       50ml       100ml         Material Glass   Color Clear   Capacity 5ml 10ml 15ml 20ml 30ml 50ml 100ml   Lid Plastic   Usage Food    \u3010Non-drip Design\u3011 Oil dispenser can be used for olive oil, vinegar, wine, your homemade chilli oil for salad dressing, cooking, barbecue, even can use this bottle mix your chilli oil. There is non-slip design at the bottom of the bottle\u3010CONTROL OIL DISPENSING\u3011 Oil bottle controls the amount of oil, dressing, or vinegar poured into your dishes,thus eating healthier and preventing messes. There is anti-drip design, the glass bottle can prevent effectively oil leaking, always keep your glass bottle clean and hygienic, little cap on the top, can keep the contents always remain fresh.\" \/>\n<meta property=\"og:url\" content=\"https:\/\/reihey.com\/de\/product\/5ml-10ml-15ml-20ml-30ml-50ml-100ml-round-glass-oil-bottle\/\" \/>\n<meta property=\"og:site_name\" content=\"Reihey Glass\" \/>\n<meta property=\"article:modified_time\" content=\"2025-10-28T11:34:49+00:00\" \/>\n<meta property=\"og:image\" content=\"https:\/\/reihey.com\/wp-content\/uploads\/2025\/08\/AgAABhGzgjSPzMP8iPtLJZwqAy1A_9o8.png\" \/>\n\t<meta property=\"og:image:width\" content=\"352\" \/>\n\t<meta property=\"og:image:height\" content=\"340\" \/>\n\t<meta property=\"og:image:type\" content=\"image\/png\" \/>\n<meta name=\"twitter:card\" content=\"summary_large_image\" \/>\n<meta name=\"twitter:label1\" content=\"Est. reading time\" \/>\n\t<meta name=\"twitter:data1\" content=\"2\u00a0Minuten\" \/>\n<script type=\"application\/ld+json\" class=\"yoast-schema-graph\">{\"@context\":\"https:\/\/schema.org\",\"@graph\":[{\"@type\":\"WebPage\",\"@id\":\"https:\/\/reihey.com\/product\/5ml-10ml-15ml-20ml-30ml-50ml-100ml-round-glass-oil-bottle\/\",\"url\":\"https:\/\/reihey.com\/product\/5ml-10ml-15ml-20ml-30ml-50ml-100ml-round-glass-oil-bottle\/\",\"name\":\"5ml 10ml 15ml 20ml 30ml 50ml 100ml round glass oil bottle - Reihey Glass\",\"isPartOf\":{\"@id\":\"https:\/\/reihey.com\/#website\"},\"primaryImageOfPage\":{\"@id\":\"https:\/\/reihey.com\/product\/5ml-10ml-15ml-20ml-30ml-50ml-100ml-round-glass-oil-bottle\/#primaryimage\"},\"image\":{\"@id\":\"https:\/\/reihey.com\/product\/5ml-10ml-15ml-20ml-30ml-50ml-100ml-round-glass-oil-bottle\/#primaryimage\"},\"thumbnailUrl\":\"https:\/\/reihey.com\/wp-content\/uploads\/2025\/08\/AgAABhGzgjSPzMP8iPtLJZwqAy1A_9o8.png\",\"datePublished\":\"2025-08-27T11:34:02+00:00\",\"dateModified\":\"2025-10-28T11:34:49+00:00\",\"breadcrumb\":{\"@id\":\"https:\/\/reihey.com\/product\/5ml-10ml-15ml-20ml-30ml-50ml-100ml-round-glass-oil-bottle\/#breadcrumb\"},\"inLanguage\":\"de\",\"potentialAction\":[{\"@type\":\"ReadAction\",\"target\":[\"https:\/\/reihey.com\/product\/5ml-10ml-15ml-20ml-30ml-50ml-100ml-round-glass-oil-bottle\/\"]}]},{\"@type\":\"ImageObject\",\"inLanguage\":\"de\",\"@id\":\"https:\/\/reihey.com\/product\/5ml-10ml-15ml-20ml-30ml-50ml-100ml-round-glass-oil-bottle\/#primaryimage\",\"url\":\"https:\/\/reihey.com\/wp-content\/uploads\/2025\/08\/AgAABhGzgjSPzMP8iPtLJZwqAy1A_9o8.png\",\"contentUrl\":\"https:\/\/reihey.com\/wp-content\/uploads\/2025\/08\/AgAABhGzgjSPzMP8iPtLJZwqAy1A_9o8.png\",\"width\":352,\"height\":340},{\"@type\":\"BreadcrumbList\",\"@id\":\"https:\/\/reihey.com\/product\/5ml-10ml-15ml-20ml-30ml-50ml-100ml-round-glass-oil-bottle\/#breadcrumb\",\"itemListElement\":[{\"@type\":\"ListItem\",\"position\":1,\"name\":\"Home\",\"item\":\"https:\/\/reihey.com\/\"},{\"@type\":\"ListItem\",\"position\":2,\"name\":\"Shop\",\"item\":\"https:\/\/reihey.com\/shop\/\"},{\"@type\":\"ListItem\",\"position\":3,\"name\":\"5ml 10ml 15ml 20ml 30ml 50ml 100ml round glass oil bottle\"}]},{\"@type\":\"WebSite\",\"@id\":\"https:\/\/reihey.com\/#website\",\"url\":\"https:\/\/reihey.com\/\",\"name\":\"Reihey Glass\",\"description\":\"\",\"publisher\":{\"@id\":\"https:\/\/reihey.com\/#organization\"},\"potentialAction\":[{\"@type\":\"SearchAction\",\"target\":{\"@type\":\"EntryPoint\",\"urlTemplate\":\"https:\/\/reihey.com\/?s={search_term_string}\"},\"query-input\":{\"@type\":\"PropertyValueSpecification\",\"valueRequired\":true,\"valueName\":\"search_term_string\"}}],\"inLanguage\":\"de\"},{\"@type\":\"Organization\",\"@id\":\"https:\/\/reihey.com\/#organization\",\"name\":\"Reihey Glass\",\"url\":\"https:\/\/reihey.com\/\",\"logo\":{\"@type\":\"ImageObject\",\"inLanguage\":\"de\",\"@id\":\"https:\/\/reihey.com\/#\/schema\/logo\/image\/\",\"url\":\"https:\/\/reihey.com\/wp-content\/uploads\/2023\/07\/Reihey-logo-2026.svg\",\"contentUrl\":\"https:\/\/reihey.com\/wp-content\/uploads\/2023\/07\/Reihey-logo-2026.svg\",\"width\":1984,\"height\":566,\"caption\":\"Reihey Glass\"},\"image\":{\"@id\":\"https:\/\/reihey.com\/#\/schema\/logo\/image\/\"}}]}<\/script>\n<!-- \/ Yoast SEO plugin. -->","yoast_head_json":{"title":"5ml 10ml 15ml 20ml 30ml 50ml 100ml Rundes Glas-\u00d6lfleschenflasche - Reihey Glass","robots":{"index":"index","follow":"follow","max-snippet":"max-snippet:-1","max-image-preview":"max-image-preview:large","max-video-preview":"max-video-preview:-1"},"canonical":"https:\/\/reihey.com\/de\/product\/5ml-10ml-15ml-20ml-30ml-50ml-100ml-round-glass-oil-bottle\/","og_locale":"de_DE","og_type":"article","og_title":"5ml 10ml 15ml 20ml 30ml 50ml 100ml round glass oil bottle - Reihey Glass","og_description":"Material Color Capacity Lid Usage   Glass Clear 5ml Plastic Food     10ml       15ml       20ml       30ml       50ml       100ml         Material Glass   Color Clear   Capacity 5ml 10ml 15ml 20ml 30ml 50ml 100ml   Lid Plastic   Usage Food    \u3010Non-drip Design\u3011 Oil dispenser can be used for olive oil, vinegar, wine, your homemade chilli oil for salad dressing, cooking, barbecue, even can use this bottle mix your chilli oil. There is non-slip design at the bottom of the bottle\u3010CONTROL OIL DISPENSING\u3011 Oil bottle controls the amount of oil, dressing, or vinegar poured into your dishes,thus eating healthier and preventing messes. There is anti-drip design, the glass bottle can prevent effectively oil leaking, always keep your glass bottle clean and hygienic, little cap on the top, can keep the contents always remain fresh.","og_url":"https:\/\/reihey.com\/de\/product\/5ml-10ml-15ml-20ml-30ml-50ml-100ml-round-glass-oil-bottle\/","og_site_name":"Reihey Glass","article_modified_time":"2025-10-28T11:34:49+00:00","og_image":[{"width":352,"height":340,"url":"https:\/\/reihey.com\/wp-content\/uploads\/2025\/08\/AgAABhGzgjSPzMP8iPtLJZwqAy1A_9o8.png","type":"image\/png"}],"twitter_card":"summary_large_image","twitter_misc":{"Est. reading time":"2\u00a0Minuten"},"schema":{"@context":"https:\/\/schema.org","@graph":[{"@type":"WebPage","@id":"https:\/\/reihey.com\/product\/5ml-10ml-15ml-20ml-30ml-50ml-100ml-round-glass-oil-bottle\/","url":"https:\/\/reihey.com\/product\/5ml-10ml-15ml-20ml-30ml-50ml-100ml-round-glass-oil-bottle\/","name":"5ml 10ml 15ml 20ml 30ml 50ml 100ml Rundes Glas-\u00d6lfleschenflasche - Reihey Glass","isPartOf":{"@id":"https:\/\/reihey.com\/#website"},"primaryImageOfPage":{"@id":"https:\/\/reihey.com\/product\/5ml-10ml-15ml-20ml-30ml-50ml-100ml-round-glass-oil-bottle\/#primaryimage"},"image":{"@id":"https:\/\/reihey.com\/product\/5ml-10ml-15ml-20ml-30ml-50ml-100ml-round-glass-oil-bottle\/#primaryimage"},"thumbnailUrl":"https:\/\/reihey.com\/wp-content\/uploads\/2025\/08\/AgAABhGzgjSPzMP8iPtLJZwqAy1A_9o8.png","datePublished":"2025-08-27T11:34:02+00:00","dateModified":"2025-10-28T11:34:49+00:00","breadcrumb":{"@id":"https:\/\/reihey.com\/product\/5ml-10ml-15ml-20ml-30ml-50ml-100ml-round-glass-oil-bottle\/#breadcrumb"},"inLanguage":"de","potentialAction":[{"@type":"ReadAction","target":["https:\/\/reihey.com\/product\/5ml-10ml-15ml-20ml-30ml-50ml-100ml-round-glass-oil-bottle\/"]}]},{"@type":"ImageObject","inLanguage":"de","@id":"https:\/\/reihey.com\/product\/5ml-10ml-15ml-20ml-30ml-50ml-100ml-round-glass-oil-bottle\/#primaryimage","url":"https:\/\/reihey.com\/wp-content\/uploads\/2025\/08\/AgAABhGzgjSPzMP8iPtLJZwqAy1A_9o8.png","contentUrl":"https:\/\/reihey.com\/wp-content\/uploads\/2025\/08\/AgAABhGzgjSPzMP8iPtLJZwqAy1A_9o8.png","width":352,"height":340},{"@type":"BreadcrumbList","@id":"https:\/\/reihey.com\/product\/5ml-10ml-15ml-20ml-30ml-50ml-100ml-round-glass-oil-bottle\/#breadcrumb","itemListElement":[{"@type":"ListItem","position":1,"name":"Home","item":"https:\/\/reihey.com\/"},{"@type":"ListItem","position":2,"name":"Shop","item":"https:\/\/reihey.com\/shop\/"},{"@type":"ListItem","position":3,"name":"5ml 10ml 15ml 20ml 30ml 50ml 100ml round glass oil bottle"}]},{"@type":"WebSite","@id":"https:\/\/reihey.com\/#website","url":"https:\/\/reihey.com\/","name":"Reihey Glas","description":"","publisher":{"@id":"https:\/\/reihey.com\/#organization"},"potentialAction":[{"@type":"SearchAction","target":{"@type":"EntryPoint","urlTemplate":"https:\/\/reihey.com\/?s={search_term_string}"},"query-input":{"@type":"PropertyValueSpecification","valueRequired":true,"valueName":"search_term_string"}}],"inLanguage":"de"},{"@type":"Organization","@id":"https:\/\/reihey.com\/#organization","name":"Reihey Glas","url":"https:\/\/reihey.com\/","logo":{"@type":"ImageObject","inLanguage":"de","@id":"https:\/\/reihey.com\/#\/schema\/logo\/image\/","url":"https:\/\/reihey.com\/wp-content\/uploads\/2023\/07\/Reihey-logo-2026.svg","contentUrl":"https:\/\/reihey.com\/wp-content\/uploads\/2023\/07\/Reihey-logo-2026.svg","width":1984,"height":566,"caption":"Reihey Glass"},"image":{"@id":"https:\/\/reihey.com\/#\/schema\/logo\/image\/"}}]}},"_links":{"self":[{"href":"https:\/\/reihey.com\/de\/wp-json\/wp\/v2\/product\/10382","targetHints":{"allow":["GET"]}}],"collection":[{"href":"https:\/\/reihey.com\/de\/wp-json\/wp\/v2\/product"}],"about":[{"href":"https:\/\/reihey.com\/de\/wp-json\/wp\/v2\/types\/product"}],"replies":[{"embeddable":true,"href":"https:\/\/reihey.com\/de\/wp-json\/wp\/v2\/comments?post=10382"}],"version-history":[{"count":5,"href":"https:\/\/reihey.com\/de\/wp-json\/wp\/v2\/product\/10382\/revisions"}],"predecessor-version":[{"id":997839,"href":"https:\/\/reihey.com\/de\/wp-json\/wp\/v2\/product\/10382\/revisions\/997839"}],"wp:featuredmedia":[{"embeddable":true,"href":"https:\/\/reihey.com\/de\/wp-json\/wp\/v2\/media\/992618"}],"wp:attachment":[{"href":"https:\/\/reihey.com\/de\/wp-json\/wp\/v2\/media?parent=10382"}],"wp:term":[{"taxonomy":"product_brand","embeddable":true,"href":"https:\/\/reihey.com\/de\/wp-json\/wp\/v2\/product_brand?post=10382"},{"taxonomy":"product_cat","embeddable":true,"href":"https:\/\/reihey.com\/de\/wp-json\/wp\/v2\/product_cat?post=10382"},{"taxonomy":"product_tag","embeddable":true,"href":"https:\/\/reihey.com\/de\/wp-json\/wp\/v2\/product_tag?post=10382"}],"curies":[{"name":"wp","href":"https:\/\/api.w.org\/{rel}","templated":true}]}}