{"id":10203,"date":"2025-08-27T11:17:56","date_gmt":"2025-08-27T11:17:56","guid":{"rendered":"https:\/\/slot71.silverline.dev\/?post_type=product&#038;p=10203"},"modified":"2025-10-28T12:13:20","modified_gmt":"2025-10-28T12:13:20","slug":"6oz-tea-glasses-with-handle","status":"publish","type":"product","link":"https:\/\/reihey.com\/de\/product\/6oz-tea-glasses-with-handle\/","title":{"rendered":"6oz-Teegl\u00e4ser mit Henkel"},"content":{"rendered":"","protected":false},"excerpt":{"rendered":"<p><!-- Desktop Version --><\/p>\n<table class=\"desk-tab\">\n<tbody>\n<tr>\n<th>Name<\/th>\n<th>Material<\/th>\n<th>Kapazit\u00e4t<\/th>\n<th>Farbe<\/th>\n<th>Gr\u00f6\u00dfe<\/th>\n<th>Verwendung<\/th>\n<th>Verpackung<\/th>\n<\/tr>\n<tr>\n<td>Teegl\u00e4ser<\/td>\n<td>Glas<\/td>\n<td>7oz<\/td>\n<td>Transparent<\/td>\n<td>94*54mm<\/td>\n<td>Tee<\/td>\n<td>1. Standard-Exportkarton \u2013 X St\u00fcck\/Box, Y Box\/Karton.<\/td>\n<\/tr>\n<tr>\n<td><\/td>\n<td><\/td>\n<td><\/td>\n<td><\/td>\n<td><\/td>\n<td><\/td>\n<td>2. Individuelle Verpackung: wei\u00dfer Karton mit Ihrem LOGO. Farbige Geschenkbox mit Ihrem Logo<\/td>\n<\/tr>\n<\/tbody>\n<\/table>\n<p><!-- Mobile Version --><\/p>\n<table class=\"mob-tab\">\n<tbody>\n<tr>\n<th>Name<\/th>\n<td>Teegl\u00e4ser<\/td>\n<\/tr>\n<tr>\n<th>Material<\/th>\n<td>Glas<\/td>\n<\/tr>\n<tr>\n<th>Kapazit\u00e4t<\/th>\n<td>7oz<\/td>\n<\/tr>\n<tr>\n<th>Farbe<\/th>\n<td>Transparent<\/td>\n<\/tr>\n<tr>\n<th>Gr\u00f6\u00dfe<\/th>\n<td>94*54mm<\/td>\n<\/tr>\n<tr>\n<th>Verwendung<\/th>\n<td>Tee<\/td>\n<\/tr>\n<tr>\n<th>Verpackung<\/th>\n<td>\n        1. Standard-Exportkarton \u2013 X St\u00fcck\/Box, Y Box\/Karton.<br \/>\n        2. Individuelle Verpackung: wei\u00dfer Karton mit Ihrem LOGO. Farbige Geschenkbox mit Ihrem Logo\n      <\/td>\n<\/tr>\n<\/tbody>\n<\/table>\n<p>Diese Glasbecher k\u00f6nnen f\u00fcr Kaffee und Tee, hei\u00dfe Schokolade, Eiskaffee, Cappuccino, Latte, Espresso, Cortado und mehr verwendet werden. Geeignet f\u00fcr jedes hei\u00dfe oder kalte Getr\u00e4nk.<br \/>\nAus hochwertigen Materialien gefertigt, wurden diese Kaffee- und Teetassen f\u00fcr den regelm\u00e4\u00dfigen Alltag konzipiert und hergestellt. Mit verst\u00e4rkter Kante, robustem Design und perfekt ausbalancierten Proportionen. Sehr robust und in der Lage, Hochtemperatur-Glasbecher zu widerstehen. Bleifrei Glas. Mikrowellen- und Geschirrsp\u00fclergeeignet.<\/p>","protected":false},"featured_media":992492,"comment_status":"closed","ping_status":"closed","template":"","meta":{"_acf_changed":false},"product_brand":[],"product_cat":[637,632,610],"product_tag":[],"class_list":{"0":"post-10203","1":"product","2":"type-product","3":"status-publish","4":"has-post-thumbnail","6":"product_cat-drinking-glasses","7":"product_cat-home-decor","8":"product_cat-tea-glasses","10":"first","11":"instock","12":"shipping-taxable","13":"product-type-simple"},"acf":[],"yoast_head":"<!-- This site is optimized with the Yoast SEO plugin v26.7 - https:\/\/yoast.com\/wordpress\/plugins\/seo\/ -->\n<title>6oz Tea Glasses with Handle - Reihey Glass<\/title>\n<meta name=\"robots\" content=\"index, follow, max-snippet:-1, max-image-preview:large, max-video-preview:-1\" \/>\n<link rel=\"canonical\" href=\"https:\/\/reihey.com\/de\/product\/6oz-tea-glasses-with-handle\/\" \/>\n<meta property=\"og:locale\" content=\"de_DE\" \/>\n<meta property=\"og:type\" content=\"article\" \/>\n<meta property=\"og:title\" content=\"6oz Tea Glasses with Handle - Reihey Glass\" \/>\n<meta property=\"og:description\" content=\"Name    Material    Capacity    Color    Size    Usage    Packing          Tea Glasses    Glass    7oz    Transparent    94*54mm    Tea    1. Standard export carton--Xpcs\/box, Ybox\/carton.                                  2. Custom pack: white box with your LOGO. Color gift box with your logo                  Name    Tea Glasses          Material    Glass          Capacity    7oz          Color    Transparent          Size    94*54mm          Usage    Tea          Packing         1. Standard export carton--Xpcs\/box, Ybox\/carton.     2. Custom pack: white box with your LOGO. Color gift box with your logo            These glass cups can be used for coffee and tea, hot chocolate, iced coffee, cappuccino, latte, espresso, cortado and more. Suitable for every hot or cold drinks. Made of premium quality materials, these coffee and tea cups have been designed and manufactured for regular everyday use. Features reinforced rim, sturdy design and perfectly balanced proportions. Very sturdy and able to withstand high temperature glass cups. Lead Free Glass. Microwave and Dishwasher Safe.\" \/>\n<meta property=\"og:url\" content=\"https:\/\/reihey.com\/de\/product\/6oz-tea-glasses-with-handle\/\" \/>\n<meta property=\"og:site_name\" content=\"Reihey Glass\" \/>\n<meta property=\"article:modified_time\" content=\"2025-10-28T12:13:20+00:00\" \/>\n<meta property=\"og:image\" content=\"https:\/\/reihey.com\/wp-content\/uploads\/2025\/08\/1-123.jpg\" \/>\n\t<meta property=\"og:image:width\" content=\"750\" \/>\n\t<meta property=\"og:image:height\" content=\"750\" \/>\n\t<meta property=\"og:image:type\" content=\"image\/jpeg\" \/>\n<meta name=\"twitter:card\" content=\"summary_large_image\" \/>\n<meta name=\"twitter:label1\" content=\"Est. reading time\" \/>\n\t<meta name=\"twitter:data1\" content=\"1\u00a0Minute\" \/>\n<script type=\"application\/ld+json\" class=\"yoast-schema-graph\">{\"@context\":\"https:\/\/schema.org\",\"@graph\":[{\"@type\":\"WebPage\",\"@id\":\"https:\/\/reihey.com\/product\/6oz-tea-glasses-with-handle\/\",\"url\":\"https:\/\/reihey.com\/product\/6oz-tea-glasses-with-handle\/\",\"name\":\"6oz Tea Glasses with Handle - Reihey Glass\",\"isPartOf\":{\"@id\":\"https:\/\/reihey.com\/#website\"},\"primaryImageOfPage\":{\"@id\":\"https:\/\/reihey.com\/product\/6oz-tea-glasses-with-handle\/#primaryimage\"},\"image\":{\"@id\":\"https:\/\/reihey.com\/product\/6oz-tea-glasses-with-handle\/#primaryimage\"},\"thumbnailUrl\":\"https:\/\/reihey.com\/wp-content\/uploads\/2025\/08\/1-123.jpg\",\"datePublished\":\"2025-08-27T11:17:56+00:00\",\"dateModified\":\"2025-10-28T12:13:20+00:00\",\"breadcrumb\":{\"@id\":\"https:\/\/reihey.com\/product\/6oz-tea-glasses-with-handle\/#breadcrumb\"},\"inLanguage\":\"de\",\"potentialAction\":[{\"@type\":\"ReadAction\",\"target\":[\"https:\/\/reihey.com\/product\/6oz-tea-glasses-with-handle\/\"]}]},{\"@type\":\"ImageObject\",\"inLanguage\":\"de\",\"@id\":\"https:\/\/reihey.com\/product\/6oz-tea-glasses-with-handle\/#primaryimage\",\"url\":\"https:\/\/reihey.com\/wp-content\/uploads\/2025\/08\/1-123.jpg\",\"contentUrl\":\"https:\/\/reihey.com\/wp-content\/uploads\/2025\/08\/1-123.jpg\",\"width\":750,\"height\":750},{\"@type\":\"BreadcrumbList\",\"@id\":\"https:\/\/reihey.com\/product\/6oz-tea-glasses-with-handle\/#breadcrumb\",\"itemListElement\":[{\"@type\":\"ListItem\",\"position\":1,\"name\":\"Home\",\"item\":\"https:\/\/reihey.com\/\"},{\"@type\":\"ListItem\",\"position\":2,\"name\":\"Shop\",\"item\":\"https:\/\/reihey.com\/shop\/\"},{\"@type\":\"ListItem\",\"position\":3,\"name\":\"6oz Tea Glasses with Handle\"}]},{\"@type\":\"WebSite\",\"@id\":\"https:\/\/reihey.com\/#website\",\"url\":\"https:\/\/reihey.com\/\",\"name\":\"Reihey Glass\",\"description\":\"\",\"publisher\":{\"@id\":\"https:\/\/reihey.com\/#organization\"},\"potentialAction\":[{\"@type\":\"SearchAction\",\"target\":{\"@type\":\"EntryPoint\",\"urlTemplate\":\"https:\/\/reihey.com\/?s={search_term_string}\"},\"query-input\":{\"@type\":\"PropertyValueSpecification\",\"valueRequired\":true,\"valueName\":\"search_term_string\"}}],\"inLanguage\":\"de\"},{\"@type\":\"Organization\",\"@id\":\"https:\/\/reihey.com\/#organization\",\"name\":\"Reihey Glass\",\"url\":\"https:\/\/reihey.com\/\",\"logo\":{\"@type\":\"ImageObject\",\"inLanguage\":\"de\",\"@id\":\"https:\/\/reihey.com\/#\/schema\/logo\/image\/\",\"url\":\"https:\/\/reihey.com\/wp-content\/uploads\/2023\/07\/Reihey-logo-2026.svg\",\"contentUrl\":\"https:\/\/reihey.com\/wp-content\/uploads\/2023\/07\/Reihey-logo-2026.svg\",\"width\":1984,\"height\":566,\"caption\":\"Reihey Glass\"},\"image\":{\"@id\":\"https:\/\/reihey.com\/#\/schema\/logo\/image\/\"}}]}<\/script>\n<!-- \/ Yoast SEO plugin. -->","yoast_head_json":{"title":"6oz Teegl\u00e4ser mit Henkel - Reihey Glass","robots":{"index":"index","follow":"follow","max-snippet":"max-snippet:-1","max-image-preview":"max-image-preview:large","max-video-preview":"max-video-preview:-1"},"canonical":"https:\/\/reihey.com\/de\/product\/6oz-tea-glasses-with-handle\/","og_locale":"de_DE","og_type":"article","og_title":"6oz Tea Glasses with Handle - Reihey Glass","og_description":"Name    Material    Capacity    Color    Size    Usage    Packing          Tea Glasses    Glass    7oz    Transparent    94*54mm    Tea    1. Standard export carton--Xpcs\/box, Ybox\/carton.                                  2. Custom pack: white box with your LOGO. Color gift box with your logo                  Name    Tea Glasses          Material    Glass          Capacity    7oz          Color    Transparent          Size    94*54mm          Usage    Tea          Packing         1. Standard export carton--Xpcs\/box, Ybox\/carton.     2. Custom pack: white box with your LOGO. Color gift box with your logo            These glass cups can be used for coffee and tea, hot chocolate, iced coffee, cappuccino, latte, espresso, cortado and more. Suitable for every hot or cold drinks. Made of premium quality materials, these coffee and tea cups have been designed and manufactured for regular everyday use. Features reinforced rim, sturdy design and perfectly balanced proportions. Very sturdy and able to withstand high temperature glass cups. Lead Free Glass. Microwave and Dishwasher Safe.","og_url":"https:\/\/reihey.com\/de\/product\/6oz-tea-glasses-with-handle\/","og_site_name":"Reihey Glass","article_modified_time":"2025-10-28T12:13:20+00:00","og_image":[{"width":750,"height":750,"url":"https:\/\/reihey.com\/wp-content\/uploads\/2025\/08\/1-123.jpg","type":"image\/jpeg"}],"twitter_card":"summary_large_image","twitter_misc":{"Est. reading time":"1\u00a0Minute"},"schema":{"@context":"https:\/\/schema.org","@graph":[{"@type":"WebPage","@id":"https:\/\/reihey.com\/product\/6oz-tea-glasses-with-handle\/","url":"https:\/\/reihey.com\/product\/6oz-tea-glasses-with-handle\/","name":"6oz Teegl\u00e4ser mit Henkel - Reihey Glass","isPartOf":{"@id":"https:\/\/reihey.com\/#website"},"primaryImageOfPage":{"@id":"https:\/\/reihey.com\/product\/6oz-tea-glasses-with-handle\/#primaryimage"},"image":{"@id":"https:\/\/reihey.com\/product\/6oz-tea-glasses-with-handle\/#primaryimage"},"thumbnailUrl":"https:\/\/reihey.com\/wp-content\/uploads\/2025\/08\/1-123.jpg","datePublished":"2025-08-27T11:17:56+00:00","dateModified":"2025-10-28T12:13:20+00:00","breadcrumb":{"@id":"https:\/\/reihey.com\/product\/6oz-tea-glasses-with-handle\/#breadcrumb"},"inLanguage":"de","potentialAction":[{"@type":"ReadAction","target":["https:\/\/reihey.com\/product\/6oz-tea-glasses-with-handle\/"]}]},{"@type":"ImageObject","inLanguage":"de","@id":"https:\/\/reihey.com\/product\/6oz-tea-glasses-with-handle\/#primaryimage","url":"https:\/\/reihey.com\/wp-content\/uploads\/2025\/08\/1-123.jpg","contentUrl":"https:\/\/reihey.com\/wp-content\/uploads\/2025\/08\/1-123.jpg","width":750,"height":750},{"@type":"BreadcrumbList","@id":"https:\/\/reihey.com\/product\/6oz-tea-glasses-with-handle\/#breadcrumb","itemListElement":[{"@type":"ListItem","position":1,"name":"Home","item":"https:\/\/reihey.com\/"},{"@type":"ListItem","position":2,"name":"Shop","item":"https:\/\/reihey.com\/shop\/"},{"@type":"ListItem","position":3,"name":"6oz Tea Glasses with Handle"}]},{"@type":"WebSite","@id":"https:\/\/reihey.com\/#website","url":"https:\/\/reihey.com\/","name":"Reihey Glas","description":"","publisher":{"@id":"https:\/\/reihey.com\/#organization"},"potentialAction":[{"@type":"SearchAction","target":{"@type":"EntryPoint","urlTemplate":"https:\/\/reihey.com\/?s={search_term_string}"},"query-input":{"@type":"PropertyValueSpecification","valueRequired":true,"valueName":"search_term_string"}}],"inLanguage":"de"},{"@type":"Organization","@id":"https:\/\/reihey.com\/#organization","name":"Reihey Glas","url":"https:\/\/reihey.com\/","logo":{"@type":"ImageObject","inLanguage":"de","@id":"https:\/\/reihey.com\/#\/schema\/logo\/image\/","url":"https:\/\/reihey.com\/wp-content\/uploads\/2023\/07\/Reihey-logo-2026.svg","contentUrl":"https:\/\/reihey.com\/wp-content\/uploads\/2023\/07\/Reihey-logo-2026.svg","width":1984,"height":566,"caption":"Reihey Glass"},"image":{"@id":"https:\/\/reihey.com\/#\/schema\/logo\/image\/"}}]}},"_links":{"self":[{"href":"https:\/\/reihey.com\/de\/wp-json\/wp\/v2\/product\/10203","targetHints":{"allow":["GET"]}}],"collection":[{"href":"https:\/\/reihey.com\/de\/wp-json\/wp\/v2\/product"}],"about":[{"href":"https:\/\/reihey.com\/de\/wp-json\/wp\/v2\/types\/product"}],"replies":[{"embeddable":true,"href":"https:\/\/reihey.com\/de\/wp-json\/wp\/v2\/comments?post=10203"}],"version-history":[{"count":3,"href":"https:\/\/reihey.com\/de\/wp-json\/wp\/v2\/product\/10203\/revisions"}],"predecessor-version":[{"id":997887,"href":"https:\/\/reihey.com\/de\/wp-json\/wp\/v2\/product\/10203\/revisions\/997887"}],"wp:featuredmedia":[{"embeddable":true,"href":"https:\/\/reihey.com\/de\/wp-json\/wp\/v2\/media\/992492"}],"wp:attachment":[{"href":"https:\/\/reihey.com\/de\/wp-json\/wp\/v2\/media?parent=10203"}],"wp:term":[{"taxonomy":"product_brand","embeddable":true,"href":"https:\/\/reihey.com\/de\/wp-json\/wp\/v2\/product_brand?post=10203"},{"taxonomy":"product_cat","embeddable":true,"href":"https:\/\/reihey.com\/de\/wp-json\/wp\/v2\/product_cat?post=10203"},{"taxonomy":"product_tag","embeddable":true,"href":"https:\/\/reihey.com\/de\/wp-json\/wp\/v2\/product_tag?post=10203"}],"curies":[{"name":"wp","href":"https:\/\/api.w.org\/{rel}","templated":true}]}}