{"id":10167,"date":"2025-08-27T11:17:34","date_gmt":"2025-08-27T11:17:34","guid":{"rendered":"https:\/\/slot71.silverline.dev\/?post_type=product&#038;p=10167"},"modified":"2025-10-28T12:13:12","modified_gmt":"2025-10-28T12:13:12","slug":"5ml-100ml-frosted-amber-glass-lotion-bottles-with-pump-dispenser","status":"publish","type":"product","link":"https:\/\/reihey.com\/de\/product\/5ml-100ml-frosted-amber-glass-lotion-bottles-with-pump-dispenser\/","title":{"rendered":"5ml-100ml mattiertes Bernsteinglas-Lotionflaschen mit Pumpenspender"},"content":{"rendered":"","protected":false},"excerpt":{"rendered":"<table class=\"desk-tab\">\n<tbody>\n<tr>\n<th>Material<\/th>\n<th>Farbe<\/th>\n<th>Kapazit\u00e4t<\/th>\n<th>Deckel<\/th>\n<th>Verwendung<\/th>\n<\/tr>\n<tr>\n<td>Glas<\/td>\n<td>Geh Hodg<\/td>\n<td>5ml<\/td>\n<td>Kunststoff<\/td>\n<td>Hautpflege-Verpackung<\/td>\n<\/tr>\n<tr>\n<td><\/td>\n<td>Bernstein<\/td>\n<td>10 ml<\/td>\n<td><\/td>\n<td><\/td>\n<\/tr>\n<tr>\n<td><\/td>\n<td><\/td>\n<td>15ml<\/td>\n<td><\/td>\n<td><\/td>\n<\/tr>\n<tr>\n<td><\/td>\n<td><\/td>\n<td>20 ml<\/td>\n<td><\/td>\n<td><\/td>\n<\/tr>\n<tr>\n<td><\/td>\n<td><\/td>\n<td>30 ml<\/td>\n<td><\/td>\n<td><\/td>\n<\/tr>\n<tr>\n<td><\/td>\n<td><\/td>\n<td>50ml<\/td>\n<td><\/td>\n<td><\/td>\n<\/tr>\n<tr>\n<td><\/td>\n<td><\/td>\n<td>100ml<\/td>\n<td><\/td>\n<td><\/td>\n<\/tr>\n<\/tbody>\n<\/table>\n<table class=\"mob-tab\">\n<tbody>\n<tr>\n<th>Material<\/th>\n<td>Glas<\/td>\n<\/tr>\n<tr>\n<th>Farbe<\/th>\n<td>Geh Hodg<br \/>\nBernstein<\/td>\n<\/tr>\n<tr>\n<th>Kapazit\u00e4t<\/th>\n<td>5ml<br \/>\n10 ml<br \/>\n15ml<br \/>\n20 ml<br \/>\n30 ml<br \/>\n50ml<br \/>\n100ml<\/td>\n<\/tr>\n<tr>\n<th>Deckel<\/th>\n<td>Kunststoff<\/td>\n<\/tr>\n<tr>\n<th>Verwendung<\/th>\n<td>Hautpflege-Verpackung<\/td>\n<\/tr>\n<\/tbody>\n<\/table>\n<p>Das Design des Pumpkopfs sorgt f\u00fcr eine glatte und gleichm\u00e4\u00dfige Abgabe der Lotion. Einfach zu f\u00fcllen und zu reinigen, der Deckel l\u00e4sst sich sperren, ohne zu verstopfen, geruchlos, kein Leckage-Risiko. Perfekt f\u00fcr Make-up-Dispenser, Lotion\/Cremes\/\u00e4therische \u00d6le\/Shampoo, Hautcremes usw. geeignet f\u00fcr Reisen oder Camping oder andere Outdoor-Aktivit\u00e4ten. Leicht in Ihre Tasche zu stecken, sehr praktisch zum \u00dcberalltragen<\/p>","protected":false},"featured_media":992469,"comment_status":"closed","ping_status":"closed","template":"","meta":{"_acf_changed":false},"product_brand":[],"product_cat":[613,611,627],"product_tag":[],"class_list":{"0":"post-10167","1":"product","2":"type-product","3":"status-publish","4":"has-post-thumbnail","6":"product_cat-beauty","7":"product_cat-glass-bottle-manufacturer","8":"product_cat-wholesale-glass-lotion-bottle","10":"first","11":"instock","12":"shipping-taxable","13":"product-type-simple"},"acf":[],"yoast_head":"<!-- This site is optimized with the Yoast SEO plugin v26.7 - https:\/\/yoast.com\/wordpress\/plugins\/seo\/ -->\n<title>5ml-100ml frosted amber glass lotion bottles with pump dispenser - Reihey Glass<\/title>\n<meta name=\"robots\" content=\"index, follow, max-snippet:-1, max-image-preview:large, max-video-preview:-1\" \/>\n<link rel=\"canonical\" href=\"https:\/\/reihey.com\/de\/product\/5ml-100ml-frosted-amber-glass-lotion-bottles-with-pump-dispenser\/\" \/>\n<meta property=\"og:locale\" content=\"de_DE\" \/>\n<meta property=\"og:type\" content=\"article\" \/>\n<meta property=\"og:title\" content=\"5ml-100ml frosted amber glass lotion bottles with pump dispenser - Reihey Glass\" \/>\n<meta property=\"og:description\" content=\"Material Color Capacity Lid Usage   Glass Frosted 5ml Plastic Skin Care Packaging    Amber 10ml       15ml       20ml       30ml       50ml       100ml         Material Glass   Color Frosted Amber   Capacity 5ml 10ml 15ml 20ml 30ml 50ml 100ml   Lid Plastic   Usage Skin Care Packaging    The design of pressure pump head makes it smooth and uniform to discharge the lotion. Easy to fill and clean, the cap can be locked without clogging, no odor, no need to worry about leak-off. Perfect for makeup dispenser, lotion\/cream\/essential oil\/ shampoo, skin creams and etc. suit for traveling or camping or other outside.easy to put it in your pouch,very convenient to carry everywhere\" \/>\n<meta property=\"og:url\" content=\"https:\/\/reihey.com\/de\/product\/5ml-100ml-frosted-amber-glass-lotion-bottles-with-pump-dispenser\/\" \/>\n<meta property=\"og:site_name\" content=\"Reihey Glass\" \/>\n<meta property=\"article:modified_time\" content=\"2025-10-28T12:13:12+00:00\" \/>\n<meta property=\"og:image\" content=\"https:\/\/reihey.com\/wp-content\/uploads\/2025\/08\/\u4e3b\u56fe-04_\u526f\u672c-9.jpg\" \/>\n\t<meta property=\"og:image:width\" content=\"816\" \/>\n\t<meta property=\"og:image:height\" content=\"816\" \/>\n\t<meta property=\"og:image:type\" content=\"image\/jpeg\" \/>\n<meta name=\"twitter:card\" content=\"summary_large_image\" \/>\n<meta name=\"twitter:label1\" content=\"Est. reading time\" \/>\n\t<meta name=\"twitter:data1\" content=\"1\u00a0Minute\" \/>\n<script type=\"application\/ld+json\" class=\"yoast-schema-graph\">{\"@context\":\"https:\/\/schema.org\",\"@graph\":[{\"@type\":\"WebPage\",\"@id\":\"https:\/\/reihey.com\/product\/5ml-100ml-frosted-amber-glass-lotion-bottles-with-pump-dispenser\/\",\"url\":\"https:\/\/reihey.com\/product\/5ml-100ml-frosted-amber-glass-lotion-bottles-with-pump-dispenser\/\",\"name\":\"5ml-100ml frosted amber glass lotion bottles with pump dispenser - Reihey Glass\",\"isPartOf\":{\"@id\":\"https:\/\/reihey.com\/#website\"},\"primaryImageOfPage\":{\"@id\":\"https:\/\/reihey.com\/product\/5ml-100ml-frosted-amber-glass-lotion-bottles-with-pump-dispenser\/#primaryimage\"},\"image\":{\"@id\":\"https:\/\/reihey.com\/product\/5ml-100ml-frosted-amber-glass-lotion-bottles-with-pump-dispenser\/#primaryimage\"},\"thumbnailUrl\":\"https:\/\/reihey.com\/wp-content\/uploads\/2025\/08\/\u4e3b\u56fe-04_\u526f\u672c-9.jpg\",\"datePublished\":\"2025-08-27T11:17:34+00:00\",\"dateModified\":\"2025-10-28T12:13:12+00:00\",\"breadcrumb\":{\"@id\":\"https:\/\/reihey.com\/product\/5ml-100ml-frosted-amber-glass-lotion-bottles-with-pump-dispenser\/#breadcrumb\"},\"inLanguage\":\"de\",\"potentialAction\":[{\"@type\":\"ReadAction\",\"target\":[\"https:\/\/reihey.com\/product\/5ml-100ml-frosted-amber-glass-lotion-bottles-with-pump-dispenser\/\"]}]},{\"@type\":\"ImageObject\",\"inLanguage\":\"de\",\"@id\":\"https:\/\/reihey.com\/product\/5ml-100ml-frosted-amber-glass-lotion-bottles-with-pump-dispenser\/#primaryimage\",\"url\":\"https:\/\/reihey.com\/wp-content\/uploads\/2025\/08\/\u4e3b\u56fe-04_\u526f\u672c-9.jpg\",\"contentUrl\":\"https:\/\/reihey.com\/wp-content\/uploads\/2025\/08\/\u4e3b\u56fe-04_\u526f\u672c-9.jpg\",\"width\":816,\"height\":816},{\"@type\":\"BreadcrumbList\",\"@id\":\"https:\/\/reihey.com\/product\/5ml-100ml-frosted-amber-glass-lotion-bottles-with-pump-dispenser\/#breadcrumb\",\"itemListElement\":[{\"@type\":\"ListItem\",\"position\":1,\"name\":\"Home\",\"item\":\"https:\/\/reihey.com\/\"},{\"@type\":\"ListItem\",\"position\":2,\"name\":\"Shop\",\"item\":\"https:\/\/reihey.com\/shop\/\"},{\"@type\":\"ListItem\",\"position\":3,\"name\":\"5ml-100ml frosted amber glass lotion bottles with pump dispenser\"}]},{\"@type\":\"WebSite\",\"@id\":\"https:\/\/reihey.com\/#website\",\"url\":\"https:\/\/reihey.com\/\",\"name\":\"Reihey Glass\",\"description\":\"\",\"publisher\":{\"@id\":\"https:\/\/reihey.com\/#organization\"},\"potentialAction\":[{\"@type\":\"SearchAction\",\"target\":{\"@type\":\"EntryPoint\",\"urlTemplate\":\"https:\/\/reihey.com\/?s={search_term_string}\"},\"query-input\":{\"@type\":\"PropertyValueSpecification\",\"valueRequired\":true,\"valueName\":\"search_term_string\"}}],\"inLanguage\":\"de\"},{\"@type\":\"Organization\",\"@id\":\"https:\/\/reihey.com\/#organization\",\"name\":\"Reihey Glass\",\"url\":\"https:\/\/reihey.com\/\",\"logo\":{\"@type\":\"ImageObject\",\"inLanguage\":\"de\",\"@id\":\"https:\/\/reihey.com\/#\/schema\/logo\/image\/\",\"url\":\"https:\/\/reihey.com\/wp-content\/uploads\/2023\/07\/Reihey-logo-2026.svg\",\"contentUrl\":\"https:\/\/reihey.com\/wp-content\/uploads\/2023\/07\/Reihey-logo-2026.svg\",\"width\":1984,\"height\":566,\"caption\":\"Reihey Glass\"},\"image\":{\"@id\":\"https:\/\/reihey.com\/#\/schema\/logo\/image\/\"}}]}<\/script>\n<!-- \/ Yoast SEO plugin. -->","yoast_head_json":{"title":"5ml-100ml get\u00f6nte bernsteinfarbene Glas-Lotion-Flaschen mit Pumpenspender - Reihey Glass","robots":{"index":"index","follow":"follow","max-snippet":"max-snippet:-1","max-image-preview":"max-image-preview:large","max-video-preview":"max-video-preview:-1"},"canonical":"https:\/\/reihey.com\/de\/product\/5ml-100ml-frosted-amber-glass-lotion-bottles-with-pump-dispenser\/","og_locale":"de_DE","og_type":"article","og_title":"5ml-100ml frosted amber glass lotion bottles with pump dispenser - Reihey Glass","og_description":"Material Color Capacity Lid Usage   Glass Frosted 5ml Plastic Skin Care Packaging    Amber 10ml       15ml       20ml       30ml       50ml       100ml         Material Glass   Color Frosted Amber   Capacity 5ml 10ml 15ml 20ml 30ml 50ml 100ml   Lid Plastic   Usage Skin Care Packaging    The design of pressure pump head makes it smooth and uniform to discharge the lotion. Easy to fill and clean, the cap can be locked without clogging, no odor, no need to worry about leak-off. Perfect for makeup dispenser, lotion\/cream\/essential oil\/ shampoo, skin creams and etc. suit for traveling or camping or other outside.easy to put it in your pouch,very convenient to carry everywhere","og_url":"https:\/\/reihey.com\/de\/product\/5ml-100ml-frosted-amber-glass-lotion-bottles-with-pump-dispenser\/","og_site_name":"Reihey Glass","article_modified_time":"2025-10-28T12:13:12+00:00","og_image":[{"width":816,"height":816,"url":"https:\/\/reihey.com\/wp-content\/uploads\/2025\/08\/\u4e3b\u56fe-04_\u526f\u672c-9.jpg","type":"image\/jpeg"}],"twitter_card":"summary_large_image","twitter_misc":{"Est. reading time":"1\u00a0Minute"},"schema":{"@context":"https:\/\/schema.org","@graph":[{"@type":"WebPage","@id":"https:\/\/reihey.com\/product\/5ml-100ml-frosted-amber-glass-lotion-bottles-with-pump-dispenser\/","url":"https:\/\/reihey.com\/product\/5ml-100ml-frosted-amber-glass-lotion-bottles-with-pump-dispenser\/","name":"5ml-100ml get\u00f6nte bernsteinfarbene Glas-Lotion-Flaschen mit Pumpenspender - Reihey Glass","isPartOf":{"@id":"https:\/\/reihey.com\/#website"},"primaryImageOfPage":{"@id":"https:\/\/reihey.com\/product\/5ml-100ml-frosted-amber-glass-lotion-bottles-with-pump-dispenser\/#primaryimage"},"image":{"@id":"https:\/\/reihey.com\/product\/5ml-100ml-frosted-amber-glass-lotion-bottles-with-pump-dispenser\/#primaryimage"},"thumbnailUrl":"https:\/\/reihey.com\/wp-content\/uploads\/2025\/08\/\u4e3b\u56fe-04_\u526f\u672c-9.jpg","datePublished":"2025-08-27T11:17:34+00:00","dateModified":"2025-10-28T12:13:12+00:00","breadcrumb":{"@id":"https:\/\/reihey.com\/product\/5ml-100ml-frosted-amber-glass-lotion-bottles-with-pump-dispenser\/#breadcrumb"},"inLanguage":"de","potentialAction":[{"@type":"ReadAction","target":["https:\/\/reihey.com\/product\/5ml-100ml-frosted-amber-glass-lotion-bottles-with-pump-dispenser\/"]}]},{"@type":"ImageObject","inLanguage":"de","@id":"https:\/\/reihey.com\/product\/5ml-100ml-frosted-amber-glass-lotion-bottles-with-pump-dispenser\/#primaryimage","url":"https:\/\/reihey.com\/wp-content\/uploads\/2025\/08\/\u4e3b\u56fe-04_\u526f\u672c-9.jpg","contentUrl":"https:\/\/reihey.com\/wp-content\/uploads\/2025\/08\/\u4e3b\u56fe-04_\u526f\u672c-9.jpg","width":816,"height":816},{"@type":"BreadcrumbList","@id":"https:\/\/reihey.com\/product\/5ml-100ml-frosted-amber-glass-lotion-bottles-with-pump-dispenser\/#breadcrumb","itemListElement":[{"@type":"ListItem","position":1,"name":"Home","item":"https:\/\/reihey.com\/"},{"@type":"ListItem","position":2,"name":"Shop","item":"https:\/\/reihey.com\/shop\/"},{"@type":"ListItem","position":3,"name":"5ml-100ml frosted amber glass lotion bottles with pump dispenser"}]},{"@type":"WebSite","@id":"https:\/\/reihey.com\/#website","url":"https:\/\/reihey.com\/","name":"Reihey Glas","description":"","publisher":{"@id":"https:\/\/reihey.com\/#organization"},"potentialAction":[{"@type":"SearchAction","target":{"@type":"EntryPoint","urlTemplate":"https:\/\/reihey.com\/?s={search_term_string}"},"query-input":{"@type":"PropertyValueSpecification","valueRequired":true,"valueName":"search_term_string"}}],"inLanguage":"de"},{"@type":"Organization","@id":"https:\/\/reihey.com\/#organization","name":"Reihey Glas","url":"https:\/\/reihey.com\/","logo":{"@type":"ImageObject","inLanguage":"de","@id":"https:\/\/reihey.com\/#\/schema\/logo\/image\/","url":"https:\/\/reihey.com\/wp-content\/uploads\/2023\/07\/Reihey-logo-2026.svg","contentUrl":"https:\/\/reihey.com\/wp-content\/uploads\/2023\/07\/Reihey-logo-2026.svg","width":1984,"height":566,"caption":"Reihey Glass"},"image":{"@id":"https:\/\/reihey.com\/#\/schema\/logo\/image\/"}}]}},"_links":{"self":[{"href":"https:\/\/reihey.com\/de\/wp-json\/wp\/v2\/product\/10167","targetHints":{"allow":["GET"]}}],"collection":[{"href":"https:\/\/reihey.com\/de\/wp-json\/wp\/v2\/product"}],"about":[{"href":"https:\/\/reihey.com\/de\/wp-json\/wp\/v2\/types\/product"}],"replies":[{"embeddable":true,"href":"https:\/\/reihey.com\/de\/wp-json\/wp\/v2\/comments?post=10167"}],"version-history":[{"count":5,"href":"https:\/\/reihey.com\/de\/wp-json\/wp\/v2\/product\/10167\/revisions"}],"predecessor-version":[{"id":997882,"href":"https:\/\/reihey.com\/de\/wp-json\/wp\/v2\/product\/10167\/revisions\/997882"}],"wp:featuredmedia":[{"embeddable":true,"href":"https:\/\/reihey.com\/de\/wp-json\/wp\/v2\/media\/992469"}],"wp:attachment":[{"href":"https:\/\/reihey.com\/de\/wp-json\/wp\/v2\/media?parent=10167"}],"wp:term":[{"taxonomy":"product_brand","embeddable":true,"href":"https:\/\/reihey.com\/de\/wp-json\/wp\/v2\/product_brand?post=10167"},{"taxonomy":"product_cat","embeddable":true,"href":"https:\/\/reihey.com\/de\/wp-json\/wp\/v2\/product_cat?post=10167"},{"taxonomy":"product_tag","embeddable":true,"href":"https:\/\/reihey.com\/de\/wp-json\/wp\/v2\/product_tag?post=10167"}],"curies":[{"name":"wp","href":"https:\/\/api.w.org\/{rel}","templated":true}]}}